{"id":5949,"date":"2025-03-06T16:50:01","date_gmt":"2025-03-06T14:50:01","guid":{"rendered":"https:\/\/lahingupood.ee\/?post_type=product&#038;p=5949"},"modified":"2025-03-18T12:41:51","modified_gmt":"2025-03-18T10:41:51","slug":"m-pro-gen2-raadiojaama-tasku-rp1eew-elastik-100mm-eedigi","status":"publish","type":"product","link":"https:\/\/lahingupood.ee\/en\/product\/m-pro-gen2-raadiojaama-tasku-rp1eew-elastik-100mm-eedigi\/","title":{"rendered":"M-Pro GEN2 raadiojaama tasku RP1EEW elastik, 100mm EEdigi"},"content":{"rendered":"<p>Matrix Protecti GEN 2 madala profiiliga elastne 10 cm k\u00f5rgune raadiojaama tasku G2-RP1EEW on hea kombinatsioon kiirusest ja lihtsusest.<\/p>\n<p>T\u00fchjana v\u00f5tab see tasku minimaalselt ruumi.<\/p>\n<p>Tegemist on multifunktsionaalse taskuga, mis mahutab \u00fche raadiojaama v\u00f5i teisi sarnase suurusega varustuse elemente. Tasku koosneb elastsest digitr\u00fckiga ja IRR omadustega kummilindist ning takjapaneelist, mille \u00fchel poolel on pehme ja teisel poolel kare takjariie. Seet\u00f5ttu saab seda taskut kinnitada praktilisel igale varustuse k\u00fcljes olevale takjapaneelile. N\u00e4iteks plaadikandja esipaneelile, esipaneeli ja ventilatsioonipaneeli vahele, cummerbundi takjapaneeli alla, chestrigile, lahinguv\u00f6\u00f6le, admintaskule jne.<\/p>","protected":false},"excerpt":{"rendered":"<p>Matrix Protecti GEN 2 madala profiiliga elastne 10 cm k\u00f5rgune raadiojaama tasku G2-RP1EEW on hea kombinatsioon kiirusest ja lihtsusest. T\u00fchjana v\u00f5tab see tasku minimaalselt ruumi. Tegemist on multifunktsionaalse taskuga, mis mahutab \u00fche raadiojaama v\u00f5i teisi sarnase suurusega varustuse elemente. Tasku koosneb elastsest digitr\u00fckiga ja IRR omadustega kummilindist ning takjapaneelist, mille \u00fchel poolel on pehme ja [&#8230;]\n","protected":false},"featured_media":5950,"template":"","meta":[],"product_brand":[],"product_cat":[184,196],"product_tag":[],"class_list":{"0":"post-5949","1":"product","2":"type-product","3":"status-publish","4":"has-post-thumbnail","6":"product_cat-ee-digilaik-estdcu","7":"product_cat-raadiojaama-taskud","9":"first","10":"onbackorder","11":"taxable","12":"shipping-taxable","13":"purchasable","14":"product-type-simple"},"yoast_head":"<!-- This site is optimized with the Yoast SEO Premium plugin v27.3 (Yoast SEO v27.3) - https:\/\/yoast.com\/product\/yoast-seo-premium-wordpress\/ -->\n<title>M-Pro GEN2 raadiojaama tasku RP1EEW elastik, 100mm EEdigi - Lahingurada e-pood<\/title>\n<meta name=\"description\" content=\"Matrix Protecti GEN 2 madala profiiliga elastne 10 cm k\u00f5rgune raadiojaama tasku G2-RP1EEW on hea kombinatsioon kiirusest ja lihtsusest.T\u00fchjana v\u00f5tab see ta\" \/>\n<meta name=\"robots\" content=\"index, follow, max-snippet:-1, max-image-preview:large, max-video-preview:-1\" \/>\n<link rel=\"canonical\" href=\"https:\/\/lahingupood.ee\/en\/product\/m-pro-gen2-raadiojaama-tasku-rp1eew-elastik-100mm-eedigi\/\" \/>\n<meta property=\"og:locale\" content=\"en_GB\" \/>\n<meta property=\"og:type\" content=\"article\" \/>\n<meta property=\"og:title\" content=\"M-Pro GEN2 raadiojaama tasku RP1EEW elastik, 100mm EEdigi\" \/>\n<meta property=\"og:description\" content=\"Matrix Protecti GEN 2 madala profiiliga elastne 10 cm k\u00f5rgune raadiojaama tasku G2-RP1EEW on hea kombinatsioon kiirusest ja lihtsusest.T\u00fchjana v\u00f5tab see ta\" \/>\n<meta property=\"og:url\" content=\"https:\/\/lahingupood.ee\/en\/product\/m-pro-gen2-raadiojaama-tasku-rp1eew-elastik-100mm-eedigi\/\" \/>\n<meta property=\"og:site_name\" content=\"Lahingurada e-pood\" \/>\n<meta property=\"article:publisher\" content=\"https:\/\/www.facebook.com\/Lahingurada-629940247212967\" \/>\n<meta property=\"article:modified_time\" content=\"2025-03-18T10:41:51+00:00\" \/>\n<meta property=\"og:image\" content=\"https:\/\/lahingupood.ee\/wp-content\/uploads\/2022\/03\/lahingurada-220318.jpg\" \/>\n\t<meta property=\"og:image:width\" content=\"800\" \/>\n\t<meta property=\"og:image:height\" content=\"500\" \/>\n\t<meta property=\"og:image:type\" content=\"image\/jpeg\" \/>\n<meta name=\"twitter:card\" content=\"summary_large_image\" \/>\n<meta name=\"twitter:label1\" content=\"Estimated reading time\" \/>\n\t<meta name=\"twitter:data1\" content=\"1 minute\" \/>\n<script type=\"application\/ld+json\" class=\"yoast-schema-graph\">{\"@context\":\"https:\\\/\\\/schema.org\",\"@graph\":[{\"@type\":\"WebPage\",\"@id\":\"https:\\\/\\\/lahingupood.ee\\\/toode\\\/m-pro-gen2-raadiojaama-tasku-rp1eew-elastik-100mm-eedigi\\\/\",\"url\":\"https:\\\/\\\/lahingupood.ee\\\/toode\\\/m-pro-gen2-raadiojaama-tasku-rp1eew-elastik-100mm-eedigi\\\/\",\"name\":\"M-Pro GEN2 raadiojaama tasku RP1EEW elastik, 100mm EEdigi - Lahingurada e-pood\",\"isPartOf\":{\"@id\":\"https:\\\/\\\/lahingupood.ee\\\/#website\"},\"primaryImageOfPage\":{\"@id\":\"https:\\\/\\\/lahingupood.ee\\\/toode\\\/m-pro-gen2-raadiojaama-tasku-rp1eew-elastik-100mm-eedigi\\\/#primaryimage\"},\"image\":{\"@id\":\"https:\\\/\\\/lahingupood.ee\\\/toode\\\/m-pro-gen2-raadiojaama-tasku-rp1eew-elastik-100mm-eedigi\\\/#primaryimage\"},\"thumbnailUrl\":\"https:\\\/\\\/lahingupood.ee\\\/wp-content\\\/uploads\\\/2025\\\/03\\\/raadio.avif\",\"datePublished\":\"2025-03-06T14:50:01+00:00\",\"dateModified\":\"2025-03-18T10:41:51+00:00\",\"description\":\"Matrix Protecti GEN 2 madala profiiliga elastne 10 cm k\u00f5rgune raadiojaama tasku G2-RP1EEW on hea kombinatsioon kiirusest ja lihtsusest.T\u00fchjana v\u00f5tab see ta\",\"breadcrumb\":{\"@id\":\"https:\\\/\\\/lahingupood.ee\\\/toode\\\/m-pro-gen2-raadiojaama-tasku-rp1eew-elastik-100mm-eedigi\\\/#breadcrumb\"},\"inLanguage\":\"en-GB\",\"potentialAction\":[{\"@type\":\"ReadAction\",\"target\":[\"https:\\\/\\\/lahingupood.ee\\\/toode\\\/m-pro-gen2-raadiojaama-tasku-rp1eew-elastik-100mm-eedigi\\\/\"]}]},{\"@type\":\"ImageObject\",\"inLanguage\":\"en-GB\",\"@id\":\"https:\\\/\\\/lahingupood.ee\\\/toode\\\/m-pro-gen2-raadiojaama-tasku-rp1eew-elastik-100mm-eedigi\\\/#primaryimage\",\"url\":\"https:\\\/\\\/lahingupood.ee\\\/wp-content\\\/uploads\\\/2025\\\/03\\\/raadio.avif\",\"contentUrl\":\"https:\\\/\\\/lahingupood.ee\\\/wp-content\\\/uploads\\\/2025\\\/03\\\/raadio.avif\",\"width\":1080,\"height\":1080},{\"@type\":\"BreadcrumbList\",\"@id\":\"https:\\\/\\\/lahingupood.ee\\\/toode\\\/m-pro-gen2-raadiojaama-tasku-rp1eew-elastik-100mm-eedigi\\\/#breadcrumb\",\"itemListElement\":[{\"@type\":\"ListItem\",\"position\":1,\"name\":\"Home\",\"item\":\"https:\\\/\\\/lahingupood.ee\\\/\"},{\"@type\":\"ListItem\",\"position\":2,\"name\":\"Tooted\",\"item\":\"https:\\\/\\\/lahingupood.ee\\\/tooted\\\/\"},{\"@type\":\"ListItem\",\"position\":3,\"name\":\"M-Pro GEN2 raadiojaama tasku RP1EEW elastik, 100mm EEdigi\"}]},{\"@type\":\"WebSite\",\"@id\":\"https:\\\/\\\/lahingupood.ee\\\/#website\",\"url\":\"https:\\\/\\\/lahingupood.ee\\\/\",\"name\":\"Lahingurada e-pood\",\"description\":\"Airsoft\",\"publisher\":{\"@id\":\"https:\\\/\\\/lahingupood.ee\\\/#organization\"},\"potentialAction\":[{\"@type\":\"SearchAction\",\"target\":{\"@type\":\"EntryPoint\",\"urlTemplate\":\"https:\\\/\\\/lahingupood.ee\\\/?s={search_term_string}\"},\"query-input\":{\"@type\":\"PropertyValueSpecification\",\"valueRequired\":true,\"valueName\":\"search_term_string\"}}],\"inLanguage\":\"en-GB\"},{\"@type\":\"Organization\",\"@id\":\"https:\\\/\\\/lahingupood.ee\\\/#organization\",\"name\":\"Lahingurada\",\"url\":\"https:\\\/\\\/lahingupood.ee\\\/\",\"logo\":{\"@type\":\"ImageObject\",\"inLanguage\":\"en-GB\",\"@id\":\"https:\\\/\\\/lahingupood.ee\\\/#\\\/schema\\\/logo\\\/image\\\/\",\"url\":\"https:\\\/\\\/lahingupood.ee\\\/wp-content\\\/uploads\\\/2022\\\/03\\\/lahingurada-220318.jpg\",\"contentUrl\":\"https:\\\/\\\/lahingupood.ee\\\/wp-content\\\/uploads\\\/2022\\\/03\\\/lahingurada-220318.jpg\",\"width\":800,\"height\":500,\"caption\":\"Lahingurada\"},\"image\":{\"@id\":\"https:\\\/\\\/lahingupood.ee\\\/#\\\/schema\\\/logo\\\/image\\\/\"},\"sameAs\":[\"https:\\\/\\\/www.facebook.com\\\/Lahingurada-629940247212967\"]}]}<\/script>\n<!-- \/ Yoast SEO Premium plugin. -->","yoast_head_json":{"title":"M-Pro GEN2 raadiojaama tasku RP1EEW elastik, 100mm EEdigi - Lahingurada e-pood","description":"Matrix Protecti GEN 2 madala profiiliga elastne 10 cm k\u00f5rgune raadiojaama tasku G2-RP1EEW on hea kombinatsioon kiirusest ja lihtsusest.T\u00fchjana v\u00f5tab see ta","robots":{"index":"index","follow":"follow","max-snippet":"max-snippet:-1","max-image-preview":"max-image-preview:large","max-video-preview":"max-video-preview:-1"},"canonical":"https:\/\/lahingupood.ee\/en\/product\/m-pro-gen2-raadiojaama-tasku-rp1eew-elastik-100mm-eedigi\/","og_locale":"en_GB","og_type":"article","og_title":"M-Pro GEN2 raadiojaama tasku RP1EEW elastik, 100mm EEdigi","og_description":"Matrix Protecti GEN 2 madala profiiliga elastne 10 cm k\u00f5rgune raadiojaama tasku G2-RP1EEW on hea kombinatsioon kiirusest ja lihtsusest.T\u00fchjana v\u00f5tab see ta","og_url":"https:\/\/lahingupood.ee\/en\/product\/m-pro-gen2-raadiojaama-tasku-rp1eew-elastik-100mm-eedigi\/","og_site_name":"Lahingurada e-pood","article_publisher":"https:\/\/www.facebook.com\/Lahingurada-629940247212967","article_modified_time":"2025-03-18T10:41:51+00:00","og_image":[{"width":800,"height":500,"url":"https:\/\/lahingupood.ee\/wp-content\/uploads\/2022\/03\/lahingurada-220318.jpg","type":"image\/jpeg"}],"twitter_card":"summary_large_image","twitter_misc":{"Estimated reading time":"1 minute"},"schema":{"@context":"https:\/\/schema.org","@graph":[{"@type":"WebPage","@id":"https:\/\/lahingupood.ee\/toode\/m-pro-gen2-raadiojaama-tasku-rp1eew-elastik-100mm-eedigi\/","url":"https:\/\/lahingupood.ee\/toode\/m-pro-gen2-raadiojaama-tasku-rp1eew-elastik-100mm-eedigi\/","name":"M-Pro GEN2 raadiojaama tasku RP1EEW elastik, 100mm EEdigi - Lahingurada e-pood","isPartOf":{"@id":"https:\/\/lahingupood.ee\/#website"},"primaryImageOfPage":{"@id":"https:\/\/lahingupood.ee\/toode\/m-pro-gen2-raadiojaama-tasku-rp1eew-elastik-100mm-eedigi\/#primaryimage"},"image":{"@id":"https:\/\/lahingupood.ee\/toode\/m-pro-gen2-raadiojaama-tasku-rp1eew-elastik-100mm-eedigi\/#primaryimage"},"thumbnailUrl":"https:\/\/lahingupood.ee\/wp-content\/uploads\/2025\/03\/raadio.avif","datePublished":"2025-03-06T14:50:01+00:00","dateModified":"2025-03-18T10:41:51+00:00","description":"Matrix Protecti GEN 2 madala profiiliga elastne 10 cm k\u00f5rgune raadiojaama tasku G2-RP1EEW on hea kombinatsioon kiirusest ja lihtsusest.T\u00fchjana v\u00f5tab see ta","breadcrumb":{"@id":"https:\/\/lahingupood.ee\/toode\/m-pro-gen2-raadiojaama-tasku-rp1eew-elastik-100mm-eedigi\/#breadcrumb"},"inLanguage":"en-GB","potentialAction":[{"@type":"ReadAction","target":["https:\/\/lahingupood.ee\/toode\/m-pro-gen2-raadiojaama-tasku-rp1eew-elastik-100mm-eedigi\/"]}]},{"@type":"ImageObject","inLanguage":"en-GB","@id":"https:\/\/lahingupood.ee\/toode\/m-pro-gen2-raadiojaama-tasku-rp1eew-elastik-100mm-eedigi\/#primaryimage","url":"https:\/\/lahingupood.ee\/wp-content\/uploads\/2025\/03\/raadio.avif","contentUrl":"https:\/\/lahingupood.ee\/wp-content\/uploads\/2025\/03\/raadio.avif","width":1080,"height":1080},{"@type":"BreadcrumbList","@id":"https:\/\/lahingupood.ee\/toode\/m-pro-gen2-raadiojaama-tasku-rp1eew-elastik-100mm-eedigi\/#breadcrumb","itemListElement":[{"@type":"ListItem","position":1,"name":"Home","item":"https:\/\/lahingupood.ee\/"},{"@type":"ListItem","position":2,"name":"Tooted","item":"https:\/\/lahingupood.ee\/tooted\/"},{"@type":"ListItem","position":3,"name":"M-Pro GEN2 raadiojaama tasku RP1EEW elastik, 100mm EEdigi"}]},{"@type":"WebSite","@id":"https:\/\/lahingupood.ee\/#website","url":"https:\/\/lahingupood.ee\/","name":"Lahingurada e-pood","description":"Airsoft","publisher":{"@id":"https:\/\/lahingupood.ee\/#organization"},"potentialAction":[{"@type":"SearchAction","target":{"@type":"EntryPoint","urlTemplate":"https:\/\/lahingupood.ee\/?s={search_term_string}"},"query-input":{"@type":"PropertyValueSpecification","valueRequired":true,"valueName":"search_term_string"}}],"inLanguage":"en-GB"},{"@type":"Organization","@id":"https:\/\/lahingupood.ee\/#organization","name":"Lahingurada","url":"https:\/\/lahingupood.ee\/","logo":{"@type":"ImageObject","inLanguage":"en-GB","@id":"https:\/\/lahingupood.ee\/#\/schema\/logo\/image\/","url":"https:\/\/lahingupood.ee\/wp-content\/uploads\/2022\/03\/lahingurada-220318.jpg","contentUrl":"https:\/\/lahingupood.ee\/wp-content\/uploads\/2022\/03\/lahingurada-220318.jpg","width":800,"height":500,"caption":"Lahingurada"},"image":{"@id":"https:\/\/lahingupood.ee\/#\/schema\/logo\/image\/"},"sameAs":["https:\/\/www.facebook.com\/Lahingurada-629940247212967"]}]}},"_links":{"self":[{"href":"https:\/\/lahingupood.ee\/en\/wp-json\/wp\/v2\/product\/5949","targetHints":{"allow":["GET"]}}],"collection":[{"href":"https:\/\/lahingupood.ee\/en\/wp-json\/wp\/v2\/product"}],"about":[{"href":"https:\/\/lahingupood.ee\/en\/wp-json\/wp\/v2\/types\/product"}],"wp:featuredmedia":[{"embeddable":true,"href":"https:\/\/lahingupood.ee\/en\/wp-json\/wp\/v2\/media\/5950"}],"wp:attachment":[{"href":"https:\/\/lahingupood.ee\/en\/wp-json\/wp\/v2\/media?parent=5949"}],"wp:term":[{"taxonomy":"product_brand","embeddable":true,"href":"https:\/\/lahingupood.ee\/en\/wp-json\/wp\/v2\/product_brand?post=5949"},{"taxonomy":"product_cat","embeddable":true,"href":"https:\/\/lahingupood.ee\/en\/wp-json\/wp\/v2\/product_cat?post=5949"},{"taxonomy":"product_tag","embeddable":true,"href":"https:\/\/lahingupood.ee\/en\/wp-json\/wp\/v2\/product_tag?post=5949"}],"curies":[{"name":"wp","href":"https:\/\/api.w.org\/{rel}","templated":true}]}}