{"id":5824,"date":"2025-03-06T15:59:39","date_gmt":"2025-03-06T13:59:39","guid":{"rendered":"https:\/\/lahingupood.ee\/?post_type=product&#038;p=5824"},"modified":"2025-03-18T12:47:32","modified_gmt":"2025-03-18T10:47:32","slug":"m-pro-gen2-3-salve-admin-tasku-ap3mm-7-62-eedigi","status":"publish","type":"product","link":"https:\/\/lahingupood.ee\/en\/product\/m-pro-gen2-3-salve-admin-tasku-ap3mm-7-62-eedigi\/","title":{"rendered":"M-Pro GEN2 3 salve admin-tasku AP3MM 7.62, EEdigi"},"content":{"rendered":"<p>Matrix Protecti GEN2 3 salve admin-taskusse mahub kolm AR 20L jms 7.76 salve ning t\u00f5mblukuga avatavasse esitaskusse vajalik v\u00e4iksem varustus nagu kaart, kompass jms. Tasku erinevad k\u00fcljed ja esipaneel on kaetud laserl\u00f5igatud mikro-MOLLE\u2019ga, mis v\u00f5imaldab selle k\u00fclge omakorda kinnitada vajalikku lisavarustust. Tasku ise kinnitub Molle abil kas plaadikandjale, taktikalisele vestile v\u00f5i chestrigile. Salvede fikseerimiseks saab kasutada kas Matrix Protecti spetsiaalseid Kydexist paneele, mis hoiavad salvesid paigal optimaalse tugevusega v\u00f5i kummin\u00f6\u00f6ri ja tripi s\u00fcsteemi. Tootega on kaasas kummin\u00f6\u00f6ri kinnituss\u00fcsteem. Kydexist paneelid on m\u00fc\u00fcgil eraldi. Teiste tootjate Kydexist paneelid ei pruugi sobida, kuna paneelide pikkused ja laiused on erinevad. Iga salv on tihedalt oma pesas ning lisaks kinnitub pealt reguleeritava pikkusega tugevast kummin\u00f6\u00f6rist ja tripist s\u00fcsteemiga.<\/p>\n<p>Admini osa on h\u00e4sti organiseeritud, seal on kaks klapiga suletavat sisetaskut m\u00e4rkmiku v\u00f5i kaartide jaoks, kummiaasad pliiatsi ja muu tarviliku hoidmiseks. Samuti on sisetaskul veel eraldi lukuga suletav sisetasku. Admin osa on lukuga suletav ning selle klapil on stoppern\u00f6\u00f6rid, mis ei lase taskul t\u00e4ielikult avaneda. Tasku p\u00f5hja on \u00f6\u00f6s, et vesi v\u00e4lja juhtida.<\/p>","protected":false},"excerpt":{"rendered":"<p>Matrix Protecti GEN2 3 salve admin-taskusse mahub kolm AR 20L jms 7.76 salve ning t\u00f5mblukuga avatavasse esitaskusse vajalik v\u00e4iksem varustus nagu kaart, kompass jms. Tasku erinevad k\u00fcljed ja esipaneel on kaetud laserl\u00f5igatud mikro-MOLLE\u2019ga, mis v\u00f5imaldab selle k\u00fclge omakorda kinnitada vajalikku lisavarustust. Tasku ise kinnitub Molle abil kas plaadikandjale, taktikalisele vestile v\u00f5i chestrigile. Salvede fikseerimiseks saab [&#8230;]\n","protected":false},"featured_media":5825,"template":"","meta":[],"product_brand":[],"product_cat":[195,210],"product_tag":[],"class_list":{"0":"post-5824","1":"product","2":"type-product","3":"status-publish","4":"has-post-thumbnail","6":"product_cat-admin-taskud","7":"product_cat-salvetaskud-ee-digilaik-estdcu","9":"first","10":"onbackorder","11":"taxable","12":"shipping-taxable","13":"purchasable","14":"product-type-simple"},"yoast_head":"<!-- This site is optimized with the Yoast SEO Premium plugin v27.3 (Yoast SEO v27.3) - https:\/\/yoast.com\/product\/yoast-seo-premium-wordpress\/ -->\n<title>M-Pro GEN2 3 salve admin-tasku AP3MM 7.62, EEdigi - Lahingurada e-pood<\/title>\n<meta name=\"description\" content=\"Matrix Protecti GEN2 3 salve admin-taskusse mahub kolm AR 20L jms 7.76 salve ning t\u00f5mblukuga avatavasse esitaskusse vajalik v\u00e4iksem varustus nagu kaart, ko\" \/>\n<meta name=\"robots\" content=\"index, follow, max-snippet:-1, max-image-preview:large, max-video-preview:-1\" \/>\n<link rel=\"canonical\" href=\"https:\/\/lahingupood.ee\/en\/product\/m-pro-gen2-3-salve-admin-tasku-ap3mm-7-62-eedigi\/\" \/>\n<meta property=\"og:locale\" content=\"en_GB\" \/>\n<meta property=\"og:type\" content=\"article\" \/>\n<meta property=\"og:title\" content=\"M-Pro GEN2 3 salve admin-tasku AP3MM 7.62, EEdigi\" \/>\n<meta property=\"og:description\" content=\"Matrix Protecti GEN2 3 salve admin-taskusse mahub kolm AR 20L jms 7.76 salve ning t\u00f5mblukuga avatavasse esitaskusse vajalik v\u00e4iksem varustus nagu kaart, ko\" \/>\n<meta property=\"og:url\" content=\"https:\/\/lahingupood.ee\/en\/product\/m-pro-gen2-3-salve-admin-tasku-ap3mm-7-62-eedigi\/\" \/>\n<meta property=\"og:site_name\" content=\"Lahingurada e-pood\" \/>\n<meta property=\"article:publisher\" content=\"https:\/\/www.facebook.com\/Lahingurada-629940247212967\" \/>\n<meta property=\"article:modified_time\" content=\"2025-03-18T10:47:32+00:00\" \/>\n<meta property=\"og:image\" content=\"https:\/\/lahingupood.ee\/wp-content\/uploads\/2022\/03\/lahingurada-220318.jpg\" \/>\n\t<meta property=\"og:image:width\" content=\"800\" \/>\n\t<meta property=\"og:image:height\" content=\"500\" \/>\n\t<meta property=\"og:image:type\" content=\"image\/jpeg\" \/>\n<meta name=\"twitter:card\" content=\"summary_large_image\" \/>\n<meta name=\"twitter:label1\" content=\"Estimated reading time\" \/>\n\t<meta name=\"twitter:data1\" content=\"2 minutes\" \/>\n<script type=\"application\/ld+json\" class=\"yoast-schema-graph\">{\"@context\":\"https:\\\/\\\/schema.org\",\"@graph\":[{\"@type\":\"WebPage\",\"@id\":\"https:\\\/\\\/lahingupood.ee\\\/toode\\\/m-pro-gen2-3-salve-admin-tasku-ap3mm-7-62-eedigi\\\/\",\"url\":\"https:\\\/\\\/lahingupood.ee\\\/toode\\\/m-pro-gen2-3-salve-admin-tasku-ap3mm-7-62-eedigi\\\/\",\"name\":\"M-Pro GEN2 3 salve admin-tasku AP3MM 7.62, EEdigi - Lahingurada e-pood\",\"isPartOf\":{\"@id\":\"https:\\\/\\\/lahingupood.ee\\\/#website\"},\"primaryImageOfPage\":{\"@id\":\"https:\\\/\\\/lahingupood.ee\\\/toode\\\/m-pro-gen2-3-salve-admin-tasku-ap3mm-7-62-eedigi\\\/#primaryimage\"},\"image\":{\"@id\":\"https:\\\/\\\/lahingupood.ee\\\/toode\\\/m-pro-gen2-3-salve-admin-tasku-ap3mm-7-62-eedigi\\\/#primaryimage\"},\"thumbnailUrl\":\"https:\\\/\\\/lahingupood.ee\\\/wp-content\\\/uploads\\\/2025\\\/03\\\/admin.avif\",\"datePublished\":\"2025-03-06T13:59:39+00:00\",\"dateModified\":\"2025-03-18T10:47:32+00:00\",\"description\":\"Matrix Protecti GEN2 3 salve admin-taskusse mahub kolm AR 20L jms 7.76 salve ning t\u00f5mblukuga avatavasse esitaskusse vajalik v\u00e4iksem varustus nagu kaart, ko\",\"breadcrumb\":{\"@id\":\"https:\\\/\\\/lahingupood.ee\\\/toode\\\/m-pro-gen2-3-salve-admin-tasku-ap3mm-7-62-eedigi\\\/#breadcrumb\"},\"inLanguage\":\"en-GB\",\"potentialAction\":[{\"@type\":\"ReadAction\",\"target\":[\"https:\\\/\\\/lahingupood.ee\\\/toode\\\/m-pro-gen2-3-salve-admin-tasku-ap3mm-7-62-eedigi\\\/\"]}]},{\"@type\":\"ImageObject\",\"inLanguage\":\"en-GB\",\"@id\":\"https:\\\/\\\/lahingupood.ee\\\/toode\\\/m-pro-gen2-3-salve-admin-tasku-ap3mm-7-62-eedigi\\\/#primaryimage\",\"url\":\"https:\\\/\\\/lahingupood.ee\\\/wp-content\\\/uploads\\\/2025\\\/03\\\/admin.avif\",\"contentUrl\":\"https:\\\/\\\/lahingupood.ee\\\/wp-content\\\/uploads\\\/2025\\\/03\\\/admin.avif\",\"width\":1080,\"height\":1080},{\"@type\":\"BreadcrumbList\",\"@id\":\"https:\\\/\\\/lahingupood.ee\\\/toode\\\/m-pro-gen2-3-salve-admin-tasku-ap3mm-7-62-eedigi\\\/#breadcrumb\",\"itemListElement\":[{\"@type\":\"ListItem\",\"position\":1,\"name\":\"Home\",\"item\":\"https:\\\/\\\/lahingupood.ee\\\/\"},{\"@type\":\"ListItem\",\"position\":2,\"name\":\"Tooted\",\"item\":\"https:\\\/\\\/lahingupood.ee\\\/tooted\\\/\"},{\"@type\":\"ListItem\",\"position\":3,\"name\":\"M-Pro GEN2 3 salve admin-tasku AP3MM 7.62, EEdigi\"}]},{\"@type\":\"WebSite\",\"@id\":\"https:\\\/\\\/lahingupood.ee\\\/#website\",\"url\":\"https:\\\/\\\/lahingupood.ee\\\/\",\"name\":\"Lahingurada e-pood\",\"description\":\"Airsoft\",\"publisher\":{\"@id\":\"https:\\\/\\\/lahingupood.ee\\\/#organization\"},\"potentialAction\":[{\"@type\":\"SearchAction\",\"target\":{\"@type\":\"EntryPoint\",\"urlTemplate\":\"https:\\\/\\\/lahingupood.ee\\\/?s={search_term_string}\"},\"query-input\":{\"@type\":\"PropertyValueSpecification\",\"valueRequired\":true,\"valueName\":\"search_term_string\"}}],\"inLanguage\":\"en-GB\"},{\"@type\":\"Organization\",\"@id\":\"https:\\\/\\\/lahingupood.ee\\\/#organization\",\"name\":\"Lahingurada\",\"url\":\"https:\\\/\\\/lahingupood.ee\\\/\",\"logo\":{\"@type\":\"ImageObject\",\"inLanguage\":\"en-GB\",\"@id\":\"https:\\\/\\\/lahingupood.ee\\\/#\\\/schema\\\/logo\\\/image\\\/\",\"url\":\"https:\\\/\\\/lahingupood.ee\\\/wp-content\\\/uploads\\\/2022\\\/03\\\/lahingurada-220318.jpg\",\"contentUrl\":\"https:\\\/\\\/lahingupood.ee\\\/wp-content\\\/uploads\\\/2022\\\/03\\\/lahingurada-220318.jpg\",\"width\":800,\"height\":500,\"caption\":\"Lahingurada\"},\"image\":{\"@id\":\"https:\\\/\\\/lahingupood.ee\\\/#\\\/schema\\\/logo\\\/image\\\/\"},\"sameAs\":[\"https:\\\/\\\/www.facebook.com\\\/Lahingurada-629940247212967\"]}]}<\/script>\n<!-- \/ Yoast SEO Premium plugin. -->","yoast_head_json":{"title":"M-Pro GEN2 3 salve admin-tasku AP3MM 7.62, EEdigi - Lahingurada e-pood","description":"Matrix Protecti GEN2 3 salve admin-taskusse mahub kolm AR 20L jms 7.76 salve ning t\u00f5mblukuga avatavasse esitaskusse vajalik v\u00e4iksem varustus nagu kaart, ko","robots":{"index":"index","follow":"follow","max-snippet":"max-snippet:-1","max-image-preview":"max-image-preview:large","max-video-preview":"max-video-preview:-1"},"canonical":"https:\/\/lahingupood.ee\/en\/product\/m-pro-gen2-3-salve-admin-tasku-ap3mm-7-62-eedigi\/","og_locale":"en_GB","og_type":"article","og_title":"M-Pro GEN2 3 salve admin-tasku AP3MM 7.62, EEdigi","og_description":"Matrix Protecti GEN2 3 salve admin-taskusse mahub kolm AR 20L jms 7.76 salve ning t\u00f5mblukuga avatavasse esitaskusse vajalik v\u00e4iksem varustus nagu kaart, ko","og_url":"https:\/\/lahingupood.ee\/en\/product\/m-pro-gen2-3-salve-admin-tasku-ap3mm-7-62-eedigi\/","og_site_name":"Lahingurada e-pood","article_publisher":"https:\/\/www.facebook.com\/Lahingurada-629940247212967","article_modified_time":"2025-03-18T10:47:32+00:00","og_image":[{"width":800,"height":500,"url":"https:\/\/lahingupood.ee\/wp-content\/uploads\/2022\/03\/lahingurada-220318.jpg","type":"image\/jpeg"}],"twitter_card":"summary_large_image","twitter_misc":{"Estimated reading time":"2 minutes"},"schema":{"@context":"https:\/\/schema.org","@graph":[{"@type":"WebPage","@id":"https:\/\/lahingupood.ee\/toode\/m-pro-gen2-3-salve-admin-tasku-ap3mm-7-62-eedigi\/","url":"https:\/\/lahingupood.ee\/toode\/m-pro-gen2-3-salve-admin-tasku-ap3mm-7-62-eedigi\/","name":"M-Pro GEN2 3 salve admin-tasku AP3MM 7.62, EEdigi - Lahingurada e-pood","isPartOf":{"@id":"https:\/\/lahingupood.ee\/#website"},"primaryImageOfPage":{"@id":"https:\/\/lahingupood.ee\/toode\/m-pro-gen2-3-salve-admin-tasku-ap3mm-7-62-eedigi\/#primaryimage"},"image":{"@id":"https:\/\/lahingupood.ee\/toode\/m-pro-gen2-3-salve-admin-tasku-ap3mm-7-62-eedigi\/#primaryimage"},"thumbnailUrl":"https:\/\/lahingupood.ee\/wp-content\/uploads\/2025\/03\/admin.avif","datePublished":"2025-03-06T13:59:39+00:00","dateModified":"2025-03-18T10:47:32+00:00","description":"Matrix Protecti GEN2 3 salve admin-taskusse mahub kolm AR 20L jms 7.76 salve ning t\u00f5mblukuga avatavasse esitaskusse vajalik v\u00e4iksem varustus nagu kaart, ko","breadcrumb":{"@id":"https:\/\/lahingupood.ee\/toode\/m-pro-gen2-3-salve-admin-tasku-ap3mm-7-62-eedigi\/#breadcrumb"},"inLanguage":"en-GB","potentialAction":[{"@type":"ReadAction","target":["https:\/\/lahingupood.ee\/toode\/m-pro-gen2-3-salve-admin-tasku-ap3mm-7-62-eedigi\/"]}]},{"@type":"ImageObject","inLanguage":"en-GB","@id":"https:\/\/lahingupood.ee\/toode\/m-pro-gen2-3-salve-admin-tasku-ap3mm-7-62-eedigi\/#primaryimage","url":"https:\/\/lahingupood.ee\/wp-content\/uploads\/2025\/03\/admin.avif","contentUrl":"https:\/\/lahingupood.ee\/wp-content\/uploads\/2025\/03\/admin.avif","width":1080,"height":1080},{"@type":"BreadcrumbList","@id":"https:\/\/lahingupood.ee\/toode\/m-pro-gen2-3-salve-admin-tasku-ap3mm-7-62-eedigi\/#breadcrumb","itemListElement":[{"@type":"ListItem","position":1,"name":"Home","item":"https:\/\/lahingupood.ee\/"},{"@type":"ListItem","position":2,"name":"Tooted","item":"https:\/\/lahingupood.ee\/tooted\/"},{"@type":"ListItem","position":3,"name":"M-Pro GEN2 3 salve admin-tasku AP3MM 7.62, EEdigi"}]},{"@type":"WebSite","@id":"https:\/\/lahingupood.ee\/#website","url":"https:\/\/lahingupood.ee\/","name":"Lahingurada e-pood","description":"Airsoft","publisher":{"@id":"https:\/\/lahingupood.ee\/#organization"},"potentialAction":[{"@type":"SearchAction","target":{"@type":"EntryPoint","urlTemplate":"https:\/\/lahingupood.ee\/?s={search_term_string}"},"query-input":{"@type":"PropertyValueSpecification","valueRequired":true,"valueName":"search_term_string"}}],"inLanguage":"en-GB"},{"@type":"Organization","@id":"https:\/\/lahingupood.ee\/#organization","name":"Lahingurada","url":"https:\/\/lahingupood.ee\/","logo":{"@type":"ImageObject","inLanguage":"en-GB","@id":"https:\/\/lahingupood.ee\/#\/schema\/logo\/image\/","url":"https:\/\/lahingupood.ee\/wp-content\/uploads\/2022\/03\/lahingurada-220318.jpg","contentUrl":"https:\/\/lahingupood.ee\/wp-content\/uploads\/2022\/03\/lahingurada-220318.jpg","width":800,"height":500,"caption":"Lahingurada"},"image":{"@id":"https:\/\/lahingupood.ee\/#\/schema\/logo\/image\/"},"sameAs":["https:\/\/www.facebook.com\/Lahingurada-629940247212967"]}]}},"_links":{"self":[{"href":"https:\/\/lahingupood.ee\/en\/wp-json\/wp\/v2\/product\/5824","targetHints":{"allow":["GET"]}}],"collection":[{"href":"https:\/\/lahingupood.ee\/en\/wp-json\/wp\/v2\/product"}],"about":[{"href":"https:\/\/lahingupood.ee\/en\/wp-json\/wp\/v2\/types\/product"}],"wp:featuredmedia":[{"embeddable":true,"href":"https:\/\/lahingupood.ee\/en\/wp-json\/wp\/v2\/media\/5825"}],"wp:attachment":[{"href":"https:\/\/lahingupood.ee\/en\/wp-json\/wp\/v2\/media?parent=5824"}],"wp:term":[{"taxonomy":"product_brand","embeddable":true,"href":"https:\/\/lahingupood.ee\/en\/wp-json\/wp\/v2\/product_brand?post=5824"},{"taxonomy":"product_cat","embeddable":true,"href":"https:\/\/lahingupood.ee\/en\/wp-json\/wp\/v2\/product_cat?post=5824"},{"taxonomy":"product_tag","embeddable":true,"href":"https:\/\/lahingupood.ee\/en\/wp-json\/wp\/v2\/product_tag?post=5824"}],"curies":[{"name":"wp","href":"https:\/\/api.w.org\/{rel}","templated":true}]}}