{"id":5801,"date":"2025-03-06T15:43:33","date_gmt":"2025-03-06T13:43:33","guid":{"rendered":"https:\/\/lahingupood.ee\/?post_type=product&#038;p=5801"},"modified":"2025-03-18T12:48:34","modified_gmt":"2025-03-18T10:48:34","slug":"matrix-protecti-gen-2-lasercut-g-hookidega-aasadega-ja-takjaga-plaadikandja-esipaneel-v5-ee-digi","status":"publish","type":"product","link":"https:\/\/lahingupood.ee\/en\/product\/matrix-protecti-gen-2-lasercut-g-hookidega-aasadega-ja-takjaga-plaadikandja-esipaneel-v5-ee-digi\/","title":{"rendered":"Matrix Protecti GEN 2 lasercut G hookidega, aasadega ja takjaga plaadikandja esipaneel V5 EE digi"},"content":{"rendered":"<p>Matrix Protecti\u00a0 GEN 2\u00a0 laseriga l\u00f5igatud innovatiivsele aasadega ja takjaga plaadikandja esipaneelile V2 saab kinnitada MOLLE s\u00fcsteemi abil erinevat varustust. Esipaneelil on Matrix Protecti poolt disainitud uudne topelttihedate 1,25cm sammuga pilude s\u00fcsteem, mis \u00fchildub t\u00e4ielikult MOLLE s\u00fcsteemiga. Kitsamad pilud v\u00f5imaldavad varustust paremini esipaneelile paigutada.\u00a0 \u00a0Paneeli allosas on aasad, mille abil saab seda esipaneeli kasutada iseseisvalt koos trakside ja v\u00f6\u00f6ga Chestrigina. Takjapaneeli abil saab esipaneeli laienda, kinnitades erineva laiusega laserl\u00f5igatud\u00a0 k\u00fclgpaneele. Esipaneel on plaadikandjalt vajadusel kiiresti eemaldatav ja paigaldatav.\u00a0 Esipaneeli saab\u00a0 kinnitada plaadikandja k\u00fclge nii takjapaneeli abil kui ka Ghookide v\u00f5i SR pannalde abil. Lisaks on esipaneeli sisepinnal ka takjaga eraldatav klapp. Esipaneeli saab kasutada koos paljude erinevate tootjate\u00a0 plaadikandjatega.<\/p>\n<p>Komplekti kuulub esipaneel V5, takjaga kinnituv sisemine paneel ning kaks Ghooki.<\/p>\n<p>Materjaliks on Matrix Protecti poolt arendatud\u00a0 eriti tugev ja vastupidav laminaatkangas MPX, mille pealmine kiht on FOXDURA 500 IRR<\/p>\n<p>Kinnituss\u00fcsteem \u2013 takjapaneel ja SR pandlas\u00fcsteem G hookidega.<\/p>","protected":false},"excerpt":{"rendered":"<p>Matrix Protecti\u00a0 GEN 2\u00a0 laseriga l\u00f5igatud innovatiivsele aasadega ja takjaga plaadikandja esipaneelile V2 saab kinnitada MOLLE s\u00fcsteemi abil erinevat varustust. Esipaneelil on Matrix Protecti poolt disainitud uudne topelttihedate 1,25cm sammuga pilude s\u00fcsteem, mis \u00fchildub t\u00e4ielikult MOLLE s\u00fcsteemiga. Kitsamad pilud v\u00f5imaldavad varustust paremini esipaneelile paigutada.\u00a0 \u00a0Paneeli allosas on aasad, mille abil saab seda esipaneeli kasutada iseseisvalt [&#8230;]\n","protected":false},"featured_media":5802,"template":"","meta":[],"product_brand":[],"product_cat":[184,194],"product_tag":[],"class_list":{"0":"post-5801","1":"product","2":"type-product","3":"status-publish","4":"has-post-thumbnail","6":"product_cat-ee-digilaik-estdcu","7":"product_cat-esipaneelid","9":"first","10":"onbackorder","11":"taxable","12":"shipping-taxable","13":"purchasable","14":"product-type-simple"},"yoast_head":"<!-- This site is optimized with the Yoast SEO Premium plugin v27.3 (Yoast SEO v27.3) - https:\/\/yoast.com\/product\/yoast-seo-premium-wordpress\/ -->\n<title>Matrix Protecti GEN 2 lasercut G hookidega, aasadega ja takjaga plaadikandja esipaneel V5 EE digi - Lahingurada e-pood<\/title>\n<meta name=\"description\" content=\"Matrix Protecti\u00a0 GEN 2\u00a0 laseriga l\u00f5igatud innovatiivsele aasadega ja takjaga plaadikandja esipaneelile V2 saab kinnitada MOLLE s\u00fcsteemi abil erinevat varustu\" \/>\n<meta name=\"robots\" content=\"index, follow, max-snippet:-1, max-image-preview:large, max-video-preview:-1\" \/>\n<link rel=\"canonical\" href=\"https:\/\/lahingupood.ee\/en\/product\/matrix-protecti-gen-2-lasercut-g-hookidega-aasadega-ja-takjaga-plaadikandja-esipaneel-v5-ee-digi\/\" \/>\n<meta property=\"og:locale\" content=\"en_GB\" \/>\n<meta property=\"og:type\" content=\"article\" \/>\n<meta property=\"og:title\" content=\"Matrix Protecti GEN 2 lasercut G hookidega, aasadega ja takjaga plaadikandja esipaneel V5 EE digi\" \/>\n<meta property=\"og:description\" content=\"Matrix Protecti\u00a0 GEN 2\u00a0 laseriga l\u00f5igatud innovatiivsele aasadega ja takjaga plaadikandja esipaneelile V2 saab kinnitada MOLLE s\u00fcsteemi abil erinevat varustu\" \/>\n<meta property=\"og:url\" content=\"https:\/\/lahingupood.ee\/en\/product\/matrix-protecti-gen-2-lasercut-g-hookidega-aasadega-ja-takjaga-plaadikandja-esipaneel-v5-ee-digi\/\" \/>\n<meta property=\"og:site_name\" content=\"Lahingurada e-pood\" \/>\n<meta property=\"article:publisher\" content=\"https:\/\/www.facebook.com\/Lahingurada-629940247212967\" \/>\n<meta property=\"article:modified_time\" content=\"2025-03-18T10:48:34+00:00\" \/>\n<meta property=\"og:image\" content=\"https:\/\/lahingupood.ee\/wp-content\/uploads\/2022\/03\/lahingurada-220318.jpg\" \/>\n\t<meta property=\"og:image:width\" content=\"800\" \/>\n\t<meta property=\"og:image:height\" content=\"500\" \/>\n\t<meta property=\"og:image:type\" content=\"image\/jpeg\" \/>\n<meta name=\"twitter:card\" content=\"summary_large_image\" \/>\n<meta name=\"twitter:label1\" content=\"Estimated reading time\" \/>\n\t<meta name=\"twitter:data1\" content=\"1 minute\" \/>\n<script type=\"application\/ld+json\" class=\"yoast-schema-graph\">{\"@context\":\"https:\\\/\\\/schema.org\",\"@graph\":[{\"@type\":\"WebPage\",\"@id\":\"https:\\\/\\\/lahingupood.ee\\\/toode\\\/matrix-protecti-gen-2-lasercut-g-hookidega-aasadega-ja-takjaga-plaadikandja-esipaneel-v5-ee-digi\\\/\",\"url\":\"https:\\\/\\\/lahingupood.ee\\\/toode\\\/matrix-protecti-gen-2-lasercut-g-hookidega-aasadega-ja-takjaga-plaadikandja-esipaneel-v5-ee-digi\\\/\",\"name\":\"Matrix Protecti GEN 2 lasercut G hookidega, aasadega ja takjaga plaadikandja esipaneel V5 EE digi - Lahingurada e-pood\",\"isPartOf\":{\"@id\":\"https:\\\/\\\/lahingupood.ee\\\/#website\"},\"primaryImageOfPage\":{\"@id\":\"https:\\\/\\\/lahingupood.ee\\\/toode\\\/matrix-protecti-gen-2-lasercut-g-hookidega-aasadega-ja-takjaga-plaadikandja-esipaneel-v5-ee-digi\\\/#primaryimage\"},\"image\":{\"@id\":\"https:\\\/\\\/lahingupood.ee\\\/toode\\\/matrix-protecti-gen-2-lasercut-g-hookidega-aasadega-ja-takjaga-plaadikandja-esipaneel-v5-ee-digi\\\/#primaryimage\"},\"thumbnailUrl\":\"https:\\\/\\\/lahingupood.ee\\\/wp-content\\\/uploads\\\/2025\\\/03\\\/tasku-9.avif\",\"datePublished\":\"2025-03-06T13:43:33+00:00\",\"dateModified\":\"2025-03-18T10:48:34+00:00\",\"description\":\"Matrix Protecti\u00a0 GEN 2\u00a0 laseriga l\u00f5igatud innovatiivsele aasadega ja takjaga plaadikandja esipaneelile V2 saab kinnitada MOLLE s\u00fcsteemi abil erinevat varustu\",\"breadcrumb\":{\"@id\":\"https:\\\/\\\/lahingupood.ee\\\/toode\\\/matrix-protecti-gen-2-lasercut-g-hookidega-aasadega-ja-takjaga-plaadikandja-esipaneel-v5-ee-digi\\\/#breadcrumb\"},\"inLanguage\":\"en-GB\",\"potentialAction\":[{\"@type\":\"ReadAction\",\"target\":[\"https:\\\/\\\/lahingupood.ee\\\/toode\\\/matrix-protecti-gen-2-lasercut-g-hookidega-aasadega-ja-takjaga-plaadikandja-esipaneel-v5-ee-digi\\\/\"]}]},{\"@type\":\"ImageObject\",\"inLanguage\":\"en-GB\",\"@id\":\"https:\\\/\\\/lahingupood.ee\\\/toode\\\/matrix-protecti-gen-2-lasercut-g-hookidega-aasadega-ja-takjaga-plaadikandja-esipaneel-v5-ee-digi\\\/#primaryimage\",\"url\":\"https:\\\/\\\/lahingupood.ee\\\/wp-content\\\/uploads\\\/2025\\\/03\\\/tasku-9.avif\",\"contentUrl\":\"https:\\\/\\\/lahingupood.ee\\\/wp-content\\\/uploads\\\/2025\\\/03\\\/tasku-9.avif\",\"width\":1080,\"height\":1080},{\"@type\":\"BreadcrumbList\",\"@id\":\"https:\\\/\\\/lahingupood.ee\\\/toode\\\/matrix-protecti-gen-2-lasercut-g-hookidega-aasadega-ja-takjaga-plaadikandja-esipaneel-v5-ee-digi\\\/#breadcrumb\",\"itemListElement\":[{\"@type\":\"ListItem\",\"position\":1,\"name\":\"Home\",\"item\":\"https:\\\/\\\/lahingupood.ee\\\/\"},{\"@type\":\"ListItem\",\"position\":2,\"name\":\"Tooted\",\"item\":\"https:\\\/\\\/lahingupood.ee\\\/tooted\\\/\"},{\"@type\":\"ListItem\",\"position\":3,\"name\":\"Matrix Protecti GEN 2 lasercut G hookidega, aasadega ja takjaga plaadikandja esipaneel V5 EE digi\"}]},{\"@type\":\"WebSite\",\"@id\":\"https:\\\/\\\/lahingupood.ee\\\/#website\",\"url\":\"https:\\\/\\\/lahingupood.ee\\\/\",\"name\":\"Lahingurada e-pood\",\"description\":\"Airsoft\",\"publisher\":{\"@id\":\"https:\\\/\\\/lahingupood.ee\\\/#organization\"},\"potentialAction\":[{\"@type\":\"SearchAction\",\"target\":{\"@type\":\"EntryPoint\",\"urlTemplate\":\"https:\\\/\\\/lahingupood.ee\\\/?s={search_term_string}\"},\"query-input\":{\"@type\":\"PropertyValueSpecification\",\"valueRequired\":true,\"valueName\":\"search_term_string\"}}],\"inLanguage\":\"en-GB\"},{\"@type\":\"Organization\",\"@id\":\"https:\\\/\\\/lahingupood.ee\\\/#organization\",\"name\":\"Lahingurada\",\"url\":\"https:\\\/\\\/lahingupood.ee\\\/\",\"logo\":{\"@type\":\"ImageObject\",\"inLanguage\":\"en-GB\",\"@id\":\"https:\\\/\\\/lahingupood.ee\\\/#\\\/schema\\\/logo\\\/image\\\/\",\"url\":\"https:\\\/\\\/lahingupood.ee\\\/wp-content\\\/uploads\\\/2022\\\/03\\\/lahingurada-220318.jpg\",\"contentUrl\":\"https:\\\/\\\/lahingupood.ee\\\/wp-content\\\/uploads\\\/2022\\\/03\\\/lahingurada-220318.jpg\",\"width\":800,\"height\":500,\"caption\":\"Lahingurada\"},\"image\":{\"@id\":\"https:\\\/\\\/lahingupood.ee\\\/#\\\/schema\\\/logo\\\/image\\\/\"},\"sameAs\":[\"https:\\\/\\\/www.facebook.com\\\/Lahingurada-629940247212967\"]}]}<\/script>\n<!-- \/ Yoast SEO Premium plugin. -->","yoast_head_json":{"title":"Matrix Protecti GEN 2 lasercut G hookidega, aasadega ja takjaga plaadikandja esipaneel V5 EE digi - Lahingurada e-pood","description":"Matrix Protecti\u00a0 GEN 2\u00a0 laseriga l\u00f5igatud innovatiivsele aasadega ja takjaga plaadikandja esipaneelile V2 saab kinnitada MOLLE s\u00fcsteemi abil erinevat varustu","robots":{"index":"index","follow":"follow","max-snippet":"max-snippet:-1","max-image-preview":"max-image-preview:large","max-video-preview":"max-video-preview:-1"},"canonical":"https:\/\/lahingupood.ee\/en\/product\/matrix-protecti-gen-2-lasercut-g-hookidega-aasadega-ja-takjaga-plaadikandja-esipaneel-v5-ee-digi\/","og_locale":"en_GB","og_type":"article","og_title":"Matrix Protecti GEN 2 lasercut G hookidega, aasadega ja takjaga plaadikandja esipaneel V5 EE digi","og_description":"Matrix Protecti\u00a0 GEN 2\u00a0 laseriga l\u00f5igatud innovatiivsele aasadega ja takjaga plaadikandja esipaneelile V2 saab kinnitada MOLLE s\u00fcsteemi abil erinevat varustu","og_url":"https:\/\/lahingupood.ee\/en\/product\/matrix-protecti-gen-2-lasercut-g-hookidega-aasadega-ja-takjaga-plaadikandja-esipaneel-v5-ee-digi\/","og_site_name":"Lahingurada e-pood","article_publisher":"https:\/\/www.facebook.com\/Lahingurada-629940247212967","article_modified_time":"2025-03-18T10:48:34+00:00","og_image":[{"width":800,"height":500,"url":"https:\/\/lahingupood.ee\/wp-content\/uploads\/2022\/03\/lahingurada-220318.jpg","type":"image\/jpeg"}],"twitter_card":"summary_large_image","twitter_misc":{"Estimated reading time":"1 minute"},"schema":{"@context":"https:\/\/schema.org","@graph":[{"@type":"WebPage","@id":"https:\/\/lahingupood.ee\/toode\/matrix-protecti-gen-2-lasercut-g-hookidega-aasadega-ja-takjaga-plaadikandja-esipaneel-v5-ee-digi\/","url":"https:\/\/lahingupood.ee\/toode\/matrix-protecti-gen-2-lasercut-g-hookidega-aasadega-ja-takjaga-plaadikandja-esipaneel-v5-ee-digi\/","name":"Matrix Protecti GEN 2 lasercut G hookidega, aasadega ja takjaga plaadikandja esipaneel V5 EE digi - Lahingurada e-pood","isPartOf":{"@id":"https:\/\/lahingupood.ee\/#website"},"primaryImageOfPage":{"@id":"https:\/\/lahingupood.ee\/toode\/matrix-protecti-gen-2-lasercut-g-hookidega-aasadega-ja-takjaga-plaadikandja-esipaneel-v5-ee-digi\/#primaryimage"},"image":{"@id":"https:\/\/lahingupood.ee\/toode\/matrix-protecti-gen-2-lasercut-g-hookidega-aasadega-ja-takjaga-plaadikandja-esipaneel-v5-ee-digi\/#primaryimage"},"thumbnailUrl":"https:\/\/lahingupood.ee\/wp-content\/uploads\/2025\/03\/tasku-9.avif","datePublished":"2025-03-06T13:43:33+00:00","dateModified":"2025-03-18T10:48:34+00:00","description":"Matrix Protecti\u00a0 GEN 2\u00a0 laseriga l\u00f5igatud innovatiivsele aasadega ja takjaga plaadikandja esipaneelile V2 saab kinnitada MOLLE s\u00fcsteemi abil erinevat varustu","breadcrumb":{"@id":"https:\/\/lahingupood.ee\/toode\/matrix-protecti-gen-2-lasercut-g-hookidega-aasadega-ja-takjaga-plaadikandja-esipaneel-v5-ee-digi\/#breadcrumb"},"inLanguage":"en-GB","potentialAction":[{"@type":"ReadAction","target":["https:\/\/lahingupood.ee\/toode\/matrix-protecti-gen-2-lasercut-g-hookidega-aasadega-ja-takjaga-plaadikandja-esipaneel-v5-ee-digi\/"]}]},{"@type":"ImageObject","inLanguage":"en-GB","@id":"https:\/\/lahingupood.ee\/toode\/matrix-protecti-gen-2-lasercut-g-hookidega-aasadega-ja-takjaga-plaadikandja-esipaneel-v5-ee-digi\/#primaryimage","url":"https:\/\/lahingupood.ee\/wp-content\/uploads\/2025\/03\/tasku-9.avif","contentUrl":"https:\/\/lahingupood.ee\/wp-content\/uploads\/2025\/03\/tasku-9.avif","width":1080,"height":1080},{"@type":"BreadcrumbList","@id":"https:\/\/lahingupood.ee\/toode\/matrix-protecti-gen-2-lasercut-g-hookidega-aasadega-ja-takjaga-plaadikandja-esipaneel-v5-ee-digi\/#breadcrumb","itemListElement":[{"@type":"ListItem","position":1,"name":"Home","item":"https:\/\/lahingupood.ee\/"},{"@type":"ListItem","position":2,"name":"Tooted","item":"https:\/\/lahingupood.ee\/tooted\/"},{"@type":"ListItem","position":3,"name":"Matrix Protecti GEN 2 lasercut G hookidega, aasadega ja takjaga plaadikandja esipaneel V5 EE digi"}]},{"@type":"WebSite","@id":"https:\/\/lahingupood.ee\/#website","url":"https:\/\/lahingupood.ee\/","name":"Lahingurada e-pood","description":"Airsoft","publisher":{"@id":"https:\/\/lahingupood.ee\/#organization"},"potentialAction":[{"@type":"SearchAction","target":{"@type":"EntryPoint","urlTemplate":"https:\/\/lahingupood.ee\/?s={search_term_string}"},"query-input":{"@type":"PropertyValueSpecification","valueRequired":true,"valueName":"search_term_string"}}],"inLanguage":"en-GB"},{"@type":"Organization","@id":"https:\/\/lahingupood.ee\/#organization","name":"Lahingurada","url":"https:\/\/lahingupood.ee\/","logo":{"@type":"ImageObject","inLanguage":"en-GB","@id":"https:\/\/lahingupood.ee\/#\/schema\/logo\/image\/","url":"https:\/\/lahingupood.ee\/wp-content\/uploads\/2022\/03\/lahingurada-220318.jpg","contentUrl":"https:\/\/lahingupood.ee\/wp-content\/uploads\/2022\/03\/lahingurada-220318.jpg","width":800,"height":500,"caption":"Lahingurada"},"image":{"@id":"https:\/\/lahingupood.ee\/#\/schema\/logo\/image\/"},"sameAs":["https:\/\/www.facebook.com\/Lahingurada-629940247212967"]}]}},"_links":{"self":[{"href":"https:\/\/lahingupood.ee\/en\/wp-json\/wp\/v2\/product\/5801","targetHints":{"allow":["GET"]}}],"collection":[{"href":"https:\/\/lahingupood.ee\/en\/wp-json\/wp\/v2\/product"}],"about":[{"href":"https:\/\/lahingupood.ee\/en\/wp-json\/wp\/v2\/types\/product"}],"wp:featuredmedia":[{"embeddable":true,"href":"https:\/\/lahingupood.ee\/en\/wp-json\/wp\/v2\/media\/5802"}],"wp:attachment":[{"href":"https:\/\/lahingupood.ee\/en\/wp-json\/wp\/v2\/media?parent=5801"}],"wp:term":[{"taxonomy":"product_brand","embeddable":true,"href":"https:\/\/lahingupood.ee\/en\/wp-json\/wp\/v2\/product_brand?post=5801"},{"taxonomy":"product_cat","embeddable":true,"href":"https:\/\/lahingupood.ee\/en\/wp-json\/wp\/v2\/product_cat?post=5801"},{"taxonomy":"product_tag","embeddable":true,"href":"https:\/\/lahingupood.ee\/en\/wp-json\/wp\/v2\/product_tag?post=5801"}],"curies":[{"name":"wp","href":"https:\/\/api.w.org\/{rel}","templated":true}]}}