{"id":5755,"date":"2025-03-06T15:20:15","date_gmt":"2025-03-06T13:20:15","guid":{"rendered":"https:\/\/lahingupood.ee\/?post_type=product&#038;p=5755"},"modified":"2025-03-18T12:49:54","modified_gmt":"2025-03-18T10:49:54","slug":"matrix-protecti-roc-kiirkinnituspannaldega-plaadikandja","status":"publish","type":"product","link":"https:\/\/lahingupood.ee\/en\/product\/matrix-protecti-roc-kiirkinnituspannaldega-plaadikandja\/","title":{"rendered":"Matrix Protecti ROC kiirkinnituspannaldega Plaadikandja V4, EE digi"},"content":{"rendered":"<p>Matrix Protecti Plaadikandja V4 on edasiarendus plaadikandjatest, millel puuduvad kiirkinnitusklambrid. Mudelil V4 kasutatakse Itaalia tootja 2M tuntud militaarseeria pandlaid ROC 40 ja ROC 80. ROC 40 kasutame \u00f5larihmade kinnitamiseks ja avamiseks ning ROC 80 kasutame cummerbundi ehk plaadikandja k\u00fcljepaneeli molles\u00fcsteemi kinnitamiseks. Sellel plaadikandjal puudub nii esiosal kui ka tagaosal takjakinnitus. \u00d5larihmade pikkuse\u00a0 reguleerimine toimub takjapaneelide abil. Kuna toodame erineva pikkusega \u00f5lapatju ning ka cummerbunde, siis\u00a0 saab iga soovija komplekteerida endale just sobiva komplekti. Matrix Protecti\u00a0 toodete \u00fcks peamisi kontseptsioone on maksimaalne modulaarsus, toodete ristkasutus.<\/p>\n<p>Esipaneel on kaetud \u00fcleni MOLLE ribadega, et kinnitada lahinguvarustust ning \u00fclaosa MOLLE\u00a0 on lisaks ka kaetud takjaribadega, et saaks kinnitada erinevat s\u00fcmboolikat, nime, veregruppi, lippu jms.<\/p>\n<p>Esipaneeli \u00fclaosas on ka \u00fcks v\u00e4iksem takjaga ja trukkidega suletav sisetasku, kus saab hoida vajalikku varustust. Tasku avaneb kogu \u00fclemise takjariba ulatuses.<\/p>\n<p>Cummerbundi pikkust saab ka reguleerida seljapaneelil kummin\u00f6\u00f6ridega v\u00f5i Matrix Protecti spetsiaalse reguleerimispaneeliga, mida saab eraldi meie k\u00e4est osta.<\/p>\n<p>Plaadikandja sisepinnal on kaks eemaldatavat, suuremat\u00a0 3D v\u00f5rgust ventileerivat pehmenduspaneeli, mis teevad plaadikandja kasutamise oluliselt mugavamaks.<\/p>\n<p>Komplekti kuuluvad,\u00a0 plaadikandja esipaneel ja tagapaneel koos eemaldatavate\u00a0 pehmendusppaneelidega,\u00a0 \u00f5lapehmendused, cummerbundid ning lisaks kaks 10 mm paksust vahtplastist pehmenduspaneeli, mis paigutatakse plaadikandja sisse ballistilise plaadi ja pehmenduspaneeli vahele, et tekitada lisaamortisatsiooni efekt juhuks, kui ballistiline plaat kuulitabamusel amortiseerub ning v\u00f5ib vigastada keha.\u00a0 Pehmenduspaneel v\u00e4hendab traumariski ohtu.<\/p>","protected":false},"excerpt":{"rendered":"<p>Matrix Protecti Plaadikandja V4 on edasiarendus plaadikandjatest, millel puuduvad kiirkinnitusklambrid. Mudelil V4 kasutatakse Itaalia tootja 2M tuntud militaarseeria pandlaid ROC 40 ja ROC 80. ROC 40 kasutame \u00f5larihmade kinnitamiseks ja avamiseks ning ROC 80 kasutame cummerbundi ehk plaadikandja k\u00fcljepaneeli molles\u00fcsteemi kinnitamiseks. Sellel plaadikandjal puudub nii esiosal kui ka tagaosal takjakinnitus. \u00d5larihmade pikkuse\u00a0 reguleerimine toimub takjapaneelide [&#8230;]\n","protected":false},"featured_media":5756,"template":"","meta":[],"product_brand":[],"product_cat":[184,193],"product_tag":[],"class_list":{"0":"post-5755","1":"product","2":"type-product","3":"status-publish","4":"has-post-thumbnail","6":"product_cat-ee-digilaik-estdcu","7":"product_cat-plaadikandjad-ja-tarvikud","9":"first","10":"onbackorder","11":"taxable","12":"shipping-taxable","13":"purchasable","14":"product-type-simple"},"yoast_head":"<!-- This site is optimized with the Yoast SEO Premium plugin v27.3 (Yoast SEO v27.3) - https:\/\/yoast.com\/product\/yoast-seo-premium-wordpress\/ -->\n<title>Matrix Protecti ROC kiirkinnituspannaldega Plaadikandja V4, EE digi - Lahingurada e-pood<\/title>\n<meta name=\"description\" content=\"Matrix Protecti Plaadikandja V4 on edasiarendus plaadikandjatest, millel puuduvad kiirkinnitusklambrid. Mudelil V4 kasutatakse Itaalia tootja 2M tuntud mili\" \/>\n<meta name=\"robots\" content=\"index, follow, max-snippet:-1, max-image-preview:large, max-video-preview:-1\" \/>\n<link rel=\"canonical\" href=\"https:\/\/lahingupood.ee\/en\/product\/matrix-protecti-roc-kiirkinnituspannaldega-plaadikandja\/\" \/>\n<meta property=\"og:locale\" content=\"en_GB\" \/>\n<meta property=\"og:type\" content=\"article\" \/>\n<meta property=\"og:title\" content=\"Matrix Protecti ROC kiirkinnituspannaldega Plaadikandja V4, EE digi\" \/>\n<meta property=\"og:description\" content=\"Matrix Protecti Plaadikandja V4 on edasiarendus plaadikandjatest, millel puuduvad kiirkinnitusklambrid. Mudelil V4 kasutatakse Itaalia tootja 2M tuntud mili\" \/>\n<meta property=\"og:url\" content=\"https:\/\/lahingupood.ee\/en\/product\/matrix-protecti-roc-kiirkinnituspannaldega-plaadikandja\/\" \/>\n<meta property=\"og:site_name\" content=\"Lahingurada e-pood\" \/>\n<meta property=\"article:publisher\" content=\"https:\/\/www.facebook.com\/Lahingurada-629940247212967\" \/>\n<meta property=\"article:modified_time\" content=\"2025-03-18T10:49:54+00:00\" \/>\n<meta property=\"og:image\" content=\"https:\/\/lahingupood.ee\/wp-content\/uploads\/2022\/03\/lahingurada-220318.jpg\" \/>\n\t<meta property=\"og:image:width\" content=\"800\" \/>\n\t<meta property=\"og:image:height\" content=\"500\" \/>\n\t<meta property=\"og:image:type\" content=\"image\/jpeg\" \/>\n<meta name=\"twitter:card\" content=\"summary_large_image\" \/>\n<meta name=\"twitter:label1\" content=\"Estimated reading time\" \/>\n\t<meta name=\"twitter:data1\" content=\"2 minutes\" \/>\n<script type=\"application\/ld+json\" class=\"yoast-schema-graph\">{\"@context\":\"https:\\\/\\\/schema.org\",\"@graph\":[{\"@type\":\"WebPage\",\"@id\":\"https:\\\/\\\/lahingupood.ee\\\/toode\\\/matrix-protecti-roc-kiirkinnituspannaldega-plaadikandja\\\/\",\"url\":\"https:\\\/\\\/lahingupood.ee\\\/toode\\\/matrix-protecti-roc-kiirkinnituspannaldega-plaadikandja\\\/\",\"name\":\"Matrix Protecti ROC kiirkinnituspannaldega Plaadikandja V4, EE digi - Lahingurada e-pood\",\"isPartOf\":{\"@id\":\"https:\\\/\\\/lahingupood.ee\\\/#website\"},\"primaryImageOfPage\":{\"@id\":\"https:\\\/\\\/lahingupood.ee\\\/toode\\\/matrix-protecti-roc-kiirkinnituspannaldega-plaadikandja\\\/#primaryimage\"},\"image\":{\"@id\":\"https:\\\/\\\/lahingupood.ee\\\/toode\\\/matrix-protecti-roc-kiirkinnituspannaldega-plaadikandja\\\/#primaryimage\"},\"thumbnailUrl\":\"https:\\\/\\\/lahingupood.ee\\\/wp-content\\\/uploads\\\/2025\\\/03\\\/vest.avif\",\"datePublished\":\"2025-03-06T13:20:15+00:00\",\"dateModified\":\"2025-03-18T10:49:54+00:00\",\"description\":\"Matrix Protecti Plaadikandja V4 on edasiarendus plaadikandjatest, millel puuduvad kiirkinnitusklambrid. Mudelil V4 kasutatakse Itaalia tootja 2M tuntud mili\",\"breadcrumb\":{\"@id\":\"https:\\\/\\\/lahingupood.ee\\\/toode\\\/matrix-protecti-roc-kiirkinnituspannaldega-plaadikandja\\\/#breadcrumb\"},\"inLanguage\":\"en-GB\",\"potentialAction\":[{\"@type\":\"ReadAction\",\"target\":[\"https:\\\/\\\/lahingupood.ee\\\/toode\\\/matrix-protecti-roc-kiirkinnituspannaldega-plaadikandja\\\/\"]}]},{\"@type\":\"ImageObject\",\"inLanguage\":\"en-GB\",\"@id\":\"https:\\\/\\\/lahingupood.ee\\\/toode\\\/matrix-protecti-roc-kiirkinnituspannaldega-plaadikandja\\\/#primaryimage\",\"url\":\"https:\\\/\\\/lahingupood.ee\\\/wp-content\\\/uploads\\\/2025\\\/03\\\/vest.avif\",\"contentUrl\":\"https:\\\/\\\/lahingupood.ee\\\/wp-content\\\/uploads\\\/2025\\\/03\\\/vest.avif\",\"width\":1080,\"height\":1080},{\"@type\":\"BreadcrumbList\",\"@id\":\"https:\\\/\\\/lahingupood.ee\\\/toode\\\/matrix-protecti-roc-kiirkinnituspannaldega-plaadikandja\\\/#breadcrumb\",\"itemListElement\":[{\"@type\":\"ListItem\",\"position\":1,\"name\":\"Home\",\"item\":\"https:\\\/\\\/lahingupood.ee\\\/\"},{\"@type\":\"ListItem\",\"position\":2,\"name\":\"Tooted\",\"item\":\"https:\\\/\\\/lahingupood.ee\\\/tooted\\\/\"},{\"@type\":\"ListItem\",\"position\":3,\"name\":\"Matrix Protecti ROC kiirkinnituspannaldega Plaadikandja V4, EE digi\"}]},{\"@type\":\"WebSite\",\"@id\":\"https:\\\/\\\/lahingupood.ee\\\/#website\",\"url\":\"https:\\\/\\\/lahingupood.ee\\\/\",\"name\":\"Lahingurada e-pood\",\"description\":\"Airsoft\",\"publisher\":{\"@id\":\"https:\\\/\\\/lahingupood.ee\\\/#organization\"},\"potentialAction\":[{\"@type\":\"SearchAction\",\"target\":{\"@type\":\"EntryPoint\",\"urlTemplate\":\"https:\\\/\\\/lahingupood.ee\\\/?s={search_term_string}\"},\"query-input\":{\"@type\":\"PropertyValueSpecification\",\"valueRequired\":true,\"valueName\":\"search_term_string\"}}],\"inLanguage\":\"en-GB\"},{\"@type\":\"Organization\",\"@id\":\"https:\\\/\\\/lahingupood.ee\\\/#organization\",\"name\":\"Lahingurada\",\"url\":\"https:\\\/\\\/lahingupood.ee\\\/\",\"logo\":{\"@type\":\"ImageObject\",\"inLanguage\":\"en-GB\",\"@id\":\"https:\\\/\\\/lahingupood.ee\\\/#\\\/schema\\\/logo\\\/image\\\/\",\"url\":\"https:\\\/\\\/lahingupood.ee\\\/wp-content\\\/uploads\\\/2022\\\/03\\\/lahingurada-220318.jpg\",\"contentUrl\":\"https:\\\/\\\/lahingupood.ee\\\/wp-content\\\/uploads\\\/2022\\\/03\\\/lahingurada-220318.jpg\",\"width\":800,\"height\":500,\"caption\":\"Lahingurada\"},\"image\":{\"@id\":\"https:\\\/\\\/lahingupood.ee\\\/#\\\/schema\\\/logo\\\/image\\\/\"},\"sameAs\":[\"https:\\\/\\\/www.facebook.com\\\/Lahingurada-629940247212967\"]}]}<\/script>\n<!-- \/ Yoast SEO Premium plugin. -->","yoast_head_json":{"title":"Matrix Protecti ROC kiirkinnituspannaldega Plaadikandja V4, EE digi - Lahingurada e-pood","description":"Matrix Protecti Plaadikandja V4 on edasiarendus plaadikandjatest, millel puuduvad kiirkinnitusklambrid. Mudelil V4 kasutatakse Itaalia tootja 2M tuntud mili","robots":{"index":"index","follow":"follow","max-snippet":"max-snippet:-1","max-image-preview":"max-image-preview:large","max-video-preview":"max-video-preview:-1"},"canonical":"https:\/\/lahingupood.ee\/en\/product\/matrix-protecti-roc-kiirkinnituspannaldega-plaadikandja\/","og_locale":"en_GB","og_type":"article","og_title":"Matrix Protecti ROC kiirkinnituspannaldega Plaadikandja V4, EE digi","og_description":"Matrix Protecti Plaadikandja V4 on edasiarendus plaadikandjatest, millel puuduvad kiirkinnitusklambrid. Mudelil V4 kasutatakse Itaalia tootja 2M tuntud mili","og_url":"https:\/\/lahingupood.ee\/en\/product\/matrix-protecti-roc-kiirkinnituspannaldega-plaadikandja\/","og_site_name":"Lahingurada e-pood","article_publisher":"https:\/\/www.facebook.com\/Lahingurada-629940247212967","article_modified_time":"2025-03-18T10:49:54+00:00","og_image":[{"width":800,"height":500,"url":"https:\/\/lahingupood.ee\/wp-content\/uploads\/2022\/03\/lahingurada-220318.jpg","type":"image\/jpeg"}],"twitter_card":"summary_large_image","twitter_misc":{"Estimated reading time":"2 minutes"},"schema":{"@context":"https:\/\/schema.org","@graph":[{"@type":"WebPage","@id":"https:\/\/lahingupood.ee\/toode\/matrix-protecti-roc-kiirkinnituspannaldega-plaadikandja\/","url":"https:\/\/lahingupood.ee\/toode\/matrix-protecti-roc-kiirkinnituspannaldega-plaadikandja\/","name":"Matrix Protecti ROC kiirkinnituspannaldega Plaadikandja V4, EE digi - Lahingurada e-pood","isPartOf":{"@id":"https:\/\/lahingupood.ee\/#website"},"primaryImageOfPage":{"@id":"https:\/\/lahingupood.ee\/toode\/matrix-protecti-roc-kiirkinnituspannaldega-plaadikandja\/#primaryimage"},"image":{"@id":"https:\/\/lahingupood.ee\/toode\/matrix-protecti-roc-kiirkinnituspannaldega-plaadikandja\/#primaryimage"},"thumbnailUrl":"https:\/\/lahingupood.ee\/wp-content\/uploads\/2025\/03\/vest.avif","datePublished":"2025-03-06T13:20:15+00:00","dateModified":"2025-03-18T10:49:54+00:00","description":"Matrix Protecti Plaadikandja V4 on edasiarendus plaadikandjatest, millel puuduvad kiirkinnitusklambrid. Mudelil V4 kasutatakse Itaalia tootja 2M tuntud mili","breadcrumb":{"@id":"https:\/\/lahingupood.ee\/toode\/matrix-protecti-roc-kiirkinnituspannaldega-plaadikandja\/#breadcrumb"},"inLanguage":"en-GB","potentialAction":[{"@type":"ReadAction","target":["https:\/\/lahingupood.ee\/toode\/matrix-protecti-roc-kiirkinnituspannaldega-plaadikandja\/"]}]},{"@type":"ImageObject","inLanguage":"en-GB","@id":"https:\/\/lahingupood.ee\/toode\/matrix-protecti-roc-kiirkinnituspannaldega-plaadikandja\/#primaryimage","url":"https:\/\/lahingupood.ee\/wp-content\/uploads\/2025\/03\/vest.avif","contentUrl":"https:\/\/lahingupood.ee\/wp-content\/uploads\/2025\/03\/vest.avif","width":1080,"height":1080},{"@type":"BreadcrumbList","@id":"https:\/\/lahingupood.ee\/toode\/matrix-protecti-roc-kiirkinnituspannaldega-plaadikandja\/#breadcrumb","itemListElement":[{"@type":"ListItem","position":1,"name":"Home","item":"https:\/\/lahingupood.ee\/"},{"@type":"ListItem","position":2,"name":"Tooted","item":"https:\/\/lahingupood.ee\/tooted\/"},{"@type":"ListItem","position":3,"name":"Matrix Protecti ROC kiirkinnituspannaldega Plaadikandja V4, EE digi"}]},{"@type":"WebSite","@id":"https:\/\/lahingupood.ee\/#website","url":"https:\/\/lahingupood.ee\/","name":"Lahingurada e-pood","description":"Airsoft","publisher":{"@id":"https:\/\/lahingupood.ee\/#organization"},"potentialAction":[{"@type":"SearchAction","target":{"@type":"EntryPoint","urlTemplate":"https:\/\/lahingupood.ee\/?s={search_term_string}"},"query-input":{"@type":"PropertyValueSpecification","valueRequired":true,"valueName":"search_term_string"}}],"inLanguage":"en-GB"},{"@type":"Organization","@id":"https:\/\/lahingupood.ee\/#organization","name":"Lahingurada","url":"https:\/\/lahingupood.ee\/","logo":{"@type":"ImageObject","inLanguage":"en-GB","@id":"https:\/\/lahingupood.ee\/#\/schema\/logo\/image\/","url":"https:\/\/lahingupood.ee\/wp-content\/uploads\/2022\/03\/lahingurada-220318.jpg","contentUrl":"https:\/\/lahingupood.ee\/wp-content\/uploads\/2022\/03\/lahingurada-220318.jpg","width":800,"height":500,"caption":"Lahingurada"},"image":{"@id":"https:\/\/lahingupood.ee\/#\/schema\/logo\/image\/"},"sameAs":["https:\/\/www.facebook.com\/Lahingurada-629940247212967"]}]}},"_links":{"self":[{"href":"https:\/\/lahingupood.ee\/en\/wp-json\/wp\/v2\/product\/5755","targetHints":{"allow":["GET"]}}],"collection":[{"href":"https:\/\/lahingupood.ee\/en\/wp-json\/wp\/v2\/product"}],"about":[{"href":"https:\/\/lahingupood.ee\/en\/wp-json\/wp\/v2\/types\/product"}],"wp:featuredmedia":[{"embeddable":true,"href":"https:\/\/lahingupood.ee\/en\/wp-json\/wp\/v2\/media\/5756"}],"wp:attachment":[{"href":"https:\/\/lahingupood.ee\/en\/wp-json\/wp\/v2\/media?parent=5755"}],"wp:term":[{"taxonomy":"product_brand","embeddable":true,"href":"https:\/\/lahingupood.ee\/en\/wp-json\/wp\/v2\/product_brand?post=5755"},{"taxonomy":"product_cat","embeddable":true,"href":"https:\/\/lahingupood.ee\/en\/wp-json\/wp\/v2\/product_cat?post=5755"},{"taxonomy":"product_tag","embeddable":true,"href":"https:\/\/lahingupood.ee\/en\/wp-json\/wp\/v2\/product_tag?post=5755"}],"curies":[{"name":"wp","href":"https:\/\/api.w.org\/{rel}","templated":true}]}}