{"id":5743,"date":"2025-03-06T15:10:36","date_gmt":"2025-03-06T13:10:36","guid":{"rendered":"https:\/\/lahingupood.ee\/?post_type=product&#038;p=5743"},"modified":"2025-03-18T12:50:11","modified_gmt":"2025-03-18T10:50:11","slug":"matrix-protecti-gen2-plaadikandja-v7-roc","status":"publish","type":"product","link":"https:\/\/lahingupood.ee\/en\/product\/matrix-protecti-gen2-plaadikandja-v7-roc\/","title":{"rendered":"Matrix Protecti GEN2 plaadikandja V7 ROC 80 ja ROC 40 kiirkinnituspannaldega ning GEN2 cummerbundi V7 s\u00fcsteemiga, EE digi"},"content":{"rendered":"<p>Matrix Protecti GEN2 Plaadikandja V7 on k\u00f5ige uuem ja innovatiimsem Matrix Protecti plaadikandjate\u00a0 mudel. V7 mudelil on kasutatud laserl\u00f5igatud detaile, k\u00f5ik takjapaneelid on digimustriga ning uus cummerbundi kinnitus- ja reguleerimiss\u00fcsteem v\u00f5imaldab kiiresti ja mugavalt kohandada plaadikandjat keha j\u00e4rgi. Mudelil V7 kasutatakse Itaalia tootja 2M tuntud militaarseeria pandlaid ROC 40 ja ROC 80. ROC 40 kasutame \u00f5larihmade kinnitamiseks ja avamiseks ning ROC 80 kasutame cummerbundi ehk plaadikandja k\u00fcljepaneeli\u00a0 laserl\u00f5igartud molles\u00fcsteemi kinnitamiseks.<\/p>\n<p>Mudel V7 erineb eelmistest mudelitest veel selle poolest, et\u00a0 takjariidega kaetud esipaneelil on l\u00f5\u00f5tsaga tasku ning sinna mahub h\u00f5lpsasti kolm\u00a0 automaadi salve v\u00f5i muud vajalikku varustust. Seega on sellel mudelil juba\u00a0 3 salve kandmise v\u00f5imalus kohe olemas ning seet\u00f5ttu v\u00e4heneb lisasalvetaskute arvu vajadus. Esipaneelil on ka \u00fclemine v\u00e4iksem varustuse tasku, kuhu saab mahutada vajalikku varustust.\u00a0 Nii alumisele kui ka \u00fclemisele taskule saab integreerida takjaga kinnituvat taskuk\u00f5rgendust, mis avaneb t\u00f5mblukuga. See v\u00f5imaldab taskuid\u00a0 kasutada mitmel erineval moel ning oluline on see,et t\u00f5mblukk avaneb vaikselt.<\/p>\n<p>Sellele esipaneelile saab kinnitada erinevaid takjakinnisega taskuid, kuid saab kinnitada ka esipaneeli, millel on Molle s\u00fcsteem ning seet\u00f5ttu saab kasutada k\u00f5ikv\u00f5imalikke taskuid.<\/p>\n<p>Matrix Protecti GEN2\u00a0 plaadikandja tagapaneel on samuti kaetud suuremas osas digimustriga takjaga kaetud molleribadega, et kinnitada veekotte, seljapaneele, seljakotte ja muud varustust. V7 tagapaneelil on lahtik\u00e4iv klapp, mille all on cummerbundi kinnitamise ja reguleerimiss\u00fcsteem. Selle plaadikandjaga saab kasutada k\u00f5iki erinevaid Matrix Protecti cummerbundide mudeleid.<\/p>\n<p>\u00d5larihmade pikkuse\u00a0 reguleerimine toimub takjapaneelide abil. Kuna toodame erineva pikkusega \u00f5lapatju ning ka cummerbunde, siis\u00a0 saab iga soovija komplekteerida endale just sobiva komplekti. Matrix Protecti\u00a0 toodete \u00fcks peamisi kontseptsioone on maksimaalne modulaarsus, toodete ristkasutus.<\/p>\n<p>Plaadikandja esipaneelik \u00fclaosa MOLLE\u00a0 on lisaks ka kaetud takjaribadega, et saaks kinnitada erinevat s\u00fcmboolikat, nime, veregruppi, lippu jms.<\/p>\n<p>Plaadikandja sisepinnal on kaks suuremat\u00a0 3D v\u00f5rgust takjaga kinnitatavat ja ventileerivat pehmenduspaneeli, mis teevad plaadikandja kasutamise oluliselt mugavamaks. Neid paneele on hea hooldada, pesta, puhastada ning vajadusel asendada. Lisaks on kaasas kaks 10mm paksust vahtplastist pehmenduspaneeli, mis paigutatakse plaadikandja sisse ballistilise plaadi ja pehmenduspaneeli vahele, et tekitada lisaamortisatsiooni efekt juhuks, kui ballistiline plaat kuulitabamusel amortiseerub ning v\u00f5ib vigastada keha.\u00a0 Pehmenduspaneel v\u00e4hendab traumariski ohtu.<\/p>\n<p><strong>Komplekti kuuluvad:<\/strong><\/p>\n<ul>\n<li>plaadikandja esipaneel ja tagapaneel koos pehmenduspaneelidega<\/li>\n<li>\u00f5lapehmendused<\/li>\n<li>ROC 80 pannaldega laserl\u00f5igatud cummerbundid<\/li>\n<li>kaks 10mm paksust vahtplastist pehmenduspaneeli<\/li>\n<\/ul>","protected":false},"excerpt":{"rendered":"<p>Matrix Protecti GEN2 Plaadikandja V7 on k\u00f5ige uuem ja innovatiimsem Matrix Protecti plaadikandjate\u00a0 mudel. V7 mudelil on kasutatud laserl\u00f5igatud detaile, k\u00f5ik takjapaneelid on digimustriga ning uus cummerbundi kinnitus- ja reguleerimiss\u00fcsteem v\u00f5imaldab kiiresti ja mugavalt kohandada plaadikandjat keha j\u00e4rgi. Mudelil V7 kasutatakse Itaalia tootja 2M tuntud militaarseeria pandlaid ROC 40 ja ROC 80. ROC 40 kasutame [&#8230;]\n","protected":false},"featured_media":5744,"template":"","meta":[],"product_brand":[],"product_cat":[184,193],"product_tag":[],"class_list":{"0":"post-5743","1":"product","2":"type-product","3":"status-publish","4":"has-post-thumbnail","6":"product_cat-ee-digilaik-estdcu","7":"product_cat-plaadikandjad-ja-tarvikud","9":"first","10":"onbackorder","11":"taxable","12":"shipping-taxable","13":"purchasable","14":"product-type-simple"},"yoast_head":"<!-- This site is optimized with the Yoast SEO Premium plugin v27.3 (Yoast SEO v27.3) - https:\/\/yoast.com\/product\/yoast-seo-premium-wordpress\/ -->\n<title>Matrix Protecti GEN2 plaadikandja V7 ROC 80 ja ROC 40 kiirkinnituspannaldega ning GEN2 cummerbundi V7 s\u00fcsteemiga, EE digi - Lahingurada e-pood<\/title>\n<meta name=\"description\" content=\"Matrix Protecti GEN2 Plaadikandja V7 on k\u00f5ige uuem ja innovatiimsem Matrix Protecti plaadikandjate\u00a0 mudel. V7 mudelil on kasutatud laserl\u00f5igatud detaile, k\u00f5i\" \/>\n<meta name=\"robots\" content=\"index, follow, max-snippet:-1, max-image-preview:large, max-video-preview:-1\" \/>\n<link rel=\"canonical\" href=\"https:\/\/lahingupood.ee\/en\/product\/matrix-protecti-gen2-plaadikandja-v7-roc\/\" \/>\n<meta property=\"og:locale\" content=\"en_GB\" \/>\n<meta property=\"og:type\" content=\"article\" \/>\n<meta property=\"og:title\" content=\"Matrix Protecti GEN2 plaadikandja V7 ROC 80 ja ROC 40 kiirkinnituspannaldega ning GEN2 cummerbundi V7 s\u00fcsteemiga, EE digi\" \/>\n<meta property=\"og:description\" content=\"Matrix Protecti GEN2 Plaadikandja V7 on k\u00f5ige uuem ja innovatiimsem Matrix Protecti plaadikandjate\u00a0 mudel. V7 mudelil on kasutatud laserl\u00f5igatud detaile, k\u00f5i\" \/>\n<meta property=\"og:url\" content=\"https:\/\/lahingupood.ee\/en\/product\/matrix-protecti-gen2-plaadikandja-v7-roc\/\" \/>\n<meta property=\"og:site_name\" content=\"Lahingurada e-pood\" \/>\n<meta property=\"article:publisher\" content=\"https:\/\/www.facebook.com\/Lahingurada-629940247212967\" \/>\n<meta property=\"article:modified_time\" content=\"2025-03-18T10:50:11+00:00\" \/>\n<meta property=\"og:image\" content=\"https:\/\/lahingupood.ee\/wp-content\/uploads\/2022\/03\/lahingurada-220318.jpg\" \/>\n\t<meta property=\"og:image:width\" content=\"800\" \/>\n\t<meta property=\"og:image:height\" content=\"500\" \/>\n\t<meta property=\"og:image:type\" content=\"image\/jpeg\" \/>\n<meta name=\"twitter:card\" content=\"summary_large_image\" \/>\n<meta name=\"twitter:label1\" content=\"Estimated reading time\" \/>\n\t<meta name=\"twitter:data1\" content=\"3 minutes\" \/>\n<script type=\"application\/ld+json\" class=\"yoast-schema-graph\">{\"@context\":\"https:\\\/\\\/schema.org\",\"@graph\":[{\"@type\":\"WebPage\",\"@id\":\"https:\\\/\\\/lahingupood.ee\\\/toode\\\/matrix-protecti-gen2-plaadikandja-v7-roc\\\/\",\"url\":\"https:\\\/\\\/lahingupood.ee\\\/toode\\\/matrix-protecti-gen2-plaadikandja-v7-roc\\\/\",\"name\":\"Matrix Protecti GEN2 plaadikandja V7 ROC 80 ja ROC 40 kiirkinnituspannaldega ning GEN2 cummerbundi V7 s\u00fcsteemiga, EE digi - Lahingurada e-pood\",\"isPartOf\":{\"@id\":\"https:\\\/\\\/lahingupood.ee\\\/#website\"},\"primaryImageOfPage\":{\"@id\":\"https:\\\/\\\/lahingupood.ee\\\/toode\\\/matrix-protecti-gen2-plaadikandja-v7-roc\\\/#primaryimage\"},\"image\":{\"@id\":\"https:\\\/\\\/lahingupood.ee\\\/toode\\\/matrix-protecti-gen2-plaadikandja-v7-roc\\\/#primaryimage\"},\"thumbnailUrl\":\"https:\\\/\\\/lahingupood.ee\\\/wp-content\\\/uploads\\\/2025\\\/03\\\/Matrix-vest.avif\",\"datePublished\":\"2025-03-06T13:10:36+00:00\",\"dateModified\":\"2025-03-18T10:50:11+00:00\",\"description\":\"Matrix Protecti GEN2 Plaadikandja V7 on k\u00f5ige uuem ja innovatiimsem Matrix Protecti plaadikandjate\u00a0 mudel. V7 mudelil on kasutatud laserl\u00f5igatud detaile, k\u00f5i\",\"breadcrumb\":{\"@id\":\"https:\\\/\\\/lahingupood.ee\\\/toode\\\/matrix-protecti-gen2-plaadikandja-v7-roc\\\/#breadcrumb\"},\"inLanguage\":\"en-GB\",\"potentialAction\":[{\"@type\":\"ReadAction\",\"target\":[\"https:\\\/\\\/lahingupood.ee\\\/toode\\\/matrix-protecti-gen2-plaadikandja-v7-roc\\\/\"]}]},{\"@type\":\"ImageObject\",\"inLanguage\":\"en-GB\",\"@id\":\"https:\\\/\\\/lahingupood.ee\\\/toode\\\/matrix-protecti-gen2-plaadikandja-v7-roc\\\/#primaryimage\",\"url\":\"https:\\\/\\\/lahingupood.ee\\\/wp-content\\\/uploads\\\/2025\\\/03\\\/Matrix-vest.avif\",\"contentUrl\":\"https:\\\/\\\/lahingupood.ee\\\/wp-content\\\/uploads\\\/2025\\\/03\\\/Matrix-vest.avif\",\"width\":1080,\"height\":1080},{\"@type\":\"BreadcrumbList\",\"@id\":\"https:\\\/\\\/lahingupood.ee\\\/toode\\\/matrix-protecti-gen2-plaadikandja-v7-roc\\\/#breadcrumb\",\"itemListElement\":[{\"@type\":\"ListItem\",\"position\":1,\"name\":\"Home\",\"item\":\"https:\\\/\\\/lahingupood.ee\\\/\"},{\"@type\":\"ListItem\",\"position\":2,\"name\":\"Tooted\",\"item\":\"https:\\\/\\\/lahingupood.ee\\\/tooted\\\/\"},{\"@type\":\"ListItem\",\"position\":3,\"name\":\"Matrix Protecti GEN2 plaadikandja V7 ROC 80 ja ROC 40 kiirkinnituspannaldega ning GEN2 cummerbundi V7 s\u00fcsteemiga, EE digi\"}]},{\"@type\":\"WebSite\",\"@id\":\"https:\\\/\\\/lahingupood.ee\\\/#website\",\"url\":\"https:\\\/\\\/lahingupood.ee\\\/\",\"name\":\"Lahingurada e-pood\",\"description\":\"Airsoft\",\"publisher\":{\"@id\":\"https:\\\/\\\/lahingupood.ee\\\/#organization\"},\"potentialAction\":[{\"@type\":\"SearchAction\",\"target\":{\"@type\":\"EntryPoint\",\"urlTemplate\":\"https:\\\/\\\/lahingupood.ee\\\/?s={search_term_string}\"},\"query-input\":{\"@type\":\"PropertyValueSpecification\",\"valueRequired\":true,\"valueName\":\"search_term_string\"}}],\"inLanguage\":\"en-GB\"},{\"@type\":\"Organization\",\"@id\":\"https:\\\/\\\/lahingupood.ee\\\/#organization\",\"name\":\"Lahingurada\",\"url\":\"https:\\\/\\\/lahingupood.ee\\\/\",\"logo\":{\"@type\":\"ImageObject\",\"inLanguage\":\"en-GB\",\"@id\":\"https:\\\/\\\/lahingupood.ee\\\/#\\\/schema\\\/logo\\\/image\\\/\",\"url\":\"https:\\\/\\\/lahingupood.ee\\\/wp-content\\\/uploads\\\/2022\\\/03\\\/lahingurada-220318.jpg\",\"contentUrl\":\"https:\\\/\\\/lahingupood.ee\\\/wp-content\\\/uploads\\\/2022\\\/03\\\/lahingurada-220318.jpg\",\"width\":800,\"height\":500,\"caption\":\"Lahingurada\"},\"image\":{\"@id\":\"https:\\\/\\\/lahingupood.ee\\\/#\\\/schema\\\/logo\\\/image\\\/\"},\"sameAs\":[\"https:\\\/\\\/www.facebook.com\\\/Lahingurada-629940247212967\"]}]}<\/script>\n<!-- \/ Yoast SEO Premium plugin. -->","yoast_head_json":{"title":"Matrix Protecti GEN2 plaadikandja V7 ROC 80 ja ROC 40 kiirkinnituspannaldega ning GEN2 cummerbundi V7 s\u00fcsteemiga, EE digi - Lahingurada e-pood","description":"Matrix Protecti GEN2 Plaadikandja V7 on k\u00f5ige uuem ja innovatiimsem Matrix Protecti plaadikandjate\u00a0 mudel. V7 mudelil on kasutatud laserl\u00f5igatud detaile, k\u00f5i","robots":{"index":"index","follow":"follow","max-snippet":"max-snippet:-1","max-image-preview":"max-image-preview:large","max-video-preview":"max-video-preview:-1"},"canonical":"https:\/\/lahingupood.ee\/en\/product\/matrix-protecti-gen2-plaadikandja-v7-roc\/","og_locale":"en_GB","og_type":"article","og_title":"Matrix Protecti GEN2 plaadikandja V7 ROC 80 ja ROC 40 kiirkinnituspannaldega ning GEN2 cummerbundi V7 s\u00fcsteemiga, EE digi","og_description":"Matrix Protecti GEN2 Plaadikandja V7 on k\u00f5ige uuem ja innovatiimsem Matrix Protecti plaadikandjate\u00a0 mudel. V7 mudelil on kasutatud laserl\u00f5igatud detaile, k\u00f5i","og_url":"https:\/\/lahingupood.ee\/en\/product\/matrix-protecti-gen2-plaadikandja-v7-roc\/","og_site_name":"Lahingurada e-pood","article_publisher":"https:\/\/www.facebook.com\/Lahingurada-629940247212967","article_modified_time":"2025-03-18T10:50:11+00:00","og_image":[{"width":800,"height":500,"url":"https:\/\/lahingupood.ee\/wp-content\/uploads\/2022\/03\/lahingurada-220318.jpg","type":"image\/jpeg"}],"twitter_card":"summary_large_image","twitter_misc":{"Estimated reading time":"3 minutes"},"schema":{"@context":"https:\/\/schema.org","@graph":[{"@type":"WebPage","@id":"https:\/\/lahingupood.ee\/toode\/matrix-protecti-gen2-plaadikandja-v7-roc\/","url":"https:\/\/lahingupood.ee\/toode\/matrix-protecti-gen2-plaadikandja-v7-roc\/","name":"Matrix Protecti GEN2 plaadikandja V7 ROC 80 ja ROC 40 kiirkinnituspannaldega ning GEN2 cummerbundi V7 s\u00fcsteemiga, EE digi - Lahingurada e-pood","isPartOf":{"@id":"https:\/\/lahingupood.ee\/#website"},"primaryImageOfPage":{"@id":"https:\/\/lahingupood.ee\/toode\/matrix-protecti-gen2-plaadikandja-v7-roc\/#primaryimage"},"image":{"@id":"https:\/\/lahingupood.ee\/toode\/matrix-protecti-gen2-plaadikandja-v7-roc\/#primaryimage"},"thumbnailUrl":"https:\/\/lahingupood.ee\/wp-content\/uploads\/2025\/03\/Matrix-vest.avif","datePublished":"2025-03-06T13:10:36+00:00","dateModified":"2025-03-18T10:50:11+00:00","description":"Matrix Protecti GEN2 Plaadikandja V7 on k\u00f5ige uuem ja innovatiimsem Matrix Protecti plaadikandjate\u00a0 mudel. V7 mudelil on kasutatud laserl\u00f5igatud detaile, k\u00f5i","breadcrumb":{"@id":"https:\/\/lahingupood.ee\/toode\/matrix-protecti-gen2-plaadikandja-v7-roc\/#breadcrumb"},"inLanguage":"en-GB","potentialAction":[{"@type":"ReadAction","target":["https:\/\/lahingupood.ee\/toode\/matrix-protecti-gen2-plaadikandja-v7-roc\/"]}]},{"@type":"ImageObject","inLanguage":"en-GB","@id":"https:\/\/lahingupood.ee\/toode\/matrix-protecti-gen2-plaadikandja-v7-roc\/#primaryimage","url":"https:\/\/lahingupood.ee\/wp-content\/uploads\/2025\/03\/Matrix-vest.avif","contentUrl":"https:\/\/lahingupood.ee\/wp-content\/uploads\/2025\/03\/Matrix-vest.avif","width":1080,"height":1080},{"@type":"BreadcrumbList","@id":"https:\/\/lahingupood.ee\/toode\/matrix-protecti-gen2-plaadikandja-v7-roc\/#breadcrumb","itemListElement":[{"@type":"ListItem","position":1,"name":"Home","item":"https:\/\/lahingupood.ee\/"},{"@type":"ListItem","position":2,"name":"Tooted","item":"https:\/\/lahingupood.ee\/tooted\/"},{"@type":"ListItem","position":3,"name":"Matrix Protecti GEN2 plaadikandja V7 ROC 80 ja ROC 40 kiirkinnituspannaldega ning GEN2 cummerbundi V7 s\u00fcsteemiga, EE digi"}]},{"@type":"WebSite","@id":"https:\/\/lahingupood.ee\/#website","url":"https:\/\/lahingupood.ee\/","name":"Lahingurada e-pood","description":"Airsoft","publisher":{"@id":"https:\/\/lahingupood.ee\/#organization"},"potentialAction":[{"@type":"SearchAction","target":{"@type":"EntryPoint","urlTemplate":"https:\/\/lahingupood.ee\/?s={search_term_string}"},"query-input":{"@type":"PropertyValueSpecification","valueRequired":true,"valueName":"search_term_string"}}],"inLanguage":"en-GB"},{"@type":"Organization","@id":"https:\/\/lahingupood.ee\/#organization","name":"Lahingurada","url":"https:\/\/lahingupood.ee\/","logo":{"@type":"ImageObject","inLanguage":"en-GB","@id":"https:\/\/lahingupood.ee\/#\/schema\/logo\/image\/","url":"https:\/\/lahingupood.ee\/wp-content\/uploads\/2022\/03\/lahingurada-220318.jpg","contentUrl":"https:\/\/lahingupood.ee\/wp-content\/uploads\/2022\/03\/lahingurada-220318.jpg","width":800,"height":500,"caption":"Lahingurada"},"image":{"@id":"https:\/\/lahingupood.ee\/#\/schema\/logo\/image\/"},"sameAs":["https:\/\/www.facebook.com\/Lahingurada-629940247212967"]}]}},"_links":{"self":[{"href":"https:\/\/lahingupood.ee\/en\/wp-json\/wp\/v2\/product\/5743","targetHints":{"allow":["GET"]}}],"collection":[{"href":"https:\/\/lahingupood.ee\/en\/wp-json\/wp\/v2\/product"}],"about":[{"href":"https:\/\/lahingupood.ee\/en\/wp-json\/wp\/v2\/types\/product"}],"wp:featuredmedia":[{"embeddable":true,"href":"https:\/\/lahingupood.ee\/en\/wp-json\/wp\/v2\/media\/5744"}],"wp:attachment":[{"href":"https:\/\/lahingupood.ee\/en\/wp-json\/wp\/v2\/media?parent=5743"}],"wp:term":[{"taxonomy":"product_brand","embeddable":true,"href":"https:\/\/lahingupood.ee\/en\/wp-json\/wp\/v2\/product_brand?post=5743"},{"taxonomy":"product_cat","embeddable":true,"href":"https:\/\/lahingupood.ee\/en\/wp-json\/wp\/v2\/product_cat?post=5743"},{"taxonomy":"product_tag","embeddable":true,"href":"https:\/\/lahingupood.ee\/en\/wp-json\/wp\/v2\/product_tag?post=5743"}],"curies":[{"name":"wp","href":"https:\/\/api.w.org\/{rel}","templated":true}]}}