{"id":5711,"date":"2025-03-01T20:56:29","date_gmt":"2025-03-01T18:56:29","guid":{"rendered":"https:\/\/lahingupood.ee\/?post_type=product&#038;p=5711"},"modified":"2026-05-02T21:30:02","modified_gmt":"2026-05-02T18:30:02","slug":"plb-belt-invader-gear-ranger-green","status":"publish","type":"product","link":"https:\/\/lahingupood.ee\/en\/product\/plb-belt-invader-gear-ranger-green\/","title":{"rendered":"PLB Belt Invader Gear Ranger Green"},"content":{"rendered":"<p>Reguleeritava suurusega lahing v\u00f6\u00f6 PLB Belt Invader Gear Ranger Green on taktikaline v\u00f6\u00f6, mis on m\u00f5eldud lisavarustuse kandmiseks airsoftis ja v\u00e4litegevustes. See pakub tugevat alust MOLLE taskutele ja muule varustusele. Kavliteetne ja mugav v\u00f6\u00f6 tootjalt Invader Gear. Tugevast materjalist valmistatud v\u00f6\u00f6 talub intensiivset kasutamist ja v\u00e4litingimusi, s\u00e4ilitades oma kuju ja funktsionaalsuse.<\/p>","protected":false},"excerpt":{"rendered":"<p>Reguleeritava suurusega lahing v\u00f6\u00f6 PLB Belt Invader Gear Ranger Green on taktikaline v\u00f6\u00f6, mis on m\u00f5eldud lisavarustuse kandmiseks airsoftis ja v\u00e4litegevustes. See pakub tugevat alust MOLLE taskutele ja muule varustusele. Kavliteetne ja mugav v\u00f6\u00f6 tootjalt Invader Gear. Tugevast materjalist valmistatud v\u00f6\u00f6 talub intensiivset kasutamist ja v\u00e4litingimusi, s\u00e4ilitades oma kuju ja funktsionaalsuse.<\/p>","protected":false},"featured_media":5712,"template":"","meta":[],"product_brand":[],"product_cat":[45],"product_tag":[],"class_list":{"0":"post-5711","1":"product","2":"type-product","3":"status-publish","4":"has-post-thumbnail","6":"product_cat-vestid-ja-vood","8":"first","9":"instock","10":"taxable","11":"shipping-taxable","12":"purchasable","13":"product-type-simple"},"yoast_head":"<!-- This site is optimized with the Yoast SEO Premium plugin v27.5 (Yoast SEO v27.5) - https:\/\/yoast.com\/product\/yoast-seo-premium-wordpress\/ -->\n<title>PLB Belt Invader Gear Ranger Green \u2013 taktikaline MOLLE v\u00f6\u00f6<\/title>\n<meta name=\"description\" content=\"PLB Belt Invader Gear Ranger Green on reguleeritava suurusega ja vastupidav taktikaline MOLLE v\u00f6\u00f6. Sobib airsoftiks ja varustuse kandmiseks.\" \/>\n<meta name=\"robots\" content=\"index, follow, max-snippet:-1, max-image-preview:large, max-video-preview:-1\" \/>\n<link rel=\"canonical\" href=\"https:\/\/lahingupood.ee\/en\/product\/plb-belt-invader-gear-ranger-green\/\" \/>\n<meta property=\"og:locale\" content=\"en_GB\" \/>\n<meta property=\"og:type\" content=\"article\" \/>\n<meta property=\"og:title\" content=\"PLB Belt Invader Gear Ranger Green\" \/>\n<meta property=\"og:description\" content=\"PLB Belt Invader Gear Ranger Green on reguleeritava suurusega ja vastupidav taktikaline MOLLE v\u00f6\u00f6. Sobib airsoftiks ja varustuse kandmiseks.\" \/>\n<meta property=\"og:url\" content=\"https:\/\/lahingupood.ee\/en\/product\/plb-belt-invader-gear-ranger-green\/\" \/>\n<meta property=\"og:site_name\" content=\"Lahingurada e-pood\" \/>\n<meta property=\"article:publisher\" content=\"https:\/\/www.facebook.com\/Lahingurada-629940247212967\" \/>\n<meta property=\"article:modified_time\" content=\"2026-05-02T18:30:02+00:00\" \/>\n<meta property=\"og:image\" content=\"https:\/\/lahingupood.ee\/wp-content\/uploads\/2022\/03\/lahingurada-220318.jpg\" \/>\n\t<meta property=\"og:image:width\" content=\"800\" \/>\n\t<meta property=\"og:image:height\" content=\"500\" \/>\n\t<meta property=\"og:image:type\" content=\"image\/jpeg\" \/>\n<meta name=\"twitter:card\" content=\"summary_large_image\" \/>\n<meta name=\"twitter:label1\" content=\"Estimated reading time\" \/>\n\t<meta name=\"twitter:data1\" content=\"1 minute\" \/>\n<script type=\"application\/ld+json\" class=\"yoast-schema-graph\">{\"@context\":\"https:\\\/\\\/schema.org\",\"@graph\":[{\"@type\":\"WebPage\",\"@id\":\"https:\\\/\\\/lahingupood.ee\\\/toode\\\/plb-belt-invader-gear-ranger-green\\\/\",\"url\":\"https:\\\/\\\/lahingupood.ee\\\/toode\\\/plb-belt-invader-gear-ranger-green\\\/\",\"name\":\"PLB Belt Invader Gear Ranger Green \u2013 taktikaline MOLLE v\u00f6\u00f6\",\"isPartOf\":{\"@id\":\"https:\\\/\\\/lahingupood.ee\\\/#website\"},\"primaryImageOfPage\":{\"@id\":\"https:\\\/\\\/lahingupood.ee\\\/toode\\\/plb-belt-invader-gear-ranger-green\\\/#primaryimage\"},\"image\":{\"@id\":\"https:\\\/\\\/lahingupood.ee\\\/toode\\\/plb-belt-invader-gear-ranger-green\\\/#primaryimage\"},\"thumbnailUrl\":\"https:\\\/\\\/lahingupood.ee\\\/wp-content\\\/uploads\\\/2025\\\/03\\\/Invader-voo.avif\",\"datePublished\":\"2025-03-01T18:56:29+00:00\",\"dateModified\":\"2026-05-02T18:30:02+00:00\",\"description\":\"PLB Belt Invader Gear Ranger Green on reguleeritava suurusega ja vastupidav taktikaline MOLLE v\u00f6\u00f6. Sobib airsoftiks ja varustuse kandmiseks.\",\"breadcrumb\":{\"@id\":\"https:\\\/\\\/lahingupood.ee\\\/toode\\\/plb-belt-invader-gear-ranger-green\\\/#breadcrumb\"},\"inLanguage\":\"en-GB\",\"potentialAction\":[{\"@type\":\"ReadAction\",\"target\":[\"https:\\\/\\\/lahingupood.ee\\\/toode\\\/plb-belt-invader-gear-ranger-green\\\/\"]}]},{\"@type\":\"ImageObject\",\"inLanguage\":\"en-GB\",\"@id\":\"https:\\\/\\\/lahingupood.ee\\\/toode\\\/plb-belt-invader-gear-ranger-green\\\/#primaryimage\",\"url\":\"https:\\\/\\\/lahingupood.ee\\\/wp-content\\\/uploads\\\/2025\\\/03\\\/Invader-voo.avif\",\"contentUrl\":\"https:\\\/\\\/lahingupood.ee\\\/wp-content\\\/uploads\\\/2025\\\/03\\\/Invader-voo.avif\",\"width\":1920,\"height\":1344,\"caption\":\"PLB Belt Invader Gear Ranger Green \u2013 vastupidav MOLLE taktikaline v\u00f6\u00f6 airsoftiks ja varustuse kandmiseks.\"},{\"@type\":\"BreadcrumbList\",\"@id\":\"https:\\\/\\\/lahingupood.ee\\\/toode\\\/plb-belt-invader-gear-ranger-green\\\/#breadcrumb\",\"itemListElement\":[{\"@type\":\"ListItem\",\"position\":1,\"name\":\"Home\",\"item\":\"https:\\\/\\\/lahingupood.ee\\\/\"},{\"@type\":\"ListItem\",\"position\":2,\"name\":\"Tooted\",\"item\":\"https:\\\/\\\/lahingupood.ee\\\/tooted\\\/\"},{\"@type\":\"ListItem\",\"position\":3,\"name\":\"PLB Belt Invader Gear Ranger Green\"}]},{\"@type\":\"WebSite\",\"@id\":\"https:\\\/\\\/lahingupood.ee\\\/#website\",\"url\":\"https:\\\/\\\/lahingupood.ee\\\/\",\"name\":\"Lahingurada e-pood\",\"description\":\"Airsoft\",\"publisher\":{\"@id\":\"https:\\\/\\\/lahingupood.ee\\\/#organization\"},\"potentialAction\":[{\"@type\":\"SearchAction\",\"target\":{\"@type\":\"EntryPoint\",\"urlTemplate\":\"https:\\\/\\\/lahingupood.ee\\\/?s={search_term_string}\"},\"query-input\":{\"@type\":\"PropertyValueSpecification\",\"valueRequired\":true,\"valueName\":\"search_term_string\"}}],\"inLanguage\":\"en-GB\"},{\"@type\":\"Organization\",\"@id\":\"https:\\\/\\\/lahingupood.ee\\\/#organization\",\"name\":\"Lahingurada\",\"url\":\"https:\\\/\\\/lahingupood.ee\\\/\",\"logo\":{\"@type\":\"ImageObject\",\"inLanguage\":\"en-GB\",\"@id\":\"https:\\\/\\\/lahingupood.ee\\\/#\\\/schema\\\/logo\\\/image\\\/\",\"url\":\"https:\\\/\\\/lahingupood.ee\\\/wp-content\\\/uploads\\\/2022\\\/03\\\/lahingurada-220318.jpg\",\"contentUrl\":\"https:\\\/\\\/lahingupood.ee\\\/wp-content\\\/uploads\\\/2022\\\/03\\\/lahingurada-220318.jpg\",\"width\":800,\"height\":500,\"caption\":\"Lahingurada\"},\"image\":{\"@id\":\"https:\\\/\\\/lahingupood.ee\\\/#\\\/schema\\\/logo\\\/image\\\/\"},\"sameAs\":[\"https:\\\/\\\/www.facebook.com\\\/Lahingurada-629940247212967\"]}]}<\/script>\n<!-- \/ Yoast SEO Premium plugin. -->","yoast_head_json":{"title":"PLB Belt Invader Gear Ranger Green \u2013 taktikaline MOLLE v\u00f6\u00f6","description":"PLB Belt Invader Gear Ranger Green on reguleeritava suurusega ja vastupidav taktikaline MOLLE v\u00f6\u00f6. Sobib airsoftiks ja varustuse kandmiseks.","robots":{"index":"index","follow":"follow","max-snippet":"max-snippet:-1","max-image-preview":"max-image-preview:large","max-video-preview":"max-video-preview:-1"},"canonical":"https:\/\/lahingupood.ee\/en\/product\/plb-belt-invader-gear-ranger-green\/","og_locale":"en_GB","og_type":"article","og_title":"PLB Belt Invader Gear Ranger Green","og_description":"PLB Belt Invader Gear Ranger Green on reguleeritava suurusega ja vastupidav taktikaline MOLLE v\u00f6\u00f6. Sobib airsoftiks ja varustuse kandmiseks.","og_url":"https:\/\/lahingupood.ee\/en\/product\/plb-belt-invader-gear-ranger-green\/","og_site_name":"Lahingurada e-pood","article_publisher":"https:\/\/www.facebook.com\/Lahingurada-629940247212967","article_modified_time":"2026-05-02T18:30:02+00:00","og_image":[{"width":800,"height":500,"url":"https:\/\/lahingupood.ee\/wp-content\/uploads\/2022\/03\/lahingurada-220318.jpg","type":"image\/jpeg"}],"twitter_card":"summary_large_image","twitter_misc":{"Estimated reading time":"1 minute"},"schema":{"@context":"https:\/\/schema.org","@graph":[{"@type":"WebPage","@id":"https:\/\/lahingupood.ee\/toode\/plb-belt-invader-gear-ranger-green\/","url":"https:\/\/lahingupood.ee\/toode\/plb-belt-invader-gear-ranger-green\/","name":"PLB Belt Invader Gear Ranger Green \u2013 taktikaline MOLLE v\u00f6\u00f6","isPartOf":{"@id":"https:\/\/lahingupood.ee\/#website"},"primaryImageOfPage":{"@id":"https:\/\/lahingupood.ee\/toode\/plb-belt-invader-gear-ranger-green\/#primaryimage"},"image":{"@id":"https:\/\/lahingupood.ee\/toode\/plb-belt-invader-gear-ranger-green\/#primaryimage"},"thumbnailUrl":"https:\/\/lahingupood.ee\/wp-content\/uploads\/2025\/03\/Invader-voo.avif","datePublished":"2025-03-01T18:56:29+00:00","dateModified":"2026-05-02T18:30:02+00:00","description":"PLB Belt Invader Gear Ranger Green on reguleeritava suurusega ja vastupidav taktikaline MOLLE v\u00f6\u00f6. Sobib airsoftiks ja varustuse kandmiseks.","breadcrumb":{"@id":"https:\/\/lahingupood.ee\/toode\/plb-belt-invader-gear-ranger-green\/#breadcrumb"},"inLanguage":"en-GB","potentialAction":[{"@type":"ReadAction","target":["https:\/\/lahingupood.ee\/toode\/plb-belt-invader-gear-ranger-green\/"]}]},{"@type":"ImageObject","inLanguage":"en-GB","@id":"https:\/\/lahingupood.ee\/toode\/plb-belt-invader-gear-ranger-green\/#primaryimage","url":"https:\/\/lahingupood.ee\/wp-content\/uploads\/2025\/03\/Invader-voo.avif","contentUrl":"https:\/\/lahingupood.ee\/wp-content\/uploads\/2025\/03\/Invader-voo.avif","width":1920,"height":1344,"caption":"PLB Belt Invader Gear Ranger Green \u2013 vastupidav MOLLE taktikaline v\u00f6\u00f6 airsoftiks ja varustuse kandmiseks."},{"@type":"BreadcrumbList","@id":"https:\/\/lahingupood.ee\/toode\/plb-belt-invader-gear-ranger-green\/#breadcrumb","itemListElement":[{"@type":"ListItem","position":1,"name":"Home","item":"https:\/\/lahingupood.ee\/"},{"@type":"ListItem","position":2,"name":"Tooted","item":"https:\/\/lahingupood.ee\/tooted\/"},{"@type":"ListItem","position":3,"name":"PLB Belt Invader Gear Ranger Green"}]},{"@type":"WebSite","@id":"https:\/\/lahingupood.ee\/#website","url":"https:\/\/lahingupood.ee\/","name":"Lahingurada e-pood","description":"Airsoft","publisher":{"@id":"https:\/\/lahingupood.ee\/#organization"},"potentialAction":[{"@type":"SearchAction","target":{"@type":"EntryPoint","urlTemplate":"https:\/\/lahingupood.ee\/?s={search_term_string}"},"query-input":{"@type":"PropertyValueSpecification","valueRequired":true,"valueName":"search_term_string"}}],"inLanguage":"en-GB"},{"@type":"Organization","@id":"https:\/\/lahingupood.ee\/#organization","name":"Lahingurada","url":"https:\/\/lahingupood.ee\/","logo":{"@type":"ImageObject","inLanguage":"en-GB","@id":"https:\/\/lahingupood.ee\/#\/schema\/logo\/image\/","url":"https:\/\/lahingupood.ee\/wp-content\/uploads\/2022\/03\/lahingurada-220318.jpg","contentUrl":"https:\/\/lahingupood.ee\/wp-content\/uploads\/2022\/03\/lahingurada-220318.jpg","width":800,"height":500,"caption":"Lahingurada"},"image":{"@id":"https:\/\/lahingupood.ee\/#\/schema\/logo\/image\/"},"sameAs":["https:\/\/www.facebook.com\/Lahingurada-629940247212967"]}]}},"_links":{"self":[{"href":"https:\/\/lahingupood.ee\/en\/wp-json\/wp\/v2\/product\/5711","targetHints":{"allow":["GET"]}}],"collection":[{"href":"https:\/\/lahingupood.ee\/en\/wp-json\/wp\/v2\/product"}],"about":[{"href":"https:\/\/lahingupood.ee\/en\/wp-json\/wp\/v2\/types\/product"}],"wp:featuredmedia":[{"embeddable":true,"href":"https:\/\/lahingupood.ee\/en\/wp-json\/wp\/v2\/media\/5712"}],"wp:attachment":[{"href":"https:\/\/lahingupood.ee\/en\/wp-json\/wp\/v2\/media?parent=5711"}],"wp:term":[{"taxonomy":"product_brand","embeddable":true,"href":"https:\/\/lahingupood.ee\/en\/wp-json\/wp\/v2\/product_brand?post=5711"},{"taxonomy":"product_cat","embeddable":true,"href":"https:\/\/lahingupood.ee\/en\/wp-json\/wp\/v2\/product_cat?post=5711"},{"taxonomy":"product_tag","embeddable":true,"href":"https:\/\/lahingupood.ee\/en\/wp-json\/wp\/v2\/product_tag?post=5711"}],"curies":[{"name":"wp","href":"https:\/\/api.w.org\/{rel}","templated":true}]}}