{"id":5698,"date":"2025-03-01T14:29:21","date_gmt":"2025-03-01T12:29:21","guid":{"rendered":"https:\/\/lahingupood.ee\/?post_type=product&#038;p=5698"},"modified":"2025-03-01T14:29:21","modified_gmt":"2025-03-01T12:29:21","slug":"pustoli-lamp","status":"publish","type":"product","link":"https:\/\/lahingupood.ee\/en\/product\/pustoli-lamp\/","title":{"rendered":"P\u00fcstoli lamp"},"content":{"rendered":"<p>P\u00fcstolile m\u00f5eldud lamp. Sobib p\u00fcstolitele millel on reil. Ereda valgusega ja mugavalt kasutatav.<\/p>\n<p>T\u00f6\u00f6tab kahe CR123 patareiga<\/p>","protected":false},"excerpt":{"rendered":"<p>P\u00fcstolile m\u00f5eldud lamp. Sobib p\u00fcstolitele millel on reil. Ereda valgusega ja mugavalt kasutatav. T\u00f6\u00f6tab kahe CR123 patareiga<\/p>","protected":false},"featured_media":5696,"template":"","meta":[],"product_brand":[],"product_cat":[93],"product_tag":[],"class_list":{"0":"post-5698","1":"product","2":"type-product","3":"status-publish","4":"has-post-thumbnail","6":"product_cat-lambid-ja-laserid","8":"first","9":"instock","10":"taxable","11":"shipping-taxable","12":"purchasable","13":"product-type-simple"},"yoast_head":"<!-- This site is optimized with the Yoast SEO Premium plugin v27.3 (Yoast SEO v27.3) - https:\/\/yoast.com\/product\/yoast-seo-premium-wordpress\/ -->\n<title>P\u00fcstoli lamp - Lahingurada e-pood<\/title>\n<meta name=\"description\" content=\"P\u00fcstoli lamp. P\u00fcstolile m\u00f5eldud lamp. Sobib p\u00fcstolitele millel on reil. Ereda valgusega ja mugavalt kasutatav.\u00a0T\u00f6\u00f6tab kahe CR123 patareiga\" \/>\n<meta name=\"robots\" content=\"index, follow, max-snippet:-1, max-image-preview:large, max-video-preview:-1\" \/>\n<link rel=\"canonical\" href=\"https:\/\/lahingupood.ee\/en\/product\/pustoli-lamp\/\" \/>\n<meta property=\"og:locale\" content=\"en_GB\" \/>\n<meta property=\"og:type\" content=\"article\" \/>\n<meta property=\"og:title\" content=\"P\u00fcstoli lamp\" \/>\n<meta property=\"og:description\" content=\"P\u00fcstoli lamp. P\u00fcstolile m\u00f5eldud lamp. Sobib p\u00fcstolitele millel on reil. Ereda valgusega ja mugavalt kasutatav.\u00a0T\u00f6\u00f6tab kahe CR123 patareiga\" \/>\n<meta property=\"og:url\" content=\"https:\/\/lahingupood.ee\/en\/product\/pustoli-lamp\/\" \/>\n<meta property=\"og:site_name\" content=\"Lahingurada e-pood\" \/>\n<meta property=\"article:publisher\" content=\"https:\/\/www.facebook.com\/Lahingurada-629940247212967\" \/>\n<meta property=\"og:image\" content=\"https:\/\/lahingupood.ee\/wp-content\/uploads\/2022\/03\/lahingurada-220318.jpg\" \/>\n\t<meta property=\"og:image:width\" content=\"800\" \/>\n\t<meta property=\"og:image:height\" content=\"500\" \/>\n\t<meta property=\"og:image:type\" content=\"image\/jpeg\" \/>\n<meta name=\"twitter:card\" content=\"summary_large_image\" \/>\n<meta name=\"twitter:label1\" content=\"Estimated reading time\" \/>\n\t<meta name=\"twitter:data1\" content=\"1 minute\" \/>\n<script type=\"application\/ld+json\" class=\"yoast-schema-graph\">{\"@context\":\"https:\\\/\\\/schema.org\",\"@graph\":[{\"@type\":\"WebPage\",\"@id\":\"https:\\\/\\\/lahingupood.ee\\\/toode\\\/pustoli-lamp\\\/\",\"url\":\"https:\\\/\\\/lahingupood.ee\\\/toode\\\/pustoli-lamp\\\/\",\"name\":\"P\u00fcstoli lamp - Lahingurada e-pood\",\"isPartOf\":{\"@id\":\"https:\\\/\\\/lahingupood.ee\\\/#website\"},\"primaryImageOfPage\":{\"@id\":\"https:\\\/\\\/lahingupood.ee\\\/toode\\\/pustoli-lamp\\\/#primaryimage\"},\"image\":{\"@id\":\"https:\\\/\\\/lahingupood.ee\\\/toode\\\/pustoli-lamp\\\/#primaryimage\"},\"thumbnailUrl\":\"https:\\\/\\\/lahingupood.ee\\\/wp-content\\\/uploads\\\/2025\\\/03\\\/20250301_113514.jpg\",\"datePublished\":\"2025-03-01T12:29:21+00:00\",\"description\":\"P\u00fcstoli lamp. P\u00fcstolile m\u00f5eldud lamp. Sobib p\u00fcstolitele millel on reil. Ereda valgusega ja mugavalt kasutatav.\u00a0T\u00f6\u00f6tab kahe CR123 patareiga\",\"breadcrumb\":{\"@id\":\"https:\\\/\\\/lahingupood.ee\\\/toode\\\/pustoli-lamp\\\/#breadcrumb\"},\"inLanguage\":\"en-GB\",\"potentialAction\":[{\"@type\":\"ReadAction\",\"target\":[\"https:\\\/\\\/lahingupood.ee\\\/toode\\\/pustoli-lamp\\\/\"]}]},{\"@type\":\"ImageObject\",\"inLanguage\":\"en-GB\",\"@id\":\"https:\\\/\\\/lahingupood.ee\\\/toode\\\/pustoli-lamp\\\/#primaryimage\",\"url\":\"https:\\\/\\\/lahingupood.ee\\\/wp-content\\\/uploads\\\/2025\\\/03\\\/20250301_113514.jpg\",\"contentUrl\":\"https:\\\/\\\/lahingupood.ee\\\/wp-content\\\/uploads\\\/2025\\\/03\\\/20250301_113514.jpg\",\"width\":4624,\"height\":3468},{\"@type\":\"BreadcrumbList\",\"@id\":\"https:\\\/\\\/lahingupood.ee\\\/toode\\\/pustoli-lamp\\\/#breadcrumb\",\"itemListElement\":[{\"@type\":\"ListItem\",\"position\":1,\"name\":\"Home\",\"item\":\"https:\\\/\\\/lahingupood.ee\\\/\"},{\"@type\":\"ListItem\",\"position\":2,\"name\":\"Tooted\",\"item\":\"https:\\\/\\\/lahingupood.ee\\\/tooted\\\/\"},{\"@type\":\"ListItem\",\"position\":3,\"name\":\"P\u00fcstoli lamp\"}]},{\"@type\":\"WebSite\",\"@id\":\"https:\\\/\\\/lahingupood.ee\\\/#website\",\"url\":\"https:\\\/\\\/lahingupood.ee\\\/\",\"name\":\"Lahingurada e-pood\",\"description\":\"Airsoft\",\"publisher\":{\"@id\":\"https:\\\/\\\/lahingupood.ee\\\/#organization\"},\"potentialAction\":[{\"@type\":\"SearchAction\",\"target\":{\"@type\":\"EntryPoint\",\"urlTemplate\":\"https:\\\/\\\/lahingupood.ee\\\/?s={search_term_string}\"},\"query-input\":{\"@type\":\"PropertyValueSpecification\",\"valueRequired\":true,\"valueName\":\"search_term_string\"}}],\"inLanguage\":\"en-GB\"},{\"@type\":\"Organization\",\"@id\":\"https:\\\/\\\/lahingupood.ee\\\/#organization\",\"name\":\"Lahingurada\",\"url\":\"https:\\\/\\\/lahingupood.ee\\\/\",\"logo\":{\"@type\":\"ImageObject\",\"inLanguage\":\"en-GB\",\"@id\":\"https:\\\/\\\/lahingupood.ee\\\/#\\\/schema\\\/logo\\\/image\\\/\",\"url\":\"https:\\\/\\\/lahingupood.ee\\\/wp-content\\\/uploads\\\/2022\\\/03\\\/lahingurada-220318.jpg\",\"contentUrl\":\"https:\\\/\\\/lahingupood.ee\\\/wp-content\\\/uploads\\\/2022\\\/03\\\/lahingurada-220318.jpg\",\"width\":800,\"height\":500,\"caption\":\"Lahingurada\"},\"image\":{\"@id\":\"https:\\\/\\\/lahingupood.ee\\\/#\\\/schema\\\/logo\\\/image\\\/\"},\"sameAs\":[\"https:\\\/\\\/www.facebook.com\\\/Lahingurada-629940247212967\"]}]}<\/script>\n<!-- \/ Yoast SEO Premium plugin. -->","yoast_head_json":{"title":"P\u00fcstoli lamp - Lahingurada e-pood","description":"P\u00fcstoli lamp. P\u00fcstolile m\u00f5eldud lamp. Sobib p\u00fcstolitele millel on reil. Ereda valgusega ja mugavalt kasutatav.\u00a0T\u00f6\u00f6tab kahe CR123 patareiga","robots":{"index":"index","follow":"follow","max-snippet":"max-snippet:-1","max-image-preview":"max-image-preview:large","max-video-preview":"max-video-preview:-1"},"canonical":"https:\/\/lahingupood.ee\/en\/product\/pustoli-lamp\/","og_locale":"en_GB","og_type":"article","og_title":"P\u00fcstoli lamp","og_description":"P\u00fcstoli lamp. P\u00fcstolile m\u00f5eldud lamp. Sobib p\u00fcstolitele millel on reil. Ereda valgusega ja mugavalt kasutatav.\u00a0T\u00f6\u00f6tab kahe CR123 patareiga","og_url":"https:\/\/lahingupood.ee\/en\/product\/pustoli-lamp\/","og_site_name":"Lahingurada e-pood","article_publisher":"https:\/\/www.facebook.com\/Lahingurada-629940247212967","og_image":[{"width":800,"height":500,"url":"https:\/\/lahingupood.ee\/wp-content\/uploads\/2022\/03\/lahingurada-220318.jpg","type":"image\/jpeg"}],"twitter_card":"summary_large_image","twitter_misc":{"Estimated reading time":"1 minute"},"schema":{"@context":"https:\/\/schema.org","@graph":[{"@type":"WebPage","@id":"https:\/\/lahingupood.ee\/toode\/pustoli-lamp\/","url":"https:\/\/lahingupood.ee\/toode\/pustoli-lamp\/","name":"P\u00fcstoli lamp - Lahingurada e-pood","isPartOf":{"@id":"https:\/\/lahingupood.ee\/#website"},"primaryImageOfPage":{"@id":"https:\/\/lahingupood.ee\/toode\/pustoli-lamp\/#primaryimage"},"image":{"@id":"https:\/\/lahingupood.ee\/toode\/pustoli-lamp\/#primaryimage"},"thumbnailUrl":"https:\/\/lahingupood.ee\/wp-content\/uploads\/2025\/03\/20250301_113514.jpg","datePublished":"2025-03-01T12:29:21+00:00","description":"P\u00fcstoli lamp. P\u00fcstolile m\u00f5eldud lamp. Sobib p\u00fcstolitele millel on reil. Ereda valgusega ja mugavalt kasutatav.\u00a0T\u00f6\u00f6tab kahe CR123 patareiga","breadcrumb":{"@id":"https:\/\/lahingupood.ee\/toode\/pustoli-lamp\/#breadcrumb"},"inLanguage":"en-GB","potentialAction":[{"@type":"ReadAction","target":["https:\/\/lahingupood.ee\/toode\/pustoli-lamp\/"]}]},{"@type":"ImageObject","inLanguage":"en-GB","@id":"https:\/\/lahingupood.ee\/toode\/pustoli-lamp\/#primaryimage","url":"https:\/\/lahingupood.ee\/wp-content\/uploads\/2025\/03\/20250301_113514.jpg","contentUrl":"https:\/\/lahingupood.ee\/wp-content\/uploads\/2025\/03\/20250301_113514.jpg","width":4624,"height":3468},{"@type":"BreadcrumbList","@id":"https:\/\/lahingupood.ee\/toode\/pustoli-lamp\/#breadcrumb","itemListElement":[{"@type":"ListItem","position":1,"name":"Home","item":"https:\/\/lahingupood.ee\/"},{"@type":"ListItem","position":2,"name":"Tooted","item":"https:\/\/lahingupood.ee\/tooted\/"},{"@type":"ListItem","position":3,"name":"P\u00fcstoli lamp"}]},{"@type":"WebSite","@id":"https:\/\/lahingupood.ee\/#website","url":"https:\/\/lahingupood.ee\/","name":"Lahingurada e-pood","description":"Airsoft","publisher":{"@id":"https:\/\/lahingupood.ee\/#organization"},"potentialAction":[{"@type":"SearchAction","target":{"@type":"EntryPoint","urlTemplate":"https:\/\/lahingupood.ee\/?s={search_term_string}"},"query-input":{"@type":"PropertyValueSpecification","valueRequired":true,"valueName":"search_term_string"}}],"inLanguage":"en-GB"},{"@type":"Organization","@id":"https:\/\/lahingupood.ee\/#organization","name":"Lahingurada","url":"https:\/\/lahingupood.ee\/","logo":{"@type":"ImageObject","inLanguage":"en-GB","@id":"https:\/\/lahingupood.ee\/#\/schema\/logo\/image\/","url":"https:\/\/lahingupood.ee\/wp-content\/uploads\/2022\/03\/lahingurada-220318.jpg","contentUrl":"https:\/\/lahingupood.ee\/wp-content\/uploads\/2022\/03\/lahingurada-220318.jpg","width":800,"height":500,"caption":"Lahingurada"},"image":{"@id":"https:\/\/lahingupood.ee\/#\/schema\/logo\/image\/"},"sameAs":["https:\/\/www.facebook.com\/Lahingurada-629940247212967"]}]}},"_links":{"self":[{"href":"https:\/\/lahingupood.ee\/en\/wp-json\/wp\/v2\/product\/5698","targetHints":{"allow":["GET"]}}],"collection":[{"href":"https:\/\/lahingupood.ee\/en\/wp-json\/wp\/v2\/product"}],"about":[{"href":"https:\/\/lahingupood.ee\/en\/wp-json\/wp\/v2\/types\/product"}],"wp:featuredmedia":[{"embeddable":true,"href":"https:\/\/lahingupood.ee\/en\/wp-json\/wp\/v2\/media\/5696"}],"wp:attachment":[{"href":"https:\/\/lahingupood.ee\/en\/wp-json\/wp\/v2\/media?parent=5698"}],"wp:term":[{"taxonomy":"product_brand","embeddable":true,"href":"https:\/\/lahingupood.ee\/en\/wp-json\/wp\/v2\/product_brand?post=5698"},{"taxonomy":"product_cat","embeddable":true,"href":"https:\/\/lahingupood.ee\/en\/wp-json\/wp\/v2\/product_cat?post=5698"},{"taxonomy":"product_tag","embeddable":true,"href":"https:\/\/lahingupood.ee\/en\/wp-json\/wp\/v2\/product_tag?post=5698"}],"curies":[{"name":"wp","href":"https:\/\/api.w.org\/{rel}","templated":true}]}}