{"id":5691,"date":"2025-03-01T14:25:16","date_gmt":"2025-03-01T12:25:16","guid":{"rendered":"https:\/\/lahingupood.ee\/?post_type=product&#038;p=5691"},"modified":"2026-04-20T15:18:33","modified_gmt":"2026-04-20T12:18:33","slug":"korgendus","status":"publish","type":"product","link":"https:\/\/lahingupood.ee\/en\/product\/korgendus\/","title":{"rendered":"K\u00f5rgendus"},"content":{"rendered":"<p data-start=\"317\" data-end=\"569\">Sihiku k\u00f5rgendus mount on praktiline lisatarvik, mis v\u00f5imaldab t\u00f5sta optilist sihikut relva peal sobivale k\u00f5rgusele. See on oluline element nii Airsoft kui ka taktikalises kasutuses, kus \u00f5ige sihikuk\u00f5rgus m\u00f5jutab otseselt mugavust ja sihtimise kiirust.<\/p>\n<p data-start=\"571\" data-end=\"886\">","protected":false},"excerpt":{"rendered":"<p>Sihiku k\u00f5rgendus mount on praktiline lisatarvik, mis v\u00f5imaldab t\u00f5sta optilist sihikut relva peal sobivale k\u00f5rgusele. See on oluline element nii Airsoft kui ka taktikalises kasutuses, kus \u00f5ige sihikuk\u00f5rgus m\u00f5jutab otseselt mugavust ja sihtimise kiirust.<\/p>","protected":false},"featured_media":5693,"template":"","meta":[],"product_brand":[],"product_cat":[179],"product_tag":[],"class_list":{"0":"post-5691","1":"product","2":"type-product","3":"status-publish","4":"has-post-thumbnail","6":"product_cat-reilid-ja-korgendused","8":"first","9":"instock","10":"taxable","11":"shipping-taxable","12":"purchasable","13":"product-type-simple"},"yoast_head":"<!-- This site is optimized with the Yoast SEO Premium plugin v27.5 (Yoast SEO v27.5) - https:\/\/yoast.com\/product\/yoast-seo-premium-wordpress\/ -->\n<title>Sihiku k\u00f5rgendus mount \u2013 madal ja k\u00f5rge<\/title>\n<meta name=\"description\" content=\"Sihiku k\u00f5rgendus mount v\u00f5imaldab t\u00f5sta optika sobivale k\u00f5rgusele, saadaval madal ja k\u00f5rge versioon parema sihtimise jaoks.\" \/>\n<meta name=\"robots\" content=\"index, follow, max-snippet:-1, max-image-preview:large, max-video-preview:-1\" \/>\n<link rel=\"canonical\" href=\"https:\/\/lahingupood.ee\/en\/product\/korgendus\/\" \/>\n<meta property=\"og:locale\" content=\"en_GB\" \/>\n<meta property=\"og:type\" content=\"article\" \/>\n<meta property=\"og:title\" content=\"K\u00f5rgendus\" \/>\n<meta property=\"og:description\" content=\"Sihiku k\u00f5rgendus mount v\u00f5imaldab t\u00f5sta optika sobivale k\u00f5rgusele, saadaval madal ja k\u00f5rge versioon parema sihtimise jaoks.\" \/>\n<meta property=\"og:url\" content=\"https:\/\/lahingupood.ee\/en\/product\/korgendus\/\" \/>\n<meta property=\"og:site_name\" content=\"Lahingurada e-pood\" \/>\n<meta property=\"article:publisher\" content=\"https:\/\/www.facebook.com\/Lahingurada-629940247212967\" \/>\n<meta property=\"article:modified_time\" content=\"2026-04-20T12:18:33+00:00\" \/>\n<meta property=\"og:image\" content=\"https:\/\/lahingupood.ee\/wp-content\/uploads\/2022\/03\/lahingurada-220318.jpg\" \/>\n\t<meta property=\"og:image:width\" content=\"800\" \/>\n\t<meta property=\"og:image:height\" content=\"500\" \/>\n\t<meta property=\"og:image:type\" content=\"image\/jpeg\" \/>\n<meta name=\"twitter:card\" content=\"summary_large_image\" \/>\n<meta name=\"twitter:label1\" content=\"Estimated reading time\" \/>\n\t<meta name=\"twitter:data1\" content=\"1 minute\" \/>\n<script type=\"application\/ld+json\" class=\"yoast-schema-graph\">{\"@context\":\"https:\\\/\\\/schema.org\",\"@graph\":[{\"@type\":\"WebPage\",\"@id\":\"https:\\\/\\\/lahingupood.ee\\\/toode\\\/korgendus\\\/\",\"url\":\"https:\\\/\\\/lahingupood.ee\\\/toode\\\/korgendus\\\/\",\"name\":\"Sihiku k\u00f5rgendus mount \u2013 madal ja k\u00f5rge\",\"isPartOf\":{\"@id\":\"https:\\\/\\\/lahingupood.ee\\\/#website\"},\"primaryImageOfPage\":{\"@id\":\"https:\\\/\\\/lahingupood.ee\\\/toode\\\/korgendus\\\/#primaryimage\"},\"image\":{\"@id\":\"https:\\\/\\\/lahingupood.ee\\\/toode\\\/korgendus\\\/#primaryimage\"},\"thumbnailUrl\":\"https:\\\/\\\/lahingupood.ee\\\/wp-content\\\/uploads\\\/2025\\\/03\\\/20250301_125730-1.jpg\",\"datePublished\":\"2025-03-01T12:25:16+00:00\",\"dateModified\":\"2026-04-20T12:18:33+00:00\",\"description\":\"Sihiku k\u00f5rgendus mount v\u00f5imaldab t\u00f5sta optika sobivale k\u00f5rgusele, saadaval madal ja k\u00f5rge versioon parema sihtimise jaoks.\",\"breadcrumb\":{\"@id\":\"https:\\\/\\\/lahingupood.ee\\\/toode\\\/korgendus\\\/#breadcrumb\"},\"inLanguage\":\"en-GB\",\"potentialAction\":[{\"@type\":\"ReadAction\",\"target\":[\"https:\\\/\\\/lahingupood.ee\\\/toode\\\/korgendus\\\/\"]}]},{\"@type\":\"ImageObject\",\"inLanguage\":\"en-GB\",\"@id\":\"https:\\\/\\\/lahingupood.ee\\\/toode\\\/korgendus\\\/#primaryimage\",\"url\":\"https:\\\/\\\/lahingupood.ee\\\/wp-content\\\/uploads\\\/2025\\\/03\\\/20250301_125730-1.jpg\",\"contentUrl\":\"https:\\\/\\\/lahingupood.ee\\\/wp-content\\\/uploads\\\/2025\\\/03\\\/20250301_125730-1.jpg\",\"width\":4624,\"height\":3468,\"caption\":\"sihiku k\u00f5rgendus mount madal ja k\u00f5rge Picatinny rail red dot t\u00f5ste\"},{\"@type\":\"BreadcrumbList\",\"@id\":\"https:\\\/\\\/lahingupood.ee\\\/toode\\\/korgendus\\\/#breadcrumb\",\"itemListElement\":[{\"@type\":\"ListItem\",\"position\":1,\"name\":\"Home\",\"item\":\"https:\\\/\\\/lahingupood.ee\\\/\"},{\"@type\":\"ListItem\",\"position\":2,\"name\":\"Tooted\",\"item\":\"https:\\\/\\\/lahingupood.ee\\\/tooted\\\/\"},{\"@type\":\"ListItem\",\"position\":3,\"name\":\"K\u00f5rgendus\"}]},{\"@type\":\"WebSite\",\"@id\":\"https:\\\/\\\/lahingupood.ee\\\/#website\",\"url\":\"https:\\\/\\\/lahingupood.ee\\\/\",\"name\":\"Lahingurada e-pood\",\"description\":\"Airsoft\",\"publisher\":{\"@id\":\"https:\\\/\\\/lahingupood.ee\\\/#organization\"},\"potentialAction\":[{\"@type\":\"SearchAction\",\"target\":{\"@type\":\"EntryPoint\",\"urlTemplate\":\"https:\\\/\\\/lahingupood.ee\\\/?s={search_term_string}\"},\"query-input\":{\"@type\":\"PropertyValueSpecification\",\"valueRequired\":true,\"valueName\":\"search_term_string\"}}],\"inLanguage\":\"en-GB\"},{\"@type\":\"Organization\",\"@id\":\"https:\\\/\\\/lahingupood.ee\\\/#organization\",\"name\":\"Lahingurada\",\"url\":\"https:\\\/\\\/lahingupood.ee\\\/\",\"logo\":{\"@type\":\"ImageObject\",\"inLanguage\":\"en-GB\",\"@id\":\"https:\\\/\\\/lahingupood.ee\\\/#\\\/schema\\\/logo\\\/image\\\/\",\"url\":\"https:\\\/\\\/lahingupood.ee\\\/wp-content\\\/uploads\\\/2022\\\/03\\\/lahingurada-220318.jpg\",\"contentUrl\":\"https:\\\/\\\/lahingupood.ee\\\/wp-content\\\/uploads\\\/2022\\\/03\\\/lahingurada-220318.jpg\",\"width\":800,\"height\":500,\"caption\":\"Lahingurada\"},\"image\":{\"@id\":\"https:\\\/\\\/lahingupood.ee\\\/#\\\/schema\\\/logo\\\/image\\\/\"},\"sameAs\":[\"https:\\\/\\\/www.facebook.com\\\/Lahingurada-629940247212967\"]}]}<\/script>\n<!-- \/ Yoast SEO Premium plugin. -->","yoast_head_json":{"title":"Sihiku k\u00f5rgendus mount \u2013 madal ja k\u00f5rge","description":"Sihiku k\u00f5rgendus mount v\u00f5imaldab t\u00f5sta optika sobivale k\u00f5rgusele, saadaval madal ja k\u00f5rge versioon parema sihtimise jaoks.","robots":{"index":"index","follow":"follow","max-snippet":"max-snippet:-1","max-image-preview":"max-image-preview:large","max-video-preview":"max-video-preview:-1"},"canonical":"https:\/\/lahingupood.ee\/en\/product\/korgendus\/","og_locale":"en_GB","og_type":"article","og_title":"K\u00f5rgendus","og_description":"Sihiku k\u00f5rgendus mount v\u00f5imaldab t\u00f5sta optika sobivale k\u00f5rgusele, saadaval madal ja k\u00f5rge versioon parema sihtimise jaoks.","og_url":"https:\/\/lahingupood.ee\/en\/product\/korgendus\/","og_site_name":"Lahingurada e-pood","article_publisher":"https:\/\/www.facebook.com\/Lahingurada-629940247212967","article_modified_time":"2026-04-20T12:18:33+00:00","og_image":[{"width":800,"height":500,"url":"https:\/\/lahingupood.ee\/wp-content\/uploads\/2022\/03\/lahingurada-220318.jpg","type":"image\/jpeg"}],"twitter_card":"summary_large_image","twitter_misc":{"Estimated reading time":"1 minute"},"schema":{"@context":"https:\/\/schema.org","@graph":[{"@type":"WebPage","@id":"https:\/\/lahingupood.ee\/toode\/korgendus\/","url":"https:\/\/lahingupood.ee\/toode\/korgendus\/","name":"Sihiku k\u00f5rgendus mount \u2013 madal ja k\u00f5rge","isPartOf":{"@id":"https:\/\/lahingupood.ee\/#website"},"primaryImageOfPage":{"@id":"https:\/\/lahingupood.ee\/toode\/korgendus\/#primaryimage"},"image":{"@id":"https:\/\/lahingupood.ee\/toode\/korgendus\/#primaryimage"},"thumbnailUrl":"https:\/\/lahingupood.ee\/wp-content\/uploads\/2025\/03\/20250301_125730-1.jpg","datePublished":"2025-03-01T12:25:16+00:00","dateModified":"2026-04-20T12:18:33+00:00","description":"Sihiku k\u00f5rgendus mount v\u00f5imaldab t\u00f5sta optika sobivale k\u00f5rgusele, saadaval madal ja k\u00f5rge versioon parema sihtimise jaoks.","breadcrumb":{"@id":"https:\/\/lahingupood.ee\/toode\/korgendus\/#breadcrumb"},"inLanguage":"en-GB","potentialAction":[{"@type":"ReadAction","target":["https:\/\/lahingupood.ee\/toode\/korgendus\/"]}]},{"@type":"ImageObject","inLanguage":"en-GB","@id":"https:\/\/lahingupood.ee\/toode\/korgendus\/#primaryimage","url":"https:\/\/lahingupood.ee\/wp-content\/uploads\/2025\/03\/20250301_125730-1.jpg","contentUrl":"https:\/\/lahingupood.ee\/wp-content\/uploads\/2025\/03\/20250301_125730-1.jpg","width":4624,"height":3468,"caption":"sihiku k\u00f5rgendus mount madal ja k\u00f5rge Picatinny rail red dot t\u00f5ste"},{"@type":"BreadcrumbList","@id":"https:\/\/lahingupood.ee\/toode\/korgendus\/#breadcrumb","itemListElement":[{"@type":"ListItem","position":1,"name":"Home","item":"https:\/\/lahingupood.ee\/"},{"@type":"ListItem","position":2,"name":"Tooted","item":"https:\/\/lahingupood.ee\/tooted\/"},{"@type":"ListItem","position":3,"name":"K\u00f5rgendus"}]},{"@type":"WebSite","@id":"https:\/\/lahingupood.ee\/#website","url":"https:\/\/lahingupood.ee\/","name":"Lahingurada e-pood","description":"Airsoft","publisher":{"@id":"https:\/\/lahingupood.ee\/#organization"},"potentialAction":[{"@type":"SearchAction","target":{"@type":"EntryPoint","urlTemplate":"https:\/\/lahingupood.ee\/?s={search_term_string}"},"query-input":{"@type":"PropertyValueSpecification","valueRequired":true,"valueName":"search_term_string"}}],"inLanguage":"en-GB"},{"@type":"Organization","@id":"https:\/\/lahingupood.ee\/#organization","name":"Lahingurada","url":"https:\/\/lahingupood.ee\/","logo":{"@type":"ImageObject","inLanguage":"en-GB","@id":"https:\/\/lahingupood.ee\/#\/schema\/logo\/image\/","url":"https:\/\/lahingupood.ee\/wp-content\/uploads\/2022\/03\/lahingurada-220318.jpg","contentUrl":"https:\/\/lahingupood.ee\/wp-content\/uploads\/2022\/03\/lahingurada-220318.jpg","width":800,"height":500,"caption":"Lahingurada"},"image":{"@id":"https:\/\/lahingupood.ee\/#\/schema\/logo\/image\/"},"sameAs":["https:\/\/www.facebook.com\/Lahingurada-629940247212967"]}]}},"_links":{"self":[{"href":"https:\/\/lahingupood.ee\/en\/wp-json\/wp\/v2\/product\/5691","targetHints":{"allow":["GET"]}}],"collection":[{"href":"https:\/\/lahingupood.ee\/en\/wp-json\/wp\/v2\/product"}],"about":[{"href":"https:\/\/lahingupood.ee\/en\/wp-json\/wp\/v2\/types\/product"}],"wp:featuredmedia":[{"embeddable":true,"href":"https:\/\/lahingupood.ee\/en\/wp-json\/wp\/v2\/media\/5693"}],"wp:attachment":[{"href":"https:\/\/lahingupood.ee\/en\/wp-json\/wp\/v2\/media?parent=5691"}],"wp:term":[{"taxonomy":"product_brand","embeddable":true,"href":"https:\/\/lahingupood.ee\/en\/wp-json\/wp\/v2\/product_brand?post=5691"},{"taxonomy":"product_cat","embeddable":true,"href":"https:\/\/lahingupood.ee\/en\/wp-json\/wp\/v2\/product_cat?post=5691"},{"taxonomy":"product_tag","embeddable":true,"href":"https:\/\/lahingupood.ee\/en\/wp-json\/wp\/v2\/product_tag?post=5691"}],"curies":[{"name":"wp","href":"https:\/\/api.w.org\/{rel}","templated":true}]}}