{"id":5685,"date":"2025-03-01T13:58:32","date_gmt":"2025-03-01T11:58:32","guid":{"rendered":"https:\/\/lahingupood.ee\/?post_type=product&#038;p=5685"},"modified":"2026-04-12T18:15:07","modified_gmt":"2026-04-12T15:15:07","slug":"aya-belt-hall","status":"publish","type":"product","link":"https:\/\/lahingupood.ee\/en\/product\/aya-belt-hall\/","title":{"rendered":"AYA Belt hall"},"content":{"rendered":"<ul data-start=\"341\" data-end=\"901\">\n<li data-start=\"341\" data-end=\"453\">Kiirkinnitusega sepistatud pannal (45 mm)<\/li>\n<li data-start=\"454\" data-end=\"502\">\u00c4\u00e4rmiselt j\u00e4ik ja vastupidav konstruktsioon.<\/li>\n<li data-start=\"503\" data-end=\"529\">\u00dclikerge sisemine v\u00f6\u00f6.<\/li>\n<li data-start=\"530\" data-end=\"574\">Tugevdatud nailonist rihm (45 x 2,1 mm).<\/li>\n<li data-start=\"575\" data-end=\"617\">Nailonist takjakinnitus (Hook &amp; Loop).<\/li>\n<li data-start=\"650\" data-end=\"722\">K\u00f5ik pingepunktid on tugevdatud topelt\u00f5mbluste ja Bartack-tehnikaga.<\/li>\n<li data-start=\"723\" data-end=\"754\">MOLLE laserl\u00f5ikega s\u00fcsteem.<\/li>\n<li data-start=\"755\" data-end=\"800\">Sobiv laius raskema varustuse kandmiseks.<\/li>\n<li data-start=\"801\" data-end=\"839\">Sobib enamike p\u00fckste v\u00f6\u00f6aasadesse.<\/li>\n<\/ul>\n<p data-start=\"903\" data-end=\"924\"><strong data-start=\"903\" data-end=\"922\">Suuruste tabel:<\/strong><\/p>\n<ul data-start=\"925\" data-end=\"1064\" data-is-only-node=\"\" data-is-last-node=\"\">\n<li data-start=\"925\" data-end=\"970\"><strong data-start=\"927\" data-end=\"937\">Small:<\/strong> V\u00f6\u00f6\u00fcmberm\u00f5\u00f5t 71\u201387 cm<\/li>\n<li data-start=\"971\" data-end=\"1017\"><strong data-start=\"973\" data-end=\"984\">Medium:<\/strong> V\u00f6\u00f6\u00fcmberm\u00f5\u00f5t 89\u201397 cm<\/li>\n<li data-start=\"1018\" data-end=\"1064\" data-is-last-node=\"\"><strong data-start=\"1020\" data-end=\"1030\">Large:<\/strong> V\u00f6\u00f6\u00fcmberm\u00f5\u00f5t 99\u2013112 cm<\/li>\n<\/ul>","protected":false},"excerpt":{"rendered":"<p>Kiirkinnitusega sepistatud pannal (45 mm) \u00c4\u00e4rmiselt j\u00e4ik ja vastupidav konstruktsioon. \u00dclikerge sisemine v\u00f6\u00f6. Tugevdatud nailonist rihm (45 x 2,1 mm). Nailonist takjakinnitus (Hook &amp; Loop). K\u00f5ik pingepunktid on tugevdatud topelt\u00f5mbluste ja Bartack-tehnikaga. MOLLE laserl\u00f5ikega s\u00fcsteem. Sobiv laius raskema varustuse kandmiseks. Sobib enamike p\u00fckste v\u00f6\u00f6aasadesse. Suuruste tabel: Small: V\u00f6\u00f6\u00fcmberm\u00f5\u00f5t 71\u201387 cm Medium: V\u00f6\u00f6\u00fcmberm\u00f5\u00f5t 89\u201397 cm Large: [&#8230;]\n","protected":false},"featured_media":5676,"template":"","meta":[],"product_brand":[],"product_cat":[103,45],"product_tag":[],"class_list":{"0":"post-5685","1":"product","2":"type-product","3":"status-publish","4":"has-post-thumbnail","6":"product_cat-rihmad","7":"product_cat-vestid-ja-vood","9":"first","10":"instock","11":"taxable","12":"shipping-taxable","13":"purchasable","14":"product-type-variable"},"yoast_head":"<!-- This site is optimized with the Yoast SEO Premium plugin v27.3 (Yoast SEO v27.3) - https:\/\/yoast.com\/product\/yoast-seo-premium-wordpress\/ -->\n<title>AYA Belt hall - Lahingurada e-pood<\/title>\n<meta name=\"description\" content=\"Kiirkinnitusega sepistatud pannal (45 mm)\u00c4\u00e4rmiselt j\u00e4ik ja vastupidav konstruktsioon.\u00dclikerge sisemine v\u00f6\u00f6.Tugevdatud nailonist rihm (45 x 2,1 mm).Nailonist\" \/>\n<meta name=\"robots\" content=\"index, follow, max-snippet:-1, max-image-preview:large, max-video-preview:-1\" \/>\n<link rel=\"canonical\" href=\"https:\/\/lahingupood.ee\/en\/product\/aya-belt-hall\/\" \/>\n<meta property=\"og:locale\" content=\"en_GB\" \/>\n<meta property=\"og:type\" content=\"article\" \/>\n<meta property=\"og:title\" content=\"AYA Belt hall\" \/>\n<meta property=\"og:description\" content=\"Kiirkinnitusega sepistatud pannal (45 mm)\u00c4\u00e4rmiselt j\u00e4ik ja vastupidav konstruktsioon.\u00dclikerge sisemine v\u00f6\u00f6.Tugevdatud nailonist rihm (45 x 2,1 mm).Nailonist\" \/>\n<meta property=\"og:url\" content=\"https:\/\/lahingupood.ee\/en\/product\/aya-belt-hall\/\" \/>\n<meta property=\"og:site_name\" content=\"Lahingurada e-pood\" \/>\n<meta property=\"article:publisher\" content=\"https:\/\/www.facebook.com\/Lahingurada-629940247212967\" \/>\n<meta property=\"article:modified_time\" content=\"2026-04-12T15:15:07+00:00\" \/>\n<meta property=\"og:image\" content=\"https:\/\/lahingupood.ee\/wp-content\/uploads\/2023\/08\/Voo-hall.webp\" \/>\n\t<meta property=\"og:image:width\" content=\"1512\" \/>\n\t<meta property=\"og:image:height\" content=\"863\" \/>\n\t<meta property=\"og:image:type\" content=\"image\/webp\" \/>\n<meta name=\"twitter:card\" content=\"summary_large_image\" \/>\n<meta name=\"twitter:label1\" content=\"Estimated reading time\" \/>\n\t<meta name=\"twitter:data1\" content=\"1 minute\" \/>\n<script type=\"application\/ld+json\" class=\"yoast-schema-graph\">{\"@context\":\"https:\\\/\\\/schema.org\",\"@graph\":[{\"@type\":\"WebPage\",\"@id\":\"https:\\\/\\\/lahingupood.ee\\\/toode\\\/aya-belt-hall\\\/\",\"url\":\"https:\\\/\\\/lahingupood.ee\\\/toode\\\/aya-belt-hall\\\/\",\"name\":\"AYA Belt hall - Lahingurada e-pood\",\"isPartOf\":{\"@id\":\"https:\\\/\\\/lahingupood.ee\\\/#website\"},\"primaryImageOfPage\":{\"@id\":\"https:\\\/\\\/lahingupood.ee\\\/toode\\\/aya-belt-hall\\\/#primaryimage\"},\"image\":{\"@id\":\"https:\\\/\\\/lahingupood.ee\\\/toode\\\/aya-belt-hall\\\/#primaryimage\"},\"thumbnailUrl\":\"https:\\\/\\\/lahingupood.ee\\\/wp-content\\\/uploads\\\/2023\\\/08\\\/Voo-hall.webp\",\"datePublished\":\"2025-03-01T11:58:32+00:00\",\"dateModified\":\"2026-04-12T15:15:07+00:00\",\"description\":\"Kiirkinnitusega sepistatud pannal (45 mm)\u00c4\u00e4rmiselt j\u00e4ik ja vastupidav konstruktsioon.\u00dclikerge sisemine v\u00f6\u00f6.Tugevdatud nailonist rihm (45 x 2,1 mm).Nailonist\",\"breadcrumb\":{\"@id\":\"https:\\\/\\\/lahingupood.ee\\\/toode\\\/aya-belt-hall\\\/#breadcrumb\"},\"inLanguage\":\"en-GB\",\"potentialAction\":[{\"@type\":\"ReadAction\",\"target\":[\"https:\\\/\\\/lahingupood.ee\\\/toode\\\/aya-belt-hall\\\/\"]}]},{\"@type\":\"ImageObject\",\"inLanguage\":\"en-GB\",\"@id\":\"https:\\\/\\\/lahingupood.ee\\\/toode\\\/aya-belt-hall\\\/#primaryimage\",\"url\":\"https:\\\/\\\/lahingupood.ee\\\/wp-content\\\/uploads\\\/2023\\\/08\\\/Voo-hall.webp\",\"contentUrl\":\"https:\\\/\\\/lahingupood.ee\\\/wp-content\\\/uploads\\\/2023\\\/08\\\/Voo-hall.webp\",\"width\":1512,\"height\":863},{\"@type\":\"BreadcrumbList\",\"@id\":\"https:\\\/\\\/lahingupood.ee\\\/toode\\\/aya-belt-hall\\\/#breadcrumb\",\"itemListElement\":[{\"@type\":\"ListItem\",\"position\":1,\"name\":\"Home\",\"item\":\"https:\\\/\\\/lahingupood.ee\\\/\"},{\"@type\":\"ListItem\",\"position\":2,\"name\":\"Tooted\",\"item\":\"https:\\\/\\\/lahingupood.ee\\\/tooted\\\/\"},{\"@type\":\"ListItem\",\"position\":3,\"name\":\"AYA Belt hall\"}]},{\"@type\":\"WebSite\",\"@id\":\"https:\\\/\\\/lahingupood.ee\\\/#website\",\"url\":\"https:\\\/\\\/lahingupood.ee\\\/\",\"name\":\"Lahingurada e-pood\",\"description\":\"Airsoft\",\"publisher\":{\"@id\":\"https:\\\/\\\/lahingupood.ee\\\/#organization\"},\"potentialAction\":[{\"@type\":\"SearchAction\",\"target\":{\"@type\":\"EntryPoint\",\"urlTemplate\":\"https:\\\/\\\/lahingupood.ee\\\/?s={search_term_string}\"},\"query-input\":{\"@type\":\"PropertyValueSpecification\",\"valueRequired\":true,\"valueName\":\"search_term_string\"}}],\"inLanguage\":\"en-GB\"},{\"@type\":\"Organization\",\"@id\":\"https:\\\/\\\/lahingupood.ee\\\/#organization\",\"name\":\"Lahingurada\",\"url\":\"https:\\\/\\\/lahingupood.ee\\\/\",\"logo\":{\"@type\":\"ImageObject\",\"inLanguage\":\"en-GB\",\"@id\":\"https:\\\/\\\/lahingupood.ee\\\/#\\\/schema\\\/logo\\\/image\\\/\",\"url\":\"https:\\\/\\\/lahingupood.ee\\\/wp-content\\\/uploads\\\/2022\\\/03\\\/lahingurada-220318.jpg\",\"contentUrl\":\"https:\\\/\\\/lahingupood.ee\\\/wp-content\\\/uploads\\\/2022\\\/03\\\/lahingurada-220318.jpg\",\"width\":800,\"height\":500,\"caption\":\"Lahingurada\"},\"image\":{\"@id\":\"https:\\\/\\\/lahingupood.ee\\\/#\\\/schema\\\/logo\\\/image\\\/\"},\"sameAs\":[\"https:\\\/\\\/www.facebook.com\\\/Lahingurada-629940247212967\"]}]}<\/script>\n<!-- \/ Yoast SEO Premium plugin. -->","yoast_head_json":{"title":"AYA Belt hall - Lahingurada e-pood","description":"Kiirkinnitusega sepistatud pannal (45 mm)\u00c4\u00e4rmiselt j\u00e4ik ja vastupidav konstruktsioon.\u00dclikerge sisemine v\u00f6\u00f6.Tugevdatud nailonist rihm (45 x 2,1 mm).Nailonist","robots":{"index":"index","follow":"follow","max-snippet":"max-snippet:-1","max-image-preview":"max-image-preview:large","max-video-preview":"max-video-preview:-1"},"canonical":"https:\/\/lahingupood.ee\/en\/product\/aya-belt-hall\/","og_locale":"en_GB","og_type":"article","og_title":"AYA Belt hall","og_description":"Kiirkinnitusega sepistatud pannal (45 mm)\u00c4\u00e4rmiselt j\u00e4ik ja vastupidav konstruktsioon.\u00dclikerge sisemine v\u00f6\u00f6.Tugevdatud nailonist rihm (45 x 2,1 mm).Nailonist","og_url":"https:\/\/lahingupood.ee\/en\/product\/aya-belt-hall\/","og_site_name":"Lahingurada e-pood","article_publisher":"https:\/\/www.facebook.com\/Lahingurada-629940247212967","article_modified_time":"2026-04-12T15:15:07+00:00","og_image":[{"width":1512,"height":863,"url":"https:\/\/lahingupood.ee\/wp-content\/uploads\/2023\/08\/Voo-hall.webp","type":"image\/webp"}],"twitter_card":"summary_large_image","twitter_misc":{"Estimated reading time":"1 minute"},"schema":{"@context":"https:\/\/schema.org","@graph":[{"@type":"WebPage","@id":"https:\/\/lahingupood.ee\/toode\/aya-belt-hall\/","url":"https:\/\/lahingupood.ee\/toode\/aya-belt-hall\/","name":"AYA Belt hall - Lahingurada e-pood","isPartOf":{"@id":"https:\/\/lahingupood.ee\/#website"},"primaryImageOfPage":{"@id":"https:\/\/lahingupood.ee\/toode\/aya-belt-hall\/#primaryimage"},"image":{"@id":"https:\/\/lahingupood.ee\/toode\/aya-belt-hall\/#primaryimage"},"thumbnailUrl":"https:\/\/lahingupood.ee\/wp-content\/uploads\/2023\/08\/Voo-hall.webp","datePublished":"2025-03-01T11:58:32+00:00","dateModified":"2026-04-12T15:15:07+00:00","description":"Kiirkinnitusega sepistatud pannal (45 mm)\u00c4\u00e4rmiselt j\u00e4ik ja vastupidav konstruktsioon.\u00dclikerge sisemine v\u00f6\u00f6.Tugevdatud nailonist rihm (45 x 2,1 mm).Nailonist","breadcrumb":{"@id":"https:\/\/lahingupood.ee\/toode\/aya-belt-hall\/#breadcrumb"},"inLanguage":"en-GB","potentialAction":[{"@type":"ReadAction","target":["https:\/\/lahingupood.ee\/toode\/aya-belt-hall\/"]}]},{"@type":"ImageObject","inLanguage":"en-GB","@id":"https:\/\/lahingupood.ee\/toode\/aya-belt-hall\/#primaryimage","url":"https:\/\/lahingupood.ee\/wp-content\/uploads\/2023\/08\/Voo-hall.webp","contentUrl":"https:\/\/lahingupood.ee\/wp-content\/uploads\/2023\/08\/Voo-hall.webp","width":1512,"height":863},{"@type":"BreadcrumbList","@id":"https:\/\/lahingupood.ee\/toode\/aya-belt-hall\/#breadcrumb","itemListElement":[{"@type":"ListItem","position":1,"name":"Home","item":"https:\/\/lahingupood.ee\/"},{"@type":"ListItem","position":2,"name":"Tooted","item":"https:\/\/lahingupood.ee\/tooted\/"},{"@type":"ListItem","position":3,"name":"AYA Belt hall"}]},{"@type":"WebSite","@id":"https:\/\/lahingupood.ee\/#website","url":"https:\/\/lahingupood.ee\/","name":"Lahingurada e-pood","description":"Airsoft","publisher":{"@id":"https:\/\/lahingupood.ee\/#organization"},"potentialAction":[{"@type":"SearchAction","target":{"@type":"EntryPoint","urlTemplate":"https:\/\/lahingupood.ee\/?s={search_term_string}"},"query-input":{"@type":"PropertyValueSpecification","valueRequired":true,"valueName":"search_term_string"}}],"inLanguage":"en-GB"},{"@type":"Organization","@id":"https:\/\/lahingupood.ee\/#organization","name":"Lahingurada","url":"https:\/\/lahingupood.ee\/","logo":{"@type":"ImageObject","inLanguage":"en-GB","@id":"https:\/\/lahingupood.ee\/#\/schema\/logo\/image\/","url":"https:\/\/lahingupood.ee\/wp-content\/uploads\/2022\/03\/lahingurada-220318.jpg","contentUrl":"https:\/\/lahingupood.ee\/wp-content\/uploads\/2022\/03\/lahingurada-220318.jpg","width":800,"height":500,"caption":"Lahingurada"},"image":{"@id":"https:\/\/lahingupood.ee\/#\/schema\/logo\/image\/"},"sameAs":["https:\/\/www.facebook.com\/Lahingurada-629940247212967"]}]}},"_links":{"self":[{"href":"https:\/\/lahingupood.ee\/en\/wp-json\/wp\/v2\/product\/5685","targetHints":{"allow":["GET"]}}],"collection":[{"href":"https:\/\/lahingupood.ee\/en\/wp-json\/wp\/v2\/product"}],"about":[{"href":"https:\/\/lahingupood.ee\/en\/wp-json\/wp\/v2\/types\/product"}],"wp:featuredmedia":[{"embeddable":true,"href":"https:\/\/lahingupood.ee\/en\/wp-json\/wp\/v2\/media\/5676"}],"wp:attachment":[{"href":"https:\/\/lahingupood.ee\/en\/wp-json\/wp\/v2\/media?parent=5685"}],"wp:term":[{"taxonomy":"product_brand","embeddable":true,"href":"https:\/\/lahingupood.ee\/en\/wp-json\/wp\/v2\/product_brand?post=5685"},{"taxonomy":"product_cat","embeddable":true,"href":"https:\/\/lahingupood.ee\/en\/wp-json\/wp\/v2\/product_cat?post=5685"},{"taxonomy":"product_tag","embeddable":true,"href":"https:\/\/lahingupood.ee\/en\/wp-json\/wp\/v2\/product_tag?post=5685"}],"curies":[{"name":"wp","href":"https:\/\/api.w.org\/{rel}","templated":true}]}}