{"id":5663,"date":"2025-03-01T12:10:56","date_gmt":"2025-03-01T10:10:56","guid":{"rendered":"https:\/\/lahingupood.ee\/?post_type=product&#038;p=5663"},"modified":"2026-05-02T19:45:02","modified_gmt":"2026-05-02T16:45:02","slug":"ptt-button-kenwood-type","status":"publish","type":"product","link":"https:\/\/lahingupood.ee\/en\/product\/ptt-button-kenwood-type\/","title":{"rendered":"PTT button &#8211; KENWOOD type"},"content":{"rendered":"<p>PTT Kenwood type on push-to-talk (r\u00e4\u00e4gi-nupp), mis v\u00f5imaldab kiiret ja mugavat raadiosidet taktikalistes olukordades. See on m\u00f5eldud Kenwood t\u00fc\u00fcpi \u00fchendusega raadiosaatjatele. PTT v\u00f5imaldab sidepidamist \u00fche nupuvajutusega, ilma et peaks raadiot k\u00e4tte v\u00f5tma. See parandab kommunikatsiooni kiirust m\u00e4ngu ajal.<\/p>\n<p>&nbsp;<\/p>","protected":false},"excerpt":{"rendered":"<p>PTT Kenwood type on push-to-talk (r\u00e4\u00e4gi-nupp), mis v\u00f5imaldab kiiret ja mugavat raadiosidet taktikalistes olukordades. See on m\u00f5eldud Kenwood t\u00fc\u00fcpi \u00fchendusega raadiosaatjatele. PTT v\u00f5imaldab sidepidamist \u00fche nupuvajutusega, ilma et peaks raadiot k\u00e4tte v\u00f5tma. See parandab kommunikatsiooni kiirust m\u00e4ngu ajal. &nbsp;<\/p>","protected":false},"featured_media":5664,"template":"","meta":[],"product_brand":[],"product_cat":[66],"product_tag":[],"class_list":{"0":"post-5663","1":"product","2":"type-product","3":"status-publish","4":"has-post-thumbnail","6":"product_cat-side","8":"first","9":"instock","10":"taxable","11":"shipping-taxable","12":"purchasable","13":"product-type-simple"},"yoast_head":"<!-- This site is optimized with the Yoast SEO Premium plugin v27.5 (Yoast SEO v27.5) - https:\/\/yoast.com\/product\/yoast-seo-premium-wordpress\/ -->\n<title>PTT Kenwood type \u2013 taktikaline raadioside nupp<\/title>\n<meta name=\"description\" content=\"PTT Kenwood type on push-to-talk nupp raadiosidele. Sobib Kenwood t\u00fc\u00fcpi \u00fchendusega raadiotele ja taktikalisele kasutusele.\" \/>\n<meta name=\"robots\" content=\"index, follow, max-snippet:-1, max-image-preview:large, max-video-preview:-1\" \/>\n<link rel=\"canonical\" href=\"https:\/\/lahingupood.ee\/en\/product\/ptt-button-kenwood-type\/\" \/>\n<meta property=\"og:locale\" content=\"en_GB\" \/>\n<meta property=\"og:type\" content=\"article\" \/>\n<meta property=\"og:title\" content=\"PTT button - KENWOOD type\" \/>\n<meta property=\"og:description\" content=\"PTT Kenwood type on push-to-talk nupp raadiosidele. Sobib Kenwood t\u00fc\u00fcpi \u00fchendusega raadiotele ja taktikalisele kasutusele.\" \/>\n<meta property=\"og:url\" content=\"https:\/\/lahingupood.ee\/en\/product\/ptt-button-kenwood-type\/\" \/>\n<meta property=\"og:site_name\" content=\"Lahingurada e-pood\" \/>\n<meta property=\"article:publisher\" content=\"https:\/\/www.facebook.com\/Lahingurada-629940247212967\" \/>\n<meta property=\"article:modified_time\" content=\"2026-05-02T16:45:02+00:00\" \/>\n<meta property=\"og:image\" content=\"https:\/\/lahingupood.ee\/wp-content\/uploads\/2025\/03\/raadio.webp\" \/>\n\t<meta property=\"og:image:width\" content=\"500\" \/>\n\t<meta property=\"og:image:height\" content=\"341\" \/>\n\t<meta property=\"og:image:type\" content=\"image\/webp\" \/>\n<meta name=\"twitter:card\" content=\"summary_large_image\" \/>\n<meta name=\"twitter:label1\" content=\"Estimated reading time\" \/>\n\t<meta name=\"twitter:data1\" content=\"1 minute\" \/>\n<script type=\"application\/ld+json\" class=\"yoast-schema-graph\">{\"@context\":\"https:\\\/\\\/schema.org\",\"@graph\":[{\"@type\":\"WebPage\",\"@id\":\"https:\\\/\\\/lahingupood.ee\\\/toode\\\/ptt-button-kenwood-type\\\/\",\"url\":\"https:\\\/\\\/lahingupood.ee\\\/toode\\\/ptt-button-kenwood-type\\\/\",\"name\":\"PTT Kenwood type \u2013 taktikaline raadioside nupp\",\"isPartOf\":{\"@id\":\"https:\\\/\\\/lahingupood.ee\\\/#website\"},\"primaryImageOfPage\":{\"@id\":\"https:\\\/\\\/lahingupood.ee\\\/toode\\\/ptt-button-kenwood-type\\\/#primaryimage\"},\"image\":{\"@id\":\"https:\\\/\\\/lahingupood.ee\\\/toode\\\/ptt-button-kenwood-type\\\/#primaryimage\"},\"thumbnailUrl\":\"https:\\\/\\\/lahingupood.ee\\\/wp-content\\\/uploads\\\/2025\\\/03\\\/raadio.webp\",\"datePublished\":\"2025-03-01T10:10:56+00:00\",\"dateModified\":\"2026-05-02T16:45:02+00:00\",\"description\":\"PTT Kenwood type on push-to-talk nupp raadiosidele. Sobib Kenwood t\u00fc\u00fcpi \u00fchendusega raadiotele ja taktikalisele kasutusele.\",\"breadcrumb\":{\"@id\":\"https:\\\/\\\/lahingupood.ee\\\/toode\\\/ptt-button-kenwood-type\\\/#breadcrumb\"},\"inLanguage\":\"en-GB\",\"potentialAction\":[{\"@type\":\"ReadAction\",\"target\":[\"https:\\\/\\\/lahingupood.ee\\\/toode\\\/ptt-button-kenwood-type\\\/\"]}]},{\"@type\":\"ImageObject\",\"inLanguage\":\"en-GB\",\"@id\":\"https:\\\/\\\/lahingupood.ee\\\/toode\\\/ptt-button-kenwood-type\\\/#primaryimage\",\"url\":\"https:\\\/\\\/lahingupood.ee\\\/wp-content\\\/uploads\\\/2025\\\/03\\\/raadio.webp\",\"contentUrl\":\"https:\\\/\\\/lahingupood.ee\\\/wp-content\\\/uploads\\\/2025\\\/03\\\/raadio.webp\",\"width\":500,\"height\":341},{\"@type\":\"BreadcrumbList\",\"@id\":\"https:\\\/\\\/lahingupood.ee\\\/toode\\\/ptt-button-kenwood-type\\\/#breadcrumb\",\"itemListElement\":[{\"@type\":\"ListItem\",\"position\":1,\"name\":\"Home\",\"item\":\"https:\\\/\\\/lahingupood.ee\\\/\"},{\"@type\":\"ListItem\",\"position\":2,\"name\":\"Tooted\",\"item\":\"https:\\\/\\\/lahingupood.ee\\\/tooted\\\/\"},{\"@type\":\"ListItem\",\"position\":3,\"name\":\"PTT button &#8211; KENWOOD type\"}]},{\"@type\":\"WebSite\",\"@id\":\"https:\\\/\\\/lahingupood.ee\\\/#website\",\"url\":\"https:\\\/\\\/lahingupood.ee\\\/\",\"name\":\"Lahingurada e-pood\",\"description\":\"Airsoft\",\"publisher\":{\"@id\":\"https:\\\/\\\/lahingupood.ee\\\/#organization\"},\"potentialAction\":[{\"@type\":\"SearchAction\",\"target\":{\"@type\":\"EntryPoint\",\"urlTemplate\":\"https:\\\/\\\/lahingupood.ee\\\/?s={search_term_string}\"},\"query-input\":{\"@type\":\"PropertyValueSpecification\",\"valueRequired\":true,\"valueName\":\"search_term_string\"}}],\"inLanguage\":\"en-GB\"},{\"@type\":\"Organization\",\"@id\":\"https:\\\/\\\/lahingupood.ee\\\/#organization\",\"name\":\"Lahingurada\",\"url\":\"https:\\\/\\\/lahingupood.ee\\\/\",\"logo\":{\"@type\":\"ImageObject\",\"inLanguage\":\"en-GB\",\"@id\":\"https:\\\/\\\/lahingupood.ee\\\/#\\\/schema\\\/logo\\\/image\\\/\",\"url\":\"https:\\\/\\\/lahingupood.ee\\\/wp-content\\\/uploads\\\/2022\\\/03\\\/lahingurada-220318.jpg\",\"contentUrl\":\"https:\\\/\\\/lahingupood.ee\\\/wp-content\\\/uploads\\\/2022\\\/03\\\/lahingurada-220318.jpg\",\"width\":800,\"height\":500,\"caption\":\"Lahingurada\"},\"image\":{\"@id\":\"https:\\\/\\\/lahingupood.ee\\\/#\\\/schema\\\/logo\\\/image\\\/\"},\"sameAs\":[\"https:\\\/\\\/www.facebook.com\\\/Lahingurada-629940247212967\"]}]}<\/script>\n<!-- \/ Yoast SEO Premium plugin. -->","yoast_head_json":{"title":"PTT Kenwood type \u2013 taktikaline raadioside nupp","description":"PTT Kenwood type on push-to-talk nupp raadiosidele. Sobib Kenwood t\u00fc\u00fcpi \u00fchendusega raadiotele ja taktikalisele kasutusele.","robots":{"index":"index","follow":"follow","max-snippet":"max-snippet:-1","max-image-preview":"max-image-preview:large","max-video-preview":"max-video-preview:-1"},"canonical":"https:\/\/lahingupood.ee\/en\/product\/ptt-button-kenwood-type\/","og_locale":"en_GB","og_type":"article","og_title":"PTT button - KENWOOD type","og_description":"PTT Kenwood type on push-to-talk nupp raadiosidele. Sobib Kenwood t\u00fc\u00fcpi \u00fchendusega raadiotele ja taktikalisele kasutusele.","og_url":"https:\/\/lahingupood.ee\/en\/product\/ptt-button-kenwood-type\/","og_site_name":"Lahingurada e-pood","article_publisher":"https:\/\/www.facebook.com\/Lahingurada-629940247212967","article_modified_time":"2026-05-02T16:45:02+00:00","og_image":[{"width":500,"height":341,"url":"https:\/\/lahingupood.ee\/wp-content\/uploads\/2025\/03\/raadio.webp","type":"image\/webp"}],"twitter_card":"summary_large_image","twitter_misc":{"Estimated reading time":"1 minute"},"schema":{"@context":"https:\/\/schema.org","@graph":[{"@type":"WebPage","@id":"https:\/\/lahingupood.ee\/toode\/ptt-button-kenwood-type\/","url":"https:\/\/lahingupood.ee\/toode\/ptt-button-kenwood-type\/","name":"PTT Kenwood type \u2013 taktikaline raadioside nupp","isPartOf":{"@id":"https:\/\/lahingupood.ee\/#website"},"primaryImageOfPage":{"@id":"https:\/\/lahingupood.ee\/toode\/ptt-button-kenwood-type\/#primaryimage"},"image":{"@id":"https:\/\/lahingupood.ee\/toode\/ptt-button-kenwood-type\/#primaryimage"},"thumbnailUrl":"https:\/\/lahingupood.ee\/wp-content\/uploads\/2025\/03\/raadio.webp","datePublished":"2025-03-01T10:10:56+00:00","dateModified":"2026-05-02T16:45:02+00:00","description":"PTT Kenwood type on push-to-talk nupp raadiosidele. Sobib Kenwood t\u00fc\u00fcpi \u00fchendusega raadiotele ja taktikalisele kasutusele.","breadcrumb":{"@id":"https:\/\/lahingupood.ee\/toode\/ptt-button-kenwood-type\/#breadcrumb"},"inLanguage":"en-GB","potentialAction":[{"@type":"ReadAction","target":["https:\/\/lahingupood.ee\/toode\/ptt-button-kenwood-type\/"]}]},{"@type":"ImageObject","inLanguage":"en-GB","@id":"https:\/\/lahingupood.ee\/toode\/ptt-button-kenwood-type\/#primaryimage","url":"https:\/\/lahingupood.ee\/wp-content\/uploads\/2025\/03\/raadio.webp","contentUrl":"https:\/\/lahingupood.ee\/wp-content\/uploads\/2025\/03\/raadio.webp","width":500,"height":341},{"@type":"BreadcrumbList","@id":"https:\/\/lahingupood.ee\/toode\/ptt-button-kenwood-type\/#breadcrumb","itemListElement":[{"@type":"ListItem","position":1,"name":"Home","item":"https:\/\/lahingupood.ee\/"},{"@type":"ListItem","position":2,"name":"Tooted","item":"https:\/\/lahingupood.ee\/tooted\/"},{"@type":"ListItem","position":3,"name":"PTT button &#8211; KENWOOD type"}]},{"@type":"WebSite","@id":"https:\/\/lahingupood.ee\/#website","url":"https:\/\/lahingupood.ee\/","name":"Lahingurada e-pood","description":"Airsoft","publisher":{"@id":"https:\/\/lahingupood.ee\/#organization"},"potentialAction":[{"@type":"SearchAction","target":{"@type":"EntryPoint","urlTemplate":"https:\/\/lahingupood.ee\/?s={search_term_string}"},"query-input":{"@type":"PropertyValueSpecification","valueRequired":true,"valueName":"search_term_string"}}],"inLanguage":"en-GB"},{"@type":"Organization","@id":"https:\/\/lahingupood.ee\/#organization","name":"Lahingurada","url":"https:\/\/lahingupood.ee\/","logo":{"@type":"ImageObject","inLanguage":"en-GB","@id":"https:\/\/lahingupood.ee\/#\/schema\/logo\/image\/","url":"https:\/\/lahingupood.ee\/wp-content\/uploads\/2022\/03\/lahingurada-220318.jpg","contentUrl":"https:\/\/lahingupood.ee\/wp-content\/uploads\/2022\/03\/lahingurada-220318.jpg","width":800,"height":500,"caption":"Lahingurada"},"image":{"@id":"https:\/\/lahingupood.ee\/#\/schema\/logo\/image\/"},"sameAs":["https:\/\/www.facebook.com\/Lahingurada-629940247212967"]}]}},"_links":{"self":[{"href":"https:\/\/lahingupood.ee\/en\/wp-json\/wp\/v2\/product\/5663","targetHints":{"allow":["GET"]}}],"collection":[{"href":"https:\/\/lahingupood.ee\/en\/wp-json\/wp\/v2\/product"}],"about":[{"href":"https:\/\/lahingupood.ee\/en\/wp-json\/wp\/v2\/types\/product"}],"wp:featuredmedia":[{"embeddable":true,"href":"https:\/\/lahingupood.ee\/en\/wp-json\/wp\/v2\/media\/5664"}],"wp:attachment":[{"href":"https:\/\/lahingupood.ee\/en\/wp-json\/wp\/v2\/media?parent=5663"}],"wp:term":[{"taxonomy":"product_brand","embeddable":true,"href":"https:\/\/lahingupood.ee\/en\/wp-json\/wp\/v2\/product_brand?post=5663"},{"taxonomy":"product_cat","embeddable":true,"href":"https:\/\/lahingupood.ee\/en\/wp-json\/wp\/v2\/product_cat?post=5663"},{"taxonomy":"product_tag","embeddable":true,"href":"https:\/\/lahingupood.ee\/en\/wp-json\/wp\/v2\/product_tag?post=5663"}],"curies":[{"name":"wp","href":"https:\/\/api.w.org\/{rel}","templated":true}]}}