{"id":5660,"date":"2025-03-01T11:12:00","date_gmt":"2025-03-01T09:12:00","guid":{"rendered":"https:\/\/lahingupood.ee\/?post_type=product&#038;p=5660"},"modified":"2026-04-20T15:20:01","modified_gmt":"2026-04-20T12:20:01","slug":"ukraina-lipp-patch-2","status":"publish","type":"product","link":"https:\/\/lahingupood.ee\/en\/product\/ukraina-lipp-patch-2\/","title":{"rendered":"Ukraina lipp patch"},"content":{"rendered":"<p>Ukraina lipp patch on populaarne takjakinnitusega embleem, mida kasutatakse nii Airsoft m\u00e4ngudes, militaarvarustusel kui ka igap\u00e4evases kandmises. See patch kujutab Ukraina rahvuslippu ning on lihtne viis oma toetuse, identiteedi v\u00f5i stiili v\u00e4ljendamiseks.<\/p>","protected":false},"excerpt":{"rendered":"<p>Ukraina lipp patch on populaarne takjakinnitusega embleem, mida kasutatakse nii Airsoft m\u00e4ngudes, militaarvarustusel kui ka igap\u00e4evases kandmises. See patch kujutab Ukraina rahvuslippu ning on lihtne viis oma toetuse, identiteedi v\u00f5i stiili v\u00e4ljendamiseks.<\/p>","protected":false},"featured_media":5661,"template":"","meta":[],"product_brand":[],"product_cat":[104],"product_tag":[],"class_list":{"0":"post-5660","1":"product","2":"type-product","3":"status-publish","4":"has-post-thumbnail","6":"product_cat-patchid","8":"first","9":"instock","10":"taxable","11":"shipping-taxable","12":"purchasable","13":"product-type-simple"},"yoast_head":"<!-- This site is optimized with the Yoast SEO Premium plugin v27.5 (Yoast SEO v27.5) - https:\/\/yoast.com\/product\/yoast-seo-premium-wordpress\/ -->\n<title>Ukraina lipp patch \u2013 takjakinnitusega embleem<\/title>\n<meta name=\"description\" content=\"Ukraina lipp patch on takjakinnitusega embleem, sobib vormile, vestile v\u00f5i seljakotile. Vastupidav ja h\u00e4sti n\u00e4htav disain.\" \/>\n<meta name=\"robots\" content=\"index, follow, max-snippet:-1, max-image-preview:large, max-video-preview:-1\" \/>\n<link rel=\"canonical\" href=\"https:\/\/lahingupood.ee\/en\/product\/ukraina-lipp-patch-2\/\" \/>\n<meta property=\"og:locale\" content=\"en_GB\" \/>\n<meta property=\"og:type\" content=\"article\" \/>\n<meta property=\"og:title\" content=\"Ukraina lipp patch\" \/>\n<meta property=\"og:description\" content=\"Ukraina lipp patch on takjakinnitusega embleem, sobib vormile, vestile v\u00f5i seljakotile. Vastupidav ja h\u00e4sti n\u00e4htav disain.\" \/>\n<meta property=\"og:url\" content=\"https:\/\/lahingupood.ee\/en\/product\/ukraina-lipp-patch-2\/\" \/>\n<meta property=\"og:site_name\" content=\"Lahingurada e-pood\" \/>\n<meta property=\"article:publisher\" content=\"https:\/\/www.facebook.com\/Lahingurada-629940247212967\" \/>\n<meta property=\"article:modified_time\" content=\"2026-04-20T12:20:01+00:00\" \/>\n<meta property=\"og:image\" content=\"https:\/\/lahingupood.ee\/wp-content\/uploads\/2025\/03\/ukraina-lipp.jpg\" \/>\n\t<meta property=\"og:image:width\" content=\"429\" \/>\n\t<meta property=\"og:image:height\" content=\"274\" \/>\n\t<meta property=\"og:image:type\" content=\"image\/jpeg\" \/>\n<meta name=\"twitter:card\" content=\"summary_large_image\" \/>\n<meta name=\"twitter:label1\" content=\"Estimated reading time\" \/>\n\t<meta name=\"twitter:data1\" content=\"1 minute\" \/>\n<script type=\"application\/ld+json\" class=\"yoast-schema-graph\">{\"@context\":\"https:\\\/\\\/schema.org\",\"@graph\":[{\"@type\":\"WebPage\",\"@id\":\"https:\\\/\\\/lahingupood.ee\\\/toode\\\/ukraina-lipp-patch-2\\\/\",\"url\":\"https:\\\/\\\/lahingupood.ee\\\/toode\\\/ukraina-lipp-patch-2\\\/\",\"name\":\"Ukraina lipp patch \u2013 takjakinnitusega embleem\",\"isPartOf\":{\"@id\":\"https:\\\/\\\/lahingupood.ee\\\/#website\"},\"primaryImageOfPage\":{\"@id\":\"https:\\\/\\\/lahingupood.ee\\\/toode\\\/ukraina-lipp-patch-2\\\/#primaryimage\"},\"image\":{\"@id\":\"https:\\\/\\\/lahingupood.ee\\\/toode\\\/ukraina-lipp-patch-2\\\/#primaryimage\"},\"thumbnailUrl\":\"https:\\\/\\\/lahingupood.ee\\\/wp-content\\\/uploads\\\/2025\\\/03\\\/ukraina-lipp.jpg\",\"datePublished\":\"2025-03-01T09:12:00+00:00\",\"dateModified\":\"2026-04-20T12:20:01+00:00\",\"description\":\"Ukraina lipp patch on takjakinnitusega embleem, sobib vormile, vestile v\u00f5i seljakotile. Vastupidav ja h\u00e4sti n\u00e4htav disain.\",\"breadcrumb\":{\"@id\":\"https:\\\/\\\/lahingupood.ee\\\/toode\\\/ukraina-lipp-patch-2\\\/#breadcrumb\"},\"inLanguage\":\"en-GB\",\"potentialAction\":[{\"@type\":\"ReadAction\",\"target\":[\"https:\\\/\\\/lahingupood.ee\\\/toode\\\/ukraina-lipp-patch-2\\\/\"]}]},{\"@type\":\"ImageObject\",\"inLanguage\":\"en-GB\",\"@id\":\"https:\\\/\\\/lahingupood.ee\\\/toode\\\/ukraina-lipp-patch-2\\\/#primaryimage\",\"url\":\"https:\\\/\\\/lahingupood.ee\\\/wp-content\\\/uploads\\\/2025\\\/03\\\/ukraina-lipp.jpg\",\"contentUrl\":\"https:\\\/\\\/lahingupood.ee\\\/wp-content\\\/uploads\\\/2025\\\/03\\\/ukraina-lipp.jpg\",\"width\":429,\"height\":274,\"caption\":\"Ukraina lipp patch takjakinnitusega embleem sinine kollane Airsoft vestile\"},{\"@type\":\"BreadcrumbList\",\"@id\":\"https:\\\/\\\/lahingupood.ee\\\/toode\\\/ukraina-lipp-patch-2\\\/#breadcrumb\",\"itemListElement\":[{\"@type\":\"ListItem\",\"position\":1,\"name\":\"Home\",\"item\":\"https:\\\/\\\/lahingupood.ee\\\/\"},{\"@type\":\"ListItem\",\"position\":2,\"name\":\"Tooted\",\"item\":\"https:\\\/\\\/lahingupood.ee\\\/tooted\\\/\"},{\"@type\":\"ListItem\",\"position\":3,\"name\":\"Ukraina lipp patch\"}]},{\"@type\":\"WebSite\",\"@id\":\"https:\\\/\\\/lahingupood.ee\\\/#website\",\"url\":\"https:\\\/\\\/lahingupood.ee\\\/\",\"name\":\"Lahingurada e-pood\",\"description\":\"Airsoft\",\"publisher\":{\"@id\":\"https:\\\/\\\/lahingupood.ee\\\/#organization\"},\"potentialAction\":[{\"@type\":\"SearchAction\",\"target\":{\"@type\":\"EntryPoint\",\"urlTemplate\":\"https:\\\/\\\/lahingupood.ee\\\/?s={search_term_string}\"},\"query-input\":{\"@type\":\"PropertyValueSpecification\",\"valueRequired\":true,\"valueName\":\"search_term_string\"}}],\"inLanguage\":\"en-GB\"},{\"@type\":\"Organization\",\"@id\":\"https:\\\/\\\/lahingupood.ee\\\/#organization\",\"name\":\"Lahingurada\",\"url\":\"https:\\\/\\\/lahingupood.ee\\\/\",\"logo\":{\"@type\":\"ImageObject\",\"inLanguage\":\"en-GB\",\"@id\":\"https:\\\/\\\/lahingupood.ee\\\/#\\\/schema\\\/logo\\\/image\\\/\",\"url\":\"https:\\\/\\\/lahingupood.ee\\\/wp-content\\\/uploads\\\/2022\\\/03\\\/lahingurada-220318.jpg\",\"contentUrl\":\"https:\\\/\\\/lahingupood.ee\\\/wp-content\\\/uploads\\\/2022\\\/03\\\/lahingurada-220318.jpg\",\"width\":800,\"height\":500,\"caption\":\"Lahingurada\"},\"image\":{\"@id\":\"https:\\\/\\\/lahingupood.ee\\\/#\\\/schema\\\/logo\\\/image\\\/\"},\"sameAs\":[\"https:\\\/\\\/www.facebook.com\\\/Lahingurada-629940247212967\"]}]}<\/script>\n<!-- \/ Yoast SEO Premium plugin. -->","yoast_head_json":{"title":"Ukraina lipp patch \u2013 takjakinnitusega embleem","description":"Ukraina lipp patch on takjakinnitusega embleem, sobib vormile, vestile v\u00f5i seljakotile. Vastupidav ja h\u00e4sti n\u00e4htav disain.","robots":{"index":"index","follow":"follow","max-snippet":"max-snippet:-1","max-image-preview":"max-image-preview:large","max-video-preview":"max-video-preview:-1"},"canonical":"https:\/\/lahingupood.ee\/en\/product\/ukraina-lipp-patch-2\/","og_locale":"en_GB","og_type":"article","og_title":"Ukraina lipp patch","og_description":"Ukraina lipp patch on takjakinnitusega embleem, sobib vormile, vestile v\u00f5i seljakotile. Vastupidav ja h\u00e4sti n\u00e4htav disain.","og_url":"https:\/\/lahingupood.ee\/en\/product\/ukraina-lipp-patch-2\/","og_site_name":"Lahingurada e-pood","article_publisher":"https:\/\/www.facebook.com\/Lahingurada-629940247212967","article_modified_time":"2026-04-20T12:20:01+00:00","og_image":[{"width":429,"height":274,"url":"https:\/\/lahingupood.ee\/wp-content\/uploads\/2025\/03\/ukraina-lipp.jpg","type":"image\/jpeg"}],"twitter_card":"summary_large_image","twitter_misc":{"Estimated reading time":"1 minute"},"schema":{"@context":"https:\/\/schema.org","@graph":[{"@type":"WebPage","@id":"https:\/\/lahingupood.ee\/toode\/ukraina-lipp-patch-2\/","url":"https:\/\/lahingupood.ee\/toode\/ukraina-lipp-patch-2\/","name":"Ukraina lipp patch \u2013 takjakinnitusega embleem","isPartOf":{"@id":"https:\/\/lahingupood.ee\/#website"},"primaryImageOfPage":{"@id":"https:\/\/lahingupood.ee\/toode\/ukraina-lipp-patch-2\/#primaryimage"},"image":{"@id":"https:\/\/lahingupood.ee\/toode\/ukraina-lipp-patch-2\/#primaryimage"},"thumbnailUrl":"https:\/\/lahingupood.ee\/wp-content\/uploads\/2025\/03\/ukraina-lipp.jpg","datePublished":"2025-03-01T09:12:00+00:00","dateModified":"2026-04-20T12:20:01+00:00","description":"Ukraina lipp patch on takjakinnitusega embleem, sobib vormile, vestile v\u00f5i seljakotile. Vastupidav ja h\u00e4sti n\u00e4htav disain.","breadcrumb":{"@id":"https:\/\/lahingupood.ee\/toode\/ukraina-lipp-patch-2\/#breadcrumb"},"inLanguage":"en-GB","potentialAction":[{"@type":"ReadAction","target":["https:\/\/lahingupood.ee\/toode\/ukraina-lipp-patch-2\/"]}]},{"@type":"ImageObject","inLanguage":"en-GB","@id":"https:\/\/lahingupood.ee\/toode\/ukraina-lipp-patch-2\/#primaryimage","url":"https:\/\/lahingupood.ee\/wp-content\/uploads\/2025\/03\/ukraina-lipp.jpg","contentUrl":"https:\/\/lahingupood.ee\/wp-content\/uploads\/2025\/03\/ukraina-lipp.jpg","width":429,"height":274,"caption":"Ukraina lipp patch takjakinnitusega embleem sinine kollane Airsoft vestile"},{"@type":"BreadcrumbList","@id":"https:\/\/lahingupood.ee\/toode\/ukraina-lipp-patch-2\/#breadcrumb","itemListElement":[{"@type":"ListItem","position":1,"name":"Home","item":"https:\/\/lahingupood.ee\/"},{"@type":"ListItem","position":2,"name":"Tooted","item":"https:\/\/lahingupood.ee\/tooted\/"},{"@type":"ListItem","position":3,"name":"Ukraina lipp patch"}]},{"@type":"WebSite","@id":"https:\/\/lahingupood.ee\/#website","url":"https:\/\/lahingupood.ee\/","name":"Lahingurada e-pood","description":"Airsoft","publisher":{"@id":"https:\/\/lahingupood.ee\/#organization"},"potentialAction":[{"@type":"SearchAction","target":{"@type":"EntryPoint","urlTemplate":"https:\/\/lahingupood.ee\/?s={search_term_string}"},"query-input":{"@type":"PropertyValueSpecification","valueRequired":true,"valueName":"search_term_string"}}],"inLanguage":"en-GB"},{"@type":"Organization","@id":"https:\/\/lahingupood.ee\/#organization","name":"Lahingurada","url":"https:\/\/lahingupood.ee\/","logo":{"@type":"ImageObject","inLanguage":"en-GB","@id":"https:\/\/lahingupood.ee\/#\/schema\/logo\/image\/","url":"https:\/\/lahingupood.ee\/wp-content\/uploads\/2022\/03\/lahingurada-220318.jpg","contentUrl":"https:\/\/lahingupood.ee\/wp-content\/uploads\/2022\/03\/lahingurada-220318.jpg","width":800,"height":500,"caption":"Lahingurada"},"image":{"@id":"https:\/\/lahingupood.ee\/#\/schema\/logo\/image\/"},"sameAs":["https:\/\/www.facebook.com\/Lahingurada-629940247212967"]}]}},"_links":{"self":[{"href":"https:\/\/lahingupood.ee\/en\/wp-json\/wp\/v2\/product\/5660","targetHints":{"allow":["GET"]}}],"collection":[{"href":"https:\/\/lahingupood.ee\/en\/wp-json\/wp\/v2\/product"}],"about":[{"href":"https:\/\/lahingupood.ee\/en\/wp-json\/wp\/v2\/types\/product"}],"wp:featuredmedia":[{"embeddable":true,"href":"https:\/\/lahingupood.ee\/en\/wp-json\/wp\/v2\/media\/5661"}],"wp:attachment":[{"href":"https:\/\/lahingupood.ee\/en\/wp-json\/wp\/v2\/media?parent=5660"}],"wp:term":[{"taxonomy":"product_brand","embeddable":true,"href":"https:\/\/lahingupood.ee\/en\/wp-json\/wp\/v2\/product_brand?post=5660"},{"taxonomy":"product_cat","embeddable":true,"href":"https:\/\/lahingupood.ee\/en\/wp-json\/wp\/v2\/product_cat?post=5660"},{"taxonomy":"product_tag","embeddable":true,"href":"https:\/\/lahingupood.ee\/en\/wp-json\/wp\/v2\/product_tag?post=5660"}],"curies":[{"name":"wp","href":"https:\/\/api.w.org\/{rel}","templated":true}]}}