{"id":5653,"date":"2025-03-01T09:39:25","date_gmt":"2025-03-01T07:39:25","guid":{"rendered":"https:\/\/lahingupood.ee\/?post_type=product&#038;p=5653"},"modified":"2026-05-02T21:30:03","modified_gmt":"2026-05-02T18:30:03","slug":"magazin-m1911-meu-gbb-15rds","status":"publish","type":"product","link":"https:\/\/lahingupood.ee\/en\/product\/magazin-m1911-meu-gbb-15rds\/","title":{"rendered":"Magazin M1911 MEU GBB 15rds"},"content":{"rendered":"<p>M1911 MEU GBB magazine 15rds on kvaliteetne gaasisalv, mis on m\u00f5eldud Airsoft M1911 MEU t\u00fc\u00fcpi GBB (gas blowback) p\u00fcstolitele. See salve on oluline varu- v\u00f5i asendusosa, mis tagab sujuva ja t\u00f6\u00f6kindla laskmise igas m\u00e4ngusituatsioonis.<\/p>\n<p>Salv t\u00f6\u00f6tab gaasis\u00fcsteemiga (green, red v\u00f5i black gas), mis v\u00f5imaldab relval saavutada realistliku blowback efekti. Gaas tagab ka stabiilse laskmise ning piisava v\u00f5imsuse, et s\u00e4ilitada t\u00e4psus ja ulatus.<\/p>","protected":false},"excerpt":{"rendered":"<p>M1911 MEU GBB magazine 15rds on kvaliteetne gaasisalv, mis on m\u00f5eldud Airsoft M1911 MEU t\u00fc\u00fcpi GBB (gas blowback) p\u00fcstolitele. See salve on oluline varu- v\u00f5i asendusosa, mis tagab sujuva ja t\u00f6\u00f6kindla laskmise igas m\u00e4ngusituatsioonis. Salv t\u00f6\u00f6tab gaasis\u00fcsteemiga (green, red v\u00f5i black gas), mis v\u00f5imaldab relval saavutada realistliku blowback efekti. Gaas tagab ka stabiilse laskmise ning [&#8230;]\n","protected":false},"featured_media":5654,"template":"","meta":[],"product_brand":[],"product_cat":[86],"product_tag":[],"class_list":{"0":"post-5653","1":"product","2":"type-product","3":"status-publish","4":"has-post-thumbnail","6":"product_cat-gbb-salved","8":"first","9":"instock","10":"taxable","11":"shipping-taxable","12":"purchasable","13":"product-type-simple"},"yoast_head":"<!-- This site is optimized with the Yoast SEO Premium plugin v27.5 (Yoast SEO v27.5) - https:\/\/yoast.com\/product\/yoast-seo-premium-wordpress\/ -->\n<title>M1911 MEU GBB Magazine 15rds \u2013 Airsoft salve<\/title>\n<meta name=\"description\" content=\"M1911 MEU GBB magazine 15rds on gaasisalv Airsoft M1911 p\u00fcstolitele, mahutades 15 kuuli ja tagades t\u00f6\u00f6kindla s\u00f6\u00f6tmise.\" \/>\n<meta name=\"robots\" content=\"index, follow, max-snippet:-1, max-image-preview:large, max-video-preview:-1\" \/>\n<link rel=\"canonical\" href=\"https:\/\/lahingupood.ee\/en\/product\/magazin-m1911-meu-gbb-15rds\/\" \/>\n<meta property=\"og:locale\" content=\"en_GB\" \/>\n<meta property=\"og:type\" content=\"article\" \/>\n<meta property=\"og:title\" content=\"Magazin M1911 MEU GBB 15rds\" \/>\n<meta property=\"og:description\" content=\"M1911 MEU GBB magazine 15rds on gaasisalv Airsoft M1911 p\u00fcstolitele, mahutades 15 kuuli ja tagades t\u00f6\u00f6kindla s\u00f6\u00f6tmise.\" \/>\n<meta property=\"og:url\" content=\"https:\/\/lahingupood.ee\/en\/product\/magazin-m1911-meu-gbb-15rds\/\" \/>\n<meta property=\"og:site_name\" content=\"Lahingurada e-pood\" \/>\n<meta property=\"article:publisher\" content=\"https:\/\/www.facebook.com\/Lahingurada-629940247212967\" \/>\n<meta property=\"article:modified_time\" content=\"2026-05-02T18:30:03+00:00\" \/>\n<meta property=\"og:image\" content=\"https:\/\/lahingupood.ee\/wp-content\/uploads\/2022\/03\/lahingurada-220318.jpg\" \/>\n\t<meta property=\"og:image:width\" content=\"800\" \/>\n\t<meta property=\"og:image:height\" content=\"500\" \/>\n\t<meta property=\"og:image:type\" content=\"image\/jpeg\" \/>\n<meta name=\"twitter:card\" content=\"summary_large_image\" \/>\n<meta name=\"twitter:label1\" content=\"Estimated reading time\" \/>\n\t<meta name=\"twitter:data1\" content=\"1 minute\" \/>\n<script type=\"application\/ld+json\" class=\"yoast-schema-graph\">{\"@context\":\"https:\\\/\\\/schema.org\",\"@graph\":[{\"@type\":\"WebPage\",\"@id\":\"https:\\\/\\\/lahingupood.ee\\\/toode\\\/magazin-m1911-meu-gbb-15rds\\\/\",\"url\":\"https:\\\/\\\/lahingupood.ee\\\/toode\\\/magazin-m1911-meu-gbb-15rds\\\/\",\"name\":\"M1911 MEU GBB Magazine 15rds \u2013 Airsoft salve\",\"isPartOf\":{\"@id\":\"https:\\\/\\\/lahingupood.ee\\\/#website\"},\"primaryImageOfPage\":{\"@id\":\"https:\\\/\\\/lahingupood.ee\\\/toode\\\/magazin-m1911-meu-gbb-15rds\\\/#primaryimage\"},\"image\":{\"@id\":\"https:\\\/\\\/lahingupood.ee\\\/toode\\\/magazin-m1911-meu-gbb-15rds\\\/#primaryimage\"},\"thumbnailUrl\":\"https:\\\/\\\/lahingupood.ee\\\/wp-content\\\/uploads\\\/2025\\\/03\\\/1911-1.avif\",\"datePublished\":\"2025-03-01T07:39:25+00:00\",\"dateModified\":\"2026-05-02T18:30:03+00:00\",\"description\":\"M1911 MEU GBB magazine 15rds on gaasisalv Airsoft M1911 p\u00fcstolitele, mahutades 15 kuuli ja tagades t\u00f6\u00f6kindla s\u00f6\u00f6tmise.\",\"breadcrumb\":{\"@id\":\"https:\\\/\\\/lahingupood.ee\\\/toode\\\/magazin-m1911-meu-gbb-15rds\\\/#breadcrumb\"},\"inLanguage\":\"en-GB\",\"potentialAction\":[{\"@type\":\"ReadAction\",\"target\":[\"https:\\\/\\\/lahingupood.ee\\\/toode\\\/magazin-m1911-meu-gbb-15rds\\\/\"]}]},{\"@type\":\"ImageObject\",\"inLanguage\":\"en-GB\",\"@id\":\"https:\\\/\\\/lahingupood.ee\\\/toode\\\/magazin-m1911-meu-gbb-15rds\\\/#primaryimage\",\"url\":\"https:\\\/\\\/lahingupood.ee\\\/wp-content\\\/uploads\\\/2025\\\/03\\\/1911-1.avif\",\"contentUrl\":\"https:\\\/\\\/lahingupood.ee\\\/wp-content\\\/uploads\\\/2025\\\/03\\\/1911-1.avif\",\"width\":600,\"height\":420,\"caption\":\"M1911 MEU GBB magazine 15rds Airsoft gaasisalv metall 15 kuuli\"},{\"@type\":\"BreadcrumbList\",\"@id\":\"https:\\\/\\\/lahingupood.ee\\\/toode\\\/magazin-m1911-meu-gbb-15rds\\\/#breadcrumb\",\"itemListElement\":[{\"@type\":\"ListItem\",\"position\":1,\"name\":\"Home\",\"item\":\"https:\\\/\\\/lahingupood.ee\\\/\"},{\"@type\":\"ListItem\",\"position\":2,\"name\":\"Tooted\",\"item\":\"https:\\\/\\\/lahingupood.ee\\\/tooted\\\/\"},{\"@type\":\"ListItem\",\"position\":3,\"name\":\"Magazin M1911 MEU GBB 15rds\"}]},{\"@type\":\"WebSite\",\"@id\":\"https:\\\/\\\/lahingupood.ee\\\/#website\",\"url\":\"https:\\\/\\\/lahingupood.ee\\\/\",\"name\":\"Lahingurada e-pood\",\"description\":\"Airsoft\",\"publisher\":{\"@id\":\"https:\\\/\\\/lahingupood.ee\\\/#organization\"},\"potentialAction\":[{\"@type\":\"SearchAction\",\"target\":{\"@type\":\"EntryPoint\",\"urlTemplate\":\"https:\\\/\\\/lahingupood.ee\\\/?s={search_term_string}\"},\"query-input\":{\"@type\":\"PropertyValueSpecification\",\"valueRequired\":true,\"valueName\":\"search_term_string\"}}],\"inLanguage\":\"en-GB\"},{\"@type\":\"Organization\",\"@id\":\"https:\\\/\\\/lahingupood.ee\\\/#organization\",\"name\":\"Lahingurada\",\"url\":\"https:\\\/\\\/lahingupood.ee\\\/\",\"logo\":{\"@type\":\"ImageObject\",\"inLanguage\":\"en-GB\",\"@id\":\"https:\\\/\\\/lahingupood.ee\\\/#\\\/schema\\\/logo\\\/image\\\/\",\"url\":\"https:\\\/\\\/lahingupood.ee\\\/wp-content\\\/uploads\\\/2022\\\/03\\\/lahingurada-220318.jpg\",\"contentUrl\":\"https:\\\/\\\/lahingupood.ee\\\/wp-content\\\/uploads\\\/2022\\\/03\\\/lahingurada-220318.jpg\",\"width\":800,\"height\":500,\"caption\":\"Lahingurada\"},\"image\":{\"@id\":\"https:\\\/\\\/lahingupood.ee\\\/#\\\/schema\\\/logo\\\/image\\\/\"},\"sameAs\":[\"https:\\\/\\\/www.facebook.com\\\/Lahingurada-629940247212967\"]}]}<\/script>\n<!-- \/ Yoast SEO Premium plugin. -->","yoast_head_json":{"title":"M1911 MEU GBB Magazine 15rds \u2013 Airsoft salve","description":"M1911 MEU GBB magazine 15rds on gaasisalv Airsoft M1911 p\u00fcstolitele, mahutades 15 kuuli ja tagades t\u00f6\u00f6kindla s\u00f6\u00f6tmise.","robots":{"index":"index","follow":"follow","max-snippet":"max-snippet:-1","max-image-preview":"max-image-preview:large","max-video-preview":"max-video-preview:-1"},"canonical":"https:\/\/lahingupood.ee\/en\/product\/magazin-m1911-meu-gbb-15rds\/","og_locale":"en_GB","og_type":"article","og_title":"Magazin M1911 MEU GBB 15rds","og_description":"M1911 MEU GBB magazine 15rds on gaasisalv Airsoft M1911 p\u00fcstolitele, mahutades 15 kuuli ja tagades t\u00f6\u00f6kindla s\u00f6\u00f6tmise.","og_url":"https:\/\/lahingupood.ee\/en\/product\/magazin-m1911-meu-gbb-15rds\/","og_site_name":"Lahingurada e-pood","article_publisher":"https:\/\/www.facebook.com\/Lahingurada-629940247212967","article_modified_time":"2026-05-02T18:30:03+00:00","og_image":[{"width":800,"height":500,"url":"https:\/\/lahingupood.ee\/wp-content\/uploads\/2022\/03\/lahingurada-220318.jpg","type":"image\/jpeg"}],"twitter_card":"summary_large_image","twitter_misc":{"Estimated reading time":"1 minute"},"schema":{"@context":"https:\/\/schema.org","@graph":[{"@type":"WebPage","@id":"https:\/\/lahingupood.ee\/toode\/magazin-m1911-meu-gbb-15rds\/","url":"https:\/\/lahingupood.ee\/toode\/magazin-m1911-meu-gbb-15rds\/","name":"M1911 MEU GBB Magazine 15rds \u2013 Airsoft salve","isPartOf":{"@id":"https:\/\/lahingupood.ee\/#website"},"primaryImageOfPage":{"@id":"https:\/\/lahingupood.ee\/toode\/magazin-m1911-meu-gbb-15rds\/#primaryimage"},"image":{"@id":"https:\/\/lahingupood.ee\/toode\/magazin-m1911-meu-gbb-15rds\/#primaryimage"},"thumbnailUrl":"https:\/\/lahingupood.ee\/wp-content\/uploads\/2025\/03\/1911-1.avif","datePublished":"2025-03-01T07:39:25+00:00","dateModified":"2026-05-02T18:30:03+00:00","description":"M1911 MEU GBB magazine 15rds on gaasisalv Airsoft M1911 p\u00fcstolitele, mahutades 15 kuuli ja tagades t\u00f6\u00f6kindla s\u00f6\u00f6tmise.","breadcrumb":{"@id":"https:\/\/lahingupood.ee\/toode\/magazin-m1911-meu-gbb-15rds\/#breadcrumb"},"inLanguage":"en-GB","potentialAction":[{"@type":"ReadAction","target":["https:\/\/lahingupood.ee\/toode\/magazin-m1911-meu-gbb-15rds\/"]}]},{"@type":"ImageObject","inLanguage":"en-GB","@id":"https:\/\/lahingupood.ee\/toode\/magazin-m1911-meu-gbb-15rds\/#primaryimage","url":"https:\/\/lahingupood.ee\/wp-content\/uploads\/2025\/03\/1911-1.avif","contentUrl":"https:\/\/lahingupood.ee\/wp-content\/uploads\/2025\/03\/1911-1.avif","width":600,"height":420,"caption":"M1911 MEU GBB magazine 15rds Airsoft gaasisalv metall 15 kuuli"},{"@type":"BreadcrumbList","@id":"https:\/\/lahingupood.ee\/toode\/magazin-m1911-meu-gbb-15rds\/#breadcrumb","itemListElement":[{"@type":"ListItem","position":1,"name":"Home","item":"https:\/\/lahingupood.ee\/"},{"@type":"ListItem","position":2,"name":"Tooted","item":"https:\/\/lahingupood.ee\/tooted\/"},{"@type":"ListItem","position":3,"name":"Magazin M1911 MEU GBB 15rds"}]},{"@type":"WebSite","@id":"https:\/\/lahingupood.ee\/#website","url":"https:\/\/lahingupood.ee\/","name":"Lahingurada e-pood","description":"Airsoft","publisher":{"@id":"https:\/\/lahingupood.ee\/#organization"},"potentialAction":[{"@type":"SearchAction","target":{"@type":"EntryPoint","urlTemplate":"https:\/\/lahingupood.ee\/?s={search_term_string}"},"query-input":{"@type":"PropertyValueSpecification","valueRequired":true,"valueName":"search_term_string"}}],"inLanguage":"en-GB"},{"@type":"Organization","@id":"https:\/\/lahingupood.ee\/#organization","name":"Lahingurada","url":"https:\/\/lahingupood.ee\/","logo":{"@type":"ImageObject","inLanguage":"en-GB","@id":"https:\/\/lahingupood.ee\/#\/schema\/logo\/image\/","url":"https:\/\/lahingupood.ee\/wp-content\/uploads\/2022\/03\/lahingurada-220318.jpg","contentUrl":"https:\/\/lahingupood.ee\/wp-content\/uploads\/2022\/03\/lahingurada-220318.jpg","width":800,"height":500,"caption":"Lahingurada"},"image":{"@id":"https:\/\/lahingupood.ee\/#\/schema\/logo\/image\/"},"sameAs":["https:\/\/www.facebook.com\/Lahingurada-629940247212967"]}]}},"_links":{"self":[{"href":"https:\/\/lahingupood.ee\/en\/wp-json\/wp\/v2\/product\/5653","targetHints":{"allow":["GET"]}}],"collection":[{"href":"https:\/\/lahingupood.ee\/en\/wp-json\/wp\/v2\/product"}],"about":[{"href":"https:\/\/lahingupood.ee\/en\/wp-json\/wp\/v2\/types\/product"}],"wp:featuredmedia":[{"embeddable":true,"href":"https:\/\/lahingupood.ee\/en\/wp-json\/wp\/v2\/media\/5654"}],"wp:attachment":[{"href":"https:\/\/lahingupood.ee\/en\/wp-json\/wp\/v2\/media?parent=5653"}],"wp:term":[{"taxonomy":"product_brand","embeddable":true,"href":"https:\/\/lahingupood.ee\/en\/wp-json\/wp\/v2\/product_brand?post=5653"},{"taxonomy":"product_cat","embeddable":true,"href":"https:\/\/lahingupood.ee\/en\/wp-json\/wp\/v2\/product_cat?post=5653"},{"taxonomy":"product_tag","embeddable":true,"href":"https:\/\/lahingupood.ee\/en\/wp-json\/wp\/v2\/product_tag?post=5653"}],"curies":[{"name":"wp","href":"https:\/\/api.w.org\/{rel}","templated":true}]}}