{"id":5647,"date":"2025-03-01T09:25:56","date_gmt":"2025-03-01T07:25:56","guid":{"rendered":"https:\/\/lahingupood.ee\/?post_type=product&#038;p=5647"},"modified":"2026-04-12T18:15:03","modified_gmt":"2026-04-12T15:15:03","slug":"s-mag-mid-cap-magazine-for-ak-type-black","status":"publish","type":"product","link":"https:\/\/lahingupood.ee\/en\/product\/s-mag-mid-cap-magazine-for-ak-type-black\/","title":{"rendered":"S-Mag Mid-Cap magazine for AK TYPE- Black"},"content":{"rendered":"<p>Specna Arms esitleb pol\u00fcmeerist S-Mag salvesid. Neid iseloomustab kompaktne ja vastupidav struktuur ning saledam disain. T\u00e4helepanu v\u00e4\u00e4rib ka Specna Armsi logo iseloomulik tekstuur salve pinnal. Salv on valmistatud vastupidavast plastist ja selle mahutavus on 175 BB-d. Unikaalne disain tagab \u00fchilduvuse enamiku turul olevate replikatega ning sobib ideaalselt erinevat t\u00fc\u00fcpi taktikalistesse taskutesse.<\/p>","protected":false},"excerpt":{"rendered":"<p>Specna Arms esitleb pol\u00fcmeerist S-Mag salvesid. Neid iseloomustab kompaktne ja vastupidav struktuur ning saledam disain. T\u00e4helepanu v\u00e4\u00e4rib ka Specna Armsi logo iseloomulik tekstuur salve pinnal. Salv on valmistatud vastupidavast plastist ja selle mahutavus on 175 BB-d. Unikaalne disain tagab \u00fchilduvuse enamiku turul olevate replikatega ning sobib ideaalselt erinevat t\u00fc\u00fcpi taktikalistesse taskutesse.<\/p>","protected":false},"featured_media":5648,"template":"","meta":[],"product_brand":[],"product_cat":[87,177],"product_tag":[],"class_list":{"0":"post-5647","1":"product","2":"type-product","3":"status-publish","4":"has-post-thumbnail","6":"product_cat-aeg-salved","7":"product_cat-ak-salved","9":"first","10":"instock","11":"taxable","12":"shipping-taxable","13":"purchasable","14":"product-type-simple"},"yoast_head":"<!-- This site is optimized with the Yoast SEO Premium plugin v27.3 (Yoast SEO v27.3) - https:\/\/yoast.com\/product\/yoast-seo-premium-wordpress\/ -->\n<title>S-Mag Mid-Cap magazine for AK TYPE- Black - Lahingurada e-pood<\/title>\n<meta name=\"description\" content=\"Specna Arms esitleb pol\u00fcmeerist S-Mag salvesid. Neid iseloomustab kompaktne ja vastupidav struktuur ning saledam disain. T\u00e4helepanu v\u00e4\u00e4rib ka Specna Armsi\" \/>\n<meta name=\"robots\" content=\"index, follow, max-snippet:-1, max-image-preview:large, max-video-preview:-1\" \/>\n<link rel=\"canonical\" href=\"https:\/\/lahingupood.ee\/en\/product\/s-mag-mid-cap-magazine-for-ak-type-black\/\" \/>\n<meta property=\"og:locale\" content=\"en_GB\" \/>\n<meta property=\"og:type\" content=\"article\" \/>\n<meta property=\"og:title\" content=\"S-Mag Mid-Cap magazine for AK TYPE- Black\" \/>\n<meta property=\"og:description\" content=\"Specna Arms esitleb pol\u00fcmeerist S-Mag salvesid. Neid iseloomustab kompaktne ja vastupidav struktuur ning saledam disain. T\u00e4helepanu v\u00e4\u00e4rib ka Specna Armsi\" \/>\n<meta property=\"og:url\" content=\"https:\/\/lahingupood.ee\/en\/product\/s-mag-mid-cap-magazine-for-ak-type-black\/\" \/>\n<meta property=\"og:site_name\" content=\"Lahingurada e-pood\" \/>\n<meta property=\"article:publisher\" content=\"https:\/\/www.facebook.com\/Lahingurada-629940247212967\" \/>\n<meta property=\"article:modified_time\" content=\"2026-04-12T15:15:03+00:00\" \/>\n<meta property=\"og:image\" content=\"https:\/\/lahingupood.ee\/wp-content\/uploads\/2025\/03\/AK-2.webp\" \/>\n\t<meta property=\"og:image:width\" content=\"1200\" \/>\n\t<meta property=\"og:image:height\" content=\"800\" \/>\n\t<meta property=\"og:image:type\" content=\"image\/webp\" \/>\n<meta name=\"twitter:card\" content=\"summary_large_image\" \/>\n<meta name=\"twitter:label1\" content=\"Estimated reading time\" \/>\n\t<meta name=\"twitter:data1\" content=\"1 minute\" \/>\n<script type=\"application\/ld+json\" class=\"yoast-schema-graph\">{\"@context\":\"https:\\\/\\\/schema.org\",\"@graph\":[{\"@type\":\"WebPage\",\"@id\":\"https:\\\/\\\/lahingupood.ee\\\/toode\\\/s-mag-mid-cap-magazine-for-ak-type-black\\\/\",\"url\":\"https:\\\/\\\/lahingupood.ee\\\/toode\\\/s-mag-mid-cap-magazine-for-ak-type-black\\\/\",\"name\":\"S-Mag Mid-Cap magazine for AK TYPE- Black - Lahingurada e-pood\",\"isPartOf\":{\"@id\":\"https:\\\/\\\/lahingupood.ee\\\/#website\"},\"primaryImageOfPage\":{\"@id\":\"https:\\\/\\\/lahingupood.ee\\\/toode\\\/s-mag-mid-cap-magazine-for-ak-type-black\\\/#primaryimage\"},\"image\":{\"@id\":\"https:\\\/\\\/lahingupood.ee\\\/toode\\\/s-mag-mid-cap-magazine-for-ak-type-black\\\/#primaryimage\"},\"thumbnailUrl\":\"https:\\\/\\\/lahingupood.ee\\\/wp-content\\\/uploads\\\/2025\\\/03\\\/AK-2.webp\",\"datePublished\":\"2025-03-01T07:25:56+00:00\",\"dateModified\":\"2026-04-12T15:15:03+00:00\",\"description\":\"Specna Arms esitleb pol\u00fcmeerist S-Mag salvesid. Neid iseloomustab kompaktne ja vastupidav struktuur ning saledam disain. T\u00e4helepanu v\u00e4\u00e4rib ka Specna Armsi\",\"breadcrumb\":{\"@id\":\"https:\\\/\\\/lahingupood.ee\\\/toode\\\/s-mag-mid-cap-magazine-for-ak-type-black\\\/#breadcrumb\"},\"inLanguage\":\"en-GB\",\"potentialAction\":[{\"@type\":\"ReadAction\",\"target\":[\"https:\\\/\\\/lahingupood.ee\\\/toode\\\/s-mag-mid-cap-magazine-for-ak-type-black\\\/\"]}]},{\"@type\":\"ImageObject\",\"inLanguage\":\"en-GB\",\"@id\":\"https:\\\/\\\/lahingupood.ee\\\/toode\\\/s-mag-mid-cap-magazine-for-ak-type-black\\\/#primaryimage\",\"url\":\"https:\\\/\\\/lahingupood.ee\\\/wp-content\\\/uploads\\\/2025\\\/03\\\/AK-2.webp\",\"contentUrl\":\"https:\\\/\\\/lahingupood.ee\\\/wp-content\\\/uploads\\\/2025\\\/03\\\/AK-2.webp\",\"width\":1200,\"height\":800},{\"@type\":\"BreadcrumbList\",\"@id\":\"https:\\\/\\\/lahingupood.ee\\\/toode\\\/s-mag-mid-cap-magazine-for-ak-type-black\\\/#breadcrumb\",\"itemListElement\":[{\"@type\":\"ListItem\",\"position\":1,\"name\":\"Home\",\"item\":\"https:\\\/\\\/lahingupood.ee\\\/\"},{\"@type\":\"ListItem\",\"position\":2,\"name\":\"Tooted\",\"item\":\"https:\\\/\\\/lahingupood.ee\\\/tooted\\\/\"},{\"@type\":\"ListItem\",\"position\":3,\"name\":\"S-Mag Mid-Cap magazine for AK TYPE- Black\"}]},{\"@type\":\"WebSite\",\"@id\":\"https:\\\/\\\/lahingupood.ee\\\/#website\",\"url\":\"https:\\\/\\\/lahingupood.ee\\\/\",\"name\":\"Lahingurada e-pood\",\"description\":\"Airsoft\",\"publisher\":{\"@id\":\"https:\\\/\\\/lahingupood.ee\\\/#organization\"},\"potentialAction\":[{\"@type\":\"SearchAction\",\"target\":{\"@type\":\"EntryPoint\",\"urlTemplate\":\"https:\\\/\\\/lahingupood.ee\\\/?s={search_term_string}\"},\"query-input\":{\"@type\":\"PropertyValueSpecification\",\"valueRequired\":true,\"valueName\":\"search_term_string\"}}],\"inLanguage\":\"en-GB\"},{\"@type\":\"Organization\",\"@id\":\"https:\\\/\\\/lahingupood.ee\\\/#organization\",\"name\":\"Lahingurada\",\"url\":\"https:\\\/\\\/lahingupood.ee\\\/\",\"logo\":{\"@type\":\"ImageObject\",\"inLanguage\":\"en-GB\",\"@id\":\"https:\\\/\\\/lahingupood.ee\\\/#\\\/schema\\\/logo\\\/image\\\/\",\"url\":\"https:\\\/\\\/lahingupood.ee\\\/wp-content\\\/uploads\\\/2022\\\/03\\\/lahingurada-220318.jpg\",\"contentUrl\":\"https:\\\/\\\/lahingupood.ee\\\/wp-content\\\/uploads\\\/2022\\\/03\\\/lahingurada-220318.jpg\",\"width\":800,\"height\":500,\"caption\":\"Lahingurada\"},\"image\":{\"@id\":\"https:\\\/\\\/lahingupood.ee\\\/#\\\/schema\\\/logo\\\/image\\\/\"},\"sameAs\":[\"https:\\\/\\\/www.facebook.com\\\/Lahingurada-629940247212967\"]}]}<\/script>\n<!-- \/ Yoast SEO Premium plugin. -->","yoast_head_json":{"title":"S-Mag Mid-Cap magazine for AK TYPE- Black - Lahingurada e-pood","description":"Specna Arms esitleb pol\u00fcmeerist S-Mag salvesid. Neid iseloomustab kompaktne ja vastupidav struktuur ning saledam disain. T\u00e4helepanu v\u00e4\u00e4rib ka Specna Armsi","robots":{"index":"index","follow":"follow","max-snippet":"max-snippet:-1","max-image-preview":"max-image-preview:large","max-video-preview":"max-video-preview:-1"},"canonical":"https:\/\/lahingupood.ee\/en\/product\/s-mag-mid-cap-magazine-for-ak-type-black\/","og_locale":"en_GB","og_type":"article","og_title":"S-Mag Mid-Cap magazine for AK TYPE- Black","og_description":"Specna Arms esitleb pol\u00fcmeerist S-Mag salvesid. Neid iseloomustab kompaktne ja vastupidav struktuur ning saledam disain. T\u00e4helepanu v\u00e4\u00e4rib ka Specna Armsi","og_url":"https:\/\/lahingupood.ee\/en\/product\/s-mag-mid-cap-magazine-for-ak-type-black\/","og_site_name":"Lahingurada e-pood","article_publisher":"https:\/\/www.facebook.com\/Lahingurada-629940247212967","article_modified_time":"2026-04-12T15:15:03+00:00","og_image":[{"width":1200,"height":800,"url":"https:\/\/lahingupood.ee\/wp-content\/uploads\/2025\/03\/AK-2.webp","type":"image\/webp"}],"twitter_card":"summary_large_image","twitter_misc":{"Estimated reading time":"1 minute"},"schema":{"@context":"https:\/\/schema.org","@graph":[{"@type":"WebPage","@id":"https:\/\/lahingupood.ee\/toode\/s-mag-mid-cap-magazine-for-ak-type-black\/","url":"https:\/\/lahingupood.ee\/toode\/s-mag-mid-cap-magazine-for-ak-type-black\/","name":"S-Mag Mid-Cap magazine for AK TYPE- Black - Lahingurada e-pood","isPartOf":{"@id":"https:\/\/lahingupood.ee\/#website"},"primaryImageOfPage":{"@id":"https:\/\/lahingupood.ee\/toode\/s-mag-mid-cap-magazine-for-ak-type-black\/#primaryimage"},"image":{"@id":"https:\/\/lahingupood.ee\/toode\/s-mag-mid-cap-magazine-for-ak-type-black\/#primaryimage"},"thumbnailUrl":"https:\/\/lahingupood.ee\/wp-content\/uploads\/2025\/03\/AK-2.webp","datePublished":"2025-03-01T07:25:56+00:00","dateModified":"2026-04-12T15:15:03+00:00","description":"Specna Arms esitleb pol\u00fcmeerist S-Mag salvesid. Neid iseloomustab kompaktne ja vastupidav struktuur ning saledam disain. T\u00e4helepanu v\u00e4\u00e4rib ka Specna Armsi","breadcrumb":{"@id":"https:\/\/lahingupood.ee\/toode\/s-mag-mid-cap-magazine-for-ak-type-black\/#breadcrumb"},"inLanguage":"en-GB","potentialAction":[{"@type":"ReadAction","target":["https:\/\/lahingupood.ee\/toode\/s-mag-mid-cap-magazine-for-ak-type-black\/"]}]},{"@type":"ImageObject","inLanguage":"en-GB","@id":"https:\/\/lahingupood.ee\/toode\/s-mag-mid-cap-magazine-for-ak-type-black\/#primaryimage","url":"https:\/\/lahingupood.ee\/wp-content\/uploads\/2025\/03\/AK-2.webp","contentUrl":"https:\/\/lahingupood.ee\/wp-content\/uploads\/2025\/03\/AK-2.webp","width":1200,"height":800},{"@type":"BreadcrumbList","@id":"https:\/\/lahingupood.ee\/toode\/s-mag-mid-cap-magazine-for-ak-type-black\/#breadcrumb","itemListElement":[{"@type":"ListItem","position":1,"name":"Home","item":"https:\/\/lahingupood.ee\/"},{"@type":"ListItem","position":2,"name":"Tooted","item":"https:\/\/lahingupood.ee\/tooted\/"},{"@type":"ListItem","position":3,"name":"S-Mag Mid-Cap magazine for AK TYPE- Black"}]},{"@type":"WebSite","@id":"https:\/\/lahingupood.ee\/#website","url":"https:\/\/lahingupood.ee\/","name":"Lahingurada e-pood","description":"Airsoft","publisher":{"@id":"https:\/\/lahingupood.ee\/#organization"},"potentialAction":[{"@type":"SearchAction","target":{"@type":"EntryPoint","urlTemplate":"https:\/\/lahingupood.ee\/?s={search_term_string}"},"query-input":{"@type":"PropertyValueSpecification","valueRequired":true,"valueName":"search_term_string"}}],"inLanguage":"en-GB"},{"@type":"Organization","@id":"https:\/\/lahingupood.ee\/#organization","name":"Lahingurada","url":"https:\/\/lahingupood.ee\/","logo":{"@type":"ImageObject","inLanguage":"en-GB","@id":"https:\/\/lahingupood.ee\/#\/schema\/logo\/image\/","url":"https:\/\/lahingupood.ee\/wp-content\/uploads\/2022\/03\/lahingurada-220318.jpg","contentUrl":"https:\/\/lahingupood.ee\/wp-content\/uploads\/2022\/03\/lahingurada-220318.jpg","width":800,"height":500,"caption":"Lahingurada"},"image":{"@id":"https:\/\/lahingupood.ee\/#\/schema\/logo\/image\/"},"sameAs":["https:\/\/www.facebook.com\/Lahingurada-629940247212967"]}]}},"_links":{"self":[{"href":"https:\/\/lahingupood.ee\/en\/wp-json\/wp\/v2\/product\/5647","targetHints":{"allow":["GET"]}}],"collection":[{"href":"https:\/\/lahingupood.ee\/en\/wp-json\/wp\/v2\/product"}],"about":[{"href":"https:\/\/lahingupood.ee\/en\/wp-json\/wp\/v2\/types\/product"}],"wp:featuredmedia":[{"embeddable":true,"href":"https:\/\/lahingupood.ee\/en\/wp-json\/wp\/v2\/media\/5648"}],"wp:attachment":[{"href":"https:\/\/lahingupood.ee\/en\/wp-json\/wp\/v2\/media?parent=5647"}],"wp:term":[{"taxonomy":"product_brand","embeddable":true,"href":"https:\/\/lahingupood.ee\/en\/wp-json\/wp\/v2\/product_brand?post=5647"},{"taxonomy":"product_cat","embeddable":true,"href":"https:\/\/lahingupood.ee\/en\/wp-json\/wp\/v2\/product_cat?post=5647"},{"taxonomy":"product_tag","embeddable":true,"href":"https:\/\/lahingupood.ee\/en\/wp-json\/wp\/v2\/product_tag?post=5647"}],"curies":[{"name":"wp","href":"https:\/\/api.w.org\/{rel}","templated":true}]}}