{"id":5622,"date":"2025-02-28T15:28:52","date_gmt":"2025-02-28T13:28:52","guid":{"rendered":"https:\/\/lahingupood.ee\/?post_type=product&#038;p=5622"},"modified":"2026-04-12T20:30:06","modified_gmt":"2026-04-12T17:30:06","slug":"we-g17-gen5","status":"publish","type":"product","link":"https:\/\/lahingupood.ee\/en\/product\/we-g17-gen5\/","title":{"rendered":"WE G17 Gen5"},"content":{"rendered":"<p>Tegemist on t\u00f5en\u00e4oliselt k\u00f5ige valituma ja tuntuima Glock seeria replikate tootjaga \u00fcle maailma. Replika on tehtud sarnaselt p\u00e4risrelvale tugevast pol\u00fcmeerplastikust ja metallist. K\u00e4epideme katted ja alumine replikaosa on plastikust, kelk metallist. Kuuli v\u00e4ljalaskekiirus on kuni 95 m\/s, mis sobib perfektselt nii sise- kui v\u00e4lism\u00e4ngudeks. Replikal on realistlik blow-back (tagasil\u00f6\u00f6k) s\u00fcsteem. Kelk liigub iga lasuga taha ja j\u00e4\u00e4b p\u00e4rast viimast lasku taha-asendisse. Replikal on reguleeritav hop-up s\u00fcsteem.<\/p>\n<p>Komplekti kuulub 25 BB kuuli mahutav metallist green gas salv ja lisa k\u00e4epideme katted suuruse reguleerimiseks<\/p>","protected":false},"excerpt":{"rendered":"<p>Tegemist on t\u00f5en\u00e4oliselt k\u00f5ige valituma ja tuntuima Glock seeria replikate tootjaga \u00fcle maailma. Replika on tehtud sarnaselt p\u00e4risrelvale tugevast pol\u00fcmeerplastikust ja metallist. K\u00e4epideme katted ja alumine replikaosa on plastikust, kelk metallist. Kuuli v\u00e4ljalaskekiirus on kuni 95 m\/s, mis sobib perfektselt nii sise- kui v\u00e4lism\u00e4ngudeks. Replikal on realistlik blow-back (tagasil\u00f6\u00f6k) s\u00fcsteem. Kelk liigub iga lasuga taha [&#8230;]\n","protected":false},"featured_media":5623,"template":"","meta":[],"product_brand":[],"product_cat":[24],"product_tag":[],"class_list":{"0":"post-5622","1":"product","2":"type-product","3":"status-publish","4":"has-post-thumbnail","6":"product_cat-gbb-relvad","8":"first","9":"outofstock","10":"taxable","11":"shipping-taxable","12":"purchasable","13":"product-type-simple"},"yoast_head":"<!-- This site is optimized with the Yoast SEO Premium plugin v27.3 (Yoast SEO v27.3) - https:\/\/yoast.com\/product\/yoast-seo-premium-wordpress\/ -->\n<title>WE G17 Gen5 - Lahingurada e-pood<\/title>\n<meta name=\"description\" content=\"Tegemist on t\u00f5en\u00e4oliselt k\u00f5ige valituma ja tuntuima Glock seeria relikate tootjaga \u00fcle maailma. Replika on tehtud sarnaselt p\u00e4risrelvale tugevast pol\u00fcmeerpl\" \/>\n<meta name=\"robots\" content=\"index, follow, max-snippet:-1, max-image-preview:large, max-video-preview:-1\" \/>\n<link rel=\"canonical\" href=\"https:\/\/lahingupood.ee\/en\/product\/we-g17-gen5\/\" \/>\n<meta property=\"og:locale\" content=\"en_GB\" \/>\n<meta property=\"og:type\" content=\"article\" \/>\n<meta property=\"og:title\" content=\"WE G17 Gen5\" \/>\n<meta property=\"og:description\" content=\"Tegemist on t\u00f5en\u00e4oliselt k\u00f5ige valituma ja tuntuima Glock seeria relikate tootjaga \u00fcle maailma. Replika on tehtud sarnaselt p\u00e4risrelvale tugevast pol\u00fcmeerpl\" \/>\n<meta property=\"og:url\" content=\"https:\/\/lahingupood.ee\/en\/product\/we-g17-gen5\/\" \/>\n<meta property=\"og:site_name\" content=\"Lahingurada e-pood\" \/>\n<meta property=\"article:publisher\" content=\"https:\/\/www.facebook.com\/Lahingurada-629940247212967\" \/>\n<meta property=\"article:modified_time\" content=\"2026-04-12T17:30:06+00:00\" \/>\n<meta property=\"og:image\" content=\"https:\/\/lahingupood.ee\/wp-content\/uploads\/2025\/02\/glock-1.jpg\" \/>\n\t<meta property=\"og:image:width\" content=\"600\" \/>\n\t<meta property=\"og:image:height\" content=\"400\" \/>\n\t<meta property=\"og:image:type\" content=\"image\/jpeg\" \/>\n<meta name=\"twitter:card\" content=\"summary_large_image\" \/>\n<meta name=\"twitter:label1\" content=\"Estimated reading time\" \/>\n\t<meta name=\"twitter:data1\" content=\"1 minute\" \/>\n<script type=\"application\/ld+json\" class=\"yoast-schema-graph\">{\"@context\":\"https:\\\/\\\/schema.org\",\"@graph\":[{\"@type\":\"WebPage\",\"@id\":\"https:\\\/\\\/lahingupood.ee\\\/toode\\\/we-g17-gen5\\\/\",\"url\":\"https:\\\/\\\/lahingupood.ee\\\/toode\\\/we-g17-gen5\\\/\",\"name\":\"WE G17 Gen5 - Lahingurada e-pood\",\"isPartOf\":{\"@id\":\"https:\\\/\\\/lahingupood.ee\\\/#website\"},\"primaryImageOfPage\":{\"@id\":\"https:\\\/\\\/lahingupood.ee\\\/toode\\\/we-g17-gen5\\\/#primaryimage\"},\"image\":{\"@id\":\"https:\\\/\\\/lahingupood.ee\\\/toode\\\/we-g17-gen5\\\/#primaryimage\"},\"thumbnailUrl\":\"https:\\\/\\\/lahingupood.ee\\\/wp-content\\\/uploads\\\/2025\\\/02\\\/glock-1.jpg\",\"datePublished\":\"2025-02-28T13:28:52+00:00\",\"dateModified\":\"2026-04-12T17:30:06+00:00\",\"description\":\"Tegemist on t\u00f5en\u00e4oliselt k\u00f5ige valituma ja tuntuima Glock seeria relikate tootjaga \u00fcle maailma. Replika on tehtud sarnaselt p\u00e4risrelvale tugevast pol\u00fcmeerpl\",\"breadcrumb\":{\"@id\":\"https:\\\/\\\/lahingupood.ee\\\/toode\\\/we-g17-gen5\\\/#breadcrumb\"},\"inLanguage\":\"en-GB\",\"potentialAction\":[{\"@type\":\"ReadAction\",\"target\":[\"https:\\\/\\\/lahingupood.ee\\\/toode\\\/we-g17-gen5\\\/\"]}]},{\"@type\":\"ImageObject\",\"inLanguage\":\"en-GB\",\"@id\":\"https:\\\/\\\/lahingupood.ee\\\/toode\\\/we-g17-gen5\\\/#primaryimage\",\"url\":\"https:\\\/\\\/lahingupood.ee\\\/wp-content\\\/uploads\\\/2025\\\/02\\\/glock-1.jpg\",\"contentUrl\":\"https:\\\/\\\/lahingupood.ee\\\/wp-content\\\/uploads\\\/2025\\\/02\\\/glock-1.jpg\",\"width\":600,\"height\":400},{\"@type\":\"BreadcrumbList\",\"@id\":\"https:\\\/\\\/lahingupood.ee\\\/toode\\\/we-g17-gen5\\\/#breadcrumb\",\"itemListElement\":[{\"@type\":\"ListItem\",\"position\":1,\"name\":\"Home\",\"item\":\"https:\\\/\\\/lahingupood.ee\\\/\"},{\"@type\":\"ListItem\",\"position\":2,\"name\":\"Tooted\",\"item\":\"https:\\\/\\\/lahingupood.ee\\\/tooted\\\/\"},{\"@type\":\"ListItem\",\"position\":3,\"name\":\"WE G17 Gen5\"}]},{\"@type\":\"WebSite\",\"@id\":\"https:\\\/\\\/lahingupood.ee\\\/#website\",\"url\":\"https:\\\/\\\/lahingupood.ee\\\/\",\"name\":\"Lahingurada e-pood\",\"description\":\"Airsoft\",\"publisher\":{\"@id\":\"https:\\\/\\\/lahingupood.ee\\\/#organization\"},\"potentialAction\":[{\"@type\":\"SearchAction\",\"target\":{\"@type\":\"EntryPoint\",\"urlTemplate\":\"https:\\\/\\\/lahingupood.ee\\\/?s={search_term_string}\"},\"query-input\":{\"@type\":\"PropertyValueSpecification\",\"valueRequired\":true,\"valueName\":\"search_term_string\"}}],\"inLanguage\":\"en-GB\"},{\"@type\":\"Organization\",\"@id\":\"https:\\\/\\\/lahingupood.ee\\\/#organization\",\"name\":\"Lahingurada\",\"url\":\"https:\\\/\\\/lahingupood.ee\\\/\",\"logo\":{\"@type\":\"ImageObject\",\"inLanguage\":\"en-GB\",\"@id\":\"https:\\\/\\\/lahingupood.ee\\\/#\\\/schema\\\/logo\\\/image\\\/\",\"url\":\"https:\\\/\\\/lahingupood.ee\\\/wp-content\\\/uploads\\\/2022\\\/03\\\/lahingurada-220318.jpg\",\"contentUrl\":\"https:\\\/\\\/lahingupood.ee\\\/wp-content\\\/uploads\\\/2022\\\/03\\\/lahingurada-220318.jpg\",\"width\":800,\"height\":500,\"caption\":\"Lahingurada\"},\"image\":{\"@id\":\"https:\\\/\\\/lahingupood.ee\\\/#\\\/schema\\\/logo\\\/image\\\/\"},\"sameAs\":[\"https:\\\/\\\/www.facebook.com\\\/Lahingurada-629940247212967\"]}]}<\/script>\n<!-- \/ Yoast SEO Premium plugin. -->","yoast_head_json":{"title":"WE G17 Gen5 - Lahingurada e-pood","description":"Tegemist on t\u00f5en\u00e4oliselt k\u00f5ige valituma ja tuntuima Glock seeria relikate tootjaga \u00fcle maailma. Replika on tehtud sarnaselt p\u00e4risrelvale tugevast pol\u00fcmeerpl","robots":{"index":"index","follow":"follow","max-snippet":"max-snippet:-1","max-image-preview":"max-image-preview:large","max-video-preview":"max-video-preview:-1"},"canonical":"https:\/\/lahingupood.ee\/en\/product\/we-g17-gen5\/","og_locale":"en_GB","og_type":"article","og_title":"WE G17 Gen5","og_description":"Tegemist on t\u00f5en\u00e4oliselt k\u00f5ige valituma ja tuntuima Glock seeria relikate tootjaga \u00fcle maailma. Replika on tehtud sarnaselt p\u00e4risrelvale tugevast pol\u00fcmeerpl","og_url":"https:\/\/lahingupood.ee\/en\/product\/we-g17-gen5\/","og_site_name":"Lahingurada e-pood","article_publisher":"https:\/\/www.facebook.com\/Lahingurada-629940247212967","article_modified_time":"2026-04-12T17:30:06+00:00","og_image":[{"width":600,"height":400,"url":"https:\/\/lahingupood.ee\/wp-content\/uploads\/2025\/02\/glock-1.jpg","type":"image\/jpeg"}],"twitter_card":"summary_large_image","twitter_misc":{"Estimated reading time":"1 minute"},"schema":{"@context":"https:\/\/schema.org","@graph":[{"@type":"WebPage","@id":"https:\/\/lahingupood.ee\/toode\/we-g17-gen5\/","url":"https:\/\/lahingupood.ee\/toode\/we-g17-gen5\/","name":"WE G17 Gen5 - Lahingurada e-pood","isPartOf":{"@id":"https:\/\/lahingupood.ee\/#website"},"primaryImageOfPage":{"@id":"https:\/\/lahingupood.ee\/toode\/we-g17-gen5\/#primaryimage"},"image":{"@id":"https:\/\/lahingupood.ee\/toode\/we-g17-gen5\/#primaryimage"},"thumbnailUrl":"https:\/\/lahingupood.ee\/wp-content\/uploads\/2025\/02\/glock-1.jpg","datePublished":"2025-02-28T13:28:52+00:00","dateModified":"2026-04-12T17:30:06+00:00","description":"Tegemist on t\u00f5en\u00e4oliselt k\u00f5ige valituma ja tuntuima Glock seeria relikate tootjaga \u00fcle maailma. Replika on tehtud sarnaselt p\u00e4risrelvale tugevast pol\u00fcmeerpl","breadcrumb":{"@id":"https:\/\/lahingupood.ee\/toode\/we-g17-gen5\/#breadcrumb"},"inLanguage":"en-GB","potentialAction":[{"@type":"ReadAction","target":["https:\/\/lahingupood.ee\/toode\/we-g17-gen5\/"]}]},{"@type":"ImageObject","inLanguage":"en-GB","@id":"https:\/\/lahingupood.ee\/toode\/we-g17-gen5\/#primaryimage","url":"https:\/\/lahingupood.ee\/wp-content\/uploads\/2025\/02\/glock-1.jpg","contentUrl":"https:\/\/lahingupood.ee\/wp-content\/uploads\/2025\/02\/glock-1.jpg","width":600,"height":400},{"@type":"BreadcrumbList","@id":"https:\/\/lahingupood.ee\/toode\/we-g17-gen5\/#breadcrumb","itemListElement":[{"@type":"ListItem","position":1,"name":"Home","item":"https:\/\/lahingupood.ee\/"},{"@type":"ListItem","position":2,"name":"Tooted","item":"https:\/\/lahingupood.ee\/tooted\/"},{"@type":"ListItem","position":3,"name":"WE G17 Gen5"}]},{"@type":"WebSite","@id":"https:\/\/lahingupood.ee\/#website","url":"https:\/\/lahingupood.ee\/","name":"Lahingurada e-pood","description":"Airsoft","publisher":{"@id":"https:\/\/lahingupood.ee\/#organization"},"potentialAction":[{"@type":"SearchAction","target":{"@type":"EntryPoint","urlTemplate":"https:\/\/lahingupood.ee\/?s={search_term_string}"},"query-input":{"@type":"PropertyValueSpecification","valueRequired":true,"valueName":"search_term_string"}}],"inLanguage":"en-GB"},{"@type":"Organization","@id":"https:\/\/lahingupood.ee\/#organization","name":"Lahingurada","url":"https:\/\/lahingupood.ee\/","logo":{"@type":"ImageObject","inLanguage":"en-GB","@id":"https:\/\/lahingupood.ee\/#\/schema\/logo\/image\/","url":"https:\/\/lahingupood.ee\/wp-content\/uploads\/2022\/03\/lahingurada-220318.jpg","contentUrl":"https:\/\/lahingupood.ee\/wp-content\/uploads\/2022\/03\/lahingurada-220318.jpg","width":800,"height":500,"caption":"Lahingurada"},"image":{"@id":"https:\/\/lahingupood.ee\/#\/schema\/logo\/image\/"},"sameAs":["https:\/\/www.facebook.com\/Lahingurada-629940247212967"]}]}},"_links":{"self":[{"href":"https:\/\/lahingupood.ee\/en\/wp-json\/wp\/v2\/product\/5622","targetHints":{"allow":["GET"]}}],"collection":[{"href":"https:\/\/lahingupood.ee\/en\/wp-json\/wp\/v2\/product"}],"about":[{"href":"https:\/\/lahingupood.ee\/en\/wp-json\/wp\/v2\/types\/product"}],"wp:featuredmedia":[{"embeddable":true,"href":"https:\/\/lahingupood.ee\/en\/wp-json\/wp\/v2\/media\/5623"}],"wp:attachment":[{"href":"https:\/\/lahingupood.ee\/en\/wp-json\/wp\/v2\/media?parent=5622"}],"wp:term":[{"taxonomy":"product_brand","embeddable":true,"href":"https:\/\/lahingupood.ee\/en\/wp-json\/wp\/v2\/product_brand?post=5622"},{"taxonomy":"product_cat","embeddable":true,"href":"https:\/\/lahingupood.ee\/en\/wp-json\/wp\/v2\/product_cat?post=5622"},{"taxonomy":"product_tag","embeddable":true,"href":"https:\/\/lahingupood.ee\/en\/wp-json\/wp\/v2\/product_tag?post=5622"}],"curies":[{"name":"wp","href":"https:\/\/api.w.org\/{rel}","templated":true}]}}