{"id":5592,"date":"2025-02-28T13:24:53","date_gmt":"2025-02-28T11:24:53","guid":{"rendered":"https:\/\/lahingupood.ee\/?post_type=product&#038;p=5592"},"modified":"2025-07-31T14:55:26","modified_gmt":"2025-07-31T11:55:26","slug":"vanakooli-tokyo-marui-fa-mas-f1-kasutatud","status":"publish","type":"product","link":"https:\/\/lahingupood.ee\/en\/product\/vanakooli-tokyo-marui-fa-mas-f1-kasutatud\/","title":{"rendered":"Vanakooli Tokyo Marui FA-MAS F1 (Kasutatud)"},"content":{"rendered":"<p>FA-MAS F1 (Vanakooli Tokyo Marui)<\/p>\n<p>T\u00f5eline legend airsofti maailmas. Vaatamata selle erilisele kujule ja konstruktsioonile oli just FA-MAS F1 esimene tulirelva replika, mis hakkas laskma 6mm kuule. Esimestel protot\u00fc\u00fcpidel polnud toimivat ja reguleeritavat HopUp s\u00fcsteemi kuni Tokyo Marui lasi v\u00e4lja antud mudeli. Osadel oksionitel ulatub selliste vanade replikate hind kuni 900$. Seega antud replika ootab t\u00f5elist gurmaani. Replika on t\u00e4iesti t\u00f6\u00f6korras ja kontrollitud.<\/p>\n<p>Tootega on kaasas kaks mid-cap salve. Aku ja laadija kaasa ei tule.<\/p>","protected":false},"excerpt":{"rendered":"<p>FA-MAS F1 (Vanakooli Tokyo Marui) T\u00f5eline legend airsofti maailmas. Vaatamata selle erilisele kujule ja konstruktsioonile oli just FA-MAS F1 esimene tulirelva replika, mis hakkas laskma 6mm kuule. Esimestel protot\u00fc\u00fcpidel polnud toimivat ja reguleeritavat HopUp s\u00fcsteemi kuni Tokyo Marui lasi v\u00e4lja antud mudeli. Osadel oksionitel ulatub selliste vanade replikate hind kuni 900$. Seega antud replika ootab [&#8230;]\n","protected":false},"featured_media":5596,"template":"","meta":[],"product_brand":[],"product_cat":[219,102,77],"product_tag":[],"class_list":{"0":"post-5592","1":"product","2":"type-product","3":"status-publish","4":"has-post-thumbnail","6":"product_cat-kasutatud","7":"product_cat-komisjonimuuk","8":"product_cat-sooduspakkumised","10":"first","11":"instock","12":"sale","13":"taxable","14":"shipping-taxable","15":"purchasable","16":"product-type-simple"},"yoast_head":"<!-- This site is optimized with the Yoast SEO Premium plugin v27.3 (Yoast SEO v27.3) - https:\/\/yoast.com\/product\/yoast-seo-premium-wordpress\/ -->\n<title>Vanakooli Tokyo Marui FA-MAS F1 (Kasutatud) - Lahingurada e-pood<\/title>\n<meta name=\"description\" content=\"FA-MAS F1 (Vanakooli Tokyo Marui)Tootega on kaasas kaks mid-cap salve. Aku ja laadija kaasa ei tule.\" \/>\n<meta name=\"robots\" content=\"index, follow, max-snippet:-1, max-image-preview:large, max-video-preview:-1\" \/>\n<link rel=\"canonical\" href=\"https:\/\/lahingupood.ee\/en\/product\/vanakooli-tokyo-marui-fa-mas-f1-kasutatud\/\" \/>\n<meta property=\"og:locale\" content=\"en_GB\" \/>\n<meta property=\"og:type\" content=\"article\" \/>\n<meta property=\"og:title\" content=\"Vanakooli Tokyo Marui FA-MAS F1 (Kasutatud)\" \/>\n<meta property=\"og:description\" content=\"FA-MAS F1 (Vanakooli Tokyo Marui)Tootega on kaasas kaks mid-cap salve. Aku ja laadija kaasa ei tule.\" \/>\n<meta property=\"og:url\" content=\"https:\/\/lahingupood.ee\/en\/product\/vanakooli-tokyo-marui-fa-mas-f1-kasutatud\/\" \/>\n<meta property=\"og:site_name\" content=\"Lahingurada e-pood\" \/>\n<meta property=\"article:publisher\" content=\"https:\/\/www.facebook.com\/Lahingurada-629940247212967\" \/>\n<meta property=\"article:modified_time\" content=\"2025-07-31T11:55:26+00:00\" \/>\n<meta property=\"og:image\" content=\"https:\/\/lahingupood.ee\/wp-content\/uploads\/2022\/03\/lahingurada-220318.jpg\" \/>\n\t<meta property=\"og:image:width\" content=\"800\" \/>\n\t<meta property=\"og:image:height\" content=\"500\" \/>\n\t<meta property=\"og:image:type\" content=\"image\/jpeg\" \/>\n<meta name=\"twitter:card\" content=\"summary_large_image\" \/>\n<meta name=\"twitter:label1\" content=\"Estimated reading time\" \/>\n\t<meta name=\"twitter:data1\" content=\"1 minute\" \/>\n<script type=\"application\/ld+json\" class=\"yoast-schema-graph\">{\"@context\":\"https:\\\/\\\/schema.org\",\"@graph\":[{\"@type\":\"WebPage\",\"@id\":\"https:\\\/\\\/lahingupood.ee\\\/toode\\\/vanakooli-tokyo-marui-fa-mas-f1-kasutatud\\\/\",\"url\":\"https:\\\/\\\/lahingupood.ee\\\/toode\\\/vanakooli-tokyo-marui-fa-mas-f1-kasutatud\\\/\",\"name\":\"Vanakooli Tokyo Marui FA-MAS F1 (Kasutatud) - Lahingurada e-pood\",\"isPartOf\":{\"@id\":\"https:\\\/\\\/lahingupood.ee\\\/#website\"},\"primaryImageOfPage\":{\"@id\":\"https:\\\/\\\/lahingupood.ee\\\/toode\\\/vanakooli-tokyo-marui-fa-mas-f1-kasutatud\\\/#primaryimage\"},\"image\":{\"@id\":\"https:\\\/\\\/lahingupood.ee\\\/toode\\\/vanakooli-tokyo-marui-fa-mas-f1-kasutatud\\\/#primaryimage\"},\"thumbnailUrl\":\"https:\\\/\\\/lahingupood.ee\\\/wp-content\\\/uploads\\\/2025\\\/02\\\/20250228_131511.jpg\",\"datePublished\":\"2025-02-28T11:24:53+00:00\",\"dateModified\":\"2025-07-31T11:55:26+00:00\",\"description\":\"FA-MAS F1 (Vanakooli Tokyo Marui)Tootega on kaasas kaks mid-cap salve. Aku ja laadija kaasa ei tule.\",\"breadcrumb\":{\"@id\":\"https:\\\/\\\/lahingupood.ee\\\/toode\\\/vanakooli-tokyo-marui-fa-mas-f1-kasutatud\\\/#breadcrumb\"},\"inLanguage\":\"en-GB\",\"potentialAction\":[{\"@type\":\"ReadAction\",\"target\":[\"https:\\\/\\\/lahingupood.ee\\\/toode\\\/vanakooli-tokyo-marui-fa-mas-f1-kasutatud\\\/\"]}]},{\"@type\":\"ImageObject\",\"inLanguage\":\"en-GB\",\"@id\":\"https:\\\/\\\/lahingupood.ee\\\/toode\\\/vanakooli-tokyo-marui-fa-mas-f1-kasutatud\\\/#primaryimage\",\"url\":\"https:\\\/\\\/lahingupood.ee\\\/wp-content\\\/uploads\\\/2025\\\/02\\\/20250228_131511.jpg\",\"contentUrl\":\"https:\\\/\\\/lahingupood.ee\\\/wp-content\\\/uploads\\\/2025\\\/02\\\/20250228_131511.jpg\",\"width\":4624,\"height\":3468},{\"@type\":\"BreadcrumbList\",\"@id\":\"https:\\\/\\\/lahingupood.ee\\\/toode\\\/vanakooli-tokyo-marui-fa-mas-f1-kasutatud\\\/#breadcrumb\",\"itemListElement\":[{\"@type\":\"ListItem\",\"position\":1,\"name\":\"Home\",\"item\":\"https:\\\/\\\/lahingupood.ee\\\/\"},{\"@type\":\"ListItem\",\"position\":2,\"name\":\"Tooted\",\"item\":\"https:\\\/\\\/lahingupood.ee\\\/tooted\\\/\"},{\"@type\":\"ListItem\",\"position\":3,\"name\":\"Vanakooli Tokyo Marui FA-MAS F1 (Kasutatud)\"}]},{\"@type\":\"WebSite\",\"@id\":\"https:\\\/\\\/lahingupood.ee\\\/#website\",\"url\":\"https:\\\/\\\/lahingupood.ee\\\/\",\"name\":\"Lahingurada e-pood\",\"description\":\"Airsoft\",\"publisher\":{\"@id\":\"https:\\\/\\\/lahingupood.ee\\\/#organization\"},\"potentialAction\":[{\"@type\":\"SearchAction\",\"target\":{\"@type\":\"EntryPoint\",\"urlTemplate\":\"https:\\\/\\\/lahingupood.ee\\\/?s={search_term_string}\"},\"query-input\":{\"@type\":\"PropertyValueSpecification\",\"valueRequired\":true,\"valueName\":\"search_term_string\"}}],\"inLanguage\":\"en-GB\"},{\"@type\":\"Organization\",\"@id\":\"https:\\\/\\\/lahingupood.ee\\\/#organization\",\"name\":\"Lahingurada\",\"url\":\"https:\\\/\\\/lahingupood.ee\\\/\",\"logo\":{\"@type\":\"ImageObject\",\"inLanguage\":\"en-GB\",\"@id\":\"https:\\\/\\\/lahingupood.ee\\\/#\\\/schema\\\/logo\\\/image\\\/\",\"url\":\"https:\\\/\\\/lahingupood.ee\\\/wp-content\\\/uploads\\\/2022\\\/03\\\/lahingurada-220318.jpg\",\"contentUrl\":\"https:\\\/\\\/lahingupood.ee\\\/wp-content\\\/uploads\\\/2022\\\/03\\\/lahingurada-220318.jpg\",\"width\":800,\"height\":500,\"caption\":\"Lahingurada\"},\"image\":{\"@id\":\"https:\\\/\\\/lahingupood.ee\\\/#\\\/schema\\\/logo\\\/image\\\/\"},\"sameAs\":[\"https:\\\/\\\/www.facebook.com\\\/Lahingurada-629940247212967\"]}]}<\/script>\n<!-- \/ Yoast SEO Premium plugin. -->","yoast_head_json":{"title":"Vanakooli Tokyo Marui FA-MAS F1 (Kasutatud) - Lahingurada e-pood","description":"FA-MAS F1 (Vanakooli Tokyo Marui)Tootega on kaasas kaks mid-cap salve. Aku ja laadija kaasa ei tule.","robots":{"index":"index","follow":"follow","max-snippet":"max-snippet:-1","max-image-preview":"max-image-preview:large","max-video-preview":"max-video-preview:-1"},"canonical":"https:\/\/lahingupood.ee\/en\/product\/vanakooli-tokyo-marui-fa-mas-f1-kasutatud\/","og_locale":"en_GB","og_type":"article","og_title":"Vanakooli Tokyo Marui FA-MAS F1 (Kasutatud)","og_description":"FA-MAS F1 (Vanakooli Tokyo Marui)Tootega on kaasas kaks mid-cap salve. Aku ja laadija kaasa ei tule.","og_url":"https:\/\/lahingupood.ee\/en\/product\/vanakooli-tokyo-marui-fa-mas-f1-kasutatud\/","og_site_name":"Lahingurada e-pood","article_publisher":"https:\/\/www.facebook.com\/Lahingurada-629940247212967","article_modified_time":"2025-07-31T11:55:26+00:00","og_image":[{"width":800,"height":500,"url":"https:\/\/lahingupood.ee\/wp-content\/uploads\/2022\/03\/lahingurada-220318.jpg","type":"image\/jpeg"}],"twitter_card":"summary_large_image","twitter_misc":{"Estimated reading time":"1 minute"},"schema":{"@context":"https:\/\/schema.org","@graph":[{"@type":"WebPage","@id":"https:\/\/lahingupood.ee\/toode\/vanakooli-tokyo-marui-fa-mas-f1-kasutatud\/","url":"https:\/\/lahingupood.ee\/toode\/vanakooli-tokyo-marui-fa-mas-f1-kasutatud\/","name":"Vanakooli Tokyo Marui FA-MAS F1 (Kasutatud) - Lahingurada e-pood","isPartOf":{"@id":"https:\/\/lahingupood.ee\/#website"},"primaryImageOfPage":{"@id":"https:\/\/lahingupood.ee\/toode\/vanakooli-tokyo-marui-fa-mas-f1-kasutatud\/#primaryimage"},"image":{"@id":"https:\/\/lahingupood.ee\/toode\/vanakooli-tokyo-marui-fa-mas-f1-kasutatud\/#primaryimage"},"thumbnailUrl":"https:\/\/lahingupood.ee\/wp-content\/uploads\/2025\/02\/20250228_131511.jpg","datePublished":"2025-02-28T11:24:53+00:00","dateModified":"2025-07-31T11:55:26+00:00","description":"FA-MAS F1 (Vanakooli Tokyo Marui)Tootega on kaasas kaks mid-cap salve. Aku ja laadija kaasa ei tule.","breadcrumb":{"@id":"https:\/\/lahingupood.ee\/toode\/vanakooli-tokyo-marui-fa-mas-f1-kasutatud\/#breadcrumb"},"inLanguage":"en-GB","potentialAction":[{"@type":"ReadAction","target":["https:\/\/lahingupood.ee\/toode\/vanakooli-tokyo-marui-fa-mas-f1-kasutatud\/"]}]},{"@type":"ImageObject","inLanguage":"en-GB","@id":"https:\/\/lahingupood.ee\/toode\/vanakooli-tokyo-marui-fa-mas-f1-kasutatud\/#primaryimage","url":"https:\/\/lahingupood.ee\/wp-content\/uploads\/2025\/02\/20250228_131511.jpg","contentUrl":"https:\/\/lahingupood.ee\/wp-content\/uploads\/2025\/02\/20250228_131511.jpg","width":4624,"height":3468},{"@type":"BreadcrumbList","@id":"https:\/\/lahingupood.ee\/toode\/vanakooli-tokyo-marui-fa-mas-f1-kasutatud\/#breadcrumb","itemListElement":[{"@type":"ListItem","position":1,"name":"Home","item":"https:\/\/lahingupood.ee\/"},{"@type":"ListItem","position":2,"name":"Tooted","item":"https:\/\/lahingupood.ee\/tooted\/"},{"@type":"ListItem","position":3,"name":"Vanakooli Tokyo Marui FA-MAS F1 (Kasutatud)"}]},{"@type":"WebSite","@id":"https:\/\/lahingupood.ee\/#website","url":"https:\/\/lahingupood.ee\/","name":"Lahingurada e-pood","description":"Airsoft","publisher":{"@id":"https:\/\/lahingupood.ee\/#organization"},"potentialAction":[{"@type":"SearchAction","target":{"@type":"EntryPoint","urlTemplate":"https:\/\/lahingupood.ee\/?s={search_term_string}"},"query-input":{"@type":"PropertyValueSpecification","valueRequired":true,"valueName":"search_term_string"}}],"inLanguage":"en-GB"},{"@type":"Organization","@id":"https:\/\/lahingupood.ee\/#organization","name":"Lahingurada","url":"https:\/\/lahingupood.ee\/","logo":{"@type":"ImageObject","inLanguage":"en-GB","@id":"https:\/\/lahingupood.ee\/#\/schema\/logo\/image\/","url":"https:\/\/lahingupood.ee\/wp-content\/uploads\/2022\/03\/lahingurada-220318.jpg","contentUrl":"https:\/\/lahingupood.ee\/wp-content\/uploads\/2022\/03\/lahingurada-220318.jpg","width":800,"height":500,"caption":"Lahingurada"},"image":{"@id":"https:\/\/lahingupood.ee\/#\/schema\/logo\/image\/"},"sameAs":["https:\/\/www.facebook.com\/Lahingurada-629940247212967"]}]}},"_links":{"self":[{"href":"https:\/\/lahingupood.ee\/en\/wp-json\/wp\/v2\/product\/5592","targetHints":{"allow":["GET"]}}],"collection":[{"href":"https:\/\/lahingupood.ee\/en\/wp-json\/wp\/v2\/product"}],"about":[{"href":"https:\/\/lahingupood.ee\/en\/wp-json\/wp\/v2\/types\/product"}],"wp:featuredmedia":[{"embeddable":true,"href":"https:\/\/lahingupood.ee\/en\/wp-json\/wp\/v2\/media\/5596"}],"wp:attachment":[{"href":"https:\/\/lahingupood.ee\/en\/wp-json\/wp\/v2\/media?parent=5592"}],"wp:term":[{"taxonomy":"product_brand","embeddable":true,"href":"https:\/\/lahingupood.ee\/en\/wp-json\/wp\/v2\/product_brand?post=5592"},{"taxonomy":"product_cat","embeddable":true,"href":"https:\/\/lahingupood.ee\/en\/wp-json\/wp\/v2\/product_cat?post=5592"},{"taxonomy":"product_tag","embeddable":true,"href":"https:\/\/lahingupood.ee\/en\/wp-json\/wp\/v2\/product_tag?post=5592"}],"curies":[{"name":"wp","href":"https:\/\/api.w.org\/{rel}","templated":true}]}}