{"id":5547,"date":"2024-11-26T13:13:19","date_gmt":"2024-11-26T11:13:19","guid":{"rendered":"https:\/\/lahingupood.ee\/?post_type=product&#038;p=5547"},"modified":"2026-05-02T20:00:05","modified_gmt":"2026-05-02T17:00:05","slug":"magazine-gbb-gas-cz-sp-01-shadow-26rds","status":"publish","type":"product","link":"https:\/\/lahingupood.ee\/en\/product\/magazine-gbb-gas-cz-sp-01-shadow-26rds\/","title":{"rendered":"Salv GBB Gas CZ SP-01 SHADOW 26BB"},"content":{"rendered":"<p data-start=\"624\" data-end=\"833\"><strong data-start=\"624\" data-end=\"656\">CZ SP-01 Shadow GBB salv <\/strong>on Airsofti gaasisalv, mis on m\u00f5eldud CZ SP-01 Shadow replika p\u00fcstolitele. Tegemist on t\u00f6\u00f6kindla ja vastupidava salvega, mis sobib nii treeninguks kui ka intensiivseks m\u00e4nguks.<\/p>\n<p data-start=\"835\" data-end=\"1067\">Salv mahutab kuni 26 BB kuuli, pakkudes realistlikku laskemoonahaldust ja tasakaalu mahutavuse ning kontrolli vahel. See teeb selle sobivaks m\u00e4ngijatele, kes eelistavad t\u00e4psust ja taktikalist m\u00e4ngustiili.<\/p>\n<p data-start=\"1069\" data-end=\"1328\">Salv t\u00f6\u00f6tab erinevate gaasit\u00fc\u00fcpidega, sealhulgas green gas, red gas ja black gas. See annab kasutajale paindlikkuse erinevates ilmastikutingimustes. Salv\u00a0tagab stabiilse r\u00f5hu ja sujuva BB-de etteande ka pikematel m\u00e4ngusessioonidel.<\/p>\n<p data-start=\"1330\" data-end=\"1535\">T\u00e4nu oma metallkonstruktsioonile on <strong data-start=\"1366\" data-end=\"1398\">CZ SP-01 Shadow GBB salv <\/strong>vastupidav kulumisele ja sagedasele kasutamisele. See on loodud taluma nii sise- kui v\u00e4litingimusi ning pakkuma usaldusv\u00e4\u00e4rset j\u00f5udlust.<\/p>","protected":false},"excerpt":{"rendered":"<p>CZ SP-01 Shadow GBB salv on Airsofti gaasisalv, mis on m\u00f5eldud CZ SP-01 Shadow replika p\u00fcstolitele. Tegemist on t\u00f6\u00f6kindla ja vastupidava salvega, mis sobib nii treeninguks kui ka intensiivseks m\u00e4nguks. Salv mahutab kuni 26 BB kuuli, pakkudes realistlikku laskemoonahaldust ja tasakaalu mahutavuse ning kontrolli vahel. See teeb selle sobivaks m\u00e4ngijatele, kes eelistavad t\u00e4psust ja taktikalist [&#8230;]\n","protected":false},"featured_media":5548,"template":"","meta":[],"product_brand":[],"product_cat":[86],"product_tag":[],"class_list":{"0":"post-5547","1":"product","2":"type-product","3":"status-publish","4":"has-post-thumbnail","6":"product_cat-gbb-salved","8":"first","9":"instock","10":"taxable","11":"shipping-taxable","12":"purchasable","13":"product-type-simple"},"yoast_head":"<!-- This site is optimized with the Yoast SEO Premium plugin v27.5 (Yoast SEO v27.5) - https:\/\/yoast.com\/product\/yoast-seo-premium-wordpress\/ -->\n<title>CZ SP-01 Shadow GBB salv \u2013 26BB gaasisalv Airsoftile<\/title>\n<meta name=\"description\" content=\"CZ SP-01 Shadow GBB salv on 26BB Airsoft gaasisalv, mis t\u00f6\u00f6tab green, red ja black gaasiga ning tagab stabiilse t\u00f6\u00f6.\" \/>\n<meta name=\"robots\" content=\"index, follow, max-snippet:-1, max-image-preview:large, max-video-preview:-1\" \/>\n<link rel=\"canonical\" href=\"https:\/\/lahingupood.ee\/en\/product\/magazine-gbb-gas-cz-sp-01-shadow-26rds\/\" \/>\n<meta property=\"og:locale\" content=\"en_GB\" \/>\n<meta property=\"og:type\" content=\"article\" \/>\n<meta property=\"og:title\" content=\"Salv GBB Gas CZ SP-01 SHADOW 26BB\" \/>\n<meta property=\"og:description\" content=\"CZ SP-01 Shadow GBB salv on 26BB Airsoft gaasisalv, mis t\u00f6\u00f6tab green, red ja black gaasiga ning tagab stabiilse t\u00f6\u00f6.\" \/>\n<meta property=\"og:url\" content=\"https:\/\/lahingupood.ee\/en\/product\/magazine-gbb-gas-cz-sp-01-shadow-26rds\/\" \/>\n<meta property=\"og:site_name\" content=\"Lahingurada e-pood\" \/>\n<meta property=\"article:publisher\" content=\"https:\/\/www.facebook.com\/Lahingurada-629940247212967\" \/>\n<meta property=\"article:modified_time\" content=\"2026-05-02T17:00:05+00:00\" \/>\n<meta property=\"og:image\" content=\"https:\/\/lahingupood.ee\/wp-content\/uploads\/2024\/11\/salv2.webp\" \/>\n\t<meta property=\"og:image:width\" content=\"1000\" \/>\n\t<meta property=\"og:image:height\" content=\"640\" \/>\n\t<meta property=\"og:image:type\" content=\"image\/webp\" \/>\n<meta name=\"twitter:card\" content=\"summary_large_image\" \/>\n<meta name=\"twitter:label1\" content=\"Estimated reading time\" \/>\n\t<meta name=\"twitter:data1\" content=\"1 minute\" \/>\n<script type=\"application\/ld+json\" class=\"yoast-schema-graph\">{\"@context\":\"https:\\\/\\\/schema.org\",\"@graph\":[{\"@type\":\"WebPage\",\"@id\":\"https:\\\/\\\/lahingupood.ee\\\/toode\\\/magazine-gbb-gas-cz-sp-01-shadow-26rds\\\/\",\"url\":\"https:\\\/\\\/lahingupood.ee\\\/toode\\\/magazine-gbb-gas-cz-sp-01-shadow-26rds\\\/\",\"name\":\"CZ SP-01 Shadow GBB salv \u2013 26BB gaasisalv Airsoftile\",\"isPartOf\":{\"@id\":\"https:\\\/\\\/lahingupood.ee\\\/#website\"},\"primaryImageOfPage\":{\"@id\":\"https:\\\/\\\/lahingupood.ee\\\/toode\\\/magazine-gbb-gas-cz-sp-01-shadow-26rds\\\/#primaryimage\"},\"image\":{\"@id\":\"https:\\\/\\\/lahingupood.ee\\\/toode\\\/magazine-gbb-gas-cz-sp-01-shadow-26rds\\\/#primaryimage\"},\"thumbnailUrl\":\"https:\\\/\\\/lahingupood.ee\\\/wp-content\\\/uploads\\\/2024\\\/11\\\/salv2.webp\",\"datePublished\":\"2024-11-26T11:13:19+00:00\",\"dateModified\":\"2026-05-02T17:00:05+00:00\",\"description\":\"CZ SP-01 Shadow GBB salv on 26BB Airsoft gaasisalv, mis t\u00f6\u00f6tab green, red ja black gaasiga ning tagab stabiilse t\u00f6\u00f6.\",\"breadcrumb\":{\"@id\":\"https:\\\/\\\/lahingupood.ee\\\/toode\\\/magazine-gbb-gas-cz-sp-01-shadow-26rds\\\/#breadcrumb\"},\"inLanguage\":\"en-GB\",\"potentialAction\":[{\"@type\":\"ReadAction\",\"target\":[\"https:\\\/\\\/lahingupood.ee\\\/toode\\\/magazine-gbb-gas-cz-sp-01-shadow-26rds\\\/\"]}]},{\"@type\":\"ImageObject\",\"inLanguage\":\"en-GB\",\"@id\":\"https:\\\/\\\/lahingupood.ee\\\/toode\\\/magazine-gbb-gas-cz-sp-01-shadow-26rds\\\/#primaryimage\",\"url\":\"https:\\\/\\\/lahingupood.ee\\\/wp-content\\\/uploads\\\/2024\\\/11\\\/salv2.webp\",\"contentUrl\":\"https:\\\/\\\/lahingupood.ee\\\/wp-content\\\/uploads\\\/2024\\\/11\\\/salv2.webp\",\"width\":1000,\"height\":640,\"caption\":\"CZ SP-01 Shadow GBB magazine 26BB Airsoft gaasisalv\"},{\"@type\":\"BreadcrumbList\",\"@id\":\"https:\\\/\\\/lahingupood.ee\\\/toode\\\/magazine-gbb-gas-cz-sp-01-shadow-26rds\\\/#breadcrumb\",\"itemListElement\":[{\"@type\":\"ListItem\",\"position\":1,\"name\":\"Home\",\"item\":\"https:\\\/\\\/lahingupood.ee\\\/\"},{\"@type\":\"ListItem\",\"position\":2,\"name\":\"Tooted\",\"item\":\"https:\\\/\\\/lahingupood.ee\\\/tooted\\\/\"},{\"@type\":\"ListItem\",\"position\":3,\"name\":\"Salv GBB Gas CZ SP-01 SHADOW 26BB\"}]},{\"@type\":\"WebSite\",\"@id\":\"https:\\\/\\\/lahingupood.ee\\\/#website\",\"url\":\"https:\\\/\\\/lahingupood.ee\\\/\",\"name\":\"Lahingurada e-pood\",\"description\":\"Airsoft\",\"publisher\":{\"@id\":\"https:\\\/\\\/lahingupood.ee\\\/#organization\"},\"potentialAction\":[{\"@type\":\"SearchAction\",\"target\":{\"@type\":\"EntryPoint\",\"urlTemplate\":\"https:\\\/\\\/lahingupood.ee\\\/?s={search_term_string}\"},\"query-input\":{\"@type\":\"PropertyValueSpecification\",\"valueRequired\":true,\"valueName\":\"search_term_string\"}}],\"inLanguage\":\"en-GB\"},{\"@type\":\"Organization\",\"@id\":\"https:\\\/\\\/lahingupood.ee\\\/#organization\",\"name\":\"Lahingurada\",\"url\":\"https:\\\/\\\/lahingupood.ee\\\/\",\"logo\":{\"@type\":\"ImageObject\",\"inLanguage\":\"en-GB\",\"@id\":\"https:\\\/\\\/lahingupood.ee\\\/#\\\/schema\\\/logo\\\/image\\\/\",\"url\":\"https:\\\/\\\/lahingupood.ee\\\/wp-content\\\/uploads\\\/2022\\\/03\\\/lahingurada-220318.jpg\",\"contentUrl\":\"https:\\\/\\\/lahingupood.ee\\\/wp-content\\\/uploads\\\/2022\\\/03\\\/lahingurada-220318.jpg\",\"width\":800,\"height\":500,\"caption\":\"Lahingurada\"},\"image\":{\"@id\":\"https:\\\/\\\/lahingupood.ee\\\/#\\\/schema\\\/logo\\\/image\\\/\"},\"sameAs\":[\"https:\\\/\\\/www.facebook.com\\\/Lahingurada-629940247212967\"]}]}<\/script>\n<!-- \/ Yoast SEO Premium plugin. -->","yoast_head_json":{"title":"CZ SP-01 Shadow GBB salv \u2013 26BB gaasisalv Airsoftile","description":"CZ SP-01 Shadow GBB salv on 26BB Airsoft gaasisalv, mis t\u00f6\u00f6tab green, red ja black gaasiga ning tagab stabiilse t\u00f6\u00f6.","robots":{"index":"index","follow":"follow","max-snippet":"max-snippet:-1","max-image-preview":"max-image-preview:large","max-video-preview":"max-video-preview:-1"},"canonical":"https:\/\/lahingupood.ee\/en\/product\/magazine-gbb-gas-cz-sp-01-shadow-26rds\/","og_locale":"en_GB","og_type":"article","og_title":"Salv GBB Gas CZ SP-01 SHADOW 26BB","og_description":"CZ SP-01 Shadow GBB salv on 26BB Airsoft gaasisalv, mis t\u00f6\u00f6tab green, red ja black gaasiga ning tagab stabiilse t\u00f6\u00f6.","og_url":"https:\/\/lahingupood.ee\/en\/product\/magazine-gbb-gas-cz-sp-01-shadow-26rds\/","og_site_name":"Lahingurada e-pood","article_publisher":"https:\/\/www.facebook.com\/Lahingurada-629940247212967","article_modified_time":"2026-05-02T17:00:05+00:00","og_image":[{"width":1000,"height":640,"url":"https:\/\/lahingupood.ee\/wp-content\/uploads\/2024\/11\/salv2.webp","type":"image\/webp"}],"twitter_card":"summary_large_image","twitter_misc":{"Estimated reading time":"1 minute"},"schema":{"@context":"https:\/\/schema.org","@graph":[{"@type":"WebPage","@id":"https:\/\/lahingupood.ee\/toode\/magazine-gbb-gas-cz-sp-01-shadow-26rds\/","url":"https:\/\/lahingupood.ee\/toode\/magazine-gbb-gas-cz-sp-01-shadow-26rds\/","name":"CZ SP-01 Shadow GBB salv \u2013 26BB gaasisalv Airsoftile","isPartOf":{"@id":"https:\/\/lahingupood.ee\/#website"},"primaryImageOfPage":{"@id":"https:\/\/lahingupood.ee\/toode\/magazine-gbb-gas-cz-sp-01-shadow-26rds\/#primaryimage"},"image":{"@id":"https:\/\/lahingupood.ee\/toode\/magazine-gbb-gas-cz-sp-01-shadow-26rds\/#primaryimage"},"thumbnailUrl":"https:\/\/lahingupood.ee\/wp-content\/uploads\/2024\/11\/salv2.webp","datePublished":"2024-11-26T11:13:19+00:00","dateModified":"2026-05-02T17:00:05+00:00","description":"CZ SP-01 Shadow GBB salv on 26BB Airsoft gaasisalv, mis t\u00f6\u00f6tab green, red ja black gaasiga ning tagab stabiilse t\u00f6\u00f6.","breadcrumb":{"@id":"https:\/\/lahingupood.ee\/toode\/magazine-gbb-gas-cz-sp-01-shadow-26rds\/#breadcrumb"},"inLanguage":"en-GB","potentialAction":[{"@type":"ReadAction","target":["https:\/\/lahingupood.ee\/toode\/magazine-gbb-gas-cz-sp-01-shadow-26rds\/"]}]},{"@type":"ImageObject","inLanguage":"en-GB","@id":"https:\/\/lahingupood.ee\/toode\/magazine-gbb-gas-cz-sp-01-shadow-26rds\/#primaryimage","url":"https:\/\/lahingupood.ee\/wp-content\/uploads\/2024\/11\/salv2.webp","contentUrl":"https:\/\/lahingupood.ee\/wp-content\/uploads\/2024\/11\/salv2.webp","width":1000,"height":640,"caption":"CZ SP-01 Shadow GBB magazine 26BB Airsoft gaasisalv"},{"@type":"BreadcrumbList","@id":"https:\/\/lahingupood.ee\/toode\/magazine-gbb-gas-cz-sp-01-shadow-26rds\/#breadcrumb","itemListElement":[{"@type":"ListItem","position":1,"name":"Home","item":"https:\/\/lahingupood.ee\/"},{"@type":"ListItem","position":2,"name":"Tooted","item":"https:\/\/lahingupood.ee\/tooted\/"},{"@type":"ListItem","position":3,"name":"Salv GBB Gas CZ SP-01 SHADOW 26BB"}]},{"@type":"WebSite","@id":"https:\/\/lahingupood.ee\/#website","url":"https:\/\/lahingupood.ee\/","name":"Lahingurada e-pood","description":"Airsoft","publisher":{"@id":"https:\/\/lahingupood.ee\/#organization"},"potentialAction":[{"@type":"SearchAction","target":{"@type":"EntryPoint","urlTemplate":"https:\/\/lahingupood.ee\/?s={search_term_string}"},"query-input":{"@type":"PropertyValueSpecification","valueRequired":true,"valueName":"search_term_string"}}],"inLanguage":"en-GB"},{"@type":"Organization","@id":"https:\/\/lahingupood.ee\/#organization","name":"Lahingurada","url":"https:\/\/lahingupood.ee\/","logo":{"@type":"ImageObject","inLanguage":"en-GB","@id":"https:\/\/lahingupood.ee\/#\/schema\/logo\/image\/","url":"https:\/\/lahingupood.ee\/wp-content\/uploads\/2022\/03\/lahingurada-220318.jpg","contentUrl":"https:\/\/lahingupood.ee\/wp-content\/uploads\/2022\/03\/lahingurada-220318.jpg","width":800,"height":500,"caption":"Lahingurada"},"image":{"@id":"https:\/\/lahingupood.ee\/#\/schema\/logo\/image\/"},"sameAs":["https:\/\/www.facebook.com\/Lahingurada-629940247212967"]}]}},"_links":{"self":[{"href":"https:\/\/lahingupood.ee\/en\/wp-json\/wp\/v2\/product\/5547","targetHints":{"allow":["GET"]}}],"collection":[{"href":"https:\/\/lahingupood.ee\/en\/wp-json\/wp\/v2\/product"}],"about":[{"href":"https:\/\/lahingupood.ee\/en\/wp-json\/wp\/v2\/types\/product"}],"wp:featuredmedia":[{"embeddable":true,"href":"https:\/\/lahingupood.ee\/en\/wp-json\/wp\/v2\/media\/5548"}],"wp:attachment":[{"href":"https:\/\/lahingupood.ee\/en\/wp-json\/wp\/v2\/media?parent=5547"}],"wp:term":[{"taxonomy":"product_brand","embeddable":true,"href":"https:\/\/lahingupood.ee\/en\/wp-json\/wp\/v2\/product_brand?post=5547"},{"taxonomy":"product_cat","embeddable":true,"href":"https:\/\/lahingupood.ee\/en\/wp-json\/wp\/v2\/product_cat?post=5547"},{"taxonomy":"product_tag","embeddable":true,"href":"https:\/\/lahingupood.ee\/en\/wp-json\/wp\/v2\/product_tag?post=5547"}],"curies":[{"name":"wp","href":"https:\/\/api.w.org\/{rel}","templated":true}]}}