{"id":5512,"date":"2024-10-25T16:59:52","date_gmt":"2024-10-25T13:59:52","guid":{"rendered":"https:\/\/lahingupood.ee\/?post_type=product&#038;p=5512"},"modified":"2026-04-12T18:15:04","modified_gmt":"2026-04-12T15:15:04","slug":"powair-ultimate-series-1-7l-ultralite-paintball-hp-system","status":"publish","type":"product","link":"https:\/\/lahingupood.ee\/en\/product\/powair-ultimate-series-1-7l-ultralite-paintball-hp-system\/","title":{"rendered":"PowAir ULTIMATE SERIES 1.7L Ultralite Paintball HP System"},"content":{"rendered":"<p><strong>PowAir ULTIMATE SEERIA 1,7-liitrine Ultralite HP s\u00fcsteem koos PowAir Maxreg HP regulaatoriga.<\/strong><\/p>\n<p>PowAir br\u00e4nd on olnud juba aastaid \u00fcks tuntumaid tootjaid Euroopas, kui r\u00e4\u00e4kida kvaliteetsetest paintballi ja airsofti HPA s\u00fcsteemidest. N\u00fc\u00fcd on tootja t\u00f5stnud lati ja esitanud t\u00e4iesti uued ULTIMATE SEERIA pudelid.<\/p>\n<p>Kaaluga vaid 690 g on PowAir ULTIMATE SEERIA pudel \u00fcks nn Ultralite pudelitest ning seega kaugeltki kergemad mudelid turul.<\/p>\n<p>Eriti kompaktne disain v\u00f5imaldab \u00e4\u00e4rmiselt l\u00fchikesi seadistusi. M\u00e4ngijana saate kasutada kas proovitud ja testitud PowAir MaxReg regulaatorit standardse pikkuse seadistamiseks v\u00f5i minna otse uue PowAir MicroMax regulaatori juurde, et saavutada \u00e4\u00e4rmiselt l\u00fchike ja kompaktne HPA seadistus.<\/p>\n<p>See pudel on \u00fchilduv k\u00f5igi kaubanduslikult saadaval olevate 300 Bar \/ 4500 PSI paintballi HP regulaatoritega.<\/p>\n<p>Nagu k\u00f5ik teised PowAir br\u00e4ndi komposiit HP pudelid, on uued ULTIMATE SEERIA pudelid ISO ja PI-T\u00dcV sertifitseeritud, et tagada ohutu kasutamine \u00fcle kogu maailma. Pudelite kasutusiga on 15 aastat ning need peavad olema uuesti testitud iga 5 aasta tagant.<\/p>\n<p>PowAir MAXREG HP regulaatorid pakuvad tipptasemel tooteomadusi ja k\u00f5rge kvaliteedi erakordselt hea hinnaga. K\u00f5ik regulaatorid on PI testitud ja seega vastavad k\u00f5ige k\u00f5rgematele Euroopa testimisstandarditele. R\u00f5hku saab muuta 850 PSI (HP) ja 450 PSI (LP) vahel, mist\u00f5ttu sobib see k\u00f5ikidele markerite mudelitele.<\/p>","protected":false},"excerpt":{"rendered":"<p>PowAir ULTIMATE SEERIA 1,7-liitrine Ultralite HP s\u00fcsteem koos PowAir Maxreg HP regulaatoriga. PowAir br\u00e4nd on olnud juba aastaid \u00fcks tuntumaid tootjaid Euroopas, kui r\u00e4\u00e4kida kvaliteetsetest paintballi ja airsofti HPA s\u00fcsteemidest. N\u00fc\u00fcd on tootja t\u00f5stnud lati ja esitanud t\u00e4iesti uued ULTIMATE SEERIA pudelid. Kaaluga vaid 690 g on PowAir ULTIMATE SEERIA pudel \u00fcks nn Ultralite pudelitest [&#8230;]\n","protected":false},"featured_media":5513,"template":"","meta":[],"product_brand":[],"product_cat":[168],"product_tag":[],"class_list":{"0":"post-5512","1":"product","2":"type-product","3":"status-publish","4":"has-post-thumbnail","6":"product_cat-hpa-tarvikud","8":"first","9":"instock","10":"taxable","11":"shipping-taxable","12":"purchasable","13":"product-type-simple"},"yoast_head":"<!-- This site is optimized with the Yoast SEO Premium plugin v27.3 (Yoast SEO v27.3) - https:\/\/yoast.com\/product\/yoast-seo-premium-wordpress\/ -->\n<title>PowAir ULTIMATE SERIES 1.7L Ultralite Paintball HP System - Lahingurada e-pood<\/title>\n<meta name=\"description\" content=\"PowAir ULTIMATE SEERIA 1,7-liitrine Ultralite HP s\u00fcsteem koos PowAir Maxreg HP regulaatoriga.PowAir br\u00e4nd on olnud juba aastaid \u00fcks tuntumaid tootjaid Euroo\" \/>\n<meta name=\"robots\" content=\"index, follow, max-snippet:-1, max-image-preview:large, max-video-preview:-1\" \/>\n<link rel=\"canonical\" href=\"https:\/\/lahingupood.ee\/en\/product\/powair-ultimate-series-1-7l-ultralite-paintball-hp-system\/\" \/>\n<meta property=\"og:locale\" content=\"en_GB\" \/>\n<meta property=\"og:type\" content=\"article\" \/>\n<meta property=\"og:title\" content=\"PowAir ULTIMATE SERIES 1.7L Ultralite Paintball HP System\" \/>\n<meta property=\"og:description\" content=\"PowAir ULTIMATE SEERIA 1,7-liitrine Ultralite HP s\u00fcsteem koos PowAir Maxreg HP regulaatoriga.PowAir br\u00e4nd on olnud juba aastaid \u00fcks tuntumaid tootjaid Euroo\" \/>\n<meta property=\"og:url\" content=\"https:\/\/lahingupood.ee\/en\/product\/powair-ultimate-series-1-7l-ultralite-paintball-hp-system\/\" \/>\n<meta property=\"og:site_name\" content=\"Lahingurada e-pood\" \/>\n<meta property=\"article:publisher\" content=\"https:\/\/www.facebook.com\/Lahingurada-629940247212967\" \/>\n<meta property=\"article:modified_time\" content=\"2026-04-12T15:15:04+00:00\" \/>\n<meta property=\"og:image\" content=\"https:\/\/lahingupood.ee\/wp-content\/uploads\/2024\/10\/17.webp\" \/>\n\t<meta property=\"og:image:width\" content=\"550\" \/>\n\t<meta property=\"og:image:height\" content=\"550\" \/>\n\t<meta property=\"og:image:type\" content=\"image\/webp\" \/>\n<meta name=\"twitter:card\" content=\"summary_large_image\" \/>\n<meta name=\"twitter:label1\" content=\"Estimated reading time\" \/>\n\t<meta name=\"twitter:data1\" content=\"2 minutes\" \/>\n<script type=\"application\/ld+json\" class=\"yoast-schema-graph\">{\"@context\":\"https:\\\/\\\/schema.org\",\"@graph\":[{\"@type\":\"WebPage\",\"@id\":\"https:\\\/\\\/lahingupood.ee\\\/toode\\\/powair-ultimate-series-1-7l-ultralite-paintball-hp-system\\\/\",\"url\":\"https:\\\/\\\/lahingupood.ee\\\/toode\\\/powair-ultimate-series-1-7l-ultralite-paintball-hp-system\\\/\",\"name\":\"PowAir ULTIMATE SERIES 1.7L Ultralite Paintball HP System - Lahingurada e-pood\",\"isPartOf\":{\"@id\":\"https:\\\/\\\/lahingupood.ee\\\/#website\"},\"primaryImageOfPage\":{\"@id\":\"https:\\\/\\\/lahingupood.ee\\\/toode\\\/powair-ultimate-series-1-7l-ultralite-paintball-hp-system\\\/#primaryimage\"},\"image\":{\"@id\":\"https:\\\/\\\/lahingupood.ee\\\/toode\\\/powair-ultimate-series-1-7l-ultralite-paintball-hp-system\\\/#primaryimage\"},\"thumbnailUrl\":\"https:\\\/\\\/lahingupood.ee\\\/wp-content\\\/uploads\\\/2024\\\/10\\\/17.webp\",\"datePublished\":\"2024-10-25T13:59:52+00:00\",\"dateModified\":\"2026-04-12T15:15:04+00:00\",\"description\":\"PowAir ULTIMATE SEERIA 1,7-liitrine Ultralite HP s\u00fcsteem koos PowAir Maxreg HP regulaatoriga.PowAir br\u00e4nd on olnud juba aastaid \u00fcks tuntumaid tootjaid Euroo\",\"breadcrumb\":{\"@id\":\"https:\\\/\\\/lahingupood.ee\\\/toode\\\/powair-ultimate-series-1-7l-ultralite-paintball-hp-system\\\/#breadcrumb\"},\"inLanguage\":\"en-GB\",\"potentialAction\":[{\"@type\":\"ReadAction\",\"target\":[\"https:\\\/\\\/lahingupood.ee\\\/toode\\\/powair-ultimate-series-1-7l-ultralite-paintball-hp-system\\\/\"]}]},{\"@type\":\"ImageObject\",\"inLanguage\":\"en-GB\",\"@id\":\"https:\\\/\\\/lahingupood.ee\\\/toode\\\/powair-ultimate-series-1-7l-ultralite-paintball-hp-system\\\/#primaryimage\",\"url\":\"https:\\\/\\\/lahingupood.ee\\\/wp-content\\\/uploads\\\/2024\\\/10\\\/17.webp\",\"contentUrl\":\"https:\\\/\\\/lahingupood.ee\\\/wp-content\\\/uploads\\\/2024\\\/10\\\/17.webp\",\"width\":550,\"height\":550},{\"@type\":\"BreadcrumbList\",\"@id\":\"https:\\\/\\\/lahingupood.ee\\\/toode\\\/powair-ultimate-series-1-7l-ultralite-paintball-hp-system\\\/#breadcrumb\",\"itemListElement\":[{\"@type\":\"ListItem\",\"position\":1,\"name\":\"Home\",\"item\":\"https:\\\/\\\/lahingupood.ee\\\/\"},{\"@type\":\"ListItem\",\"position\":2,\"name\":\"Tooted\",\"item\":\"https:\\\/\\\/lahingupood.ee\\\/tooted\\\/\"},{\"@type\":\"ListItem\",\"position\":3,\"name\":\"PowAir ULTIMATE SERIES 1.7L Ultralite Paintball HP System\"}]},{\"@type\":\"WebSite\",\"@id\":\"https:\\\/\\\/lahingupood.ee\\\/#website\",\"url\":\"https:\\\/\\\/lahingupood.ee\\\/\",\"name\":\"Lahingurada e-pood\",\"description\":\"Airsoft\",\"publisher\":{\"@id\":\"https:\\\/\\\/lahingupood.ee\\\/#organization\"},\"potentialAction\":[{\"@type\":\"SearchAction\",\"target\":{\"@type\":\"EntryPoint\",\"urlTemplate\":\"https:\\\/\\\/lahingupood.ee\\\/?s={search_term_string}\"},\"query-input\":{\"@type\":\"PropertyValueSpecification\",\"valueRequired\":true,\"valueName\":\"search_term_string\"}}],\"inLanguage\":\"en-GB\"},{\"@type\":\"Organization\",\"@id\":\"https:\\\/\\\/lahingupood.ee\\\/#organization\",\"name\":\"Lahingurada\",\"url\":\"https:\\\/\\\/lahingupood.ee\\\/\",\"logo\":{\"@type\":\"ImageObject\",\"inLanguage\":\"en-GB\",\"@id\":\"https:\\\/\\\/lahingupood.ee\\\/#\\\/schema\\\/logo\\\/image\\\/\",\"url\":\"https:\\\/\\\/lahingupood.ee\\\/wp-content\\\/uploads\\\/2022\\\/03\\\/lahingurada-220318.jpg\",\"contentUrl\":\"https:\\\/\\\/lahingupood.ee\\\/wp-content\\\/uploads\\\/2022\\\/03\\\/lahingurada-220318.jpg\",\"width\":800,\"height\":500,\"caption\":\"Lahingurada\"},\"image\":{\"@id\":\"https:\\\/\\\/lahingupood.ee\\\/#\\\/schema\\\/logo\\\/image\\\/\"},\"sameAs\":[\"https:\\\/\\\/www.facebook.com\\\/Lahingurada-629940247212967\"]}]}<\/script>\n<!-- \/ Yoast SEO Premium plugin. -->","yoast_head_json":{"title":"PowAir ULTIMATE SERIES 1.7L Ultralite Paintball HP System - Lahingurada e-pood","description":"PowAir ULTIMATE SEERIA 1,7-liitrine Ultralite HP s\u00fcsteem koos PowAir Maxreg HP regulaatoriga.PowAir br\u00e4nd on olnud juba aastaid \u00fcks tuntumaid tootjaid Euroo","robots":{"index":"index","follow":"follow","max-snippet":"max-snippet:-1","max-image-preview":"max-image-preview:large","max-video-preview":"max-video-preview:-1"},"canonical":"https:\/\/lahingupood.ee\/en\/product\/powair-ultimate-series-1-7l-ultralite-paintball-hp-system\/","og_locale":"en_GB","og_type":"article","og_title":"PowAir ULTIMATE SERIES 1.7L Ultralite Paintball HP System","og_description":"PowAir ULTIMATE SEERIA 1,7-liitrine Ultralite HP s\u00fcsteem koos PowAir Maxreg HP regulaatoriga.PowAir br\u00e4nd on olnud juba aastaid \u00fcks tuntumaid tootjaid Euroo","og_url":"https:\/\/lahingupood.ee\/en\/product\/powair-ultimate-series-1-7l-ultralite-paintball-hp-system\/","og_site_name":"Lahingurada e-pood","article_publisher":"https:\/\/www.facebook.com\/Lahingurada-629940247212967","article_modified_time":"2026-04-12T15:15:04+00:00","og_image":[{"width":550,"height":550,"url":"https:\/\/lahingupood.ee\/wp-content\/uploads\/2024\/10\/17.webp","type":"image\/webp"}],"twitter_card":"summary_large_image","twitter_misc":{"Estimated reading time":"2 minutes"},"schema":{"@context":"https:\/\/schema.org","@graph":[{"@type":"WebPage","@id":"https:\/\/lahingupood.ee\/toode\/powair-ultimate-series-1-7l-ultralite-paintball-hp-system\/","url":"https:\/\/lahingupood.ee\/toode\/powair-ultimate-series-1-7l-ultralite-paintball-hp-system\/","name":"PowAir ULTIMATE SERIES 1.7L Ultralite Paintball HP System - Lahingurada e-pood","isPartOf":{"@id":"https:\/\/lahingupood.ee\/#website"},"primaryImageOfPage":{"@id":"https:\/\/lahingupood.ee\/toode\/powair-ultimate-series-1-7l-ultralite-paintball-hp-system\/#primaryimage"},"image":{"@id":"https:\/\/lahingupood.ee\/toode\/powair-ultimate-series-1-7l-ultralite-paintball-hp-system\/#primaryimage"},"thumbnailUrl":"https:\/\/lahingupood.ee\/wp-content\/uploads\/2024\/10\/17.webp","datePublished":"2024-10-25T13:59:52+00:00","dateModified":"2026-04-12T15:15:04+00:00","description":"PowAir ULTIMATE SEERIA 1,7-liitrine Ultralite HP s\u00fcsteem koos PowAir Maxreg HP regulaatoriga.PowAir br\u00e4nd on olnud juba aastaid \u00fcks tuntumaid tootjaid Euroo","breadcrumb":{"@id":"https:\/\/lahingupood.ee\/toode\/powair-ultimate-series-1-7l-ultralite-paintball-hp-system\/#breadcrumb"},"inLanguage":"en-GB","potentialAction":[{"@type":"ReadAction","target":["https:\/\/lahingupood.ee\/toode\/powair-ultimate-series-1-7l-ultralite-paintball-hp-system\/"]}]},{"@type":"ImageObject","inLanguage":"en-GB","@id":"https:\/\/lahingupood.ee\/toode\/powair-ultimate-series-1-7l-ultralite-paintball-hp-system\/#primaryimage","url":"https:\/\/lahingupood.ee\/wp-content\/uploads\/2024\/10\/17.webp","contentUrl":"https:\/\/lahingupood.ee\/wp-content\/uploads\/2024\/10\/17.webp","width":550,"height":550},{"@type":"BreadcrumbList","@id":"https:\/\/lahingupood.ee\/toode\/powair-ultimate-series-1-7l-ultralite-paintball-hp-system\/#breadcrumb","itemListElement":[{"@type":"ListItem","position":1,"name":"Home","item":"https:\/\/lahingupood.ee\/"},{"@type":"ListItem","position":2,"name":"Tooted","item":"https:\/\/lahingupood.ee\/tooted\/"},{"@type":"ListItem","position":3,"name":"PowAir ULTIMATE SERIES 1.7L Ultralite Paintball HP System"}]},{"@type":"WebSite","@id":"https:\/\/lahingupood.ee\/#website","url":"https:\/\/lahingupood.ee\/","name":"Lahingurada e-pood","description":"Airsoft","publisher":{"@id":"https:\/\/lahingupood.ee\/#organization"},"potentialAction":[{"@type":"SearchAction","target":{"@type":"EntryPoint","urlTemplate":"https:\/\/lahingupood.ee\/?s={search_term_string}"},"query-input":{"@type":"PropertyValueSpecification","valueRequired":true,"valueName":"search_term_string"}}],"inLanguage":"en-GB"},{"@type":"Organization","@id":"https:\/\/lahingupood.ee\/#organization","name":"Lahingurada","url":"https:\/\/lahingupood.ee\/","logo":{"@type":"ImageObject","inLanguage":"en-GB","@id":"https:\/\/lahingupood.ee\/#\/schema\/logo\/image\/","url":"https:\/\/lahingupood.ee\/wp-content\/uploads\/2022\/03\/lahingurada-220318.jpg","contentUrl":"https:\/\/lahingupood.ee\/wp-content\/uploads\/2022\/03\/lahingurada-220318.jpg","width":800,"height":500,"caption":"Lahingurada"},"image":{"@id":"https:\/\/lahingupood.ee\/#\/schema\/logo\/image\/"},"sameAs":["https:\/\/www.facebook.com\/Lahingurada-629940247212967"]}]}},"_links":{"self":[{"href":"https:\/\/lahingupood.ee\/en\/wp-json\/wp\/v2\/product\/5512","targetHints":{"allow":["GET"]}}],"collection":[{"href":"https:\/\/lahingupood.ee\/en\/wp-json\/wp\/v2\/product"}],"about":[{"href":"https:\/\/lahingupood.ee\/en\/wp-json\/wp\/v2\/types\/product"}],"wp:featuredmedia":[{"embeddable":true,"href":"https:\/\/lahingupood.ee\/en\/wp-json\/wp\/v2\/media\/5513"}],"wp:attachment":[{"href":"https:\/\/lahingupood.ee\/en\/wp-json\/wp\/v2\/media?parent=5512"}],"wp:term":[{"taxonomy":"product_brand","embeddable":true,"href":"https:\/\/lahingupood.ee\/en\/wp-json\/wp\/v2\/product_brand?post=5512"},{"taxonomy":"product_cat","embeddable":true,"href":"https:\/\/lahingupood.ee\/en\/wp-json\/wp\/v2\/product_cat?post=5512"},{"taxonomy":"product_tag","embeddable":true,"href":"https:\/\/lahingupood.ee\/en\/wp-json\/wp\/v2\/product_tag?post=5512"}],"curies":[{"name":"wp","href":"https:\/\/api.w.org\/{rel}","templated":true}]}}