{"id":5501,"date":"2024-10-15T16:25:10","date_gmt":"2024-10-15T13:25:10","guid":{"rendered":"https:\/\/lahingupood.ee\/?post_type=product&#038;p=5501"},"modified":"2026-04-12T20:30:06","modified_gmt":"2026-04-12T17:30:06","slug":"wolverine-mtw-billet-tactical-14","status":"publish","type":"product","link":"https:\/\/lahingupood.ee\/en\/product\/wolverine-mtw-billet-tactical-14\/","title":{"rendered":"Wolverine MTW Billet Tactical 14&#8221;"},"content":{"rendered":"<p>Stiilne ja vastupidav HPA airsoft-replika, mis pakub suurep\u00e4rast j\u00f5udlust t\u00e4nu k\u00f5rgekvaliteedilistele sise- ja v\u00e4lisosadele. See replika on varustatud Inferno Gen 2 HPA mootoriga, mis t\u00f6\u00f6tab h\u00fcbriidse avatud lukuga s\u00fcsteemi kaudu, tekitades laskmisel pausi. See paus tagab BB-de stabiilsuse, suurendades t\u00e4psust. H\u00fcbriids\u00fcsteem s\u00e4ilitab avatud lukus\u00fcsteemi eelised ja muudab hop-up&#8217;i reguleerimise lihtsaks. Hop-up&#8217;i saab reguleerida v\u00e4ljastpoolt kasutatava pol\u00fcmeerist rattaga. R\u00f5hku saab reguleerida vahemikus 0,8J kuni 2J. &#8216;<\/p>\n<ul>\n<li>Spartan Electronics juhtimiss\u00fcsteemi abil saab tulekiirust reguleerida vahemikus 15 kuni 35 BB-d sekundis.<\/li>\n<li>120-kuulise keskmise mahutavusega salv sisaldab spetsiaalset j\u00e4relhoidjat, mis p\u00e4rast viimast kuuli siseneb s\u00fcsteemi ja peatab tulistamise, andes m\u00e4rku laadimise vajadusest<\/li>\n<li>Valikul\u00fcliti pakub lisaks turvalisele positsioonile kahte asendit, mida saab programmeerida neljas variatsioonis Spartan Electronics&#8217;i abil:\n<ul>\n<li>Semi &#8211; Semi<\/li>\n<li>Semi &#8211; 3-kuuliline purske<\/li>\n<li>Semi &#8211; Auto<\/li>\n<li>3-kuuliline purske \u2013 Auto<\/li>\n<\/ul>\n<\/li>\n<\/ul>","protected":false},"excerpt":{"rendered":"<p>Stiilne ja vastupidav HPA airsoft-replika, mis pakub suurep\u00e4rast j\u00f5udlust t\u00e4nu k\u00f5rgekvaliteedilistele sise- ja v\u00e4lisosadele. See replika on varustatud Inferno Gen 2 HPA mootoriga, mis t\u00f6\u00f6tab h\u00fcbriidse avatud lukuga s\u00fcsteemi kaudu, tekitades laskmisel pausi. See paus tagab BB-de stabiilsuse, suurendades t\u00e4psust. H\u00fcbriids\u00fcsteem s\u00e4ilitab avatud lukus\u00fcsteemi eelised ja muudab hop-up&#8217;i reguleerimise lihtsaks. Hop-up&#8217;i saab reguleerida v\u00e4ljastpoolt kasutatava [&#8230;]\n","protected":false},"featured_media":5492,"template":"","meta":[],"product_brand":[],"product_cat":[175],"product_tag":[],"class_list":{"0":"post-5501","1":"product","2":"type-product","3":"status-publish","4":"has-post-thumbnail","6":"product_cat-hpa","8":"first","9":"outofstock","10":"taxable","11":"shipping-taxable","12":"purchasable","13":"product-type-simple"},"yoast_head":"<!-- This site is optimized with the Yoast SEO Premium plugin v27.3 (Yoast SEO v27.3) - https:\/\/yoast.com\/product\/yoast-seo-premium-wordpress\/ -->\n<title>Wolverine MTW Billet Tactical 14&#039;&#039; - Lahingurada e-pood<\/title>\n<meta name=\"description\" content=\"Stiilne ja vastupidav HPA airsoft-replika, mis pakub suurep\u00e4rast j\u00f5udlust t\u00e4nu k\u00f5rgekvaliteedilistele sise- ja v\u00e4lisosadele. See replika on varustatud Infe\" \/>\n<meta name=\"robots\" content=\"index, follow, max-snippet:-1, max-image-preview:large, max-video-preview:-1\" \/>\n<link rel=\"canonical\" href=\"https:\/\/lahingupood.ee\/en\/product\/wolverine-mtw-billet-tactical-14\/\" \/>\n<meta property=\"og:locale\" content=\"en_GB\" \/>\n<meta property=\"og:type\" content=\"article\" \/>\n<meta property=\"og:title\" content=\"Wolverine MTW Billet Tactical 14&#039;&#039;\" \/>\n<meta property=\"og:description\" content=\"Stiilne ja vastupidav HPA airsoft-replika, mis pakub suurep\u00e4rast j\u00f5udlust t\u00e4nu k\u00f5rgekvaliteedilistele sise- ja v\u00e4lisosadele. See replika on varustatud Infe\" \/>\n<meta property=\"og:url\" content=\"https:\/\/lahingupood.ee\/en\/product\/wolverine-mtw-billet-tactical-14\/\" \/>\n<meta property=\"og:site_name\" content=\"Lahingurada e-pood\" \/>\n<meta property=\"article:publisher\" content=\"https:\/\/www.facebook.com\/Lahingurada-629940247212967\" \/>\n<meta property=\"article:modified_time\" content=\"2026-04-12T17:30:06+00:00\" \/>\n<meta property=\"og:image\" content=\"https:\/\/lahingupood.ee\/wp-content\/uploads\/2024\/10\/img_26497_a2b98b06a5e344af404a2bce09e7223f_1.png\" \/>\n\t<meta property=\"og:image:width\" content=\"1000\" \/>\n\t<meta property=\"og:image:height\" content=\"1000\" \/>\n\t<meta property=\"og:image:type\" content=\"image\/png\" \/>\n<meta name=\"twitter:card\" content=\"summary_large_image\" \/>\n<meta name=\"twitter:label1\" content=\"Estimated reading time\" \/>\n\t<meta name=\"twitter:data1\" content=\"1 minute\" \/>\n<script type=\"application\/ld+json\" class=\"yoast-schema-graph\">{\"@context\":\"https:\\\/\\\/schema.org\",\"@graph\":[{\"@type\":\"WebPage\",\"@id\":\"https:\\\/\\\/lahingupood.ee\\\/toode\\\/wolverine-mtw-billet-tactical-14\\\/\",\"url\":\"https:\\\/\\\/lahingupood.ee\\\/toode\\\/wolverine-mtw-billet-tactical-14\\\/\",\"name\":\"Wolverine MTW Billet Tactical 14'' - Lahingurada e-pood\",\"isPartOf\":{\"@id\":\"https:\\\/\\\/lahingupood.ee\\\/#website\"},\"primaryImageOfPage\":{\"@id\":\"https:\\\/\\\/lahingupood.ee\\\/toode\\\/wolverine-mtw-billet-tactical-14\\\/#primaryimage\"},\"image\":{\"@id\":\"https:\\\/\\\/lahingupood.ee\\\/toode\\\/wolverine-mtw-billet-tactical-14\\\/#primaryimage\"},\"thumbnailUrl\":\"https:\\\/\\\/lahingupood.ee\\\/wp-content\\\/uploads\\\/2024\\\/10\\\/img_26497_a2b98b06a5e344af404a2bce09e7223f_1.png\",\"datePublished\":\"2024-10-15T13:25:10+00:00\",\"dateModified\":\"2026-04-12T17:30:06+00:00\",\"description\":\"Stiilne ja vastupidav HPA airsoft-replika, mis pakub suurep\u00e4rast j\u00f5udlust t\u00e4nu k\u00f5rgekvaliteedilistele sise- ja v\u00e4lisosadele. See replika on varustatud Infe\",\"breadcrumb\":{\"@id\":\"https:\\\/\\\/lahingupood.ee\\\/toode\\\/wolverine-mtw-billet-tactical-14\\\/#breadcrumb\"},\"inLanguage\":\"en-GB\",\"potentialAction\":[{\"@type\":\"ReadAction\",\"target\":[\"https:\\\/\\\/lahingupood.ee\\\/toode\\\/wolverine-mtw-billet-tactical-14\\\/\"]}]},{\"@type\":\"ImageObject\",\"inLanguage\":\"en-GB\",\"@id\":\"https:\\\/\\\/lahingupood.ee\\\/toode\\\/wolverine-mtw-billet-tactical-14\\\/#primaryimage\",\"url\":\"https:\\\/\\\/lahingupood.ee\\\/wp-content\\\/uploads\\\/2024\\\/10\\\/img_26497_a2b98b06a5e344af404a2bce09e7223f_1.png\",\"contentUrl\":\"https:\\\/\\\/lahingupood.ee\\\/wp-content\\\/uploads\\\/2024\\\/10\\\/img_26497_a2b98b06a5e344af404a2bce09e7223f_1.png\",\"width\":1000,\"height\":1000},{\"@type\":\"BreadcrumbList\",\"@id\":\"https:\\\/\\\/lahingupood.ee\\\/toode\\\/wolverine-mtw-billet-tactical-14\\\/#breadcrumb\",\"itemListElement\":[{\"@type\":\"ListItem\",\"position\":1,\"name\":\"Home\",\"item\":\"https:\\\/\\\/lahingupood.ee\\\/\"},{\"@type\":\"ListItem\",\"position\":2,\"name\":\"Tooted\",\"item\":\"https:\\\/\\\/lahingupood.ee\\\/tooted\\\/\"},{\"@type\":\"ListItem\",\"position\":3,\"name\":\"Wolverine MTW Billet Tactical 14&#8221;\"}]},{\"@type\":\"WebSite\",\"@id\":\"https:\\\/\\\/lahingupood.ee\\\/#website\",\"url\":\"https:\\\/\\\/lahingupood.ee\\\/\",\"name\":\"Lahingurada e-pood\",\"description\":\"Airsoft\",\"publisher\":{\"@id\":\"https:\\\/\\\/lahingupood.ee\\\/#organization\"},\"potentialAction\":[{\"@type\":\"SearchAction\",\"target\":{\"@type\":\"EntryPoint\",\"urlTemplate\":\"https:\\\/\\\/lahingupood.ee\\\/?s={search_term_string}\"},\"query-input\":{\"@type\":\"PropertyValueSpecification\",\"valueRequired\":true,\"valueName\":\"search_term_string\"}}],\"inLanguage\":\"en-GB\"},{\"@type\":\"Organization\",\"@id\":\"https:\\\/\\\/lahingupood.ee\\\/#organization\",\"name\":\"Lahingurada\",\"url\":\"https:\\\/\\\/lahingupood.ee\\\/\",\"logo\":{\"@type\":\"ImageObject\",\"inLanguage\":\"en-GB\",\"@id\":\"https:\\\/\\\/lahingupood.ee\\\/#\\\/schema\\\/logo\\\/image\\\/\",\"url\":\"https:\\\/\\\/lahingupood.ee\\\/wp-content\\\/uploads\\\/2022\\\/03\\\/lahingurada-220318.jpg\",\"contentUrl\":\"https:\\\/\\\/lahingupood.ee\\\/wp-content\\\/uploads\\\/2022\\\/03\\\/lahingurada-220318.jpg\",\"width\":800,\"height\":500,\"caption\":\"Lahingurada\"},\"image\":{\"@id\":\"https:\\\/\\\/lahingupood.ee\\\/#\\\/schema\\\/logo\\\/image\\\/\"},\"sameAs\":[\"https:\\\/\\\/www.facebook.com\\\/Lahingurada-629940247212967\"]}]}<\/script>\n<!-- \/ Yoast SEO Premium plugin. -->","yoast_head_json":{"title":"Wolverine MTW Billet Tactical 14'' - Lahingurada e-pood","description":"Stiilne ja vastupidav HPA airsoft-replika, mis pakub suurep\u00e4rast j\u00f5udlust t\u00e4nu k\u00f5rgekvaliteedilistele sise- ja v\u00e4lisosadele. See replika on varustatud Infe","robots":{"index":"index","follow":"follow","max-snippet":"max-snippet:-1","max-image-preview":"max-image-preview:large","max-video-preview":"max-video-preview:-1"},"canonical":"https:\/\/lahingupood.ee\/en\/product\/wolverine-mtw-billet-tactical-14\/","og_locale":"en_GB","og_type":"article","og_title":"Wolverine MTW Billet Tactical 14''","og_description":"Stiilne ja vastupidav HPA airsoft-replika, mis pakub suurep\u00e4rast j\u00f5udlust t\u00e4nu k\u00f5rgekvaliteedilistele sise- ja v\u00e4lisosadele. See replika on varustatud Infe","og_url":"https:\/\/lahingupood.ee\/en\/product\/wolverine-mtw-billet-tactical-14\/","og_site_name":"Lahingurada e-pood","article_publisher":"https:\/\/www.facebook.com\/Lahingurada-629940247212967","article_modified_time":"2026-04-12T17:30:06+00:00","og_image":[{"width":1000,"height":1000,"url":"https:\/\/lahingupood.ee\/wp-content\/uploads\/2024\/10\/img_26497_a2b98b06a5e344af404a2bce09e7223f_1.png","type":"image\/png"}],"twitter_card":"summary_large_image","twitter_misc":{"Estimated reading time":"1 minute"},"schema":{"@context":"https:\/\/schema.org","@graph":[{"@type":"WebPage","@id":"https:\/\/lahingupood.ee\/toode\/wolverine-mtw-billet-tactical-14\/","url":"https:\/\/lahingupood.ee\/toode\/wolverine-mtw-billet-tactical-14\/","name":"Wolverine MTW Billet Tactical 14'' - Lahingurada e-pood","isPartOf":{"@id":"https:\/\/lahingupood.ee\/#website"},"primaryImageOfPage":{"@id":"https:\/\/lahingupood.ee\/toode\/wolverine-mtw-billet-tactical-14\/#primaryimage"},"image":{"@id":"https:\/\/lahingupood.ee\/toode\/wolverine-mtw-billet-tactical-14\/#primaryimage"},"thumbnailUrl":"https:\/\/lahingupood.ee\/wp-content\/uploads\/2024\/10\/img_26497_a2b98b06a5e344af404a2bce09e7223f_1.png","datePublished":"2024-10-15T13:25:10+00:00","dateModified":"2026-04-12T17:30:06+00:00","description":"Stiilne ja vastupidav HPA airsoft-replika, mis pakub suurep\u00e4rast j\u00f5udlust t\u00e4nu k\u00f5rgekvaliteedilistele sise- ja v\u00e4lisosadele. See replika on varustatud Infe","breadcrumb":{"@id":"https:\/\/lahingupood.ee\/toode\/wolverine-mtw-billet-tactical-14\/#breadcrumb"},"inLanguage":"en-GB","potentialAction":[{"@type":"ReadAction","target":["https:\/\/lahingupood.ee\/toode\/wolverine-mtw-billet-tactical-14\/"]}]},{"@type":"ImageObject","inLanguage":"en-GB","@id":"https:\/\/lahingupood.ee\/toode\/wolverine-mtw-billet-tactical-14\/#primaryimage","url":"https:\/\/lahingupood.ee\/wp-content\/uploads\/2024\/10\/img_26497_a2b98b06a5e344af404a2bce09e7223f_1.png","contentUrl":"https:\/\/lahingupood.ee\/wp-content\/uploads\/2024\/10\/img_26497_a2b98b06a5e344af404a2bce09e7223f_1.png","width":1000,"height":1000},{"@type":"BreadcrumbList","@id":"https:\/\/lahingupood.ee\/toode\/wolverine-mtw-billet-tactical-14\/#breadcrumb","itemListElement":[{"@type":"ListItem","position":1,"name":"Home","item":"https:\/\/lahingupood.ee\/"},{"@type":"ListItem","position":2,"name":"Tooted","item":"https:\/\/lahingupood.ee\/tooted\/"},{"@type":"ListItem","position":3,"name":"Wolverine MTW Billet Tactical 14&#8221;"}]},{"@type":"WebSite","@id":"https:\/\/lahingupood.ee\/#website","url":"https:\/\/lahingupood.ee\/","name":"Lahingurada e-pood","description":"Airsoft","publisher":{"@id":"https:\/\/lahingupood.ee\/#organization"},"potentialAction":[{"@type":"SearchAction","target":{"@type":"EntryPoint","urlTemplate":"https:\/\/lahingupood.ee\/?s={search_term_string}"},"query-input":{"@type":"PropertyValueSpecification","valueRequired":true,"valueName":"search_term_string"}}],"inLanguage":"en-GB"},{"@type":"Organization","@id":"https:\/\/lahingupood.ee\/#organization","name":"Lahingurada","url":"https:\/\/lahingupood.ee\/","logo":{"@type":"ImageObject","inLanguage":"en-GB","@id":"https:\/\/lahingupood.ee\/#\/schema\/logo\/image\/","url":"https:\/\/lahingupood.ee\/wp-content\/uploads\/2022\/03\/lahingurada-220318.jpg","contentUrl":"https:\/\/lahingupood.ee\/wp-content\/uploads\/2022\/03\/lahingurada-220318.jpg","width":800,"height":500,"caption":"Lahingurada"},"image":{"@id":"https:\/\/lahingupood.ee\/#\/schema\/logo\/image\/"},"sameAs":["https:\/\/www.facebook.com\/Lahingurada-629940247212967"]}]}},"_links":{"self":[{"href":"https:\/\/lahingupood.ee\/en\/wp-json\/wp\/v2\/product\/5501","targetHints":{"allow":["GET"]}}],"collection":[{"href":"https:\/\/lahingupood.ee\/en\/wp-json\/wp\/v2\/product"}],"about":[{"href":"https:\/\/lahingupood.ee\/en\/wp-json\/wp\/v2\/types\/product"}],"wp:featuredmedia":[{"embeddable":true,"href":"https:\/\/lahingupood.ee\/en\/wp-json\/wp\/v2\/media\/5492"}],"wp:attachment":[{"href":"https:\/\/lahingupood.ee\/en\/wp-json\/wp\/v2\/media?parent=5501"}],"wp:term":[{"taxonomy":"product_brand","embeddable":true,"href":"https:\/\/lahingupood.ee\/en\/wp-json\/wp\/v2\/product_brand?post=5501"},{"taxonomy":"product_cat","embeddable":true,"href":"https:\/\/lahingupood.ee\/en\/wp-json\/wp\/v2\/product_cat?post=5501"},{"taxonomy":"product_tag","embeddable":true,"href":"https:\/\/lahingupood.ee\/en\/wp-json\/wp\/v2\/product_tag?post=5501"}],"curies":[{"name":"wp","href":"https:\/\/api.w.org\/{rel}","templated":true}]}}