{"id":5500,"date":"2024-10-15T16:12:28","date_gmt":"2024-10-15T13:12:28","guid":{"rendered":"https:\/\/lahingupood.ee\/?post_type=product&#038;p=5500"},"modified":"2026-04-12T18:15:05","modified_gmt":"2026-04-12T15:15:05","slug":"wolverine-mtw-billet-tactical-7","status":"publish","type":"product","link":"https:\/\/lahingupood.ee\/en\/product\/wolverine-mtw-billet-tactical-7\/","title":{"rendered":"Wolverine MTW Billet Tactical 7&#8221;"},"content":{"rendered":"<p>MTW platvorm on loodud nullist \u00fcles ehitades, et valitseda m\u00e4nguv\u00e4ljakut, pakkudes l\u00f5putuid kohandamisv\u00f5imalusi, et muuta see t\u00e4iesti omaks. MTW \u00fcletamatu t\u00f6\u00f6kindlus hoiab sind m\u00e4ngus, ja me &#8220;katame su seljatagust&#8221; vastupidavuse ja teenindusega, et MTW oleks viimane replika, mida sa kunagi vajad.<\/p>\n<p><strong>Standard Features<\/strong><\/p>\n<ul>\n<li>Gen 3 M4 Billet Receiver Set<\/li>\n<li>INFERNO Gen 2<\/li>\n<li>Spartan Electronics MTW Control Board<\/li>\n<li>Invictus MK-1 Rail<\/li>\n<li>Empty Mag Detection<\/li>\n<li>CNC Feed Tube<\/li>\n<li>PTS EPM-MTW magazine with empty mag detection<\/li>\n<li>Op. Pressure Range: 80-140psi<\/li>\n<li>Weight: 4.1lbs (10\u2033, Standard Trim)<\/li>\n<li>Threads: 14mm Negative<\/li>\n<\/ul>\n<p><strong>Tactical\u00a0 Features<\/strong><\/p>\n<ul>\n<li>1045 Steel Flash Hider with a Black Oxide Finish<\/li>\n<li>Premium Real Steel Grip<\/li>\n<li>Heavy-duty Milspec Stock<\/li>\n<\/ul>","protected":false},"excerpt":{"rendered":"<p>MTW platvorm on loodud nullist \u00fcles ehitades, et valitseda m\u00e4nguv\u00e4ljakut, pakkudes l\u00f5putuid kohandamisv\u00f5imalusi, et muuta see t\u00e4iesti omaks. MTW \u00fcletamatu t\u00f6\u00f6kindlus hoiab sind m\u00e4ngus, ja me &#8220;katame su seljatagust&#8221; vastupidavuse ja teenindusega, et MTW oleks viimane replika, mida sa kunagi vajad. Standard Features Gen 3 M4 Billet Receiver Set INFERNO Gen 2 Spartan Electronics MTW [&#8230;]\n","protected":false},"featured_media":5488,"template":"","meta":[],"product_brand":[],"product_cat":[175],"product_tag":[],"class_list":{"0":"post-5500","1":"product","2":"type-product","3":"status-publish","4":"has-post-thumbnail","6":"product_cat-hpa","8":"first","9":"instock","10":"taxable","11":"shipping-taxable","12":"purchasable","13":"product-type-simple"},"yoast_head":"<!-- This site is optimized with the Yoast SEO Premium plugin v27.3 (Yoast SEO v27.3) - https:\/\/yoast.com\/product\/yoast-seo-premium-wordpress\/ -->\n<title>Wolverine MTW Billet Tactical 7&#039;&#039; - Lahingurada e-pood<\/title>\n<meta name=\"description\" content=\"MTW platvorm on loodud nullist \u00fcles ehitades, et valitseda m\u00e4nguv\u00e4ljakut, pakkudes l\u00f5putuid kohandamisv\u00f5imalusi, et muuta see t\u00e4iesti omaks. MTW \u00fcletamatu\" \/>\n<meta name=\"robots\" content=\"index, follow, max-snippet:-1, max-image-preview:large, max-video-preview:-1\" \/>\n<link rel=\"canonical\" href=\"https:\/\/lahingupood.ee\/en\/product\/wolverine-mtw-billet-tactical-7\/\" \/>\n<meta property=\"og:locale\" content=\"en_GB\" \/>\n<meta property=\"og:type\" content=\"article\" \/>\n<meta property=\"og:title\" content=\"Wolverine MTW Billet Tactical 7&#039;&#039;\" \/>\n<meta property=\"og:description\" content=\"MTW platvorm on loodud nullist \u00fcles ehitades, et valitseda m\u00e4nguv\u00e4ljakut, pakkudes l\u00f5putuid kohandamisv\u00f5imalusi, et muuta see t\u00e4iesti omaks. MTW \u00fcletamatu\" \/>\n<meta property=\"og:url\" content=\"https:\/\/lahingupood.ee\/en\/product\/wolverine-mtw-billet-tactical-7\/\" \/>\n<meta property=\"og:site_name\" content=\"Lahingurada e-pood\" \/>\n<meta property=\"article:publisher\" content=\"https:\/\/www.facebook.com\/Lahingurada-629940247212967\" \/>\n<meta property=\"article:modified_time\" content=\"2026-04-12T15:15:05+00:00\" \/>\n<meta property=\"og:image\" content=\"https:\/\/lahingupood.ee\/wp-content\/uploads\/2024\/10\/img_26487_c235fa3767c04ed0e2e9cbf1a50723e4_20.png\" \/>\n\t<meta property=\"og:image:width\" content=\"500\" \/>\n\t<meta property=\"og:image:height\" content=\"500\" \/>\n\t<meta property=\"og:image:type\" content=\"image\/png\" \/>\n<meta name=\"twitter:card\" content=\"summary_large_image\" \/>\n<meta name=\"twitter:label1\" content=\"Estimated reading time\" \/>\n\t<meta name=\"twitter:data1\" content=\"1 minute\" \/>\n<script type=\"application\/ld+json\" class=\"yoast-schema-graph\">{\"@context\":\"https:\\\/\\\/schema.org\",\"@graph\":[{\"@type\":\"WebPage\",\"@id\":\"https:\\\/\\\/lahingupood.ee\\\/toode\\\/wolverine-mtw-billet-tactical-7\\\/\",\"url\":\"https:\\\/\\\/lahingupood.ee\\\/toode\\\/wolverine-mtw-billet-tactical-7\\\/\",\"name\":\"Wolverine MTW Billet Tactical 7'' - Lahingurada e-pood\",\"isPartOf\":{\"@id\":\"https:\\\/\\\/lahingupood.ee\\\/#website\"},\"primaryImageOfPage\":{\"@id\":\"https:\\\/\\\/lahingupood.ee\\\/toode\\\/wolverine-mtw-billet-tactical-7\\\/#primaryimage\"},\"image\":{\"@id\":\"https:\\\/\\\/lahingupood.ee\\\/toode\\\/wolverine-mtw-billet-tactical-7\\\/#primaryimage\"},\"thumbnailUrl\":\"https:\\\/\\\/lahingupood.ee\\\/wp-content\\\/uploads\\\/2024\\\/10\\\/img_26487_c235fa3767c04ed0e2e9cbf1a50723e4_20.png\",\"datePublished\":\"2024-10-15T13:12:28+00:00\",\"dateModified\":\"2026-04-12T15:15:05+00:00\",\"description\":\"MTW platvorm on loodud nullist \u00fcles ehitades, et valitseda m\u00e4nguv\u00e4ljakut, pakkudes l\u00f5putuid kohandamisv\u00f5imalusi, et muuta see t\u00e4iesti omaks. MTW \u00fcletamatu\",\"breadcrumb\":{\"@id\":\"https:\\\/\\\/lahingupood.ee\\\/toode\\\/wolverine-mtw-billet-tactical-7\\\/#breadcrumb\"},\"inLanguage\":\"en-GB\",\"potentialAction\":[{\"@type\":\"ReadAction\",\"target\":[\"https:\\\/\\\/lahingupood.ee\\\/toode\\\/wolverine-mtw-billet-tactical-7\\\/\"]}]},{\"@type\":\"ImageObject\",\"inLanguage\":\"en-GB\",\"@id\":\"https:\\\/\\\/lahingupood.ee\\\/toode\\\/wolverine-mtw-billet-tactical-7\\\/#primaryimage\",\"url\":\"https:\\\/\\\/lahingupood.ee\\\/wp-content\\\/uploads\\\/2024\\\/10\\\/img_26487_c235fa3767c04ed0e2e9cbf1a50723e4_20.png\",\"contentUrl\":\"https:\\\/\\\/lahingupood.ee\\\/wp-content\\\/uploads\\\/2024\\\/10\\\/img_26487_c235fa3767c04ed0e2e9cbf1a50723e4_20.png\",\"width\":500,\"height\":500},{\"@type\":\"BreadcrumbList\",\"@id\":\"https:\\\/\\\/lahingupood.ee\\\/toode\\\/wolverine-mtw-billet-tactical-7\\\/#breadcrumb\",\"itemListElement\":[{\"@type\":\"ListItem\",\"position\":1,\"name\":\"Home\",\"item\":\"https:\\\/\\\/lahingupood.ee\\\/\"},{\"@type\":\"ListItem\",\"position\":2,\"name\":\"Tooted\",\"item\":\"https:\\\/\\\/lahingupood.ee\\\/tooted\\\/\"},{\"@type\":\"ListItem\",\"position\":3,\"name\":\"Wolverine MTW Billet Tactical 7&#8221;\"}]},{\"@type\":\"WebSite\",\"@id\":\"https:\\\/\\\/lahingupood.ee\\\/#website\",\"url\":\"https:\\\/\\\/lahingupood.ee\\\/\",\"name\":\"Lahingurada e-pood\",\"description\":\"Airsoft\",\"publisher\":{\"@id\":\"https:\\\/\\\/lahingupood.ee\\\/#organization\"},\"potentialAction\":[{\"@type\":\"SearchAction\",\"target\":{\"@type\":\"EntryPoint\",\"urlTemplate\":\"https:\\\/\\\/lahingupood.ee\\\/?s={search_term_string}\"},\"query-input\":{\"@type\":\"PropertyValueSpecification\",\"valueRequired\":true,\"valueName\":\"search_term_string\"}}],\"inLanguage\":\"en-GB\"},{\"@type\":\"Organization\",\"@id\":\"https:\\\/\\\/lahingupood.ee\\\/#organization\",\"name\":\"Lahingurada\",\"url\":\"https:\\\/\\\/lahingupood.ee\\\/\",\"logo\":{\"@type\":\"ImageObject\",\"inLanguage\":\"en-GB\",\"@id\":\"https:\\\/\\\/lahingupood.ee\\\/#\\\/schema\\\/logo\\\/image\\\/\",\"url\":\"https:\\\/\\\/lahingupood.ee\\\/wp-content\\\/uploads\\\/2022\\\/03\\\/lahingurada-220318.jpg\",\"contentUrl\":\"https:\\\/\\\/lahingupood.ee\\\/wp-content\\\/uploads\\\/2022\\\/03\\\/lahingurada-220318.jpg\",\"width\":800,\"height\":500,\"caption\":\"Lahingurada\"},\"image\":{\"@id\":\"https:\\\/\\\/lahingupood.ee\\\/#\\\/schema\\\/logo\\\/image\\\/\"},\"sameAs\":[\"https:\\\/\\\/www.facebook.com\\\/Lahingurada-629940247212967\"]}]}<\/script>\n<!-- \/ Yoast SEO Premium plugin. -->","yoast_head_json":{"title":"Wolverine MTW Billet Tactical 7'' - Lahingurada e-pood","description":"MTW platvorm on loodud nullist \u00fcles ehitades, et valitseda m\u00e4nguv\u00e4ljakut, pakkudes l\u00f5putuid kohandamisv\u00f5imalusi, et muuta see t\u00e4iesti omaks. MTW \u00fcletamatu","robots":{"index":"index","follow":"follow","max-snippet":"max-snippet:-1","max-image-preview":"max-image-preview:large","max-video-preview":"max-video-preview:-1"},"canonical":"https:\/\/lahingupood.ee\/en\/product\/wolverine-mtw-billet-tactical-7\/","og_locale":"en_GB","og_type":"article","og_title":"Wolverine MTW Billet Tactical 7''","og_description":"MTW platvorm on loodud nullist \u00fcles ehitades, et valitseda m\u00e4nguv\u00e4ljakut, pakkudes l\u00f5putuid kohandamisv\u00f5imalusi, et muuta see t\u00e4iesti omaks. MTW \u00fcletamatu","og_url":"https:\/\/lahingupood.ee\/en\/product\/wolverine-mtw-billet-tactical-7\/","og_site_name":"Lahingurada e-pood","article_publisher":"https:\/\/www.facebook.com\/Lahingurada-629940247212967","article_modified_time":"2026-04-12T15:15:05+00:00","og_image":[{"width":500,"height":500,"url":"https:\/\/lahingupood.ee\/wp-content\/uploads\/2024\/10\/img_26487_c235fa3767c04ed0e2e9cbf1a50723e4_20.png","type":"image\/png"}],"twitter_card":"summary_large_image","twitter_misc":{"Estimated reading time":"1 minute"},"schema":{"@context":"https:\/\/schema.org","@graph":[{"@type":"WebPage","@id":"https:\/\/lahingupood.ee\/toode\/wolverine-mtw-billet-tactical-7\/","url":"https:\/\/lahingupood.ee\/toode\/wolverine-mtw-billet-tactical-7\/","name":"Wolverine MTW Billet Tactical 7'' - Lahingurada e-pood","isPartOf":{"@id":"https:\/\/lahingupood.ee\/#website"},"primaryImageOfPage":{"@id":"https:\/\/lahingupood.ee\/toode\/wolverine-mtw-billet-tactical-7\/#primaryimage"},"image":{"@id":"https:\/\/lahingupood.ee\/toode\/wolverine-mtw-billet-tactical-7\/#primaryimage"},"thumbnailUrl":"https:\/\/lahingupood.ee\/wp-content\/uploads\/2024\/10\/img_26487_c235fa3767c04ed0e2e9cbf1a50723e4_20.png","datePublished":"2024-10-15T13:12:28+00:00","dateModified":"2026-04-12T15:15:05+00:00","description":"MTW platvorm on loodud nullist \u00fcles ehitades, et valitseda m\u00e4nguv\u00e4ljakut, pakkudes l\u00f5putuid kohandamisv\u00f5imalusi, et muuta see t\u00e4iesti omaks. MTW \u00fcletamatu","breadcrumb":{"@id":"https:\/\/lahingupood.ee\/toode\/wolverine-mtw-billet-tactical-7\/#breadcrumb"},"inLanguage":"en-GB","potentialAction":[{"@type":"ReadAction","target":["https:\/\/lahingupood.ee\/toode\/wolverine-mtw-billet-tactical-7\/"]}]},{"@type":"ImageObject","inLanguage":"en-GB","@id":"https:\/\/lahingupood.ee\/toode\/wolverine-mtw-billet-tactical-7\/#primaryimage","url":"https:\/\/lahingupood.ee\/wp-content\/uploads\/2024\/10\/img_26487_c235fa3767c04ed0e2e9cbf1a50723e4_20.png","contentUrl":"https:\/\/lahingupood.ee\/wp-content\/uploads\/2024\/10\/img_26487_c235fa3767c04ed0e2e9cbf1a50723e4_20.png","width":500,"height":500},{"@type":"BreadcrumbList","@id":"https:\/\/lahingupood.ee\/toode\/wolverine-mtw-billet-tactical-7\/#breadcrumb","itemListElement":[{"@type":"ListItem","position":1,"name":"Home","item":"https:\/\/lahingupood.ee\/"},{"@type":"ListItem","position":2,"name":"Tooted","item":"https:\/\/lahingupood.ee\/tooted\/"},{"@type":"ListItem","position":3,"name":"Wolverine MTW Billet Tactical 7&#8221;"}]},{"@type":"WebSite","@id":"https:\/\/lahingupood.ee\/#website","url":"https:\/\/lahingupood.ee\/","name":"Lahingurada e-pood","description":"Airsoft","publisher":{"@id":"https:\/\/lahingupood.ee\/#organization"},"potentialAction":[{"@type":"SearchAction","target":{"@type":"EntryPoint","urlTemplate":"https:\/\/lahingupood.ee\/?s={search_term_string}"},"query-input":{"@type":"PropertyValueSpecification","valueRequired":true,"valueName":"search_term_string"}}],"inLanguage":"en-GB"},{"@type":"Organization","@id":"https:\/\/lahingupood.ee\/#organization","name":"Lahingurada","url":"https:\/\/lahingupood.ee\/","logo":{"@type":"ImageObject","inLanguage":"en-GB","@id":"https:\/\/lahingupood.ee\/#\/schema\/logo\/image\/","url":"https:\/\/lahingupood.ee\/wp-content\/uploads\/2022\/03\/lahingurada-220318.jpg","contentUrl":"https:\/\/lahingupood.ee\/wp-content\/uploads\/2022\/03\/lahingurada-220318.jpg","width":800,"height":500,"caption":"Lahingurada"},"image":{"@id":"https:\/\/lahingupood.ee\/#\/schema\/logo\/image\/"},"sameAs":["https:\/\/www.facebook.com\/Lahingurada-629940247212967"]}]}},"_links":{"self":[{"href":"https:\/\/lahingupood.ee\/en\/wp-json\/wp\/v2\/product\/5500","targetHints":{"allow":["GET"]}}],"collection":[{"href":"https:\/\/lahingupood.ee\/en\/wp-json\/wp\/v2\/product"}],"about":[{"href":"https:\/\/lahingupood.ee\/en\/wp-json\/wp\/v2\/types\/product"}],"wp:featuredmedia":[{"embeddable":true,"href":"https:\/\/lahingupood.ee\/en\/wp-json\/wp\/v2\/media\/5488"}],"wp:attachment":[{"href":"https:\/\/lahingupood.ee\/en\/wp-json\/wp\/v2\/media?parent=5500"}],"wp:term":[{"taxonomy":"product_brand","embeddable":true,"href":"https:\/\/lahingupood.ee\/en\/wp-json\/wp\/v2\/product_brand?post=5500"},{"taxonomy":"product_cat","embeddable":true,"href":"https:\/\/lahingupood.ee\/en\/wp-json\/wp\/v2\/product_cat?post=5500"},{"taxonomy":"product_tag","embeddable":true,"href":"https:\/\/lahingupood.ee\/en\/wp-json\/wp\/v2\/product_tag?post=5500"}],"curies":[{"name":"wp","href":"https:\/\/api.w.org\/{rel}","templated":true}]}}