{"id":5478,"date":"2024-10-05T11:45:00","date_gmt":"2024-10-05T08:45:00","guid":{"rendered":"https:\/\/lahingupood.ee\/?post_type=product&#038;p=5478"},"modified":"2026-05-02T21:00:02","modified_gmt":"2026-05-02T18:00:02","slug":"v2-etu-2-0-and-mosfet-4-0-with-vertical-trigger-rear-wire-gg","status":"publish","type":"product","link":"https:\/\/lahingupood.ee\/en\/product\/v2-etu-2-0-and-mosfet-4-0-with-vertical-trigger-rear-wire-gg\/","title":{"rendered":"V2 ETU 2.0 and Mosfet 4.0 With Vertical Trigger Rear Wire (G&#038;G)"},"content":{"rendered":"<p>G&amp;G V2 ETU 2.0 MOSFET 4.0 vertical trigger rear wire on elektrooniline p\u00e4\u00e4stiku- ja juhtplokk, mis on m\u00f5eldud V2 gearboxiga airsoft AEG relvadele. See \u00fchendab ETU (Electronic Trigger Unit) ja MOSFET s\u00fcsteemi \u00fches lahenduses. ETU 2.0 s\u00fcsteem parandab p\u00e4\u00e4stiku reageerimiskiirust ja annab \u00fchtlasema laskekogemuse. MOSFET 4.0 v\u00e4hendab elektrilist koormust ja kaitseb kontaktpunkte kulumise eest.<\/p>","protected":false},"excerpt":{"rendered":"<p>G&amp;G V2 ETU 2.0 MOSFET 4.0 vertical trigger rear wire on elektrooniline p\u00e4\u00e4stiku- ja juhtplokk, mis on m\u00f5eldud V2 gearboxiga airsoft AEG relvadele. See \u00fchendab ETU (Electronic Trigger Unit) ja MOSFET s\u00fcsteemi \u00fches lahenduses. ETU 2.0 s\u00fcsteem parandab p\u00e4\u00e4stiku reageerimiskiirust ja annab \u00fchtlasema laskekogemuse. MOSFET 4.0 v\u00e4hendab elektrilist koormust ja kaitseb kontaktpunkte kulumise eest.<\/p>","protected":false},"featured_media":5479,"template":"","meta":[],"product_brand":[],"product_cat":[74],"product_tag":[],"class_list":{"0":"post-5478","1":"product","2":"type-product","3":"status-publish","4":"has-post-thumbnail","6":"product_cat-elektroonika","8":"first","9":"instock","10":"taxable","11":"shipping-taxable","12":"purchasable","13":"product-type-simple"},"yoast_head":"<!-- This site is optimized with the Yoast SEO Premium plugin v27.5 (Yoast SEO v27.5) - https:\/\/yoast.com\/product\/yoast-seo-premium-wordpress\/ -->\n<title>G&amp;G V2 ETU 2.0 MOSFET 4.0 vertical trigger rear wire<\/title>\n<meta name=\"description\" content=\"G&amp;G V2 ETU 2.0 MOSFET 4.0 vertical trigger rear wire on elektrooniline p\u00e4\u00e4stiku- ja mosfeti\u00fcksus V2 gearboxile. Kiirem trigger response ja parem t\u00f6\u00f6kindlus.\" \/>\n<meta name=\"robots\" content=\"index, follow, max-snippet:-1, max-image-preview:large, max-video-preview:-1\" \/>\n<link rel=\"canonical\" href=\"https:\/\/lahingupood.ee\/en\/product\/v2-etu-2-0-and-mosfet-4-0-with-vertical-trigger-rear-wire-gg\/\" \/>\n<meta property=\"og:locale\" content=\"en_GB\" \/>\n<meta property=\"og:type\" content=\"article\" \/>\n<meta property=\"og:title\" content=\"V2 ETU 2.0 and Mosfet 4.0 With Vertical Trigger Rear Wire (G&amp;G)\" \/>\n<meta property=\"og:description\" content=\"G&amp;G V2 ETU 2.0 MOSFET 4.0 vertical trigger rear wire on elektrooniline p\u00e4\u00e4stiku- ja mosfeti\u00fcksus V2 gearboxile. Kiirem trigger response ja parem t\u00f6\u00f6kindlus.\" \/>\n<meta property=\"og:url\" content=\"https:\/\/lahingupood.ee\/en\/product\/v2-etu-2-0-and-mosfet-4-0-with-vertical-trigger-rear-wire-gg\/\" \/>\n<meta property=\"og:site_name\" content=\"Lahingurada e-pood\" \/>\n<meta property=\"article:publisher\" content=\"https:\/\/www.facebook.com\/Lahingurada-629940247212967\" \/>\n<meta property=\"article:modified_time\" content=\"2026-05-02T18:00:02+00:00\" \/>\n<meta property=\"og:image\" content=\"https:\/\/lahingupood.ee\/wp-content\/uploads\/2024\/10\/gg.jpg\" \/>\n\t<meta property=\"og:image:width\" content=\"1000\" \/>\n\t<meta property=\"og:image:height\" content=\"1000\" \/>\n\t<meta property=\"og:image:type\" content=\"image\/jpeg\" \/>\n<meta name=\"twitter:card\" content=\"summary_large_image\" \/>\n<meta name=\"twitter:label1\" content=\"Estimated reading time\" \/>\n\t<meta name=\"twitter:data1\" content=\"1 minute\" \/>\n<script type=\"application\/ld+json\" class=\"yoast-schema-graph\">{\"@context\":\"https:\\\/\\\/schema.org\",\"@graph\":[{\"@type\":\"WebPage\",\"@id\":\"https:\\\/\\\/lahingupood.ee\\\/toode\\\/v2-etu-2-0-and-mosfet-4-0-with-vertical-trigger-rear-wire-gg\\\/\",\"url\":\"https:\\\/\\\/lahingupood.ee\\\/toode\\\/v2-etu-2-0-and-mosfet-4-0-with-vertical-trigger-rear-wire-gg\\\/\",\"name\":\"G&G V2 ETU 2.0 MOSFET 4.0 vertical trigger rear wire\",\"isPartOf\":{\"@id\":\"https:\\\/\\\/lahingupood.ee\\\/#website\"},\"primaryImageOfPage\":{\"@id\":\"https:\\\/\\\/lahingupood.ee\\\/toode\\\/v2-etu-2-0-and-mosfet-4-0-with-vertical-trigger-rear-wire-gg\\\/#primaryimage\"},\"image\":{\"@id\":\"https:\\\/\\\/lahingupood.ee\\\/toode\\\/v2-etu-2-0-and-mosfet-4-0-with-vertical-trigger-rear-wire-gg\\\/#primaryimage\"},\"thumbnailUrl\":\"https:\\\/\\\/lahingupood.ee\\\/wp-content\\\/uploads\\\/2024\\\/10\\\/gg.jpg\",\"datePublished\":\"2024-10-05T08:45:00+00:00\",\"dateModified\":\"2026-05-02T18:00:02+00:00\",\"description\":\"G&G V2 ETU 2.0 MOSFET 4.0 vertical trigger rear wire on elektrooniline p\u00e4\u00e4stiku- ja mosfeti\u00fcksus V2 gearboxile. Kiirem trigger response ja parem t\u00f6\u00f6kindlus.\",\"breadcrumb\":{\"@id\":\"https:\\\/\\\/lahingupood.ee\\\/toode\\\/v2-etu-2-0-and-mosfet-4-0-with-vertical-trigger-rear-wire-gg\\\/#breadcrumb\"},\"inLanguage\":\"en-GB\",\"potentialAction\":[{\"@type\":\"ReadAction\",\"target\":[\"https:\\\/\\\/lahingupood.ee\\\/toode\\\/v2-etu-2-0-and-mosfet-4-0-with-vertical-trigger-rear-wire-gg\\\/\"]}]},{\"@type\":\"ImageObject\",\"inLanguage\":\"en-GB\",\"@id\":\"https:\\\/\\\/lahingupood.ee\\\/toode\\\/v2-etu-2-0-and-mosfet-4-0-with-vertical-trigger-rear-wire-gg\\\/#primaryimage\",\"url\":\"https:\\\/\\\/lahingupood.ee\\\/wp-content\\\/uploads\\\/2024\\\/10\\\/gg.jpg\",\"contentUrl\":\"https:\\\/\\\/lahingupood.ee\\\/wp-content\\\/uploads\\\/2024\\\/10\\\/gg.jpg\",\"width\":1000,\"height\":1000},{\"@type\":\"BreadcrumbList\",\"@id\":\"https:\\\/\\\/lahingupood.ee\\\/toode\\\/v2-etu-2-0-and-mosfet-4-0-with-vertical-trigger-rear-wire-gg\\\/#breadcrumb\",\"itemListElement\":[{\"@type\":\"ListItem\",\"position\":1,\"name\":\"Home\",\"item\":\"https:\\\/\\\/lahingupood.ee\\\/\"},{\"@type\":\"ListItem\",\"position\":2,\"name\":\"Tooted\",\"item\":\"https:\\\/\\\/lahingupood.ee\\\/tooted\\\/\"},{\"@type\":\"ListItem\",\"position\":3,\"name\":\"V2 ETU 2.0 and Mosfet 4.0 With Vertical Trigger Rear Wire (G&#038;G)\"}]},{\"@type\":\"WebSite\",\"@id\":\"https:\\\/\\\/lahingupood.ee\\\/#website\",\"url\":\"https:\\\/\\\/lahingupood.ee\\\/\",\"name\":\"Lahingurada e-pood\",\"description\":\"Airsoft\",\"publisher\":{\"@id\":\"https:\\\/\\\/lahingupood.ee\\\/#organization\"},\"potentialAction\":[{\"@type\":\"SearchAction\",\"target\":{\"@type\":\"EntryPoint\",\"urlTemplate\":\"https:\\\/\\\/lahingupood.ee\\\/?s={search_term_string}\"},\"query-input\":{\"@type\":\"PropertyValueSpecification\",\"valueRequired\":true,\"valueName\":\"search_term_string\"}}],\"inLanguage\":\"en-GB\"},{\"@type\":\"Organization\",\"@id\":\"https:\\\/\\\/lahingupood.ee\\\/#organization\",\"name\":\"Lahingurada\",\"url\":\"https:\\\/\\\/lahingupood.ee\\\/\",\"logo\":{\"@type\":\"ImageObject\",\"inLanguage\":\"en-GB\",\"@id\":\"https:\\\/\\\/lahingupood.ee\\\/#\\\/schema\\\/logo\\\/image\\\/\",\"url\":\"https:\\\/\\\/lahingupood.ee\\\/wp-content\\\/uploads\\\/2022\\\/03\\\/lahingurada-220318.jpg\",\"contentUrl\":\"https:\\\/\\\/lahingupood.ee\\\/wp-content\\\/uploads\\\/2022\\\/03\\\/lahingurada-220318.jpg\",\"width\":800,\"height\":500,\"caption\":\"Lahingurada\"},\"image\":{\"@id\":\"https:\\\/\\\/lahingupood.ee\\\/#\\\/schema\\\/logo\\\/image\\\/\"},\"sameAs\":[\"https:\\\/\\\/www.facebook.com\\\/Lahingurada-629940247212967\"]}]}<\/script>\n<!-- \/ Yoast SEO Premium plugin. -->","yoast_head_json":{"title":"G&G V2 ETU 2.0 MOSFET 4.0 vertical trigger rear wire","description":"G&G V2 ETU 2.0 MOSFET 4.0 vertical trigger rear wire on elektrooniline p\u00e4\u00e4stiku- ja mosfeti\u00fcksus V2 gearboxile. Kiirem trigger response ja parem t\u00f6\u00f6kindlus.","robots":{"index":"index","follow":"follow","max-snippet":"max-snippet:-1","max-image-preview":"max-image-preview:large","max-video-preview":"max-video-preview:-1"},"canonical":"https:\/\/lahingupood.ee\/en\/product\/v2-etu-2-0-and-mosfet-4-0-with-vertical-trigger-rear-wire-gg\/","og_locale":"en_GB","og_type":"article","og_title":"V2 ETU 2.0 and Mosfet 4.0 With Vertical Trigger Rear Wire (G&G)","og_description":"G&G V2 ETU 2.0 MOSFET 4.0 vertical trigger rear wire on elektrooniline p\u00e4\u00e4stiku- ja mosfeti\u00fcksus V2 gearboxile. Kiirem trigger response ja parem t\u00f6\u00f6kindlus.","og_url":"https:\/\/lahingupood.ee\/en\/product\/v2-etu-2-0-and-mosfet-4-0-with-vertical-trigger-rear-wire-gg\/","og_site_name":"Lahingurada e-pood","article_publisher":"https:\/\/www.facebook.com\/Lahingurada-629940247212967","article_modified_time":"2026-05-02T18:00:02+00:00","og_image":[{"width":1000,"height":1000,"url":"https:\/\/lahingupood.ee\/wp-content\/uploads\/2024\/10\/gg.jpg","type":"image\/jpeg"}],"twitter_card":"summary_large_image","twitter_misc":{"Estimated reading time":"1 minute"},"schema":{"@context":"https:\/\/schema.org","@graph":[{"@type":"WebPage","@id":"https:\/\/lahingupood.ee\/toode\/v2-etu-2-0-and-mosfet-4-0-with-vertical-trigger-rear-wire-gg\/","url":"https:\/\/lahingupood.ee\/toode\/v2-etu-2-0-and-mosfet-4-0-with-vertical-trigger-rear-wire-gg\/","name":"G&G V2 ETU 2.0 MOSFET 4.0 vertical trigger rear wire","isPartOf":{"@id":"https:\/\/lahingupood.ee\/#website"},"primaryImageOfPage":{"@id":"https:\/\/lahingupood.ee\/toode\/v2-etu-2-0-and-mosfet-4-0-with-vertical-trigger-rear-wire-gg\/#primaryimage"},"image":{"@id":"https:\/\/lahingupood.ee\/toode\/v2-etu-2-0-and-mosfet-4-0-with-vertical-trigger-rear-wire-gg\/#primaryimage"},"thumbnailUrl":"https:\/\/lahingupood.ee\/wp-content\/uploads\/2024\/10\/gg.jpg","datePublished":"2024-10-05T08:45:00+00:00","dateModified":"2026-05-02T18:00:02+00:00","description":"G&G V2 ETU 2.0 MOSFET 4.0 vertical trigger rear wire on elektrooniline p\u00e4\u00e4stiku- ja mosfeti\u00fcksus V2 gearboxile. Kiirem trigger response ja parem t\u00f6\u00f6kindlus.","breadcrumb":{"@id":"https:\/\/lahingupood.ee\/toode\/v2-etu-2-0-and-mosfet-4-0-with-vertical-trigger-rear-wire-gg\/#breadcrumb"},"inLanguage":"en-GB","potentialAction":[{"@type":"ReadAction","target":["https:\/\/lahingupood.ee\/toode\/v2-etu-2-0-and-mosfet-4-0-with-vertical-trigger-rear-wire-gg\/"]}]},{"@type":"ImageObject","inLanguage":"en-GB","@id":"https:\/\/lahingupood.ee\/toode\/v2-etu-2-0-and-mosfet-4-0-with-vertical-trigger-rear-wire-gg\/#primaryimage","url":"https:\/\/lahingupood.ee\/wp-content\/uploads\/2024\/10\/gg.jpg","contentUrl":"https:\/\/lahingupood.ee\/wp-content\/uploads\/2024\/10\/gg.jpg","width":1000,"height":1000},{"@type":"BreadcrumbList","@id":"https:\/\/lahingupood.ee\/toode\/v2-etu-2-0-and-mosfet-4-0-with-vertical-trigger-rear-wire-gg\/#breadcrumb","itemListElement":[{"@type":"ListItem","position":1,"name":"Home","item":"https:\/\/lahingupood.ee\/"},{"@type":"ListItem","position":2,"name":"Tooted","item":"https:\/\/lahingupood.ee\/tooted\/"},{"@type":"ListItem","position":3,"name":"V2 ETU 2.0 and Mosfet 4.0 With Vertical Trigger Rear Wire (G&#038;G)"}]},{"@type":"WebSite","@id":"https:\/\/lahingupood.ee\/#website","url":"https:\/\/lahingupood.ee\/","name":"Lahingurada e-pood","description":"Airsoft","publisher":{"@id":"https:\/\/lahingupood.ee\/#organization"},"potentialAction":[{"@type":"SearchAction","target":{"@type":"EntryPoint","urlTemplate":"https:\/\/lahingupood.ee\/?s={search_term_string}"},"query-input":{"@type":"PropertyValueSpecification","valueRequired":true,"valueName":"search_term_string"}}],"inLanguage":"en-GB"},{"@type":"Organization","@id":"https:\/\/lahingupood.ee\/#organization","name":"Lahingurada","url":"https:\/\/lahingupood.ee\/","logo":{"@type":"ImageObject","inLanguage":"en-GB","@id":"https:\/\/lahingupood.ee\/#\/schema\/logo\/image\/","url":"https:\/\/lahingupood.ee\/wp-content\/uploads\/2022\/03\/lahingurada-220318.jpg","contentUrl":"https:\/\/lahingupood.ee\/wp-content\/uploads\/2022\/03\/lahingurada-220318.jpg","width":800,"height":500,"caption":"Lahingurada"},"image":{"@id":"https:\/\/lahingupood.ee\/#\/schema\/logo\/image\/"},"sameAs":["https:\/\/www.facebook.com\/Lahingurada-629940247212967"]}]}},"_links":{"self":[{"href":"https:\/\/lahingupood.ee\/en\/wp-json\/wp\/v2\/product\/5478","targetHints":{"allow":["GET"]}}],"collection":[{"href":"https:\/\/lahingupood.ee\/en\/wp-json\/wp\/v2\/product"}],"about":[{"href":"https:\/\/lahingupood.ee\/en\/wp-json\/wp\/v2\/types\/product"}],"wp:featuredmedia":[{"embeddable":true,"href":"https:\/\/lahingupood.ee\/en\/wp-json\/wp\/v2\/media\/5479"}],"wp:attachment":[{"href":"https:\/\/lahingupood.ee\/en\/wp-json\/wp\/v2\/media?parent=5478"}],"wp:term":[{"taxonomy":"product_brand","embeddable":true,"href":"https:\/\/lahingupood.ee\/en\/wp-json\/wp\/v2\/product_brand?post=5478"},{"taxonomy":"product_cat","embeddable":true,"href":"https:\/\/lahingupood.ee\/en\/wp-json\/wp\/v2\/product_cat?post=5478"},{"taxonomy":"product_tag","embeddable":true,"href":"https:\/\/lahingupood.ee\/en\/wp-json\/wp\/v2\/product_tag?post=5478"}],"curies":[{"name":"wp","href":"https:\/\/api.w.org\/{rel}","templated":true}]}}