{"id":5457,"date":"2024-10-05T10:38:12","date_gmt":"2024-10-05T07:38:12","guid":{"rendered":"https:\/\/lahingupood.ee\/?post_type=product&#038;p=5457"},"modified":"2026-05-03T11:00:04","modified_gmt":"2026-05-03T08:00:04","slug":"man-kung-recurve-pistol-crossbow-50-lbs","status":"publish","type":"product","link":"https:\/\/lahingupood.ee\/en\/product\/man-kung-recurve-pistol-crossbow-50-lbs\/","title":{"rendered":"MAN KUNG RECURVE PISTOL CROSSBOW 50 LBS"},"content":{"rendered":"<p>Man Kung 50 lbs recurve pistol crossbow on v\u00e4iksemat t\u00fc\u00fcpi k\u00e4sitsi vinnatav amb, mis \u00fchendab kompaktse suuruse ja piisava j\u00f5u t\u00e4psuslaskmiseks. See on m\u00f5eldud sihtm\u00e4rgiharjutusteks ja hobikasutuseks. P\u00fcstol-t\u00fc\u00fcpi konstruktsioon v\u00f5imaldab lihtsat k\u00e4sitsemist ja kaasaskantavust. Recurve konstruktsioon tagab lihtsa \u00fclesehituse ja t\u00f6\u00f6kindluse, v\u00e4hendades hooldusvajadust ning muutes kasutamise stabiilseks. See mudel sobib h\u00e4sti sihtm\u00e4rgiharjutusteks ja t\u00e4psuse arendamiseks turvalistes tingimustes.<\/p>\n<p>T\u00d5MMEJ\u00d5UD: 50 LBS<br \/>\nKIIRUS: 150 FPS<br \/>\nMETALLIST KAAR<br \/>\nVASTUPIDAV KOMPOSIITKERE JA TORU<br \/>\nLAIUS: 420 mm<br \/>\nPIKKUS: 320 mm<br \/>\nKAAL: 400 g<\/p>\n<p>SOOVITUSLIK KASUTADA 6,5&#8243; PLAST NOOLTEGA<\/p>","protected":false},"excerpt":{"rendered":"<p>Man Kung 50 lbs recurve pistol crossbow on v\u00e4iksemat t\u00fc\u00fcpi k\u00e4sitsi vinnatav amb, mis \u00fchendab kompaktse suuruse ja piisava j\u00f5u t\u00e4psuslaskmiseks. See on m\u00f5eldud sihtm\u00e4rgiharjutusteks ja hobikasutuseks. P\u00fcstol-t\u00fc\u00fcpi konstruktsioon v\u00f5imaldab lihtsat k\u00e4sitsemist ja kaasaskantavust. Recurve konstruktsioon tagab lihtsa \u00fclesehituse ja t\u00f6\u00f6kindluse, v\u00e4hendades hooldusvajadust ning muutes kasutamise stabiilseks. See mudel sobib h\u00e4sti sihtm\u00e4rgiharjutusteks ja t\u00e4psuse arendamiseks [&#8230;]\n","protected":false},"featured_media":5424,"template":"","meta":[],"product_brand":[],"product_cat":[171],"product_tag":[],"class_list":{"0":"post-5457","1":"product","2":"type-product","3":"status-publish","4":"has-post-thumbnail","6":"product_cat-ammud-ja-vibud","8":"first","9":"instock","10":"taxable","11":"shipping-taxable","12":"purchasable","13":"product-type-simple"},"yoast_head":"<!-- This site is optimized with the Yoast SEO Premium plugin v27.5 (Yoast SEO v27.5) - https:\/\/yoast.com\/product\/yoast-seo-premium-wordpress\/ -->\n<title>Man Kung 50 lbs pistol crossbow \u2013 kompaktne amb<\/title>\n<meta name=\"description\" content=\"Man Kung 50 lbs recurve pistol crossbow on kompaktne ja v\u00f5imas k\u00e4sitsi vinnatav amb. Sobib harjutamiseks ja t\u00e4psuslaskmiseks.\" \/>\n<meta name=\"robots\" content=\"index, follow, max-snippet:-1, max-image-preview:large, max-video-preview:-1\" \/>\n<link rel=\"canonical\" href=\"https:\/\/lahingupood.ee\/en\/product\/man-kung-recurve-pistol-crossbow-50-lbs\/\" \/>\n<meta property=\"og:locale\" content=\"en_GB\" \/>\n<meta property=\"og:type\" content=\"article\" \/>\n<meta property=\"og:title\" content=\"MAN KUNG RECURVE PISTOL CROSSBOW 50 LBS\" \/>\n<meta property=\"og:description\" content=\"Man Kung 50 lbs recurve pistol crossbow on kompaktne ja v\u00f5imas k\u00e4sitsi vinnatav amb. Sobib harjutamiseks ja t\u00e4psuslaskmiseks.\" \/>\n<meta property=\"og:url\" content=\"https:\/\/lahingupood.ee\/en\/product\/man-kung-recurve-pistol-crossbow-50-lbs\/\" \/>\n<meta property=\"og:site_name\" content=\"Lahingurada e-pood\" \/>\n<meta property=\"article:publisher\" content=\"https:\/\/www.facebook.com\/Lahingurada-629940247212967\" \/>\n<meta property=\"article:modified_time\" content=\"2026-05-03T08:00:04+00:00\" \/>\n<meta property=\"og:image\" content=\"https:\/\/lahingupood.ee\/wp-content\/uploads\/2024\/10\/man-kung-recurve-pistol-crossbow-50-lbs-mk-50a1.jpg\" \/>\n\t<meta property=\"og:image:width\" content=\"600\" \/>\n\t<meta property=\"og:image:height\" content=\"600\" \/>\n\t<meta property=\"og:image:type\" content=\"image\/jpeg\" \/>\n<meta name=\"twitter:card\" content=\"summary_large_image\" \/>\n<meta name=\"twitter:label1\" content=\"Estimated reading time\" \/>\n\t<meta name=\"twitter:data1\" content=\"1 minute\" \/>\n<script type=\"application\/ld+json\" class=\"yoast-schema-graph\">{\"@context\":\"https:\\\/\\\/schema.org\",\"@graph\":[{\"@type\":\"WebPage\",\"@id\":\"https:\\\/\\\/lahingupood.ee\\\/toode\\\/man-kung-recurve-pistol-crossbow-50-lbs\\\/\",\"url\":\"https:\\\/\\\/lahingupood.ee\\\/toode\\\/man-kung-recurve-pistol-crossbow-50-lbs\\\/\",\"name\":\"Man Kung 50 lbs pistol crossbow \u2013 kompaktne amb\",\"isPartOf\":{\"@id\":\"https:\\\/\\\/lahingupood.ee\\\/#website\"},\"primaryImageOfPage\":{\"@id\":\"https:\\\/\\\/lahingupood.ee\\\/toode\\\/man-kung-recurve-pistol-crossbow-50-lbs\\\/#primaryimage\"},\"image\":{\"@id\":\"https:\\\/\\\/lahingupood.ee\\\/toode\\\/man-kung-recurve-pistol-crossbow-50-lbs\\\/#primaryimage\"},\"thumbnailUrl\":\"https:\\\/\\\/lahingupood.ee\\\/wp-content\\\/uploads\\\/2024\\\/10\\\/man-kung-recurve-pistol-crossbow-50-lbs-mk-50a1.jpg\",\"datePublished\":\"2024-10-05T07:38:12+00:00\",\"dateModified\":\"2026-05-03T08:00:04+00:00\",\"description\":\"Man Kung 50 lbs recurve pistol crossbow on kompaktne ja v\u00f5imas k\u00e4sitsi vinnatav amb. Sobib harjutamiseks ja t\u00e4psuslaskmiseks.\",\"breadcrumb\":{\"@id\":\"https:\\\/\\\/lahingupood.ee\\\/toode\\\/man-kung-recurve-pistol-crossbow-50-lbs\\\/#breadcrumb\"},\"inLanguage\":\"en-GB\",\"potentialAction\":[{\"@type\":\"ReadAction\",\"target\":[\"https:\\\/\\\/lahingupood.ee\\\/toode\\\/man-kung-recurve-pistol-crossbow-50-lbs\\\/\"]}]},{\"@type\":\"ImageObject\",\"inLanguage\":\"en-GB\",\"@id\":\"https:\\\/\\\/lahingupood.ee\\\/toode\\\/man-kung-recurve-pistol-crossbow-50-lbs\\\/#primaryimage\",\"url\":\"https:\\\/\\\/lahingupood.ee\\\/wp-content\\\/uploads\\\/2024\\\/10\\\/man-kung-recurve-pistol-crossbow-50-lbs-mk-50a1.jpg\",\"contentUrl\":\"https:\\\/\\\/lahingupood.ee\\\/wp-content\\\/uploads\\\/2024\\\/10\\\/man-kung-recurve-pistol-crossbow-50-lbs-mk-50a1.jpg\",\"width\":600,\"height\":600,\"caption\":\"Man Kung 50 lbs recurve pistol crossbow \u2013 kompaktne ja lihtsasti k\u00e4sitsetav amb t\u00e4psuslaskmiseks ja harjutamiseks.\"},{\"@type\":\"BreadcrumbList\",\"@id\":\"https:\\\/\\\/lahingupood.ee\\\/toode\\\/man-kung-recurve-pistol-crossbow-50-lbs\\\/#breadcrumb\",\"itemListElement\":[{\"@type\":\"ListItem\",\"position\":1,\"name\":\"Home\",\"item\":\"https:\\\/\\\/lahingupood.ee\\\/\"},{\"@type\":\"ListItem\",\"position\":2,\"name\":\"Tooted\",\"item\":\"https:\\\/\\\/lahingupood.ee\\\/tooted\\\/\"},{\"@type\":\"ListItem\",\"position\":3,\"name\":\"MAN KUNG RECURVE PISTOL CROSSBOW 50 LBS\"}]},{\"@type\":\"WebSite\",\"@id\":\"https:\\\/\\\/lahingupood.ee\\\/#website\",\"url\":\"https:\\\/\\\/lahingupood.ee\\\/\",\"name\":\"Lahingurada e-pood\",\"description\":\"Airsoft\",\"publisher\":{\"@id\":\"https:\\\/\\\/lahingupood.ee\\\/#organization\"},\"potentialAction\":[{\"@type\":\"SearchAction\",\"target\":{\"@type\":\"EntryPoint\",\"urlTemplate\":\"https:\\\/\\\/lahingupood.ee\\\/?s={search_term_string}\"},\"query-input\":{\"@type\":\"PropertyValueSpecification\",\"valueRequired\":true,\"valueName\":\"search_term_string\"}}],\"inLanguage\":\"en-GB\"},{\"@type\":\"Organization\",\"@id\":\"https:\\\/\\\/lahingupood.ee\\\/#organization\",\"name\":\"Lahingurada\",\"url\":\"https:\\\/\\\/lahingupood.ee\\\/\",\"logo\":{\"@type\":\"ImageObject\",\"inLanguage\":\"en-GB\",\"@id\":\"https:\\\/\\\/lahingupood.ee\\\/#\\\/schema\\\/logo\\\/image\\\/\",\"url\":\"https:\\\/\\\/lahingupood.ee\\\/wp-content\\\/uploads\\\/2022\\\/03\\\/lahingurada-220318.jpg\",\"contentUrl\":\"https:\\\/\\\/lahingupood.ee\\\/wp-content\\\/uploads\\\/2022\\\/03\\\/lahingurada-220318.jpg\",\"width\":800,\"height\":500,\"caption\":\"Lahingurada\"},\"image\":{\"@id\":\"https:\\\/\\\/lahingupood.ee\\\/#\\\/schema\\\/logo\\\/image\\\/\"},\"sameAs\":[\"https:\\\/\\\/www.facebook.com\\\/Lahingurada-629940247212967\"]}]}<\/script>\n<!-- \/ Yoast SEO Premium plugin. -->","yoast_head_json":{"title":"Man Kung 50 lbs pistol crossbow \u2013 kompaktne amb","description":"Man Kung 50 lbs recurve pistol crossbow on kompaktne ja v\u00f5imas k\u00e4sitsi vinnatav amb. Sobib harjutamiseks ja t\u00e4psuslaskmiseks.","robots":{"index":"index","follow":"follow","max-snippet":"max-snippet:-1","max-image-preview":"max-image-preview:large","max-video-preview":"max-video-preview:-1"},"canonical":"https:\/\/lahingupood.ee\/en\/product\/man-kung-recurve-pistol-crossbow-50-lbs\/","og_locale":"en_GB","og_type":"article","og_title":"MAN KUNG RECURVE PISTOL CROSSBOW 50 LBS","og_description":"Man Kung 50 lbs recurve pistol crossbow on kompaktne ja v\u00f5imas k\u00e4sitsi vinnatav amb. Sobib harjutamiseks ja t\u00e4psuslaskmiseks.","og_url":"https:\/\/lahingupood.ee\/en\/product\/man-kung-recurve-pistol-crossbow-50-lbs\/","og_site_name":"Lahingurada e-pood","article_publisher":"https:\/\/www.facebook.com\/Lahingurada-629940247212967","article_modified_time":"2026-05-03T08:00:04+00:00","og_image":[{"width":600,"height":600,"url":"https:\/\/lahingupood.ee\/wp-content\/uploads\/2024\/10\/man-kung-recurve-pistol-crossbow-50-lbs-mk-50a1.jpg","type":"image\/jpeg"}],"twitter_card":"summary_large_image","twitter_misc":{"Estimated reading time":"1 minute"},"schema":{"@context":"https:\/\/schema.org","@graph":[{"@type":"WebPage","@id":"https:\/\/lahingupood.ee\/toode\/man-kung-recurve-pistol-crossbow-50-lbs\/","url":"https:\/\/lahingupood.ee\/toode\/man-kung-recurve-pistol-crossbow-50-lbs\/","name":"Man Kung 50 lbs pistol crossbow \u2013 kompaktne amb","isPartOf":{"@id":"https:\/\/lahingupood.ee\/#website"},"primaryImageOfPage":{"@id":"https:\/\/lahingupood.ee\/toode\/man-kung-recurve-pistol-crossbow-50-lbs\/#primaryimage"},"image":{"@id":"https:\/\/lahingupood.ee\/toode\/man-kung-recurve-pistol-crossbow-50-lbs\/#primaryimage"},"thumbnailUrl":"https:\/\/lahingupood.ee\/wp-content\/uploads\/2024\/10\/man-kung-recurve-pistol-crossbow-50-lbs-mk-50a1.jpg","datePublished":"2024-10-05T07:38:12+00:00","dateModified":"2026-05-03T08:00:04+00:00","description":"Man Kung 50 lbs recurve pistol crossbow on kompaktne ja v\u00f5imas k\u00e4sitsi vinnatav amb. Sobib harjutamiseks ja t\u00e4psuslaskmiseks.","breadcrumb":{"@id":"https:\/\/lahingupood.ee\/toode\/man-kung-recurve-pistol-crossbow-50-lbs\/#breadcrumb"},"inLanguage":"en-GB","potentialAction":[{"@type":"ReadAction","target":["https:\/\/lahingupood.ee\/toode\/man-kung-recurve-pistol-crossbow-50-lbs\/"]}]},{"@type":"ImageObject","inLanguage":"en-GB","@id":"https:\/\/lahingupood.ee\/toode\/man-kung-recurve-pistol-crossbow-50-lbs\/#primaryimage","url":"https:\/\/lahingupood.ee\/wp-content\/uploads\/2024\/10\/man-kung-recurve-pistol-crossbow-50-lbs-mk-50a1.jpg","contentUrl":"https:\/\/lahingupood.ee\/wp-content\/uploads\/2024\/10\/man-kung-recurve-pistol-crossbow-50-lbs-mk-50a1.jpg","width":600,"height":600,"caption":"Man Kung 50 lbs recurve pistol crossbow \u2013 kompaktne ja lihtsasti k\u00e4sitsetav amb t\u00e4psuslaskmiseks ja harjutamiseks."},{"@type":"BreadcrumbList","@id":"https:\/\/lahingupood.ee\/toode\/man-kung-recurve-pistol-crossbow-50-lbs\/#breadcrumb","itemListElement":[{"@type":"ListItem","position":1,"name":"Home","item":"https:\/\/lahingupood.ee\/"},{"@type":"ListItem","position":2,"name":"Tooted","item":"https:\/\/lahingupood.ee\/tooted\/"},{"@type":"ListItem","position":3,"name":"MAN KUNG RECURVE PISTOL CROSSBOW 50 LBS"}]},{"@type":"WebSite","@id":"https:\/\/lahingupood.ee\/#website","url":"https:\/\/lahingupood.ee\/","name":"Lahingurada e-pood","description":"Airsoft","publisher":{"@id":"https:\/\/lahingupood.ee\/#organization"},"potentialAction":[{"@type":"SearchAction","target":{"@type":"EntryPoint","urlTemplate":"https:\/\/lahingupood.ee\/?s={search_term_string}"},"query-input":{"@type":"PropertyValueSpecification","valueRequired":true,"valueName":"search_term_string"}}],"inLanguage":"en-GB"},{"@type":"Organization","@id":"https:\/\/lahingupood.ee\/#organization","name":"Lahingurada","url":"https:\/\/lahingupood.ee\/","logo":{"@type":"ImageObject","inLanguage":"en-GB","@id":"https:\/\/lahingupood.ee\/#\/schema\/logo\/image\/","url":"https:\/\/lahingupood.ee\/wp-content\/uploads\/2022\/03\/lahingurada-220318.jpg","contentUrl":"https:\/\/lahingupood.ee\/wp-content\/uploads\/2022\/03\/lahingurada-220318.jpg","width":800,"height":500,"caption":"Lahingurada"},"image":{"@id":"https:\/\/lahingupood.ee\/#\/schema\/logo\/image\/"},"sameAs":["https:\/\/www.facebook.com\/Lahingurada-629940247212967"]}]}},"_links":{"self":[{"href":"https:\/\/lahingupood.ee\/en\/wp-json\/wp\/v2\/product\/5457","targetHints":{"allow":["GET"]}}],"collection":[{"href":"https:\/\/lahingupood.ee\/en\/wp-json\/wp\/v2\/product"}],"about":[{"href":"https:\/\/lahingupood.ee\/en\/wp-json\/wp\/v2\/types\/product"}],"wp:featuredmedia":[{"embeddable":true,"href":"https:\/\/lahingupood.ee\/en\/wp-json\/wp\/v2\/media\/5424"}],"wp:attachment":[{"href":"https:\/\/lahingupood.ee\/en\/wp-json\/wp\/v2\/media?parent=5457"}],"wp:term":[{"taxonomy":"product_brand","embeddable":true,"href":"https:\/\/lahingupood.ee\/en\/wp-json\/wp\/v2\/product_brand?post=5457"},{"taxonomy":"product_cat","embeddable":true,"href":"https:\/\/lahingupood.ee\/en\/wp-json\/wp\/v2\/product_cat?post=5457"},{"taxonomy":"product_tag","embeddable":true,"href":"https:\/\/lahingupood.ee\/en\/wp-json\/wp\/v2\/product_tag?post=5457"}],"curies":[{"name":"wp","href":"https:\/\/api.w.org\/{rel}","templated":true}]}}