{"id":5450,"date":"2024-10-05T09:57:43","date_gmt":"2024-10-05T06:57:43","guid":{"rendered":"https:\/\/lahingupood.ee\/?post_type=product&#038;p=5450"},"modified":"2026-05-02T19:45:05","modified_gmt":"2026-05-02T16:45:05","slug":"spring-110-hyper","status":"publish","type":"product","link":"https:\/\/lahingupood.ee\/en\/product\/spring-110-hyper\/","title":{"rendered":"Spring 110 Hyper"},"content":{"rendered":"<p>M110 airsoft spring on populaarne upgrade komponent AEG (Automatic Electric Gun) Airsoft relvadele, pakkudes head tasakaalu v\u00f5imsuse ja t\u00f6\u00f6kindluse vahel. Hyper seeria vedrud on tuntud oma \u00fchtlase kvaliteedi ja stabiilse j\u00f5udluse poolest.<\/p>\n<p>Tootja Hyper<\/p>","protected":false},"excerpt":{"rendered":"<p>M110 airsoft spring on populaarne upgrade komponent AEG (Automatic Electric Gun) Airsoft relvadele, pakkudes head tasakaalu v\u00f5imsuse ja t\u00f6\u00f6kindluse vahel. Hyper seeria vedrud on tuntud oma \u00fchtlase kvaliteedi ja stabiilse j\u00f5udluse poolest. Tootja Hyper<\/p>","protected":false},"featured_media":5423,"template":"","meta":[],"product_brand":[],"product_cat":[170],"product_tag":[],"class_list":{"0":"post-5450","1":"product","2":"type-product","3":"status-publish","4":"has-post-thumbnail","6":"product_cat-vedrud","8":"first","9":"instock","10":"taxable","11":"shipping-taxable","12":"purchasable","13":"product-type-simple"},"yoast_head":"<!-- This site is optimized with the Yoast SEO Premium plugin v27.5 (Yoast SEO v27.5) - https:\/\/yoast.com\/product\/yoast-seo-premium-wordpress\/ -->\n<title>M110 Airsoft Spring \u2013 Hyper vedru AEG relvadele<\/title>\n<meta name=\"description\" content=\"M110 airsoft spring on Hyper seeria vedru AEG relvadele, pakkudes stabiilset j\u00f5udlust ja umbes 1.4\u20131.6J v\u00e4ljundit. Tootja Hyper.\" \/>\n<meta name=\"robots\" content=\"index, follow, max-snippet:-1, max-image-preview:large, max-video-preview:-1\" \/>\n<link rel=\"canonical\" href=\"https:\/\/lahingupood.ee\/en\/product\/spring-110-hyper\/\" \/>\n<meta property=\"og:locale\" content=\"en_GB\" \/>\n<meta property=\"og:type\" content=\"article\" \/>\n<meta property=\"og:title\" content=\"Spring 110 Hyper\" \/>\n<meta property=\"og:description\" content=\"M110 airsoft spring on Hyper seeria vedru AEG relvadele, pakkudes stabiilset j\u00f5udlust ja umbes 1.4\u20131.6J v\u00e4ljundit. Tootja Hyper.\" \/>\n<meta property=\"og:url\" content=\"https:\/\/lahingupood.ee\/en\/product\/spring-110-hyper\/\" \/>\n<meta property=\"og:site_name\" content=\"Lahingurada e-pood\" \/>\n<meta property=\"article:publisher\" content=\"https:\/\/www.facebook.com\/Lahingurada-629940247212967\" \/>\n<meta property=\"article:modified_time\" content=\"2026-05-02T16:45:05+00:00\" \/>\n<meta property=\"og:image\" content=\"https:\/\/lahingupood.ee\/wp-content\/uploads\/2024\/10\/element-spring-145-st-el-in0103.jpg\" \/>\n\t<meta property=\"og:image:width\" content=\"600\" \/>\n\t<meta property=\"og:image:height\" content=\"600\" \/>\n\t<meta property=\"og:image:type\" content=\"image\/jpeg\" \/>\n<meta name=\"twitter:card\" content=\"summary_large_image\" \/>\n<meta name=\"twitter:label1\" content=\"Estimated reading time\" \/>\n\t<meta name=\"twitter:data1\" content=\"1 minute\" \/>\n<script type=\"application\/ld+json\" class=\"yoast-schema-graph\">{\"@context\":\"https:\\\/\\\/schema.org\",\"@graph\":[{\"@type\":\"WebPage\",\"@id\":\"https:\\\/\\\/lahingupood.ee\\\/toode\\\/spring-110-hyper\\\/\",\"url\":\"https:\\\/\\\/lahingupood.ee\\\/toode\\\/spring-110-hyper\\\/\",\"name\":\"M110 Airsoft Spring \u2013 Hyper vedru AEG relvadele\",\"isPartOf\":{\"@id\":\"https:\\\/\\\/lahingupood.ee\\\/#website\"},\"primaryImageOfPage\":{\"@id\":\"https:\\\/\\\/lahingupood.ee\\\/toode\\\/spring-110-hyper\\\/#primaryimage\"},\"image\":{\"@id\":\"https:\\\/\\\/lahingupood.ee\\\/toode\\\/spring-110-hyper\\\/#primaryimage\"},\"thumbnailUrl\":\"https:\\\/\\\/lahingupood.ee\\\/wp-content\\\/uploads\\\/2024\\\/10\\\/element-spring-145-st-el-in0103.jpg\",\"datePublished\":\"2024-10-05T06:57:43+00:00\",\"dateModified\":\"2026-05-02T16:45:05+00:00\",\"description\":\"M110 airsoft spring on Hyper seeria vedru AEG relvadele, pakkudes stabiilset j\u00f5udlust ja umbes 1.4\u20131.6J v\u00e4ljundit. Tootja Hyper.\",\"breadcrumb\":{\"@id\":\"https:\\\/\\\/lahingupood.ee\\\/toode\\\/spring-110-hyper\\\/#breadcrumb\"},\"inLanguage\":\"en-GB\",\"potentialAction\":[{\"@type\":\"ReadAction\",\"target\":[\"https:\\\/\\\/lahingupood.ee\\\/toode\\\/spring-110-hyper\\\/\"]}]},{\"@type\":\"ImageObject\",\"inLanguage\":\"en-GB\",\"@id\":\"https:\\\/\\\/lahingupood.ee\\\/toode\\\/spring-110-hyper\\\/#primaryimage\",\"url\":\"https:\\\/\\\/lahingupood.ee\\\/wp-content\\\/uploads\\\/2024\\\/10\\\/element-spring-145-st-el-in0103.jpg\",\"contentUrl\":\"https:\\\/\\\/lahingupood.ee\\\/wp-content\\\/uploads\\\/2024\\\/10\\\/element-spring-145-st-el-in0103.jpg\",\"width\":600,\"height\":600,\"caption\":\"SPRING 145 Element \u2013 tugev AEG vedru, mis suurendab relva Joule\u2019i ja parandab laskeulatust ning t\u00e4psust.\"},{\"@type\":\"BreadcrumbList\",\"@id\":\"https:\\\/\\\/lahingupood.ee\\\/toode\\\/spring-110-hyper\\\/#breadcrumb\",\"itemListElement\":[{\"@type\":\"ListItem\",\"position\":1,\"name\":\"Home\",\"item\":\"https:\\\/\\\/lahingupood.ee\\\/\"},{\"@type\":\"ListItem\",\"position\":2,\"name\":\"Tooted\",\"item\":\"https:\\\/\\\/lahingupood.ee\\\/tooted\\\/\"},{\"@type\":\"ListItem\",\"position\":3,\"name\":\"Spring 110 Hyper\"}]},{\"@type\":\"WebSite\",\"@id\":\"https:\\\/\\\/lahingupood.ee\\\/#website\",\"url\":\"https:\\\/\\\/lahingupood.ee\\\/\",\"name\":\"Lahingurada e-pood\",\"description\":\"Airsoft\",\"publisher\":{\"@id\":\"https:\\\/\\\/lahingupood.ee\\\/#organization\"},\"potentialAction\":[{\"@type\":\"SearchAction\",\"target\":{\"@type\":\"EntryPoint\",\"urlTemplate\":\"https:\\\/\\\/lahingupood.ee\\\/?s={search_term_string}\"},\"query-input\":{\"@type\":\"PropertyValueSpecification\",\"valueRequired\":true,\"valueName\":\"search_term_string\"}}],\"inLanguage\":\"en-GB\"},{\"@type\":\"Organization\",\"@id\":\"https:\\\/\\\/lahingupood.ee\\\/#organization\",\"name\":\"Lahingurada\",\"url\":\"https:\\\/\\\/lahingupood.ee\\\/\",\"logo\":{\"@type\":\"ImageObject\",\"inLanguage\":\"en-GB\",\"@id\":\"https:\\\/\\\/lahingupood.ee\\\/#\\\/schema\\\/logo\\\/image\\\/\",\"url\":\"https:\\\/\\\/lahingupood.ee\\\/wp-content\\\/uploads\\\/2022\\\/03\\\/lahingurada-220318.jpg\",\"contentUrl\":\"https:\\\/\\\/lahingupood.ee\\\/wp-content\\\/uploads\\\/2022\\\/03\\\/lahingurada-220318.jpg\",\"width\":800,\"height\":500,\"caption\":\"Lahingurada\"},\"image\":{\"@id\":\"https:\\\/\\\/lahingupood.ee\\\/#\\\/schema\\\/logo\\\/image\\\/\"},\"sameAs\":[\"https:\\\/\\\/www.facebook.com\\\/Lahingurada-629940247212967\"]}]}<\/script>\n<!-- \/ Yoast SEO Premium plugin. -->","yoast_head_json":{"title":"M110 Airsoft Spring \u2013 Hyper vedru AEG relvadele","description":"M110 airsoft spring on Hyper seeria vedru AEG relvadele, pakkudes stabiilset j\u00f5udlust ja umbes 1.4\u20131.6J v\u00e4ljundit. Tootja Hyper.","robots":{"index":"index","follow":"follow","max-snippet":"max-snippet:-1","max-image-preview":"max-image-preview:large","max-video-preview":"max-video-preview:-1"},"canonical":"https:\/\/lahingupood.ee\/en\/product\/spring-110-hyper\/","og_locale":"en_GB","og_type":"article","og_title":"Spring 110 Hyper","og_description":"M110 airsoft spring on Hyper seeria vedru AEG relvadele, pakkudes stabiilset j\u00f5udlust ja umbes 1.4\u20131.6J v\u00e4ljundit. Tootja Hyper.","og_url":"https:\/\/lahingupood.ee\/en\/product\/spring-110-hyper\/","og_site_name":"Lahingurada e-pood","article_publisher":"https:\/\/www.facebook.com\/Lahingurada-629940247212967","article_modified_time":"2026-05-02T16:45:05+00:00","og_image":[{"width":600,"height":600,"url":"https:\/\/lahingupood.ee\/wp-content\/uploads\/2024\/10\/element-spring-145-st-el-in0103.jpg","type":"image\/jpeg"}],"twitter_card":"summary_large_image","twitter_misc":{"Estimated reading time":"1 minute"},"schema":{"@context":"https:\/\/schema.org","@graph":[{"@type":"WebPage","@id":"https:\/\/lahingupood.ee\/toode\/spring-110-hyper\/","url":"https:\/\/lahingupood.ee\/toode\/spring-110-hyper\/","name":"M110 Airsoft Spring \u2013 Hyper vedru AEG relvadele","isPartOf":{"@id":"https:\/\/lahingupood.ee\/#website"},"primaryImageOfPage":{"@id":"https:\/\/lahingupood.ee\/toode\/spring-110-hyper\/#primaryimage"},"image":{"@id":"https:\/\/lahingupood.ee\/toode\/spring-110-hyper\/#primaryimage"},"thumbnailUrl":"https:\/\/lahingupood.ee\/wp-content\/uploads\/2024\/10\/element-spring-145-st-el-in0103.jpg","datePublished":"2024-10-05T06:57:43+00:00","dateModified":"2026-05-02T16:45:05+00:00","description":"M110 airsoft spring on Hyper seeria vedru AEG relvadele, pakkudes stabiilset j\u00f5udlust ja umbes 1.4\u20131.6J v\u00e4ljundit. Tootja Hyper.","breadcrumb":{"@id":"https:\/\/lahingupood.ee\/toode\/spring-110-hyper\/#breadcrumb"},"inLanguage":"en-GB","potentialAction":[{"@type":"ReadAction","target":["https:\/\/lahingupood.ee\/toode\/spring-110-hyper\/"]}]},{"@type":"ImageObject","inLanguage":"en-GB","@id":"https:\/\/lahingupood.ee\/toode\/spring-110-hyper\/#primaryimage","url":"https:\/\/lahingupood.ee\/wp-content\/uploads\/2024\/10\/element-spring-145-st-el-in0103.jpg","contentUrl":"https:\/\/lahingupood.ee\/wp-content\/uploads\/2024\/10\/element-spring-145-st-el-in0103.jpg","width":600,"height":600,"caption":"SPRING 145 Element \u2013 tugev AEG vedru, mis suurendab relva Joule\u2019i ja parandab laskeulatust ning t\u00e4psust."},{"@type":"BreadcrumbList","@id":"https:\/\/lahingupood.ee\/toode\/spring-110-hyper\/#breadcrumb","itemListElement":[{"@type":"ListItem","position":1,"name":"Home","item":"https:\/\/lahingupood.ee\/"},{"@type":"ListItem","position":2,"name":"Tooted","item":"https:\/\/lahingupood.ee\/tooted\/"},{"@type":"ListItem","position":3,"name":"Spring 110 Hyper"}]},{"@type":"WebSite","@id":"https:\/\/lahingupood.ee\/#website","url":"https:\/\/lahingupood.ee\/","name":"Lahingurada e-pood","description":"Airsoft","publisher":{"@id":"https:\/\/lahingupood.ee\/#organization"},"potentialAction":[{"@type":"SearchAction","target":{"@type":"EntryPoint","urlTemplate":"https:\/\/lahingupood.ee\/?s={search_term_string}"},"query-input":{"@type":"PropertyValueSpecification","valueRequired":true,"valueName":"search_term_string"}}],"inLanguage":"en-GB"},{"@type":"Organization","@id":"https:\/\/lahingupood.ee\/#organization","name":"Lahingurada","url":"https:\/\/lahingupood.ee\/","logo":{"@type":"ImageObject","inLanguage":"en-GB","@id":"https:\/\/lahingupood.ee\/#\/schema\/logo\/image\/","url":"https:\/\/lahingupood.ee\/wp-content\/uploads\/2022\/03\/lahingurada-220318.jpg","contentUrl":"https:\/\/lahingupood.ee\/wp-content\/uploads\/2022\/03\/lahingurada-220318.jpg","width":800,"height":500,"caption":"Lahingurada"},"image":{"@id":"https:\/\/lahingupood.ee\/#\/schema\/logo\/image\/"},"sameAs":["https:\/\/www.facebook.com\/Lahingurada-629940247212967"]}]}},"_links":{"self":[{"href":"https:\/\/lahingupood.ee\/en\/wp-json\/wp\/v2\/product\/5450","targetHints":{"allow":["GET"]}}],"collection":[{"href":"https:\/\/lahingupood.ee\/en\/wp-json\/wp\/v2\/product"}],"about":[{"href":"https:\/\/lahingupood.ee\/en\/wp-json\/wp\/v2\/types\/product"}],"wp:featuredmedia":[{"embeddable":true,"href":"https:\/\/lahingupood.ee\/en\/wp-json\/wp\/v2\/media\/5423"}],"wp:attachment":[{"href":"https:\/\/lahingupood.ee\/en\/wp-json\/wp\/v2\/media?parent=5450"}],"wp:term":[{"taxonomy":"product_brand","embeddable":true,"href":"https:\/\/lahingupood.ee\/en\/wp-json\/wp\/v2\/product_brand?post=5450"},{"taxonomy":"product_cat","embeddable":true,"href":"https:\/\/lahingupood.ee\/en\/wp-json\/wp\/v2\/product_cat?post=5450"},{"taxonomy":"product_tag","embeddable":true,"href":"https:\/\/lahingupood.ee\/en\/wp-json\/wp\/v2\/product_tag?post=5450"}],"curies":[{"name":"wp","href":"https:\/\/api.w.org\/{rel}","templated":true}]}}