{"id":5448,"date":"2024-10-05T09:54:39","date_gmt":"2024-10-05T06:54:39","guid":{"rendered":"https:\/\/lahingupood.ee\/?post_type=product&#038;p=5448"},"modified":"2026-05-02T19:45:06","modified_gmt":"2026-05-02T16:45:06","slug":"spring-145-element","status":"publish","type":"product","link":"https:\/\/lahingupood.ee\/en\/product\/spring-145-element\/","title":{"rendered":"SPRING 145 Element"},"content":{"rendered":"<p>SPRING 145 Element on k\u00f5rge j\u00f5udlusega airsoft AEG vedru, mis on m\u00f5eldud relva energiataseme (Joule) suurendamiseks ja stabiilsema laskej\u00f5udluse saavutamiseks. Tegemist on tugevama upgrade vedruga, mida kasutatakse eelk\u00f5ige t\u00e4psusele ja ulatusele keskendunud seadistustes.<\/p>","protected":false},"excerpt":{"rendered":"<p>SPRING 145 Element on k\u00f5rge j\u00f5udlusega airsoft AEG vedru, mis on m\u00f5eldud relva energiataseme (Joule) suurendamiseks ja stabiilsema laskej\u00f5udluse saavutamiseks. Tegemist on tugevama upgrade vedruga, mida kasutatakse eelk\u00f5ige t\u00e4psusele ja ulatusele keskendunud seadistustes.<\/p>","protected":false},"featured_media":5423,"template":"","meta":[],"product_brand":[],"product_cat":[170],"product_tag":[],"class_list":{"0":"post-5448","1":"product","2":"type-product","3":"status-publish","4":"has-post-thumbnail","6":"product_cat-vedrud","8":"first","9":"instock","10":"taxable","11":"shipping-taxable","12":"purchasable","13":"product-type-simple"},"yoast_head":"<!-- This site is optimized with the Yoast SEO Premium plugin v27.5 (Yoast SEO v27.5) - https:\/\/yoast.com\/product\/yoast-seo-premium-wordpress\/ -->\n<title>SPRING 145 Element \u2013 v\u00f5imas AEG vedru j\u00f5udluse t\u00f5stmiseks<\/title>\n<meta name=\"description\" content=\"SPRING 145 Element on tugev AEG airsoft vedru, mis t\u00f5stab relva Joule\u2019i taset ja parandab laskeulatust. Sobib upgrade\u2019iks ja DMR seadistusteks.\" \/>\n<meta name=\"robots\" content=\"index, follow, max-snippet:-1, max-image-preview:large, max-video-preview:-1\" \/>\n<link rel=\"canonical\" href=\"https:\/\/lahingupood.ee\/en\/product\/spring-145-element\/\" \/>\n<meta property=\"og:locale\" content=\"en_GB\" \/>\n<meta property=\"og:type\" content=\"article\" \/>\n<meta property=\"og:title\" content=\"SPRING 145 Element\" \/>\n<meta property=\"og:description\" content=\"SPRING 145 Element on tugev AEG airsoft vedru, mis t\u00f5stab relva Joule\u2019i taset ja parandab laskeulatust. Sobib upgrade\u2019iks ja DMR seadistusteks.\" \/>\n<meta property=\"og:url\" content=\"https:\/\/lahingupood.ee\/en\/product\/spring-145-element\/\" \/>\n<meta property=\"og:site_name\" content=\"Lahingurada e-pood\" \/>\n<meta property=\"article:publisher\" content=\"https:\/\/www.facebook.com\/Lahingurada-629940247212967\" \/>\n<meta property=\"article:modified_time\" content=\"2026-05-02T16:45:06+00:00\" \/>\n<meta property=\"og:image\" content=\"https:\/\/lahingupood.ee\/wp-content\/uploads\/2024\/10\/element-spring-145-st-el-in0103.jpg\" \/>\n\t<meta property=\"og:image:width\" content=\"600\" \/>\n\t<meta property=\"og:image:height\" content=\"600\" \/>\n\t<meta property=\"og:image:type\" content=\"image\/jpeg\" \/>\n<meta name=\"twitter:card\" content=\"summary_large_image\" \/>\n<meta name=\"twitter:label1\" content=\"Estimated reading time\" \/>\n\t<meta name=\"twitter:data1\" content=\"1 minute\" \/>\n<script type=\"application\/ld+json\" class=\"yoast-schema-graph\">{\"@context\":\"https:\\\/\\\/schema.org\",\"@graph\":[{\"@type\":\"WebPage\",\"@id\":\"https:\\\/\\\/lahingupood.ee\\\/toode\\\/spring-145-element\\\/\",\"url\":\"https:\\\/\\\/lahingupood.ee\\\/toode\\\/spring-145-element\\\/\",\"name\":\"SPRING 145 Element \u2013 v\u00f5imas AEG vedru j\u00f5udluse t\u00f5stmiseks\",\"isPartOf\":{\"@id\":\"https:\\\/\\\/lahingupood.ee\\\/#website\"},\"primaryImageOfPage\":{\"@id\":\"https:\\\/\\\/lahingupood.ee\\\/toode\\\/spring-145-element\\\/#primaryimage\"},\"image\":{\"@id\":\"https:\\\/\\\/lahingupood.ee\\\/toode\\\/spring-145-element\\\/#primaryimage\"},\"thumbnailUrl\":\"https:\\\/\\\/lahingupood.ee\\\/wp-content\\\/uploads\\\/2024\\\/10\\\/element-spring-145-st-el-in0103.jpg\",\"datePublished\":\"2024-10-05T06:54:39+00:00\",\"dateModified\":\"2026-05-02T16:45:06+00:00\",\"description\":\"SPRING 145 Element on tugev AEG airsoft vedru, mis t\u00f5stab relva Joule\u2019i taset ja parandab laskeulatust. Sobib upgrade\u2019iks ja DMR seadistusteks.\",\"breadcrumb\":{\"@id\":\"https:\\\/\\\/lahingupood.ee\\\/toode\\\/spring-145-element\\\/#breadcrumb\"},\"inLanguage\":\"en-GB\",\"potentialAction\":[{\"@type\":\"ReadAction\",\"target\":[\"https:\\\/\\\/lahingupood.ee\\\/toode\\\/spring-145-element\\\/\"]}]},{\"@type\":\"ImageObject\",\"inLanguage\":\"en-GB\",\"@id\":\"https:\\\/\\\/lahingupood.ee\\\/toode\\\/spring-145-element\\\/#primaryimage\",\"url\":\"https:\\\/\\\/lahingupood.ee\\\/wp-content\\\/uploads\\\/2024\\\/10\\\/element-spring-145-st-el-in0103.jpg\",\"contentUrl\":\"https:\\\/\\\/lahingupood.ee\\\/wp-content\\\/uploads\\\/2024\\\/10\\\/element-spring-145-st-el-in0103.jpg\",\"width\":600,\"height\":600,\"caption\":\"SPRING 145 Element \u2013 tugev AEG vedru, mis suurendab relva Joule\u2019i ja parandab laskeulatust ning t\u00e4psust.\"},{\"@type\":\"BreadcrumbList\",\"@id\":\"https:\\\/\\\/lahingupood.ee\\\/toode\\\/spring-145-element\\\/#breadcrumb\",\"itemListElement\":[{\"@type\":\"ListItem\",\"position\":1,\"name\":\"Home\",\"item\":\"https:\\\/\\\/lahingupood.ee\\\/\"},{\"@type\":\"ListItem\",\"position\":2,\"name\":\"Tooted\",\"item\":\"https:\\\/\\\/lahingupood.ee\\\/tooted\\\/\"},{\"@type\":\"ListItem\",\"position\":3,\"name\":\"SPRING 145 Element\"}]},{\"@type\":\"WebSite\",\"@id\":\"https:\\\/\\\/lahingupood.ee\\\/#website\",\"url\":\"https:\\\/\\\/lahingupood.ee\\\/\",\"name\":\"Lahingurada e-pood\",\"description\":\"Airsoft\",\"publisher\":{\"@id\":\"https:\\\/\\\/lahingupood.ee\\\/#organization\"},\"potentialAction\":[{\"@type\":\"SearchAction\",\"target\":{\"@type\":\"EntryPoint\",\"urlTemplate\":\"https:\\\/\\\/lahingupood.ee\\\/?s={search_term_string}\"},\"query-input\":{\"@type\":\"PropertyValueSpecification\",\"valueRequired\":true,\"valueName\":\"search_term_string\"}}],\"inLanguage\":\"en-GB\"},{\"@type\":\"Organization\",\"@id\":\"https:\\\/\\\/lahingupood.ee\\\/#organization\",\"name\":\"Lahingurada\",\"url\":\"https:\\\/\\\/lahingupood.ee\\\/\",\"logo\":{\"@type\":\"ImageObject\",\"inLanguage\":\"en-GB\",\"@id\":\"https:\\\/\\\/lahingupood.ee\\\/#\\\/schema\\\/logo\\\/image\\\/\",\"url\":\"https:\\\/\\\/lahingupood.ee\\\/wp-content\\\/uploads\\\/2022\\\/03\\\/lahingurada-220318.jpg\",\"contentUrl\":\"https:\\\/\\\/lahingupood.ee\\\/wp-content\\\/uploads\\\/2022\\\/03\\\/lahingurada-220318.jpg\",\"width\":800,\"height\":500,\"caption\":\"Lahingurada\"},\"image\":{\"@id\":\"https:\\\/\\\/lahingupood.ee\\\/#\\\/schema\\\/logo\\\/image\\\/\"},\"sameAs\":[\"https:\\\/\\\/www.facebook.com\\\/Lahingurada-629940247212967\"]}]}<\/script>\n<!-- \/ Yoast SEO Premium plugin. -->","yoast_head_json":{"title":"SPRING 145 Element \u2013 v\u00f5imas AEG vedru j\u00f5udluse t\u00f5stmiseks","description":"SPRING 145 Element on tugev AEG airsoft vedru, mis t\u00f5stab relva Joule\u2019i taset ja parandab laskeulatust. Sobib upgrade\u2019iks ja DMR seadistusteks.","robots":{"index":"index","follow":"follow","max-snippet":"max-snippet:-1","max-image-preview":"max-image-preview:large","max-video-preview":"max-video-preview:-1"},"canonical":"https:\/\/lahingupood.ee\/en\/product\/spring-145-element\/","og_locale":"en_GB","og_type":"article","og_title":"SPRING 145 Element","og_description":"SPRING 145 Element on tugev AEG airsoft vedru, mis t\u00f5stab relva Joule\u2019i taset ja parandab laskeulatust. Sobib upgrade\u2019iks ja DMR seadistusteks.","og_url":"https:\/\/lahingupood.ee\/en\/product\/spring-145-element\/","og_site_name":"Lahingurada e-pood","article_publisher":"https:\/\/www.facebook.com\/Lahingurada-629940247212967","article_modified_time":"2026-05-02T16:45:06+00:00","og_image":[{"width":600,"height":600,"url":"https:\/\/lahingupood.ee\/wp-content\/uploads\/2024\/10\/element-spring-145-st-el-in0103.jpg","type":"image\/jpeg"}],"twitter_card":"summary_large_image","twitter_misc":{"Estimated reading time":"1 minute"},"schema":{"@context":"https:\/\/schema.org","@graph":[{"@type":"WebPage","@id":"https:\/\/lahingupood.ee\/toode\/spring-145-element\/","url":"https:\/\/lahingupood.ee\/toode\/spring-145-element\/","name":"SPRING 145 Element \u2013 v\u00f5imas AEG vedru j\u00f5udluse t\u00f5stmiseks","isPartOf":{"@id":"https:\/\/lahingupood.ee\/#website"},"primaryImageOfPage":{"@id":"https:\/\/lahingupood.ee\/toode\/spring-145-element\/#primaryimage"},"image":{"@id":"https:\/\/lahingupood.ee\/toode\/spring-145-element\/#primaryimage"},"thumbnailUrl":"https:\/\/lahingupood.ee\/wp-content\/uploads\/2024\/10\/element-spring-145-st-el-in0103.jpg","datePublished":"2024-10-05T06:54:39+00:00","dateModified":"2026-05-02T16:45:06+00:00","description":"SPRING 145 Element on tugev AEG airsoft vedru, mis t\u00f5stab relva Joule\u2019i taset ja parandab laskeulatust. Sobib upgrade\u2019iks ja DMR seadistusteks.","breadcrumb":{"@id":"https:\/\/lahingupood.ee\/toode\/spring-145-element\/#breadcrumb"},"inLanguage":"en-GB","potentialAction":[{"@type":"ReadAction","target":["https:\/\/lahingupood.ee\/toode\/spring-145-element\/"]}]},{"@type":"ImageObject","inLanguage":"en-GB","@id":"https:\/\/lahingupood.ee\/toode\/spring-145-element\/#primaryimage","url":"https:\/\/lahingupood.ee\/wp-content\/uploads\/2024\/10\/element-spring-145-st-el-in0103.jpg","contentUrl":"https:\/\/lahingupood.ee\/wp-content\/uploads\/2024\/10\/element-spring-145-st-el-in0103.jpg","width":600,"height":600,"caption":"SPRING 145 Element \u2013 tugev AEG vedru, mis suurendab relva Joule\u2019i ja parandab laskeulatust ning t\u00e4psust."},{"@type":"BreadcrumbList","@id":"https:\/\/lahingupood.ee\/toode\/spring-145-element\/#breadcrumb","itemListElement":[{"@type":"ListItem","position":1,"name":"Home","item":"https:\/\/lahingupood.ee\/"},{"@type":"ListItem","position":2,"name":"Tooted","item":"https:\/\/lahingupood.ee\/tooted\/"},{"@type":"ListItem","position":3,"name":"SPRING 145 Element"}]},{"@type":"WebSite","@id":"https:\/\/lahingupood.ee\/#website","url":"https:\/\/lahingupood.ee\/","name":"Lahingurada e-pood","description":"Airsoft","publisher":{"@id":"https:\/\/lahingupood.ee\/#organization"},"potentialAction":[{"@type":"SearchAction","target":{"@type":"EntryPoint","urlTemplate":"https:\/\/lahingupood.ee\/?s={search_term_string}"},"query-input":{"@type":"PropertyValueSpecification","valueRequired":true,"valueName":"search_term_string"}}],"inLanguage":"en-GB"},{"@type":"Organization","@id":"https:\/\/lahingupood.ee\/#organization","name":"Lahingurada","url":"https:\/\/lahingupood.ee\/","logo":{"@type":"ImageObject","inLanguage":"en-GB","@id":"https:\/\/lahingupood.ee\/#\/schema\/logo\/image\/","url":"https:\/\/lahingupood.ee\/wp-content\/uploads\/2022\/03\/lahingurada-220318.jpg","contentUrl":"https:\/\/lahingupood.ee\/wp-content\/uploads\/2022\/03\/lahingurada-220318.jpg","width":800,"height":500,"caption":"Lahingurada"},"image":{"@id":"https:\/\/lahingupood.ee\/#\/schema\/logo\/image\/"},"sameAs":["https:\/\/www.facebook.com\/Lahingurada-629940247212967"]}]}},"_links":{"self":[{"href":"https:\/\/lahingupood.ee\/en\/wp-json\/wp\/v2\/product\/5448","targetHints":{"allow":["GET"]}}],"collection":[{"href":"https:\/\/lahingupood.ee\/en\/wp-json\/wp\/v2\/product"}],"about":[{"href":"https:\/\/lahingupood.ee\/en\/wp-json\/wp\/v2\/types\/product"}],"wp:featuredmedia":[{"embeddable":true,"href":"https:\/\/lahingupood.ee\/en\/wp-json\/wp\/v2\/media\/5423"}],"wp:attachment":[{"href":"https:\/\/lahingupood.ee\/en\/wp-json\/wp\/v2\/media?parent=5448"}],"wp:term":[{"taxonomy":"product_brand","embeddable":true,"href":"https:\/\/lahingupood.ee\/en\/wp-json\/wp\/v2\/product_brand?post=5448"},{"taxonomy":"product_cat","embeddable":true,"href":"https:\/\/lahingupood.ee\/en\/wp-json\/wp\/v2\/product_cat?post=5448"},{"taxonomy":"product_tag","embeddable":true,"href":"https:\/\/lahingupood.ee\/en\/wp-json\/wp\/v2\/product_tag?post=5448"}],"curies":[{"name":"wp","href":"https:\/\/api.w.org\/{rel}","templated":true}]}}