{"id":5447,"date":"2024-10-05T09:50:07","date_gmt":"2024-10-05T06:50:07","guid":{"rendered":"https:\/\/lahingupood.ee\/?post_type=product&#038;p=5447"},"modified":"2026-04-12T20:30:06","modified_gmt":"2026-04-12T17:30:06","slug":"delta-charger-with-integrated-balancer","status":"publish","type":"product","link":"https:\/\/lahingupood.ee\/en\/product\/delta-charger-with-integrated-balancer\/","title":{"rendered":"Delta Charger with Integrated Balancer"},"content":{"rendered":"<p>Delta Charger with Integrated Balancer<\/p>\n<p>Spetsiaalne mikroprotsessoriga laadija LCD-ekraaniga. Laadijal on kiire laadimise funktsioon erinevat t\u00fc\u00fcpi akude jaoks ning see on varustatud akubalansseerijaga, mis v\u00f5imaldab t\u00e4psemat liitiumakude laadimist. Laadija sisaldab k\u00f5rgelt efektiivset mikroprotsessorit ja spetsiaalset tarkvara.<\/p>\n<p>Delta laadija \u00fchildub enamiku turul saadaolevate akudega, sealhulgas liitium-pol\u00fcmeer (Li-Po), liitium-ioon (Li-Ion) ja liitium-raud (LiFe) akudega. Lisaks \u00fchilduvusele pakub laadija ka turvalisust \u2013 automaatne tarkvara teavitab kasutajat igasugustest probleemidest. Samuti on laadija varustatud sisemise, s\u00f5ltumatu liitiumakude balansseerijaga, mis ei vaja eraldi \u00fchendust.<\/p>\n<p><strong>T\u00c4HELEPANU!<\/strong> Toode ei sisalda Tamiya adapterit!<\/p>\n<p><strong>Komplekti kuulub:<\/strong><\/p>\n<ul>\n<li>toitekaabel ~230V, 50 Hz<\/li>\n<li>toitekaabel 12VDC krokodilliklambri \u00fchendustega<\/li>\n<li>2x Dean kaabel<\/li>\n<li>Dean &#8211; Tamiya v\u00e4ike kaabel<\/li>\n<li>Dean &#8211; krokodilliklambri kaabel<\/li>\n<li>Dean &#8211; Futaba kaabel<\/li>\n<li>Dean &#8211; 1,5 akukaabel<\/li>\n<\/ul>","protected":false},"excerpt":{"rendered":"<p>Delta Charger with Integrated Balancer Spetsiaalne mikroprotsessoriga laadija LCD-ekraaniga. Laadijal on kiire laadimise funktsioon erinevat t\u00fc\u00fcpi akude jaoks ning see on varustatud akubalansseerijaga, mis v\u00f5imaldab t\u00e4psemat liitiumakude laadimist. Laadija sisaldab k\u00f5rgelt efektiivset mikroprotsessorit ja spetsiaalset tarkvara. Delta laadija \u00fchildub enamiku turul saadaolevate akudega, sealhulgas liitium-pol\u00fcmeer (Li-Po), liitium-ioon (Li-Ion) ja liitium-raud (LiFe) akudega. Lisaks \u00fchilduvusele pakub [&#8230;]\n","protected":false},"featured_media":5402,"template":"","meta":[],"product_brand":[],"product_cat":[47],"product_tag":[],"class_list":{"0":"post-5447","1":"product","2":"type-product","3":"status-publish","4":"has-post-thumbnail","6":"product_cat-akulaadijad","8":"first","9":"instock","10":"taxable","11":"shipping-taxable","12":"purchasable","13":"product-type-simple"},"yoast_head":"<!-- This site is optimized with the Yoast SEO Premium plugin v27.3 (Yoast SEO v27.3) - https:\/\/yoast.com\/product\/yoast-seo-premium-wordpress\/ -->\n<title>Delta Charger with Integrated Balancer - Lahingurada e-pood<\/title>\n<meta name=\"description\" content=\"Spetsiaalne mikroprotsessoriga laadija LCD-ekraaniga. Laadijal on kiire laadimise funktsioon erinevat t\u00fc\u00fcpi akude jaoks ning see on varustatud akubalansseer\" \/>\n<meta name=\"robots\" content=\"index, follow, max-snippet:-1, max-image-preview:large, max-video-preview:-1\" \/>\n<link rel=\"canonical\" href=\"https:\/\/lahingupood.ee\/en\/product\/delta-charger-with-integrated-balancer\/\" \/>\n<meta property=\"og:locale\" content=\"en_GB\" \/>\n<meta property=\"og:type\" content=\"article\" \/>\n<meta property=\"og:title\" content=\"Delta Charger with Integrated Balancer\" \/>\n<meta property=\"og:description\" content=\"Spetsiaalne mikroprotsessoriga laadija LCD-ekraaniga. Laadijal on kiire laadimise funktsioon erinevat t\u00fc\u00fcpi akude jaoks ning see on varustatud akubalansseer\" \/>\n<meta property=\"og:url\" content=\"https:\/\/lahingupood.ee\/en\/product\/delta-charger-with-integrated-balancer\/\" \/>\n<meta property=\"og:site_name\" content=\"Lahingurada e-pood\" \/>\n<meta property=\"article:publisher\" content=\"https:\/\/www.facebook.com\/Lahingurada-629940247212967\" \/>\n<meta property=\"article:modified_time\" content=\"2026-04-12T17:30:06+00:00\" \/>\n<meta property=\"og:image\" content=\"https:\/\/lahingupood.ee\/wp-content\/uploads\/2024\/10\/1152211535_1.webp\" \/>\n\t<meta property=\"og:image:width\" content=\"800\" \/>\n\t<meta property=\"og:image:height\" content=\"533\" \/>\n\t<meta property=\"og:image:type\" content=\"image\/webp\" \/>\n<meta name=\"twitter:card\" content=\"summary_large_image\" \/>\n<meta name=\"twitter:label1\" content=\"Estimated reading time\" \/>\n\t<meta name=\"twitter:data1\" content=\"1 minute\" \/>\n<script type=\"application\/ld+json\" class=\"yoast-schema-graph\">{\"@context\":\"https:\\\/\\\/schema.org\",\"@graph\":[{\"@type\":\"WebPage\",\"@id\":\"https:\\\/\\\/lahingupood.ee\\\/toode\\\/delta-charger-with-integrated-balancer\\\/\",\"url\":\"https:\\\/\\\/lahingupood.ee\\\/toode\\\/delta-charger-with-integrated-balancer\\\/\",\"name\":\"Delta Charger with Integrated Balancer - Lahingurada e-pood\",\"isPartOf\":{\"@id\":\"https:\\\/\\\/lahingupood.ee\\\/#website\"},\"primaryImageOfPage\":{\"@id\":\"https:\\\/\\\/lahingupood.ee\\\/toode\\\/delta-charger-with-integrated-balancer\\\/#primaryimage\"},\"image\":{\"@id\":\"https:\\\/\\\/lahingupood.ee\\\/toode\\\/delta-charger-with-integrated-balancer\\\/#primaryimage\"},\"thumbnailUrl\":\"https:\\\/\\\/lahingupood.ee\\\/wp-content\\\/uploads\\\/2024\\\/10\\\/1152211535_1.webp\",\"datePublished\":\"2024-10-05T06:50:07+00:00\",\"dateModified\":\"2026-04-12T17:30:06+00:00\",\"description\":\"Spetsiaalne mikroprotsessoriga laadija LCD-ekraaniga. Laadijal on kiire laadimise funktsioon erinevat t\u00fc\u00fcpi akude jaoks ning see on varustatud akubalansseer\",\"breadcrumb\":{\"@id\":\"https:\\\/\\\/lahingupood.ee\\\/toode\\\/delta-charger-with-integrated-balancer\\\/#breadcrumb\"},\"inLanguage\":\"en-GB\",\"potentialAction\":[{\"@type\":\"ReadAction\",\"target\":[\"https:\\\/\\\/lahingupood.ee\\\/toode\\\/delta-charger-with-integrated-balancer\\\/\"]}]},{\"@type\":\"ImageObject\",\"inLanguage\":\"en-GB\",\"@id\":\"https:\\\/\\\/lahingupood.ee\\\/toode\\\/delta-charger-with-integrated-balancer\\\/#primaryimage\",\"url\":\"https:\\\/\\\/lahingupood.ee\\\/wp-content\\\/uploads\\\/2024\\\/10\\\/1152211535_1.webp\",\"contentUrl\":\"https:\\\/\\\/lahingupood.ee\\\/wp-content\\\/uploads\\\/2024\\\/10\\\/1152211535_1.webp\",\"width\":800,\"height\":533},{\"@type\":\"BreadcrumbList\",\"@id\":\"https:\\\/\\\/lahingupood.ee\\\/toode\\\/delta-charger-with-integrated-balancer\\\/#breadcrumb\",\"itemListElement\":[{\"@type\":\"ListItem\",\"position\":1,\"name\":\"Home\",\"item\":\"https:\\\/\\\/lahingupood.ee\\\/\"},{\"@type\":\"ListItem\",\"position\":2,\"name\":\"Tooted\",\"item\":\"https:\\\/\\\/lahingupood.ee\\\/tooted\\\/\"},{\"@type\":\"ListItem\",\"position\":3,\"name\":\"Delta Charger with Integrated Balancer\"}]},{\"@type\":\"WebSite\",\"@id\":\"https:\\\/\\\/lahingupood.ee\\\/#website\",\"url\":\"https:\\\/\\\/lahingupood.ee\\\/\",\"name\":\"Lahingurada e-pood\",\"description\":\"Airsoft\",\"publisher\":{\"@id\":\"https:\\\/\\\/lahingupood.ee\\\/#organization\"},\"potentialAction\":[{\"@type\":\"SearchAction\",\"target\":{\"@type\":\"EntryPoint\",\"urlTemplate\":\"https:\\\/\\\/lahingupood.ee\\\/?s={search_term_string}\"},\"query-input\":{\"@type\":\"PropertyValueSpecification\",\"valueRequired\":true,\"valueName\":\"search_term_string\"}}],\"inLanguage\":\"en-GB\"},{\"@type\":\"Organization\",\"@id\":\"https:\\\/\\\/lahingupood.ee\\\/#organization\",\"name\":\"Lahingurada\",\"url\":\"https:\\\/\\\/lahingupood.ee\\\/\",\"logo\":{\"@type\":\"ImageObject\",\"inLanguage\":\"en-GB\",\"@id\":\"https:\\\/\\\/lahingupood.ee\\\/#\\\/schema\\\/logo\\\/image\\\/\",\"url\":\"https:\\\/\\\/lahingupood.ee\\\/wp-content\\\/uploads\\\/2022\\\/03\\\/lahingurada-220318.jpg\",\"contentUrl\":\"https:\\\/\\\/lahingupood.ee\\\/wp-content\\\/uploads\\\/2022\\\/03\\\/lahingurada-220318.jpg\",\"width\":800,\"height\":500,\"caption\":\"Lahingurada\"},\"image\":{\"@id\":\"https:\\\/\\\/lahingupood.ee\\\/#\\\/schema\\\/logo\\\/image\\\/\"},\"sameAs\":[\"https:\\\/\\\/www.facebook.com\\\/Lahingurada-629940247212967\"]}]}<\/script>\n<!-- \/ Yoast SEO Premium plugin. -->","yoast_head_json":{"title":"Delta Charger with Integrated Balancer - Lahingurada e-pood","description":"Spetsiaalne mikroprotsessoriga laadija LCD-ekraaniga. Laadijal on kiire laadimise funktsioon erinevat t\u00fc\u00fcpi akude jaoks ning see on varustatud akubalansseer","robots":{"index":"index","follow":"follow","max-snippet":"max-snippet:-1","max-image-preview":"max-image-preview:large","max-video-preview":"max-video-preview:-1"},"canonical":"https:\/\/lahingupood.ee\/en\/product\/delta-charger-with-integrated-balancer\/","og_locale":"en_GB","og_type":"article","og_title":"Delta Charger with Integrated Balancer","og_description":"Spetsiaalne mikroprotsessoriga laadija LCD-ekraaniga. Laadijal on kiire laadimise funktsioon erinevat t\u00fc\u00fcpi akude jaoks ning see on varustatud akubalansseer","og_url":"https:\/\/lahingupood.ee\/en\/product\/delta-charger-with-integrated-balancer\/","og_site_name":"Lahingurada e-pood","article_publisher":"https:\/\/www.facebook.com\/Lahingurada-629940247212967","article_modified_time":"2026-04-12T17:30:06+00:00","og_image":[{"width":800,"height":533,"url":"https:\/\/lahingupood.ee\/wp-content\/uploads\/2024\/10\/1152211535_1.webp","type":"image\/webp"}],"twitter_card":"summary_large_image","twitter_misc":{"Estimated reading time":"1 minute"},"schema":{"@context":"https:\/\/schema.org","@graph":[{"@type":"WebPage","@id":"https:\/\/lahingupood.ee\/toode\/delta-charger-with-integrated-balancer\/","url":"https:\/\/lahingupood.ee\/toode\/delta-charger-with-integrated-balancer\/","name":"Delta Charger with Integrated Balancer - Lahingurada e-pood","isPartOf":{"@id":"https:\/\/lahingupood.ee\/#website"},"primaryImageOfPage":{"@id":"https:\/\/lahingupood.ee\/toode\/delta-charger-with-integrated-balancer\/#primaryimage"},"image":{"@id":"https:\/\/lahingupood.ee\/toode\/delta-charger-with-integrated-balancer\/#primaryimage"},"thumbnailUrl":"https:\/\/lahingupood.ee\/wp-content\/uploads\/2024\/10\/1152211535_1.webp","datePublished":"2024-10-05T06:50:07+00:00","dateModified":"2026-04-12T17:30:06+00:00","description":"Spetsiaalne mikroprotsessoriga laadija LCD-ekraaniga. Laadijal on kiire laadimise funktsioon erinevat t\u00fc\u00fcpi akude jaoks ning see on varustatud akubalansseer","breadcrumb":{"@id":"https:\/\/lahingupood.ee\/toode\/delta-charger-with-integrated-balancer\/#breadcrumb"},"inLanguage":"en-GB","potentialAction":[{"@type":"ReadAction","target":["https:\/\/lahingupood.ee\/toode\/delta-charger-with-integrated-balancer\/"]}]},{"@type":"ImageObject","inLanguage":"en-GB","@id":"https:\/\/lahingupood.ee\/toode\/delta-charger-with-integrated-balancer\/#primaryimage","url":"https:\/\/lahingupood.ee\/wp-content\/uploads\/2024\/10\/1152211535_1.webp","contentUrl":"https:\/\/lahingupood.ee\/wp-content\/uploads\/2024\/10\/1152211535_1.webp","width":800,"height":533},{"@type":"BreadcrumbList","@id":"https:\/\/lahingupood.ee\/toode\/delta-charger-with-integrated-balancer\/#breadcrumb","itemListElement":[{"@type":"ListItem","position":1,"name":"Home","item":"https:\/\/lahingupood.ee\/"},{"@type":"ListItem","position":2,"name":"Tooted","item":"https:\/\/lahingupood.ee\/tooted\/"},{"@type":"ListItem","position":3,"name":"Delta Charger with Integrated Balancer"}]},{"@type":"WebSite","@id":"https:\/\/lahingupood.ee\/#website","url":"https:\/\/lahingupood.ee\/","name":"Lahingurada e-pood","description":"Airsoft","publisher":{"@id":"https:\/\/lahingupood.ee\/#organization"},"potentialAction":[{"@type":"SearchAction","target":{"@type":"EntryPoint","urlTemplate":"https:\/\/lahingupood.ee\/?s={search_term_string}"},"query-input":{"@type":"PropertyValueSpecification","valueRequired":true,"valueName":"search_term_string"}}],"inLanguage":"en-GB"},{"@type":"Organization","@id":"https:\/\/lahingupood.ee\/#organization","name":"Lahingurada","url":"https:\/\/lahingupood.ee\/","logo":{"@type":"ImageObject","inLanguage":"en-GB","@id":"https:\/\/lahingupood.ee\/#\/schema\/logo\/image\/","url":"https:\/\/lahingupood.ee\/wp-content\/uploads\/2022\/03\/lahingurada-220318.jpg","contentUrl":"https:\/\/lahingupood.ee\/wp-content\/uploads\/2022\/03\/lahingurada-220318.jpg","width":800,"height":500,"caption":"Lahingurada"},"image":{"@id":"https:\/\/lahingupood.ee\/#\/schema\/logo\/image\/"},"sameAs":["https:\/\/www.facebook.com\/Lahingurada-629940247212967"]}]}},"_links":{"self":[{"href":"https:\/\/lahingupood.ee\/en\/wp-json\/wp\/v2\/product\/5447","targetHints":{"allow":["GET"]}}],"collection":[{"href":"https:\/\/lahingupood.ee\/en\/wp-json\/wp\/v2\/product"}],"about":[{"href":"https:\/\/lahingupood.ee\/en\/wp-json\/wp\/v2\/types\/product"}],"wp:featuredmedia":[{"embeddable":true,"href":"https:\/\/lahingupood.ee\/en\/wp-json\/wp\/v2\/media\/5402"}],"wp:attachment":[{"href":"https:\/\/lahingupood.ee\/en\/wp-json\/wp\/v2\/media?parent=5447"}],"wp:term":[{"taxonomy":"product_brand","embeddable":true,"href":"https:\/\/lahingupood.ee\/en\/wp-json\/wp\/v2\/product_brand?post=5447"},{"taxonomy":"product_cat","embeddable":true,"href":"https:\/\/lahingupood.ee\/en\/wp-json\/wp\/v2\/product_cat?post=5447"},{"taxonomy":"product_tag","embeddable":true,"href":"https:\/\/lahingupood.ee\/en\/wp-json\/wp\/v2\/product_tag?post=5447"}],"curies":[{"name":"wp","href":"https:\/\/api.w.org\/{rel}","templated":true}]}}