{"id":5443,"date":"2024-10-05T09:34:06","date_gmt":"2024-10-05T06:34:06","guid":{"rendered":"https:\/\/lahingupood.ee\/?post_type=product&#038;p=5443"},"modified":"2026-05-02T19:45:05","modified_gmt":"2026-05-02T16:45:05","slug":"angled-grip-for-20mm-rails-black","status":"publish","type":"product","link":"https:\/\/lahingupood.ee\/en\/product\/angled-grip-for-20mm-rails-black\/","title":{"rendered":"ANGLED GRIP FOR 20mm RAILS BLACK"},"content":{"rendered":"<p>Angled grip 20mm rail black on Picatinny relsile m\u00f5eldud angled grip, mis on praktiline airsofti lisatarvik, mis parandab relva k\u00e4sitsemist ja kontrolli. K\u00e4epide kinnitub standardsele 20mm relsis\u00fcsteemile ning sobib enamikele airsoft relvadele.<\/p>\n<p>Nurga all disain v\u00f5imaldab loomulikumat haaret, mis v\u00e4hendab randme koormust ning parandab relva stabiilsust nii liikumisel kui ka sihtimisel. See teeb relva kasutamise mugavamaks pikematel m\u00e4ngudel ja kiiretes olukordades.<\/p>\n<p>Must v\u00e4rvitoon annab relvale lihtsa ja taktikalise v\u00e4limuse ning sobitub h\u00e4sti erinevate relvas\u00fcsteemidega. K\u00e4epide on kiirelt paigaldatav ja eemaldatav ilma keeruliste t\u00f6\u00f6riistadeta.<\/p>","protected":false},"excerpt":{"rendered":"<p>Angled grip 20mm rail black on Picatinny relsile m\u00f5eldud angled grip, mis on praktiline airsofti lisatarvik, mis parandab relva k\u00e4sitsemist ja kontrolli. K\u00e4epide kinnitub standardsele 20mm relsis\u00fcsteemile ning sobib enamikele airsoft relvadele. Nurga all disain v\u00f5imaldab loomulikumat haaret, mis v\u00e4hendab randme koormust ning parandab relva stabiilsust nii liikumisel kui ka sihtimisel. See teeb relva kasutamise [&#8230;]\n","protected":false},"featured_media":5408,"template":"","meta":[],"product_brand":[],"product_cat":[90],"product_tag":[],"class_list":{"0":"post-5443","1":"product","2":"type-product","3":"status-publish","4":"has-post-thumbnail","6":"product_cat-kaepidemed","8":"first","9":"instock","10":"taxable","11":"shipping-taxable","12":"purchasable","13":"product-type-simple"},"yoast_head":"<!-- This site is optimized with the Yoast SEO Premium plugin v27.5 (Yoast SEO v27.5) - https:\/\/yoast.com\/product\/yoast-seo-premium-wordpress\/ -->\n<title>Angled Grip 20mm Rail Black \u2013 relva k\u00e4epide<\/title>\n<meta name=\"description\" content=\"angled grip 20mm rail black on ergonoomiline eesk\u00e4epide airsoft relvadele. Sobib 20mm RIS\/RAS railidele parema kontrolli jaoks.\" \/>\n<meta name=\"robots\" content=\"index, follow, max-snippet:-1, max-image-preview:large, max-video-preview:-1\" \/>\n<link rel=\"canonical\" href=\"https:\/\/lahingupood.ee\/en\/product\/angled-grip-for-20mm-rails-black\/\" \/>\n<meta property=\"og:locale\" content=\"en_GB\" \/>\n<meta property=\"og:type\" content=\"article\" \/>\n<meta property=\"og:title\" content=\"ANGLED GRIP FOR 20mm RAILS BLACK\" \/>\n<meta property=\"og:description\" content=\"angled grip 20mm rail black on ergonoomiline eesk\u00e4epide airsoft relvadele. Sobib 20mm RIS\/RAS railidele parema kontrolli jaoks.\" \/>\n<meta property=\"og:url\" content=\"https:\/\/lahingupood.ee\/en\/product\/angled-grip-for-20mm-rails-black\/\" \/>\n<meta property=\"og:site_name\" content=\"Lahingurada e-pood\" \/>\n<meta property=\"article:publisher\" content=\"https:\/\/www.facebook.com\/Lahingurada-629940247212967\" \/>\n<meta property=\"article:modified_time\" content=\"2026-05-02T16:45:05+00:00\" \/>\n<meta property=\"og:image\" content=\"https:\/\/lahingupood.ee\/wp-content\/uploads\/2024\/10\/battleaxe-angled-grip-for-20mm-rails-black-464b.jpg\" \/>\n\t<meta property=\"og:image:width\" content=\"1000\" \/>\n\t<meta property=\"og:image:height\" content=\"1000\" \/>\n\t<meta property=\"og:image:type\" content=\"image\/jpeg\" \/>\n<meta name=\"twitter:card\" content=\"summary_large_image\" \/>\n<meta name=\"twitter:label1\" content=\"Estimated reading time\" \/>\n\t<meta name=\"twitter:data1\" content=\"1 minute\" \/>\n<script type=\"application\/ld+json\" class=\"yoast-schema-graph\">{\"@context\":\"https:\\\/\\\/schema.org\",\"@graph\":[{\"@type\":\"WebPage\",\"@id\":\"https:\\\/\\\/lahingupood.ee\\\/toode\\\/angled-grip-for-20mm-rails-black\\\/\",\"url\":\"https:\\\/\\\/lahingupood.ee\\\/toode\\\/angled-grip-for-20mm-rails-black\\\/\",\"name\":\"Angled Grip 20mm Rail Black \u2013 relva k\u00e4epide\",\"isPartOf\":{\"@id\":\"https:\\\/\\\/lahingupood.ee\\\/#website\"},\"primaryImageOfPage\":{\"@id\":\"https:\\\/\\\/lahingupood.ee\\\/toode\\\/angled-grip-for-20mm-rails-black\\\/#primaryimage\"},\"image\":{\"@id\":\"https:\\\/\\\/lahingupood.ee\\\/toode\\\/angled-grip-for-20mm-rails-black\\\/#primaryimage\"},\"thumbnailUrl\":\"https:\\\/\\\/lahingupood.ee\\\/wp-content\\\/uploads\\\/2024\\\/10\\\/battleaxe-angled-grip-for-20mm-rails-black-464b.jpg\",\"datePublished\":\"2024-10-05T06:34:06+00:00\",\"dateModified\":\"2026-05-02T16:45:05+00:00\",\"description\":\"angled grip 20mm rail black on ergonoomiline eesk\u00e4epide airsoft relvadele. Sobib 20mm RIS\\\/RAS railidele parema kontrolli jaoks.\",\"breadcrumb\":{\"@id\":\"https:\\\/\\\/lahingupood.ee\\\/toode\\\/angled-grip-for-20mm-rails-black\\\/#breadcrumb\"},\"inLanguage\":\"en-GB\",\"potentialAction\":[{\"@type\":\"ReadAction\",\"target\":[\"https:\\\/\\\/lahingupood.ee\\\/toode\\\/angled-grip-for-20mm-rails-black\\\/\"]}]},{\"@type\":\"ImageObject\",\"inLanguage\":\"en-GB\",\"@id\":\"https:\\\/\\\/lahingupood.ee\\\/toode\\\/angled-grip-for-20mm-rails-black\\\/#primaryimage\",\"url\":\"https:\\\/\\\/lahingupood.ee\\\/wp-content\\\/uploads\\\/2024\\\/10\\\/battleaxe-angled-grip-for-20mm-rails-black-464b.jpg\",\"contentUrl\":\"https:\\\/\\\/lahingupood.ee\\\/wp-content\\\/uploads\\\/2024\\\/10\\\/battleaxe-angled-grip-for-20mm-rails-black-464b.jpg\",\"width\":1000,\"height\":1000,\"caption\":\"Angled grip 20mm rail black \u2013 ergonoomiline eesk\u00e4epide parema relvakontrolli ja stabiilsuse jaoks.\"},{\"@type\":\"BreadcrumbList\",\"@id\":\"https:\\\/\\\/lahingupood.ee\\\/toode\\\/angled-grip-for-20mm-rails-black\\\/#breadcrumb\",\"itemListElement\":[{\"@type\":\"ListItem\",\"position\":1,\"name\":\"Home\",\"item\":\"https:\\\/\\\/lahingupood.ee\\\/\"},{\"@type\":\"ListItem\",\"position\":2,\"name\":\"Tooted\",\"item\":\"https:\\\/\\\/lahingupood.ee\\\/tooted\\\/\"},{\"@type\":\"ListItem\",\"position\":3,\"name\":\"ANGLED GRIP FOR 20mm RAILS BLACK\"}]},{\"@type\":\"WebSite\",\"@id\":\"https:\\\/\\\/lahingupood.ee\\\/#website\",\"url\":\"https:\\\/\\\/lahingupood.ee\\\/\",\"name\":\"Lahingurada e-pood\",\"description\":\"Airsoft\",\"publisher\":{\"@id\":\"https:\\\/\\\/lahingupood.ee\\\/#organization\"},\"potentialAction\":[{\"@type\":\"SearchAction\",\"target\":{\"@type\":\"EntryPoint\",\"urlTemplate\":\"https:\\\/\\\/lahingupood.ee\\\/?s={search_term_string}\"},\"query-input\":{\"@type\":\"PropertyValueSpecification\",\"valueRequired\":true,\"valueName\":\"search_term_string\"}}],\"inLanguage\":\"en-GB\"},{\"@type\":\"Organization\",\"@id\":\"https:\\\/\\\/lahingupood.ee\\\/#organization\",\"name\":\"Lahingurada\",\"url\":\"https:\\\/\\\/lahingupood.ee\\\/\",\"logo\":{\"@type\":\"ImageObject\",\"inLanguage\":\"en-GB\",\"@id\":\"https:\\\/\\\/lahingupood.ee\\\/#\\\/schema\\\/logo\\\/image\\\/\",\"url\":\"https:\\\/\\\/lahingupood.ee\\\/wp-content\\\/uploads\\\/2022\\\/03\\\/lahingurada-220318.jpg\",\"contentUrl\":\"https:\\\/\\\/lahingupood.ee\\\/wp-content\\\/uploads\\\/2022\\\/03\\\/lahingurada-220318.jpg\",\"width\":800,\"height\":500,\"caption\":\"Lahingurada\"},\"image\":{\"@id\":\"https:\\\/\\\/lahingupood.ee\\\/#\\\/schema\\\/logo\\\/image\\\/\"},\"sameAs\":[\"https:\\\/\\\/www.facebook.com\\\/Lahingurada-629940247212967\"]}]}<\/script>\n<!-- \/ Yoast SEO Premium plugin. -->","yoast_head_json":{"title":"Angled Grip 20mm Rail Black \u2013 relva k\u00e4epide","description":"angled grip 20mm rail black on ergonoomiline eesk\u00e4epide airsoft relvadele. Sobib 20mm RIS\/RAS railidele parema kontrolli jaoks.","robots":{"index":"index","follow":"follow","max-snippet":"max-snippet:-1","max-image-preview":"max-image-preview:large","max-video-preview":"max-video-preview:-1"},"canonical":"https:\/\/lahingupood.ee\/en\/product\/angled-grip-for-20mm-rails-black\/","og_locale":"en_GB","og_type":"article","og_title":"ANGLED GRIP FOR 20mm RAILS BLACK","og_description":"angled grip 20mm rail black on ergonoomiline eesk\u00e4epide airsoft relvadele. Sobib 20mm RIS\/RAS railidele parema kontrolli jaoks.","og_url":"https:\/\/lahingupood.ee\/en\/product\/angled-grip-for-20mm-rails-black\/","og_site_name":"Lahingurada e-pood","article_publisher":"https:\/\/www.facebook.com\/Lahingurada-629940247212967","article_modified_time":"2026-05-02T16:45:05+00:00","og_image":[{"width":1000,"height":1000,"url":"https:\/\/lahingupood.ee\/wp-content\/uploads\/2024\/10\/battleaxe-angled-grip-for-20mm-rails-black-464b.jpg","type":"image\/jpeg"}],"twitter_card":"summary_large_image","twitter_misc":{"Estimated reading time":"1 minute"},"schema":{"@context":"https:\/\/schema.org","@graph":[{"@type":"WebPage","@id":"https:\/\/lahingupood.ee\/toode\/angled-grip-for-20mm-rails-black\/","url":"https:\/\/lahingupood.ee\/toode\/angled-grip-for-20mm-rails-black\/","name":"Angled Grip 20mm Rail Black \u2013 relva k\u00e4epide","isPartOf":{"@id":"https:\/\/lahingupood.ee\/#website"},"primaryImageOfPage":{"@id":"https:\/\/lahingupood.ee\/toode\/angled-grip-for-20mm-rails-black\/#primaryimage"},"image":{"@id":"https:\/\/lahingupood.ee\/toode\/angled-grip-for-20mm-rails-black\/#primaryimage"},"thumbnailUrl":"https:\/\/lahingupood.ee\/wp-content\/uploads\/2024\/10\/battleaxe-angled-grip-for-20mm-rails-black-464b.jpg","datePublished":"2024-10-05T06:34:06+00:00","dateModified":"2026-05-02T16:45:05+00:00","description":"angled grip 20mm rail black on ergonoomiline eesk\u00e4epide airsoft relvadele. Sobib 20mm RIS\/RAS railidele parema kontrolli jaoks.","breadcrumb":{"@id":"https:\/\/lahingupood.ee\/toode\/angled-grip-for-20mm-rails-black\/#breadcrumb"},"inLanguage":"en-GB","potentialAction":[{"@type":"ReadAction","target":["https:\/\/lahingupood.ee\/toode\/angled-grip-for-20mm-rails-black\/"]}]},{"@type":"ImageObject","inLanguage":"en-GB","@id":"https:\/\/lahingupood.ee\/toode\/angled-grip-for-20mm-rails-black\/#primaryimage","url":"https:\/\/lahingupood.ee\/wp-content\/uploads\/2024\/10\/battleaxe-angled-grip-for-20mm-rails-black-464b.jpg","contentUrl":"https:\/\/lahingupood.ee\/wp-content\/uploads\/2024\/10\/battleaxe-angled-grip-for-20mm-rails-black-464b.jpg","width":1000,"height":1000,"caption":"Angled grip 20mm rail black \u2013 ergonoomiline eesk\u00e4epide parema relvakontrolli ja stabiilsuse jaoks."},{"@type":"BreadcrumbList","@id":"https:\/\/lahingupood.ee\/toode\/angled-grip-for-20mm-rails-black\/#breadcrumb","itemListElement":[{"@type":"ListItem","position":1,"name":"Home","item":"https:\/\/lahingupood.ee\/"},{"@type":"ListItem","position":2,"name":"Tooted","item":"https:\/\/lahingupood.ee\/tooted\/"},{"@type":"ListItem","position":3,"name":"ANGLED GRIP FOR 20mm RAILS BLACK"}]},{"@type":"WebSite","@id":"https:\/\/lahingupood.ee\/#website","url":"https:\/\/lahingupood.ee\/","name":"Lahingurada e-pood","description":"Airsoft","publisher":{"@id":"https:\/\/lahingupood.ee\/#organization"},"potentialAction":[{"@type":"SearchAction","target":{"@type":"EntryPoint","urlTemplate":"https:\/\/lahingupood.ee\/?s={search_term_string}"},"query-input":{"@type":"PropertyValueSpecification","valueRequired":true,"valueName":"search_term_string"}}],"inLanguage":"en-GB"},{"@type":"Organization","@id":"https:\/\/lahingupood.ee\/#organization","name":"Lahingurada","url":"https:\/\/lahingupood.ee\/","logo":{"@type":"ImageObject","inLanguage":"en-GB","@id":"https:\/\/lahingupood.ee\/#\/schema\/logo\/image\/","url":"https:\/\/lahingupood.ee\/wp-content\/uploads\/2022\/03\/lahingurada-220318.jpg","contentUrl":"https:\/\/lahingupood.ee\/wp-content\/uploads\/2022\/03\/lahingurada-220318.jpg","width":800,"height":500,"caption":"Lahingurada"},"image":{"@id":"https:\/\/lahingupood.ee\/#\/schema\/logo\/image\/"},"sameAs":["https:\/\/www.facebook.com\/Lahingurada-629940247212967"]}]}},"_links":{"self":[{"href":"https:\/\/lahingupood.ee\/en\/wp-json\/wp\/v2\/product\/5443","targetHints":{"allow":["GET"]}}],"collection":[{"href":"https:\/\/lahingupood.ee\/en\/wp-json\/wp\/v2\/product"}],"about":[{"href":"https:\/\/lahingupood.ee\/en\/wp-json\/wp\/v2\/types\/product"}],"wp:featuredmedia":[{"embeddable":true,"href":"https:\/\/lahingupood.ee\/en\/wp-json\/wp\/v2\/media\/5408"}],"wp:attachment":[{"href":"https:\/\/lahingupood.ee\/en\/wp-json\/wp\/v2\/media?parent=5443"}],"wp:term":[{"taxonomy":"product_brand","embeddable":true,"href":"https:\/\/lahingupood.ee\/en\/wp-json\/wp\/v2\/product_brand?post=5443"},{"taxonomy":"product_cat","embeddable":true,"href":"https:\/\/lahingupood.ee\/en\/wp-json\/wp\/v2\/product_cat?post=5443"},{"taxonomy":"product_tag","embeddable":true,"href":"https:\/\/lahingupood.ee\/en\/wp-json\/wp\/v2\/product_tag?post=5443"}],"curies":[{"name":"wp","href":"https:\/\/api.w.org\/{rel}","templated":true}]}}