{"id":5441,"date":"2024-10-05T09:24:21","date_gmt":"2024-10-05T06:24:21","guid":{"rendered":"https:\/\/lahingupood.ee\/?post_type=product&#038;p=5441"},"modified":"2026-04-30T10:15:04","modified_gmt":"2026-04-30T07:15:04","slug":"aluminum-cnc-gearbox-shell-v2-specna-arms-by-mancrafttm","status":"publish","type":"product","link":"https:\/\/lahingupood.ee\/en\/product\/aluminum-cnc-gearbox-shell-v2-specna-arms-by-mancrafttm\/","title":{"rendered":"Aluminum CNC gearbox shell V2 &#8211; Specna Arms by MancraftTM"},"content":{"rendered":"<p>Aluminum CNC gearbox shell V2 &#8211; Specna Arms by MancraftTM<\/p>\n<p>Gearbox on toodetud koost\u00f6\u00f6s Poola airsofti tarvikute tootjaga Mancraft, kes on tuntud oma kvaliteetse k\u00e4sit\u00f6\u00f6, materjalide ja uuenduslike lahenduste poolest. V2 gearbox on valmistatud CNC-t\u00f6\u00f6deldud 7075 alumiiniumist. See on \u00fcks vastupidavamaid disaine, mis on saadaval airsofti turul. Raam \u00fchildub 8 mm laagripuksidega, mis v\u00f5imaldavad paigaldada tugevaid vedrusid ning v\u00e4hendavad veeremistakistust, parandades seel\u00e4bi gearboxi j\u00f5udlust. Sellel raami versioonil on kiirvedru vahetamise s\u00fcsteem, mis v\u00f5imaldab vedru vahetada ilma gearboxi avamata.<\/p>\n<p>Komplekt sisaldab:<\/p>\n<ul>\n<li>Komplekt tihvte<\/li>\n<li>Komplekt v\u00e4liseid gearboxi kruvisid<\/li>\n<li>Komplekt p\u00e4\u00e4stiku kruvisid<\/li>\n<\/ul>","protected":false},"excerpt":{"rendered":"<p>Aluminum CNC gearbox shell V2 &#8211; Specna Arms by MancraftTM Gearbox on toodetud koost\u00f6\u00f6s Poola airsofti tarvikute tootjaga Mancraft, kes on tuntud oma kvaliteetse k\u00e4sit\u00f6\u00f6, materjalide ja uuenduslike lahenduste poolest. V2 gearbox on valmistatud CNC-t\u00f6\u00f6deldud 7075 alumiiniumist. See on \u00fcks vastupidavamaid disaine, mis on saadaval airsofti turul. Raam \u00fchildub 8 mm laagripuksidega, mis v\u00f5imaldavad paigaldada [&#8230;]\n","protected":false},"featured_media":5394,"template":"","meta":[],"product_brand":[],"product_cat":[73],"product_tag":[],"class_list":{"0":"post-5441","1":"product","2":"type-product","3":"status-publish","4":"has-post-thumbnail","6":"product_cat-gearbox","8":"first","9":"instock","10":"taxable","11":"shipping-taxable","12":"purchasable","13":"product-type-simple"},"_links":{"self":[{"href":"https:\/\/lahingupood.ee\/en\/wp-json\/wp\/v2\/product\/5441","targetHints":{"allow":["GET"]}}],"collection":[{"href":"https:\/\/lahingupood.ee\/en\/wp-json\/wp\/v2\/product"}],"about":[{"href":"https:\/\/lahingupood.ee\/en\/wp-json\/wp\/v2\/types\/product"}],"wp:featuredmedia":[{"embeddable":true,"href":"https:\/\/lahingupood.ee\/en\/wp-json\/wp\/v2\/media\/5394"}],"wp:attachment":[{"href":"https:\/\/lahingupood.ee\/en\/wp-json\/wp\/v2\/media?parent=5441"}],"wp:term":[{"taxonomy":"product_brand","embeddable":true,"href":"https:\/\/lahingupood.ee\/en\/wp-json\/wp\/v2\/product_brand?post=5441"},{"taxonomy":"product_cat","embeddable":true,"href":"https:\/\/lahingupood.ee\/en\/wp-json\/wp\/v2\/product_cat?post=5441"},{"taxonomy":"product_tag","embeddable":true,"href":"https:\/\/lahingupood.ee\/en\/wp-json\/wp\/v2\/product_tag?post=5441"}],"curies":[{"name":"wp","href":"https:\/\/api.w.org\/{rel}","templated":true}]}}