{"id":541,"date":"2022-03-29T14:33:08","date_gmt":"2022-03-29T11:33:08","guid":{"rendered":"https:\/\/lahingupood.ee\/?post_type=product&#038;p=541"},"modified":"2026-04-12T20:30:05","modified_gmt":"2026-04-12T17:30:05","slug":"m249-ammobox-1500bb","status":"publish","type":"product","link":"https:\/\/lahingupood.ee\/en\/product\/m249-ammobox-1500bb\/","title":{"rendered":"M249 Ammobox 1500bb"},"content":{"rendered":"<p>M249 Ammobox 1500bb.<\/p>\n<p>S\u00f6\u00f6tmiseks on kaks v\u00f5imalust. Pidev, vasjutades nupule ja hoides seda v\u00f5i l\u00e4bi h\u00e4\u00e4leanduri, mis k\u00e4ivitab kerimismehhanismi kui relv laseb.<\/p>\n<p><a href=\"https:\/\/lahingupood.ee\/en\/product\/fn-minimi-m249-para\/\">LAHINGURADA SOOVITAB<\/a><\/p>","protected":false},"excerpt":{"rendered":"<p>Elektriliselt juhitav moonakast.Juhtimine v\u00f5imalik h\u00e4\u00e4leanduriga ja juhtmega nupust.<\/p>","protected":false},"featured_media":542,"template":"","meta":[],"product_brand":[],"product_cat":[87],"product_tag":[],"class_list":{"0":"post-541","1":"product","2":"type-product","3":"status-publish","4":"has-post-thumbnail","6":"product_cat-aeg-salved","8":"first","9":"outofstock","10":"taxable","11":"shipping-taxable","12":"purchasable","13":"product-type-simple"},"yoast_head":"<!-- This site is optimized with the Yoast SEO Premium plugin v27.3 (Yoast SEO v27.3) - https:\/\/yoast.com\/product\/yoast-seo-premium-wordpress\/ -->\n<title>M249 Ammobox 1500bb - Lahingurada e-pood<\/title>\n<meta name=\"description\" content=\"M249 Ammobox 1500bb S\u00f6\u00f6tmiseks on kaks v\u00f5imalust. Pidev, vasjutades nupule ja hoides seda v\u00f5i l\u00e4bi h\u00e4\u00e4leanduri\" \/>\n<meta name=\"robots\" content=\"index, follow, max-snippet:-1, max-image-preview:large, max-video-preview:-1\" \/>\n<link rel=\"canonical\" href=\"https:\/\/lahingupood.ee\/en\/product\/m249-ammobox-1500bb\/\" \/>\n<meta property=\"og:locale\" content=\"en_GB\" \/>\n<meta property=\"og:type\" content=\"article\" \/>\n<meta property=\"og:title\" content=\"M249 Ammobox 1500bb\" \/>\n<meta property=\"og:description\" content=\"M249 Ammobox 1500bb S\u00f6\u00f6tmiseks on kaks v\u00f5imalust. Pidev, vasjutades nupule ja hoides seda v\u00f5i l\u00e4bi h\u00e4\u00e4leanduri\" \/>\n<meta property=\"og:url\" content=\"https:\/\/lahingupood.ee\/en\/product\/m249-ammobox-1500bb\/\" \/>\n<meta property=\"og:site_name\" content=\"Lahingurada e-pood\" \/>\n<meta property=\"article:publisher\" content=\"https:\/\/www.facebook.com\/Lahingurada-629940247212967\" \/>\n<meta property=\"article:modified_time\" content=\"2026-04-12T17:30:05+00:00\" \/>\n<meta property=\"og:image\" content=\"https:\/\/lahingupood.ee\/wp-content\/uploads\/2022\/03\/5549.png\" \/>\n\t<meta property=\"og:image:width\" content=\"1600\" \/>\n\t<meta property=\"og:image:height\" content=\"2105\" \/>\n\t<meta property=\"og:image:type\" content=\"image\/png\" \/>\n<meta name=\"twitter:card\" content=\"summary_large_image\" \/>\n<meta name=\"twitter:label1\" content=\"Estimated reading time\" \/>\n\t<meta name=\"twitter:data1\" content=\"1 minute\" \/>\n<script type=\"application\/ld+json\" class=\"yoast-schema-graph\">{\"@context\":\"https:\\\/\\\/schema.org\",\"@graph\":[{\"@type\":\"WebPage\",\"@id\":\"https:\\\/\\\/lahingupood.ee\\\/toode\\\/m249-ammobox-1500bb\\\/\",\"url\":\"https:\\\/\\\/lahingupood.ee\\\/toode\\\/m249-ammobox-1500bb\\\/\",\"name\":\"M249 Ammobox 1500bb - Lahingurada e-pood\",\"isPartOf\":{\"@id\":\"https:\\\/\\\/lahingupood.ee\\\/#website\"},\"primaryImageOfPage\":{\"@id\":\"https:\\\/\\\/lahingupood.ee\\\/toode\\\/m249-ammobox-1500bb\\\/#primaryimage\"},\"image\":{\"@id\":\"https:\\\/\\\/lahingupood.ee\\\/toode\\\/m249-ammobox-1500bb\\\/#primaryimage\"},\"thumbnailUrl\":\"https:\\\/\\\/lahingupood.ee\\\/wp-content\\\/uploads\\\/2022\\\/03\\\/5549.png\",\"datePublished\":\"2022-03-29T11:33:08+00:00\",\"dateModified\":\"2026-04-12T17:30:05+00:00\",\"description\":\"M249 Ammobox 1500bb S\u00f6\u00f6tmiseks on kaks v\u00f5imalust. Pidev, vasjutades nupule ja hoides seda v\u00f5i l\u00e4bi h\u00e4\u00e4leanduri\",\"breadcrumb\":{\"@id\":\"https:\\\/\\\/lahingupood.ee\\\/toode\\\/m249-ammobox-1500bb\\\/#breadcrumb\"},\"inLanguage\":\"en-GB\",\"potentialAction\":[{\"@type\":\"ReadAction\",\"target\":[\"https:\\\/\\\/lahingupood.ee\\\/toode\\\/m249-ammobox-1500bb\\\/\"]}]},{\"@type\":\"ImageObject\",\"inLanguage\":\"en-GB\",\"@id\":\"https:\\\/\\\/lahingupood.ee\\\/toode\\\/m249-ammobox-1500bb\\\/#primaryimage\",\"url\":\"https:\\\/\\\/lahingupood.ee\\\/wp-content\\\/uploads\\\/2022\\\/03\\\/5549.png\",\"contentUrl\":\"https:\\\/\\\/lahingupood.ee\\\/wp-content\\\/uploads\\\/2022\\\/03\\\/5549.png\",\"width\":1600,\"height\":2105,\"caption\":\"m249-ammobox-1500bb\"},{\"@type\":\"BreadcrumbList\",\"@id\":\"https:\\\/\\\/lahingupood.ee\\\/toode\\\/m249-ammobox-1500bb\\\/#breadcrumb\",\"itemListElement\":[{\"@type\":\"ListItem\",\"position\":1,\"name\":\"Home\",\"item\":\"https:\\\/\\\/lahingupood.ee\\\/\"},{\"@type\":\"ListItem\",\"position\":2,\"name\":\"Tooted\",\"item\":\"https:\\\/\\\/lahingupood.ee\\\/tooted\\\/\"},{\"@type\":\"ListItem\",\"position\":3,\"name\":\"M249 Ammobox 1500bb\"}]},{\"@type\":\"WebSite\",\"@id\":\"https:\\\/\\\/lahingupood.ee\\\/#website\",\"url\":\"https:\\\/\\\/lahingupood.ee\\\/\",\"name\":\"Lahingurada e-pood\",\"description\":\"Airsoft\",\"publisher\":{\"@id\":\"https:\\\/\\\/lahingupood.ee\\\/#organization\"},\"potentialAction\":[{\"@type\":\"SearchAction\",\"target\":{\"@type\":\"EntryPoint\",\"urlTemplate\":\"https:\\\/\\\/lahingupood.ee\\\/?s={search_term_string}\"},\"query-input\":{\"@type\":\"PropertyValueSpecification\",\"valueRequired\":true,\"valueName\":\"search_term_string\"}}],\"inLanguage\":\"en-GB\"},{\"@type\":\"Organization\",\"@id\":\"https:\\\/\\\/lahingupood.ee\\\/#organization\",\"name\":\"Lahingurada\",\"url\":\"https:\\\/\\\/lahingupood.ee\\\/\",\"logo\":{\"@type\":\"ImageObject\",\"inLanguage\":\"en-GB\",\"@id\":\"https:\\\/\\\/lahingupood.ee\\\/#\\\/schema\\\/logo\\\/image\\\/\",\"url\":\"https:\\\/\\\/lahingupood.ee\\\/wp-content\\\/uploads\\\/2022\\\/03\\\/lahingurada-220318.jpg\",\"contentUrl\":\"https:\\\/\\\/lahingupood.ee\\\/wp-content\\\/uploads\\\/2022\\\/03\\\/lahingurada-220318.jpg\",\"width\":800,\"height\":500,\"caption\":\"Lahingurada\"},\"image\":{\"@id\":\"https:\\\/\\\/lahingupood.ee\\\/#\\\/schema\\\/logo\\\/image\\\/\"},\"sameAs\":[\"https:\\\/\\\/www.facebook.com\\\/Lahingurada-629940247212967\"]}]}<\/script>\n<!-- \/ Yoast SEO Premium plugin. -->","yoast_head_json":{"title":"M249 Ammobox 1500bb - Lahingurada e-pood","description":"M249 Ammobox 1500bb S\u00f6\u00f6tmiseks on kaks v\u00f5imalust. Pidev, vasjutades nupule ja hoides seda v\u00f5i l\u00e4bi h\u00e4\u00e4leanduri","robots":{"index":"index","follow":"follow","max-snippet":"max-snippet:-1","max-image-preview":"max-image-preview:large","max-video-preview":"max-video-preview:-1"},"canonical":"https:\/\/lahingupood.ee\/en\/product\/m249-ammobox-1500bb\/","og_locale":"en_GB","og_type":"article","og_title":"M249 Ammobox 1500bb","og_description":"M249 Ammobox 1500bb S\u00f6\u00f6tmiseks on kaks v\u00f5imalust. Pidev, vasjutades nupule ja hoides seda v\u00f5i l\u00e4bi h\u00e4\u00e4leanduri","og_url":"https:\/\/lahingupood.ee\/en\/product\/m249-ammobox-1500bb\/","og_site_name":"Lahingurada e-pood","article_publisher":"https:\/\/www.facebook.com\/Lahingurada-629940247212967","article_modified_time":"2026-04-12T17:30:05+00:00","og_image":[{"width":1600,"height":2105,"url":"https:\/\/lahingupood.ee\/wp-content\/uploads\/2022\/03\/5549.png","type":"image\/png"}],"twitter_card":"summary_large_image","twitter_misc":{"Estimated reading time":"1 minute"},"schema":{"@context":"https:\/\/schema.org","@graph":[{"@type":"WebPage","@id":"https:\/\/lahingupood.ee\/toode\/m249-ammobox-1500bb\/","url":"https:\/\/lahingupood.ee\/toode\/m249-ammobox-1500bb\/","name":"M249 Ammobox 1500bb - Lahingurada e-pood","isPartOf":{"@id":"https:\/\/lahingupood.ee\/#website"},"primaryImageOfPage":{"@id":"https:\/\/lahingupood.ee\/toode\/m249-ammobox-1500bb\/#primaryimage"},"image":{"@id":"https:\/\/lahingupood.ee\/toode\/m249-ammobox-1500bb\/#primaryimage"},"thumbnailUrl":"https:\/\/lahingupood.ee\/wp-content\/uploads\/2022\/03\/5549.png","datePublished":"2022-03-29T11:33:08+00:00","dateModified":"2026-04-12T17:30:05+00:00","description":"M249 Ammobox 1500bb S\u00f6\u00f6tmiseks on kaks v\u00f5imalust. Pidev, vasjutades nupule ja hoides seda v\u00f5i l\u00e4bi h\u00e4\u00e4leanduri","breadcrumb":{"@id":"https:\/\/lahingupood.ee\/toode\/m249-ammobox-1500bb\/#breadcrumb"},"inLanguage":"en-GB","potentialAction":[{"@type":"ReadAction","target":["https:\/\/lahingupood.ee\/toode\/m249-ammobox-1500bb\/"]}]},{"@type":"ImageObject","inLanguage":"en-GB","@id":"https:\/\/lahingupood.ee\/toode\/m249-ammobox-1500bb\/#primaryimage","url":"https:\/\/lahingupood.ee\/wp-content\/uploads\/2022\/03\/5549.png","contentUrl":"https:\/\/lahingupood.ee\/wp-content\/uploads\/2022\/03\/5549.png","width":1600,"height":2105,"caption":"m249-ammobox-1500bb"},{"@type":"BreadcrumbList","@id":"https:\/\/lahingupood.ee\/toode\/m249-ammobox-1500bb\/#breadcrumb","itemListElement":[{"@type":"ListItem","position":1,"name":"Home","item":"https:\/\/lahingupood.ee\/"},{"@type":"ListItem","position":2,"name":"Tooted","item":"https:\/\/lahingupood.ee\/tooted\/"},{"@type":"ListItem","position":3,"name":"M249 Ammobox 1500bb"}]},{"@type":"WebSite","@id":"https:\/\/lahingupood.ee\/#website","url":"https:\/\/lahingupood.ee\/","name":"Lahingurada e-pood","description":"Airsoft","publisher":{"@id":"https:\/\/lahingupood.ee\/#organization"},"potentialAction":[{"@type":"SearchAction","target":{"@type":"EntryPoint","urlTemplate":"https:\/\/lahingupood.ee\/?s={search_term_string}"},"query-input":{"@type":"PropertyValueSpecification","valueRequired":true,"valueName":"search_term_string"}}],"inLanguage":"en-GB"},{"@type":"Organization","@id":"https:\/\/lahingupood.ee\/#organization","name":"Lahingurada","url":"https:\/\/lahingupood.ee\/","logo":{"@type":"ImageObject","inLanguage":"en-GB","@id":"https:\/\/lahingupood.ee\/#\/schema\/logo\/image\/","url":"https:\/\/lahingupood.ee\/wp-content\/uploads\/2022\/03\/lahingurada-220318.jpg","contentUrl":"https:\/\/lahingupood.ee\/wp-content\/uploads\/2022\/03\/lahingurada-220318.jpg","width":800,"height":500,"caption":"Lahingurada"},"image":{"@id":"https:\/\/lahingupood.ee\/#\/schema\/logo\/image\/"},"sameAs":["https:\/\/www.facebook.com\/Lahingurada-629940247212967"]}]}},"_links":{"self":[{"href":"https:\/\/lahingupood.ee\/en\/wp-json\/wp\/v2\/product\/541","targetHints":{"allow":["GET"]}}],"collection":[{"href":"https:\/\/lahingupood.ee\/en\/wp-json\/wp\/v2\/product"}],"about":[{"href":"https:\/\/lahingupood.ee\/en\/wp-json\/wp\/v2\/types\/product"}],"wp:featuredmedia":[{"embeddable":true,"href":"https:\/\/lahingupood.ee\/en\/wp-json\/wp\/v2\/media\/542"}],"wp:attachment":[{"href":"https:\/\/lahingupood.ee\/en\/wp-json\/wp\/v2\/media?parent=541"}],"wp:term":[{"taxonomy":"product_brand","embeddable":true,"href":"https:\/\/lahingupood.ee\/en\/wp-json\/wp\/v2\/product_brand?post=541"},{"taxonomy":"product_cat","embeddable":true,"href":"https:\/\/lahingupood.ee\/en\/wp-json\/wp\/v2\/product_cat?post=541"},{"taxonomy":"product_tag","embeddable":true,"href":"https:\/\/lahingupood.ee\/en\/wp-json\/wp\/v2\/product_tag?post=541"}],"curies":[{"name":"wp","href":"https:\/\/api.w.org\/{rel}","templated":true}]}}