{"id":5375,"date":"2024-09-03T16:26:54","date_gmt":"2024-09-03T13:26:54","guid":{"rendered":"https:\/\/lahingupood.ee\/?post_type=product&#038;p=5375"},"modified":"2024-09-03T16:26:54","modified_gmt":"2024-09-03T13:26:54","slug":"m18a1-claymore-airsoft-mine","status":"publish","type":"product","link":"https:\/\/lahingupood.ee\/en\/product\/m18a1-claymore-airsoft-mine\/","title":{"rendered":"M18A1 CLAYMORE AIRSOFT MINE"},"content":{"rendered":"<p class=\"h1\">M18A1 CLAYMORE PAINTBALL \/ AIRSOFT MINE WITH RADIO REMOTE DETONATOR<\/p>\n<p>Claymore miin airsofti ja paintballi spordiks raadiop\u00e4\u00e4stiku abil. Ideaalne l\u00f5ksude seadmiseks ja koolitusvahendina.<\/p>\n<p>Miin saab olla t\u00e4idetud 6mm airsofti pallide v\u00f5i v\u00e4ikeste paintballidega ning aktiveeritakse kas stoppertraadi v\u00f5i raadiovastuv\u00f5tja (kaasas) abil kuni 100 meetri kauguselt.<\/p>\n<p>Aktiveerimise korral jaotatakse miini laadimine suurele alale vedruga padja kaudu, mille tulemusena eemaldatakse k\u00f5ik m\u00e4ngijad, kes asuvad miini ees umbes 45-kraadise raadiuse ja kuni 20 meetri kaugusel m\u00e4ngust.<\/p>\n<p>Alternatiivselt saab miini t\u00e4ita ka paintballide v\u00f5i pulbriga.<\/p>\n<p>Miin tarnitakse koos akupaketi ja laadijaga. Traadita s\u00fc\u00fctaja jaoks on vajalik ainult 2 AA patareid.<\/p>\n<p>Miini saab kasutada l\u00f5putult.<\/p>\n<p><strong>Claymore miini komplekti kuulub:<\/strong><\/p>\n<ul>\n<li>1x Claymore miin<\/li>\n<li>1x Raadiop\u00e4\u00e4stik<\/li>\n<li>1x Akupakett + laadija<\/li>\n<li>1x Stoppertraat<\/li>\n<\/ul>","protected":false},"excerpt":{"rendered":"<p>M18A1 CLAYMORE PAINTBALL \/ AIRSOFT MINE WITH RADIO REMOTE DETONATOR Claymore miin airsofti ja paintballi spordiks raadiop\u00e4\u00e4stiku abil. Ideaalne l\u00f5ksude seadmiseks ja koolitusvahendina. Miin saab olla t\u00e4idetud 6mm airsofti pallide v\u00f5i v\u00e4ikeste paintballidega ning aktiveeritakse kas stoppertraadi v\u00f5i raadiovastuv\u00f5tja (kaasas) abil kuni 100 meetri kauguselt. Aktiveerimise korral jaotatakse miini laadimine suurele alale vedruga padja kaudu, [&#8230;]\n","protected":false},"featured_media":5222,"template":"","meta":[],"product_brand":[],"product_cat":[169],"product_tag":[],"class_list":{"0":"post-5375","1":"product","2":"type-product","3":"status-publish","4":"has-post-thumbnail","6":"product_cat-granaadid-ja-miinid","8":"first","9":"onbackorder","10":"taxable","11":"shipping-taxable","12":"purchasable","13":"product-type-simple"},"yoast_head":"<!-- This site is optimized with the Yoast SEO Premium plugin v27.3 (Yoast SEO v27.3) - https:\/\/yoast.com\/product\/yoast-seo-premium-wordpress\/ -->\n<title>M18A1 CLAYMORE AIRSOFT MINE - Lahingurada e-pood<\/title>\n<meta name=\"description\" content=\"Claymore miin airsofti ja paintballi spordiks raadiop\u00e4\u00e4stiku abil. Ideaalne l\u00f5ksude seadmiseks ja koolitusvahendina.Miin saab olla t\u00e4idetud 6mm airsofti pal\" \/>\n<meta name=\"robots\" content=\"index, follow, max-snippet:-1, max-image-preview:large, max-video-preview:-1\" \/>\n<link rel=\"canonical\" href=\"https:\/\/lahingupood.ee\/en\/product\/m18a1-claymore-airsoft-mine\/\" \/>\n<meta property=\"og:locale\" content=\"en_GB\" \/>\n<meta property=\"og:type\" content=\"article\" \/>\n<meta property=\"og:title\" content=\"M18A1 CLAYMORE AIRSOFT MINE\" \/>\n<meta property=\"og:description\" content=\"Claymore miin airsofti ja paintballi spordiks raadiop\u00e4\u00e4stiku abil. Ideaalne l\u00f5ksude seadmiseks ja koolitusvahendina.Miin saab olla t\u00e4idetud 6mm airsofti pal\" \/>\n<meta property=\"og:url\" content=\"https:\/\/lahingupood.ee\/en\/product\/m18a1-claymore-airsoft-mine\/\" \/>\n<meta property=\"og:site_name\" content=\"Lahingurada e-pood\" \/>\n<meta property=\"article:publisher\" content=\"https:\/\/www.facebook.com\/Lahingurada-629940247212967\" \/>\n<meta property=\"og:image\" content=\"https:\/\/lahingupood.ee\/wp-content\/uploads\/2024\/08\/Airsoft_Softair_Claymore_Remote_Mine_mit_Funkausloeser.jpg\" \/>\n\t<meta property=\"og:image:width\" content=\"750\" \/>\n\t<meta property=\"og:image:height\" content=\"750\" \/>\n\t<meta property=\"og:image:type\" content=\"image\/jpeg\" \/>\n<meta name=\"twitter:card\" content=\"summary_large_image\" \/>\n<meta name=\"twitter:label1\" content=\"Estimated reading time\" \/>\n\t<meta name=\"twitter:data1\" content=\"1 minute\" \/>\n<script type=\"application\/ld+json\" class=\"yoast-schema-graph\">{\"@context\":\"https:\\\/\\\/schema.org\",\"@graph\":[{\"@type\":\"WebPage\",\"@id\":\"https:\\\/\\\/lahingupood.ee\\\/toode\\\/m18a1-claymore-airsoft-mine\\\/\",\"url\":\"https:\\\/\\\/lahingupood.ee\\\/toode\\\/m18a1-claymore-airsoft-mine\\\/\",\"name\":\"M18A1 CLAYMORE AIRSOFT MINE - Lahingurada e-pood\",\"isPartOf\":{\"@id\":\"https:\\\/\\\/lahingupood.ee\\\/#website\"},\"primaryImageOfPage\":{\"@id\":\"https:\\\/\\\/lahingupood.ee\\\/toode\\\/m18a1-claymore-airsoft-mine\\\/#primaryimage\"},\"image\":{\"@id\":\"https:\\\/\\\/lahingupood.ee\\\/toode\\\/m18a1-claymore-airsoft-mine\\\/#primaryimage\"},\"thumbnailUrl\":\"https:\\\/\\\/lahingupood.ee\\\/wp-content\\\/uploads\\\/2024\\\/08\\\/Airsoft_Softair_Claymore_Remote_Mine_mit_Funkausloeser.jpg\",\"datePublished\":\"2024-09-03T13:26:54+00:00\",\"description\":\"Claymore miin airsofti ja paintballi spordiks raadiop\u00e4\u00e4stiku abil. Ideaalne l\u00f5ksude seadmiseks ja koolitusvahendina.Miin saab olla t\u00e4idetud 6mm airsofti pal\",\"breadcrumb\":{\"@id\":\"https:\\\/\\\/lahingupood.ee\\\/toode\\\/m18a1-claymore-airsoft-mine\\\/#breadcrumb\"},\"inLanguage\":\"en-GB\",\"potentialAction\":[{\"@type\":\"ReadAction\",\"target\":[\"https:\\\/\\\/lahingupood.ee\\\/toode\\\/m18a1-claymore-airsoft-mine\\\/\"]}]},{\"@type\":\"ImageObject\",\"inLanguage\":\"en-GB\",\"@id\":\"https:\\\/\\\/lahingupood.ee\\\/toode\\\/m18a1-claymore-airsoft-mine\\\/#primaryimage\",\"url\":\"https:\\\/\\\/lahingupood.ee\\\/wp-content\\\/uploads\\\/2024\\\/08\\\/Airsoft_Softair_Claymore_Remote_Mine_mit_Funkausloeser.jpg\",\"contentUrl\":\"https:\\\/\\\/lahingupood.ee\\\/wp-content\\\/uploads\\\/2024\\\/08\\\/Airsoft_Softair_Claymore_Remote_Mine_mit_Funkausloeser.jpg\",\"width\":750,\"height\":750},{\"@type\":\"BreadcrumbList\",\"@id\":\"https:\\\/\\\/lahingupood.ee\\\/toode\\\/m18a1-claymore-airsoft-mine\\\/#breadcrumb\",\"itemListElement\":[{\"@type\":\"ListItem\",\"position\":1,\"name\":\"Home\",\"item\":\"https:\\\/\\\/lahingupood.ee\\\/\"},{\"@type\":\"ListItem\",\"position\":2,\"name\":\"Tooted\",\"item\":\"https:\\\/\\\/lahingupood.ee\\\/tooted\\\/\"},{\"@type\":\"ListItem\",\"position\":3,\"name\":\"M18A1 CLAYMORE AIRSOFT MINE\"}]},{\"@type\":\"WebSite\",\"@id\":\"https:\\\/\\\/lahingupood.ee\\\/#website\",\"url\":\"https:\\\/\\\/lahingupood.ee\\\/\",\"name\":\"Lahingurada e-pood\",\"description\":\"Airsoft\",\"publisher\":{\"@id\":\"https:\\\/\\\/lahingupood.ee\\\/#organization\"},\"potentialAction\":[{\"@type\":\"SearchAction\",\"target\":{\"@type\":\"EntryPoint\",\"urlTemplate\":\"https:\\\/\\\/lahingupood.ee\\\/?s={search_term_string}\"},\"query-input\":{\"@type\":\"PropertyValueSpecification\",\"valueRequired\":true,\"valueName\":\"search_term_string\"}}],\"inLanguage\":\"en-GB\"},{\"@type\":\"Organization\",\"@id\":\"https:\\\/\\\/lahingupood.ee\\\/#organization\",\"name\":\"Lahingurada\",\"url\":\"https:\\\/\\\/lahingupood.ee\\\/\",\"logo\":{\"@type\":\"ImageObject\",\"inLanguage\":\"en-GB\",\"@id\":\"https:\\\/\\\/lahingupood.ee\\\/#\\\/schema\\\/logo\\\/image\\\/\",\"url\":\"https:\\\/\\\/lahingupood.ee\\\/wp-content\\\/uploads\\\/2022\\\/03\\\/lahingurada-220318.jpg\",\"contentUrl\":\"https:\\\/\\\/lahingupood.ee\\\/wp-content\\\/uploads\\\/2022\\\/03\\\/lahingurada-220318.jpg\",\"width\":800,\"height\":500,\"caption\":\"Lahingurada\"},\"image\":{\"@id\":\"https:\\\/\\\/lahingupood.ee\\\/#\\\/schema\\\/logo\\\/image\\\/\"},\"sameAs\":[\"https:\\\/\\\/www.facebook.com\\\/Lahingurada-629940247212967\"]}]}<\/script>\n<!-- \/ Yoast SEO Premium plugin. -->","yoast_head_json":{"title":"M18A1 CLAYMORE AIRSOFT MINE - Lahingurada e-pood","description":"Claymore miin airsofti ja paintballi spordiks raadiop\u00e4\u00e4stiku abil. Ideaalne l\u00f5ksude seadmiseks ja koolitusvahendina.Miin saab olla t\u00e4idetud 6mm airsofti pal","robots":{"index":"index","follow":"follow","max-snippet":"max-snippet:-1","max-image-preview":"max-image-preview:large","max-video-preview":"max-video-preview:-1"},"canonical":"https:\/\/lahingupood.ee\/en\/product\/m18a1-claymore-airsoft-mine\/","og_locale":"en_GB","og_type":"article","og_title":"M18A1 CLAYMORE AIRSOFT MINE","og_description":"Claymore miin airsofti ja paintballi spordiks raadiop\u00e4\u00e4stiku abil. Ideaalne l\u00f5ksude seadmiseks ja koolitusvahendina.Miin saab olla t\u00e4idetud 6mm airsofti pal","og_url":"https:\/\/lahingupood.ee\/en\/product\/m18a1-claymore-airsoft-mine\/","og_site_name":"Lahingurada e-pood","article_publisher":"https:\/\/www.facebook.com\/Lahingurada-629940247212967","og_image":[{"width":750,"height":750,"url":"https:\/\/lahingupood.ee\/wp-content\/uploads\/2024\/08\/Airsoft_Softair_Claymore_Remote_Mine_mit_Funkausloeser.jpg","type":"image\/jpeg"}],"twitter_card":"summary_large_image","twitter_misc":{"Estimated reading time":"1 minute"},"schema":{"@context":"https:\/\/schema.org","@graph":[{"@type":"WebPage","@id":"https:\/\/lahingupood.ee\/toode\/m18a1-claymore-airsoft-mine\/","url":"https:\/\/lahingupood.ee\/toode\/m18a1-claymore-airsoft-mine\/","name":"M18A1 CLAYMORE AIRSOFT MINE - Lahingurada e-pood","isPartOf":{"@id":"https:\/\/lahingupood.ee\/#website"},"primaryImageOfPage":{"@id":"https:\/\/lahingupood.ee\/toode\/m18a1-claymore-airsoft-mine\/#primaryimage"},"image":{"@id":"https:\/\/lahingupood.ee\/toode\/m18a1-claymore-airsoft-mine\/#primaryimage"},"thumbnailUrl":"https:\/\/lahingupood.ee\/wp-content\/uploads\/2024\/08\/Airsoft_Softair_Claymore_Remote_Mine_mit_Funkausloeser.jpg","datePublished":"2024-09-03T13:26:54+00:00","description":"Claymore miin airsofti ja paintballi spordiks raadiop\u00e4\u00e4stiku abil. Ideaalne l\u00f5ksude seadmiseks ja koolitusvahendina.Miin saab olla t\u00e4idetud 6mm airsofti pal","breadcrumb":{"@id":"https:\/\/lahingupood.ee\/toode\/m18a1-claymore-airsoft-mine\/#breadcrumb"},"inLanguage":"en-GB","potentialAction":[{"@type":"ReadAction","target":["https:\/\/lahingupood.ee\/toode\/m18a1-claymore-airsoft-mine\/"]}]},{"@type":"ImageObject","inLanguage":"en-GB","@id":"https:\/\/lahingupood.ee\/toode\/m18a1-claymore-airsoft-mine\/#primaryimage","url":"https:\/\/lahingupood.ee\/wp-content\/uploads\/2024\/08\/Airsoft_Softair_Claymore_Remote_Mine_mit_Funkausloeser.jpg","contentUrl":"https:\/\/lahingupood.ee\/wp-content\/uploads\/2024\/08\/Airsoft_Softair_Claymore_Remote_Mine_mit_Funkausloeser.jpg","width":750,"height":750},{"@type":"BreadcrumbList","@id":"https:\/\/lahingupood.ee\/toode\/m18a1-claymore-airsoft-mine\/#breadcrumb","itemListElement":[{"@type":"ListItem","position":1,"name":"Home","item":"https:\/\/lahingupood.ee\/"},{"@type":"ListItem","position":2,"name":"Tooted","item":"https:\/\/lahingupood.ee\/tooted\/"},{"@type":"ListItem","position":3,"name":"M18A1 CLAYMORE AIRSOFT MINE"}]},{"@type":"WebSite","@id":"https:\/\/lahingupood.ee\/#website","url":"https:\/\/lahingupood.ee\/","name":"Lahingurada e-pood","description":"Airsoft","publisher":{"@id":"https:\/\/lahingupood.ee\/#organization"},"potentialAction":[{"@type":"SearchAction","target":{"@type":"EntryPoint","urlTemplate":"https:\/\/lahingupood.ee\/?s={search_term_string}"},"query-input":{"@type":"PropertyValueSpecification","valueRequired":true,"valueName":"search_term_string"}}],"inLanguage":"en-GB"},{"@type":"Organization","@id":"https:\/\/lahingupood.ee\/#organization","name":"Lahingurada","url":"https:\/\/lahingupood.ee\/","logo":{"@type":"ImageObject","inLanguage":"en-GB","@id":"https:\/\/lahingupood.ee\/#\/schema\/logo\/image\/","url":"https:\/\/lahingupood.ee\/wp-content\/uploads\/2022\/03\/lahingurada-220318.jpg","contentUrl":"https:\/\/lahingupood.ee\/wp-content\/uploads\/2022\/03\/lahingurada-220318.jpg","width":800,"height":500,"caption":"Lahingurada"},"image":{"@id":"https:\/\/lahingupood.ee\/#\/schema\/logo\/image\/"},"sameAs":["https:\/\/www.facebook.com\/Lahingurada-629940247212967"]}]}},"_links":{"self":[{"href":"https:\/\/lahingupood.ee\/en\/wp-json\/wp\/v2\/product\/5375","targetHints":{"allow":["GET"]}}],"collection":[{"href":"https:\/\/lahingupood.ee\/en\/wp-json\/wp\/v2\/product"}],"about":[{"href":"https:\/\/lahingupood.ee\/en\/wp-json\/wp\/v2\/types\/product"}],"wp:featuredmedia":[{"embeddable":true,"href":"https:\/\/lahingupood.ee\/en\/wp-json\/wp\/v2\/media\/5222"}],"wp:attachment":[{"href":"https:\/\/lahingupood.ee\/en\/wp-json\/wp\/v2\/media?parent=5375"}],"wp:term":[{"taxonomy":"product_brand","embeddable":true,"href":"https:\/\/lahingupood.ee\/en\/wp-json\/wp\/v2\/product_brand?post=5375"},{"taxonomy":"product_cat","embeddable":true,"href":"https:\/\/lahingupood.ee\/en\/wp-json\/wp\/v2\/product_cat?post=5375"},{"taxonomy":"product_tag","embeddable":true,"href":"https:\/\/lahingupood.ee\/en\/wp-json\/wp\/v2\/product_tag?post=5375"}],"curies":[{"name":"wp","href":"https:\/\/api.w.org\/{rel}","templated":true}]}}