{"id":5374,"date":"2024-09-03T16:23:45","date_gmt":"2024-09-03T13:23:45","guid":{"rendered":"https:\/\/lahingupood.ee\/?post_type=product&#038;p=5374"},"modified":"2024-09-03T16:23:46","modified_gmt":"2024-09-03T13:23:46","slug":"x-power-m18-claymore-simulation-mine","status":"publish","type":"product","link":"https:\/\/lahingupood.ee\/en\/product\/x-power-m18-claymore-simulation-mine\/","title":{"rendered":"X-POWER M18 CLAYMORE SIMULATION MINE"},"content":{"rendered":"<p>X-Power M18 Claymore miin airsofti m\u00e4ngude, paintballi v\u00f5i politsei-, militaar- v\u00f5i turvateenistuste koolituse jaoks.<\/p>\n<p>See mudel on praegu maailma k\u00f5ige arenenum Claymore treeningmiin. See saab olla t\u00e4idetud Airsoft BB-de, paintballide v\u00f5i pulbriga. Miinil on kaks erinevat aktiveerimisviisi: kas liikumisanduriga (kui inimene liigub miini ees aktiveerimisraadiuses) v\u00f5i juhttraadi (kui keegi liigub juhttraadi piirkonnas).<\/p>\n<p>See t\u00e4hendab, et seda Claymore miini saab kasutada v\u00e4ga individuaalselt ning praktiliselt iga stsenaariumi saab simuleerida ja l\u00e4bi m\u00e4ngida.<\/p>\n<p><strong>LIikumisanduri aktiveerimine<\/strong> &#8211; Miinil on liikumisandur. See aktiveerib miini kohe, kui liikuja ilmub miini ette.<\/p>\n<p><strong>Juhttraadi aktiveerimine<\/strong> &#8211; Miini saab aktiveerida ka k\u00e4sitsi juhttraadi abil. Traat\/niit kinnitatakse miini p\u00e4\u00e4stikule ja venitatakse sihtpiirkonda (tee \u00fcletamisele v\u00f5i ukseavasse). Kui keegi jookseb traadi k\u00fclge v\u00f5i t\u00f5mbab seda, aktiveeritakse miin.<\/p>\n<p><strong>X-Power Claymore miini komplekti kuulub:<\/strong><\/p>\n<ul>\n<li>1x X-Power M18 Claymore miin<\/li>\n<li>1x aku koos laadijaga<\/li>\n<\/ul>\n<p>V\u00e4limus v\u00f5ib s\u00f5ltuvalt tarnijast veidi erineda.<\/p>","protected":false},"excerpt":{"rendered":"<p>X-Power M18 Claymore miin airsofti m\u00e4ngude, paintballi v\u00f5i politsei-, militaar- v\u00f5i turvateenistuste koolituse jaoks. See mudel on praegu maailma k\u00f5ige arenenum Claymore treeningmiin. See saab olla t\u00e4idetud Airsoft BB-de, paintballide v\u00f5i pulbriga. Miinil on kaks erinevat aktiveerimisviisi: kas liikumisanduriga (kui inimene liigub miini ees aktiveerimisraadiuses) v\u00f5i juhttraadi (kui keegi liigub juhttraadi piirkonnas). See t\u00e4hendab, et [&#8230;]\n","protected":false},"featured_media":5225,"template":"","meta":[],"product_brand":[],"product_cat":[169],"product_tag":[],"class_list":{"0":"post-5374","1":"product","2":"type-product","3":"status-publish","4":"has-post-thumbnail","6":"product_cat-granaadid-ja-miinid","8":"first","9":"onbackorder","10":"taxable","11":"shipping-taxable","12":"purchasable","13":"product-type-simple"},"yoast_head":"<!-- This site is optimized with the Yoast SEO Premium plugin v27.3 (Yoast SEO v27.3) - https:\/\/yoast.com\/product\/yoast-seo-premium-wordpress\/ -->\n<title>X-POWER M18 CLAYMORE SIMULATION MINE - Lahingurada e-pood<\/title>\n<meta name=\"description\" content=\"X-Power M18 Claymore miin airsofti m\u00e4ngude, paintballi v\u00f5i politsei-, militaar- v\u00f5i turvateenistuste koolituse jaoks. See mudel on praegu maailma k\u00f5ige aren\" \/>\n<meta name=\"robots\" content=\"index, follow, max-snippet:-1, max-image-preview:large, max-video-preview:-1\" \/>\n<link rel=\"canonical\" href=\"https:\/\/lahingupood.ee\/en\/product\/x-power-m18-claymore-simulation-mine\/\" \/>\n<meta property=\"og:locale\" content=\"en_GB\" \/>\n<meta property=\"og:type\" content=\"article\" \/>\n<meta property=\"og:title\" content=\"X-POWER M18 CLAYMORE SIMULATION MINE\" \/>\n<meta property=\"og:description\" content=\"X-Power M18 Claymore miin airsofti m\u00e4ngude, paintballi v\u00f5i politsei-, militaar- v\u00f5i turvateenistuste koolituse jaoks. See mudel on praegu maailma k\u00f5ige aren\" \/>\n<meta property=\"og:url\" content=\"https:\/\/lahingupood.ee\/en\/product\/x-power-m18-claymore-simulation-mine\/\" \/>\n<meta property=\"og:site_name\" content=\"Lahingurada e-pood\" \/>\n<meta property=\"article:publisher\" content=\"https:\/\/www.facebook.com\/Lahingurada-629940247212967\" \/>\n<meta property=\"article:modified_time\" content=\"2024-09-03T13:23:46+00:00\" \/>\n<meta property=\"og:image\" content=\"https:\/\/lahingupood.ee\/wp-content\/uploads\/2024\/08\/Airsoft_Softair_Claymore_Remote_Mine_mit_Infrarot_Sensor.jpg\" \/>\n\t<meta property=\"og:image:width\" content=\"750\" \/>\n\t<meta property=\"og:image:height\" content=\"750\" \/>\n\t<meta property=\"og:image:type\" content=\"image\/jpeg\" \/>\n<meta name=\"twitter:card\" content=\"summary_large_image\" \/>\n<meta name=\"twitter:label1\" content=\"Estimated reading time\" \/>\n\t<meta name=\"twitter:data1\" content=\"1 minute\" \/>\n<script type=\"application\/ld+json\" class=\"yoast-schema-graph\">{\"@context\":\"https:\\\/\\\/schema.org\",\"@graph\":[{\"@type\":\"WebPage\",\"@id\":\"https:\\\/\\\/lahingupood.ee\\\/toode\\\/x-power-m18-claymore-simulation-mine\\\/\",\"url\":\"https:\\\/\\\/lahingupood.ee\\\/toode\\\/x-power-m18-claymore-simulation-mine\\\/\",\"name\":\"X-POWER M18 CLAYMORE SIMULATION MINE - Lahingurada e-pood\",\"isPartOf\":{\"@id\":\"https:\\\/\\\/lahingupood.ee\\\/#website\"},\"primaryImageOfPage\":{\"@id\":\"https:\\\/\\\/lahingupood.ee\\\/toode\\\/x-power-m18-claymore-simulation-mine\\\/#primaryimage\"},\"image\":{\"@id\":\"https:\\\/\\\/lahingupood.ee\\\/toode\\\/x-power-m18-claymore-simulation-mine\\\/#primaryimage\"},\"thumbnailUrl\":\"https:\\\/\\\/lahingupood.ee\\\/wp-content\\\/uploads\\\/2024\\\/08\\\/Airsoft_Softair_Claymore_Remote_Mine_mit_Infrarot_Sensor.jpg\",\"datePublished\":\"2024-09-03T13:23:45+00:00\",\"dateModified\":\"2024-09-03T13:23:46+00:00\",\"description\":\"X-Power M18 Claymore miin airsofti m\u00e4ngude, paintballi v\u00f5i politsei-, militaar- v\u00f5i turvateenistuste koolituse jaoks. See mudel on praegu maailma k\u00f5ige aren\",\"breadcrumb\":{\"@id\":\"https:\\\/\\\/lahingupood.ee\\\/toode\\\/x-power-m18-claymore-simulation-mine\\\/#breadcrumb\"},\"inLanguage\":\"en-GB\",\"potentialAction\":[{\"@type\":\"ReadAction\",\"target\":[\"https:\\\/\\\/lahingupood.ee\\\/toode\\\/x-power-m18-claymore-simulation-mine\\\/\"]}]},{\"@type\":\"ImageObject\",\"inLanguage\":\"en-GB\",\"@id\":\"https:\\\/\\\/lahingupood.ee\\\/toode\\\/x-power-m18-claymore-simulation-mine\\\/#primaryimage\",\"url\":\"https:\\\/\\\/lahingupood.ee\\\/wp-content\\\/uploads\\\/2024\\\/08\\\/Airsoft_Softair_Claymore_Remote_Mine_mit_Infrarot_Sensor.jpg\",\"contentUrl\":\"https:\\\/\\\/lahingupood.ee\\\/wp-content\\\/uploads\\\/2024\\\/08\\\/Airsoft_Softair_Claymore_Remote_Mine_mit_Infrarot_Sensor.jpg\",\"width\":750,\"height\":750},{\"@type\":\"BreadcrumbList\",\"@id\":\"https:\\\/\\\/lahingupood.ee\\\/toode\\\/x-power-m18-claymore-simulation-mine\\\/#breadcrumb\",\"itemListElement\":[{\"@type\":\"ListItem\",\"position\":1,\"name\":\"Home\",\"item\":\"https:\\\/\\\/lahingupood.ee\\\/\"},{\"@type\":\"ListItem\",\"position\":2,\"name\":\"Tooted\",\"item\":\"https:\\\/\\\/lahingupood.ee\\\/tooted\\\/\"},{\"@type\":\"ListItem\",\"position\":3,\"name\":\"X-POWER M18 CLAYMORE SIMULATION MINE\"}]},{\"@type\":\"WebSite\",\"@id\":\"https:\\\/\\\/lahingupood.ee\\\/#website\",\"url\":\"https:\\\/\\\/lahingupood.ee\\\/\",\"name\":\"Lahingurada e-pood\",\"description\":\"Airsoft\",\"publisher\":{\"@id\":\"https:\\\/\\\/lahingupood.ee\\\/#organization\"},\"potentialAction\":[{\"@type\":\"SearchAction\",\"target\":{\"@type\":\"EntryPoint\",\"urlTemplate\":\"https:\\\/\\\/lahingupood.ee\\\/?s={search_term_string}\"},\"query-input\":{\"@type\":\"PropertyValueSpecification\",\"valueRequired\":true,\"valueName\":\"search_term_string\"}}],\"inLanguage\":\"en-GB\"},{\"@type\":\"Organization\",\"@id\":\"https:\\\/\\\/lahingupood.ee\\\/#organization\",\"name\":\"Lahingurada\",\"url\":\"https:\\\/\\\/lahingupood.ee\\\/\",\"logo\":{\"@type\":\"ImageObject\",\"inLanguage\":\"en-GB\",\"@id\":\"https:\\\/\\\/lahingupood.ee\\\/#\\\/schema\\\/logo\\\/image\\\/\",\"url\":\"https:\\\/\\\/lahingupood.ee\\\/wp-content\\\/uploads\\\/2022\\\/03\\\/lahingurada-220318.jpg\",\"contentUrl\":\"https:\\\/\\\/lahingupood.ee\\\/wp-content\\\/uploads\\\/2022\\\/03\\\/lahingurada-220318.jpg\",\"width\":800,\"height\":500,\"caption\":\"Lahingurada\"},\"image\":{\"@id\":\"https:\\\/\\\/lahingupood.ee\\\/#\\\/schema\\\/logo\\\/image\\\/\"},\"sameAs\":[\"https:\\\/\\\/www.facebook.com\\\/Lahingurada-629940247212967\"]}]}<\/script>\n<!-- \/ Yoast SEO Premium plugin. -->","yoast_head_json":{"title":"X-POWER M18 CLAYMORE SIMULATION MINE - Lahingurada e-pood","description":"X-Power M18 Claymore miin airsofti m\u00e4ngude, paintballi v\u00f5i politsei-, militaar- v\u00f5i turvateenistuste koolituse jaoks. See mudel on praegu maailma k\u00f5ige aren","robots":{"index":"index","follow":"follow","max-snippet":"max-snippet:-1","max-image-preview":"max-image-preview:large","max-video-preview":"max-video-preview:-1"},"canonical":"https:\/\/lahingupood.ee\/en\/product\/x-power-m18-claymore-simulation-mine\/","og_locale":"en_GB","og_type":"article","og_title":"X-POWER M18 CLAYMORE SIMULATION MINE","og_description":"X-Power M18 Claymore miin airsofti m\u00e4ngude, paintballi v\u00f5i politsei-, militaar- v\u00f5i turvateenistuste koolituse jaoks. See mudel on praegu maailma k\u00f5ige aren","og_url":"https:\/\/lahingupood.ee\/en\/product\/x-power-m18-claymore-simulation-mine\/","og_site_name":"Lahingurada e-pood","article_publisher":"https:\/\/www.facebook.com\/Lahingurada-629940247212967","article_modified_time":"2024-09-03T13:23:46+00:00","og_image":[{"width":750,"height":750,"url":"https:\/\/lahingupood.ee\/wp-content\/uploads\/2024\/08\/Airsoft_Softair_Claymore_Remote_Mine_mit_Infrarot_Sensor.jpg","type":"image\/jpeg"}],"twitter_card":"summary_large_image","twitter_misc":{"Estimated reading time":"1 minute"},"schema":{"@context":"https:\/\/schema.org","@graph":[{"@type":"WebPage","@id":"https:\/\/lahingupood.ee\/toode\/x-power-m18-claymore-simulation-mine\/","url":"https:\/\/lahingupood.ee\/toode\/x-power-m18-claymore-simulation-mine\/","name":"X-POWER M18 CLAYMORE SIMULATION MINE - Lahingurada e-pood","isPartOf":{"@id":"https:\/\/lahingupood.ee\/#website"},"primaryImageOfPage":{"@id":"https:\/\/lahingupood.ee\/toode\/x-power-m18-claymore-simulation-mine\/#primaryimage"},"image":{"@id":"https:\/\/lahingupood.ee\/toode\/x-power-m18-claymore-simulation-mine\/#primaryimage"},"thumbnailUrl":"https:\/\/lahingupood.ee\/wp-content\/uploads\/2024\/08\/Airsoft_Softair_Claymore_Remote_Mine_mit_Infrarot_Sensor.jpg","datePublished":"2024-09-03T13:23:45+00:00","dateModified":"2024-09-03T13:23:46+00:00","description":"X-Power M18 Claymore miin airsofti m\u00e4ngude, paintballi v\u00f5i politsei-, militaar- v\u00f5i turvateenistuste koolituse jaoks. See mudel on praegu maailma k\u00f5ige aren","breadcrumb":{"@id":"https:\/\/lahingupood.ee\/toode\/x-power-m18-claymore-simulation-mine\/#breadcrumb"},"inLanguage":"en-GB","potentialAction":[{"@type":"ReadAction","target":["https:\/\/lahingupood.ee\/toode\/x-power-m18-claymore-simulation-mine\/"]}]},{"@type":"ImageObject","inLanguage":"en-GB","@id":"https:\/\/lahingupood.ee\/toode\/x-power-m18-claymore-simulation-mine\/#primaryimage","url":"https:\/\/lahingupood.ee\/wp-content\/uploads\/2024\/08\/Airsoft_Softair_Claymore_Remote_Mine_mit_Infrarot_Sensor.jpg","contentUrl":"https:\/\/lahingupood.ee\/wp-content\/uploads\/2024\/08\/Airsoft_Softair_Claymore_Remote_Mine_mit_Infrarot_Sensor.jpg","width":750,"height":750},{"@type":"BreadcrumbList","@id":"https:\/\/lahingupood.ee\/toode\/x-power-m18-claymore-simulation-mine\/#breadcrumb","itemListElement":[{"@type":"ListItem","position":1,"name":"Home","item":"https:\/\/lahingupood.ee\/"},{"@type":"ListItem","position":2,"name":"Tooted","item":"https:\/\/lahingupood.ee\/tooted\/"},{"@type":"ListItem","position":3,"name":"X-POWER M18 CLAYMORE SIMULATION MINE"}]},{"@type":"WebSite","@id":"https:\/\/lahingupood.ee\/#website","url":"https:\/\/lahingupood.ee\/","name":"Lahingurada e-pood","description":"Airsoft","publisher":{"@id":"https:\/\/lahingupood.ee\/#organization"},"potentialAction":[{"@type":"SearchAction","target":{"@type":"EntryPoint","urlTemplate":"https:\/\/lahingupood.ee\/?s={search_term_string}"},"query-input":{"@type":"PropertyValueSpecification","valueRequired":true,"valueName":"search_term_string"}}],"inLanguage":"en-GB"},{"@type":"Organization","@id":"https:\/\/lahingupood.ee\/#organization","name":"Lahingurada","url":"https:\/\/lahingupood.ee\/","logo":{"@type":"ImageObject","inLanguage":"en-GB","@id":"https:\/\/lahingupood.ee\/#\/schema\/logo\/image\/","url":"https:\/\/lahingupood.ee\/wp-content\/uploads\/2022\/03\/lahingurada-220318.jpg","contentUrl":"https:\/\/lahingupood.ee\/wp-content\/uploads\/2022\/03\/lahingurada-220318.jpg","width":800,"height":500,"caption":"Lahingurada"},"image":{"@id":"https:\/\/lahingupood.ee\/#\/schema\/logo\/image\/"},"sameAs":["https:\/\/www.facebook.com\/Lahingurada-629940247212967"]}]}},"_links":{"self":[{"href":"https:\/\/lahingupood.ee\/en\/wp-json\/wp\/v2\/product\/5374","targetHints":{"allow":["GET"]}}],"collection":[{"href":"https:\/\/lahingupood.ee\/en\/wp-json\/wp\/v2\/product"}],"about":[{"href":"https:\/\/lahingupood.ee\/en\/wp-json\/wp\/v2\/types\/product"}],"wp:featuredmedia":[{"embeddable":true,"href":"https:\/\/lahingupood.ee\/en\/wp-json\/wp\/v2\/media\/5225"}],"wp:attachment":[{"href":"https:\/\/lahingupood.ee\/en\/wp-json\/wp\/v2\/media?parent=5374"}],"wp:term":[{"taxonomy":"product_brand","embeddable":true,"href":"https:\/\/lahingupood.ee\/en\/wp-json\/wp\/v2\/product_brand?post=5374"},{"taxonomy":"product_cat","embeddable":true,"href":"https:\/\/lahingupood.ee\/en\/wp-json\/wp\/v2\/product_cat?post=5374"},{"taxonomy":"product_tag","embeddable":true,"href":"https:\/\/lahingupood.ee\/en\/wp-json\/wp\/v2\/product_tag?post=5374"}],"curies":[{"name":"wp","href":"https:\/\/api.w.org\/{rel}","templated":true}]}}