{"id":5373,"date":"2024-09-03T16:20:21","date_gmt":"2024-09-03T13:20:21","guid":{"rendered":"https:\/\/lahingupood.ee\/?post_type=product&#038;p=5373"},"modified":"2024-09-03T16:20:22","modified_gmt":"2024-09-03T13:20:22","slug":"rap4-m80-landmine-tretmine-reusable","status":"publish","type":"product","link":"https:\/\/lahingupood.ee\/en\/product\/rap4-m80-landmine-tretmine-reusable\/","title":{"rendered":"RAP4 M80 LANDMINE \/ TRETMINE (REUSABLE)"},"content":{"rendered":"<p>K\u00f5rgekvaliteediline inimvastane miin treeninguteks ja simulatsioonideks, samuti k\u00f5ikide paintballi ja airsofti aktsioonim\u00e4ngude jaoks.<\/p>\n<p>Miin on t\u00e4idetud kokkupressitud \u00f5hu, CO2 v\u00f5i rohelise gaasi, samuti pulbri v\u00f5i veega ning aktiveeritakse kohe, kui keegi sellele astub. Aktivatsiooniga kaasneb tugev plahvatusheli ja n\u00e4htav efekt (pulber).<\/p>","protected":false},"excerpt":{"rendered":"<p>K\u00f5rgekvaliteediline inimvastane miin treeninguteks ja simulatsioonideks, samuti k\u00f5ikide paintballi ja airsofti aktsioonim\u00e4ngude jaoks. Miin on t\u00e4idetud kokkupressitud \u00f5hu, CO2 v\u00f5i rohelise gaasi, samuti pulbri v\u00f5i veega ning aktiveeritakse kohe, kui keegi sellele astub. Aktivatsiooniga kaasneb tugev plahvatusheli ja n\u00e4htav efekt (pulber).<\/p>","protected":false},"featured_media":5242,"template":"","meta":[],"product_brand":[],"product_cat":[169],"product_tag":[],"class_list":{"0":"post-5373","1":"product","2":"type-product","3":"status-publish","4":"has-post-thumbnail","6":"product_cat-granaadid-ja-miinid","8":"first","9":"onbackorder","10":"taxable","11":"shipping-taxable","12":"purchasable","13":"product-type-simple"},"yoast_head":"<!-- This site is optimized with the Yoast SEO Premium plugin v27.3 (Yoast SEO v27.3) - https:\/\/yoast.com\/product\/yoast-seo-premium-wordpress\/ -->\n<title>RAP4 M80 LANDMINE \/ TRETMINE (REUSABLE) - Lahingurada e-pood<\/title>\n<meta name=\"description\" content=\"K\u00f5rgekvaliteediline inimvastane miin treeninguteks ja simulatsioonideks, samuti k\u00f5ikide paintballi ja airsofti aktsioonim\u00e4ngude jaoks.\" \/>\n<meta name=\"robots\" content=\"index, follow, max-snippet:-1, max-image-preview:large, max-video-preview:-1\" \/>\n<link rel=\"canonical\" href=\"https:\/\/lahingupood.ee\/en\/product\/rap4-m80-landmine-tretmine-reusable\/\" \/>\n<meta property=\"og:locale\" content=\"en_GB\" \/>\n<meta property=\"og:type\" content=\"article\" \/>\n<meta property=\"og:title\" content=\"RAP4 M80 LANDMINE \/ TRETMINE (REUSABLE)\" \/>\n<meta property=\"og:description\" content=\"K\u00f5rgekvaliteediline inimvastane miin treeninguteks ja simulatsioonideks, samuti k\u00f5ikide paintballi ja airsofti aktsioonim\u00e4ngude jaoks.\" \/>\n<meta property=\"og:url\" content=\"https:\/\/lahingupood.ee\/en\/product\/rap4-m80-landmine-tretmine-reusable\/\" \/>\n<meta property=\"og:site_name\" content=\"Lahingurada e-pood\" \/>\n<meta property=\"article:publisher\" content=\"https:\/\/www.facebook.com\/Lahingurada-629940247212967\" \/>\n<meta property=\"article:modified_time\" content=\"2024-09-03T13:20:22+00:00\" \/>\n<meta property=\"og:image\" content=\"https:\/\/lahingupood.ee\/wp-content\/uploads\/2024\/08\/RAP4_Paintball_Tretmine_Landmine_oliv.jpg\" \/>\n\t<meta property=\"og:image:width\" content=\"750\" \/>\n\t<meta property=\"og:image:height\" content=\"750\" \/>\n\t<meta property=\"og:image:type\" content=\"image\/jpeg\" \/>\n<meta name=\"twitter:card\" content=\"summary_large_image\" \/>\n<meta name=\"twitter:label1\" content=\"Estimated reading time\" \/>\n\t<meta name=\"twitter:data1\" content=\"1 minute\" \/>\n<script type=\"application\/ld+json\" class=\"yoast-schema-graph\">{\"@context\":\"https:\\\/\\\/schema.org\",\"@graph\":[{\"@type\":\"WebPage\",\"@id\":\"https:\\\/\\\/lahingupood.ee\\\/toode\\\/rap4-m80-landmine-tretmine-reusable\\\/\",\"url\":\"https:\\\/\\\/lahingupood.ee\\\/toode\\\/rap4-m80-landmine-tretmine-reusable\\\/\",\"name\":\"RAP4 M80 LANDMINE \\\/ TRETMINE (REUSABLE) - Lahingurada e-pood\",\"isPartOf\":{\"@id\":\"https:\\\/\\\/lahingupood.ee\\\/#website\"},\"primaryImageOfPage\":{\"@id\":\"https:\\\/\\\/lahingupood.ee\\\/toode\\\/rap4-m80-landmine-tretmine-reusable\\\/#primaryimage\"},\"image\":{\"@id\":\"https:\\\/\\\/lahingupood.ee\\\/toode\\\/rap4-m80-landmine-tretmine-reusable\\\/#primaryimage\"},\"thumbnailUrl\":\"https:\\\/\\\/lahingupood.ee\\\/wp-content\\\/uploads\\\/2024\\\/08\\\/RAP4_Paintball_Tretmine_Landmine_oliv.jpg\",\"datePublished\":\"2024-09-03T13:20:21+00:00\",\"dateModified\":\"2024-09-03T13:20:22+00:00\",\"description\":\"K\u00f5rgekvaliteediline inimvastane miin treeninguteks ja simulatsioonideks, samuti k\u00f5ikide paintballi ja airsofti aktsioonim\u00e4ngude jaoks.\",\"breadcrumb\":{\"@id\":\"https:\\\/\\\/lahingupood.ee\\\/toode\\\/rap4-m80-landmine-tretmine-reusable\\\/#breadcrumb\"},\"inLanguage\":\"en-GB\",\"potentialAction\":[{\"@type\":\"ReadAction\",\"target\":[\"https:\\\/\\\/lahingupood.ee\\\/toode\\\/rap4-m80-landmine-tretmine-reusable\\\/\"]}]},{\"@type\":\"ImageObject\",\"inLanguage\":\"en-GB\",\"@id\":\"https:\\\/\\\/lahingupood.ee\\\/toode\\\/rap4-m80-landmine-tretmine-reusable\\\/#primaryimage\",\"url\":\"https:\\\/\\\/lahingupood.ee\\\/wp-content\\\/uploads\\\/2024\\\/08\\\/RAP4_Paintball_Tretmine_Landmine_oliv.jpg\",\"contentUrl\":\"https:\\\/\\\/lahingupood.ee\\\/wp-content\\\/uploads\\\/2024\\\/08\\\/RAP4_Paintball_Tretmine_Landmine_oliv.jpg\",\"width\":750,\"height\":750},{\"@type\":\"BreadcrumbList\",\"@id\":\"https:\\\/\\\/lahingupood.ee\\\/toode\\\/rap4-m80-landmine-tretmine-reusable\\\/#breadcrumb\",\"itemListElement\":[{\"@type\":\"ListItem\",\"position\":1,\"name\":\"Home\",\"item\":\"https:\\\/\\\/lahingupood.ee\\\/\"},{\"@type\":\"ListItem\",\"position\":2,\"name\":\"Tooted\",\"item\":\"https:\\\/\\\/lahingupood.ee\\\/tooted\\\/\"},{\"@type\":\"ListItem\",\"position\":3,\"name\":\"RAP4 M80 LANDMINE \\\/ TRETMINE (REUSABLE)\"}]},{\"@type\":\"WebSite\",\"@id\":\"https:\\\/\\\/lahingupood.ee\\\/#website\",\"url\":\"https:\\\/\\\/lahingupood.ee\\\/\",\"name\":\"Lahingurada e-pood\",\"description\":\"Airsoft\",\"publisher\":{\"@id\":\"https:\\\/\\\/lahingupood.ee\\\/#organization\"},\"potentialAction\":[{\"@type\":\"SearchAction\",\"target\":{\"@type\":\"EntryPoint\",\"urlTemplate\":\"https:\\\/\\\/lahingupood.ee\\\/?s={search_term_string}\"},\"query-input\":{\"@type\":\"PropertyValueSpecification\",\"valueRequired\":true,\"valueName\":\"search_term_string\"}}],\"inLanguage\":\"en-GB\"},{\"@type\":\"Organization\",\"@id\":\"https:\\\/\\\/lahingupood.ee\\\/#organization\",\"name\":\"Lahingurada\",\"url\":\"https:\\\/\\\/lahingupood.ee\\\/\",\"logo\":{\"@type\":\"ImageObject\",\"inLanguage\":\"en-GB\",\"@id\":\"https:\\\/\\\/lahingupood.ee\\\/#\\\/schema\\\/logo\\\/image\\\/\",\"url\":\"https:\\\/\\\/lahingupood.ee\\\/wp-content\\\/uploads\\\/2022\\\/03\\\/lahingurada-220318.jpg\",\"contentUrl\":\"https:\\\/\\\/lahingupood.ee\\\/wp-content\\\/uploads\\\/2022\\\/03\\\/lahingurada-220318.jpg\",\"width\":800,\"height\":500,\"caption\":\"Lahingurada\"},\"image\":{\"@id\":\"https:\\\/\\\/lahingupood.ee\\\/#\\\/schema\\\/logo\\\/image\\\/\"},\"sameAs\":[\"https:\\\/\\\/www.facebook.com\\\/Lahingurada-629940247212967\"]}]}<\/script>\n<!-- \/ Yoast SEO Premium plugin. -->","yoast_head_json":{"title":"RAP4 M80 LANDMINE \/ TRETMINE (REUSABLE) - Lahingurada e-pood","description":"K\u00f5rgekvaliteediline inimvastane miin treeninguteks ja simulatsioonideks, samuti k\u00f5ikide paintballi ja airsofti aktsioonim\u00e4ngude jaoks.","robots":{"index":"index","follow":"follow","max-snippet":"max-snippet:-1","max-image-preview":"max-image-preview:large","max-video-preview":"max-video-preview:-1"},"canonical":"https:\/\/lahingupood.ee\/en\/product\/rap4-m80-landmine-tretmine-reusable\/","og_locale":"en_GB","og_type":"article","og_title":"RAP4 M80 LANDMINE \/ TRETMINE (REUSABLE)","og_description":"K\u00f5rgekvaliteediline inimvastane miin treeninguteks ja simulatsioonideks, samuti k\u00f5ikide paintballi ja airsofti aktsioonim\u00e4ngude jaoks.","og_url":"https:\/\/lahingupood.ee\/en\/product\/rap4-m80-landmine-tretmine-reusable\/","og_site_name":"Lahingurada e-pood","article_publisher":"https:\/\/www.facebook.com\/Lahingurada-629940247212967","article_modified_time":"2024-09-03T13:20:22+00:00","og_image":[{"width":750,"height":750,"url":"https:\/\/lahingupood.ee\/wp-content\/uploads\/2024\/08\/RAP4_Paintball_Tretmine_Landmine_oliv.jpg","type":"image\/jpeg"}],"twitter_card":"summary_large_image","twitter_misc":{"Estimated reading time":"1 minute"},"schema":{"@context":"https:\/\/schema.org","@graph":[{"@type":"WebPage","@id":"https:\/\/lahingupood.ee\/toode\/rap4-m80-landmine-tretmine-reusable\/","url":"https:\/\/lahingupood.ee\/toode\/rap4-m80-landmine-tretmine-reusable\/","name":"RAP4 M80 LANDMINE \/ TRETMINE (REUSABLE) - Lahingurada e-pood","isPartOf":{"@id":"https:\/\/lahingupood.ee\/#website"},"primaryImageOfPage":{"@id":"https:\/\/lahingupood.ee\/toode\/rap4-m80-landmine-tretmine-reusable\/#primaryimage"},"image":{"@id":"https:\/\/lahingupood.ee\/toode\/rap4-m80-landmine-tretmine-reusable\/#primaryimage"},"thumbnailUrl":"https:\/\/lahingupood.ee\/wp-content\/uploads\/2024\/08\/RAP4_Paintball_Tretmine_Landmine_oliv.jpg","datePublished":"2024-09-03T13:20:21+00:00","dateModified":"2024-09-03T13:20:22+00:00","description":"K\u00f5rgekvaliteediline inimvastane miin treeninguteks ja simulatsioonideks, samuti k\u00f5ikide paintballi ja airsofti aktsioonim\u00e4ngude jaoks.","breadcrumb":{"@id":"https:\/\/lahingupood.ee\/toode\/rap4-m80-landmine-tretmine-reusable\/#breadcrumb"},"inLanguage":"en-GB","potentialAction":[{"@type":"ReadAction","target":["https:\/\/lahingupood.ee\/toode\/rap4-m80-landmine-tretmine-reusable\/"]}]},{"@type":"ImageObject","inLanguage":"en-GB","@id":"https:\/\/lahingupood.ee\/toode\/rap4-m80-landmine-tretmine-reusable\/#primaryimage","url":"https:\/\/lahingupood.ee\/wp-content\/uploads\/2024\/08\/RAP4_Paintball_Tretmine_Landmine_oliv.jpg","contentUrl":"https:\/\/lahingupood.ee\/wp-content\/uploads\/2024\/08\/RAP4_Paintball_Tretmine_Landmine_oliv.jpg","width":750,"height":750},{"@type":"BreadcrumbList","@id":"https:\/\/lahingupood.ee\/toode\/rap4-m80-landmine-tretmine-reusable\/#breadcrumb","itemListElement":[{"@type":"ListItem","position":1,"name":"Home","item":"https:\/\/lahingupood.ee\/"},{"@type":"ListItem","position":2,"name":"Tooted","item":"https:\/\/lahingupood.ee\/tooted\/"},{"@type":"ListItem","position":3,"name":"RAP4 M80 LANDMINE \/ TRETMINE (REUSABLE)"}]},{"@type":"WebSite","@id":"https:\/\/lahingupood.ee\/#website","url":"https:\/\/lahingupood.ee\/","name":"Lahingurada e-pood","description":"Airsoft","publisher":{"@id":"https:\/\/lahingupood.ee\/#organization"},"potentialAction":[{"@type":"SearchAction","target":{"@type":"EntryPoint","urlTemplate":"https:\/\/lahingupood.ee\/?s={search_term_string}"},"query-input":{"@type":"PropertyValueSpecification","valueRequired":true,"valueName":"search_term_string"}}],"inLanguage":"en-GB"},{"@type":"Organization","@id":"https:\/\/lahingupood.ee\/#organization","name":"Lahingurada","url":"https:\/\/lahingupood.ee\/","logo":{"@type":"ImageObject","inLanguage":"en-GB","@id":"https:\/\/lahingupood.ee\/#\/schema\/logo\/image\/","url":"https:\/\/lahingupood.ee\/wp-content\/uploads\/2022\/03\/lahingurada-220318.jpg","contentUrl":"https:\/\/lahingupood.ee\/wp-content\/uploads\/2022\/03\/lahingurada-220318.jpg","width":800,"height":500,"caption":"Lahingurada"},"image":{"@id":"https:\/\/lahingupood.ee\/#\/schema\/logo\/image\/"},"sameAs":["https:\/\/www.facebook.com\/Lahingurada-629940247212967"]}]}},"_links":{"self":[{"href":"https:\/\/lahingupood.ee\/en\/wp-json\/wp\/v2\/product\/5373","targetHints":{"allow":["GET"]}}],"collection":[{"href":"https:\/\/lahingupood.ee\/en\/wp-json\/wp\/v2\/product"}],"about":[{"href":"https:\/\/lahingupood.ee\/en\/wp-json\/wp\/v2\/types\/product"}],"wp:featuredmedia":[{"embeddable":true,"href":"https:\/\/lahingupood.ee\/en\/wp-json\/wp\/v2\/media\/5242"}],"wp:attachment":[{"href":"https:\/\/lahingupood.ee\/en\/wp-json\/wp\/v2\/media?parent=5373"}],"wp:term":[{"taxonomy":"product_brand","embeddable":true,"href":"https:\/\/lahingupood.ee\/en\/wp-json\/wp\/v2\/product_brand?post=5373"},{"taxonomy":"product_cat","embeddable":true,"href":"https:\/\/lahingupood.ee\/en\/wp-json\/wp\/v2\/product_cat?post=5373"},{"taxonomy":"product_tag","embeddable":true,"href":"https:\/\/lahingupood.ee\/en\/wp-json\/wp\/v2\/product_tag?post=5373"}],"curies":[{"name":"wp","href":"https:\/\/api.w.org\/{rel}","templated":true}]}}