{"id":5372,"date":"2024-09-03T16:12:50","date_gmt":"2024-09-03T13:12:50","guid":{"rendered":"https:\/\/lahingupood.ee\/?post_type=product&#038;p=5372"},"modified":"2026-04-12T20:00:06","modified_gmt":"2026-04-12T17:00:06","slug":"powair-performance-line-airsoft-hpa-regulator","status":"publish","type":"product","link":"https:\/\/lahingupood.ee\/en\/product\/powair-performance-line-airsoft-hpa-regulator\/","title":{"rendered":"POWAIR PERFORMANCE LINE AIRSOFT HPA REGULATOR"},"content":{"rendered":"<p class=\"h1\">POWAIR PERFORMANCE LINE AIRSOFT HPA REGULATOR WITH V1 HPA HOSE SYSTEM (0-230 PSI)<\/p>\n<p>Uus PowAir Performance Line HPA s\u00fcsteem pakub \u00e4\u00e4rmiselt kvaliteetseid komponente, pidevat t\u00f6\u00f6r\u00f5hku ja maksimaalset liikumisvabadust m\u00e4ngu ajal.<\/p>\n<p>See sobib k\u00f5igile airsoft-relvadele, millel on HPA \u00f5hu\u00fchendus. PowAir Performance Line HPA regulaatorit saab pidevalt reguleerida vahemikus 0-230 PSI. K\u00fclgseadistuse kruvi saab turniiride jaoks kinnitada plastikkinnitusega (Tournament Lock).<\/p>\n<p>PowAir V1 HPA voolik kiirelt eemaldatava kinnitusklambriga m\u00f5lemal pool v\u00f5imaldab kiiret \u00fchendamist ja lahtiv\u00f5tmist nii regulaatori kui ka relva k\u00fclge. Omandades pikkuse umbes 100 cm, pakub voolik head liikumisvabadust k\u00f5igis m\u00e4ngusituatsioonides.<\/p>\n<p>S\u00fcsteemi saab kombineerida k\u00f5igi HPA regulaatoritega, mille maksimaalne r\u00f5hk on kuni 850 PSI \u2014 st igasuguste kommertsiaalselt saadaval olevate HP s\u00fcsteemidega paintballi v\u00f5i airsofti sektoris.<\/p>\n<p>Madalar\u00f5huregulaatori pidev reguleerimine v\u00f5imaldab PowAir Performance Line HPA regulaatori \u00fchendamist k\u00f5ikide turul olevate airsoft-relvade mudelitega, kui need on HPA \u00fchilduvad. Regulaatori t\u00f6\u00f6r\u00f5hku saab otse lugeda r\u00f5hum\u00f5\u00f5turilt, mille skaala ulatub 0-230 PSI.<\/p>\n<p>V1 HPA voolik kiirelt eemaldatava kinnitusklambriga v\u00f5imaldab vooliku eemaldamist nii airsoft-relvast kui ka \u00f5hus\u00fcsteemist \u00fche lihtsa sammuga, muutes hoolduse oluliselt lihtsamaks.<\/p>","protected":false},"excerpt":{"rendered":"<p>POWAIR PERFORMANCE LINE AIRSOFT HPA REGULATOR WITH V1 HPA HOSE SYSTEM (0-230 PSI) Uus PowAir Performance Line HPA s\u00fcsteem pakub \u00e4\u00e4rmiselt kvaliteetseid komponente, pidevat t\u00f6\u00f6r\u00f5hku ja maksimaalset liikumisvabadust m\u00e4ngu ajal. See sobib k\u00f5igile airsoft-relvadele, millel on HPA \u00f5hu\u00fchendus. PowAir Performance Line HPA regulaatorit saab pidevalt reguleerida vahemikus 0-230 PSI. K\u00fclgseadistuse kruvi saab turniiride jaoks kinnitada [&#8230;]\n","protected":false},"featured_media":5232,"template":"","meta":[],"product_brand":[],"product_cat":[168],"product_tag":[],"class_list":{"0":"post-5372","1":"product","2":"type-product","3":"status-publish","4":"has-post-thumbnail","6":"product_cat-hpa-tarvikud","8":"first","9":"instock","10":"taxable","11":"shipping-taxable","12":"purchasable","13":"product-type-simple"},"yoast_head":"<!-- This site is optimized with the Yoast SEO Premium plugin v27.3 (Yoast SEO v27.3) - https:\/\/yoast.com\/product\/yoast-seo-premium-wordpress\/ -->\n<title>POWAIR PERFORMANCE LINE AIRSOFT HPA REGULATOR - Lahingurada e-pood<\/title>\n<meta name=\"description\" content=\"Uus PowAir Performance Line HPA s\u00fcsteem pakub \u00e4\u00e4rmiselt kvaliteetseid komponente, pidevat t\u00f6\u00f6r\u00f5hku ja maksimaalset liikumisvabadust m\u00e4ngu ajal.See sobib\" \/>\n<meta name=\"robots\" content=\"index, follow, max-snippet:-1, max-image-preview:large, max-video-preview:-1\" \/>\n<link rel=\"canonical\" href=\"https:\/\/lahingupood.ee\/en\/product\/powair-performance-line-airsoft-hpa-regulator\/\" \/>\n<meta property=\"og:locale\" content=\"en_GB\" \/>\n<meta property=\"og:type\" content=\"article\" \/>\n<meta property=\"og:title\" content=\"POWAIR PERFORMANCE LINE AIRSOFT HPA REGULATOR\" \/>\n<meta property=\"og:description\" content=\"Uus PowAir Performance Line HPA s\u00fcsteem pakub \u00e4\u00e4rmiselt kvaliteetseid komponente, pidevat t\u00f6\u00f6r\u00f5hku ja maksimaalset liikumisvabadust m\u00e4ngu ajal.See sobib\" \/>\n<meta property=\"og:url\" content=\"https:\/\/lahingupood.ee\/en\/product\/powair-performance-line-airsoft-hpa-regulator\/\" \/>\n<meta property=\"og:site_name\" content=\"Lahingurada e-pood\" \/>\n<meta property=\"article:publisher\" content=\"https:\/\/www.facebook.com\/Lahingurada-629940247212967\" \/>\n<meta property=\"article:modified_time\" content=\"2026-04-12T17:00:06+00:00\" \/>\n<meta property=\"og:image\" content=\"https:\/\/lahingupood.ee\/wp-content\/uploads\/2024\/08\/PowAir_Performance_Line_HPA_Regulator_mit_schlauch_schwarz-jpg.jpg\" \/>\n\t<meta property=\"og:image:width\" content=\"750\" \/>\n\t<meta property=\"og:image:height\" content=\"750\" \/>\n\t<meta property=\"og:image:type\" content=\"image\/jpeg\" \/>\n<meta name=\"twitter:card\" content=\"summary_large_image\" \/>\n<meta name=\"twitter:label1\" content=\"Estimated reading time\" \/>\n\t<meta name=\"twitter:data1\" content=\"2 minutes\" \/>\n<script type=\"application\/ld+json\" class=\"yoast-schema-graph\">{\"@context\":\"https:\\\/\\\/schema.org\",\"@graph\":[{\"@type\":\"WebPage\",\"@id\":\"https:\\\/\\\/lahingupood.ee\\\/toode\\\/powair-performance-line-airsoft-hpa-regulator\\\/\",\"url\":\"https:\\\/\\\/lahingupood.ee\\\/toode\\\/powair-performance-line-airsoft-hpa-regulator\\\/\",\"name\":\"POWAIR PERFORMANCE LINE AIRSOFT HPA REGULATOR - Lahingurada e-pood\",\"isPartOf\":{\"@id\":\"https:\\\/\\\/lahingupood.ee\\\/#website\"},\"primaryImageOfPage\":{\"@id\":\"https:\\\/\\\/lahingupood.ee\\\/toode\\\/powair-performance-line-airsoft-hpa-regulator\\\/#primaryimage\"},\"image\":{\"@id\":\"https:\\\/\\\/lahingupood.ee\\\/toode\\\/powair-performance-line-airsoft-hpa-regulator\\\/#primaryimage\"},\"thumbnailUrl\":\"https:\\\/\\\/lahingupood.ee\\\/wp-content\\\/uploads\\\/2024\\\/08\\\/PowAir_Performance_Line_HPA_Regulator_mit_schlauch_schwarz-jpg.jpg\",\"datePublished\":\"2024-09-03T13:12:50+00:00\",\"dateModified\":\"2026-04-12T17:00:06+00:00\",\"description\":\"Uus PowAir Performance Line HPA s\u00fcsteem pakub \u00e4\u00e4rmiselt kvaliteetseid komponente, pidevat t\u00f6\u00f6r\u00f5hku ja maksimaalset liikumisvabadust m\u00e4ngu ajal.See sobib\",\"breadcrumb\":{\"@id\":\"https:\\\/\\\/lahingupood.ee\\\/toode\\\/powair-performance-line-airsoft-hpa-regulator\\\/#breadcrumb\"},\"inLanguage\":\"en-GB\",\"potentialAction\":[{\"@type\":\"ReadAction\",\"target\":[\"https:\\\/\\\/lahingupood.ee\\\/toode\\\/powair-performance-line-airsoft-hpa-regulator\\\/\"]}]},{\"@type\":\"ImageObject\",\"inLanguage\":\"en-GB\",\"@id\":\"https:\\\/\\\/lahingupood.ee\\\/toode\\\/powair-performance-line-airsoft-hpa-regulator\\\/#primaryimage\",\"url\":\"https:\\\/\\\/lahingupood.ee\\\/wp-content\\\/uploads\\\/2024\\\/08\\\/PowAir_Performance_Line_HPA_Regulator_mit_schlauch_schwarz-jpg.jpg\",\"contentUrl\":\"https:\\\/\\\/lahingupood.ee\\\/wp-content\\\/uploads\\\/2024\\\/08\\\/PowAir_Performance_Line_HPA_Regulator_mit_schlauch_schwarz-jpg.jpg\",\"width\":750,\"height\":750},{\"@type\":\"BreadcrumbList\",\"@id\":\"https:\\\/\\\/lahingupood.ee\\\/toode\\\/powair-performance-line-airsoft-hpa-regulator\\\/#breadcrumb\",\"itemListElement\":[{\"@type\":\"ListItem\",\"position\":1,\"name\":\"Home\",\"item\":\"https:\\\/\\\/lahingupood.ee\\\/\"},{\"@type\":\"ListItem\",\"position\":2,\"name\":\"Tooted\",\"item\":\"https:\\\/\\\/lahingupood.ee\\\/tooted\\\/\"},{\"@type\":\"ListItem\",\"position\":3,\"name\":\"POWAIR PERFORMANCE LINE AIRSOFT HPA REGULATOR\"}]},{\"@type\":\"WebSite\",\"@id\":\"https:\\\/\\\/lahingupood.ee\\\/#website\",\"url\":\"https:\\\/\\\/lahingupood.ee\\\/\",\"name\":\"Lahingurada e-pood\",\"description\":\"Airsoft\",\"publisher\":{\"@id\":\"https:\\\/\\\/lahingupood.ee\\\/#organization\"},\"potentialAction\":[{\"@type\":\"SearchAction\",\"target\":{\"@type\":\"EntryPoint\",\"urlTemplate\":\"https:\\\/\\\/lahingupood.ee\\\/?s={search_term_string}\"},\"query-input\":{\"@type\":\"PropertyValueSpecification\",\"valueRequired\":true,\"valueName\":\"search_term_string\"}}],\"inLanguage\":\"en-GB\"},{\"@type\":\"Organization\",\"@id\":\"https:\\\/\\\/lahingupood.ee\\\/#organization\",\"name\":\"Lahingurada\",\"url\":\"https:\\\/\\\/lahingupood.ee\\\/\",\"logo\":{\"@type\":\"ImageObject\",\"inLanguage\":\"en-GB\",\"@id\":\"https:\\\/\\\/lahingupood.ee\\\/#\\\/schema\\\/logo\\\/image\\\/\",\"url\":\"https:\\\/\\\/lahingupood.ee\\\/wp-content\\\/uploads\\\/2022\\\/03\\\/lahingurada-220318.jpg\",\"contentUrl\":\"https:\\\/\\\/lahingupood.ee\\\/wp-content\\\/uploads\\\/2022\\\/03\\\/lahingurada-220318.jpg\",\"width\":800,\"height\":500,\"caption\":\"Lahingurada\"},\"image\":{\"@id\":\"https:\\\/\\\/lahingupood.ee\\\/#\\\/schema\\\/logo\\\/image\\\/\"},\"sameAs\":[\"https:\\\/\\\/www.facebook.com\\\/Lahingurada-629940247212967\"]}]}<\/script>\n<!-- \/ Yoast SEO Premium plugin. -->","yoast_head_json":{"title":"POWAIR PERFORMANCE LINE AIRSOFT HPA REGULATOR - Lahingurada e-pood","description":"Uus PowAir Performance Line HPA s\u00fcsteem pakub \u00e4\u00e4rmiselt kvaliteetseid komponente, pidevat t\u00f6\u00f6r\u00f5hku ja maksimaalset liikumisvabadust m\u00e4ngu ajal.See sobib","robots":{"index":"index","follow":"follow","max-snippet":"max-snippet:-1","max-image-preview":"max-image-preview:large","max-video-preview":"max-video-preview:-1"},"canonical":"https:\/\/lahingupood.ee\/en\/product\/powair-performance-line-airsoft-hpa-regulator\/","og_locale":"en_GB","og_type":"article","og_title":"POWAIR PERFORMANCE LINE AIRSOFT HPA REGULATOR","og_description":"Uus PowAir Performance Line HPA s\u00fcsteem pakub \u00e4\u00e4rmiselt kvaliteetseid komponente, pidevat t\u00f6\u00f6r\u00f5hku ja maksimaalset liikumisvabadust m\u00e4ngu ajal.See sobib","og_url":"https:\/\/lahingupood.ee\/en\/product\/powair-performance-line-airsoft-hpa-regulator\/","og_site_name":"Lahingurada e-pood","article_publisher":"https:\/\/www.facebook.com\/Lahingurada-629940247212967","article_modified_time":"2026-04-12T17:00:06+00:00","og_image":[{"width":750,"height":750,"url":"https:\/\/lahingupood.ee\/wp-content\/uploads\/2024\/08\/PowAir_Performance_Line_HPA_Regulator_mit_schlauch_schwarz-jpg.jpg","type":"image\/jpeg"}],"twitter_card":"summary_large_image","twitter_misc":{"Estimated reading time":"2 minutes"},"schema":{"@context":"https:\/\/schema.org","@graph":[{"@type":"WebPage","@id":"https:\/\/lahingupood.ee\/toode\/powair-performance-line-airsoft-hpa-regulator\/","url":"https:\/\/lahingupood.ee\/toode\/powair-performance-line-airsoft-hpa-regulator\/","name":"POWAIR PERFORMANCE LINE AIRSOFT HPA REGULATOR - Lahingurada e-pood","isPartOf":{"@id":"https:\/\/lahingupood.ee\/#website"},"primaryImageOfPage":{"@id":"https:\/\/lahingupood.ee\/toode\/powair-performance-line-airsoft-hpa-regulator\/#primaryimage"},"image":{"@id":"https:\/\/lahingupood.ee\/toode\/powair-performance-line-airsoft-hpa-regulator\/#primaryimage"},"thumbnailUrl":"https:\/\/lahingupood.ee\/wp-content\/uploads\/2024\/08\/PowAir_Performance_Line_HPA_Regulator_mit_schlauch_schwarz-jpg.jpg","datePublished":"2024-09-03T13:12:50+00:00","dateModified":"2026-04-12T17:00:06+00:00","description":"Uus PowAir Performance Line HPA s\u00fcsteem pakub \u00e4\u00e4rmiselt kvaliteetseid komponente, pidevat t\u00f6\u00f6r\u00f5hku ja maksimaalset liikumisvabadust m\u00e4ngu ajal.See sobib","breadcrumb":{"@id":"https:\/\/lahingupood.ee\/toode\/powair-performance-line-airsoft-hpa-regulator\/#breadcrumb"},"inLanguage":"en-GB","potentialAction":[{"@type":"ReadAction","target":["https:\/\/lahingupood.ee\/toode\/powair-performance-line-airsoft-hpa-regulator\/"]}]},{"@type":"ImageObject","inLanguage":"en-GB","@id":"https:\/\/lahingupood.ee\/toode\/powair-performance-line-airsoft-hpa-regulator\/#primaryimage","url":"https:\/\/lahingupood.ee\/wp-content\/uploads\/2024\/08\/PowAir_Performance_Line_HPA_Regulator_mit_schlauch_schwarz-jpg.jpg","contentUrl":"https:\/\/lahingupood.ee\/wp-content\/uploads\/2024\/08\/PowAir_Performance_Line_HPA_Regulator_mit_schlauch_schwarz-jpg.jpg","width":750,"height":750},{"@type":"BreadcrumbList","@id":"https:\/\/lahingupood.ee\/toode\/powair-performance-line-airsoft-hpa-regulator\/#breadcrumb","itemListElement":[{"@type":"ListItem","position":1,"name":"Home","item":"https:\/\/lahingupood.ee\/"},{"@type":"ListItem","position":2,"name":"Tooted","item":"https:\/\/lahingupood.ee\/tooted\/"},{"@type":"ListItem","position":3,"name":"POWAIR PERFORMANCE LINE AIRSOFT HPA REGULATOR"}]},{"@type":"WebSite","@id":"https:\/\/lahingupood.ee\/#website","url":"https:\/\/lahingupood.ee\/","name":"Lahingurada e-pood","description":"Airsoft","publisher":{"@id":"https:\/\/lahingupood.ee\/#organization"},"potentialAction":[{"@type":"SearchAction","target":{"@type":"EntryPoint","urlTemplate":"https:\/\/lahingupood.ee\/?s={search_term_string}"},"query-input":{"@type":"PropertyValueSpecification","valueRequired":true,"valueName":"search_term_string"}}],"inLanguage":"en-GB"},{"@type":"Organization","@id":"https:\/\/lahingupood.ee\/#organization","name":"Lahingurada","url":"https:\/\/lahingupood.ee\/","logo":{"@type":"ImageObject","inLanguage":"en-GB","@id":"https:\/\/lahingupood.ee\/#\/schema\/logo\/image\/","url":"https:\/\/lahingupood.ee\/wp-content\/uploads\/2022\/03\/lahingurada-220318.jpg","contentUrl":"https:\/\/lahingupood.ee\/wp-content\/uploads\/2022\/03\/lahingurada-220318.jpg","width":800,"height":500,"caption":"Lahingurada"},"image":{"@id":"https:\/\/lahingupood.ee\/#\/schema\/logo\/image\/"},"sameAs":["https:\/\/www.facebook.com\/Lahingurada-629940247212967"]}]}},"_links":{"self":[{"href":"https:\/\/lahingupood.ee\/en\/wp-json\/wp\/v2\/product\/5372","targetHints":{"allow":["GET"]}}],"collection":[{"href":"https:\/\/lahingupood.ee\/en\/wp-json\/wp\/v2\/product"}],"about":[{"href":"https:\/\/lahingupood.ee\/en\/wp-json\/wp\/v2\/types\/product"}],"wp:featuredmedia":[{"embeddable":true,"href":"https:\/\/lahingupood.ee\/en\/wp-json\/wp\/v2\/media\/5232"}],"wp:attachment":[{"href":"https:\/\/lahingupood.ee\/en\/wp-json\/wp\/v2\/media?parent=5372"}],"wp:term":[{"taxonomy":"product_brand","embeddable":true,"href":"https:\/\/lahingupood.ee\/en\/wp-json\/wp\/v2\/product_brand?post=5372"},{"taxonomy":"product_cat","embeddable":true,"href":"https:\/\/lahingupood.ee\/en\/wp-json\/wp\/v2\/product_cat?post=5372"},{"taxonomy":"product_tag","embeddable":true,"href":"https:\/\/lahingupood.ee\/en\/wp-json\/wp\/v2\/product_tag?post=5372"}],"curies":[{"name":"wp","href":"https:\/\/api.w.org\/{rel}","templated":true}]}}