{"id":5371,"date":"2024-09-03T16:06:51","date_gmt":"2024-09-03T13:06:51","guid":{"rendered":"https:\/\/lahingupood.ee\/?post_type=product&#038;p=5371"},"modified":"2026-04-12T18:15:02","modified_gmt":"2026-04-12T15:15:02","slug":"powair-v1-dual-airsoft-hpa-regulator","status":"publish","type":"product","link":"https:\/\/lahingupood.ee\/en\/product\/powair-v1-dual-airsoft-hpa-regulator\/","title":{"rendered":"POWAIR V1 DUAL AIRSOFT HPA REGULATOR"},"content":{"rendered":"<div class=\"flex-shrink-0 flex flex-col relative items-end\">\n<div>\n<div class=\"pt-0\">\n<div class=\"gizmo-bot-avatar flex h-8 w-8 items-center justify-center overflow-hidden rounded-full\">\n<div class=\"relative p-1 rounded-sm flex items-center justify-center bg-token-main-surface-primary text-token-text-primary h-8 w-8\"><\/div>\n<\/div>\n<\/div>\n<\/div>\n<\/div>\n<div class=\"group\/conversation-turn relative flex w-full min-w-0 flex-col agent-turn\">\n<div class=\"flex-col gap-1 md:gap-3\">\n<div class=\"flex max-w-full flex-col flex-grow\">\n<div class=\"min-h-[20px] text-message flex w-full flex-col items-end gap-2 break-words [.text-message+&amp;]:mt-5 overflow-x-auto whitespace-normal\" dir=\"auto\" data-message-author-role=\"assistant\" data-message-id=\"3cdcedff-ebd7-49b6-bb57-93f84a4b7677\">\n<div class=\"flex w-full flex-col gap-1 empty:hidden first:pt-[3px]\">\n<div class=\"markdown prose w-full break-words dark:prose-invert dark\">\n<p>Powair V1 HPA regulaator on n\u00fc\u00fcd saadaval ka uue DUAL versioonina, millel on 2 vooliku\u00fchendust. See t\u00e4hendab, et peamine relv (nt automaatrelv) ja varurelv (nt p\u00fcstol) saavad \u00fche HPA regulaatori kaudu \u00f5hku. Akimbo p\u00fcstolite seadistused HPA j\u00f5u\u00fclekandega ei ole samuti enam probleem.<\/p>\n<p>DUAL versioon on konstrueeritud samamoodi nagu PowAir V1 HPA regulaator, kuid sel on 2 vooliku\u00fchendust ja see on varustatud 2 voolikuga. K\u00f5ik liitmikud on isekl\u00f5psuvad, mis t\u00e4hendab, et r\u00f5hk ei p\u00e4\u00e4se v\u00e4lja regulaatori liitmikust ega vooliku otsast, kui relva pole \u00fchendatud. Seega saab V1 Dual Regulaatorit kasutada \u00fche v\u00f5i kahe voolikuga ilma r\u00f5hulanguseta.<\/p>\n<p>PowAir V1 HPA regulaator voolikus\u00fcsteemiga sobib k\u00f5igile airsoft-relvadele, millel on HPA \u00f5hu\u00fchendus. See koosneb madalr\u00f5huregulaatorist, mida saab pidevalt reguleerida vahemikus 0-230 PSI, samuti HPA voolikus\u00fcsteemist airsoft-relvade jaoks ja seda saab kombineerida k\u00f5igi HPA regulaatoritega, mille maksimaalne r\u00f5hk on kuni 850 PSI &#8211; st igasuguste kommertsiaalselt saadaval olevate HP s\u00fcsteemidega paintballi v\u00f5i airsofti sektoris.<\/p>\n<p>Madalar\u00f5huregulaatori pidev reguleerimine v\u00f5imaldab Powair V1 HPA regulaatori \u00fchendamist k\u00f5ikide turul olevate airsoft-relvade mudelitega, kui need on HPA \u00fchilduvad. Regulaatori t\u00f6\u00f6r\u00f5hku saab otse lugeda r\u00f5hum\u00f5\u00f5turilt, mille skaala ulatub 0-230 PSI.<\/p>\n<p>Paindlik voolik kiirelt eemaldatava kinnitusklambriga v\u00f5imaldab vooliku eemaldamist nii airsoft-relvast kui ka \u00f5hus\u00fcsteemist \u00fche lihtsa liigutusega, muutes hoolduse oluliselt lihtsamaks.<\/p>\n<p>100 cm pikkune voolik pakub piisavalt liikumisvabadust ja lihtsustab relva k\u00e4sitlemist.<\/p>\n<p>Kuna regulaatorit saab kasutada ka ametlikel airsofti \u00fcritustel ja speed QB turniiridel, on sellel peal olev kruvitav kork, mille saab kindlalt kinnitada juhtme v\u00f5i plastikkinnitusega eelnevalt valmistatud ava kaudu. See on nn Tournament Lock.<\/p>\n<\/div>\n<\/div>\n<\/div>\n<\/div>\n<\/div>\n<\/div>\n","protected":false},"excerpt":{"rendered":"<p>Powair V1 HPA regulaator on n\u00fc\u00fcd saadaval ka uue DUAL versioonina, millel on 2 vooliku\u00fchendust. See t\u00e4hendab, et peamine relv (nt automaatrelv) ja varurelv (nt p\u00fcstol) saavad \u00fche HPA regulaatori kaudu \u00f5hku. Akimbo p\u00fcstolite seadistused HPA j\u00f5u\u00fclekandega ei ole samuti enam probleem. DUAL versioon on konstrueeritud samamoodi nagu PowAir V1 HPA regulaator, kuid sel on [&#8230;]\n","protected":false},"featured_media":5238,"template":"","meta":[],"product_brand":[],"product_cat":[168],"product_tag":[],"class_list":{"0":"post-5371","1":"product","2":"type-product","3":"status-publish","4":"has-post-thumbnail","6":"product_cat-hpa-tarvikud","8":"first","9":"instock","10":"taxable","11":"shipping-taxable","12":"purchasable","13":"product-type-simple"},"yoast_head":"<!-- This site is optimized with the Yoast SEO Premium plugin v27.3 (Yoast SEO v27.3) - https:\/\/yoast.com\/product\/yoast-seo-premium-wordpress\/ -->\n<title>POWAIR V1 DUAL AIRSOFT HPA REGULATOR - Lahingurada e-pood<\/title>\n<meta name=\"description\" content=\"Powair V1 HPA regulaator on n\u00fc\u00fcd saadaval ka uue DUAL versioonina, millel on 2 vooliku\u00fchendust. See t\u00e4hendab, et peamine relv (nt automaatrelv) ja varurelv\" \/>\n<meta name=\"robots\" content=\"index, follow, max-snippet:-1, max-image-preview:large, max-video-preview:-1\" \/>\n<link rel=\"canonical\" href=\"https:\/\/lahingupood.ee\/en\/product\/powair-v1-dual-airsoft-hpa-regulator\/\" \/>\n<meta property=\"og:locale\" content=\"en_GB\" \/>\n<meta property=\"og:type\" content=\"article\" \/>\n<meta property=\"og:title\" content=\"POWAIR V1 DUAL AIRSOFT HPA REGULATOR\" \/>\n<meta property=\"og:description\" content=\"Powair V1 HPA regulaator on n\u00fc\u00fcd saadaval ka uue DUAL versioonina, millel on 2 vooliku\u00fchendust. See t\u00e4hendab, et peamine relv (nt automaatrelv) ja varurelv\" \/>\n<meta property=\"og:url\" content=\"https:\/\/lahingupood.ee\/en\/product\/powair-v1-dual-airsoft-hpa-regulator\/\" \/>\n<meta property=\"og:site_name\" content=\"Lahingurada e-pood\" \/>\n<meta property=\"article:publisher\" content=\"https:\/\/www.facebook.com\/Lahingurada-629940247212967\" \/>\n<meta property=\"article:modified_time\" content=\"2026-04-12T15:15:02+00:00\" \/>\n<meta property=\"og:image\" content=\"https:\/\/lahingupood.ee\/wp-content\/uploads\/2024\/08\/PowAir_V1_DUAL_Airsoft_HPA_Regulator_mit_Schlauchsystem_0_230_PSI_mit_2_Schlaeuchen_far.jpg.webp.webp\" \/>\n\t<meta property=\"og:image:width\" content=\"750\" \/>\n\t<meta property=\"og:image:height\" content=\"750\" \/>\n\t<meta property=\"og:image:type\" content=\"image\/webp\" \/>\n<meta name=\"twitter:card\" content=\"summary_large_image\" \/>\n<meta name=\"twitter:label1\" content=\"Estimated reading time\" \/>\n\t<meta name=\"twitter:data1\" content=\"2 minutes\" \/>\n<script type=\"application\/ld+json\" class=\"yoast-schema-graph\">{\"@context\":\"https:\\\/\\\/schema.org\",\"@graph\":[{\"@type\":\"WebPage\",\"@id\":\"https:\\\/\\\/lahingupood.ee\\\/toode\\\/powair-v1-dual-airsoft-hpa-regulator\\\/\",\"url\":\"https:\\\/\\\/lahingupood.ee\\\/toode\\\/powair-v1-dual-airsoft-hpa-regulator\\\/\",\"name\":\"POWAIR V1 DUAL AIRSOFT HPA REGULATOR - Lahingurada e-pood\",\"isPartOf\":{\"@id\":\"https:\\\/\\\/lahingupood.ee\\\/#website\"},\"primaryImageOfPage\":{\"@id\":\"https:\\\/\\\/lahingupood.ee\\\/toode\\\/powair-v1-dual-airsoft-hpa-regulator\\\/#primaryimage\"},\"image\":{\"@id\":\"https:\\\/\\\/lahingupood.ee\\\/toode\\\/powair-v1-dual-airsoft-hpa-regulator\\\/#primaryimage\"},\"thumbnailUrl\":\"https:\\\/\\\/lahingupood.ee\\\/wp-content\\\/uploads\\\/2024\\\/08\\\/PowAir_V1_DUAL_Airsoft_HPA_Regulator_mit_Schlauchsystem_0_230_PSI_mit_2_Schlaeuchen_far.jpg.webp.webp\",\"datePublished\":\"2024-09-03T13:06:51+00:00\",\"dateModified\":\"2026-04-12T15:15:02+00:00\",\"description\":\"Powair V1 HPA regulaator on n\u00fc\u00fcd saadaval ka uue DUAL versioonina, millel on 2 vooliku\u00fchendust. See t\u00e4hendab, et peamine relv (nt automaatrelv) ja varurelv\",\"breadcrumb\":{\"@id\":\"https:\\\/\\\/lahingupood.ee\\\/toode\\\/powair-v1-dual-airsoft-hpa-regulator\\\/#breadcrumb\"},\"inLanguage\":\"en-GB\",\"potentialAction\":[{\"@type\":\"ReadAction\",\"target\":[\"https:\\\/\\\/lahingupood.ee\\\/toode\\\/powair-v1-dual-airsoft-hpa-regulator\\\/\"]}]},{\"@type\":\"ImageObject\",\"inLanguage\":\"en-GB\",\"@id\":\"https:\\\/\\\/lahingupood.ee\\\/toode\\\/powair-v1-dual-airsoft-hpa-regulator\\\/#primaryimage\",\"url\":\"https:\\\/\\\/lahingupood.ee\\\/wp-content\\\/uploads\\\/2024\\\/08\\\/PowAir_V1_DUAL_Airsoft_HPA_Regulator_mit_Schlauchsystem_0_230_PSI_mit_2_Schlaeuchen_far.jpg.webp.webp\",\"contentUrl\":\"https:\\\/\\\/lahingupood.ee\\\/wp-content\\\/uploads\\\/2024\\\/08\\\/PowAir_V1_DUAL_Airsoft_HPA_Regulator_mit_Schlauchsystem_0_230_PSI_mit_2_Schlaeuchen_far.jpg.webp.webp\",\"width\":750,\"height\":750},{\"@type\":\"BreadcrumbList\",\"@id\":\"https:\\\/\\\/lahingupood.ee\\\/toode\\\/powair-v1-dual-airsoft-hpa-regulator\\\/#breadcrumb\",\"itemListElement\":[{\"@type\":\"ListItem\",\"position\":1,\"name\":\"Home\",\"item\":\"https:\\\/\\\/lahingupood.ee\\\/\"},{\"@type\":\"ListItem\",\"position\":2,\"name\":\"Tooted\",\"item\":\"https:\\\/\\\/lahingupood.ee\\\/tooted\\\/\"},{\"@type\":\"ListItem\",\"position\":3,\"name\":\"POWAIR V1 DUAL AIRSOFT HPA REGULATOR\"}]},{\"@type\":\"WebSite\",\"@id\":\"https:\\\/\\\/lahingupood.ee\\\/#website\",\"url\":\"https:\\\/\\\/lahingupood.ee\\\/\",\"name\":\"Lahingurada e-pood\",\"description\":\"Airsoft\",\"publisher\":{\"@id\":\"https:\\\/\\\/lahingupood.ee\\\/#organization\"},\"potentialAction\":[{\"@type\":\"SearchAction\",\"target\":{\"@type\":\"EntryPoint\",\"urlTemplate\":\"https:\\\/\\\/lahingupood.ee\\\/?s={search_term_string}\"},\"query-input\":{\"@type\":\"PropertyValueSpecification\",\"valueRequired\":true,\"valueName\":\"search_term_string\"}}],\"inLanguage\":\"en-GB\"},{\"@type\":\"Organization\",\"@id\":\"https:\\\/\\\/lahingupood.ee\\\/#organization\",\"name\":\"Lahingurada\",\"url\":\"https:\\\/\\\/lahingupood.ee\\\/\",\"logo\":{\"@type\":\"ImageObject\",\"inLanguage\":\"en-GB\",\"@id\":\"https:\\\/\\\/lahingupood.ee\\\/#\\\/schema\\\/logo\\\/image\\\/\",\"url\":\"https:\\\/\\\/lahingupood.ee\\\/wp-content\\\/uploads\\\/2022\\\/03\\\/lahingurada-220318.jpg\",\"contentUrl\":\"https:\\\/\\\/lahingupood.ee\\\/wp-content\\\/uploads\\\/2022\\\/03\\\/lahingurada-220318.jpg\",\"width\":800,\"height\":500,\"caption\":\"Lahingurada\"},\"image\":{\"@id\":\"https:\\\/\\\/lahingupood.ee\\\/#\\\/schema\\\/logo\\\/image\\\/\"},\"sameAs\":[\"https:\\\/\\\/www.facebook.com\\\/Lahingurada-629940247212967\"]}]}<\/script>\n<!-- \/ Yoast SEO Premium plugin. -->","yoast_head_json":{"title":"POWAIR V1 DUAL AIRSOFT HPA REGULATOR - Lahingurada e-pood","description":"Powair V1 HPA regulaator on n\u00fc\u00fcd saadaval ka uue DUAL versioonina, millel on 2 vooliku\u00fchendust. See t\u00e4hendab, et peamine relv (nt automaatrelv) ja varurelv","robots":{"index":"index","follow":"follow","max-snippet":"max-snippet:-1","max-image-preview":"max-image-preview:large","max-video-preview":"max-video-preview:-1"},"canonical":"https:\/\/lahingupood.ee\/en\/product\/powair-v1-dual-airsoft-hpa-regulator\/","og_locale":"en_GB","og_type":"article","og_title":"POWAIR V1 DUAL AIRSOFT HPA REGULATOR","og_description":"Powair V1 HPA regulaator on n\u00fc\u00fcd saadaval ka uue DUAL versioonina, millel on 2 vooliku\u00fchendust. See t\u00e4hendab, et peamine relv (nt automaatrelv) ja varurelv","og_url":"https:\/\/lahingupood.ee\/en\/product\/powair-v1-dual-airsoft-hpa-regulator\/","og_site_name":"Lahingurada e-pood","article_publisher":"https:\/\/www.facebook.com\/Lahingurada-629940247212967","article_modified_time":"2026-04-12T15:15:02+00:00","og_image":[{"width":750,"height":750,"url":"https:\/\/lahingupood.ee\/wp-content\/uploads\/2024\/08\/PowAir_V1_DUAL_Airsoft_HPA_Regulator_mit_Schlauchsystem_0_230_PSI_mit_2_Schlaeuchen_far.jpg.webp.webp","type":"image\/webp"}],"twitter_card":"summary_large_image","twitter_misc":{"Estimated reading time":"2 minutes"},"schema":{"@context":"https:\/\/schema.org","@graph":[{"@type":"WebPage","@id":"https:\/\/lahingupood.ee\/toode\/powair-v1-dual-airsoft-hpa-regulator\/","url":"https:\/\/lahingupood.ee\/toode\/powair-v1-dual-airsoft-hpa-regulator\/","name":"POWAIR V1 DUAL AIRSOFT HPA REGULATOR - Lahingurada e-pood","isPartOf":{"@id":"https:\/\/lahingupood.ee\/#website"},"primaryImageOfPage":{"@id":"https:\/\/lahingupood.ee\/toode\/powair-v1-dual-airsoft-hpa-regulator\/#primaryimage"},"image":{"@id":"https:\/\/lahingupood.ee\/toode\/powair-v1-dual-airsoft-hpa-regulator\/#primaryimage"},"thumbnailUrl":"https:\/\/lahingupood.ee\/wp-content\/uploads\/2024\/08\/PowAir_V1_DUAL_Airsoft_HPA_Regulator_mit_Schlauchsystem_0_230_PSI_mit_2_Schlaeuchen_far.jpg.webp.webp","datePublished":"2024-09-03T13:06:51+00:00","dateModified":"2026-04-12T15:15:02+00:00","description":"Powair V1 HPA regulaator on n\u00fc\u00fcd saadaval ka uue DUAL versioonina, millel on 2 vooliku\u00fchendust. See t\u00e4hendab, et peamine relv (nt automaatrelv) ja varurelv","breadcrumb":{"@id":"https:\/\/lahingupood.ee\/toode\/powair-v1-dual-airsoft-hpa-regulator\/#breadcrumb"},"inLanguage":"en-GB","potentialAction":[{"@type":"ReadAction","target":["https:\/\/lahingupood.ee\/toode\/powair-v1-dual-airsoft-hpa-regulator\/"]}]},{"@type":"ImageObject","inLanguage":"en-GB","@id":"https:\/\/lahingupood.ee\/toode\/powair-v1-dual-airsoft-hpa-regulator\/#primaryimage","url":"https:\/\/lahingupood.ee\/wp-content\/uploads\/2024\/08\/PowAir_V1_DUAL_Airsoft_HPA_Regulator_mit_Schlauchsystem_0_230_PSI_mit_2_Schlaeuchen_far.jpg.webp.webp","contentUrl":"https:\/\/lahingupood.ee\/wp-content\/uploads\/2024\/08\/PowAir_V1_DUAL_Airsoft_HPA_Regulator_mit_Schlauchsystem_0_230_PSI_mit_2_Schlaeuchen_far.jpg.webp.webp","width":750,"height":750},{"@type":"BreadcrumbList","@id":"https:\/\/lahingupood.ee\/toode\/powair-v1-dual-airsoft-hpa-regulator\/#breadcrumb","itemListElement":[{"@type":"ListItem","position":1,"name":"Home","item":"https:\/\/lahingupood.ee\/"},{"@type":"ListItem","position":2,"name":"Tooted","item":"https:\/\/lahingupood.ee\/tooted\/"},{"@type":"ListItem","position":3,"name":"POWAIR V1 DUAL AIRSOFT HPA REGULATOR"}]},{"@type":"WebSite","@id":"https:\/\/lahingupood.ee\/#website","url":"https:\/\/lahingupood.ee\/","name":"Lahingurada e-pood","description":"Airsoft","publisher":{"@id":"https:\/\/lahingupood.ee\/#organization"},"potentialAction":[{"@type":"SearchAction","target":{"@type":"EntryPoint","urlTemplate":"https:\/\/lahingupood.ee\/?s={search_term_string}"},"query-input":{"@type":"PropertyValueSpecification","valueRequired":true,"valueName":"search_term_string"}}],"inLanguage":"en-GB"},{"@type":"Organization","@id":"https:\/\/lahingupood.ee\/#organization","name":"Lahingurada","url":"https:\/\/lahingupood.ee\/","logo":{"@type":"ImageObject","inLanguage":"en-GB","@id":"https:\/\/lahingupood.ee\/#\/schema\/logo\/image\/","url":"https:\/\/lahingupood.ee\/wp-content\/uploads\/2022\/03\/lahingurada-220318.jpg","contentUrl":"https:\/\/lahingupood.ee\/wp-content\/uploads\/2022\/03\/lahingurada-220318.jpg","width":800,"height":500,"caption":"Lahingurada"},"image":{"@id":"https:\/\/lahingupood.ee\/#\/schema\/logo\/image\/"},"sameAs":["https:\/\/www.facebook.com\/Lahingurada-629940247212967"]}]}},"_links":{"self":[{"href":"https:\/\/lahingupood.ee\/en\/wp-json\/wp\/v2\/product\/5371","targetHints":{"allow":["GET"]}}],"collection":[{"href":"https:\/\/lahingupood.ee\/en\/wp-json\/wp\/v2\/product"}],"about":[{"href":"https:\/\/lahingupood.ee\/en\/wp-json\/wp\/v2\/types\/product"}],"wp:featuredmedia":[{"embeddable":true,"href":"https:\/\/lahingupood.ee\/en\/wp-json\/wp\/v2\/media\/5238"}],"wp:attachment":[{"href":"https:\/\/lahingupood.ee\/en\/wp-json\/wp\/v2\/media?parent=5371"}],"wp:term":[{"taxonomy":"product_brand","embeddable":true,"href":"https:\/\/lahingupood.ee\/en\/wp-json\/wp\/v2\/product_brand?post=5371"},{"taxonomy":"product_cat","embeddable":true,"href":"https:\/\/lahingupood.ee\/en\/wp-json\/wp\/v2\/product_cat?post=5371"},{"taxonomy":"product_tag","embeddable":true,"href":"https:\/\/lahingupood.ee\/en\/wp-json\/wp\/v2\/product_tag?post=5371"}],"curies":[{"name":"wp","href":"https:\/\/api.w.org\/{rel}","templated":true}]}}