{"id":5366,"date":"2024-09-03T15:47:43","date_gmt":"2024-09-03T12:47:43","guid":{"rendered":"https:\/\/lahingupood.ee\/?post_type=product&#038;p=5366"},"modified":"2026-04-12T20:30:05","modified_gmt":"2026-04-12T17:30:05","slug":"powair-carbon-series-0-8l-hpa-system-300-bar","status":"publish","type":"product","link":"https:\/\/lahingupood.ee\/en\/product\/powair-carbon-series-0-8l-hpa-system-300-bar\/","title":{"rendered":"POWAIR CARBON SERIES 0.8L HPA SYSTEM 300 BAR"},"content":{"rendered":"<p>PowAir CARBON Series Paintball HP s\u00fcsteem on varustatud kerge klaaskiudkattega, mille t\u00e4itemaht on 48ci \/ 0,8L ja t\u00f6\u00f6r\u00f5hk 300 bar \/ 4500 PSI. See HP s\u00fcsteem, mis on varustatud PowAir MAXREG regulaatoriga, pakub maksimaalset j\u00f5udlust ja vastupidavust soodsa hinnaga.<\/p>\n<p>PowAir MAXREG regulaatori standardne v\u00e4ljundr\u00f5hk on 800 PSI, mida saab m\u00f5ne lihtsa sammuga muuta 600 PSI madalr\u00f5hu regulaatoriks.<\/p>","protected":false},"excerpt":{"rendered":"<p>PowAir CARBON Series Paintball HP s\u00fcsteem on varustatud kerge klaaskiudkattega, mille t\u00e4itemaht on 48ci \/ 0,8L ja t\u00f6\u00f6r\u00f5hk 300 bar \/ 4500 PSI. See HP s\u00fcsteem, mis on varustatud PowAir MAXREG regulaatoriga, pakub maksimaalset j\u00f5udlust ja vastupidavust soodsa hinnaga. PowAir MAXREG regulaatori standardne v\u00e4ljundr\u00f5hk on 800 PSI, mida saab m\u00f5ne lihtsa sammuga muuta 600 PSI [&#8230;]\n","protected":false},"featured_media":5228,"template":"","meta":[],"product_brand":[],"product_cat":[168],"product_tag":[],"class_list":{"0":"post-5366","1":"product","2":"type-product","3":"status-publish","4":"has-post-thumbnail","6":"product_cat-hpa-tarvikud","8":"first","9":"instock","10":"taxable","11":"shipping-taxable","12":"purchasable","13":"product-type-simple"},"yoast_head":"<!-- This site is optimized with the Yoast SEO Premium plugin v27.3 (Yoast SEO v27.3) - https:\/\/yoast.com\/product\/yoast-seo-premium-wordpress\/ -->\n<title>POWAIR CARBON SERIES 0.8L HPA SYSTEM 300 BAR - Lahingurada e-pood<\/title>\n<meta name=\"description\" content=\"PowAir CARBON Series Paintball HP s\u00fcsteem on varustatud kerge klaaskiudkattega, mille t\u00e4itemaht on 48ci \/ 0,8L ja t\u00f6\u00f6r\u00f5hk 300 bar \/ 4500 PSI. See HP s\u00fcsteem\" \/>\n<meta name=\"robots\" content=\"index, follow, max-snippet:-1, max-image-preview:large, max-video-preview:-1\" \/>\n<link rel=\"canonical\" href=\"https:\/\/lahingupood.ee\/en\/product\/powair-carbon-series-0-8l-hpa-system-300-bar\/\" \/>\n<meta property=\"og:locale\" content=\"en_GB\" \/>\n<meta property=\"og:type\" content=\"article\" \/>\n<meta property=\"og:title\" content=\"POWAIR CARBON SERIES 0.8L HPA SYSTEM 300 BAR\" \/>\n<meta property=\"og:description\" content=\"PowAir CARBON Series Paintball HP s\u00fcsteem on varustatud kerge klaaskiudkattega, mille t\u00e4itemaht on 48ci \/ 0,8L ja t\u00f6\u00f6r\u00f5hk 300 bar \/ 4500 PSI. See HP s\u00fcsteem\" \/>\n<meta property=\"og:url\" content=\"https:\/\/lahingupood.ee\/en\/product\/powair-carbon-series-0-8l-hpa-system-300-bar\/\" \/>\n<meta property=\"og:site_name\" content=\"Lahingurada e-pood\" \/>\n<meta property=\"article:publisher\" content=\"https:\/\/www.facebook.com\/Lahingurada-629940247212967\" \/>\n<meta property=\"article:modified_time\" content=\"2026-04-12T17:30:05+00:00\" \/>\n<meta property=\"og:image\" content=\"https:\/\/lahingupood.ee\/wp-content\/uploads\/2024\/08\/PowAir_Carbon_Series_08L_300_Bar_Paintball_HP_System_Maxreg.jpg\" \/>\n\t<meta property=\"og:image:width\" content=\"750\" \/>\n\t<meta property=\"og:image:height\" content=\"750\" \/>\n\t<meta property=\"og:image:type\" content=\"image\/jpeg\" \/>\n<meta name=\"twitter:card\" content=\"summary_large_image\" \/>\n<meta name=\"twitter:label1\" content=\"Estimated reading time\" \/>\n\t<meta name=\"twitter:data1\" content=\"1 minute\" \/>\n<script type=\"application\/ld+json\" class=\"yoast-schema-graph\">{\"@context\":\"https:\\\/\\\/schema.org\",\"@graph\":[{\"@type\":\"WebPage\",\"@id\":\"https:\\\/\\\/lahingupood.ee\\\/toode\\\/powair-carbon-series-0-8l-hpa-system-300-bar\\\/\",\"url\":\"https:\\\/\\\/lahingupood.ee\\\/toode\\\/powair-carbon-series-0-8l-hpa-system-300-bar\\\/\",\"name\":\"POWAIR CARBON SERIES 0.8L HPA SYSTEM 300 BAR - Lahingurada e-pood\",\"isPartOf\":{\"@id\":\"https:\\\/\\\/lahingupood.ee\\\/#website\"},\"primaryImageOfPage\":{\"@id\":\"https:\\\/\\\/lahingupood.ee\\\/toode\\\/powair-carbon-series-0-8l-hpa-system-300-bar\\\/#primaryimage\"},\"image\":{\"@id\":\"https:\\\/\\\/lahingupood.ee\\\/toode\\\/powair-carbon-series-0-8l-hpa-system-300-bar\\\/#primaryimage\"},\"thumbnailUrl\":\"https:\\\/\\\/lahingupood.ee\\\/wp-content\\\/uploads\\\/2024\\\/08\\\/PowAir_Carbon_Series_08L_300_Bar_Paintball_HP_System_Maxreg.jpg\",\"datePublished\":\"2024-09-03T12:47:43+00:00\",\"dateModified\":\"2026-04-12T17:30:05+00:00\",\"description\":\"PowAir CARBON Series Paintball HP s\u00fcsteem on varustatud kerge klaaskiudkattega, mille t\u00e4itemaht on 48ci \\\/ 0,8L ja t\u00f6\u00f6r\u00f5hk 300 bar \\\/ 4500 PSI. See HP s\u00fcsteem\",\"breadcrumb\":{\"@id\":\"https:\\\/\\\/lahingupood.ee\\\/toode\\\/powair-carbon-series-0-8l-hpa-system-300-bar\\\/#breadcrumb\"},\"inLanguage\":\"en-GB\",\"potentialAction\":[{\"@type\":\"ReadAction\",\"target\":[\"https:\\\/\\\/lahingupood.ee\\\/toode\\\/powair-carbon-series-0-8l-hpa-system-300-bar\\\/\"]}]},{\"@type\":\"ImageObject\",\"inLanguage\":\"en-GB\",\"@id\":\"https:\\\/\\\/lahingupood.ee\\\/toode\\\/powair-carbon-series-0-8l-hpa-system-300-bar\\\/#primaryimage\",\"url\":\"https:\\\/\\\/lahingupood.ee\\\/wp-content\\\/uploads\\\/2024\\\/08\\\/PowAir_Carbon_Series_08L_300_Bar_Paintball_HP_System_Maxreg.jpg\",\"contentUrl\":\"https:\\\/\\\/lahingupood.ee\\\/wp-content\\\/uploads\\\/2024\\\/08\\\/PowAir_Carbon_Series_08L_300_Bar_Paintball_HP_System_Maxreg.jpg\",\"width\":750,\"height\":750},{\"@type\":\"BreadcrumbList\",\"@id\":\"https:\\\/\\\/lahingupood.ee\\\/toode\\\/powair-carbon-series-0-8l-hpa-system-300-bar\\\/#breadcrumb\",\"itemListElement\":[{\"@type\":\"ListItem\",\"position\":1,\"name\":\"Home\",\"item\":\"https:\\\/\\\/lahingupood.ee\\\/\"},{\"@type\":\"ListItem\",\"position\":2,\"name\":\"Tooted\",\"item\":\"https:\\\/\\\/lahingupood.ee\\\/tooted\\\/\"},{\"@type\":\"ListItem\",\"position\":3,\"name\":\"POWAIR CARBON SERIES 0.8L HPA SYSTEM 300 BAR\"}]},{\"@type\":\"WebSite\",\"@id\":\"https:\\\/\\\/lahingupood.ee\\\/#website\",\"url\":\"https:\\\/\\\/lahingupood.ee\\\/\",\"name\":\"Lahingurada e-pood\",\"description\":\"Airsoft\",\"publisher\":{\"@id\":\"https:\\\/\\\/lahingupood.ee\\\/#organization\"},\"potentialAction\":[{\"@type\":\"SearchAction\",\"target\":{\"@type\":\"EntryPoint\",\"urlTemplate\":\"https:\\\/\\\/lahingupood.ee\\\/?s={search_term_string}\"},\"query-input\":{\"@type\":\"PropertyValueSpecification\",\"valueRequired\":true,\"valueName\":\"search_term_string\"}}],\"inLanguage\":\"en-GB\"},{\"@type\":\"Organization\",\"@id\":\"https:\\\/\\\/lahingupood.ee\\\/#organization\",\"name\":\"Lahingurada\",\"url\":\"https:\\\/\\\/lahingupood.ee\\\/\",\"logo\":{\"@type\":\"ImageObject\",\"inLanguage\":\"en-GB\",\"@id\":\"https:\\\/\\\/lahingupood.ee\\\/#\\\/schema\\\/logo\\\/image\\\/\",\"url\":\"https:\\\/\\\/lahingupood.ee\\\/wp-content\\\/uploads\\\/2022\\\/03\\\/lahingurada-220318.jpg\",\"contentUrl\":\"https:\\\/\\\/lahingupood.ee\\\/wp-content\\\/uploads\\\/2022\\\/03\\\/lahingurada-220318.jpg\",\"width\":800,\"height\":500,\"caption\":\"Lahingurada\"},\"image\":{\"@id\":\"https:\\\/\\\/lahingupood.ee\\\/#\\\/schema\\\/logo\\\/image\\\/\"},\"sameAs\":[\"https:\\\/\\\/www.facebook.com\\\/Lahingurada-629940247212967\"]}]}<\/script>\n<!-- \/ Yoast SEO Premium plugin. -->","yoast_head_json":{"title":"POWAIR CARBON SERIES 0.8L HPA SYSTEM 300 BAR - Lahingurada e-pood","description":"PowAir CARBON Series Paintball HP s\u00fcsteem on varustatud kerge klaaskiudkattega, mille t\u00e4itemaht on 48ci \/ 0,8L ja t\u00f6\u00f6r\u00f5hk 300 bar \/ 4500 PSI. See HP s\u00fcsteem","robots":{"index":"index","follow":"follow","max-snippet":"max-snippet:-1","max-image-preview":"max-image-preview:large","max-video-preview":"max-video-preview:-1"},"canonical":"https:\/\/lahingupood.ee\/en\/product\/powair-carbon-series-0-8l-hpa-system-300-bar\/","og_locale":"en_GB","og_type":"article","og_title":"POWAIR CARBON SERIES 0.8L HPA SYSTEM 300 BAR","og_description":"PowAir CARBON Series Paintball HP s\u00fcsteem on varustatud kerge klaaskiudkattega, mille t\u00e4itemaht on 48ci \/ 0,8L ja t\u00f6\u00f6r\u00f5hk 300 bar \/ 4500 PSI. See HP s\u00fcsteem","og_url":"https:\/\/lahingupood.ee\/en\/product\/powair-carbon-series-0-8l-hpa-system-300-bar\/","og_site_name":"Lahingurada e-pood","article_publisher":"https:\/\/www.facebook.com\/Lahingurada-629940247212967","article_modified_time":"2026-04-12T17:30:05+00:00","og_image":[{"width":750,"height":750,"url":"https:\/\/lahingupood.ee\/wp-content\/uploads\/2024\/08\/PowAir_Carbon_Series_08L_300_Bar_Paintball_HP_System_Maxreg.jpg","type":"image\/jpeg"}],"twitter_card":"summary_large_image","twitter_misc":{"Estimated reading time":"1 minute"},"schema":{"@context":"https:\/\/schema.org","@graph":[{"@type":"WebPage","@id":"https:\/\/lahingupood.ee\/toode\/powair-carbon-series-0-8l-hpa-system-300-bar\/","url":"https:\/\/lahingupood.ee\/toode\/powair-carbon-series-0-8l-hpa-system-300-bar\/","name":"POWAIR CARBON SERIES 0.8L HPA SYSTEM 300 BAR - Lahingurada e-pood","isPartOf":{"@id":"https:\/\/lahingupood.ee\/#website"},"primaryImageOfPage":{"@id":"https:\/\/lahingupood.ee\/toode\/powair-carbon-series-0-8l-hpa-system-300-bar\/#primaryimage"},"image":{"@id":"https:\/\/lahingupood.ee\/toode\/powair-carbon-series-0-8l-hpa-system-300-bar\/#primaryimage"},"thumbnailUrl":"https:\/\/lahingupood.ee\/wp-content\/uploads\/2024\/08\/PowAir_Carbon_Series_08L_300_Bar_Paintball_HP_System_Maxreg.jpg","datePublished":"2024-09-03T12:47:43+00:00","dateModified":"2026-04-12T17:30:05+00:00","description":"PowAir CARBON Series Paintball HP s\u00fcsteem on varustatud kerge klaaskiudkattega, mille t\u00e4itemaht on 48ci \/ 0,8L ja t\u00f6\u00f6r\u00f5hk 300 bar \/ 4500 PSI. See HP s\u00fcsteem","breadcrumb":{"@id":"https:\/\/lahingupood.ee\/toode\/powair-carbon-series-0-8l-hpa-system-300-bar\/#breadcrumb"},"inLanguage":"en-GB","potentialAction":[{"@type":"ReadAction","target":["https:\/\/lahingupood.ee\/toode\/powair-carbon-series-0-8l-hpa-system-300-bar\/"]}]},{"@type":"ImageObject","inLanguage":"en-GB","@id":"https:\/\/lahingupood.ee\/toode\/powair-carbon-series-0-8l-hpa-system-300-bar\/#primaryimage","url":"https:\/\/lahingupood.ee\/wp-content\/uploads\/2024\/08\/PowAir_Carbon_Series_08L_300_Bar_Paintball_HP_System_Maxreg.jpg","contentUrl":"https:\/\/lahingupood.ee\/wp-content\/uploads\/2024\/08\/PowAir_Carbon_Series_08L_300_Bar_Paintball_HP_System_Maxreg.jpg","width":750,"height":750},{"@type":"BreadcrumbList","@id":"https:\/\/lahingupood.ee\/toode\/powair-carbon-series-0-8l-hpa-system-300-bar\/#breadcrumb","itemListElement":[{"@type":"ListItem","position":1,"name":"Home","item":"https:\/\/lahingupood.ee\/"},{"@type":"ListItem","position":2,"name":"Tooted","item":"https:\/\/lahingupood.ee\/tooted\/"},{"@type":"ListItem","position":3,"name":"POWAIR CARBON SERIES 0.8L HPA SYSTEM 300 BAR"}]},{"@type":"WebSite","@id":"https:\/\/lahingupood.ee\/#website","url":"https:\/\/lahingupood.ee\/","name":"Lahingurada e-pood","description":"Airsoft","publisher":{"@id":"https:\/\/lahingupood.ee\/#organization"},"potentialAction":[{"@type":"SearchAction","target":{"@type":"EntryPoint","urlTemplate":"https:\/\/lahingupood.ee\/?s={search_term_string}"},"query-input":{"@type":"PropertyValueSpecification","valueRequired":true,"valueName":"search_term_string"}}],"inLanguage":"en-GB"},{"@type":"Organization","@id":"https:\/\/lahingupood.ee\/#organization","name":"Lahingurada","url":"https:\/\/lahingupood.ee\/","logo":{"@type":"ImageObject","inLanguage":"en-GB","@id":"https:\/\/lahingupood.ee\/#\/schema\/logo\/image\/","url":"https:\/\/lahingupood.ee\/wp-content\/uploads\/2022\/03\/lahingurada-220318.jpg","contentUrl":"https:\/\/lahingupood.ee\/wp-content\/uploads\/2022\/03\/lahingurada-220318.jpg","width":800,"height":500,"caption":"Lahingurada"},"image":{"@id":"https:\/\/lahingupood.ee\/#\/schema\/logo\/image\/"},"sameAs":["https:\/\/www.facebook.com\/Lahingurada-629940247212967"]}]}},"_links":{"self":[{"href":"https:\/\/lahingupood.ee\/en\/wp-json\/wp\/v2\/product\/5366","targetHints":{"allow":["GET"]}}],"collection":[{"href":"https:\/\/lahingupood.ee\/en\/wp-json\/wp\/v2\/product"}],"about":[{"href":"https:\/\/lahingupood.ee\/en\/wp-json\/wp\/v2\/types\/product"}],"wp:featuredmedia":[{"embeddable":true,"href":"https:\/\/lahingupood.ee\/en\/wp-json\/wp\/v2\/media\/5228"}],"wp:attachment":[{"href":"https:\/\/lahingupood.ee\/en\/wp-json\/wp\/v2\/media?parent=5366"}],"wp:term":[{"taxonomy":"product_brand","embeddable":true,"href":"https:\/\/lahingupood.ee\/en\/wp-json\/wp\/v2\/product_brand?post=5366"},{"taxonomy":"product_cat","embeddable":true,"href":"https:\/\/lahingupood.ee\/en\/wp-json\/wp\/v2\/product_cat?post=5366"},{"taxonomy":"product_tag","embeddable":true,"href":"https:\/\/lahingupood.ee\/en\/wp-json\/wp\/v2\/product_tag?post=5366"}],"curies":[{"name":"wp","href":"https:\/\/api.w.org\/{rel}","templated":true}]}}