{"id":5365,"date":"2024-09-03T15:44:59","date_gmt":"2024-09-03T12:44:59","guid":{"rendered":"https:\/\/lahingupood.ee\/?post_type=product&#038;p=5365"},"modified":"2026-05-02T21:15:03","modified_gmt":"2026-05-02T18:15:03","slug":"powair-ultimate-series-1-1l-hpa-system-300-bar","status":"publish","type":"product","link":"https:\/\/lahingupood.ee\/en\/product\/powair-ultimate-series-1-1l-hpa-system-300-bar\/","title":{"rendered":"POWAIR ULTIMATE SERIES 1.1L HPA SYSTEM 300 BAR"},"content":{"rendered":"<p data-section-id=\"1wj8kwf\" data-start=\"313\" data-end=\"391\">PowAir Ultimate Series 1.1L HPA System \u2013 \u00fclikerge ja kompaktne HP lahendus<\/p>\n<p data-start=\"393\" data-end=\"580\">PowAir Ultimate Series HPA System 1.1L on k\u00f5rgtasemel HP s\u00fcsteem, mis on m\u00f5eldud airsofti ja paintballi kasutuseks. See \u00fchendab v\u00e4ga v\u00e4ikese kaalu, kompaktse disaini ja k\u00f5rge t\u00f6\u00f6kindluse. S\u00fcsteemi kaal on vaid 690 g, mis teeb sellest \u00fche kergema HPA pudeli turul. See aitab v\u00e4hendada varustuse kogukaalu ja parandada liikuvust m\u00e4ngus. 1.1-liitrine mahutavus ja 300 bar t\u00f6\u00f6r\u00f5hk tagavad stabiilse ja pikaajalise \u00f5huvarustuse HPA s\u00fcsteemidele. Komplektis olev MaxReg regulaator pakub reguleeritavat v\u00e4ljundr\u00f5hku (850 PSI kuni 450 PSI), sobides erinevatele HPA s\u00fcsteemidele ja markeritele.<\/p>","protected":false},"excerpt":{"rendered":"<p>PowAir Ultimate Series 1.1L HPA System \u2013 \u00fclikerge ja kompaktne HP lahendus PowAir Ultimate Series HPA System 1.1L on k\u00f5rgtasemel HP s\u00fcsteem, mis on m\u00f5eldud airsofti ja paintballi kasutuseks. See \u00fchendab v\u00e4ga v\u00e4ikese kaalu, kompaktse disaini ja k\u00f5rge t\u00f6\u00f6kindluse. S\u00fcsteemi kaal on vaid 690 g, mis teeb sellest \u00fche kergema HPA pudeli turul. See aitab [&#8230;]\n","protected":false},"featured_media":5235,"template":"","meta":[],"product_brand":[],"product_cat":[168],"product_tag":[],"class_list":{"0":"post-5365","1":"product","2":"type-product","3":"status-publish","4":"has-post-thumbnail","6":"product_cat-hpa-tarvikud","8":"first","9":"instock","10":"taxable","11":"shipping-taxable","12":"purchasable","13":"product-type-simple"},"yoast_head":"<!-- This site is optimized with the Yoast SEO Premium plugin v27.5 (Yoast SEO v27.5) - https:\/\/yoast.com\/product\/yoast-seo-premium-wordpress\/ -->\n<title>PowAir Ultimate Series HPA System 1.1L 300 Bar<\/title>\n<meta name=\"description\" content=\"PowAir Ultimate Series 1.1L HPA system 300 bar on \u00fclikerge HP s\u00fcsteem airsoftile ja paintballile. Kaasas MaxReg regulaator ja kompaktne disain.\" \/>\n<meta name=\"robots\" content=\"index, follow, max-snippet:-1, max-image-preview:large, max-video-preview:-1\" \/>\n<link rel=\"canonical\" href=\"https:\/\/lahingupood.ee\/en\/product\/powair-ultimate-series-1-1l-hpa-system-300-bar\/\" \/>\n<meta property=\"og:locale\" content=\"en_GB\" \/>\n<meta property=\"og:type\" content=\"article\" \/>\n<meta property=\"og:title\" content=\"POWAIR ULTIMATE SERIES 1.1L HPA SYSTEM 300 BAR\" \/>\n<meta property=\"og:description\" content=\"PowAir Ultimate Series 1.1L HPA system 300 bar on \u00fclikerge HP s\u00fcsteem airsoftile ja paintballile. Kaasas MaxReg regulaator ja kompaktne disain.\" \/>\n<meta property=\"og:url\" content=\"https:\/\/lahingupood.ee\/en\/product\/powair-ultimate-series-1-1l-hpa-system-300-bar\/\" \/>\n<meta property=\"og:site_name\" content=\"Lahingurada e-pood\" \/>\n<meta property=\"article:publisher\" content=\"https:\/\/www.facebook.com\/Lahingurada-629940247212967\" \/>\n<meta property=\"article:modified_time\" content=\"2026-05-02T18:15:03+00:00\" \/>\n<meta property=\"og:image\" content=\"https:\/\/lahingupood.ee\/wp-content\/uploads\/2024\/08\/PowAir_Ultimate_Series_Ultralite_Paintball_HP_System_300_Bar.jpg\" \/>\n\t<meta property=\"og:image:width\" content=\"750\" \/>\n\t<meta property=\"og:image:height\" content=\"750\" \/>\n\t<meta property=\"og:image:type\" content=\"image\/jpeg\" \/>\n<meta name=\"twitter:card\" content=\"summary_large_image\" \/>\n<meta name=\"twitter:label1\" content=\"Estimated reading time\" \/>\n\t<meta name=\"twitter:data1\" content=\"1 minute\" \/>\n<script type=\"application\/ld+json\" class=\"yoast-schema-graph\">{\"@context\":\"https:\\\/\\\/schema.org\",\"@graph\":[{\"@type\":\"WebPage\",\"@id\":\"https:\\\/\\\/lahingupood.ee\\\/toode\\\/powair-ultimate-series-1-1l-hpa-system-300-bar\\\/\",\"url\":\"https:\\\/\\\/lahingupood.ee\\\/toode\\\/powair-ultimate-series-1-1l-hpa-system-300-bar\\\/\",\"name\":\"PowAir Ultimate Series HPA System 1.1L 300 Bar\",\"isPartOf\":{\"@id\":\"https:\\\/\\\/lahingupood.ee\\\/#website\"},\"primaryImageOfPage\":{\"@id\":\"https:\\\/\\\/lahingupood.ee\\\/toode\\\/powair-ultimate-series-1-1l-hpa-system-300-bar\\\/#primaryimage\"},\"image\":{\"@id\":\"https:\\\/\\\/lahingupood.ee\\\/toode\\\/powair-ultimate-series-1-1l-hpa-system-300-bar\\\/#primaryimage\"},\"thumbnailUrl\":\"https:\\\/\\\/lahingupood.ee\\\/wp-content\\\/uploads\\\/2024\\\/08\\\/PowAir_Ultimate_Series_Ultralite_Paintball_HP_System_300_Bar.jpg\",\"datePublished\":\"2024-09-03T12:44:59+00:00\",\"dateModified\":\"2026-05-02T18:15:03+00:00\",\"description\":\"PowAir Ultimate Series 1.1L HPA system 300 bar on \u00fclikerge HP s\u00fcsteem airsoftile ja paintballile. Kaasas MaxReg regulaator ja kompaktne disain.\",\"breadcrumb\":{\"@id\":\"https:\\\/\\\/lahingupood.ee\\\/toode\\\/powair-ultimate-series-1-1l-hpa-system-300-bar\\\/#breadcrumb\"},\"inLanguage\":\"en-GB\",\"potentialAction\":[{\"@type\":\"ReadAction\",\"target\":[\"https:\\\/\\\/lahingupood.ee\\\/toode\\\/powair-ultimate-series-1-1l-hpa-system-300-bar\\\/\"]}]},{\"@type\":\"ImageObject\",\"inLanguage\":\"en-GB\",\"@id\":\"https:\\\/\\\/lahingupood.ee\\\/toode\\\/powair-ultimate-series-1-1l-hpa-system-300-bar\\\/#primaryimage\",\"url\":\"https:\\\/\\\/lahingupood.ee\\\/wp-content\\\/uploads\\\/2024\\\/08\\\/PowAir_Ultimate_Series_Ultralite_Paintball_HP_System_300_Bar.jpg\",\"contentUrl\":\"https:\\\/\\\/lahingupood.ee\\\/wp-content\\\/uploads\\\/2024\\\/08\\\/PowAir_Ultimate_Series_Ultralite_Paintball_HP_System_300_Bar.jpg\",\"width\":750,\"height\":750},{\"@type\":\"BreadcrumbList\",\"@id\":\"https:\\\/\\\/lahingupood.ee\\\/toode\\\/powair-ultimate-series-1-1l-hpa-system-300-bar\\\/#breadcrumb\",\"itemListElement\":[{\"@type\":\"ListItem\",\"position\":1,\"name\":\"Home\",\"item\":\"https:\\\/\\\/lahingupood.ee\\\/\"},{\"@type\":\"ListItem\",\"position\":2,\"name\":\"Tooted\",\"item\":\"https:\\\/\\\/lahingupood.ee\\\/tooted\\\/\"},{\"@type\":\"ListItem\",\"position\":3,\"name\":\"POWAIR ULTIMATE SERIES 1.1L HPA SYSTEM 300 BAR\"}]},{\"@type\":\"WebSite\",\"@id\":\"https:\\\/\\\/lahingupood.ee\\\/#website\",\"url\":\"https:\\\/\\\/lahingupood.ee\\\/\",\"name\":\"Lahingurada e-pood\",\"description\":\"Airsoft\",\"publisher\":{\"@id\":\"https:\\\/\\\/lahingupood.ee\\\/#organization\"},\"potentialAction\":[{\"@type\":\"SearchAction\",\"target\":{\"@type\":\"EntryPoint\",\"urlTemplate\":\"https:\\\/\\\/lahingupood.ee\\\/?s={search_term_string}\"},\"query-input\":{\"@type\":\"PropertyValueSpecification\",\"valueRequired\":true,\"valueName\":\"search_term_string\"}}],\"inLanguage\":\"en-GB\"},{\"@type\":\"Organization\",\"@id\":\"https:\\\/\\\/lahingupood.ee\\\/#organization\",\"name\":\"Lahingurada\",\"url\":\"https:\\\/\\\/lahingupood.ee\\\/\",\"logo\":{\"@type\":\"ImageObject\",\"inLanguage\":\"en-GB\",\"@id\":\"https:\\\/\\\/lahingupood.ee\\\/#\\\/schema\\\/logo\\\/image\\\/\",\"url\":\"https:\\\/\\\/lahingupood.ee\\\/wp-content\\\/uploads\\\/2022\\\/03\\\/lahingurada-220318.jpg\",\"contentUrl\":\"https:\\\/\\\/lahingupood.ee\\\/wp-content\\\/uploads\\\/2022\\\/03\\\/lahingurada-220318.jpg\",\"width\":800,\"height\":500,\"caption\":\"Lahingurada\"},\"image\":{\"@id\":\"https:\\\/\\\/lahingupood.ee\\\/#\\\/schema\\\/logo\\\/image\\\/\"},\"sameAs\":[\"https:\\\/\\\/www.facebook.com\\\/Lahingurada-629940247212967\"]}]}<\/script>\n<!-- \/ Yoast SEO Premium plugin. -->","yoast_head_json":{"title":"PowAir Ultimate Series HPA System 1.1L 300 Bar","description":"PowAir Ultimate Series 1.1L HPA system 300 bar on \u00fclikerge HP s\u00fcsteem airsoftile ja paintballile. Kaasas MaxReg regulaator ja kompaktne disain.","robots":{"index":"index","follow":"follow","max-snippet":"max-snippet:-1","max-image-preview":"max-image-preview:large","max-video-preview":"max-video-preview:-1"},"canonical":"https:\/\/lahingupood.ee\/en\/product\/powair-ultimate-series-1-1l-hpa-system-300-bar\/","og_locale":"en_GB","og_type":"article","og_title":"POWAIR ULTIMATE SERIES 1.1L HPA SYSTEM 300 BAR","og_description":"PowAir Ultimate Series 1.1L HPA system 300 bar on \u00fclikerge HP s\u00fcsteem airsoftile ja paintballile. Kaasas MaxReg regulaator ja kompaktne disain.","og_url":"https:\/\/lahingupood.ee\/en\/product\/powair-ultimate-series-1-1l-hpa-system-300-bar\/","og_site_name":"Lahingurada e-pood","article_publisher":"https:\/\/www.facebook.com\/Lahingurada-629940247212967","article_modified_time":"2026-05-02T18:15:03+00:00","og_image":[{"width":750,"height":750,"url":"https:\/\/lahingupood.ee\/wp-content\/uploads\/2024\/08\/PowAir_Ultimate_Series_Ultralite_Paintball_HP_System_300_Bar.jpg","type":"image\/jpeg"}],"twitter_card":"summary_large_image","twitter_misc":{"Estimated reading time":"1 minute"},"schema":{"@context":"https:\/\/schema.org","@graph":[{"@type":"WebPage","@id":"https:\/\/lahingupood.ee\/toode\/powair-ultimate-series-1-1l-hpa-system-300-bar\/","url":"https:\/\/lahingupood.ee\/toode\/powair-ultimate-series-1-1l-hpa-system-300-bar\/","name":"PowAir Ultimate Series HPA System 1.1L 300 Bar","isPartOf":{"@id":"https:\/\/lahingupood.ee\/#website"},"primaryImageOfPage":{"@id":"https:\/\/lahingupood.ee\/toode\/powair-ultimate-series-1-1l-hpa-system-300-bar\/#primaryimage"},"image":{"@id":"https:\/\/lahingupood.ee\/toode\/powair-ultimate-series-1-1l-hpa-system-300-bar\/#primaryimage"},"thumbnailUrl":"https:\/\/lahingupood.ee\/wp-content\/uploads\/2024\/08\/PowAir_Ultimate_Series_Ultralite_Paintball_HP_System_300_Bar.jpg","datePublished":"2024-09-03T12:44:59+00:00","dateModified":"2026-05-02T18:15:03+00:00","description":"PowAir Ultimate Series 1.1L HPA system 300 bar on \u00fclikerge HP s\u00fcsteem airsoftile ja paintballile. Kaasas MaxReg regulaator ja kompaktne disain.","breadcrumb":{"@id":"https:\/\/lahingupood.ee\/toode\/powair-ultimate-series-1-1l-hpa-system-300-bar\/#breadcrumb"},"inLanguage":"en-GB","potentialAction":[{"@type":"ReadAction","target":["https:\/\/lahingupood.ee\/toode\/powair-ultimate-series-1-1l-hpa-system-300-bar\/"]}]},{"@type":"ImageObject","inLanguage":"en-GB","@id":"https:\/\/lahingupood.ee\/toode\/powair-ultimate-series-1-1l-hpa-system-300-bar\/#primaryimage","url":"https:\/\/lahingupood.ee\/wp-content\/uploads\/2024\/08\/PowAir_Ultimate_Series_Ultralite_Paintball_HP_System_300_Bar.jpg","contentUrl":"https:\/\/lahingupood.ee\/wp-content\/uploads\/2024\/08\/PowAir_Ultimate_Series_Ultralite_Paintball_HP_System_300_Bar.jpg","width":750,"height":750},{"@type":"BreadcrumbList","@id":"https:\/\/lahingupood.ee\/toode\/powair-ultimate-series-1-1l-hpa-system-300-bar\/#breadcrumb","itemListElement":[{"@type":"ListItem","position":1,"name":"Home","item":"https:\/\/lahingupood.ee\/"},{"@type":"ListItem","position":2,"name":"Tooted","item":"https:\/\/lahingupood.ee\/tooted\/"},{"@type":"ListItem","position":3,"name":"POWAIR ULTIMATE SERIES 1.1L HPA SYSTEM 300 BAR"}]},{"@type":"WebSite","@id":"https:\/\/lahingupood.ee\/#website","url":"https:\/\/lahingupood.ee\/","name":"Lahingurada e-pood","description":"Airsoft","publisher":{"@id":"https:\/\/lahingupood.ee\/#organization"},"potentialAction":[{"@type":"SearchAction","target":{"@type":"EntryPoint","urlTemplate":"https:\/\/lahingupood.ee\/?s={search_term_string}"},"query-input":{"@type":"PropertyValueSpecification","valueRequired":true,"valueName":"search_term_string"}}],"inLanguage":"en-GB"},{"@type":"Organization","@id":"https:\/\/lahingupood.ee\/#organization","name":"Lahingurada","url":"https:\/\/lahingupood.ee\/","logo":{"@type":"ImageObject","inLanguage":"en-GB","@id":"https:\/\/lahingupood.ee\/#\/schema\/logo\/image\/","url":"https:\/\/lahingupood.ee\/wp-content\/uploads\/2022\/03\/lahingurada-220318.jpg","contentUrl":"https:\/\/lahingupood.ee\/wp-content\/uploads\/2022\/03\/lahingurada-220318.jpg","width":800,"height":500,"caption":"Lahingurada"},"image":{"@id":"https:\/\/lahingupood.ee\/#\/schema\/logo\/image\/"},"sameAs":["https:\/\/www.facebook.com\/Lahingurada-629940247212967"]}]}},"_links":{"self":[{"href":"https:\/\/lahingupood.ee\/en\/wp-json\/wp\/v2\/product\/5365","targetHints":{"allow":["GET"]}}],"collection":[{"href":"https:\/\/lahingupood.ee\/en\/wp-json\/wp\/v2\/product"}],"about":[{"href":"https:\/\/lahingupood.ee\/en\/wp-json\/wp\/v2\/types\/product"}],"wp:featuredmedia":[{"embeddable":true,"href":"https:\/\/lahingupood.ee\/en\/wp-json\/wp\/v2\/media\/5235"}],"wp:attachment":[{"href":"https:\/\/lahingupood.ee\/en\/wp-json\/wp\/v2\/media?parent=5365"}],"wp:term":[{"taxonomy":"product_brand","embeddable":true,"href":"https:\/\/lahingupood.ee\/en\/wp-json\/wp\/v2\/product_brand?post=5365"},{"taxonomy":"product_cat","embeddable":true,"href":"https:\/\/lahingupood.ee\/en\/wp-json\/wp\/v2\/product_cat?post=5365"},{"taxonomy":"product_tag","embeddable":true,"href":"https:\/\/lahingupood.ee\/en\/wp-json\/wp\/v2\/product_tag?post=5365"}],"curies":[{"name":"wp","href":"https:\/\/api.w.org\/{rel}","templated":true}]}}