{"id":5362,"date":"2024-09-03T15:30:20","date_gmt":"2024-09-03T12:30:20","guid":{"rendered":"https:\/\/lahingupood.ee\/?post_type=product&#038;p=5362"},"modified":"2026-04-12T18:15:04","modified_gmt":"2026-04-12T15:15:04","slug":"powair-tactical-line-cc-0-21l-13ci-300-bar","status":"publish","type":"product","link":"https:\/\/lahingupood.ee\/en\/product\/powair-tactical-line-cc-0-21l-13ci-300-bar\/","title":{"rendered":"POWAIR TACTICAL LINE CC 0.21L \/ 13CI 300 BAR"},"content":{"rendered":"<p>Uus PowAir Tactical Line CC HP s\u00fcsteem seab uued standardid MagFed Paintball HP s\u00fcsteemide valdkonnas. Tactical Line CC (CC t\u00e4hendab l\u00e4hiv\u00f5itlust) s\u00fcsteemiga on PowAir loonud hetkel k\u00f5ige kompaktsema ja kaugeltki k\u00f5ige kergema 300 bar \/ 4500 PSI paintballi HP s\u00fcsteemi maailmas.<\/p>\n<p>MagFed m\u00e4ngijad ja Airsoft HPA f\u00e4nnid saavad n\u00fc\u00fcd nautida veelgi kompaktsemaid CQB ja CQC seadistusi oma relvadele.<\/p>\n<p>Uue Powair Tactical Line CC s\u00fcsteemide jaoks on HP pudeli suurust v\u00e4hendatud tervelt 20%. Tulemusena on saadud kompaktne 300 bar HP pudel, mille maht on 0,21 liitrit ja t\u00e4itesurve 300 bar. S\u00fcsteem on varustatud PowAir MaxReg regulaatoriga, mis on reguleeritava v\u00e4ljundr\u00f5huga ja pakub mitmeid huvitavaid standardfunktsioone, nagu topelt O-r\u00f5ngad, mikrofiltiga t\u00e4iteniplid, r\u00f5hu v\u00e4hendamine shim&#8217;ide abil (mis on stabiilsem kui vedrud!) ja palju muud.<\/p>\n<p>TACTICAL Line CC pudel on spetsiaalselt v\u00e4lja t\u00f6\u00f6tatud kasutamiseks MagFed paintballi spordi CQB ja CQC valdkonnas. Oma 50 mm l\u00e4bim\u00f5\u00f5duga sobib see igasse standard Air-Stock \u00f5latugedesse. See on v\u00e4iksem ja kompaktsem kui \u00fckski teine hetkel turul olev 300 bar komposiit balloon ja isegi v\u00e4iksem kui tavalised 0,2L 200 bar balloonid. Samal ajal pakub see t\u00e4issurvet 300 bar. See tagab maksimaalse j\u00f5udluse hoolimata \u00e4\u00e4rmiselt kompaktsest disainist.<\/p>\n<p>MagFed spordi rakenduse t\u00f5ttu on pudeli v\u00e4lispind hoitud taktikaliselt mustana.<\/p>\n<p>Pudel on \u00fchilduv k\u00f5igi standardsete 300 bar \/ 4500 PSI paintballi HP regulaatoritega.<\/p>","protected":false},"excerpt":{"rendered":"<p>Uus PowAir Tactical Line CC HP s\u00fcsteem seab uued standardid MagFed Paintball HP s\u00fcsteemide valdkonnas. Tactical Line CC (CC t\u00e4hendab l\u00e4hiv\u00f5itlust) s\u00fcsteemiga on PowAir loonud hetkel k\u00f5ige kompaktsema ja kaugeltki k\u00f5ige kergema 300 bar \/ 4500 PSI paintballi HP s\u00fcsteemi maailmas. MagFed m\u00e4ngijad ja Airsoft HPA f\u00e4nnid saavad n\u00fc\u00fcd nautida veelgi kompaktsemaid CQB ja CQC [&#8230;]\n","protected":false},"featured_media":5233,"template":"","meta":[],"product_brand":[],"product_cat":[168],"product_tag":[],"class_list":{"0":"post-5362","1":"product","2":"type-product","3":"status-publish","4":"has-post-thumbnail","6":"product_cat-hpa-tarvikud","8":"first","9":"instock","10":"taxable","11":"shipping-taxable","12":"purchasable","13":"product-type-simple"},"yoast_head":"<!-- This site is optimized with the Yoast SEO Premium plugin v27.3 (Yoast SEO v27.3) - https:\/\/yoast.com\/product\/yoast-seo-premium-wordpress\/ -->\n<title>POWAIR TACTICAL LINE CC 0.21L \/ 13CI 300 BAR - Lahingurada e-pood<\/title>\n<meta name=\"description\" content=\"Uus PowAir Tactical Line CC HP s\u00fcsteem seab uued standardid MagFed Paintball HP s\u00fcsteemide valdkonnas. Tactical Line CC (CC t\u00e4hendab l\u00e4hiv\u00f5itlust) s\u00fcsteemig\" \/>\n<meta name=\"robots\" content=\"index, follow, max-snippet:-1, max-image-preview:large, max-video-preview:-1\" \/>\n<link rel=\"canonical\" href=\"https:\/\/lahingupood.ee\/en\/product\/powair-tactical-line-cc-0-21l-13ci-300-bar\/\" \/>\n<meta property=\"og:locale\" content=\"en_GB\" \/>\n<meta property=\"og:type\" content=\"article\" \/>\n<meta property=\"og:title\" content=\"POWAIR TACTICAL LINE CC 0.21L \/ 13CI 300 BAR\" \/>\n<meta property=\"og:description\" content=\"Uus PowAir Tactical Line CC HP s\u00fcsteem seab uued standardid MagFed Paintball HP s\u00fcsteemide valdkonnas. Tactical Line CC (CC t\u00e4hendab l\u00e4hiv\u00f5itlust) s\u00fcsteemig\" \/>\n<meta property=\"og:url\" content=\"https:\/\/lahingupood.ee\/en\/product\/powair-tactical-line-cc-0-21l-13ci-300-bar\/\" \/>\n<meta property=\"og:site_name\" content=\"Lahingurada e-pood\" \/>\n<meta property=\"article:publisher\" content=\"https:\/\/www.facebook.com\/Lahingurada-629940247212967\" \/>\n<meta property=\"article:modified_time\" content=\"2026-04-12T15:15:04+00:00\" \/>\n<meta property=\"og:image\" content=\"https:\/\/lahingupood.ee\/wp-content\/uploads\/2024\/08\/PowAir_Tactical_Line_CC_Paintball_HP_System_300_Bar.jpg\" \/>\n\t<meta property=\"og:image:width\" content=\"750\" \/>\n\t<meta property=\"og:image:height\" content=\"750\" \/>\n\t<meta property=\"og:image:type\" content=\"image\/jpeg\" \/>\n<meta name=\"twitter:card\" content=\"summary_large_image\" \/>\n<meta name=\"twitter:label1\" content=\"Estimated reading time\" \/>\n\t<meta name=\"twitter:data1\" content=\"2 minutes\" \/>\n<script type=\"application\/ld+json\" class=\"yoast-schema-graph\">{\"@context\":\"https:\\\/\\\/schema.org\",\"@graph\":[{\"@type\":\"WebPage\",\"@id\":\"https:\\\/\\\/lahingupood.ee\\\/toode\\\/powair-tactical-line-cc-0-21l-13ci-300-bar\\\/\",\"url\":\"https:\\\/\\\/lahingupood.ee\\\/toode\\\/powair-tactical-line-cc-0-21l-13ci-300-bar\\\/\",\"name\":\"POWAIR TACTICAL LINE CC 0.21L \\\/ 13CI 300 BAR - Lahingurada e-pood\",\"isPartOf\":{\"@id\":\"https:\\\/\\\/lahingupood.ee\\\/#website\"},\"primaryImageOfPage\":{\"@id\":\"https:\\\/\\\/lahingupood.ee\\\/toode\\\/powair-tactical-line-cc-0-21l-13ci-300-bar\\\/#primaryimage\"},\"image\":{\"@id\":\"https:\\\/\\\/lahingupood.ee\\\/toode\\\/powair-tactical-line-cc-0-21l-13ci-300-bar\\\/#primaryimage\"},\"thumbnailUrl\":\"https:\\\/\\\/lahingupood.ee\\\/wp-content\\\/uploads\\\/2024\\\/08\\\/PowAir_Tactical_Line_CC_Paintball_HP_System_300_Bar.jpg\",\"datePublished\":\"2024-09-03T12:30:20+00:00\",\"dateModified\":\"2026-04-12T15:15:04+00:00\",\"description\":\"Uus PowAir Tactical Line CC HP s\u00fcsteem seab uued standardid MagFed Paintball HP s\u00fcsteemide valdkonnas. Tactical Line CC (CC t\u00e4hendab l\u00e4hiv\u00f5itlust) s\u00fcsteemig\",\"breadcrumb\":{\"@id\":\"https:\\\/\\\/lahingupood.ee\\\/toode\\\/powair-tactical-line-cc-0-21l-13ci-300-bar\\\/#breadcrumb\"},\"inLanguage\":\"en-GB\",\"potentialAction\":[{\"@type\":\"ReadAction\",\"target\":[\"https:\\\/\\\/lahingupood.ee\\\/toode\\\/powair-tactical-line-cc-0-21l-13ci-300-bar\\\/\"]}]},{\"@type\":\"ImageObject\",\"inLanguage\":\"en-GB\",\"@id\":\"https:\\\/\\\/lahingupood.ee\\\/toode\\\/powair-tactical-line-cc-0-21l-13ci-300-bar\\\/#primaryimage\",\"url\":\"https:\\\/\\\/lahingupood.ee\\\/wp-content\\\/uploads\\\/2024\\\/08\\\/PowAir_Tactical_Line_CC_Paintball_HP_System_300_Bar.jpg\",\"contentUrl\":\"https:\\\/\\\/lahingupood.ee\\\/wp-content\\\/uploads\\\/2024\\\/08\\\/PowAir_Tactical_Line_CC_Paintball_HP_System_300_Bar.jpg\",\"width\":750,\"height\":750},{\"@type\":\"BreadcrumbList\",\"@id\":\"https:\\\/\\\/lahingupood.ee\\\/toode\\\/powair-tactical-line-cc-0-21l-13ci-300-bar\\\/#breadcrumb\",\"itemListElement\":[{\"@type\":\"ListItem\",\"position\":1,\"name\":\"Home\",\"item\":\"https:\\\/\\\/lahingupood.ee\\\/\"},{\"@type\":\"ListItem\",\"position\":2,\"name\":\"Tooted\",\"item\":\"https:\\\/\\\/lahingupood.ee\\\/tooted\\\/\"},{\"@type\":\"ListItem\",\"position\":3,\"name\":\"POWAIR TACTICAL LINE CC 0.21L \\\/ 13CI 300 BAR\"}]},{\"@type\":\"WebSite\",\"@id\":\"https:\\\/\\\/lahingupood.ee\\\/#website\",\"url\":\"https:\\\/\\\/lahingupood.ee\\\/\",\"name\":\"Lahingurada e-pood\",\"description\":\"Airsoft\",\"publisher\":{\"@id\":\"https:\\\/\\\/lahingupood.ee\\\/#organization\"},\"potentialAction\":[{\"@type\":\"SearchAction\",\"target\":{\"@type\":\"EntryPoint\",\"urlTemplate\":\"https:\\\/\\\/lahingupood.ee\\\/?s={search_term_string}\"},\"query-input\":{\"@type\":\"PropertyValueSpecification\",\"valueRequired\":true,\"valueName\":\"search_term_string\"}}],\"inLanguage\":\"en-GB\"},{\"@type\":\"Organization\",\"@id\":\"https:\\\/\\\/lahingupood.ee\\\/#organization\",\"name\":\"Lahingurada\",\"url\":\"https:\\\/\\\/lahingupood.ee\\\/\",\"logo\":{\"@type\":\"ImageObject\",\"inLanguage\":\"en-GB\",\"@id\":\"https:\\\/\\\/lahingupood.ee\\\/#\\\/schema\\\/logo\\\/image\\\/\",\"url\":\"https:\\\/\\\/lahingupood.ee\\\/wp-content\\\/uploads\\\/2022\\\/03\\\/lahingurada-220318.jpg\",\"contentUrl\":\"https:\\\/\\\/lahingupood.ee\\\/wp-content\\\/uploads\\\/2022\\\/03\\\/lahingurada-220318.jpg\",\"width\":800,\"height\":500,\"caption\":\"Lahingurada\"},\"image\":{\"@id\":\"https:\\\/\\\/lahingupood.ee\\\/#\\\/schema\\\/logo\\\/image\\\/\"},\"sameAs\":[\"https:\\\/\\\/www.facebook.com\\\/Lahingurada-629940247212967\"]}]}<\/script>\n<!-- \/ Yoast SEO Premium plugin. -->","yoast_head_json":{"title":"POWAIR TACTICAL LINE CC 0.21L \/ 13CI 300 BAR - Lahingurada e-pood","description":"Uus PowAir Tactical Line CC HP s\u00fcsteem seab uued standardid MagFed Paintball HP s\u00fcsteemide valdkonnas. Tactical Line CC (CC t\u00e4hendab l\u00e4hiv\u00f5itlust) s\u00fcsteemig","robots":{"index":"index","follow":"follow","max-snippet":"max-snippet:-1","max-image-preview":"max-image-preview:large","max-video-preview":"max-video-preview:-1"},"canonical":"https:\/\/lahingupood.ee\/en\/product\/powair-tactical-line-cc-0-21l-13ci-300-bar\/","og_locale":"en_GB","og_type":"article","og_title":"POWAIR TACTICAL LINE CC 0.21L \/ 13CI 300 BAR","og_description":"Uus PowAir Tactical Line CC HP s\u00fcsteem seab uued standardid MagFed Paintball HP s\u00fcsteemide valdkonnas. Tactical Line CC (CC t\u00e4hendab l\u00e4hiv\u00f5itlust) s\u00fcsteemig","og_url":"https:\/\/lahingupood.ee\/en\/product\/powair-tactical-line-cc-0-21l-13ci-300-bar\/","og_site_name":"Lahingurada e-pood","article_publisher":"https:\/\/www.facebook.com\/Lahingurada-629940247212967","article_modified_time":"2026-04-12T15:15:04+00:00","og_image":[{"width":750,"height":750,"url":"https:\/\/lahingupood.ee\/wp-content\/uploads\/2024\/08\/PowAir_Tactical_Line_CC_Paintball_HP_System_300_Bar.jpg","type":"image\/jpeg"}],"twitter_card":"summary_large_image","twitter_misc":{"Estimated reading time":"2 minutes"},"schema":{"@context":"https:\/\/schema.org","@graph":[{"@type":"WebPage","@id":"https:\/\/lahingupood.ee\/toode\/powair-tactical-line-cc-0-21l-13ci-300-bar\/","url":"https:\/\/lahingupood.ee\/toode\/powair-tactical-line-cc-0-21l-13ci-300-bar\/","name":"POWAIR TACTICAL LINE CC 0.21L \/ 13CI 300 BAR - Lahingurada e-pood","isPartOf":{"@id":"https:\/\/lahingupood.ee\/#website"},"primaryImageOfPage":{"@id":"https:\/\/lahingupood.ee\/toode\/powair-tactical-line-cc-0-21l-13ci-300-bar\/#primaryimage"},"image":{"@id":"https:\/\/lahingupood.ee\/toode\/powair-tactical-line-cc-0-21l-13ci-300-bar\/#primaryimage"},"thumbnailUrl":"https:\/\/lahingupood.ee\/wp-content\/uploads\/2024\/08\/PowAir_Tactical_Line_CC_Paintball_HP_System_300_Bar.jpg","datePublished":"2024-09-03T12:30:20+00:00","dateModified":"2026-04-12T15:15:04+00:00","description":"Uus PowAir Tactical Line CC HP s\u00fcsteem seab uued standardid MagFed Paintball HP s\u00fcsteemide valdkonnas. Tactical Line CC (CC t\u00e4hendab l\u00e4hiv\u00f5itlust) s\u00fcsteemig","breadcrumb":{"@id":"https:\/\/lahingupood.ee\/toode\/powair-tactical-line-cc-0-21l-13ci-300-bar\/#breadcrumb"},"inLanguage":"en-GB","potentialAction":[{"@type":"ReadAction","target":["https:\/\/lahingupood.ee\/toode\/powair-tactical-line-cc-0-21l-13ci-300-bar\/"]}]},{"@type":"ImageObject","inLanguage":"en-GB","@id":"https:\/\/lahingupood.ee\/toode\/powair-tactical-line-cc-0-21l-13ci-300-bar\/#primaryimage","url":"https:\/\/lahingupood.ee\/wp-content\/uploads\/2024\/08\/PowAir_Tactical_Line_CC_Paintball_HP_System_300_Bar.jpg","contentUrl":"https:\/\/lahingupood.ee\/wp-content\/uploads\/2024\/08\/PowAir_Tactical_Line_CC_Paintball_HP_System_300_Bar.jpg","width":750,"height":750},{"@type":"BreadcrumbList","@id":"https:\/\/lahingupood.ee\/toode\/powair-tactical-line-cc-0-21l-13ci-300-bar\/#breadcrumb","itemListElement":[{"@type":"ListItem","position":1,"name":"Home","item":"https:\/\/lahingupood.ee\/"},{"@type":"ListItem","position":2,"name":"Tooted","item":"https:\/\/lahingupood.ee\/tooted\/"},{"@type":"ListItem","position":3,"name":"POWAIR TACTICAL LINE CC 0.21L \/ 13CI 300 BAR"}]},{"@type":"WebSite","@id":"https:\/\/lahingupood.ee\/#website","url":"https:\/\/lahingupood.ee\/","name":"Lahingurada e-pood","description":"Airsoft","publisher":{"@id":"https:\/\/lahingupood.ee\/#organization"},"potentialAction":[{"@type":"SearchAction","target":{"@type":"EntryPoint","urlTemplate":"https:\/\/lahingupood.ee\/?s={search_term_string}"},"query-input":{"@type":"PropertyValueSpecification","valueRequired":true,"valueName":"search_term_string"}}],"inLanguage":"en-GB"},{"@type":"Organization","@id":"https:\/\/lahingupood.ee\/#organization","name":"Lahingurada","url":"https:\/\/lahingupood.ee\/","logo":{"@type":"ImageObject","inLanguage":"en-GB","@id":"https:\/\/lahingupood.ee\/#\/schema\/logo\/image\/","url":"https:\/\/lahingupood.ee\/wp-content\/uploads\/2022\/03\/lahingurada-220318.jpg","contentUrl":"https:\/\/lahingupood.ee\/wp-content\/uploads\/2022\/03\/lahingurada-220318.jpg","width":800,"height":500,"caption":"Lahingurada"},"image":{"@id":"https:\/\/lahingupood.ee\/#\/schema\/logo\/image\/"},"sameAs":["https:\/\/www.facebook.com\/Lahingurada-629940247212967"]}]}},"_links":{"self":[{"href":"https:\/\/lahingupood.ee\/en\/wp-json\/wp\/v2\/product\/5362","targetHints":{"allow":["GET"]}}],"collection":[{"href":"https:\/\/lahingupood.ee\/en\/wp-json\/wp\/v2\/product"}],"about":[{"href":"https:\/\/lahingupood.ee\/en\/wp-json\/wp\/v2\/types\/product"}],"wp:featuredmedia":[{"embeddable":true,"href":"https:\/\/lahingupood.ee\/en\/wp-json\/wp\/v2\/media\/5233"}],"wp:attachment":[{"href":"https:\/\/lahingupood.ee\/en\/wp-json\/wp\/v2\/media?parent=5362"}],"wp:term":[{"taxonomy":"product_brand","embeddable":true,"href":"https:\/\/lahingupood.ee\/en\/wp-json\/wp\/v2\/product_brand?post=5362"},{"taxonomy":"product_cat","embeddable":true,"href":"https:\/\/lahingupood.ee\/en\/wp-json\/wp\/v2\/product_cat?post=5362"},{"taxonomy":"product_tag","embeddable":true,"href":"https:\/\/lahingupood.ee\/en\/wp-json\/wp\/v2\/product_tag?post=5362"}],"curies":[{"name":"wp","href":"https:\/\/api.w.org\/{rel}","templated":true}]}}