{"id":5361,"date":"2024-09-03T15:17:17","date_gmt":"2024-09-03T12:17:17","guid":{"rendered":"https:\/\/lahingupood.ee\/?post_type=product&#038;p=5361"},"modified":"2026-04-12T20:30:02","modified_gmt":"2026-04-12T17:30:02","slug":"powair-ultimate-series-1-3l-77ci-paintball","status":"publish","type":"product","link":"https:\/\/lahingupood.ee\/en\/product\/powair-ultimate-series-1-3l-77ci-paintball\/","title":{"rendered":"POWAIR ULTIMATE SERIES HPA Balloon 1.3L\/77CI 300 BAR"},"content":{"rendered":"<p>Powair ULTIMATE SERIES 1,3-liitrine Ultralite HP s\u00fcsteem koos PowAir Maxreg HP regulaatoriga.<\/p>\n<p>PowAir br\u00e4nd on olnud aastaid \u00fcks tuntumaid k\u00f5rgekvaliteediliste paintballi ja airsofti HPA s\u00fcsteemide tootjaid Euroopas. N\u00fc\u00fcd on tootja astunud sammu edasi ja esitleb oma t\u00e4iesti uusi ULTIMATE SERIES pudeleid.<\/p>\n<p>PowAir ULTIMATE SERIES pudel kaalub vaid 690g, mis teeb sellest \u00fche ultrakergest pudelist ning seega kaugeltki k\u00f5ige kergema mudeli turul.<\/p>\n<p>Erakordselt kompaktne disain v\u00f5imaldab \u00e4\u00e4rmiselt l\u00fchikesi seadistusi. M\u00e4ngijana saad kasutada kas juba t\u00f5estatud PowAir MaxReg regulaatorit, et saada standardpikkusega seadistus, v\u00f5i valida t\u00e4iesti uue PowAir MicroMax regulaatori, et saavutada \u00fclimalt l\u00fchike ja kompaktne HPA seadistus.<\/p>\n<p>See pudel on \u00fchilduv k\u00f5igi kommertsiaalselt saadaolevate 300 Bar \/ 4500 PSI paintball HP regulaatoritega.<\/p>\n<p>Nagu k\u00f5ik teisedki PowAir kaubam\u00e4rgi komposiit HP pudelid, on ka uued ULTIMATE SERIES pudelid ISO ja PI-T\u00dcV sertifitseeritud, et tagada ohutu kasutamine \u00fcle kogu maailma. Pudelite kasutusiga on 15 aastat ja neid tuleb iga 5 aasta j\u00e4rel uuesti testida.<\/p>\n<p>PowAir MAXREG HP regulaatorid pakuvad tippklassi tooteomadusi ja k\u00f5rget kvaliteeti uskumatult hea hinnaga. K\u00f5ik regulaatorid on PI-testi l\u00e4binud ja vastavad seega k\u00f5rgeimatele Euroopa testimisstandarditele. Regulaatori r\u00f5hku saab muuta 850 PSI-st (HP) 450 PSI-ni (LP), mist\u00f5ttu see sobib k\u00f5ikidele markeri mudelitele.<\/p>","protected":false},"excerpt":{"rendered":"<p>Powair ULTIMATE SERIES 1,3-liitrine Ultralite HP s\u00fcsteem koos PowAir Maxreg HP regulaatoriga. PowAir br\u00e4nd on olnud aastaid \u00fcks tuntumaid k\u00f5rgekvaliteediliste paintballi ja airsofti HPA s\u00fcsteemide tootjaid Euroopas. N\u00fc\u00fcd on tootja astunud sammu edasi ja esitleb oma t\u00e4iesti uusi ULTIMATE SERIES pudeleid. PowAir ULTIMATE SERIES pudel kaalub vaid 690g, mis teeb sellest \u00fche ultrakergest pudelist ning [&#8230;]\n","protected":false},"featured_media":5234,"template":"","meta":[],"product_brand":[],"product_cat":[168],"product_tag":[],"class_list":{"0":"post-5361","1":"product","2":"type-product","3":"status-publish","4":"has-post-thumbnail","6":"product_cat-hpa-tarvikud","8":"first","9":"outofstock","10":"taxable","11":"shipping-taxable","12":"purchasable","13":"product-type-simple"},"yoast_head":"<!-- This site is optimized with the Yoast SEO Premium plugin v27.3 (Yoast SEO v27.3) - https:\/\/yoast.com\/product\/yoast-seo-premium-wordpress\/ -->\n<title>POWAIR ULTIMATE SERIES HPA Balloon 1.3L\/77CI 300 BAR - Lahingurada e-pood<\/title>\n<meta name=\"description\" content=\"Powair ULTIMATE SERIES 1,3-liitrine Ultralite HP s\u00fcsteem koos PowAir Maxreg HP regulaatoriga.PowAir br\u00e4nd on olnud aastaid \u00fcks tuntumaid k\u00f5rgekvaliteedilist\" \/>\n<meta name=\"robots\" content=\"index, follow, max-snippet:-1, max-image-preview:large, max-video-preview:-1\" \/>\n<link rel=\"canonical\" href=\"https:\/\/lahingupood.ee\/en\/product\/powair-ultimate-series-1-3l-77ci-paintball\/\" \/>\n<meta property=\"og:locale\" content=\"en_GB\" \/>\n<meta property=\"og:type\" content=\"article\" \/>\n<meta property=\"og:title\" content=\"POWAIR ULTIMATE SERIES HPA Balloon 1.3L\/77CI 300 BAR\" \/>\n<meta property=\"og:description\" content=\"Powair ULTIMATE SERIES 1,3-liitrine Ultralite HP s\u00fcsteem koos PowAir Maxreg HP regulaatoriga.PowAir br\u00e4nd on olnud aastaid \u00fcks tuntumaid k\u00f5rgekvaliteedilist\" \/>\n<meta property=\"og:url\" content=\"https:\/\/lahingupood.ee\/en\/product\/powair-ultimate-series-1-3l-77ci-paintball\/\" \/>\n<meta property=\"og:site_name\" content=\"Lahingurada e-pood\" \/>\n<meta property=\"article:publisher\" content=\"https:\/\/www.facebook.com\/Lahingurada-629940247212967\" \/>\n<meta property=\"article:modified_time\" content=\"2026-04-12T17:30:02+00:00\" \/>\n<meta property=\"og:image\" content=\"https:\/\/lahingupood.ee\/wp-content\/uploads\/2024\/08\/PowAir_Ultimate_Series_13L_Paintball_HP_System_300_Bar_Maxreg_regulator-jpg.jpg\" \/>\n\t<meta property=\"og:image:width\" content=\"750\" \/>\n\t<meta property=\"og:image:height\" content=\"750\" \/>\n\t<meta property=\"og:image:type\" content=\"image\/jpeg\" \/>\n<meta name=\"twitter:card\" content=\"summary_large_image\" \/>\n<meta name=\"twitter:label1\" content=\"Estimated reading time\" \/>\n\t<meta name=\"twitter:data1\" content=\"2 minutes\" \/>\n<script type=\"application\/ld+json\" class=\"yoast-schema-graph\">{\"@context\":\"https:\\\/\\\/schema.org\",\"@graph\":[{\"@type\":\"WebPage\",\"@id\":\"https:\\\/\\\/lahingupood.ee\\\/toode\\\/powair-ultimate-series-1-3l-77ci-paintball\\\/\",\"url\":\"https:\\\/\\\/lahingupood.ee\\\/toode\\\/powair-ultimate-series-1-3l-77ci-paintball\\\/\",\"name\":\"POWAIR ULTIMATE SERIES HPA Balloon 1.3L\\\/77CI 300 BAR - Lahingurada e-pood\",\"isPartOf\":{\"@id\":\"https:\\\/\\\/lahingupood.ee\\\/#website\"},\"primaryImageOfPage\":{\"@id\":\"https:\\\/\\\/lahingupood.ee\\\/toode\\\/powair-ultimate-series-1-3l-77ci-paintball\\\/#primaryimage\"},\"image\":{\"@id\":\"https:\\\/\\\/lahingupood.ee\\\/toode\\\/powair-ultimate-series-1-3l-77ci-paintball\\\/#primaryimage\"},\"thumbnailUrl\":\"https:\\\/\\\/lahingupood.ee\\\/wp-content\\\/uploads\\\/2024\\\/08\\\/PowAir_Ultimate_Series_13L_Paintball_HP_System_300_Bar_Maxreg_regulator-jpg.jpg\",\"datePublished\":\"2024-09-03T12:17:17+00:00\",\"dateModified\":\"2026-04-12T17:30:02+00:00\",\"description\":\"Powair ULTIMATE SERIES 1,3-liitrine Ultralite HP s\u00fcsteem koos PowAir Maxreg HP regulaatoriga.PowAir br\u00e4nd on olnud aastaid \u00fcks tuntumaid k\u00f5rgekvaliteedilist\",\"breadcrumb\":{\"@id\":\"https:\\\/\\\/lahingupood.ee\\\/toode\\\/powair-ultimate-series-1-3l-77ci-paintball\\\/#breadcrumb\"},\"inLanguage\":\"en-GB\",\"potentialAction\":[{\"@type\":\"ReadAction\",\"target\":[\"https:\\\/\\\/lahingupood.ee\\\/toode\\\/powair-ultimate-series-1-3l-77ci-paintball\\\/\"]}]},{\"@type\":\"ImageObject\",\"inLanguage\":\"en-GB\",\"@id\":\"https:\\\/\\\/lahingupood.ee\\\/toode\\\/powair-ultimate-series-1-3l-77ci-paintball\\\/#primaryimage\",\"url\":\"https:\\\/\\\/lahingupood.ee\\\/wp-content\\\/uploads\\\/2024\\\/08\\\/PowAir_Ultimate_Series_13L_Paintball_HP_System_300_Bar_Maxreg_regulator-jpg.jpg\",\"contentUrl\":\"https:\\\/\\\/lahingupood.ee\\\/wp-content\\\/uploads\\\/2024\\\/08\\\/PowAir_Ultimate_Series_13L_Paintball_HP_System_300_Bar_Maxreg_regulator-jpg.jpg\",\"width\":750,\"height\":750},{\"@type\":\"BreadcrumbList\",\"@id\":\"https:\\\/\\\/lahingupood.ee\\\/toode\\\/powair-ultimate-series-1-3l-77ci-paintball\\\/#breadcrumb\",\"itemListElement\":[{\"@type\":\"ListItem\",\"position\":1,\"name\":\"Home\",\"item\":\"https:\\\/\\\/lahingupood.ee\\\/\"},{\"@type\":\"ListItem\",\"position\":2,\"name\":\"Tooted\",\"item\":\"https:\\\/\\\/lahingupood.ee\\\/tooted\\\/\"},{\"@type\":\"ListItem\",\"position\":3,\"name\":\"POWAIR ULTIMATE SERIES HPA Balloon 1.3L\\\/77CI 300 BAR\"}]},{\"@type\":\"WebSite\",\"@id\":\"https:\\\/\\\/lahingupood.ee\\\/#website\",\"url\":\"https:\\\/\\\/lahingupood.ee\\\/\",\"name\":\"Lahingurada e-pood\",\"description\":\"Airsoft\",\"publisher\":{\"@id\":\"https:\\\/\\\/lahingupood.ee\\\/#organization\"},\"potentialAction\":[{\"@type\":\"SearchAction\",\"target\":{\"@type\":\"EntryPoint\",\"urlTemplate\":\"https:\\\/\\\/lahingupood.ee\\\/?s={search_term_string}\"},\"query-input\":{\"@type\":\"PropertyValueSpecification\",\"valueRequired\":true,\"valueName\":\"search_term_string\"}}],\"inLanguage\":\"en-GB\"},{\"@type\":\"Organization\",\"@id\":\"https:\\\/\\\/lahingupood.ee\\\/#organization\",\"name\":\"Lahingurada\",\"url\":\"https:\\\/\\\/lahingupood.ee\\\/\",\"logo\":{\"@type\":\"ImageObject\",\"inLanguage\":\"en-GB\",\"@id\":\"https:\\\/\\\/lahingupood.ee\\\/#\\\/schema\\\/logo\\\/image\\\/\",\"url\":\"https:\\\/\\\/lahingupood.ee\\\/wp-content\\\/uploads\\\/2022\\\/03\\\/lahingurada-220318.jpg\",\"contentUrl\":\"https:\\\/\\\/lahingupood.ee\\\/wp-content\\\/uploads\\\/2022\\\/03\\\/lahingurada-220318.jpg\",\"width\":800,\"height\":500,\"caption\":\"Lahingurada\"},\"image\":{\"@id\":\"https:\\\/\\\/lahingupood.ee\\\/#\\\/schema\\\/logo\\\/image\\\/\"},\"sameAs\":[\"https:\\\/\\\/www.facebook.com\\\/Lahingurada-629940247212967\"]}]}<\/script>\n<!-- \/ Yoast SEO Premium plugin. -->","yoast_head_json":{"title":"POWAIR ULTIMATE SERIES HPA Balloon 1.3L\/77CI 300 BAR - Lahingurada e-pood","description":"Powair ULTIMATE SERIES 1,3-liitrine Ultralite HP s\u00fcsteem koos PowAir Maxreg HP regulaatoriga.PowAir br\u00e4nd on olnud aastaid \u00fcks tuntumaid k\u00f5rgekvaliteedilist","robots":{"index":"index","follow":"follow","max-snippet":"max-snippet:-1","max-image-preview":"max-image-preview:large","max-video-preview":"max-video-preview:-1"},"canonical":"https:\/\/lahingupood.ee\/en\/product\/powair-ultimate-series-1-3l-77ci-paintball\/","og_locale":"en_GB","og_type":"article","og_title":"POWAIR ULTIMATE SERIES HPA Balloon 1.3L\/77CI 300 BAR","og_description":"Powair ULTIMATE SERIES 1,3-liitrine Ultralite HP s\u00fcsteem koos PowAir Maxreg HP regulaatoriga.PowAir br\u00e4nd on olnud aastaid \u00fcks tuntumaid k\u00f5rgekvaliteedilist","og_url":"https:\/\/lahingupood.ee\/en\/product\/powair-ultimate-series-1-3l-77ci-paintball\/","og_site_name":"Lahingurada e-pood","article_publisher":"https:\/\/www.facebook.com\/Lahingurada-629940247212967","article_modified_time":"2026-04-12T17:30:02+00:00","og_image":[{"width":750,"height":750,"url":"https:\/\/lahingupood.ee\/wp-content\/uploads\/2024\/08\/PowAir_Ultimate_Series_13L_Paintball_HP_System_300_Bar_Maxreg_regulator-jpg.jpg","type":"image\/jpeg"}],"twitter_card":"summary_large_image","twitter_misc":{"Estimated reading time":"2 minutes"},"schema":{"@context":"https:\/\/schema.org","@graph":[{"@type":"WebPage","@id":"https:\/\/lahingupood.ee\/toode\/powair-ultimate-series-1-3l-77ci-paintball\/","url":"https:\/\/lahingupood.ee\/toode\/powair-ultimate-series-1-3l-77ci-paintball\/","name":"POWAIR ULTIMATE SERIES HPA Balloon 1.3L\/77CI 300 BAR - Lahingurada e-pood","isPartOf":{"@id":"https:\/\/lahingupood.ee\/#website"},"primaryImageOfPage":{"@id":"https:\/\/lahingupood.ee\/toode\/powair-ultimate-series-1-3l-77ci-paintball\/#primaryimage"},"image":{"@id":"https:\/\/lahingupood.ee\/toode\/powair-ultimate-series-1-3l-77ci-paintball\/#primaryimage"},"thumbnailUrl":"https:\/\/lahingupood.ee\/wp-content\/uploads\/2024\/08\/PowAir_Ultimate_Series_13L_Paintball_HP_System_300_Bar_Maxreg_regulator-jpg.jpg","datePublished":"2024-09-03T12:17:17+00:00","dateModified":"2026-04-12T17:30:02+00:00","description":"Powair ULTIMATE SERIES 1,3-liitrine Ultralite HP s\u00fcsteem koos PowAir Maxreg HP regulaatoriga.PowAir br\u00e4nd on olnud aastaid \u00fcks tuntumaid k\u00f5rgekvaliteedilist","breadcrumb":{"@id":"https:\/\/lahingupood.ee\/toode\/powair-ultimate-series-1-3l-77ci-paintball\/#breadcrumb"},"inLanguage":"en-GB","potentialAction":[{"@type":"ReadAction","target":["https:\/\/lahingupood.ee\/toode\/powair-ultimate-series-1-3l-77ci-paintball\/"]}]},{"@type":"ImageObject","inLanguage":"en-GB","@id":"https:\/\/lahingupood.ee\/toode\/powair-ultimate-series-1-3l-77ci-paintball\/#primaryimage","url":"https:\/\/lahingupood.ee\/wp-content\/uploads\/2024\/08\/PowAir_Ultimate_Series_13L_Paintball_HP_System_300_Bar_Maxreg_regulator-jpg.jpg","contentUrl":"https:\/\/lahingupood.ee\/wp-content\/uploads\/2024\/08\/PowAir_Ultimate_Series_13L_Paintball_HP_System_300_Bar_Maxreg_regulator-jpg.jpg","width":750,"height":750},{"@type":"BreadcrumbList","@id":"https:\/\/lahingupood.ee\/toode\/powair-ultimate-series-1-3l-77ci-paintball\/#breadcrumb","itemListElement":[{"@type":"ListItem","position":1,"name":"Home","item":"https:\/\/lahingupood.ee\/"},{"@type":"ListItem","position":2,"name":"Tooted","item":"https:\/\/lahingupood.ee\/tooted\/"},{"@type":"ListItem","position":3,"name":"POWAIR ULTIMATE SERIES HPA Balloon 1.3L\/77CI 300 BAR"}]},{"@type":"WebSite","@id":"https:\/\/lahingupood.ee\/#website","url":"https:\/\/lahingupood.ee\/","name":"Lahingurada e-pood","description":"Airsoft","publisher":{"@id":"https:\/\/lahingupood.ee\/#organization"},"potentialAction":[{"@type":"SearchAction","target":{"@type":"EntryPoint","urlTemplate":"https:\/\/lahingupood.ee\/?s={search_term_string}"},"query-input":{"@type":"PropertyValueSpecification","valueRequired":true,"valueName":"search_term_string"}}],"inLanguage":"en-GB"},{"@type":"Organization","@id":"https:\/\/lahingupood.ee\/#organization","name":"Lahingurada","url":"https:\/\/lahingupood.ee\/","logo":{"@type":"ImageObject","inLanguage":"en-GB","@id":"https:\/\/lahingupood.ee\/#\/schema\/logo\/image\/","url":"https:\/\/lahingupood.ee\/wp-content\/uploads\/2022\/03\/lahingurada-220318.jpg","contentUrl":"https:\/\/lahingupood.ee\/wp-content\/uploads\/2022\/03\/lahingurada-220318.jpg","width":800,"height":500,"caption":"Lahingurada"},"image":{"@id":"https:\/\/lahingupood.ee\/#\/schema\/logo\/image\/"},"sameAs":["https:\/\/www.facebook.com\/Lahingurada-629940247212967"]}]}},"_links":{"self":[{"href":"https:\/\/lahingupood.ee\/en\/wp-json\/wp\/v2\/product\/5361","targetHints":{"allow":["GET"]}}],"collection":[{"href":"https:\/\/lahingupood.ee\/en\/wp-json\/wp\/v2\/product"}],"about":[{"href":"https:\/\/lahingupood.ee\/en\/wp-json\/wp\/v2\/types\/product"}],"wp:featuredmedia":[{"embeddable":true,"href":"https:\/\/lahingupood.ee\/en\/wp-json\/wp\/v2\/media\/5234"}],"wp:attachment":[{"href":"https:\/\/lahingupood.ee\/en\/wp-json\/wp\/v2\/media?parent=5361"}],"wp:term":[{"taxonomy":"product_brand","embeddable":true,"href":"https:\/\/lahingupood.ee\/en\/wp-json\/wp\/v2\/product_brand?post=5361"},{"taxonomy":"product_cat","embeddable":true,"href":"https:\/\/lahingupood.ee\/en\/wp-json\/wp\/v2\/product_cat?post=5361"},{"taxonomy":"product_tag","embeddable":true,"href":"https:\/\/lahingupood.ee\/en\/wp-json\/wp\/v2\/product_tag?post=5361"}],"curies":[{"name":"wp","href":"https:\/\/api.w.org\/{rel}","templated":true}]}}