{"id":5360,"date":"2024-09-03T14:59:35","date_gmt":"2024-09-03T11:59:35","guid":{"rendered":"https:\/\/lahingupood.ee\/?post_type=product&#038;p=5360"},"modified":"2024-09-03T14:59:35","modified_gmt":"2024-09-03T11:59:35","slug":"templars-gear-cibv-cataphract-plate-carrier","status":"publish","type":"product","link":"https:\/\/lahingupood.ee\/en\/product\/templars-gear-cibv-cataphract-plate-carrier\/","title":{"rendered":"Templar&#8217;s Gear CIBV Cataphract Plate Carrier"},"content":{"rendered":"<p>CIBV Cataphract on t\u00e4iustatud plate carrier, mis on valmistatud originaalsetest tekstiilidest PALS\/Molle s\u00fcsteemis, ja mis on loodud soomusplaatide, pehmete ballistiliste paneelide ning vajaliku varustuse kandmiseks.<\/p>\n<p>Cataphract pakub paremat kaitset killustiku eest t\u00e4nu mitmetele taskutele, mis on m\u00f5eldud pehmete soomuspaneelide jaoks. Suurendatud esipaneel kaitseb k\u00fclgi ja k\u00f5hu piirkonda, tagumine paneel suurendab selja turvalisust. Laiad cummerbund\u2019id kattuvad m\u00f5lema paneeliga, pakkudes k\u00fclgedele lisakaitset, ning lisakaelarihm kaitseb \u00f5la- ja kaelapiirkonda.<\/p>\n<p>Baasmaterjaliks on IRR-t\u00f6\u00f6deldud 500D Cordura lamineeritud kangas, millel on COOLMAX-voodriga mugavuspadjad, 3D-v\u00f5rguga tugevdatud paelad ja niidid ning ROC pannalde s\u00fcsteem. Esik\u00fcljel on kuus rida laseriga l\u00f5igatud PALS pesasid, mis v\u00f5imaldavad lihtsat eraldiseisvate taskute kinnitamist. T\u00e4iendavad Velcro paneelid ja Fastex-pannad v\u00f5imaldavad kiiret eelkonfigureeritud flappide paigaldamist.<\/p>\n<p>Uuendatud cummerbund\u2019id ROC kinnitustega pakuvad suuremat pinda vajaliku varustuse kinnitamiseks. Integreeritud taskud hoiavad pehmet soomust killustiku ja madala kiirusega projektiilide eest. Need on samuti vahetatavad teiste TG toodetud mudelite ja sarnaste analoogidega.<\/p>\n<p>Vesti tagumine osa on varustatud paljude PALS pesadega, mis v\u00f5imaldavad kinnitada seljakotte, kotte v\u00f5i lisa taskuid. Siledad pinnad ei takista seljakottide ja \u00f5larihmade kasutamist. Peal olev h\u00e4daabik\u00e4epide aitab v\u00e4ljakutsete korral.<\/p>\n<p>Polsterdatud \u00f5larihmad koos taskutega ballistiliste paneelide jaoks pakuvad suuremat kokkupuutepinda, v\u00e4hendades koormust ja suurendades mugavust pikemaajalisel kasutamisel. Esi- ja tagapaneelid on kaetud seestpoolt pehme 3D-v\u00f5rguga, mis tagab lisamugavuse, parema \u00f5huringluse ja parema sobivuse kehaga. Samuti sobivad need 250 x 300 SAPI ja ESAPI plaatidele ning sarnase kujuga analoogidele.<\/p>","protected":false},"excerpt":{"rendered":"<p>CIBV Cataphract on t\u00e4iustatud plate carrier, mis on valmistatud originaalsetest tekstiilidest PALS\/Molle s\u00fcsteemis, ja mis on loodud soomusplaatide, pehmete ballistiliste paneelide ning vajaliku varustuse kandmiseks. Cataphract pakub paremat kaitset killustiku eest t\u00e4nu mitmetele taskutele, mis on m\u00f5eldud pehmete soomuspaneelide jaoks. Suurendatud esipaneel kaitseb k\u00fclgi ja k\u00f5hu piirkonda, tagumine paneel suurendab selja turvalisust. Laiad cummerbund\u2019id kattuvad [&#8230;]\n","protected":false},"featured_media":5210,"template":"","meta":[],"product_brand":[],"product_cat":[45],"product_tag":[],"class_list":{"0":"post-5360","1":"product","2":"type-product","3":"status-publish","4":"has-post-thumbnail","6":"product_cat-vestid-ja-vood","8":"first","9":"onbackorder","10":"taxable","11":"shipping-taxable","12":"purchasable","13":"product-type-simple"},"yoast_head":"<!-- This site is optimized with the Yoast SEO Premium plugin v27.3 (Yoast SEO v27.3) - https:\/\/yoast.com\/product\/yoast-seo-premium-wordpress\/ -->\n<title>Templar&#039;s Gear CIBV Cataphract Plate Carrier - Lahingurada e-pood<\/title>\n<meta name=\"description\" content=\"CIBV Cataphract on t\u00e4iustatud plate carrier, mis on valmistatud originaalsetest tekstiilidest PALS\/Molle s\u00fcsteemis, ja mis on loodud soomusplaatide, pehmete\" \/>\n<meta name=\"robots\" content=\"index, follow, max-snippet:-1, max-image-preview:large, max-video-preview:-1\" \/>\n<link rel=\"canonical\" href=\"https:\/\/lahingupood.ee\/en\/product\/templars-gear-cibv-cataphract-plate-carrier\/\" \/>\n<meta property=\"og:locale\" content=\"en_GB\" \/>\n<meta property=\"og:type\" content=\"article\" \/>\n<meta property=\"og:title\" content=\"Templar&#039;s Gear CIBV Cataphract Plate Carrier\" \/>\n<meta property=\"og:description\" content=\"CIBV Cataphract on t\u00e4iustatud plate carrier, mis on valmistatud originaalsetest tekstiilidest PALS\/Molle s\u00fcsteemis, ja mis on loodud soomusplaatide, pehmete\" \/>\n<meta property=\"og:url\" content=\"https:\/\/lahingupood.ee\/en\/product\/templars-gear-cibv-cataphract-plate-carrier\/\" \/>\n<meta property=\"og:site_name\" content=\"Lahingurada e-pood\" \/>\n<meta property=\"article:publisher\" content=\"https:\/\/www.facebook.com\/Lahingurada-629940247212967\" \/>\n<meta property=\"og:image\" content=\"https:\/\/lahingupood.ee\/wp-content\/uploads\/2024\/08\/122608751_1.jpg\" \/>\n\t<meta property=\"og:image:width\" content=\"1400\" \/>\n\t<meta property=\"og:image:height\" content=\"980\" \/>\n\t<meta property=\"og:image:type\" content=\"image\/jpeg\" \/>\n<meta name=\"twitter:card\" content=\"summary_large_image\" \/>\n<meta name=\"twitter:label1\" content=\"Estimated reading time\" \/>\n\t<meta name=\"twitter:data1\" content=\"2 minutes\" \/>\n<script type=\"application\/ld+json\" class=\"yoast-schema-graph\">{\"@context\":\"https:\\\/\\\/schema.org\",\"@graph\":[{\"@type\":\"WebPage\",\"@id\":\"https:\\\/\\\/lahingupood.ee\\\/toode\\\/templars-gear-cibv-cataphract-plate-carrier\\\/\",\"url\":\"https:\\\/\\\/lahingupood.ee\\\/toode\\\/templars-gear-cibv-cataphract-plate-carrier\\\/\",\"name\":\"Templar's Gear CIBV Cataphract Plate Carrier - Lahingurada e-pood\",\"isPartOf\":{\"@id\":\"https:\\\/\\\/lahingupood.ee\\\/#website\"},\"primaryImageOfPage\":{\"@id\":\"https:\\\/\\\/lahingupood.ee\\\/toode\\\/templars-gear-cibv-cataphract-plate-carrier\\\/#primaryimage\"},\"image\":{\"@id\":\"https:\\\/\\\/lahingupood.ee\\\/toode\\\/templars-gear-cibv-cataphract-plate-carrier\\\/#primaryimage\"},\"thumbnailUrl\":\"https:\\\/\\\/lahingupood.ee\\\/wp-content\\\/uploads\\\/2024\\\/08\\\/122608751_1.jpg\",\"datePublished\":\"2024-09-03T11:59:35+00:00\",\"description\":\"CIBV Cataphract on t\u00e4iustatud plate carrier, mis on valmistatud originaalsetest tekstiilidest PALS\\\/Molle s\u00fcsteemis, ja mis on loodud soomusplaatide, pehmete\",\"breadcrumb\":{\"@id\":\"https:\\\/\\\/lahingupood.ee\\\/toode\\\/templars-gear-cibv-cataphract-plate-carrier\\\/#breadcrumb\"},\"inLanguage\":\"en-GB\",\"potentialAction\":[{\"@type\":\"ReadAction\",\"target\":[\"https:\\\/\\\/lahingupood.ee\\\/toode\\\/templars-gear-cibv-cataphract-plate-carrier\\\/\"]}]},{\"@type\":\"ImageObject\",\"inLanguage\":\"en-GB\",\"@id\":\"https:\\\/\\\/lahingupood.ee\\\/toode\\\/templars-gear-cibv-cataphract-plate-carrier\\\/#primaryimage\",\"url\":\"https:\\\/\\\/lahingupood.ee\\\/wp-content\\\/uploads\\\/2024\\\/08\\\/122608751_1.jpg\",\"contentUrl\":\"https:\\\/\\\/lahingupood.ee\\\/wp-content\\\/uploads\\\/2024\\\/08\\\/122608751_1.jpg\",\"width\":1400,\"height\":980},{\"@type\":\"BreadcrumbList\",\"@id\":\"https:\\\/\\\/lahingupood.ee\\\/toode\\\/templars-gear-cibv-cataphract-plate-carrier\\\/#breadcrumb\",\"itemListElement\":[{\"@type\":\"ListItem\",\"position\":1,\"name\":\"Home\",\"item\":\"https:\\\/\\\/lahingupood.ee\\\/\"},{\"@type\":\"ListItem\",\"position\":2,\"name\":\"Tooted\",\"item\":\"https:\\\/\\\/lahingupood.ee\\\/tooted\\\/\"},{\"@type\":\"ListItem\",\"position\":3,\"name\":\"Templar&#8217;s Gear CIBV Cataphract Plate Carrier\"}]},{\"@type\":\"WebSite\",\"@id\":\"https:\\\/\\\/lahingupood.ee\\\/#website\",\"url\":\"https:\\\/\\\/lahingupood.ee\\\/\",\"name\":\"Lahingurada e-pood\",\"description\":\"Airsoft\",\"publisher\":{\"@id\":\"https:\\\/\\\/lahingupood.ee\\\/#organization\"},\"potentialAction\":[{\"@type\":\"SearchAction\",\"target\":{\"@type\":\"EntryPoint\",\"urlTemplate\":\"https:\\\/\\\/lahingupood.ee\\\/?s={search_term_string}\"},\"query-input\":{\"@type\":\"PropertyValueSpecification\",\"valueRequired\":true,\"valueName\":\"search_term_string\"}}],\"inLanguage\":\"en-GB\"},{\"@type\":\"Organization\",\"@id\":\"https:\\\/\\\/lahingupood.ee\\\/#organization\",\"name\":\"Lahingurada\",\"url\":\"https:\\\/\\\/lahingupood.ee\\\/\",\"logo\":{\"@type\":\"ImageObject\",\"inLanguage\":\"en-GB\",\"@id\":\"https:\\\/\\\/lahingupood.ee\\\/#\\\/schema\\\/logo\\\/image\\\/\",\"url\":\"https:\\\/\\\/lahingupood.ee\\\/wp-content\\\/uploads\\\/2022\\\/03\\\/lahingurada-220318.jpg\",\"contentUrl\":\"https:\\\/\\\/lahingupood.ee\\\/wp-content\\\/uploads\\\/2022\\\/03\\\/lahingurada-220318.jpg\",\"width\":800,\"height\":500,\"caption\":\"Lahingurada\"},\"image\":{\"@id\":\"https:\\\/\\\/lahingupood.ee\\\/#\\\/schema\\\/logo\\\/image\\\/\"},\"sameAs\":[\"https:\\\/\\\/www.facebook.com\\\/Lahingurada-629940247212967\"]}]}<\/script>\n<!-- \/ Yoast SEO Premium plugin. -->","yoast_head_json":{"title":"Templar's Gear CIBV Cataphract Plate Carrier - Lahingurada e-pood","description":"CIBV Cataphract on t\u00e4iustatud plate carrier, mis on valmistatud originaalsetest tekstiilidest PALS\/Molle s\u00fcsteemis, ja mis on loodud soomusplaatide, pehmete","robots":{"index":"index","follow":"follow","max-snippet":"max-snippet:-1","max-image-preview":"max-image-preview:large","max-video-preview":"max-video-preview:-1"},"canonical":"https:\/\/lahingupood.ee\/en\/product\/templars-gear-cibv-cataphract-plate-carrier\/","og_locale":"en_GB","og_type":"article","og_title":"Templar's Gear CIBV Cataphract Plate Carrier","og_description":"CIBV Cataphract on t\u00e4iustatud plate carrier, mis on valmistatud originaalsetest tekstiilidest PALS\/Molle s\u00fcsteemis, ja mis on loodud soomusplaatide, pehmete","og_url":"https:\/\/lahingupood.ee\/en\/product\/templars-gear-cibv-cataphract-plate-carrier\/","og_site_name":"Lahingurada e-pood","article_publisher":"https:\/\/www.facebook.com\/Lahingurada-629940247212967","og_image":[{"width":1400,"height":980,"url":"https:\/\/lahingupood.ee\/wp-content\/uploads\/2024\/08\/122608751_1.jpg","type":"image\/jpeg"}],"twitter_card":"summary_large_image","twitter_misc":{"Estimated reading time":"2 minutes"},"schema":{"@context":"https:\/\/schema.org","@graph":[{"@type":"WebPage","@id":"https:\/\/lahingupood.ee\/toode\/templars-gear-cibv-cataphract-plate-carrier\/","url":"https:\/\/lahingupood.ee\/toode\/templars-gear-cibv-cataphract-plate-carrier\/","name":"Templar's Gear CIBV Cataphract Plate Carrier - Lahingurada e-pood","isPartOf":{"@id":"https:\/\/lahingupood.ee\/#website"},"primaryImageOfPage":{"@id":"https:\/\/lahingupood.ee\/toode\/templars-gear-cibv-cataphract-plate-carrier\/#primaryimage"},"image":{"@id":"https:\/\/lahingupood.ee\/toode\/templars-gear-cibv-cataphract-plate-carrier\/#primaryimage"},"thumbnailUrl":"https:\/\/lahingupood.ee\/wp-content\/uploads\/2024\/08\/122608751_1.jpg","datePublished":"2024-09-03T11:59:35+00:00","description":"CIBV Cataphract on t\u00e4iustatud plate carrier, mis on valmistatud originaalsetest tekstiilidest PALS\/Molle s\u00fcsteemis, ja mis on loodud soomusplaatide, pehmete","breadcrumb":{"@id":"https:\/\/lahingupood.ee\/toode\/templars-gear-cibv-cataphract-plate-carrier\/#breadcrumb"},"inLanguage":"en-GB","potentialAction":[{"@type":"ReadAction","target":["https:\/\/lahingupood.ee\/toode\/templars-gear-cibv-cataphract-plate-carrier\/"]}]},{"@type":"ImageObject","inLanguage":"en-GB","@id":"https:\/\/lahingupood.ee\/toode\/templars-gear-cibv-cataphract-plate-carrier\/#primaryimage","url":"https:\/\/lahingupood.ee\/wp-content\/uploads\/2024\/08\/122608751_1.jpg","contentUrl":"https:\/\/lahingupood.ee\/wp-content\/uploads\/2024\/08\/122608751_1.jpg","width":1400,"height":980},{"@type":"BreadcrumbList","@id":"https:\/\/lahingupood.ee\/toode\/templars-gear-cibv-cataphract-plate-carrier\/#breadcrumb","itemListElement":[{"@type":"ListItem","position":1,"name":"Home","item":"https:\/\/lahingupood.ee\/"},{"@type":"ListItem","position":2,"name":"Tooted","item":"https:\/\/lahingupood.ee\/tooted\/"},{"@type":"ListItem","position":3,"name":"Templar&#8217;s Gear CIBV Cataphract Plate Carrier"}]},{"@type":"WebSite","@id":"https:\/\/lahingupood.ee\/#website","url":"https:\/\/lahingupood.ee\/","name":"Lahingurada e-pood","description":"Airsoft","publisher":{"@id":"https:\/\/lahingupood.ee\/#organization"},"potentialAction":[{"@type":"SearchAction","target":{"@type":"EntryPoint","urlTemplate":"https:\/\/lahingupood.ee\/?s={search_term_string}"},"query-input":{"@type":"PropertyValueSpecification","valueRequired":true,"valueName":"search_term_string"}}],"inLanguage":"en-GB"},{"@type":"Organization","@id":"https:\/\/lahingupood.ee\/#organization","name":"Lahingurada","url":"https:\/\/lahingupood.ee\/","logo":{"@type":"ImageObject","inLanguage":"en-GB","@id":"https:\/\/lahingupood.ee\/#\/schema\/logo\/image\/","url":"https:\/\/lahingupood.ee\/wp-content\/uploads\/2022\/03\/lahingurada-220318.jpg","contentUrl":"https:\/\/lahingupood.ee\/wp-content\/uploads\/2022\/03\/lahingurada-220318.jpg","width":800,"height":500,"caption":"Lahingurada"},"image":{"@id":"https:\/\/lahingupood.ee\/#\/schema\/logo\/image\/"},"sameAs":["https:\/\/www.facebook.com\/Lahingurada-629940247212967"]}]}},"_links":{"self":[{"href":"https:\/\/lahingupood.ee\/en\/wp-json\/wp\/v2\/product\/5360","targetHints":{"allow":["GET"]}}],"collection":[{"href":"https:\/\/lahingupood.ee\/en\/wp-json\/wp\/v2\/product"}],"about":[{"href":"https:\/\/lahingupood.ee\/en\/wp-json\/wp\/v2\/types\/product"}],"wp:featuredmedia":[{"embeddable":true,"href":"https:\/\/lahingupood.ee\/en\/wp-json\/wp\/v2\/media\/5210"}],"wp:attachment":[{"href":"https:\/\/lahingupood.ee\/en\/wp-json\/wp\/v2\/media?parent=5360"}],"wp:term":[{"taxonomy":"product_brand","embeddable":true,"href":"https:\/\/lahingupood.ee\/en\/wp-json\/wp\/v2\/product_brand?post=5360"},{"taxonomy":"product_cat","embeddable":true,"href":"https:\/\/lahingupood.ee\/en\/wp-json\/wp\/v2\/product_cat?post=5360"},{"taxonomy":"product_tag","embeddable":true,"href":"https:\/\/lahingupood.ee\/en\/wp-json\/wp\/v2\/product_tag?post=5360"}],"curies":[{"name":"wp","href":"https:\/\/api.w.org\/{rel}","templated":true}]}}