{"id":5359,"date":"2024-09-03T14:40:59","date_gmt":"2024-09-03T11:40:59","guid":{"rendered":"https:\/\/lahingupood.ee\/?post_type=product&#038;p=5359"},"modified":"2024-09-03T14:40:59","modified_gmt":"2024-09-03T11:40:59","slug":"warrior-quad-release-carrier","status":"publish","type":"product","link":"https:\/\/lahingupood.ee\/en\/product\/warrior-quad-release-carrier\/","title":{"rendered":"Warrior Quad Release Carrier"},"content":{"rendered":"<p>Quad Release Carrier (QRC) on kompaktne vest, mis on loodud pakkuma k\u00f5rget ja t\u00f5husat soomuskaitset, ilma et see piiraks kasutaja liikumisvabadust.<\/p>\n<p>QRC kasutab kiirkinnitusklambreid \u00f5lgadel ja k\u00fclgedel, mis muudavad selle igap\u00e4evaseks kasutamiseks h\u00f5lpsasti ligip\u00e4\u00e4setavaks ja vajadusel kiirelt eemaldatavaks. Kandeseadmel on t\u00e4ielikult reguleeritavad \u00f5lad ning see on kergesti kohandatav \u00fcmber v\u00f6\u00f6koha. QRC on loodud olema \u00fchilduv k\u00f5igi Warriori eemaldatavate esipaneelidega. Relvaspetsiifiliste paneelide kinnitamine on kiire ja lihtne \u2013 piisab vaid kahe vertikaalse klambri lahti klammerdamisest ja takjapaneeli eemaldamisest kandeseadme eest, mille j\u00e4rel saab paigaldada soovitud eemaldatava esipaneeli.<\/p>\n<p>QRC on vooderdatud 4 mm paksuse 3D vahekihiga v\u00f5rguga, mis v\u00f5imaldab \u00f5hul kehas \u00fcmber ringlema, pakkudes jahutust ja suurendades mugavust, eriti pikemaajalise kasutamise korral. QRC sobib rinnam\u00f5\u00f5tudele 96,5 cm &#8211; 132 cm.<\/p>","protected":false},"excerpt":{"rendered":"<p>Quad Release Carrier (QRC) on kompaktne vest, mis on loodud pakkuma k\u00f5rget ja t\u00f5husat soomuskaitset, ilma et see piiraks kasutaja liikumisvabadust. QRC kasutab kiirkinnitusklambreid \u00f5lgadel ja k\u00fclgedel, mis muudavad selle igap\u00e4evaseks kasutamiseks h\u00f5lpsasti ligip\u00e4\u00e4setavaks ja vajadusel kiirelt eemaldatavaks. Kandeseadmel on t\u00e4ielikult reguleeritavad \u00f5lad ning see on kergesti kohandatav \u00fcmber v\u00f6\u00f6koha. QRC on loodud olema \u00fchilduv [&#8230;]\n","protected":false},"featured_media":5208,"template":"","meta":[],"product_brand":[],"product_cat":[45],"product_tag":[],"class_list":{"0":"post-5359","1":"product","2":"type-product","3":"status-publish","4":"has-post-thumbnail","6":"product_cat-vestid-ja-vood","8":"first","9":"onbackorder","10":"taxable","11":"shipping-taxable","12":"purchasable","13":"product-type-simple"},"yoast_head":"<!-- This site is optimized with the Yoast SEO Premium plugin v27.3 (Yoast SEO v27.3) - https:\/\/yoast.com\/product\/yoast-seo-premium-wordpress\/ -->\n<title>Warrior Quad Release Carrier - Lahingurada e-pood<\/title>\n<meta name=\"description\" content=\"Quad Release Carrier (QRC) on kompaktne vest, mis on loodud pakkuma k\u00f5rget ja t\u00f5husat soomuskaitset, ilma et see piiraks kasutaja liikumisvabadust.QRC kasut\" \/>\n<meta name=\"robots\" content=\"index, follow, max-snippet:-1, max-image-preview:large, max-video-preview:-1\" \/>\n<link rel=\"canonical\" href=\"https:\/\/lahingupood.ee\/en\/product\/warrior-quad-release-carrier\/\" \/>\n<meta property=\"og:locale\" content=\"en_GB\" \/>\n<meta property=\"og:type\" content=\"article\" \/>\n<meta property=\"og:title\" content=\"Warrior Quad Release Carrier\" \/>\n<meta property=\"og:description\" content=\"Quad Release Carrier (QRC) on kompaktne vest, mis on loodud pakkuma k\u00f5rget ja t\u00f5husat soomuskaitset, ilma et see piiraks kasutaja liikumisvabadust.QRC kasut\" \/>\n<meta property=\"og:url\" content=\"https:\/\/lahingupood.ee\/en\/product\/warrior-quad-release-carrier\/\" \/>\n<meta property=\"og:site_name\" content=\"Lahingurada e-pood\" \/>\n<meta property=\"article:publisher\" content=\"https:\/\/www.facebook.com\/Lahingurada-629940247212967\" \/>\n<meta property=\"og:image\" content=\"https:\/\/lahingupood.ee\/wp-content\/uploads\/2024\/08\/121521751_1.jpg\" \/>\n\t<meta property=\"og:image:width\" content=\"1400\" \/>\n\t<meta property=\"og:image:height\" content=\"980\" \/>\n\t<meta property=\"og:image:type\" content=\"image\/jpeg\" \/>\n<meta name=\"twitter:card\" content=\"summary_large_image\" \/>\n<meta name=\"twitter:label1\" content=\"Estimated reading time\" \/>\n\t<meta name=\"twitter:data1\" content=\"1 minute\" \/>\n<script type=\"application\/ld+json\" class=\"yoast-schema-graph\">{\"@context\":\"https:\\\/\\\/schema.org\",\"@graph\":[{\"@type\":\"WebPage\",\"@id\":\"https:\\\/\\\/lahingupood.ee\\\/toode\\\/warrior-quad-release-carrier\\\/\",\"url\":\"https:\\\/\\\/lahingupood.ee\\\/toode\\\/warrior-quad-release-carrier\\\/\",\"name\":\"Warrior Quad Release Carrier - Lahingurada e-pood\",\"isPartOf\":{\"@id\":\"https:\\\/\\\/lahingupood.ee\\\/#website\"},\"primaryImageOfPage\":{\"@id\":\"https:\\\/\\\/lahingupood.ee\\\/toode\\\/warrior-quad-release-carrier\\\/#primaryimage\"},\"image\":{\"@id\":\"https:\\\/\\\/lahingupood.ee\\\/toode\\\/warrior-quad-release-carrier\\\/#primaryimage\"},\"thumbnailUrl\":\"https:\\\/\\\/lahingupood.ee\\\/wp-content\\\/uploads\\\/2024\\\/08\\\/121521751_1.jpg\",\"datePublished\":\"2024-09-03T11:40:59+00:00\",\"description\":\"Quad Release Carrier (QRC) on kompaktne vest, mis on loodud pakkuma k\u00f5rget ja t\u00f5husat soomuskaitset, ilma et see piiraks kasutaja liikumisvabadust.QRC kasut\",\"breadcrumb\":{\"@id\":\"https:\\\/\\\/lahingupood.ee\\\/toode\\\/warrior-quad-release-carrier\\\/#breadcrumb\"},\"inLanguage\":\"en-GB\",\"potentialAction\":[{\"@type\":\"ReadAction\",\"target\":[\"https:\\\/\\\/lahingupood.ee\\\/toode\\\/warrior-quad-release-carrier\\\/\"]}]},{\"@type\":\"ImageObject\",\"inLanguage\":\"en-GB\",\"@id\":\"https:\\\/\\\/lahingupood.ee\\\/toode\\\/warrior-quad-release-carrier\\\/#primaryimage\",\"url\":\"https:\\\/\\\/lahingupood.ee\\\/wp-content\\\/uploads\\\/2024\\\/08\\\/121521751_1.jpg\",\"contentUrl\":\"https:\\\/\\\/lahingupood.ee\\\/wp-content\\\/uploads\\\/2024\\\/08\\\/121521751_1.jpg\",\"width\":1400,\"height\":980},{\"@type\":\"BreadcrumbList\",\"@id\":\"https:\\\/\\\/lahingupood.ee\\\/toode\\\/warrior-quad-release-carrier\\\/#breadcrumb\",\"itemListElement\":[{\"@type\":\"ListItem\",\"position\":1,\"name\":\"Home\",\"item\":\"https:\\\/\\\/lahingupood.ee\\\/\"},{\"@type\":\"ListItem\",\"position\":2,\"name\":\"Tooted\",\"item\":\"https:\\\/\\\/lahingupood.ee\\\/tooted\\\/\"},{\"@type\":\"ListItem\",\"position\":3,\"name\":\"Warrior Quad Release Carrier\"}]},{\"@type\":\"WebSite\",\"@id\":\"https:\\\/\\\/lahingupood.ee\\\/#website\",\"url\":\"https:\\\/\\\/lahingupood.ee\\\/\",\"name\":\"Lahingurada e-pood\",\"description\":\"Airsoft\",\"publisher\":{\"@id\":\"https:\\\/\\\/lahingupood.ee\\\/#organization\"},\"potentialAction\":[{\"@type\":\"SearchAction\",\"target\":{\"@type\":\"EntryPoint\",\"urlTemplate\":\"https:\\\/\\\/lahingupood.ee\\\/?s={search_term_string}\"},\"query-input\":{\"@type\":\"PropertyValueSpecification\",\"valueRequired\":true,\"valueName\":\"search_term_string\"}}],\"inLanguage\":\"en-GB\"},{\"@type\":\"Organization\",\"@id\":\"https:\\\/\\\/lahingupood.ee\\\/#organization\",\"name\":\"Lahingurada\",\"url\":\"https:\\\/\\\/lahingupood.ee\\\/\",\"logo\":{\"@type\":\"ImageObject\",\"inLanguage\":\"en-GB\",\"@id\":\"https:\\\/\\\/lahingupood.ee\\\/#\\\/schema\\\/logo\\\/image\\\/\",\"url\":\"https:\\\/\\\/lahingupood.ee\\\/wp-content\\\/uploads\\\/2022\\\/03\\\/lahingurada-220318.jpg\",\"contentUrl\":\"https:\\\/\\\/lahingupood.ee\\\/wp-content\\\/uploads\\\/2022\\\/03\\\/lahingurada-220318.jpg\",\"width\":800,\"height\":500,\"caption\":\"Lahingurada\"},\"image\":{\"@id\":\"https:\\\/\\\/lahingupood.ee\\\/#\\\/schema\\\/logo\\\/image\\\/\"},\"sameAs\":[\"https:\\\/\\\/www.facebook.com\\\/Lahingurada-629940247212967\"]}]}<\/script>\n<!-- \/ Yoast SEO Premium plugin. -->","yoast_head_json":{"title":"Warrior Quad Release Carrier - Lahingurada e-pood","description":"Quad Release Carrier (QRC) on kompaktne vest, mis on loodud pakkuma k\u00f5rget ja t\u00f5husat soomuskaitset, ilma et see piiraks kasutaja liikumisvabadust.QRC kasut","robots":{"index":"index","follow":"follow","max-snippet":"max-snippet:-1","max-image-preview":"max-image-preview:large","max-video-preview":"max-video-preview:-1"},"canonical":"https:\/\/lahingupood.ee\/en\/product\/warrior-quad-release-carrier\/","og_locale":"en_GB","og_type":"article","og_title":"Warrior Quad Release Carrier","og_description":"Quad Release Carrier (QRC) on kompaktne vest, mis on loodud pakkuma k\u00f5rget ja t\u00f5husat soomuskaitset, ilma et see piiraks kasutaja liikumisvabadust.QRC kasut","og_url":"https:\/\/lahingupood.ee\/en\/product\/warrior-quad-release-carrier\/","og_site_name":"Lahingurada e-pood","article_publisher":"https:\/\/www.facebook.com\/Lahingurada-629940247212967","og_image":[{"width":1400,"height":980,"url":"https:\/\/lahingupood.ee\/wp-content\/uploads\/2024\/08\/121521751_1.jpg","type":"image\/jpeg"}],"twitter_card":"summary_large_image","twitter_misc":{"Estimated reading time":"1 minute"},"schema":{"@context":"https:\/\/schema.org","@graph":[{"@type":"WebPage","@id":"https:\/\/lahingupood.ee\/toode\/warrior-quad-release-carrier\/","url":"https:\/\/lahingupood.ee\/toode\/warrior-quad-release-carrier\/","name":"Warrior Quad Release Carrier - Lahingurada e-pood","isPartOf":{"@id":"https:\/\/lahingupood.ee\/#website"},"primaryImageOfPage":{"@id":"https:\/\/lahingupood.ee\/toode\/warrior-quad-release-carrier\/#primaryimage"},"image":{"@id":"https:\/\/lahingupood.ee\/toode\/warrior-quad-release-carrier\/#primaryimage"},"thumbnailUrl":"https:\/\/lahingupood.ee\/wp-content\/uploads\/2024\/08\/121521751_1.jpg","datePublished":"2024-09-03T11:40:59+00:00","description":"Quad Release Carrier (QRC) on kompaktne vest, mis on loodud pakkuma k\u00f5rget ja t\u00f5husat soomuskaitset, ilma et see piiraks kasutaja liikumisvabadust.QRC kasut","breadcrumb":{"@id":"https:\/\/lahingupood.ee\/toode\/warrior-quad-release-carrier\/#breadcrumb"},"inLanguage":"en-GB","potentialAction":[{"@type":"ReadAction","target":["https:\/\/lahingupood.ee\/toode\/warrior-quad-release-carrier\/"]}]},{"@type":"ImageObject","inLanguage":"en-GB","@id":"https:\/\/lahingupood.ee\/toode\/warrior-quad-release-carrier\/#primaryimage","url":"https:\/\/lahingupood.ee\/wp-content\/uploads\/2024\/08\/121521751_1.jpg","contentUrl":"https:\/\/lahingupood.ee\/wp-content\/uploads\/2024\/08\/121521751_1.jpg","width":1400,"height":980},{"@type":"BreadcrumbList","@id":"https:\/\/lahingupood.ee\/toode\/warrior-quad-release-carrier\/#breadcrumb","itemListElement":[{"@type":"ListItem","position":1,"name":"Home","item":"https:\/\/lahingupood.ee\/"},{"@type":"ListItem","position":2,"name":"Tooted","item":"https:\/\/lahingupood.ee\/tooted\/"},{"@type":"ListItem","position":3,"name":"Warrior Quad Release Carrier"}]},{"@type":"WebSite","@id":"https:\/\/lahingupood.ee\/#website","url":"https:\/\/lahingupood.ee\/","name":"Lahingurada e-pood","description":"Airsoft","publisher":{"@id":"https:\/\/lahingupood.ee\/#organization"},"potentialAction":[{"@type":"SearchAction","target":{"@type":"EntryPoint","urlTemplate":"https:\/\/lahingupood.ee\/?s={search_term_string}"},"query-input":{"@type":"PropertyValueSpecification","valueRequired":true,"valueName":"search_term_string"}}],"inLanguage":"en-GB"},{"@type":"Organization","@id":"https:\/\/lahingupood.ee\/#organization","name":"Lahingurada","url":"https:\/\/lahingupood.ee\/","logo":{"@type":"ImageObject","inLanguage":"en-GB","@id":"https:\/\/lahingupood.ee\/#\/schema\/logo\/image\/","url":"https:\/\/lahingupood.ee\/wp-content\/uploads\/2022\/03\/lahingurada-220318.jpg","contentUrl":"https:\/\/lahingupood.ee\/wp-content\/uploads\/2022\/03\/lahingurada-220318.jpg","width":800,"height":500,"caption":"Lahingurada"},"image":{"@id":"https:\/\/lahingupood.ee\/#\/schema\/logo\/image\/"},"sameAs":["https:\/\/www.facebook.com\/Lahingurada-629940247212967"]}]}},"_links":{"self":[{"href":"https:\/\/lahingupood.ee\/en\/wp-json\/wp\/v2\/product\/5359","targetHints":{"allow":["GET"]}}],"collection":[{"href":"https:\/\/lahingupood.ee\/en\/wp-json\/wp\/v2\/product"}],"about":[{"href":"https:\/\/lahingupood.ee\/en\/wp-json\/wp\/v2\/types\/product"}],"wp:featuredmedia":[{"embeddable":true,"href":"https:\/\/lahingupood.ee\/en\/wp-json\/wp\/v2\/media\/5208"}],"wp:attachment":[{"href":"https:\/\/lahingupood.ee\/en\/wp-json\/wp\/v2\/media?parent=5359"}],"wp:term":[{"taxonomy":"product_brand","embeddable":true,"href":"https:\/\/lahingupood.ee\/en\/wp-json\/wp\/v2\/product_brand?post=5359"},{"taxonomy":"product_cat","embeddable":true,"href":"https:\/\/lahingupood.ee\/en\/wp-json\/wp\/v2\/product_cat?post=5359"},{"taxonomy":"product_tag","embeddable":true,"href":"https:\/\/lahingupood.ee\/en\/wp-json\/wp\/v2\/product_tag?post=5359"}],"curies":[{"name":"wp","href":"https:\/\/api.w.org\/{rel}","templated":true}]}}