{"id":5344,"date":"2024-09-03T14:28:10","date_gmt":"2024-09-03T11:28:10","guid":{"rendered":"https:\/\/lahingupood.ee\/?post_type=product&#038;p=5344"},"modified":"2024-09-03T14:28:11","modified_gmt":"2024-09-03T11:28:11","slug":"clawgear-operator-combat-pants-mk-iii-ats","status":"publish","type":"product","link":"https:\/\/lahingupood.ee\/en\/product\/clawgear-operator-combat-pants-mk-iii-ats\/","title":{"rendered":"Clawgear Operator Combat Pants MK III ATS"},"content":{"rendered":"<p>CLAWGEAR\u00ae Operator Combat p\u00fcksid on loodud kergemateks ja kiireteks l\u00fchiajalisteks \u00fclesanneteks. Need p\u00fcksid on madalama profiiliga ning CLAWGEAR\u00ae ATS materjalid v\u00f5imaldavad liikumisvabadust. Kerge materjal v\u00e4hendab oluliselt vee imendumist ja tagab kiirema kuivamise, samas kui DARKSTONE\u2122 pakub paremat kulumiskindlust ja vastupidavust.<\/p>\n<p>Operator Combat p\u00fckstel on neli taskut, millele saab kinnitada isiklikku varustust. Alumine s\u00e4\u00e4r v\u00f5imaldab kinnitada esemeid, nagu n\u00e4iteks IR-majakad v\u00f5i \u017eguttid, s\u00f5ltuvalt \u00fclesandest v\u00f5i \u00fcksuse protseduuridest. Tootes on kasutatud kahen\u00f5elalist \u00f5mblust ning k\u00f5ik \u00f5mblused on mugavuse tagamiseks lapiku viimistlusega.<\/p>\n<p>Sobivuse t\u00e4psem h\u00e4\u00e4lestamine on v\u00f5imalik konksu ja aasa v\u00f6\u00f6kohtade vahelehtede, v\u00e4limiste konksu ja aasa reguleerimisega jala vahelehtede ning sisemise p\u00f5lve lukustustrossi abil.<\/p>","protected":false},"excerpt":{"rendered":"<p>CLAWGEAR\u00ae Operator Combat p\u00fcksid on loodud kergemateks ja kiireteks l\u00fchiajalisteks \u00fclesanneteks. Need p\u00fcksid on madalama profiiliga ning CLAWGEAR\u00ae ATS materjalid v\u00f5imaldavad liikumisvabadust. Kerge materjal v\u00e4hendab oluliselt vee imendumist ja tagab kiirema kuivamise, samas kui DARKSTONE\u2122 pakub paremat kulumiskindlust ja vastupidavust. Operator Combat p\u00fckstel on neli taskut, millele saab kinnitada isiklikku varustust. Alumine s\u00e4\u00e4r v\u00f5imaldab kinnitada [&#8230;]\n","protected":false},"featured_media":5165,"template":"","meta":[],"product_brand":[],"product_cat":[27],"product_tag":[],"class_list":{"0":"post-5344","1":"product","2":"type-product","3":"status-publish","4":"has-post-thumbnail","6":"product_cat-puksid","8":"first","9":"onbackorder","10":"taxable","11":"shipping-taxable","12":"purchasable","13":"product-type-variable"},"yoast_head":"<!-- This site is optimized with the Yoast SEO Premium plugin v27.3 (Yoast SEO v27.3) - https:\/\/yoast.com\/product\/yoast-seo-premium-wordpress\/ -->\n<title>Clawgear Operator Combat Pants MK III ATS - Lahingurada e-pood<\/title>\n<meta name=\"description\" content=\"CLAWGEAR\u00ae Operator Combat p\u00fcksid on loodud kergemateks ja kiireteks l\u00fchiajalisteks \u00fclesanneteks. Need p\u00fcksid on madalama profiiliga ning CLAWGEAR\u00ae ATS mater\" \/>\n<meta name=\"robots\" content=\"index, follow, max-snippet:-1, max-image-preview:large, max-video-preview:-1\" \/>\n<link rel=\"canonical\" href=\"https:\/\/lahingupood.ee\/en\/product\/clawgear-operator-combat-pants-mk-iii-ats\/\" \/>\n<meta property=\"og:locale\" content=\"en_GB\" \/>\n<meta property=\"og:type\" content=\"article\" \/>\n<meta property=\"og:title\" content=\"Clawgear Operator Combat Pants MK III ATS\" \/>\n<meta property=\"og:description\" content=\"CLAWGEAR\u00ae Operator Combat p\u00fcksid on loodud kergemateks ja kiireteks l\u00fchiajalisteks \u00fclesanneteks. Need p\u00fcksid on madalama profiiliga ning CLAWGEAR\u00ae ATS mater\" \/>\n<meta property=\"og:url\" content=\"https:\/\/lahingupood.ee\/en\/product\/clawgear-operator-combat-pants-mk-iii-ats\/\" \/>\n<meta property=\"og:site_name\" content=\"Lahingurada e-pood\" \/>\n<meta property=\"article:publisher\" content=\"https:\/\/www.facebook.com\/Lahingurada-629940247212967\" \/>\n<meta property=\"article:modified_time\" content=\"2024-09-03T11:28:11+00:00\" \/>\n<meta property=\"og:image\" content=\"https:\/\/lahingupood.ee\/wp-content\/uploads\/2024\/08\/120335751_1.jpg\" \/>\n\t<meta property=\"og:image:width\" content=\"1400\" \/>\n\t<meta property=\"og:image:height\" content=\"980\" \/>\n\t<meta property=\"og:image:type\" content=\"image\/jpeg\" \/>\n<meta name=\"twitter:card\" content=\"summary_large_image\" \/>\n<meta name=\"twitter:label1\" content=\"Estimated reading time\" \/>\n\t<meta name=\"twitter:data1\" content=\"1 minute\" \/>\n<script type=\"application\/ld+json\" class=\"yoast-schema-graph\">{\"@context\":\"https:\\\/\\\/schema.org\",\"@graph\":[{\"@type\":\"WebPage\",\"@id\":\"https:\\\/\\\/lahingupood.ee\\\/toode\\\/clawgear-operator-combat-pants-mk-iii-ats\\\/\",\"url\":\"https:\\\/\\\/lahingupood.ee\\\/toode\\\/clawgear-operator-combat-pants-mk-iii-ats\\\/\",\"name\":\"Clawgear Operator Combat Pants MK III ATS - Lahingurada e-pood\",\"isPartOf\":{\"@id\":\"https:\\\/\\\/lahingupood.ee\\\/#website\"},\"primaryImageOfPage\":{\"@id\":\"https:\\\/\\\/lahingupood.ee\\\/toode\\\/clawgear-operator-combat-pants-mk-iii-ats\\\/#primaryimage\"},\"image\":{\"@id\":\"https:\\\/\\\/lahingupood.ee\\\/toode\\\/clawgear-operator-combat-pants-mk-iii-ats\\\/#primaryimage\"},\"thumbnailUrl\":\"https:\\\/\\\/lahingupood.ee\\\/wp-content\\\/uploads\\\/2024\\\/08\\\/120335751_1.jpg\",\"datePublished\":\"2024-09-03T11:28:10+00:00\",\"dateModified\":\"2024-09-03T11:28:11+00:00\",\"description\":\"CLAWGEAR\u00ae Operator Combat p\u00fcksid on loodud kergemateks ja kiireteks l\u00fchiajalisteks \u00fclesanneteks. Need p\u00fcksid on madalama profiiliga ning CLAWGEAR\u00ae ATS mater\",\"breadcrumb\":{\"@id\":\"https:\\\/\\\/lahingupood.ee\\\/toode\\\/clawgear-operator-combat-pants-mk-iii-ats\\\/#breadcrumb\"},\"inLanguage\":\"en-GB\",\"potentialAction\":[{\"@type\":\"ReadAction\",\"target\":[\"https:\\\/\\\/lahingupood.ee\\\/toode\\\/clawgear-operator-combat-pants-mk-iii-ats\\\/\"]}]},{\"@type\":\"ImageObject\",\"inLanguage\":\"en-GB\",\"@id\":\"https:\\\/\\\/lahingupood.ee\\\/toode\\\/clawgear-operator-combat-pants-mk-iii-ats\\\/#primaryimage\",\"url\":\"https:\\\/\\\/lahingupood.ee\\\/wp-content\\\/uploads\\\/2024\\\/08\\\/120335751_1.jpg\",\"contentUrl\":\"https:\\\/\\\/lahingupood.ee\\\/wp-content\\\/uploads\\\/2024\\\/08\\\/120335751_1.jpg\",\"width\":1400,\"height\":980},{\"@type\":\"BreadcrumbList\",\"@id\":\"https:\\\/\\\/lahingupood.ee\\\/toode\\\/clawgear-operator-combat-pants-mk-iii-ats\\\/#breadcrumb\",\"itemListElement\":[{\"@type\":\"ListItem\",\"position\":1,\"name\":\"Home\",\"item\":\"https:\\\/\\\/lahingupood.ee\\\/\"},{\"@type\":\"ListItem\",\"position\":2,\"name\":\"Tooted\",\"item\":\"https:\\\/\\\/lahingupood.ee\\\/tooted\\\/\"},{\"@type\":\"ListItem\",\"position\":3,\"name\":\"Clawgear Operator Combat Pants MK III ATS\"}]},{\"@type\":\"WebSite\",\"@id\":\"https:\\\/\\\/lahingupood.ee\\\/#website\",\"url\":\"https:\\\/\\\/lahingupood.ee\\\/\",\"name\":\"Lahingurada e-pood\",\"description\":\"Airsoft\",\"publisher\":{\"@id\":\"https:\\\/\\\/lahingupood.ee\\\/#organization\"},\"potentialAction\":[{\"@type\":\"SearchAction\",\"target\":{\"@type\":\"EntryPoint\",\"urlTemplate\":\"https:\\\/\\\/lahingupood.ee\\\/?s={search_term_string}\"},\"query-input\":{\"@type\":\"PropertyValueSpecification\",\"valueRequired\":true,\"valueName\":\"search_term_string\"}}],\"inLanguage\":\"en-GB\"},{\"@type\":\"Organization\",\"@id\":\"https:\\\/\\\/lahingupood.ee\\\/#organization\",\"name\":\"Lahingurada\",\"url\":\"https:\\\/\\\/lahingupood.ee\\\/\",\"logo\":{\"@type\":\"ImageObject\",\"inLanguage\":\"en-GB\",\"@id\":\"https:\\\/\\\/lahingupood.ee\\\/#\\\/schema\\\/logo\\\/image\\\/\",\"url\":\"https:\\\/\\\/lahingupood.ee\\\/wp-content\\\/uploads\\\/2022\\\/03\\\/lahingurada-220318.jpg\",\"contentUrl\":\"https:\\\/\\\/lahingupood.ee\\\/wp-content\\\/uploads\\\/2022\\\/03\\\/lahingurada-220318.jpg\",\"width\":800,\"height\":500,\"caption\":\"Lahingurada\"},\"image\":{\"@id\":\"https:\\\/\\\/lahingupood.ee\\\/#\\\/schema\\\/logo\\\/image\\\/\"},\"sameAs\":[\"https:\\\/\\\/www.facebook.com\\\/Lahingurada-629940247212967\"]}]}<\/script>\n<!-- \/ Yoast SEO Premium plugin. -->","yoast_head_json":{"title":"Clawgear Operator Combat Pants MK III ATS - Lahingurada e-pood","description":"CLAWGEAR\u00ae Operator Combat p\u00fcksid on loodud kergemateks ja kiireteks l\u00fchiajalisteks \u00fclesanneteks. Need p\u00fcksid on madalama profiiliga ning CLAWGEAR\u00ae ATS mater","robots":{"index":"index","follow":"follow","max-snippet":"max-snippet:-1","max-image-preview":"max-image-preview:large","max-video-preview":"max-video-preview:-1"},"canonical":"https:\/\/lahingupood.ee\/en\/product\/clawgear-operator-combat-pants-mk-iii-ats\/","og_locale":"en_GB","og_type":"article","og_title":"Clawgear Operator Combat Pants MK III ATS","og_description":"CLAWGEAR\u00ae Operator Combat p\u00fcksid on loodud kergemateks ja kiireteks l\u00fchiajalisteks \u00fclesanneteks. Need p\u00fcksid on madalama profiiliga ning CLAWGEAR\u00ae ATS mater","og_url":"https:\/\/lahingupood.ee\/en\/product\/clawgear-operator-combat-pants-mk-iii-ats\/","og_site_name":"Lahingurada e-pood","article_publisher":"https:\/\/www.facebook.com\/Lahingurada-629940247212967","article_modified_time":"2024-09-03T11:28:11+00:00","og_image":[{"width":1400,"height":980,"url":"https:\/\/lahingupood.ee\/wp-content\/uploads\/2024\/08\/120335751_1.jpg","type":"image\/jpeg"}],"twitter_card":"summary_large_image","twitter_misc":{"Estimated reading time":"1 minute"},"schema":{"@context":"https:\/\/schema.org","@graph":[{"@type":"WebPage","@id":"https:\/\/lahingupood.ee\/toode\/clawgear-operator-combat-pants-mk-iii-ats\/","url":"https:\/\/lahingupood.ee\/toode\/clawgear-operator-combat-pants-mk-iii-ats\/","name":"Clawgear Operator Combat Pants MK III ATS - Lahingurada e-pood","isPartOf":{"@id":"https:\/\/lahingupood.ee\/#website"},"primaryImageOfPage":{"@id":"https:\/\/lahingupood.ee\/toode\/clawgear-operator-combat-pants-mk-iii-ats\/#primaryimage"},"image":{"@id":"https:\/\/lahingupood.ee\/toode\/clawgear-operator-combat-pants-mk-iii-ats\/#primaryimage"},"thumbnailUrl":"https:\/\/lahingupood.ee\/wp-content\/uploads\/2024\/08\/120335751_1.jpg","datePublished":"2024-09-03T11:28:10+00:00","dateModified":"2024-09-03T11:28:11+00:00","description":"CLAWGEAR\u00ae Operator Combat p\u00fcksid on loodud kergemateks ja kiireteks l\u00fchiajalisteks \u00fclesanneteks. Need p\u00fcksid on madalama profiiliga ning CLAWGEAR\u00ae ATS mater","breadcrumb":{"@id":"https:\/\/lahingupood.ee\/toode\/clawgear-operator-combat-pants-mk-iii-ats\/#breadcrumb"},"inLanguage":"en-GB","potentialAction":[{"@type":"ReadAction","target":["https:\/\/lahingupood.ee\/toode\/clawgear-operator-combat-pants-mk-iii-ats\/"]}]},{"@type":"ImageObject","inLanguage":"en-GB","@id":"https:\/\/lahingupood.ee\/toode\/clawgear-operator-combat-pants-mk-iii-ats\/#primaryimage","url":"https:\/\/lahingupood.ee\/wp-content\/uploads\/2024\/08\/120335751_1.jpg","contentUrl":"https:\/\/lahingupood.ee\/wp-content\/uploads\/2024\/08\/120335751_1.jpg","width":1400,"height":980},{"@type":"BreadcrumbList","@id":"https:\/\/lahingupood.ee\/toode\/clawgear-operator-combat-pants-mk-iii-ats\/#breadcrumb","itemListElement":[{"@type":"ListItem","position":1,"name":"Home","item":"https:\/\/lahingupood.ee\/"},{"@type":"ListItem","position":2,"name":"Tooted","item":"https:\/\/lahingupood.ee\/tooted\/"},{"@type":"ListItem","position":3,"name":"Clawgear Operator Combat Pants MK III ATS"}]},{"@type":"WebSite","@id":"https:\/\/lahingupood.ee\/#website","url":"https:\/\/lahingupood.ee\/","name":"Lahingurada e-pood","description":"Airsoft","publisher":{"@id":"https:\/\/lahingupood.ee\/#organization"},"potentialAction":[{"@type":"SearchAction","target":{"@type":"EntryPoint","urlTemplate":"https:\/\/lahingupood.ee\/?s={search_term_string}"},"query-input":{"@type":"PropertyValueSpecification","valueRequired":true,"valueName":"search_term_string"}}],"inLanguage":"en-GB"},{"@type":"Organization","@id":"https:\/\/lahingupood.ee\/#organization","name":"Lahingurada","url":"https:\/\/lahingupood.ee\/","logo":{"@type":"ImageObject","inLanguage":"en-GB","@id":"https:\/\/lahingupood.ee\/#\/schema\/logo\/image\/","url":"https:\/\/lahingupood.ee\/wp-content\/uploads\/2022\/03\/lahingurada-220318.jpg","contentUrl":"https:\/\/lahingupood.ee\/wp-content\/uploads\/2022\/03\/lahingurada-220318.jpg","width":800,"height":500,"caption":"Lahingurada"},"image":{"@id":"https:\/\/lahingupood.ee\/#\/schema\/logo\/image\/"},"sameAs":["https:\/\/www.facebook.com\/Lahingurada-629940247212967"]}]}},"_links":{"self":[{"href":"https:\/\/lahingupood.ee\/en\/wp-json\/wp\/v2\/product\/5344","targetHints":{"allow":["GET"]}}],"collection":[{"href":"https:\/\/lahingupood.ee\/en\/wp-json\/wp\/v2\/product"}],"about":[{"href":"https:\/\/lahingupood.ee\/en\/wp-json\/wp\/v2\/types\/product"}],"wp:featuredmedia":[{"embeddable":true,"href":"https:\/\/lahingupood.ee\/en\/wp-json\/wp\/v2\/media\/5165"}],"wp:attachment":[{"href":"https:\/\/lahingupood.ee\/en\/wp-json\/wp\/v2\/media?parent=5344"}],"wp:term":[{"taxonomy":"product_brand","embeddable":true,"href":"https:\/\/lahingupood.ee\/en\/wp-json\/wp\/v2\/product_brand?post=5344"},{"taxonomy":"product_cat","embeddable":true,"href":"https:\/\/lahingupood.ee\/en\/wp-json\/wp\/v2\/product_cat?post=5344"},{"taxonomy":"product_tag","embeddable":true,"href":"https:\/\/lahingupood.ee\/en\/wp-json\/wp\/v2\/product_tag?post=5344"}],"curies":[{"name":"wp","href":"https:\/\/api.w.org\/{rel}","templated":true}]}}