{"id":5324,"date":"2024-09-03T14:18:20","date_gmt":"2024-09-03T11:18:20","guid":{"rendered":"https:\/\/lahingupood.ee\/?post_type=product&#038;p=5324"},"modified":"2026-04-24T10:58:53","modified_gmt":"2026-04-24T07:58:53","slug":"clawgear-raider-pants-mk-v","status":"publish","type":"product","link":"https:\/\/lahingupood.ee\/en\/product\/clawgear-raider-pants-mk-v\/","title":{"rendered":"Clawgear Raider Pants MK V"},"content":{"rendered":"<p>Clawgear Raider Pants MK V on keskmise raskusega taktikalised combat p\u00fcksid, mis on loodud professionaalseks kasutuseks s\u00f5jav\u00e4e ja korrakaitse valdkonnas. Need p\u00fcksid pakuvad head tasakaalu vastupidavuse, mugavuse ja funktsionaalsuse vahel. P\u00fcksid on valmistatud 220 GSM (6.5 OZ) 50% nailoni ja 50% puuvilla rip-stop kangast, mis on vastupidav ja kiirelt kuivav, sobides aktiivseks kasutuseks erinevates tingimustes. Raider Pants MK V-l on kokku kaheksa taskut, mis v\u00f5imaldavad mugavalt kanda isiklikku varustust ja tarvikuid.<\/p>","protected":false},"excerpt":{"rendered":"<p>Clawgear Raider Pants MK V on keskmise raskusega taktikalised combat p\u00fcksid, mis on loodud professionaalseks kasutuseks s\u00f5jav\u00e4e ja korrakaitse valdkonnas. Need p\u00fcksid pakuvad head tasakaalu vastupidavuse, mugavuse ja funktsionaalsuse vahel. P\u00fcksid on valmistatud 220 GSM (6.5 OZ) 50% nailoni ja 50% puuvilla rip-stop kangast, mis on vastupidav ja kiirelt kuivav, sobides aktiivseks kasutuseks erinevates tingimustes. [&#8230;]\n","protected":false},"featured_media":5167,"template":"","meta":[],"product_brand":[],"product_cat":[27],"product_tag":[],"class_list":{"0":"post-5324","1":"product","2":"type-product","3":"status-publish","4":"has-post-thumbnail","6":"product_cat-puksid","8":"first","9":"instock","10":"taxable","11":"shipping-taxable","12":"purchasable","13":"product-type-variable"},"yoast_head":"<!-- This site is optimized with the Yoast SEO Premium plugin v27.5 (Yoast SEO v27.5) - https:\/\/yoast.com\/product\/yoast-seo-premium-wordpress\/ -->\n<title>Clawgear Raider Pants MK V \u2013 taktikalised combat p\u00fcksid<\/title>\n<meta name=\"description\" content=\"Clawgear Raider Pants MK V on vastupidavad ja kiiresti kuivavad taktikalised p\u00fcksid. Sobivad kaitsev\u00e4e, korrakaitse ja airsofti kasutuseks.\" \/>\n<meta name=\"robots\" content=\"index, follow, max-snippet:-1, max-image-preview:large, max-video-preview:-1\" \/>\n<link rel=\"canonical\" href=\"https:\/\/lahingupood.ee\/en\/product\/clawgear-raider-pants-mk-v\/\" \/>\n<meta property=\"og:locale\" content=\"en_GB\" \/>\n<meta property=\"og:type\" content=\"article\" \/>\n<meta property=\"og:title\" content=\"Clawgear Raider Pants MK V\" \/>\n<meta property=\"og:description\" content=\"Clawgear Raider Pants MK V on vastupidavad ja kiiresti kuivavad taktikalised p\u00fcksid. Sobivad kaitsev\u00e4e, korrakaitse ja airsofti kasutuseks.\" \/>\n<meta property=\"og:url\" content=\"https:\/\/lahingupood.ee\/en\/product\/clawgear-raider-pants-mk-v\/\" \/>\n<meta property=\"og:site_name\" content=\"Lahingurada e-pood\" \/>\n<meta property=\"article:publisher\" content=\"https:\/\/www.facebook.com\/Lahingurada-629940247212967\" \/>\n<meta property=\"article:modified_time\" content=\"2026-04-24T07:58:53+00:00\" \/>\n<meta property=\"og:image\" content=\"https:\/\/lahingupood.ee\/wp-content\/uploads\/2024\/08\/120342751_1.jpg\" \/>\n\t<meta property=\"og:image:width\" content=\"1400\" \/>\n\t<meta property=\"og:image:height\" content=\"980\" \/>\n\t<meta property=\"og:image:type\" content=\"image\/jpeg\" \/>\n<meta name=\"twitter:card\" content=\"summary_large_image\" \/>\n<meta name=\"twitter:label1\" content=\"Estimated reading time\" \/>\n\t<meta name=\"twitter:data1\" content=\"1 minute\" \/>\n<script type=\"application\/ld+json\" class=\"yoast-schema-graph\">{\"@context\":\"https:\\\/\\\/schema.org\",\"@graph\":[{\"@type\":\"WebPage\",\"@id\":\"https:\\\/\\\/lahingupood.ee\\\/toode\\\/clawgear-raider-pants-mk-v\\\/\",\"url\":\"https:\\\/\\\/lahingupood.ee\\\/toode\\\/clawgear-raider-pants-mk-v\\\/\",\"name\":\"Clawgear Raider Pants MK V \u2013 taktikalised combat p\u00fcksid\",\"isPartOf\":{\"@id\":\"https:\\\/\\\/lahingupood.ee\\\/#website\"},\"primaryImageOfPage\":{\"@id\":\"https:\\\/\\\/lahingupood.ee\\\/toode\\\/clawgear-raider-pants-mk-v\\\/#primaryimage\"},\"image\":{\"@id\":\"https:\\\/\\\/lahingupood.ee\\\/toode\\\/clawgear-raider-pants-mk-v\\\/#primaryimage\"},\"thumbnailUrl\":\"https:\\\/\\\/lahingupood.ee\\\/wp-content\\\/uploads\\\/2024\\\/08\\\/120342751_1.jpg\",\"datePublished\":\"2024-09-03T11:18:20+00:00\",\"dateModified\":\"2026-04-24T07:58:53+00:00\",\"description\":\"Clawgear Raider Pants MK V on vastupidavad ja kiiresti kuivavad taktikalised p\u00fcksid. Sobivad kaitsev\u00e4e, korrakaitse ja airsofti kasutuseks.\",\"breadcrumb\":{\"@id\":\"https:\\\/\\\/lahingupood.ee\\\/toode\\\/clawgear-raider-pants-mk-v\\\/#breadcrumb\"},\"inLanguage\":\"en-GB\",\"potentialAction\":[{\"@type\":\"ReadAction\",\"target\":[\"https:\\\/\\\/lahingupood.ee\\\/toode\\\/clawgear-raider-pants-mk-v\\\/\"]}]},{\"@type\":\"ImageObject\",\"inLanguage\":\"en-GB\",\"@id\":\"https:\\\/\\\/lahingupood.ee\\\/toode\\\/clawgear-raider-pants-mk-v\\\/#primaryimage\",\"url\":\"https:\\\/\\\/lahingupood.ee\\\/wp-content\\\/uploads\\\/2024\\\/08\\\/120342751_1.jpg\",\"contentUrl\":\"https:\\\/\\\/lahingupood.ee\\\/wp-content\\\/uploads\\\/2024\\\/08\\\/120342751_1.jpg\",\"width\":1400,\"height\":980,\"caption\":\"Clawgear Raider Pants MK V \u2013 vastupidavad ja funktsionaalsed taktikalised p\u00fcksid professionaalseks kasutuseks.\"},{\"@type\":\"BreadcrumbList\",\"@id\":\"https:\\\/\\\/lahingupood.ee\\\/toode\\\/clawgear-raider-pants-mk-v\\\/#breadcrumb\",\"itemListElement\":[{\"@type\":\"ListItem\",\"position\":1,\"name\":\"Home\",\"item\":\"https:\\\/\\\/lahingupood.ee\\\/\"},{\"@type\":\"ListItem\",\"position\":2,\"name\":\"Tooted\",\"item\":\"https:\\\/\\\/lahingupood.ee\\\/tooted\\\/\"},{\"@type\":\"ListItem\",\"position\":3,\"name\":\"Clawgear Raider Pants MK V\"}]},{\"@type\":\"WebSite\",\"@id\":\"https:\\\/\\\/lahingupood.ee\\\/#website\",\"url\":\"https:\\\/\\\/lahingupood.ee\\\/\",\"name\":\"Lahingurada e-pood\",\"description\":\"Airsoft\",\"publisher\":{\"@id\":\"https:\\\/\\\/lahingupood.ee\\\/#organization\"},\"potentialAction\":[{\"@type\":\"SearchAction\",\"target\":{\"@type\":\"EntryPoint\",\"urlTemplate\":\"https:\\\/\\\/lahingupood.ee\\\/?s={search_term_string}\"},\"query-input\":{\"@type\":\"PropertyValueSpecification\",\"valueRequired\":true,\"valueName\":\"search_term_string\"}}],\"inLanguage\":\"en-GB\"},{\"@type\":\"Organization\",\"@id\":\"https:\\\/\\\/lahingupood.ee\\\/#organization\",\"name\":\"Lahingurada\",\"url\":\"https:\\\/\\\/lahingupood.ee\\\/\",\"logo\":{\"@type\":\"ImageObject\",\"inLanguage\":\"en-GB\",\"@id\":\"https:\\\/\\\/lahingupood.ee\\\/#\\\/schema\\\/logo\\\/image\\\/\",\"url\":\"https:\\\/\\\/lahingupood.ee\\\/wp-content\\\/uploads\\\/2022\\\/03\\\/lahingurada-220318.jpg\",\"contentUrl\":\"https:\\\/\\\/lahingupood.ee\\\/wp-content\\\/uploads\\\/2022\\\/03\\\/lahingurada-220318.jpg\",\"width\":800,\"height\":500,\"caption\":\"Lahingurada\"},\"image\":{\"@id\":\"https:\\\/\\\/lahingupood.ee\\\/#\\\/schema\\\/logo\\\/image\\\/\"},\"sameAs\":[\"https:\\\/\\\/www.facebook.com\\\/Lahingurada-629940247212967\"]}]}<\/script>\n<!-- \/ Yoast SEO Premium plugin. -->","yoast_head_json":{"title":"Clawgear Raider Pants MK V \u2013 taktikalised combat p\u00fcksid","description":"Clawgear Raider Pants MK V on vastupidavad ja kiiresti kuivavad taktikalised p\u00fcksid. Sobivad kaitsev\u00e4e, korrakaitse ja airsofti kasutuseks.","robots":{"index":"index","follow":"follow","max-snippet":"max-snippet:-1","max-image-preview":"max-image-preview:large","max-video-preview":"max-video-preview:-1"},"canonical":"https:\/\/lahingupood.ee\/en\/product\/clawgear-raider-pants-mk-v\/","og_locale":"en_GB","og_type":"article","og_title":"Clawgear Raider Pants MK V","og_description":"Clawgear Raider Pants MK V on vastupidavad ja kiiresti kuivavad taktikalised p\u00fcksid. Sobivad kaitsev\u00e4e, korrakaitse ja airsofti kasutuseks.","og_url":"https:\/\/lahingupood.ee\/en\/product\/clawgear-raider-pants-mk-v\/","og_site_name":"Lahingurada e-pood","article_publisher":"https:\/\/www.facebook.com\/Lahingurada-629940247212967","article_modified_time":"2026-04-24T07:58:53+00:00","og_image":[{"width":1400,"height":980,"url":"https:\/\/lahingupood.ee\/wp-content\/uploads\/2024\/08\/120342751_1.jpg","type":"image\/jpeg"}],"twitter_card":"summary_large_image","twitter_misc":{"Estimated reading time":"1 minute"},"schema":{"@context":"https:\/\/schema.org","@graph":[{"@type":"WebPage","@id":"https:\/\/lahingupood.ee\/toode\/clawgear-raider-pants-mk-v\/","url":"https:\/\/lahingupood.ee\/toode\/clawgear-raider-pants-mk-v\/","name":"Clawgear Raider Pants MK V \u2013 taktikalised combat p\u00fcksid","isPartOf":{"@id":"https:\/\/lahingupood.ee\/#website"},"primaryImageOfPage":{"@id":"https:\/\/lahingupood.ee\/toode\/clawgear-raider-pants-mk-v\/#primaryimage"},"image":{"@id":"https:\/\/lahingupood.ee\/toode\/clawgear-raider-pants-mk-v\/#primaryimage"},"thumbnailUrl":"https:\/\/lahingupood.ee\/wp-content\/uploads\/2024\/08\/120342751_1.jpg","datePublished":"2024-09-03T11:18:20+00:00","dateModified":"2026-04-24T07:58:53+00:00","description":"Clawgear Raider Pants MK V on vastupidavad ja kiiresti kuivavad taktikalised p\u00fcksid. Sobivad kaitsev\u00e4e, korrakaitse ja airsofti kasutuseks.","breadcrumb":{"@id":"https:\/\/lahingupood.ee\/toode\/clawgear-raider-pants-mk-v\/#breadcrumb"},"inLanguage":"en-GB","potentialAction":[{"@type":"ReadAction","target":["https:\/\/lahingupood.ee\/toode\/clawgear-raider-pants-mk-v\/"]}]},{"@type":"ImageObject","inLanguage":"en-GB","@id":"https:\/\/lahingupood.ee\/toode\/clawgear-raider-pants-mk-v\/#primaryimage","url":"https:\/\/lahingupood.ee\/wp-content\/uploads\/2024\/08\/120342751_1.jpg","contentUrl":"https:\/\/lahingupood.ee\/wp-content\/uploads\/2024\/08\/120342751_1.jpg","width":1400,"height":980,"caption":"Clawgear Raider Pants MK V \u2013 vastupidavad ja funktsionaalsed taktikalised p\u00fcksid professionaalseks kasutuseks."},{"@type":"BreadcrumbList","@id":"https:\/\/lahingupood.ee\/toode\/clawgear-raider-pants-mk-v\/#breadcrumb","itemListElement":[{"@type":"ListItem","position":1,"name":"Home","item":"https:\/\/lahingupood.ee\/"},{"@type":"ListItem","position":2,"name":"Tooted","item":"https:\/\/lahingupood.ee\/tooted\/"},{"@type":"ListItem","position":3,"name":"Clawgear Raider Pants MK V"}]},{"@type":"WebSite","@id":"https:\/\/lahingupood.ee\/#website","url":"https:\/\/lahingupood.ee\/","name":"Lahingurada e-pood","description":"Airsoft","publisher":{"@id":"https:\/\/lahingupood.ee\/#organization"},"potentialAction":[{"@type":"SearchAction","target":{"@type":"EntryPoint","urlTemplate":"https:\/\/lahingupood.ee\/?s={search_term_string}"},"query-input":{"@type":"PropertyValueSpecification","valueRequired":true,"valueName":"search_term_string"}}],"inLanguage":"en-GB"},{"@type":"Organization","@id":"https:\/\/lahingupood.ee\/#organization","name":"Lahingurada","url":"https:\/\/lahingupood.ee\/","logo":{"@type":"ImageObject","inLanguage":"en-GB","@id":"https:\/\/lahingupood.ee\/#\/schema\/logo\/image\/","url":"https:\/\/lahingupood.ee\/wp-content\/uploads\/2022\/03\/lahingurada-220318.jpg","contentUrl":"https:\/\/lahingupood.ee\/wp-content\/uploads\/2022\/03\/lahingurada-220318.jpg","width":800,"height":500,"caption":"Lahingurada"},"image":{"@id":"https:\/\/lahingupood.ee\/#\/schema\/logo\/image\/"},"sameAs":["https:\/\/www.facebook.com\/Lahingurada-629940247212967"]}]}},"_links":{"self":[{"href":"https:\/\/lahingupood.ee\/en\/wp-json\/wp\/v2\/product\/5324","targetHints":{"allow":["GET"]}}],"collection":[{"href":"https:\/\/lahingupood.ee\/en\/wp-json\/wp\/v2\/product"}],"about":[{"href":"https:\/\/lahingupood.ee\/en\/wp-json\/wp\/v2\/types\/product"}],"wp:featuredmedia":[{"embeddable":true,"href":"https:\/\/lahingupood.ee\/en\/wp-json\/wp\/v2\/media\/5167"}],"wp:attachment":[{"href":"https:\/\/lahingupood.ee\/en\/wp-json\/wp\/v2\/media?parent=5324"}],"wp:term":[{"taxonomy":"product_brand","embeddable":true,"href":"https:\/\/lahingupood.ee\/en\/wp-json\/wp\/v2\/product_brand?post=5324"},{"taxonomy":"product_cat","embeddable":true,"href":"https:\/\/lahingupood.ee\/en\/wp-json\/wp\/v2\/product_cat?post=5324"},{"taxonomy":"product_tag","embeddable":true,"href":"https:\/\/lahingupood.ee\/en\/wp-json\/wp\/v2\/product_tag?post=5324"}],"curies":[{"name":"wp","href":"https:\/\/api.w.org\/{rel}","templated":true}]}}