{"id":5308,"date":"2024-08-29T16:26:40","date_gmt":"2024-08-29T13:26:40","guid":{"rendered":"https:\/\/lahingupood.ee\/?post_type=product&#038;p=5308"},"modified":"2024-08-29T16:26:41","modified_gmt":"2024-08-29T13:26:41","slug":"clawgear-raider-pants-mk-v-ats","status":"publish","type":"product","link":"https:\/\/lahingupood.ee\/en\/product\/clawgear-raider-pants-mk-v-ats\/","title":{"rendered":"Clawgear Raider Pants MK V ATS"},"content":{"rendered":"<p>CLAWGEAR\u00ae Raider Field p\u00fcksid on k\u00f5ige kergemad ja vastupidavamad p\u00fcksid pikemaajalisteks v\u00e4litoiminguteks. Ergonomiline disain ja CLAWGEAR\u00ae ATS materjalid v\u00f5imaldavad piiramatut liikumisvabadust. Kerge materjal v\u00e4hendab oluliselt vee imendumist ja kuivab kiiremini, samas kui DARKSTONE\u2122 tagab suurema kulumiskindluse ja vastupidavuse.<\/p>\n<p>Raider p\u00fckstel on kaheksa taskut, mis v\u00f5imaldavad isiklike varustuselementide kinnitamist. Toode on valmistatud topelt\u00f5mblustehnikas, et tagada tugevus, ning lamedate \u00f5mblustega, et suurendada mugavust.<\/p>\n<p>Sobivuse peenh\u00e4\u00e4lestamine on v\u00f5imalik takjakinnisega v\u00f6\u00f6kinniti, v\u00e4liste jalaosade takjakinnisega reguleerimise ning sisemise p\u00f5lvelukustusn\u00f6\u00f6ri abil.<\/p>","protected":false},"excerpt":{"rendered":"<p>CLAWGEAR\u00ae Raider Field p\u00fcksid on k\u00f5ige kergemad ja vastupidavamad p\u00fcksid pikemaajalisteks v\u00e4litoiminguteks. Ergonomiline disain ja CLAWGEAR\u00ae ATS materjalid v\u00f5imaldavad piiramatut liikumisvabadust. Kerge materjal v\u00e4hendab oluliselt vee imendumist ja kuivab kiiremini, samas kui DARKSTONE\u2122 tagab suurema kulumiskindluse ja vastupidavuse. Raider p\u00fckstel on kaheksa taskut, mis v\u00f5imaldavad isiklike varustuselementide kinnitamist. Toode on valmistatud topelt\u00f5mblustehnikas, et tagada tugevus, [&#8230;]\n","protected":false},"featured_media":5187,"template":"","meta":[],"product_brand":[],"product_cat":[27],"product_tag":[],"class_list":{"0":"post-5308","1":"product","2":"type-product","3":"status-publish","4":"has-post-thumbnail","6":"product_cat-puksid","8":"first","9":"onbackorder","10":"taxable","11":"shipping-taxable","12":"purchasable","13":"product-type-variable"},"yoast_head":"<!-- This site is optimized with the Yoast SEO Premium plugin v27.3 (Yoast SEO v27.3) - https:\/\/yoast.com\/product\/yoast-seo-premium-wordpress\/ -->\n<title>Clawgear Raider Pants MK V ATS - Lahingurada e-pood<\/title>\n<meta name=\"description\" content=\"CLAWGEAR\u00ae Raider Field p\u00fcksid on k\u00f5ige kergemad ja vastupidavamad p\u00fcksid pikemaajalisteks v\u00e4litoiminguteks. Ergonomiline disain ja CLAWGEAR\u00ae ATS materjalid\" \/>\n<meta name=\"robots\" content=\"index, follow, max-snippet:-1, max-image-preview:large, max-video-preview:-1\" \/>\n<link rel=\"canonical\" href=\"https:\/\/lahingupood.ee\/en\/product\/clawgear-raider-pants-mk-v-ats\/\" \/>\n<meta property=\"og:locale\" content=\"en_GB\" \/>\n<meta property=\"og:type\" content=\"article\" \/>\n<meta property=\"og:title\" content=\"Clawgear Raider Pants MK V ATS\" \/>\n<meta property=\"og:description\" content=\"CLAWGEAR\u00ae Raider Field p\u00fcksid on k\u00f5ige kergemad ja vastupidavamad p\u00fcksid pikemaajalisteks v\u00e4litoiminguteks. Ergonomiline disain ja CLAWGEAR\u00ae ATS materjalid\" \/>\n<meta property=\"og:url\" content=\"https:\/\/lahingupood.ee\/en\/product\/clawgear-raider-pants-mk-v-ats\/\" \/>\n<meta property=\"og:site_name\" content=\"Lahingurada e-pood\" \/>\n<meta property=\"article:publisher\" content=\"https:\/\/www.facebook.com\/Lahingurada-629940247212967\" \/>\n<meta property=\"article:modified_time\" content=\"2024-08-29T13:26:41+00:00\" \/>\n<meta property=\"og:image\" content=\"https:\/\/lahingupood.ee\/wp-content\/uploads\/2024\/08\/120343751_1.jpg\" \/>\n\t<meta property=\"og:image:width\" content=\"1400\" \/>\n\t<meta property=\"og:image:height\" content=\"980\" \/>\n\t<meta property=\"og:image:type\" content=\"image\/jpeg\" \/>\n<meta name=\"twitter:card\" content=\"summary_large_image\" \/>\n<meta name=\"twitter:label1\" content=\"Estimated reading time\" \/>\n\t<meta name=\"twitter:data1\" content=\"1 minute\" \/>\n<script type=\"application\/ld+json\" class=\"yoast-schema-graph\">{\"@context\":\"https:\\\/\\\/schema.org\",\"@graph\":[{\"@type\":\"WebPage\",\"@id\":\"https:\\\/\\\/lahingupood.ee\\\/toode\\\/clawgear-raider-pants-mk-v-ats\\\/\",\"url\":\"https:\\\/\\\/lahingupood.ee\\\/toode\\\/clawgear-raider-pants-mk-v-ats\\\/\",\"name\":\"Clawgear Raider Pants MK V ATS - Lahingurada e-pood\",\"isPartOf\":{\"@id\":\"https:\\\/\\\/lahingupood.ee\\\/#website\"},\"primaryImageOfPage\":{\"@id\":\"https:\\\/\\\/lahingupood.ee\\\/toode\\\/clawgear-raider-pants-mk-v-ats\\\/#primaryimage\"},\"image\":{\"@id\":\"https:\\\/\\\/lahingupood.ee\\\/toode\\\/clawgear-raider-pants-mk-v-ats\\\/#primaryimage\"},\"thumbnailUrl\":\"https:\\\/\\\/lahingupood.ee\\\/wp-content\\\/uploads\\\/2024\\\/08\\\/120343751_1.jpg\",\"datePublished\":\"2024-08-29T13:26:40+00:00\",\"dateModified\":\"2024-08-29T13:26:41+00:00\",\"description\":\"CLAWGEAR\u00ae Raider Field p\u00fcksid on k\u00f5ige kergemad ja vastupidavamad p\u00fcksid pikemaajalisteks v\u00e4litoiminguteks. Ergonomiline disain ja CLAWGEAR\u00ae ATS materjalid\",\"breadcrumb\":{\"@id\":\"https:\\\/\\\/lahingupood.ee\\\/toode\\\/clawgear-raider-pants-mk-v-ats\\\/#breadcrumb\"},\"inLanguage\":\"en-GB\",\"potentialAction\":[{\"@type\":\"ReadAction\",\"target\":[\"https:\\\/\\\/lahingupood.ee\\\/toode\\\/clawgear-raider-pants-mk-v-ats\\\/\"]}]},{\"@type\":\"ImageObject\",\"inLanguage\":\"en-GB\",\"@id\":\"https:\\\/\\\/lahingupood.ee\\\/toode\\\/clawgear-raider-pants-mk-v-ats\\\/#primaryimage\",\"url\":\"https:\\\/\\\/lahingupood.ee\\\/wp-content\\\/uploads\\\/2024\\\/08\\\/120343751_1.jpg\",\"contentUrl\":\"https:\\\/\\\/lahingupood.ee\\\/wp-content\\\/uploads\\\/2024\\\/08\\\/120343751_1.jpg\",\"width\":1400,\"height\":980},{\"@type\":\"BreadcrumbList\",\"@id\":\"https:\\\/\\\/lahingupood.ee\\\/toode\\\/clawgear-raider-pants-mk-v-ats\\\/#breadcrumb\",\"itemListElement\":[{\"@type\":\"ListItem\",\"position\":1,\"name\":\"Home\",\"item\":\"https:\\\/\\\/lahingupood.ee\\\/\"},{\"@type\":\"ListItem\",\"position\":2,\"name\":\"Tooted\",\"item\":\"https:\\\/\\\/lahingupood.ee\\\/tooted\\\/\"},{\"@type\":\"ListItem\",\"position\":3,\"name\":\"Clawgear Raider Pants MK V ATS\"}]},{\"@type\":\"WebSite\",\"@id\":\"https:\\\/\\\/lahingupood.ee\\\/#website\",\"url\":\"https:\\\/\\\/lahingupood.ee\\\/\",\"name\":\"Lahingurada e-pood\",\"description\":\"Airsoft\",\"publisher\":{\"@id\":\"https:\\\/\\\/lahingupood.ee\\\/#organization\"},\"potentialAction\":[{\"@type\":\"SearchAction\",\"target\":{\"@type\":\"EntryPoint\",\"urlTemplate\":\"https:\\\/\\\/lahingupood.ee\\\/?s={search_term_string}\"},\"query-input\":{\"@type\":\"PropertyValueSpecification\",\"valueRequired\":true,\"valueName\":\"search_term_string\"}}],\"inLanguage\":\"en-GB\"},{\"@type\":\"Organization\",\"@id\":\"https:\\\/\\\/lahingupood.ee\\\/#organization\",\"name\":\"Lahingurada\",\"url\":\"https:\\\/\\\/lahingupood.ee\\\/\",\"logo\":{\"@type\":\"ImageObject\",\"inLanguage\":\"en-GB\",\"@id\":\"https:\\\/\\\/lahingupood.ee\\\/#\\\/schema\\\/logo\\\/image\\\/\",\"url\":\"https:\\\/\\\/lahingupood.ee\\\/wp-content\\\/uploads\\\/2022\\\/03\\\/lahingurada-220318.jpg\",\"contentUrl\":\"https:\\\/\\\/lahingupood.ee\\\/wp-content\\\/uploads\\\/2022\\\/03\\\/lahingurada-220318.jpg\",\"width\":800,\"height\":500,\"caption\":\"Lahingurada\"},\"image\":{\"@id\":\"https:\\\/\\\/lahingupood.ee\\\/#\\\/schema\\\/logo\\\/image\\\/\"},\"sameAs\":[\"https:\\\/\\\/www.facebook.com\\\/Lahingurada-629940247212967\"]}]}<\/script>\n<!-- \/ Yoast SEO Premium plugin. -->","yoast_head_json":{"title":"Clawgear Raider Pants MK V ATS - Lahingurada e-pood","description":"CLAWGEAR\u00ae Raider Field p\u00fcksid on k\u00f5ige kergemad ja vastupidavamad p\u00fcksid pikemaajalisteks v\u00e4litoiminguteks. Ergonomiline disain ja CLAWGEAR\u00ae ATS materjalid","robots":{"index":"index","follow":"follow","max-snippet":"max-snippet:-1","max-image-preview":"max-image-preview:large","max-video-preview":"max-video-preview:-1"},"canonical":"https:\/\/lahingupood.ee\/en\/product\/clawgear-raider-pants-mk-v-ats\/","og_locale":"en_GB","og_type":"article","og_title":"Clawgear Raider Pants MK V ATS","og_description":"CLAWGEAR\u00ae Raider Field p\u00fcksid on k\u00f5ige kergemad ja vastupidavamad p\u00fcksid pikemaajalisteks v\u00e4litoiminguteks. Ergonomiline disain ja CLAWGEAR\u00ae ATS materjalid","og_url":"https:\/\/lahingupood.ee\/en\/product\/clawgear-raider-pants-mk-v-ats\/","og_site_name":"Lahingurada e-pood","article_publisher":"https:\/\/www.facebook.com\/Lahingurada-629940247212967","article_modified_time":"2024-08-29T13:26:41+00:00","og_image":[{"width":1400,"height":980,"url":"https:\/\/lahingupood.ee\/wp-content\/uploads\/2024\/08\/120343751_1.jpg","type":"image\/jpeg"}],"twitter_card":"summary_large_image","twitter_misc":{"Estimated reading time":"1 minute"},"schema":{"@context":"https:\/\/schema.org","@graph":[{"@type":"WebPage","@id":"https:\/\/lahingupood.ee\/toode\/clawgear-raider-pants-mk-v-ats\/","url":"https:\/\/lahingupood.ee\/toode\/clawgear-raider-pants-mk-v-ats\/","name":"Clawgear Raider Pants MK V ATS - Lahingurada e-pood","isPartOf":{"@id":"https:\/\/lahingupood.ee\/#website"},"primaryImageOfPage":{"@id":"https:\/\/lahingupood.ee\/toode\/clawgear-raider-pants-mk-v-ats\/#primaryimage"},"image":{"@id":"https:\/\/lahingupood.ee\/toode\/clawgear-raider-pants-mk-v-ats\/#primaryimage"},"thumbnailUrl":"https:\/\/lahingupood.ee\/wp-content\/uploads\/2024\/08\/120343751_1.jpg","datePublished":"2024-08-29T13:26:40+00:00","dateModified":"2024-08-29T13:26:41+00:00","description":"CLAWGEAR\u00ae Raider Field p\u00fcksid on k\u00f5ige kergemad ja vastupidavamad p\u00fcksid pikemaajalisteks v\u00e4litoiminguteks. Ergonomiline disain ja CLAWGEAR\u00ae ATS materjalid","breadcrumb":{"@id":"https:\/\/lahingupood.ee\/toode\/clawgear-raider-pants-mk-v-ats\/#breadcrumb"},"inLanguage":"en-GB","potentialAction":[{"@type":"ReadAction","target":["https:\/\/lahingupood.ee\/toode\/clawgear-raider-pants-mk-v-ats\/"]}]},{"@type":"ImageObject","inLanguage":"en-GB","@id":"https:\/\/lahingupood.ee\/toode\/clawgear-raider-pants-mk-v-ats\/#primaryimage","url":"https:\/\/lahingupood.ee\/wp-content\/uploads\/2024\/08\/120343751_1.jpg","contentUrl":"https:\/\/lahingupood.ee\/wp-content\/uploads\/2024\/08\/120343751_1.jpg","width":1400,"height":980},{"@type":"BreadcrumbList","@id":"https:\/\/lahingupood.ee\/toode\/clawgear-raider-pants-mk-v-ats\/#breadcrumb","itemListElement":[{"@type":"ListItem","position":1,"name":"Home","item":"https:\/\/lahingupood.ee\/"},{"@type":"ListItem","position":2,"name":"Tooted","item":"https:\/\/lahingupood.ee\/tooted\/"},{"@type":"ListItem","position":3,"name":"Clawgear Raider Pants MK V ATS"}]},{"@type":"WebSite","@id":"https:\/\/lahingupood.ee\/#website","url":"https:\/\/lahingupood.ee\/","name":"Lahingurada e-pood","description":"Airsoft","publisher":{"@id":"https:\/\/lahingupood.ee\/#organization"},"potentialAction":[{"@type":"SearchAction","target":{"@type":"EntryPoint","urlTemplate":"https:\/\/lahingupood.ee\/?s={search_term_string}"},"query-input":{"@type":"PropertyValueSpecification","valueRequired":true,"valueName":"search_term_string"}}],"inLanguage":"en-GB"},{"@type":"Organization","@id":"https:\/\/lahingupood.ee\/#organization","name":"Lahingurada","url":"https:\/\/lahingupood.ee\/","logo":{"@type":"ImageObject","inLanguage":"en-GB","@id":"https:\/\/lahingupood.ee\/#\/schema\/logo\/image\/","url":"https:\/\/lahingupood.ee\/wp-content\/uploads\/2022\/03\/lahingurada-220318.jpg","contentUrl":"https:\/\/lahingupood.ee\/wp-content\/uploads\/2022\/03\/lahingurada-220318.jpg","width":800,"height":500,"caption":"Lahingurada"},"image":{"@id":"https:\/\/lahingupood.ee\/#\/schema\/logo\/image\/"},"sameAs":["https:\/\/www.facebook.com\/Lahingurada-629940247212967"]}]}},"_links":{"self":[{"href":"https:\/\/lahingupood.ee\/en\/wp-json\/wp\/v2\/product\/5308","targetHints":{"allow":["GET"]}}],"collection":[{"href":"https:\/\/lahingupood.ee\/en\/wp-json\/wp\/v2\/product"}],"about":[{"href":"https:\/\/lahingupood.ee\/en\/wp-json\/wp\/v2\/types\/product"}],"wp:featuredmedia":[{"embeddable":true,"href":"https:\/\/lahingupood.ee\/en\/wp-json\/wp\/v2\/media\/5187"}],"wp:attachment":[{"href":"https:\/\/lahingupood.ee\/en\/wp-json\/wp\/v2\/media?parent=5308"}],"wp:term":[{"taxonomy":"product_brand","embeddable":true,"href":"https:\/\/lahingupood.ee\/en\/wp-json\/wp\/v2\/product_brand?post=5308"},{"taxonomy":"product_cat","embeddable":true,"href":"https:\/\/lahingupood.ee\/en\/wp-json\/wp\/v2\/product_cat?post=5308"},{"taxonomy":"product_tag","embeddable":true,"href":"https:\/\/lahingupood.ee\/en\/wp-json\/wp\/v2\/product_tag?post=5308"}],"curies":[{"name":"wp","href":"https:\/\/api.w.org\/{rel}","templated":true}]}}