{"id":5307,"date":"2024-08-29T16:11:58","date_gmt":"2024-08-29T13:11:58","guid":{"rendered":"https:\/\/lahingupood.ee\/?post_type=product&#038;p=5307"},"modified":"2024-08-29T16:11:59","modified_gmt":"2024-08-29T13:11:59","slug":"crye-precision-pack-zip-on-panel-2-0","status":"publish","type":"product","link":"https:\/\/lahingupood.ee\/en\/product\/crye-precision-pack-zip-on-panel-2-0\/","title":{"rendered":"Crye Precision Pack Zip-On Panel 2.0"},"content":{"rendered":"<p>Lihtne, mitmek\u00fclgne pakend, mis lukustub tagumise koti koti k\u00fclge ja venib, et hoida olulisi tarvikuid. Mitmed k\u00e4ep\u00e4rased sise- ja v\u00e4listaskud. Sujuv t\u00f5rgeteta disain ei ole liiga suur ega liiga v\u00e4ike. Sisaldab sisseehitatud purunemist\u00f6\u00f6riista taskut ja 2 k\u00fclgmist juurdep\u00e4\u00e4sutaskut. \u00dchildub CHASSIS\u2122, CPC\u2122, AVS\u2122 ja JPC\u21222.0-ga. Vestid m\u00fc\u00fcakse eraldi. Valmistatud USA-s USA materjalidest.<\/p>\n<p>&nbsp;<\/p>","protected":false},"excerpt":{"rendered":"<p>Lihtne, mitmek\u00fclgne pakend, mis lukustub tagumise koti koti k\u00fclge ja venib, et hoida olulisi tarvikuid. Mitmed k\u00e4ep\u00e4rased sise- ja v\u00e4listaskud. Sujuv t\u00f5rgeteta disain ei ole liiga suur ega liiga v\u00e4ike. Sisaldab sisseehitatud purunemist\u00f6\u00f6riista taskut ja 2 k\u00fclgmist juurdep\u00e4\u00e4sutaskut. \u00dchildub CHASSIS\u2122, CPC\u2122, AVS\u2122 ja JPC\u21222.0-ga. Vestid m\u00fc\u00fcakse eraldi. Valmistatud USA-s USA materjalidest. &nbsp;<\/p>","protected":false},"featured_media":5157,"template":"","meta":[],"product_brand":[],"product_cat":[51,45],"product_tag":[],"class_list":{"0":"post-5307","1":"product","2":"type-product","3":"status-publish","4":"has-post-thumbnail","6":"product_cat-seljakotid","7":"product_cat-vestid-ja-vood","9":"first","10":"onbackorder","11":"taxable","12":"shipping-taxable","13":"purchasable","14":"product-type-simple"},"yoast_head":"<!-- This site is optimized with the Yoast SEO Premium plugin v27.3 (Yoast SEO v27.3) - https:\/\/yoast.com\/product\/yoast-seo-premium-wordpress\/ -->\n<title>Crye Precision Pack Zip-On Panel 2.0 - Lahingurada e-pood<\/title>\n<meta name=\"description\" content=\"Lihtne, mitmek\u00fclgne pakend, mis lukustub tagumise koti koti k\u00fclge ja venib, et hoida olulisi tarvikuid. Mitmed k\u00e4ep\u00e4rased sise- ja v\u00e4listaskud. Sujuv t\u00f5rget\" \/>\n<meta name=\"robots\" content=\"index, follow, max-snippet:-1, max-image-preview:large, max-video-preview:-1\" \/>\n<link rel=\"canonical\" href=\"https:\/\/lahingupood.ee\/en\/product\/crye-precision-pack-zip-on-panel-2-0\/\" \/>\n<meta property=\"og:locale\" content=\"en_GB\" \/>\n<meta property=\"og:type\" content=\"article\" \/>\n<meta property=\"og:title\" content=\"Crye Precision Pack Zip-On Panel 2.0\" \/>\n<meta property=\"og:description\" content=\"Lihtne, mitmek\u00fclgne pakend, mis lukustub tagumise koti koti k\u00fclge ja venib, et hoida olulisi tarvikuid. Mitmed k\u00e4ep\u00e4rased sise- ja v\u00e4listaskud. Sujuv t\u00f5rget\" \/>\n<meta property=\"og:url\" content=\"https:\/\/lahingupood.ee\/en\/product\/crye-precision-pack-zip-on-panel-2-0\/\" \/>\n<meta property=\"og:site_name\" content=\"Lahingurada e-pood\" \/>\n<meta property=\"article:publisher\" content=\"https:\/\/www.facebook.com\/Lahingurada-629940247212967\" \/>\n<meta property=\"article:modified_time\" content=\"2024-08-29T13:11:59+00:00\" \/>\n<meta property=\"og:image\" content=\"https:\/\/lahingupood.ee\/wp-content\/uploads\/2024\/08\/114217751_1.jpg\" \/>\n\t<meta property=\"og:image:width\" content=\"1400\" \/>\n\t<meta property=\"og:image:height\" content=\"980\" \/>\n\t<meta property=\"og:image:type\" content=\"image\/jpeg\" \/>\n<meta name=\"twitter:card\" content=\"summary_large_image\" \/>\n<meta name=\"twitter:label1\" content=\"Estimated reading time\" \/>\n\t<meta name=\"twitter:data1\" content=\"1 minute\" \/>\n<script type=\"application\/ld+json\" class=\"yoast-schema-graph\">{\"@context\":\"https:\\\/\\\/schema.org\",\"@graph\":[{\"@type\":\"WebPage\",\"@id\":\"https:\\\/\\\/lahingupood.ee\\\/toode\\\/crye-precision-pack-zip-on-panel-2-0\\\/\",\"url\":\"https:\\\/\\\/lahingupood.ee\\\/toode\\\/crye-precision-pack-zip-on-panel-2-0\\\/\",\"name\":\"Crye Precision Pack Zip-On Panel 2.0 - Lahingurada e-pood\",\"isPartOf\":{\"@id\":\"https:\\\/\\\/lahingupood.ee\\\/#website\"},\"primaryImageOfPage\":{\"@id\":\"https:\\\/\\\/lahingupood.ee\\\/toode\\\/crye-precision-pack-zip-on-panel-2-0\\\/#primaryimage\"},\"image\":{\"@id\":\"https:\\\/\\\/lahingupood.ee\\\/toode\\\/crye-precision-pack-zip-on-panel-2-0\\\/#primaryimage\"},\"thumbnailUrl\":\"https:\\\/\\\/lahingupood.ee\\\/wp-content\\\/uploads\\\/2024\\\/08\\\/114217751_1.jpg\",\"datePublished\":\"2024-08-29T13:11:58+00:00\",\"dateModified\":\"2024-08-29T13:11:59+00:00\",\"description\":\"Lihtne, mitmek\u00fclgne pakend, mis lukustub tagumise koti koti k\u00fclge ja venib, et hoida olulisi tarvikuid. Mitmed k\u00e4ep\u00e4rased sise- ja v\u00e4listaskud. Sujuv t\u00f5rget\",\"breadcrumb\":{\"@id\":\"https:\\\/\\\/lahingupood.ee\\\/toode\\\/crye-precision-pack-zip-on-panel-2-0\\\/#breadcrumb\"},\"inLanguage\":\"en-GB\",\"potentialAction\":[{\"@type\":\"ReadAction\",\"target\":[\"https:\\\/\\\/lahingupood.ee\\\/toode\\\/crye-precision-pack-zip-on-panel-2-0\\\/\"]}]},{\"@type\":\"ImageObject\",\"inLanguage\":\"en-GB\",\"@id\":\"https:\\\/\\\/lahingupood.ee\\\/toode\\\/crye-precision-pack-zip-on-panel-2-0\\\/#primaryimage\",\"url\":\"https:\\\/\\\/lahingupood.ee\\\/wp-content\\\/uploads\\\/2024\\\/08\\\/114217751_1.jpg\",\"contentUrl\":\"https:\\\/\\\/lahingupood.ee\\\/wp-content\\\/uploads\\\/2024\\\/08\\\/114217751_1.jpg\",\"width\":1400,\"height\":980},{\"@type\":\"BreadcrumbList\",\"@id\":\"https:\\\/\\\/lahingupood.ee\\\/toode\\\/crye-precision-pack-zip-on-panel-2-0\\\/#breadcrumb\",\"itemListElement\":[{\"@type\":\"ListItem\",\"position\":1,\"name\":\"Home\",\"item\":\"https:\\\/\\\/lahingupood.ee\\\/\"},{\"@type\":\"ListItem\",\"position\":2,\"name\":\"Tooted\",\"item\":\"https:\\\/\\\/lahingupood.ee\\\/tooted\\\/\"},{\"@type\":\"ListItem\",\"position\":3,\"name\":\"Crye Precision Pack Zip-On Panel 2.0\"}]},{\"@type\":\"WebSite\",\"@id\":\"https:\\\/\\\/lahingupood.ee\\\/#website\",\"url\":\"https:\\\/\\\/lahingupood.ee\\\/\",\"name\":\"Lahingurada e-pood\",\"description\":\"Airsoft\",\"publisher\":{\"@id\":\"https:\\\/\\\/lahingupood.ee\\\/#organization\"},\"potentialAction\":[{\"@type\":\"SearchAction\",\"target\":{\"@type\":\"EntryPoint\",\"urlTemplate\":\"https:\\\/\\\/lahingupood.ee\\\/?s={search_term_string}\"},\"query-input\":{\"@type\":\"PropertyValueSpecification\",\"valueRequired\":true,\"valueName\":\"search_term_string\"}}],\"inLanguage\":\"en-GB\"},{\"@type\":\"Organization\",\"@id\":\"https:\\\/\\\/lahingupood.ee\\\/#organization\",\"name\":\"Lahingurada\",\"url\":\"https:\\\/\\\/lahingupood.ee\\\/\",\"logo\":{\"@type\":\"ImageObject\",\"inLanguage\":\"en-GB\",\"@id\":\"https:\\\/\\\/lahingupood.ee\\\/#\\\/schema\\\/logo\\\/image\\\/\",\"url\":\"https:\\\/\\\/lahingupood.ee\\\/wp-content\\\/uploads\\\/2022\\\/03\\\/lahingurada-220318.jpg\",\"contentUrl\":\"https:\\\/\\\/lahingupood.ee\\\/wp-content\\\/uploads\\\/2022\\\/03\\\/lahingurada-220318.jpg\",\"width\":800,\"height\":500,\"caption\":\"Lahingurada\"},\"image\":{\"@id\":\"https:\\\/\\\/lahingupood.ee\\\/#\\\/schema\\\/logo\\\/image\\\/\"},\"sameAs\":[\"https:\\\/\\\/www.facebook.com\\\/Lahingurada-629940247212967\"]}]}<\/script>\n<!-- \/ Yoast SEO Premium plugin. -->","yoast_head_json":{"title":"Crye Precision Pack Zip-On Panel 2.0 - Lahingurada e-pood","description":"Lihtne, mitmek\u00fclgne pakend, mis lukustub tagumise koti koti k\u00fclge ja venib, et hoida olulisi tarvikuid. Mitmed k\u00e4ep\u00e4rased sise- ja v\u00e4listaskud. Sujuv t\u00f5rget","robots":{"index":"index","follow":"follow","max-snippet":"max-snippet:-1","max-image-preview":"max-image-preview:large","max-video-preview":"max-video-preview:-1"},"canonical":"https:\/\/lahingupood.ee\/en\/product\/crye-precision-pack-zip-on-panel-2-0\/","og_locale":"en_GB","og_type":"article","og_title":"Crye Precision Pack Zip-On Panel 2.0","og_description":"Lihtne, mitmek\u00fclgne pakend, mis lukustub tagumise koti koti k\u00fclge ja venib, et hoida olulisi tarvikuid. Mitmed k\u00e4ep\u00e4rased sise- ja v\u00e4listaskud. Sujuv t\u00f5rget","og_url":"https:\/\/lahingupood.ee\/en\/product\/crye-precision-pack-zip-on-panel-2-0\/","og_site_name":"Lahingurada e-pood","article_publisher":"https:\/\/www.facebook.com\/Lahingurada-629940247212967","article_modified_time":"2024-08-29T13:11:59+00:00","og_image":[{"width":1400,"height":980,"url":"https:\/\/lahingupood.ee\/wp-content\/uploads\/2024\/08\/114217751_1.jpg","type":"image\/jpeg"}],"twitter_card":"summary_large_image","twitter_misc":{"Estimated reading time":"1 minute"},"schema":{"@context":"https:\/\/schema.org","@graph":[{"@type":"WebPage","@id":"https:\/\/lahingupood.ee\/toode\/crye-precision-pack-zip-on-panel-2-0\/","url":"https:\/\/lahingupood.ee\/toode\/crye-precision-pack-zip-on-panel-2-0\/","name":"Crye Precision Pack Zip-On Panel 2.0 - Lahingurada e-pood","isPartOf":{"@id":"https:\/\/lahingupood.ee\/#website"},"primaryImageOfPage":{"@id":"https:\/\/lahingupood.ee\/toode\/crye-precision-pack-zip-on-panel-2-0\/#primaryimage"},"image":{"@id":"https:\/\/lahingupood.ee\/toode\/crye-precision-pack-zip-on-panel-2-0\/#primaryimage"},"thumbnailUrl":"https:\/\/lahingupood.ee\/wp-content\/uploads\/2024\/08\/114217751_1.jpg","datePublished":"2024-08-29T13:11:58+00:00","dateModified":"2024-08-29T13:11:59+00:00","description":"Lihtne, mitmek\u00fclgne pakend, mis lukustub tagumise koti koti k\u00fclge ja venib, et hoida olulisi tarvikuid. Mitmed k\u00e4ep\u00e4rased sise- ja v\u00e4listaskud. Sujuv t\u00f5rget","breadcrumb":{"@id":"https:\/\/lahingupood.ee\/toode\/crye-precision-pack-zip-on-panel-2-0\/#breadcrumb"},"inLanguage":"en-GB","potentialAction":[{"@type":"ReadAction","target":["https:\/\/lahingupood.ee\/toode\/crye-precision-pack-zip-on-panel-2-0\/"]}]},{"@type":"ImageObject","inLanguage":"en-GB","@id":"https:\/\/lahingupood.ee\/toode\/crye-precision-pack-zip-on-panel-2-0\/#primaryimage","url":"https:\/\/lahingupood.ee\/wp-content\/uploads\/2024\/08\/114217751_1.jpg","contentUrl":"https:\/\/lahingupood.ee\/wp-content\/uploads\/2024\/08\/114217751_1.jpg","width":1400,"height":980},{"@type":"BreadcrumbList","@id":"https:\/\/lahingupood.ee\/toode\/crye-precision-pack-zip-on-panel-2-0\/#breadcrumb","itemListElement":[{"@type":"ListItem","position":1,"name":"Home","item":"https:\/\/lahingupood.ee\/"},{"@type":"ListItem","position":2,"name":"Tooted","item":"https:\/\/lahingupood.ee\/tooted\/"},{"@type":"ListItem","position":3,"name":"Crye Precision Pack Zip-On Panel 2.0"}]},{"@type":"WebSite","@id":"https:\/\/lahingupood.ee\/#website","url":"https:\/\/lahingupood.ee\/","name":"Lahingurada e-pood","description":"Airsoft","publisher":{"@id":"https:\/\/lahingupood.ee\/#organization"},"potentialAction":[{"@type":"SearchAction","target":{"@type":"EntryPoint","urlTemplate":"https:\/\/lahingupood.ee\/?s={search_term_string}"},"query-input":{"@type":"PropertyValueSpecification","valueRequired":true,"valueName":"search_term_string"}}],"inLanguage":"en-GB"},{"@type":"Organization","@id":"https:\/\/lahingupood.ee\/#organization","name":"Lahingurada","url":"https:\/\/lahingupood.ee\/","logo":{"@type":"ImageObject","inLanguage":"en-GB","@id":"https:\/\/lahingupood.ee\/#\/schema\/logo\/image\/","url":"https:\/\/lahingupood.ee\/wp-content\/uploads\/2022\/03\/lahingurada-220318.jpg","contentUrl":"https:\/\/lahingupood.ee\/wp-content\/uploads\/2022\/03\/lahingurada-220318.jpg","width":800,"height":500,"caption":"Lahingurada"},"image":{"@id":"https:\/\/lahingupood.ee\/#\/schema\/logo\/image\/"},"sameAs":["https:\/\/www.facebook.com\/Lahingurada-629940247212967"]}]}},"_links":{"self":[{"href":"https:\/\/lahingupood.ee\/en\/wp-json\/wp\/v2\/product\/5307","targetHints":{"allow":["GET"]}}],"collection":[{"href":"https:\/\/lahingupood.ee\/en\/wp-json\/wp\/v2\/product"}],"about":[{"href":"https:\/\/lahingupood.ee\/en\/wp-json\/wp\/v2\/types\/product"}],"wp:featuredmedia":[{"embeddable":true,"href":"https:\/\/lahingupood.ee\/en\/wp-json\/wp\/v2\/media\/5157"}],"wp:attachment":[{"href":"https:\/\/lahingupood.ee\/en\/wp-json\/wp\/v2\/media?parent=5307"}],"wp:term":[{"taxonomy":"product_brand","embeddable":true,"href":"https:\/\/lahingupood.ee\/en\/wp-json\/wp\/v2\/product_brand?post=5307"},{"taxonomy":"product_cat","embeddable":true,"href":"https:\/\/lahingupood.ee\/en\/wp-json\/wp\/v2\/product_cat?post=5307"},{"taxonomy":"product_tag","embeddable":true,"href":"https:\/\/lahingupood.ee\/en\/wp-json\/wp\/v2\/product_tag?post=5307"}],"curies":[{"name":"wp","href":"https:\/\/api.w.org\/{rel}","templated":true}]}}