{"id":5305,"date":"2024-08-29T16:07:05","date_gmt":"2024-08-29T13:07:05","guid":{"rendered":"https:\/\/lahingupood.ee\/?post_type=product&#038;p=5305"},"modified":"2024-08-29T16:07:05","modified_gmt":"2024-08-29T13:07:05","slug":"crye-precision-jpc-2-0-mc","status":"publish","type":"product","link":"https:\/\/lahingupood.ee\/en\/product\/crye-precision-jpc-2-0-mc\/","title":{"rendered":"Crye Precision JPC 2.0 MC"},"content":{"rendered":"<p>JPC 2.0\u2122 on kerge ja minimaalse turvisega vest, mis on loodud maksimaalse liikuvuse, kaalus\u00e4\u00e4stu ja pakendatavuse tagamiseks. JPC 2.0\u2122 pakub kogu kanduri kohta veidi \u00fcle \u00fche naela ja pakub mitmesuguseid konfiguratsioonivalikuid, mis vastavad operaatori kaitse, modulaarsuse ja mugavuse vajadustele. K\u00f5ik AVS\u2122 eemaldatavad esiklapid on \u00fchilduvad (m\u00fc\u00fcakse eraldi). Sellel on Skeletal\u2122 Cummerbund s\u00fcsteem koos patenteeritud integreeritud kinnituss\u00fcsteemiga, mis v\u00f5imaldab taskuid paigaldada nii sise- kui ka v\u00e4lisk\u00fcljele. See s\u00fcsteem kaotab tarbetu kaalu ja mahu, parandades samal ajal \u00fcldist ventilatsiooni.<\/p>","protected":false},"excerpt":{"rendered":"<p>JPC 2.0\u2122 on kerge ja minimaalse turvisega vest, mis on loodud maksimaalse liikuvuse, kaalus\u00e4\u00e4stu ja pakendatavuse tagamiseks. JPC 2.0\u2122 pakub kogu kanduri kohta veidi \u00fcle \u00fche naela ja pakub mitmesuguseid konfiguratsioonivalikuid, mis vastavad operaatori kaitse, modulaarsuse ja mugavuse vajadustele. K\u00f5ik AVS\u2122 eemaldatavad esiklapid on \u00fchilduvad (m\u00fc\u00fcakse eraldi). Sellel on Skeletal\u2122 Cummerbund s\u00fcsteem koos patenteeritud integreeritud [&#8230;]\n","protected":false},"featured_media":5148,"template":"","meta":[],"product_brand":[],"product_cat":[45],"product_tag":[],"class_list":{"0":"post-5305","1":"product","2":"type-product","3":"status-publish","4":"has-post-thumbnail","6":"product_cat-vestid-ja-vood","8":"first","9":"onbackorder","10":"taxable","11":"shipping-taxable","12":"purchasable","13":"product-type-variable"},"yoast_head":"<!-- This site is optimized with the Yoast SEO Premium plugin v27.3 (Yoast SEO v27.3) - https:\/\/yoast.com\/product\/yoast-seo-premium-wordpress\/ -->\n<title>Crye Precision JPC 2.0 MC - Lahingurada e-pood<\/title>\n<meta name=\"description\" content=\"JPC 2.0\u2122 on kerge ja minimaalse turvisega vest, mis on loodud maksimaalse liikuvuse, kaalus\u00e4\u00e4stu ja pakendatavuse tagamiseks. JPC 2.0\u2122 pakub kogu kanduri k\" \/>\n<meta name=\"robots\" content=\"index, follow, max-snippet:-1, max-image-preview:large, max-video-preview:-1\" \/>\n<link rel=\"canonical\" href=\"https:\/\/lahingupood.ee\/en\/product\/crye-precision-jpc-2-0-mc\/\" \/>\n<meta property=\"og:locale\" content=\"en_GB\" \/>\n<meta property=\"og:type\" content=\"article\" \/>\n<meta property=\"og:title\" content=\"Crye Precision JPC 2.0 MC\" \/>\n<meta property=\"og:description\" content=\"JPC 2.0\u2122 on kerge ja minimaalse turvisega vest, mis on loodud maksimaalse liikuvuse, kaalus\u00e4\u00e4stu ja pakendatavuse tagamiseks. JPC 2.0\u2122 pakub kogu kanduri k\" \/>\n<meta property=\"og:url\" content=\"https:\/\/lahingupood.ee\/en\/product\/crye-precision-jpc-2-0-mc\/\" \/>\n<meta property=\"og:site_name\" content=\"Lahingurada e-pood\" \/>\n<meta property=\"article:publisher\" content=\"https:\/\/www.facebook.com\/Lahingurada-629940247212967\" \/>\n<meta property=\"og:image\" content=\"https:\/\/lahingupood.ee\/wp-content\/uploads\/2024\/08\/114212751_1.jpg\" \/>\n\t<meta property=\"og:image:width\" content=\"1400\" \/>\n\t<meta property=\"og:image:height\" content=\"980\" \/>\n\t<meta property=\"og:image:type\" content=\"image\/jpeg\" \/>\n<meta name=\"twitter:card\" content=\"summary_large_image\" \/>\n<meta name=\"twitter:label1\" content=\"Estimated reading time\" \/>\n\t<meta name=\"twitter:data1\" content=\"1 minute\" \/>\n<script type=\"application\/ld+json\" class=\"yoast-schema-graph\">{\"@context\":\"https:\\\/\\\/schema.org\",\"@graph\":[{\"@type\":\"WebPage\",\"@id\":\"https:\\\/\\\/lahingupood.ee\\\/toode\\\/crye-precision-jpc-2-0-mc\\\/\",\"url\":\"https:\\\/\\\/lahingupood.ee\\\/toode\\\/crye-precision-jpc-2-0-mc\\\/\",\"name\":\"Crye Precision JPC 2.0 MC - Lahingurada e-pood\",\"isPartOf\":{\"@id\":\"https:\\\/\\\/lahingupood.ee\\\/#website\"},\"primaryImageOfPage\":{\"@id\":\"https:\\\/\\\/lahingupood.ee\\\/toode\\\/crye-precision-jpc-2-0-mc\\\/#primaryimage\"},\"image\":{\"@id\":\"https:\\\/\\\/lahingupood.ee\\\/toode\\\/crye-precision-jpc-2-0-mc\\\/#primaryimage\"},\"thumbnailUrl\":\"https:\\\/\\\/lahingupood.ee\\\/wp-content\\\/uploads\\\/2024\\\/08\\\/114212751_1.jpg\",\"datePublished\":\"2024-08-29T13:07:05+00:00\",\"description\":\"JPC 2.0\u2122 on kerge ja minimaalse turvisega vest, mis on loodud maksimaalse liikuvuse, kaalus\u00e4\u00e4stu ja pakendatavuse tagamiseks. JPC 2.0\u2122 pakub kogu kanduri k\",\"breadcrumb\":{\"@id\":\"https:\\\/\\\/lahingupood.ee\\\/toode\\\/crye-precision-jpc-2-0-mc\\\/#breadcrumb\"},\"inLanguage\":\"en-GB\",\"potentialAction\":[{\"@type\":\"ReadAction\",\"target\":[\"https:\\\/\\\/lahingupood.ee\\\/toode\\\/crye-precision-jpc-2-0-mc\\\/\"]}]},{\"@type\":\"ImageObject\",\"inLanguage\":\"en-GB\",\"@id\":\"https:\\\/\\\/lahingupood.ee\\\/toode\\\/crye-precision-jpc-2-0-mc\\\/#primaryimage\",\"url\":\"https:\\\/\\\/lahingupood.ee\\\/wp-content\\\/uploads\\\/2024\\\/08\\\/114212751_1.jpg\",\"contentUrl\":\"https:\\\/\\\/lahingupood.ee\\\/wp-content\\\/uploads\\\/2024\\\/08\\\/114212751_1.jpg\",\"width\":1400,\"height\":980},{\"@type\":\"BreadcrumbList\",\"@id\":\"https:\\\/\\\/lahingupood.ee\\\/toode\\\/crye-precision-jpc-2-0-mc\\\/#breadcrumb\",\"itemListElement\":[{\"@type\":\"ListItem\",\"position\":1,\"name\":\"Home\",\"item\":\"https:\\\/\\\/lahingupood.ee\\\/\"},{\"@type\":\"ListItem\",\"position\":2,\"name\":\"Tooted\",\"item\":\"https:\\\/\\\/lahingupood.ee\\\/tooted\\\/\"},{\"@type\":\"ListItem\",\"position\":3,\"name\":\"Crye Precision JPC 2.0 MC\"}]},{\"@type\":\"WebSite\",\"@id\":\"https:\\\/\\\/lahingupood.ee\\\/#website\",\"url\":\"https:\\\/\\\/lahingupood.ee\\\/\",\"name\":\"Lahingurada e-pood\",\"description\":\"Airsoft\",\"publisher\":{\"@id\":\"https:\\\/\\\/lahingupood.ee\\\/#organization\"},\"potentialAction\":[{\"@type\":\"SearchAction\",\"target\":{\"@type\":\"EntryPoint\",\"urlTemplate\":\"https:\\\/\\\/lahingupood.ee\\\/?s={search_term_string}\"},\"query-input\":{\"@type\":\"PropertyValueSpecification\",\"valueRequired\":true,\"valueName\":\"search_term_string\"}}],\"inLanguage\":\"en-GB\"},{\"@type\":\"Organization\",\"@id\":\"https:\\\/\\\/lahingupood.ee\\\/#organization\",\"name\":\"Lahingurada\",\"url\":\"https:\\\/\\\/lahingupood.ee\\\/\",\"logo\":{\"@type\":\"ImageObject\",\"inLanguage\":\"en-GB\",\"@id\":\"https:\\\/\\\/lahingupood.ee\\\/#\\\/schema\\\/logo\\\/image\\\/\",\"url\":\"https:\\\/\\\/lahingupood.ee\\\/wp-content\\\/uploads\\\/2022\\\/03\\\/lahingurada-220318.jpg\",\"contentUrl\":\"https:\\\/\\\/lahingupood.ee\\\/wp-content\\\/uploads\\\/2022\\\/03\\\/lahingurada-220318.jpg\",\"width\":800,\"height\":500,\"caption\":\"Lahingurada\"},\"image\":{\"@id\":\"https:\\\/\\\/lahingupood.ee\\\/#\\\/schema\\\/logo\\\/image\\\/\"},\"sameAs\":[\"https:\\\/\\\/www.facebook.com\\\/Lahingurada-629940247212967\"]}]}<\/script>\n<!-- \/ Yoast SEO Premium plugin. -->","yoast_head_json":{"title":"Crye Precision JPC 2.0 MC - Lahingurada e-pood","description":"JPC 2.0\u2122 on kerge ja minimaalse turvisega vest, mis on loodud maksimaalse liikuvuse, kaalus\u00e4\u00e4stu ja pakendatavuse tagamiseks. JPC 2.0\u2122 pakub kogu kanduri k","robots":{"index":"index","follow":"follow","max-snippet":"max-snippet:-1","max-image-preview":"max-image-preview:large","max-video-preview":"max-video-preview:-1"},"canonical":"https:\/\/lahingupood.ee\/en\/product\/crye-precision-jpc-2-0-mc\/","og_locale":"en_GB","og_type":"article","og_title":"Crye Precision JPC 2.0 MC","og_description":"JPC 2.0\u2122 on kerge ja minimaalse turvisega vest, mis on loodud maksimaalse liikuvuse, kaalus\u00e4\u00e4stu ja pakendatavuse tagamiseks. JPC 2.0\u2122 pakub kogu kanduri k","og_url":"https:\/\/lahingupood.ee\/en\/product\/crye-precision-jpc-2-0-mc\/","og_site_name":"Lahingurada e-pood","article_publisher":"https:\/\/www.facebook.com\/Lahingurada-629940247212967","og_image":[{"width":1400,"height":980,"url":"https:\/\/lahingupood.ee\/wp-content\/uploads\/2024\/08\/114212751_1.jpg","type":"image\/jpeg"}],"twitter_card":"summary_large_image","twitter_misc":{"Estimated reading time":"1 minute"},"schema":{"@context":"https:\/\/schema.org","@graph":[{"@type":"WebPage","@id":"https:\/\/lahingupood.ee\/toode\/crye-precision-jpc-2-0-mc\/","url":"https:\/\/lahingupood.ee\/toode\/crye-precision-jpc-2-0-mc\/","name":"Crye Precision JPC 2.0 MC - Lahingurada e-pood","isPartOf":{"@id":"https:\/\/lahingupood.ee\/#website"},"primaryImageOfPage":{"@id":"https:\/\/lahingupood.ee\/toode\/crye-precision-jpc-2-0-mc\/#primaryimage"},"image":{"@id":"https:\/\/lahingupood.ee\/toode\/crye-precision-jpc-2-0-mc\/#primaryimage"},"thumbnailUrl":"https:\/\/lahingupood.ee\/wp-content\/uploads\/2024\/08\/114212751_1.jpg","datePublished":"2024-08-29T13:07:05+00:00","description":"JPC 2.0\u2122 on kerge ja minimaalse turvisega vest, mis on loodud maksimaalse liikuvuse, kaalus\u00e4\u00e4stu ja pakendatavuse tagamiseks. JPC 2.0\u2122 pakub kogu kanduri k","breadcrumb":{"@id":"https:\/\/lahingupood.ee\/toode\/crye-precision-jpc-2-0-mc\/#breadcrumb"},"inLanguage":"en-GB","potentialAction":[{"@type":"ReadAction","target":["https:\/\/lahingupood.ee\/toode\/crye-precision-jpc-2-0-mc\/"]}]},{"@type":"ImageObject","inLanguage":"en-GB","@id":"https:\/\/lahingupood.ee\/toode\/crye-precision-jpc-2-0-mc\/#primaryimage","url":"https:\/\/lahingupood.ee\/wp-content\/uploads\/2024\/08\/114212751_1.jpg","contentUrl":"https:\/\/lahingupood.ee\/wp-content\/uploads\/2024\/08\/114212751_1.jpg","width":1400,"height":980},{"@type":"BreadcrumbList","@id":"https:\/\/lahingupood.ee\/toode\/crye-precision-jpc-2-0-mc\/#breadcrumb","itemListElement":[{"@type":"ListItem","position":1,"name":"Home","item":"https:\/\/lahingupood.ee\/"},{"@type":"ListItem","position":2,"name":"Tooted","item":"https:\/\/lahingupood.ee\/tooted\/"},{"@type":"ListItem","position":3,"name":"Crye Precision JPC 2.0 MC"}]},{"@type":"WebSite","@id":"https:\/\/lahingupood.ee\/#website","url":"https:\/\/lahingupood.ee\/","name":"Lahingurada e-pood","description":"Airsoft","publisher":{"@id":"https:\/\/lahingupood.ee\/#organization"},"potentialAction":[{"@type":"SearchAction","target":{"@type":"EntryPoint","urlTemplate":"https:\/\/lahingupood.ee\/?s={search_term_string}"},"query-input":{"@type":"PropertyValueSpecification","valueRequired":true,"valueName":"search_term_string"}}],"inLanguage":"en-GB"},{"@type":"Organization","@id":"https:\/\/lahingupood.ee\/#organization","name":"Lahingurada","url":"https:\/\/lahingupood.ee\/","logo":{"@type":"ImageObject","inLanguage":"en-GB","@id":"https:\/\/lahingupood.ee\/#\/schema\/logo\/image\/","url":"https:\/\/lahingupood.ee\/wp-content\/uploads\/2022\/03\/lahingurada-220318.jpg","contentUrl":"https:\/\/lahingupood.ee\/wp-content\/uploads\/2022\/03\/lahingurada-220318.jpg","width":800,"height":500,"caption":"Lahingurada"},"image":{"@id":"https:\/\/lahingupood.ee\/#\/schema\/logo\/image\/"},"sameAs":["https:\/\/www.facebook.com\/Lahingurada-629940247212967"]}]}},"_links":{"self":[{"href":"https:\/\/lahingupood.ee\/en\/wp-json\/wp\/v2\/product\/5305","targetHints":{"allow":["GET"]}}],"collection":[{"href":"https:\/\/lahingupood.ee\/en\/wp-json\/wp\/v2\/product"}],"about":[{"href":"https:\/\/lahingupood.ee\/en\/wp-json\/wp\/v2\/types\/product"}],"wp:featuredmedia":[{"embeddable":true,"href":"https:\/\/lahingupood.ee\/en\/wp-json\/wp\/v2\/media\/5148"}],"wp:attachment":[{"href":"https:\/\/lahingupood.ee\/en\/wp-json\/wp\/v2\/media?parent=5305"}],"wp:term":[{"taxonomy":"product_brand","embeddable":true,"href":"https:\/\/lahingupood.ee\/en\/wp-json\/wp\/v2\/product_brand?post=5305"},{"taxonomy":"product_cat","embeddable":true,"href":"https:\/\/lahingupood.ee\/en\/wp-json\/wp\/v2\/product_cat?post=5305"},{"taxonomy":"product_tag","embeddable":true,"href":"https:\/\/lahingupood.ee\/en\/wp-json\/wp\/v2\/product_tag?post=5305"}],"curies":[{"name":"wp","href":"https:\/\/api.w.org\/{rel}","templated":true}]}}