{"id":5280,"date":"2024-08-29T15:40:34","date_gmt":"2024-08-29T12:40:34","guid":{"rendered":"https:\/\/lahingupood.ee\/?post_type=product&#038;p=5280"},"modified":"2025-05-21T14:03:34","modified_gmt":"2025-05-21T11:03:34","slug":"lowa-zephyr-mk2-gtx-mid-tf-black","status":"publish","type":"product","link":"https:\/\/lahingupood.ee\/en\/product\/lowa-zephyr-mk2-gtx-mid-tf-black\/","title":{"rendered":"Lowa Zephyr Mk2 GTX Mid TF (BLACK)"},"content":{"rendered":"<div align=\"left\">Lowa poolt toodetud MK2 Mid Zephyr seeriast on perfektne jalan\u00f5u k\u00f5ikidele \u00fcksustele kes eelistavad kerget kaalu, lihtsust ja t\u00f6\u00f6kindlust. K\u00f5rge\u00a0 Mid-CUT saapas\u00e4\u00e4r toetab h\u00fcppeliigest ja tagab mugavuse ka rapellimisel v\u00f5i langevarjuga h\u00fcppamisel. \u00dclemine osa saapast on kombineeritud vetth\u00fclgavast ja vastupidavast seemisnahast ja hingavast CORDURA\u00ae materjalist. Innovatiivne pingutuskonks lubab kasutajal s\u00e4ttida paelad pahkluu ja jalalaba pool endale sobivaks, m\u00f5jutamata paelu sellest k\u00f5rgemal. Veekindel ja hea hingavusega GORE-TEX membraan on ideaalne niisketes ja m\u00e4rgades tingimustes. 2 kihiline PU tald koost\u00f6\u00f6s MONOWRAP\u00ae raamiga toestab jalga v\u00e4ga mugavalt.<\/div>\n<div align=\"left\"><\/div>\n<div align=\"left\">ZEPHYR MK2 GTX HI on sertifitseeritud t\u00f6\u00f6jalan\u00f5ud mis vastab EN ISO 20347:2012 standardile. Antistaatiline ja insuleeriv tald. V\u00e4listald ei ole ainult libisemisvastane, vaid kaitseb kasutajat ka \u00f5li, bensiini ja otsese kuumuse eest.<\/div>\n<div align=\"left\"><\/div>\n<div align=\"left\">\n<div align=\"left\">Ekstreemselt vastupidav ja robustne t\u00f6\u00f6jalan\u00f5u<\/div>\n<div align=\"left\">Veekindel ja hingav GORE-TEX membraan.<\/div>\n<\/div>","protected":false},"excerpt":{"rendered":"<p>Lowa poolt toodetud MK2 Mid Zephyr seeriast on perfektne jalan\u00f5u k\u00f5ikidele \u00fcksustele kes eelistavad kerget kaalu, lihtsust ja t\u00f6\u00f6kindlust. K\u00f5rge\u00a0 Mid-CUT saapas\u00e4\u00e4r toetab h\u00fcppeliigest ja tagab mugavuse ka rapellimisel v\u00f5i langevarjuga h\u00fcppamisel. \u00dclemine osa saapast on kombineeritud vetth\u00fclgavast ja vastupidavast seemisnahast ja hingavast CORDURA\u00ae materjalist. Innovatiivne pingutuskonks lubab kasutajal s\u00e4ttida paelad pahkluu ja jalalaba pool [&#8230;]\n","protected":false},"featured_media":5133,"template":"","meta":[],"product_brand":[],"product_cat":[119],"product_tag":[],"class_list":{"0":"post-5280","1":"product","2":"type-product","3":"status-publish","4":"has-post-thumbnail","6":"product_cat-jalanoud","8":"first","9":"onbackorder","10":"taxable","11":"shipping-taxable","12":"purchasable","13":"product-type-variable"},"yoast_head":"<!-- This site is optimized with the Yoast SEO Premium plugin v27.3 (Yoast SEO v27.3) - https:\/\/yoast.com\/product\/yoast-seo-premium-wordpress\/ -->\n<title>Lowa Zephyr Mk2 GTX Mid TF (BLACK) - Lahingurada e-pood<\/title>\n<meta name=\"description\" content=\"Lowa poolt toodetud MK2 Mid Zephyr seeriast on perfektne jalan\u00f5u k\u00f5ikidele \u00fcksustele kes eelistavad kerget kaalu, lihtsust ja t\u00f6\u00f6kindlust. K\u00f5rge\u00a0 Mid-CUT saa\" \/>\n<meta name=\"robots\" content=\"index, follow, max-snippet:-1, max-image-preview:large, max-video-preview:-1\" \/>\n<link rel=\"canonical\" href=\"https:\/\/lahingupood.ee\/en\/product\/lowa-zephyr-mk2-gtx-mid-tf-black\/\" \/>\n<meta property=\"og:locale\" content=\"en_GB\" \/>\n<meta property=\"og:type\" content=\"article\" \/>\n<meta property=\"og:title\" content=\"Lowa Zephyr Mk2 GTX Mid TF (BLACK)\" \/>\n<meta property=\"og:description\" content=\"Lowa poolt toodetud MK2 Mid Zephyr seeriast on perfektne jalan\u00f5u k\u00f5ikidele \u00fcksustele kes eelistavad kerget kaalu, lihtsust ja t\u00f6\u00f6kindlust. K\u00f5rge\u00a0 Mid-CUT saa\" \/>\n<meta property=\"og:url\" content=\"https:\/\/lahingupood.ee\/en\/product\/lowa-zephyr-mk2-gtx-mid-tf-black\/\" \/>\n<meta property=\"og:site_name\" content=\"Lahingurada e-pood\" \/>\n<meta property=\"article:publisher\" content=\"https:\/\/www.facebook.com\/Lahingurada-629940247212967\" \/>\n<meta property=\"article:modified_time\" content=\"2025-05-21T11:03:34+00:00\" \/>\n<meta property=\"og:image\" content=\"https:\/\/lahingupood.ee\/wp-content\/uploads\/2024\/08\/113502060_1.jpg\" \/>\n\t<meta property=\"og:image:width\" content=\"1400\" \/>\n\t<meta property=\"og:image:height\" content=\"980\" \/>\n\t<meta property=\"og:image:type\" content=\"image\/jpeg\" \/>\n<meta name=\"twitter:card\" content=\"summary_large_image\" \/>\n<meta name=\"twitter:label1\" content=\"Estimated reading time\" \/>\n\t<meta name=\"twitter:data1\" content=\"1 minute\" \/>\n<script type=\"application\/ld+json\" class=\"yoast-schema-graph\">{\"@context\":\"https:\\\/\\\/schema.org\",\"@graph\":[{\"@type\":\"WebPage\",\"@id\":\"https:\\\/\\\/lahingupood.ee\\\/toode\\\/lowa-zephyr-mk2-gtx-mid-tf-black\\\/\",\"url\":\"https:\\\/\\\/lahingupood.ee\\\/toode\\\/lowa-zephyr-mk2-gtx-mid-tf-black\\\/\",\"name\":\"Lowa Zephyr Mk2 GTX Mid TF (BLACK) - Lahingurada e-pood\",\"isPartOf\":{\"@id\":\"https:\\\/\\\/lahingupood.ee\\\/#website\"},\"primaryImageOfPage\":{\"@id\":\"https:\\\/\\\/lahingupood.ee\\\/toode\\\/lowa-zephyr-mk2-gtx-mid-tf-black\\\/#primaryimage\"},\"image\":{\"@id\":\"https:\\\/\\\/lahingupood.ee\\\/toode\\\/lowa-zephyr-mk2-gtx-mid-tf-black\\\/#primaryimage\"},\"thumbnailUrl\":\"https:\\\/\\\/lahingupood.ee\\\/wp-content\\\/uploads\\\/2024\\\/08\\\/113502060_1.jpg\",\"datePublished\":\"2024-08-29T12:40:34+00:00\",\"dateModified\":\"2025-05-21T11:03:34+00:00\",\"description\":\"Lowa poolt toodetud MK2 Mid Zephyr seeriast on perfektne jalan\u00f5u k\u00f5ikidele \u00fcksustele kes eelistavad kerget kaalu, lihtsust ja t\u00f6\u00f6kindlust. K\u00f5rge\u00a0 Mid-CUT saa\",\"breadcrumb\":{\"@id\":\"https:\\\/\\\/lahingupood.ee\\\/toode\\\/lowa-zephyr-mk2-gtx-mid-tf-black\\\/#breadcrumb\"},\"inLanguage\":\"en-GB\",\"potentialAction\":[{\"@type\":\"ReadAction\",\"target\":[\"https:\\\/\\\/lahingupood.ee\\\/toode\\\/lowa-zephyr-mk2-gtx-mid-tf-black\\\/\"]}]},{\"@type\":\"ImageObject\",\"inLanguage\":\"en-GB\",\"@id\":\"https:\\\/\\\/lahingupood.ee\\\/toode\\\/lowa-zephyr-mk2-gtx-mid-tf-black\\\/#primaryimage\",\"url\":\"https:\\\/\\\/lahingupood.ee\\\/wp-content\\\/uploads\\\/2024\\\/08\\\/113502060_1.jpg\",\"contentUrl\":\"https:\\\/\\\/lahingupood.ee\\\/wp-content\\\/uploads\\\/2024\\\/08\\\/113502060_1.jpg\",\"width\":1400,\"height\":980},{\"@type\":\"BreadcrumbList\",\"@id\":\"https:\\\/\\\/lahingupood.ee\\\/toode\\\/lowa-zephyr-mk2-gtx-mid-tf-black\\\/#breadcrumb\",\"itemListElement\":[{\"@type\":\"ListItem\",\"position\":1,\"name\":\"Home\",\"item\":\"https:\\\/\\\/lahingupood.ee\\\/\"},{\"@type\":\"ListItem\",\"position\":2,\"name\":\"Tooted\",\"item\":\"https:\\\/\\\/lahingupood.ee\\\/tooted\\\/\"},{\"@type\":\"ListItem\",\"position\":3,\"name\":\"Lowa Zephyr Mk2 GTX Mid TF (BLACK)\"}]},{\"@type\":\"WebSite\",\"@id\":\"https:\\\/\\\/lahingupood.ee\\\/#website\",\"url\":\"https:\\\/\\\/lahingupood.ee\\\/\",\"name\":\"Lahingurada e-pood\",\"description\":\"Airsoft\",\"publisher\":{\"@id\":\"https:\\\/\\\/lahingupood.ee\\\/#organization\"},\"potentialAction\":[{\"@type\":\"SearchAction\",\"target\":{\"@type\":\"EntryPoint\",\"urlTemplate\":\"https:\\\/\\\/lahingupood.ee\\\/?s={search_term_string}\"},\"query-input\":{\"@type\":\"PropertyValueSpecification\",\"valueRequired\":true,\"valueName\":\"search_term_string\"}}],\"inLanguage\":\"en-GB\"},{\"@type\":\"Organization\",\"@id\":\"https:\\\/\\\/lahingupood.ee\\\/#organization\",\"name\":\"Lahingurada\",\"url\":\"https:\\\/\\\/lahingupood.ee\\\/\",\"logo\":{\"@type\":\"ImageObject\",\"inLanguage\":\"en-GB\",\"@id\":\"https:\\\/\\\/lahingupood.ee\\\/#\\\/schema\\\/logo\\\/image\\\/\",\"url\":\"https:\\\/\\\/lahingupood.ee\\\/wp-content\\\/uploads\\\/2022\\\/03\\\/lahingurada-220318.jpg\",\"contentUrl\":\"https:\\\/\\\/lahingupood.ee\\\/wp-content\\\/uploads\\\/2022\\\/03\\\/lahingurada-220318.jpg\",\"width\":800,\"height\":500,\"caption\":\"Lahingurada\"},\"image\":{\"@id\":\"https:\\\/\\\/lahingupood.ee\\\/#\\\/schema\\\/logo\\\/image\\\/\"},\"sameAs\":[\"https:\\\/\\\/www.facebook.com\\\/Lahingurada-629940247212967\"]}]}<\/script>\n<!-- \/ Yoast SEO Premium plugin. -->","yoast_head_json":{"title":"Lowa Zephyr Mk2 GTX Mid TF (BLACK) - Lahingurada e-pood","description":"Lowa poolt toodetud MK2 Mid Zephyr seeriast on perfektne jalan\u00f5u k\u00f5ikidele \u00fcksustele kes eelistavad kerget kaalu, lihtsust ja t\u00f6\u00f6kindlust. K\u00f5rge\u00a0 Mid-CUT saa","robots":{"index":"index","follow":"follow","max-snippet":"max-snippet:-1","max-image-preview":"max-image-preview:large","max-video-preview":"max-video-preview:-1"},"canonical":"https:\/\/lahingupood.ee\/en\/product\/lowa-zephyr-mk2-gtx-mid-tf-black\/","og_locale":"en_GB","og_type":"article","og_title":"Lowa Zephyr Mk2 GTX Mid TF (BLACK)","og_description":"Lowa poolt toodetud MK2 Mid Zephyr seeriast on perfektne jalan\u00f5u k\u00f5ikidele \u00fcksustele kes eelistavad kerget kaalu, lihtsust ja t\u00f6\u00f6kindlust. K\u00f5rge\u00a0 Mid-CUT saa","og_url":"https:\/\/lahingupood.ee\/en\/product\/lowa-zephyr-mk2-gtx-mid-tf-black\/","og_site_name":"Lahingurada e-pood","article_publisher":"https:\/\/www.facebook.com\/Lahingurada-629940247212967","article_modified_time":"2025-05-21T11:03:34+00:00","og_image":[{"width":1400,"height":980,"url":"https:\/\/lahingupood.ee\/wp-content\/uploads\/2024\/08\/113502060_1.jpg","type":"image\/jpeg"}],"twitter_card":"summary_large_image","twitter_misc":{"Estimated reading time":"1 minute"},"schema":{"@context":"https:\/\/schema.org","@graph":[{"@type":"WebPage","@id":"https:\/\/lahingupood.ee\/toode\/lowa-zephyr-mk2-gtx-mid-tf-black\/","url":"https:\/\/lahingupood.ee\/toode\/lowa-zephyr-mk2-gtx-mid-tf-black\/","name":"Lowa Zephyr Mk2 GTX Mid TF (BLACK) - Lahingurada e-pood","isPartOf":{"@id":"https:\/\/lahingupood.ee\/#website"},"primaryImageOfPage":{"@id":"https:\/\/lahingupood.ee\/toode\/lowa-zephyr-mk2-gtx-mid-tf-black\/#primaryimage"},"image":{"@id":"https:\/\/lahingupood.ee\/toode\/lowa-zephyr-mk2-gtx-mid-tf-black\/#primaryimage"},"thumbnailUrl":"https:\/\/lahingupood.ee\/wp-content\/uploads\/2024\/08\/113502060_1.jpg","datePublished":"2024-08-29T12:40:34+00:00","dateModified":"2025-05-21T11:03:34+00:00","description":"Lowa poolt toodetud MK2 Mid Zephyr seeriast on perfektne jalan\u00f5u k\u00f5ikidele \u00fcksustele kes eelistavad kerget kaalu, lihtsust ja t\u00f6\u00f6kindlust. K\u00f5rge\u00a0 Mid-CUT saa","breadcrumb":{"@id":"https:\/\/lahingupood.ee\/toode\/lowa-zephyr-mk2-gtx-mid-tf-black\/#breadcrumb"},"inLanguage":"en-GB","potentialAction":[{"@type":"ReadAction","target":["https:\/\/lahingupood.ee\/toode\/lowa-zephyr-mk2-gtx-mid-tf-black\/"]}]},{"@type":"ImageObject","inLanguage":"en-GB","@id":"https:\/\/lahingupood.ee\/toode\/lowa-zephyr-mk2-gtx-mid-tf-black\/#primaryimage","url":"https:\/\/lahingupood.ee\/wp-content\/uploads\/2024\/08\/113502060_1.jpg","contentUrl":"https:\/\/lahingupood.ee\/wp-content\/uploads\/2024\/08\/113502060_1.jpg","width":1400,"height":980},{"@type":"BreadcrumbList","@id":"https:\/\/lahingupood.ee\/toode\/lowa-zephyr-mk2-gtx-mid-tf-black\/#breadcrumb","itemListElement":[{"@type":"ListItem","position":1,"name":"Home","item":"https:\/\/lahingupood.ee\/"},{"@type":"ListItem","position":2,"name":"Tooted","item":"https:\/\/lahingupood.ee\/tooted\/"},{"@type":"ListItem","position":3,"name":"Lowa Zephyr Mk2 GTX Mid TF (BLACK)"}]},{"@type":"WebSite","@id":"https:\/\/lahingupood.ee\/#website","url":"https:\/\/lahingupood.ee\/","name":"Lahingurada e-pood","description":"Airsoft","publisher":{"@id":"https:\/\/lahingupood.ee\/#organization"},"potentialAction":[{"@type":"SearchAction","target":{"@type":"EntryPoint","urlTemplate":"https:\/\/lahingupood.ee\/?s={search_term_string}"},"query-input":{"@type":"PropertyValueSpecification","valueRequired":true,"valueName":"search_term_string"}}],"inLanguage":"en-GB"},{"@type":"Organization","@id":"https:\/\/lahingupood.ee\/#organization","name":"Lahingurada","url":"https:\/\/lahingupood.ee\/","logo":{"@type":"ImageObject","inLanguage":"en-GB","@id":"https:\/\/lahingupood.ee\/#\/schema\/logo\/image\/","url":"https:\/\/lahingupood.ee\/wp-content\/uploads\/2022\/03\/lahingurada-220318.jpg","contentUrl":"https:\/\/lahingupood.ee\/wp-content\/uploads\/2022\/03\/lahingurada-220318.jpg","width":800,"height":500,"caption":"Lahingurada"},"image":{"@id":"https:\/\/lahingupood.ee\/#\/schema\/logo\/image\/"},"sameAs":["https:\/\/www.facebook.com\/Lahingurada-629940247212967"]}]}},"_links":{"self":[{"href":"https:\/\/lahingupood.ee\/en\/wp-json\/wp\/v2\/product\/5280","targetHints":{"allow":["GET"]}}],"collection":[{"href":"https:\/\/lahingupood.ee\/en\/wp-json\/wp\/v2\/product"}],"about":[{"href":"https:\/\/lahingupood.ee\/en\/wp-json\/wp\/v2\/types\/product"}],"wp:featuredmedia":[{"embeddable":true,"href":"https:\/\/lahingupood.ee\/en\/wp-json\/wp\/v2\/media\/5133"}],"wp:attachment":[{"href":"https:\/\/lahingupood.ee\/en\/wp-json\/wp\/v2\/media?parent=5280"}],"wp:term":[{"taxonomy":"product_brand","embeddable":true,"href":"https:\/\/lahingupood.ee\/en\/wp-json\/wp\/v2\/product_brand?post=5280"},{"taxonomy":"product_cat","embeddable":true,"href":"https:\/\/lahingupood.ee\/en\/wp-json\/wp\/v2\/product_cat?post=5280"},{"taxonomy":"product_tag","embeddable":true,"href":"https:\/\/lahingupood.ee\/en\/wp-json\/wp\/v2\/product_tag?post=5280"}],"curies":[{"name":"wp","href":"https:\/\/api.w.org\/{rel}","templated":true}]}}