{"id":5263,"date":"2024-08-29T15:14:51","date_gmt":"2024-08-29T12:14:51","guid":{"rendered":"https:\/\/lahingupood.ee\/?post_type=product&#038;p=5263"},"modified":"2024-08-29T15:14:51","modified_gmt":"2024-08-29T12:14:51","slug":"crye-precision-g4-combat-shirt-mc","status":"publish","type":"product","link":"https:\/\/lahingupood.ee\/en\/product\/crye-precision-g4-combat-shirt-mc\/","title":{"rendered":"Crye Precision G4 Combat Shirt MC"},"content":{"rendered":"<p>Meie j\u00e4rgmise p\u00f5lvkonna lahinguvarustus sisaldab uuenduslikku, eritellimusel valmistatud venivat VTX RIPSTOP\u2122 kangast. Torsot katab kerge, suure j\u00f5udlusega ja leegikindel jersey-kangas. Invista T420 suure vastupidavusega nailonkiud muudab varrukad kergemaks ja tugevamaks. M\u00f5eldud kandmiseks kehaturvise all, integreeritud venivus v\u00f5imaldab saledamat l\u00f5iget, s\u00e4ilitades maksimaalse liikumisvabaduse. T\u00f5mblukuga \u00f5lataskud on madala profiiliga ja loodud v\u00e4hendama mahukust, pakkudes samas ruumi k\u00f5ige vajaliku jaoks. T\u00f5mblukuga krae lihtsustab riietumist ja \u00e4rav\u00f5tmist. Sobib kasutamiseks koos k\u00f5igi eemaldatavate AIRFLEX\u2122 k\u00fc\u00fcnarnukipatjadega (m\u00fc\u00fcakse eraldi).<\/p>\n<p>&nbsp;<\/p>\n<p>Our next generation of Combat Apparel features innovative, custom stretch\u00a0<a id=\"video-link-2\" href=\"https:\/\/www.cryeprecision.com\/G4-Combat-Shirt#\"><strong>VTX RIPSTOP\u2122<\/strong><\/a>\u00a0fabric. Torso constructed with lightweight, high performance, flame-resistant jersey fabric. Invista\u2019s T420 high tenacity nylon fiber makes it lighter and stronger in the sleeves. Designed to be worn under body armor, the integrated stretch allows for a slimmer cut with maximum mobility. Zippered shoulder pockets are low profile and engineered to reduce bulk while still allowing room for all essential gear. Zip collar for easy donning\/doffing. Designed for use with all removable\u00a0<a href=\"https:\/\/www.cryeprecision.com\/AirFlex-Impact-Elbow-Pad\" target=\"_blank\" rel=\"noopener\">AIRFLEX\u2122 ELBOW PADS<\/a>\u00a0(sold separately).<\/p>","protected":false},"excerpt":{"rendered":"<p>Meie j\u00e4rgmise p\u00f5lvkonna lahinguvarustus sisaldab uuenduslikku, eritellimusel valmistatud venivat VTX RIPSTOP\u2122 kangast. Torsot katab kerge, suure j\u00f5udlusega ja leegikindel jersey-kangas. Invista T420 suure vastupidavusega nailonkiud muudab varrukad kergemaks ja tugevamaks. M\u00f5eldud kandmiseks kehaturvise all, integreeritud venivus v\u00f5imaldab saledamat l\u00f5iget, s\u00e4ilitades maksimaalse liikumisvabaduse. T\u00f5mblukuga \u00f5lataskud on madala profiiliga ja loodud v\u00e4hendama mahukust, pakkudes samas ruumi k\u00f5ige [&#8230;]\n","protected":false},"featured_media":5121,"template":"","meta":[],"product_brand":[],"product_cat":[26],"product_tag":[],"class_list":{"0":"post-5263","1":"product","2":"type-product","3":"status-publish","4":"has-post-thumbnail","6":"product_cat-sargid","8":"first","9":"onbackorder","10":"taxable","11":"shipping-taxable","12":"purchasable","13":"product-type-variable"},"yoast_head":"<!-- This site is optimized with the Yoast SEO Premium plugin v27.3 (Yoast SEO v27.3) - https:\/\/yoast.com\/product\/yoast-seo-premium-wordpress\/ -->\n<title>Crye Precision G4 Combat Shirt MC - Lahingurada e-pood<\/title>\n<meta name=\"description\" content=\"Meie j\u00e4rgmise p\u00f5lvkonna lahinguvarustus sisaldab uuenduslikku, eritellimusel valmistatud venivat VTX RIPSTOP\u2122 kangast. Torsot katab kerge, suure j\u00f5udlusega\" \/>\n<meta name=\"robots\" content=\"index, follow, max-snippet:-1, max-image-preview:large, max-video-preview:-1\" \/>\n<link rel=\"canonical\" href=\"https:\/\/lahingupood.ee\/en\/product\/crye-precision-g4-combat-shirt-mc\/\" \/>\n<meta property=\"og:locale\" content=\"en_GB\" \/>\n<meta property=\"og:type\" content=\"article\" \/>\n<meta property=\"og:title\" content=\"Crye Precision G4 Combat Shirt MC\" \/>\n<meta property=\"og:description\" content=\"Meie j\u00e4rgmise p\u00f5lvkonna lahinguvarustus sisaldab uuenduslikku, eritellimusel valmistatud venivat VTX RIPSTOP\u2122 kangast. Torsot katab kerge, suure j\u00f5udlusega\" \/>\n<meta property=\"og:url\" content=\"https:\/\/lahingupood.ee\/en\/product\/crye-precision-g4-combat-shirt-mc\/\" \/>\n<meta property=\"og:site_name\" content=\"Lahingurada e-pood\" \/>\n<meta property=\"article:publisher\" content=\"https:\/\/www.facebook.com\/Lahingurada-629940247212967\" \/>\n<meta property=\"og:image\" content=\"https:\/\/lahingupood.ee\/wp-content\/uploads\/2024\/08\/108701751_1.jpg\" \/>\n\t<meta property=\"og:image:width\" content=\"1400\" \/>\n\t<meta property=\"og:image:height\" content=\"980\" \/>\n\t<meta property=\"og:image:type\" content=\"image\/jpeg\" \/>\n<meta name=\"twitter:card\" content=\"summary_large_image\" \/>\n<meta name=\"twitter:label1\" content=\"Estimated reading time\" \/>\n\t<meta name=\"twitter:data1\" content=\"2 minutes\" \/>\n<script type=\"application\/ld+json\" class=\"yoast-schema-graph\">{\"@context\":\"https:\\\/\\\/schema.org\",\"@graph\":[{\"@type\":\"WebPage\",\"@id\":\"https:\\\/\\\/lahingupood.ee\\\/toode\\\/crye-precision-g4-combat-shirt-mc\\\/\",\"url\":\"https:\\\/\\\/lahingupood.ee\\\/toode\\\/crye-precision-g4-combat-shirt-mc\\\/\",\"name\":\"Crye Precision G4 Combat Shirt MC - Lahingurada e-pood\",\"isPartOf\":{\"@id\":\"https:\\\/\\\/lahingupood.ee\\\/#website\"},\"primaryImageOfPage\":{\"@id\":\"https:\\\/\\\/lahingupood.ee\\\/toode\\\/crye-precision-g4-combat-shirt-mc\\\/#primaryimage\"},\"image\":{\"@id\":\"https:\\\/\\\/lahingupood.ee\\\/toode\\\/crye-precision-g4-combat-shirt-mc\\\/#primaryimage\"},\"thumbnailUrl\":\"https:\\\/\\\/lahingupood.ee\\\/wp-content\\\/uploads\\\/2024\\\/08\\\/108701751_1.jpg\",\"datePublished\":\"2024-08-29T12:14:51+00:00\",\"description\":\"Meie j\u00e4rgmise p\u00f5lvkonna lahinguvarustus sisaldab uuenduslikku, eritellimusel valmistatud venivat VTX RIPSTOP\u2122 kangast. Torsot katab kerge, suure j\u00f5udlusega\",\"breadcrumb\":{\"@id\":\"https:\\\/\\\/lahingupood.ee\\\/toode\\\/crye-precision-g4-combat-shirt-mc\\\/#breadcrumb\"},\"inLanguage\":\"en-GB\",\"potentialAction\":[{\"@type\":\"ReadAction\",\"target\":[\"https:\\\/\\\/lahingupood.ee\\\/toode\\\/crye-precision-g4-combat-shirt-mc\\\/\"]}]},{\"@type\":\"ImageObject\",\"inLanguage\":\"en-GB\",\"@id\":\"https:\\\/\\\/lahingupood.ee\\\/toode\\\/crye-precision-g4-combat-shirt-mc\\\/#primaryimage\",\"url\":\"https:\\\/\\\/lahingupood.ee\\\/wp-content\\\/uploads\\\/2024\\\/08\\\/108701751_1.jpg\",\"contentUrl\":\"https:\\\/\\\/lahingupood.ee\\\/wp-content\\\/uploads\\\/2024\\\/08\\\/108701751_1.jpg\",\"width\":1400,\"height\":980},{\"@type\":\"BreadcrumbList\",\"@id\":\"https:\\\/\\\/lahingupood.ee\\\/toode\\\/crye-precision-g4-combat-shirt-mc\\\/#breadcrumb\",\"itemListElement\":[{\"@type\":\"ListItem\",\"position\":1,\"name\":\"Home\",\"item\":\"https:\\\/\\\/lahingupood.ee\\\/\"},{\"@type\":\"ListItem\",\"position\":2,\"name\":\"Tooted\",\"item\":\"https:\\\/\\\/lahingupood.ee\\\/tooted\\\/\"},{\"@type\":\"ListItem\",\"position\":3,\"name\":\"Crye Precision G4 Combat Shirt MC\"}]},{\"@type\":\"WebSite\",\"@id\":\"https:\\\/\\\/lahingupood.ee\\\/#website\",\"url\":\"https:\\\/\\\/lahingupood.ee\\\/\",\"name\":\"Lahingurada e-pood\",\"description\":\"Airsoft\",\"publisher\":{\"@id\":\"https:\\\/\\\/lahingupood.ee\\\/#organization\"},\"potentialAction\":[{\"@type\":\"SearchAction\",\"target\":{\"@type\":\"EntryPoint\",\"urlTemplate\":\"https:\\\/\\\/lahingupood.ee\\\/?s={search_term_string}\"},\"query-input\":{\"@type\":\"PropertyValueSpecification\",\"valueRequired\":true,\"valueName\":\"search_term_string\"}}],\"inLanguage\":\"en-GB\"},{\"@type\":\"Organization\",\"@id\":\"https:\\\/\\\/lahingupood.ee\\\/#organization\",\"name\":\"Lahingurada\",\"url\":\"https:\\\/\\\/lahingupood.ee\\\/\",\"logo\":{\"@type\":\"ImageObject\",\"inLanguage\":\"en-GB\",\"@id\":\"https:\\\/\\\/lahingupood.ee\\\/#\\\/schema\\\/logo\\\/image\\\/\",\"url\":\"https:\\\/\\\/lahingupood.ee\\\/wp-content\\\/uploads\\\/2022\\\/03\\\/lahingurada-220318.jpg\",\"contentUrl\":\"https:\\\/\\\/lahingupood.ee\\\/wp-content\\\/uploads\\\/2022\\\/03\\\/lahingurada-220318.jpg\",\"width\":800,\"height\":500,\"caption\":\"Lahingurada\"},\"image\":{\"@id\":\"https:\\\/\\\/lahingupood.ee\\\/#\\\/schema\\\/logo\\\/image\\\/\"},\"sameAs\":[\"https:\\\/\\\/www.facebook.com\\\/Lahingurada-629940247212967\"]}]}<\/script>\n<!-- \/ Yoast SEO Premium plugin. -->","yoast_head_json":{"title":"Crye Precision G4 Combat Shirt MC - Lahingurada e-pood","description":"Meie j\u00e4rgmise p\u00f5lvkonna lahinguvarustus sisaldab uuenduslikku, eritellimusel valmistatud venivat VTX RIPSTOP\u2122 kangast. Torsot katab kerge, suure j\u00f5udlusega","robots":{"index":"index","follow":"follow","max-snippet":"max-snippet:-1","max-image-preview":"max-image-preview:large","max-video-preview":"max-video-preview:-1"},"canonical":"https:\/\/lahingupood.ee\/en\/product\/crye-precision-g4-combat-shirt-mc\/","og_locale":"en_GB","og_type":"article","og_title":"Crye Precision G4 Combat Shirt MC","og_description":"Meie j\u00e4rgmise p\u00f5lvkonna lahinguvarustus sisaldab uuenduslikku, eritellimusel valmistatud venivat VTX RIPSTOP\u2122 kangast. Torsot katab kerge, suure j\u00f5udlusega","og_url":"https:\/\/lahingupood.ee\/en\/product\/crye-precision-g4-combat-shirt-mc\/","og_site_name":"Lahingurada e-pood","article_publisher":"https:\/\/www.facebook.com\/Lahingurada-629940247212967","og_image":[{"width":1400,"height":980,"url":"https:\/\/lahingupood.ee\/wp-content\/uploads\/2024\/08\/108701751_1.jpg","type":"image\/jpeg"}],"twitter_card":"summary_large_image","twitter_misc":{"Estimated reading time":"2 minutes"},"schema":{"@context":"https:\/\/schema.org","@graph":[{"@type":"WebPage","@id":"https:\/\/lahingupood.ee\/toode\/crye-precision-g4-combat-shirt-mc\/","url":"https:\/\/lahingupood.ee\/toode\/crye-precision-g4-combat-shirt-mc\/","name":"Crye Precision G4 Combat Shirt MC - Lahingurada e-pood","isPartOf":{"@id":"https:\/\/lahingupood.ee\/#website"},"primaryImageOfPage":{"@id":"https:\/\/lahingupood.ee\/toode\/crye-precision-g4-combat-shirt-mc\/#primaryimage"},"image":{"@id":"https:\/\/lahingupood.ee\/toode\/crye-precision-g4-combat-shirt-mc\/#primaryimage"},"thumbnailUrl":"https:\/\/lahingupood.ee\/wp-content\/uploads\/2024\/08\/108701751_1.jpg","datePublished":"2024-08-29T12:14:51+00:00","description":"Meie j\u00e4rgmise p\u00f5lvkonna lahinguvarustus sisaldab uuenduslikku, eritellimusel valmistatud venivat VTX RIPSTOP\u2122 kangast. Torsot katab kerge, suure j\u00f5udlusega","breadcrumb":{"@id":"https:\/\/lahingupood.ee\/toode\/crye-precision-g4-combat-shirt-mc\/#breadcrumb"},"inLanguage":"en-GB","potentialAction":[{"@type":"ReadAction","target":["https:\/\/lahingupood.ee\/toode\/crye-precision-g4-combat-shirt-mc\/"]}]},{"@type":"ImageObject","inLanguage":"en-GB","@id":"https:\/\/lahingupood.ee\/toode\/crye-precision-g4-combat-shirt-mc\/#primaryimage","url":"https:\/\/lahingupood.ee\/wp-content\/uploads\/2024\/08\/108701751_1.jpg","contentUrl":"https:\/\/lahingupood.ee\/wp-content\/uploads\/2024\/08\/108701751_1.jpg","width":1400,"height":980},{"@type":"BreadcrumbList","@id":"https:\/\/lahingupood.ee\/toode\/crye-precision-g4-combat-shirt-mc\/#breadcrumb","itemListElement":[{"@type":"ListItem","position":1,"name":"Home","item":"https:\/\/lahingupood.ee\/"},{"@type":"ListItem","position":2,"name":"Tooted","item":"https:\/\/lahingupood.ee\/tooted\/"},{"@type":"ListItem","position":3,"name":"Crye Precision G4 Combat Shirt MC"}]},{"@type":"WebSite","@id":"https:\/\/lahingupood.ee\/#website","url":"https:\/\/lahingupood.ee\/","name":"Lahingurada e-pood","description":"Airsoft","publisher":{"@id":"https:\/\/lahingupood.ee\/#organization"},"potentialAction":[{"@type":"SearchAction","target":{"@type":"EntryPoint","urlTemplate":"https:\/\/lahingupood.ee\/?s={search_term_string}"},"query-input":{"@type":"PropertyValueSpecification","valueRequired":true,"valueName":"search_term_string"}}],"inLanguage":"en-GB"},{"@type":"Organization","@id":"https:\/\/lahingupood.ee\/#organization","name":"Lahingurada","url":"https:\/\/lahingupood.ee\/","logo":{"@type":"ImageObject","inLanguage":"en-GB","@id":"https:\/\/lahingupood.ee\/#\/schema\/logo\/image\/","url":"https:\/\/lahingupood.ee\/wp-content\/uploads\/2022\/03\/lahingurada-220318.jpg","contentUrl":"https:\/\/lahingupood.ee\/wp-content\/uploads\/2022\/03\/lahingurada-220318.jpg","width":800,"height":500,"caption":"Lahingurada"},"image":{"@id":"https:\/\/lahingupood.ee\/#\/schema\/logo\/image\/"},"sameAs":["https:\/\/www.facebook.com\/Lahingurada-629940247212967"]}]}},"_links":{"self":[{"href":"https:\/\/lahingupood.ee\/en\/wp-json\/wp\/v2\/product\/5263","targetHints":{"allow":["GET"]}}],"collection":[{"href":"https:\/\/lahingupood.ee\/en\/wp-json\/wp\/v2\/product"}],"about":[{"href":"https:\/\/lahingupood.ee\/en\/wp-json\/wp\/v2\/types\/product"}],"wp:featuredmedia":[{"embeddable":true,"href":"https:\/\/lahingupood.ee\/en\/wp-json\/wp\/v2\/media\/5121"}],"wp:attachment":[{"href":"https:\/\/lahingupood.ee\/en\/wp-json\/wp\/v2\/media?parent=5263"}],"wp:term":[{"taxonomy":"product_brand","embeddable":true,"href":"https:\/\/lahingupood.ee\/en\/wp-json\/wp\/v2\/product_brand?post=5263"},{"taxonomy":"product_cat","embeddable":true,"href":"https:\/\/lahingupood.ee\/en\/wp-json\/wp\/v2\/product_cat?post=5263"},{"taxonomy":"product_tag","embeddable":true,"href":"https:\/\/lahingupood.ee\/en\/wp-json\/wp\/v2\/product_tag?post=5263"}],"curies":[{"name":"wp","href":"https:\/\/api.w.org\/{rel}","templated":true}]}}