{"id":5257,"date":"2024-08-29T15:05:23","date_gmt":"2024-08-29T12:05:23","guid":{"rendered":"https:\/\/lahingupood.ee\/?post_type=product&#038;p=5257"},"modified":"2024-08-29T15:05:24","modified_gmt":"2024-08-29T12:05:24","slug":"crye-precision-g3-combat-shirt","status":"publish","type":"product","link":"https:\/\/lahingupood.ee\/en\/product\/crye-precision-g3-combat-shirt\/","title":{"rendered":"Crye Precision G3 Combat Shirt MC"},"content":{"rendered":"<p>Disain, mis algatas liikumise. Kui Crye Precision t\u00f6\u00f6tas v\u00e4lja oma signatuurs\u00e4rgi esimese versiooni, ei osanud nad aimata, et see viib nende p\u00f5hidisaini nii laialdase omaksv\u00f5tuni. G3 Combat Shirt on lahinguspetsiifiline r\u00f5ivaese, mis on spetsiaalselt loodud kandmiseks keha soomuse all. See hoiab sind jahedana t\u00e4nu kergest ja suure j\u00f5udlusega leegikindlast DRIFIRE kangast valmistatud torsokangale, mis juhib niiskust, ning tugevdatud Mil-Spec 50\/50 NYCO ripstop varrukatele. M\u00f5eldud kasutamiseks koos patenteeritud eemaldatavate AirFlex k\u00fc\u00fcnarnukikaitsmetega (m\u00fc\u00fcakse eraldi). G3 Combat Shirt&#8217;il on lukuga krae, mis v\u00f5imaldab lihtsat selga panemist ja \u00e4ra v\u00f5tmist, hoides samal ajal rihmad ja padrunikestad eemal kaelast. Valmistatud USA-s USA materjalidest. Patenteeritud, teised patendid menetluses.<\/p>\n<ul>\n<li>Mugavusklapp t\u00f5mbluku taga<\/li>\n<li>Kahekordne \u00f5lavarre tasku<\/li>\n<li>Uus prillide hoidik ja pliiatsitasku<\/li>\n<li>Paindlik Velcro paigutus \u00f5lavarre taskul<\/li>\n<li>Kompaktne k\u00fc\u00fcnarnukikaitse konfiguratsioon, mis on loodud kasutamiseks Crye Precisioni patenteeritud eemaldatavate AirFlex k\u00fc\u00fcnarnukikaitsmetega (m\u00fc\u00fcakse eraldi)<\/li>\n<\/ul>\n<h2><\/h2>\n<div class=\"product-detail-description-text\">The design that started a movement. When Crye Precision developed the first version of the signature shirt, they had no idea that it would lead to such widespread adoption of their basic design. The G3 Combat Shirt is a combat-specific garment specifically designed to be worn under body armor. It keeps you cool with wicking, lightweight, high-performance, flame-resistant DRIFIRE torso fabric and reinforced Mil-Spec 50\/50 NYCO ripstop sleeves. Designed for use with patented removable AirFlex Elbow Pads (sold separately). The G3 Combat Shirt features a zip collar that allows easy donning and doffing while keeping slings, straps, and brass off your neck. Made in US from US materials. Patented, other patents pending.<\/p>\n<ul>\n<li>Comfort placket behind zipper<\/li>\n<li>Double layer bicep pocket<\/li>\n<li>New eye-pro holder and pen pocket<\/li>\n<li>Flexible Velcro configuration on bicep pocket<\/li>\n<li>Streamlined elbow pad configuration designed for use with Crye Precision&#8217;s patented removable AirFlex Elbow Pads (sold separately)<\/li>\n<\/ul>\n<\/div>","protected":false},"excerpt":{"rendered":"<p>Disain, mis algatas liikumise. Kui Crye Precision t\u00f6\u00f6tas v\u00e4lja oma signatuurs\u00e4rgi esimese versiooni, ei osanud nad aimata, et see viib nende p\u00f5hidisaini nii laialdase omaksv\u00f5tuni. G3 Combat Shirt on lahinguspetsiifiline r\u00f5ivaese, mis on spetsiaalselt loodud kandmiseks keha soomuse all. See hoiab sind jahedana t\u00e4nu kergest ja suure j\u00f5udlusega leegikindlast DRIFIRE kangast valmistatud torsokangale, mis juhib [&#8230;]\n","protected":false},"featured_media":5109,"template":"","meta":[],"product_brand":[],"product_cat":[26],"product_tag":[],"class_list":{"0":"post-5257","1":"product","2":"type-product","3":"status-publish","4":"has-post-thumbnail","6":"product_cat-sargid","8":"first","9":"onbackorder","10":"taxable","11":"shipping-taxable","12":"purchasable","13":"product-type-variable"},"yoast_head":"<!-- This site is optimized with the Yoast SEO Premium plugin v27.3 (Yoast SEO v27.3) - https:\/\/yoast.com\/product\/yoast-seo-premium-wordpress\/ -->\n<title>Crye Precision G3 Combat Shirt MC - Lahingurada e-pood<\/title>\n<meta name=\"description\" content=\"Disain, mis algatas liikumise. Kui Crye Precision t\u00f6\u00f6tas v\u00e4lja oma signatuurs\u00e4rgi esimese versiooni, ei osanud nad aimata, et see viib nende p\u00f5hidisaini nii\" \/>\n<meta name=\"robots\" content=\"index, follow, max-snippet:-1, max-image-preview:large, max-video-preview:-1\" \/>\n<link rel=\"canonical\" href=\"https:\/\/lahingupood.ee\/en\/product\/crye-precision-g3-combat-shirt\/\" \/>\n<meta property=\"og:locale\" content=\"en_GB\" \/>\n<meta property=\"og:type\" content=\"article\" \/>\n<meta property=\"og:title\" content=\"Crye Precision G3 Combat Shirt MC\" \/>\n<meta property=\"og:description\" content=\"Disain, mis algatas liikumise. Kui Crye Precision t\u00f6\u00f6tas v\u00e4lja oma signatuurs\u00e4rgi esimese versiooni, ei osanud nad aimata, et see viib nende p\u00f5hidisaini nii\" \/>\n<meta property=\"og:url\" content=\"https:\/\/lahingupood.ee\/en\/product\/crye-precision-g3-combat-shirt\/\" \/>\n<meta property=\"og:site_name\" content=\"Lahingurada e-pood\" \/>\n<meta property=\"article:publisher\" content=\"https:\/\/www.facebook.com\/Lahingurada-629940247212967\" \/>\n<meta property=\"article:modified_time\" content=\"2024-08-29T12:05:24+00:00\" \/>\n<meta property=\"og:image\" content=\"https:\/\/lahingupood.ee\/wp-content\/uploads\/2024\/08\/104301751_1.jpg\" \/>\n\t<meta property=\"og:image:width\" content=\"1400\" \/>\n\t<meta property=\"og:image:height\" content=\"980\" \/>\n\t<meta property=\"og:image:type\" content=\"image\/jpeg\" \/>\n<meta name=\"twitter:card\" content=\"summary_large_image\" \/>\n<meta name=\"twitter:label1\" content=\"Estimated reading time\" \/>\n\t<meta name=\"twitter:data1\" content=\"2 minutes\" \/>\n<script type=\"application\/ld+json\" class=\"yoast-schema-graph\">{\"@context\":\"https:\\\/\\\/schema.org\",\"@graph\":[{\"@type\":\"WebPage\",\"@id\":\"https:\\\/\\\/lahingupood.ee\\\/toode\\\/crye-precision-g3-combat-shirt\\\/\",\"url\":\"https:\\\/\\\/lahingupood.ee\\\/toode\\\/crye-precision-g3-combat-shirt\\\/\",\"name\":\"Crye Precision G3 Combat Shirt MC - Lahingurada e-pood\",\"isPartOf\":{\"@id\":\"https:\\\/\\\/lahingupood.ee\\\/#website\"},\"primaryImageOfPage\":{\"@id\":\"https:\\\/\\\/lahingupood.ee\\\/toode\\\/crye-precision-g3-combat-shirt\\\/#primaryimage\"},\"image\":{\"@id\":\"https:\\\/\\\/lahingupood.ee\\\/toode\\\/crye-precision-g3-combat-shirt\\\/#primaryimage\"},\"thumbnailUrl\":\"https:\\\/\\\/lahingupood.ee\\\/wp-content\\\/uploads\\\/2024\\\/08\\\/104301751_1.jpg\",\"datePublished\":\"2024-08-29T12:05:23+00:00\",\"dateModified\":\"2024-08-29T12:05:24+00:00\",\"description\":\"Disain, mis algatas liikumise. Kui Crye Precision t\u00f6\u00f6tas v\u00e4lja oma signatuurs\u00e4rgi esimese versiooni, ei osanud nad aimata, et see viib nende p\u00f5hidisaini nii\",\"breadcrumb\":{\"@id\":\"https:\\\/\\\/lahingupood.ee\\\/toode\\\/crye-precision-g3-combat-shirt\\\/#breadcrumb\"},\"inLanguage\":\"en-GB\",\"potentialAction\":[{\"@type\":\"ReadAction\",\"target\":[\"https:\\\/\\\/lahingupood.ee\\\/toode\\\/crye-precision-g3-combat-shirt\\\/\"]}]},{\"@type\":\"ImageObject\",\"inLanguage\":\"en-GB\",\"@id\":\"https:\\\/\\\/lahingupood.ee\\\/toode\\\/crye-precision-g3-combat-shirt\\\/#primaryimage\",\"url\":\"https:\\\/\\\/lahingupood.ee\\\/wp-content\\\/uploads\\\/2024\\\/08\\\/104301751_1.jpg\",\"contentUrl\":\"https:\\\/\\\/lahingupood.ee\\\/wp-content\\\/uploads\\\/2024\\\/08\\\/104301751_1.jpg\",\"width\":1400,\"height\":980},{\"@type\":\"BreadcrumbList\",\"@id\":\"https:\\\/\\\/lahingupood.ee\\\/toode\\\/crye-precision-g3-combat-shirt\\\/#breadcrumb\",\"itemListElement\":[{\"@type\":\"ListItem\",\"position\":1,\"name\":\"Home\",\"item\":\"https:\\\/\\\/lahingupood.ee\\\/\"},{\"@type\":\"ListItem\",\"position\":2,\"name\":\"Tooted\",\"item\":\"https:\\\/\\\/lahingupood.ee\\\/tooted\\\/\"},{\"@type\":\"ListItem\",\"position\":3,\"name\":\"Crye Precision G3 Combat Shirt MC\"}]},{\"@type\":\"WebSite\",\"@id\":\"https:\\\/\\\/lahingupood.ee\\\/#website\",\"url\":\"https:\\\/\\\/lahingupood.ee\\\/\",\"name\":\"Lahingurada e-pood\",\"description\":\"Airsoft\",\"publisher\":{\"@id\":\"https:\\\/\\\/lahingupood.ee\\\/#organization\"},\"potentialAction\":[{\"@type\":\"SearchAction\",\"target\":{\"@type\":\"EntryPoint\",\"urlTemplate\":\"https:\\\/\\\/lahingupood.ee\\\/?s={search_term_string}\"},\"query-input\":{\"@type\":\"PropertyValueSpecification\",\"valueRequired\":true,\"valueName\":\"search_term_string\"}}],\"inLanguage\":\"en-GB\"},{\"@type\":\"Organization\",\"@id\":\"https:\\\/\\\/lahingupood.ee\\\/#organization\",\"name\":\"Lahingurada\",\"url\":\"https:\\\/\\\/lahingupood.ee\\\/\",\"logo\":{\"@type\":\"ImageObject\",\"inLanguage\":\"en-GB\",\"@id\":\"https:\\\/\\\/lahingupood.ee\\\/#\\\/schema\\\/logo\\\/image\\\/\",\"url\":\"https:\\\/\\\/lahingupood.ee\\\/wp-content\\\/uploads\\\/2022\\\/03\\\/lahingurada-220318.jpg\",\"contentUrl\":\"https:\\\/\\\/lahingupood.ee\\\/wp-content\\\/uploads\\\/2022\\\/03\\\/lahingurada-220318.jpg\",\"width\":800,\"height\":500,\"caption\":\"Lahingurada\"},\"image\":{\"@id\":\"https:\\\/\\\/lahingupood.ee\\\/#\\\/schema\\\/logo\\\/image\\\/\"},\"sameAs\":[\"https:\\\/\\\/www.facebook.com\\\/Lahingurada-629940247212967\"]}]}<\/script>\n<!-- \/ Yoast SEO Premium plugin. -->","yoast_head_json":{"title":"Crye Precision G3 Combat Shirt MC - Lahingurada e-pood","description":"Disain, mis algatas liikumise. Kui Crye Precision t\u00f6\u00f6tas v\u00e4lja oma signatuurs\u00e4rgi esimese versiooni, ei osanud nad aimata, et see viib nende p\u00f5hidisaini nii","robots":{"index":"index","follow":"follow","max-snippet":"max-snippet:-1","max-image-preview":"max-image-preview:large","max-video-preview":"max-video-preview:-1"},"canonical":"https:\/\/lahingupood.ee\/en\/product\/crye-precision-g3-combat-shirt\/","og_locale":"en_GB","og_type":"article","og_title":"Crye Precision G3 Combat Shirt MC","og_description":"Disain, mis algatas liikumise. Kui Crye Precision t\u00f6\u00f6tas v\u00e4lja oma signatuurs\u00e4rgi esimese versiooni, ei osanud nad aimata, et see viib nende p\u00f5hidisaini nii","og_url":"https:\/\/lahingupood.ee\/en\/product\/crye-precision-g3-combat-shirt\/","og_site_name":"Lahingurada e-pood","article_publisher":"https:\/\/www.facebook.com\/Lahingurada-629940247212967","article_modified_time":"2024-08-29T12:05:24+00:00","og_image":[{"width":1400,"height":980,"url":"https:\/\/lahingupood.ee\/wp-content\/uploads\/2024\/08\/104301751_1.jpg","type":"image\/jpeg"}],"twitter_card":"summary_large_image","twitter_misc":{"Estimated reading time":"2 minutes"},"schema":{"@context":"https:\/\/schema.org","@graph":[{"@type":"WebPage","@id":"https:\/\/lahingupood.ee\/toode\/crye-precision-g3-combat-shirt\/","url":"https:\/\/lahingupood.ee\/toode\/crye-precision-g3-combat-shirt\/","name":"Crye Precision G3 Combat Shirt MC - Lahingurada e-pood","isPartOf":{"@id":"https:\/\/lahingupood.ee\/#website"},"primaryImageOfPage":{"@id":"https:\/\/lahingupood.ee\/toode\/crye-precision-g3-combat-shirt\/#primaryimage"},"image":{"@id":"https:\/\/lahingupood.ee\/toode\/crye-precision-g3-combat-shirt\/#primaryimage"},"thumbnailUrl":"https:\/\/lahingupood.ee\/wp-content\/uploads\/2024\/08\/104301751_1.jpg","datePublished":"2024-08-29T12:05:23+00:00","dateModified":"2024-08-29T12:05:24+00:00","description":"Disain, mis algatas liikumise. Kui Crye Precision t\u00f6\u00f6tas v\u00e4lja oma signatuurs\u00e4rgi esimese versiooni, ei osanud nad aimata, et see viib nende p\u00f5hidisaini nii","breadcrumb":{"@id":"https:\/\/lahingupood.ee\/toode\/crye-precision-g3-combat-shirt\/#breadcrumb"},"inLanguage":"en-GB","potentialAction":[{"@type":"ReadAction","target":["https:\/\/lahingupood.ee\/toode\/crye-precision-g3-combat-shirt\/"]}]},{"@type":"ImageObject","inLanguage":"en-GB","@id":"https:\/\/lahingupood.ee\/toode\/crye-precision-g3-combat-shirt\/#primaryimage","url":"https:\/\/lahingupood.ee\/wp-content\/uploads\/2024\/08\/104301751_1.jpg","contentUrl":"https:\/\/lahingupood.ee\/wp-content\/uploads\/2024\/08\/104301751_1.jpg","width":1400,"height":980},{"@type":"BreadcrumbList","@id":"https:\/\/lahingupood.ee\/toode\/crye-precision-g3-combat-shirt\/#breadcrumb","itemListElement":[{"@type":"ListItem","position":1,"name":"Home","item":"https:\/\/lahingupood.ee\/"},{"@type":"ListItem","position":2,"name":"Tooted","item":"https:\/\/lahingupood.ee\/tooted\/"},{"@type":"ListItem","position":3,"name":"Crye Precision G3 Combat Shirt MC"}]},{"@type":"WebSite","@id":"https:\/\/lahingupood.ee\/#website","url":"https:\/\/lahingupood.ee\/","name":"Lahingurada e-pood","description":"Airsoft","publisher":{"@id":"https:\/\/lahingupood.ee\/#organization"},"potentialAction":[{"@type":"SearchAction","target":{"@type":"EntryPoint","urlTemplate":"https:\/\/lahingupood.ee\/?s={search_term_string}"},"query-input":{"@type":"PropertyValueSpecification","valueRequired":true,"valueName":"search_term_string"}}],"inLanguage":"en-GB"},{"@type":"Organization","@id":"https:\/\/lahingupood.ee\/#organization","name":"Lahingurada","url":"https:\/\/lahingupood.ee\/","logo":{"@type":"ImageObject","inLanguage":"en-GB","@id":"https:\/\/lahingupood.ee\/#\/schema\/logo\/image\/","url":"https:\/\/lahingupood.ee\/wp-content\/uploads\/2022\/03\/lahingurada-220318.jpg","contentUrl":"https:\/\/lahingupood.ee\/wp-content\/uploads\/2022\/03\/lahingurada-220318.jpg","width":800,"height":500,"caption":"Lahingurada"},"image":{"@id":"https:\/\/lahingupood.ee\/#\/schema\/logo\/image\/"},"sameAs":["https:\/\/www.facebook.com\/Lahingurada-629940247212967"]}]}},"_links":{"self":[{"href":"https:\/\/lahingupood.ee\/en\/wp-json\/wp\/v2\/product\/5257","targetHints":{"allow":["GET"]}}],"collection":[{"href":"https:\/\/lahingupood.ee\/en\/wp-json\/wp\/v2\/product"}],"about":[{"href":"https:\/\/lahingupood.ee\/en\/wp-json\/wp\/v2\/types\/product"}],"wp:featuredmedia":[{"embeddable":true,"href":"https:\/\/lahingupood.ee\/en\/wp-json\/wp\/v2\/media\/5109"}],"wp:attachment":[{"href":"https:\/\/lahingupood.ee\/en\/wp-json\/wp\/v2\/media?parent=5257"}],"wp:term":[{"taxonomy":"product_brand","embeddable":true,"href":"https:\/\/lahingupood.ee\/en\/wp-json\/wp\/v2\/product_brand?post=5257"},{"taxonomy":"product_cat","embeddable":true,"href":"https:\/\/lahingupood.ee\/en\/wp-json\/wp\/v2\/product_cat?post=5257"},{"taxonomy":"product_tag","embeddable":true,"href":"https:\/\/lahingupood.ee\/en\/wp-json\/wp\/v2\/product_tag?post=5257"}],"curies":[{"name":"wp","href":"https:\/\/api.w.org\/{rel}","templated":true}]}}