{"id":5244,"date":"2024-08-29T14:51:27","date_gmt":"2024-08-29T11:51:27","guid":{"rendered":"https:\/\/lahingupood.ee\/?post_type=product&#038;p=5244"},"modified":"2024-08-29T14:51:28","modified_gmt":"2024-08-29T11:51:28","slug":"crye-precision-g3-combat-pant-mc","status":"publish","type":"product","link":"https:\/\/lahingupood.ee\/en\/product\/crye-precision-g3-combat-pant-mc\/","title":{"rendered":"Crye Precision G3 Combat Pant MC"},"content":{"rendered":"<p>Disainitud kompromissideta r\u00fcnnakuvormi jaoks, need p\u00fcksid on l\u00f5igatud agressiivselt, et tagada maksimaalne liikuvus. Need lahingutes testitud p\u00fcksid on saadaval 2-tollise v\u00f6\u00f6koha sammuga ja erineva pikkusega, et saavutada t\u00e4iuslik sobivus. P\u00fckstel on ainulaadne polsterdatud v\u00f6\u00f6koht ja k\u00f5rge liikuvusega venivuspanused p\u00f5lvede ja alaselja piirkonnas. Kokku 10 taskut. M\u00f5eldud kasutamiseks koos meie patenteeritud eemaldatavate AirFlex Combat p\u00f5lvekaitsmetega (m\u00fc\u00fcakse eraldi). P\u00fckste p\u00f5hikangas on Mil-Spec 50\/50 NYCO ripstop, millel on vastupidavad 4-suunalised venivad detailid. T\u00f5mblukuga kinnis Velcro sulgemisega. Unikaalne madala profiiliga reguleeritav v\u00f6\u00f6koht. Patenteeritud, teised patendid menetluses. Valmistatud USA-s USA materjalidest.<\/p>\n<p>&#8211; Ainulaadne madala profiiliga v\u00f6\u00f6koha reguleerimiss\u00fcsteem<br \/>\n&#8211; Iga kargotasku peidab endas veepudeli\/ajakirja stabilisaatorit<br \/>\n&#8211; Spetsiaalne noatasku\/lambitasku, mis v\u00f5imaldab taskule ikkagi juurde p\u00e4\u00e4seda<br \/>\n&#8211; Lihtne p\u00f5lvekaitse k\u00f5rguse reguleerija asub eesmises reietaskus<br \/>\n&#8211; M\u00f5eldud kasutamiseks eemaldatavate AirFlex Combat p\u00f5lvekaitsmetega (m\u00fc\u00fcakse eraldi)<br \/>\n&#8211; Sisseehitatud klapp katab p\u00f5lveava, kui p\u00f5lvekaitsmeid ei kasutata<br \/>\n&#8211; Veniv teemantkujuline \u00f5mblus jalgevahel<br \/>\n&#8211; Tagaosas t\u00f5mblukuga taskud<br \/>\n&#8211; Suurem veniv paneel alaseljal<br \/>\n&#8211; Suuremad eesmised reietaskud<br \/>\n&#8211; Topeltkihiline istumisosa<\/p>\n<p>M\u00c4RKUS: AirFlex Combat p\u00f5lvekaitsmed ei kuulu komplekti.<\/p>\n<div><\/div>\n<div><\/div>\n<div class=\"product-detail-description-text\">Designed as a no-compromise assault uniform, these pants are aggressively cut for maximum mobility. These combat-proven pants are sized in 2-inch waist increments and multiple lengths for a perfect fit. Features a unique padded waistband and hi-mobility stretch panels at the knee and lower back. 10 pockets. Designed for use with our patented removable AirFlex Combat Knee Pads (sold separately). Base fabric is Mil-Spec 50\/50 NYCO ripstop with durable a 4-way stretch-woven accents. Zip fly with Velcro closure. Unique low-profile adjustable waist feature. Patented, other patents pending. Made in US from US materials.<\/p>\n<ul>\n<li>Unique low-profile waist adjust system<\/li>\n<li>Each cargo pocket conceals water bottle\/magazine stabilizer<\/li>\n<li>Dedicated knife\/light holder that still allows pocket access<\/li>\n<li>Simple kneepad height adjuster located in front thigh pocket<\/li>\n<li>Designed for use with removable AirFlex Combat Knee Pads (sold separately)<\/li>\n<li>Built-in flap covers kneecap opening when not using knee pads<\/li>\n<li>Stretch diamond gusseted crotch<\/li>\n<li>Rear-zip pockets<\/li>\n<li>Larger expansion panel at lower back<\/li>\n<li>Larger front thigh pockets<\/li>\n<li>Double layer seat<\/li>\n<\/ul>\n<p>NOTE: AirFlex Combat Knee Pads are not<\/p><\/div>","protected":false},"excerpt":{"rendered":"<p>Disainitud kompromissideta r\u00fcnnakuvormi jaoks, need p\u00fcksid on l\u00f5igatud agressiivselt, et tagada maksimaalne liikuvus. Need lahingutes testitud p\u00fcksid on saadaval 2-tollise v\u00f6\u00f6koha sammuga ja erineva pikkusega, et saavutada t\u00e4iuslik sobivus. P\u00fckstel on ainulaadne polsterdatud v\u00f6\u00f6koht ja k\u00f5rge liikuvusega venivuspanused p\u00f5lvede ja alaselja piirkonnas. Kokku 10 taskut. M\u00f5eldud kasutamiseks koos meie patenteeritud eemaldatavate AirFlex Combat p\u00f5lvekaitsmetega (m\u00fc\u00fcakse [&#8230;]\n","protected":false},"featured_media":5097,"template":"","meta":[],"product_brand":[],"product_cat":[27],"product_tag":[],"class_list":{"0":"post-5244","1":"product","2":"type-product","3":"status-publish","4":"has-post-thumbnail","6":"product_cat-puksid","8":"first","9":"onbackorder","10":"taxable","11":"shipping-taxable","12":"purchasable","13":"product-type-variable"},"yoast_head":"<!-- This site is optimized with the Yoast SEO Premium plugin v27.3 (Yoast SEO v27.3) - https:\/\/yoast.com\/product\/yoast-seo-premium-wordpress\/ -->\n<title>Crye Precision G3 Combat Pant MC - Lahingurada e-pood<\/title>\n<meta name=\"description\" content=\"Disainitud kompromissideta r\u00fcnnakuvormi jaoks, need p\u00fcksid on l\u00f5igatud agressiivselt, et tagada maksimaalne liikuvus. Need lahingutes testitud p\u00fcksid on saa\" \/>\n<meta name=\"robots\" content=\"index, follow, max-snippet:-1, max-image-preview:large, max-video-preview:-1\" \/>\n<link rel=\"canonical\" href=\"https:\/\/lahingupood.ee\/en\/product\/crye-precision-g3-combat-pant-mc\/\" \/>\n<meta property=\"og:locale\" content=\"en_GB\" \/>\n<meta property=\"og:type\" content=\"article\" \/>\n<meta property=\"og:title\" content=\"Crye Precision G3 Combat Pant MC\" \/>\n<meta property=\"og:description\" content=\"Disainitud kompromissideta r\u00fcnnakuvormi jaoks, need p\u00fcksid on l\u00f5igatud agressiivselt, et tagada maksimaalne liikuvus. Need lahingutes testitud p\u00fcksid on saa\" \/>\n<meta property=\"og:url\" content=\"https:\/\/lahingupood.ee\/en\/product\/crye-precision-g3-combat-pant-mc\/\" \/>\n<meta property=\"og:site_name\" content=\"Lahingurada e-pood\" \/>\n<meta property=\"article:publisher\" content=\"https:\/\/www.facebook.com\/Lahingurada-629940247212967\" \/>\n<meta property=\"article:modified_time\" content=\"2024-08-29T11:51:28+00:00\" \/>\n<meta property=\"og:image\" content=\"https:\/\/lahingupood.ee\/wp-content\/uploads\/2024\/08\/104300751_1.jpg\" \/>\n\t<meta property=\"og:image:width\" content=\"1400\" \/>\n\t<meta property=\"og:image:height\" content=\"980\" \/>\n\t<meta property=\"og:image:type\" content=\"image\/jpeg\" \/>\n<meta name=\"twitter:card\" content=\"summary_large_image\" \/>\n<meta name=\"twitter:label1\" content=\"Estimated reading time\" \/>\n\t<meta name=\"twitter:data1\" content=\"2 minutes\" \/>\n<script type=\"application\/ld+json\" class=\"yoast-schema-graph\">{\"@context\":\"https:\\\/\\\/schema.org\",\"@graph\":[{\"@type\":\"WebPage\",\"@id\":\"https:\\\/\\\/lahingupood.ee\\\/toode\\\/crye-precision-g3-combat-pant-mc\\\/\",\"url\":\"https:\\\/\\\/lahingupood.ee\\\/toode\\\/crye-precision-g3-combat-pant-mc\\\/\",\"name\":\"Crye Precision G3 Combat Pant MC - Lahingurada e-pood\",\"isPartOf\":{\"@id\":\"https:\\\/\\\/lahingupood.ee\\\/#website\"},\"primaryImageOfPage\":{\"@id\":\"https:\\\/\\\/lahingupood.ee\\\/toode\\\/crye-precision-g3-combat-pant-mc\\\/#primaryimage\"},\"image\":{\"@id\":\"https:\\\/\\\/lahingupood.ee\\\/toode\\\/crye-precision-g3-combat-pant-mc\\\/#primaryimage\"},\"thumbnailUrl\":\"https:\\\/\\\/lahingupood.ee\\\/wp-content\\\/uploads\\\/2024\\\/08\\\/104300751_1.jpg\",\"datePublished\":\"2024-08-29T11:51:27+00:00\",\"dateModified\":\"2024-08-29T11:51:28+00:00\",\"description\":\"Disainitud kompromissideta r\u00fcnnakuvormi jaoks, need p\u00fcksid on l\u00f5igatud agressiivselt, et tagada maksimaalne liikuvus. Need lahingutes testitud p\u00fcksid on saa\",\"breadcrumb\":{\"@id\":\"https:\\\/\\\/lahingupood.ee\\\/toode\\\/crye-precision-g3-combat-pant-mc\\\/#breadcrumb\"},\"inLanguage\":\"en-GB\",\"potentialAction\":[{\"@type\":\"ReadAction\",\"target\":[\"https:\\\/\\\/lahingupood.ee\\\/toode\\\/crye-precision-g3-combat-pant-mc\\\/\"]}]},{\"@type\":\"ImageObject\",\"inLanguage\":\"en-GB\",\"@id\":\"https:\\\/\\\/lahingupood.ee\\\/toode\\\/crye-precision-g3-combat-pant-mc\\\/#primaryimage\",\"url\":\"https:\\\/\\\/lahingupood.ee\\\/wp-content\\\/uploads\\\/2024\\\/08\\\/104300751_1.jpg\",\"contentUrl\":\"https:\\\/\\\/lahingupood.ee\\\/wp-content\\\/uploads\\\/2024\\\/08\\\/104300751_1.jpg\",\"width\":1400,\"height\":980},{\"@type\":\"BreadcrumbList\",\"@id\":\"https:\\\/\\\/lahingupood.ee\\\/toode\\\/crye-precision-g3-combat-pant-mc\\\/#breadcrumb\",\"itemListElement\":[{\"@type\":\"ListItem\",\"position\":1,\"name\":\"Home\",\"item\":\"https:\\\/\\\/lahingupood.ee\\\/\"},{\"@type\":\"ListItem\",\"position\":2,\"name\":\"Tooted\",\"item\":\"https:\\\/\\\/lahingupood.ee\\\/tooted\\\/\"},{\"@type\":\"ListItem\",\"position\":3,\"name\":\"Crye Precision G3 Combat Pant MC\"}]},{\"@type\":\"WebSite\",\"@id\":\"https:\\\/\\\/lahingupood.ee\\\/#website\",\"url\":\"https:\\\/\\\/lahingupood.ee\\\/\",\"name\":\"Lahingurada e-pood\",\"description\":\"Airsoft\",\"publisher\":{\"@id\":\"https:\\\/\\\/lahingupood.ee\\\/#organization\"},\"potentialAction\":[{\"@type\":\"SearchAction\",\"target\":{\"@type\":\"EntryPoint\",\"urlTemplate\":\"https:\\\/\\\/lahingupood.ee\\\/?s={search_term_string}\"},\"query-input\":{\"@type\":\"PropertyValueSpecification\",\"valueRequired\":true,\"valueName\":\"search_term_string\"}}],\"inLanguage\":\"en-GB\"},{\"@type\":\"Organization\",\"@id\":\"https:\\\/\\\/lahingupood.ee\\\/#organization\",\"name\":\"Lahingurada\",\"url\":\"https:\\\/\\\/lahingupood.ee\\\/\",\"logo\":{\"@type\":\"ImageObject\",\"inLanguage\":\"en-GB\",\"@id\":\"https:\\\/\\\/lahingupood.ee\\\/#\\\/schema\\\/logo\\\/image\\\/\",\"url\":\"https:\\\/\\\/lahingupood.ee\\\/wp-content\\\/uploads\\\/2022\\\/03\\\/lahingurada-220318.jpg\",\"contentUrl\":\"https:\\\/\\\/lahingupood.ee\\\/wp-content\\\/uploads\\\/2022\\\/03\\\/lahingurada-220318.jpg\",\"width\":800,\"height\":500,\"caption\":\"Lahingurada\"},\"image\":{\"@id\":\"https:\\\/\\\/lahingupood.ee\\\/#\\\/schema\\\/logo\\\/image\\\/\"},\"sameAs\":[\"https:\\\/\\\/www.facebook.com\\\/Lahingurada-629940247212967\"]}]}<\/script>\n<!-- \/ Yoast SEO Premium plugin. -->","yoast_head_json":{"title":"Crye Precision G3 Combat Pant MC - Lahingurada e-pood","description":"Disainitud kompromissideta r\u00fcnnakuvormi jaoks, need p\u00fcksid on l\u00f5igatud agressiivselt, et tagada maksimaalne liikuvus. Need lahingutes testitud p\u00fcksid on saa","robots":{"index":"index","follow":"follow","max-snippet":"max-snippet:-1","max-image-preview":"max-image-preview:large","max-video-preview":"max-video-preview:-1"},"canonical":"https:\/\/lahingupood.ee\/en\/product\/crye-precision-g3-combat-pant-mc\/","og_locale":"en_GB","og_type":"article","og_title":"Crye Precision G3 Combat Pant MC","og_description":"Disainitud kompromissideta r\u00fcnnakuvormi jaoks, need p\u00fcksid on l\u00f5igatud agressiivselt, et tagada maksimaalne liikuvus. Need lahingutes testitud p\u00fcksid on saa","og_url":"https:\/\/lahingupood.ee\/en\/product\/crye-precision-g3-combat-pant-mc\/","og_site_name":"Lahingurada e-pood","article_publisher":"https:\/\/www.facebook.com\/Lahingurada-629940247212967","article_modified_time":"2024-08-29T11:51:28+00:00","og_image":[{"width":1400,"height":980,"url":"https:\/\/lahingupood.ee\/wp-content\/uploads\/2024\/08\/104300751_1.jpg","type":"image\/jpeg"}],"twitter_card":"summary_large_image","twitter_misc":{"Estimated reading time":"2 minutes"},"schema":{"@context":"https:\/\/schema.org","@graph":[{"@type":"WebPage","@id":"https:\/\/lahingupood.ee\/toode\/crye-precision-g3-combat-pant-mc\/","url":"https:\/\/lahingupood.ee\/toode\/crye-precision-g3-combat-pant-mc\/","name":"Crye Precision G3 Combat Pant MC - Lahingurada e-pood","isPartOf":{"@id":"https:\/\/lahingupood.ee\/#website"},"primaryImageOfPage":{"@id":"https:\/\/lahingupood.ee\/toode\/crye-precision-g3-combat-pant-mc\/#primaryimage"},"image":{"@id":"https:\/\/lahingupood.ee\/toode\/crye-precision-g3-combat-pant-mc\/#primaryimage"},"thumbnailUrl":"https:\/\/lahingupood.ee\/wp-content\/uploads\/2024\/08\/104300751_1.jpg","datePublished":"2024-08-29T11:51:27+00:00","dateModified":"2024-08-29T11:51:28+00:00","description":"Disainitud kompromissideta r\u00fcnnakuvormi jaoks, need p\u00fcksid on l\u00f5igatud agressiivselt, et tagada maksimaalne liikuvus. Need lahingutes testitud p\u00fcksid on saa","breadcrumb":{"@id":"https:\/\/lahingupood.ee\/toode\/crye-precision-g3-combat-pant-mc\/#breadcrumb"},"inLanguage":"en-GB","potentialAction":[{"@type":"ReadAction","target":["https:\/\/lahingupood.ee\/toode\/crye-precision-g3-combat-pant-mc\/"]}]},{"@type":"ImageObject","inLanguage":"en-GB","@id":"https:\/\/lahingupood.ee\/toode\/crye-precision-g3-combat-pant-mc\/#primaryimage","url":"https:\/\/lahingupood.ee\/wp-content\/uploads\/2024\/08\/104300751_1.jpg","contentUrl":"https:\/\/lahingupood.ee\/wp-content\/uploads\/2024\/08\/104300751_1.jpg","width":1400,"height":980},{"@type":"BreadcrumbList","@id":"https:\/\/lahingupood.ee\/toode\/crye-precision-g3-combat-pant-mc\/#breadcrumb","itemListElement":[{"@type":"ListItem","position":1,"name":"Home","item":"https:\/\/lahingupood.ee\/"},{"@type":"ListItem","position":2,"name":"Tooted","item":"https:\/\/lahingupood.ee\/tooted\/"},{"@type":"ListItem","position":3,"name":"Crye Precision G3 Combat Pant MC"}]},{"@type":"WebSite","@id":"https:\/\/lahingupood.ee\/#website","url":"https:\/\/lahingupood.ee\/","name":"Lahingurada e-pood","description":"Airsoft","publisher":{"@id":"https:\/\/lahingupood.ee\/#organization"},"potentialAction":[{"@type":"SearchAction","target":{"@type":"EntryPoint","urlTemplate":"https:\/\/lahingupood.ee\/?s={search_term_string}"},"query-input":{"@type":"PropertyValueSpecification","valueRequired":true,"valueName":"search_term_string"}}],"inLanguage":"en-GB"},{"@type":"Organization","@id":"https:\/\/lahingupood.ee\/#organization","name":"Lahingurada","url":"https:\/\/lahingupood.ee\/","logo":{"@type":"ImageObject","inLanguage":"en-GB","@id":"https:\/\/lahingupood.ee\/#\/schema\/logo\/image\/","url":"https:\/\/lahingupood.ee\/wp-content\/uploads\/2022\/03\/lahingurada-220318.jpg","contentUrl":"https:\/\/lahingupood.ee\/wp-content\/uploads\/2022\/03\/lahingurada-220318.jpg","width":800,"height":500,"caption":"Lahingurada"},"image":{"@id":"https:\/\/lahingupood.ee\/#\/schema\/logo\/image\/"},"sameAs":["https:\/\/www.facebook.com\/Lahingurada-629940247212967"]}]}},"_links":{"self":[{"href":"https:\/\/lahingupood.ee\/en\/wp-json\/wp\/v2\/product\/5244","targetHints":{"allow":["GET"]}}],"collection":[{"href":"https:\/\/lahingupood.ee\/en\/wp-json\/wp\/v2\/product"}],"about":[{"href":"https:\/\/lahingupood.ee\/en\/wp-json\/wp\/v2\/types\/product"}],"wp:featuredmedia":[{"embeddable":true,"href":"https:\/\/lahingupood.ee\/en\/wp-json\/wp\/v2\/media\/5097"}],"wp:attachment":[{"href":"https:\/\/lahingupood.ee\/en\/wp-json\/wp\/v2\/media?parent=5244"}],"wp:term":[{"taxonomy":"product_brand","embeddable":true,"href":"https:\/\/lahingupood.ee\/en\/wp-json\/wp\/v2\/product_brand?post=5244"},{"taxonomy":"product_cat","embeddable":true,"href":"https:\/\/lahingupood.ee\/en\/wp-json\/wp\/v2\/product_cat?post=5244"},{"taxonomy":"product_tag","embeddable":true,"href":"https:\/\/lahingupood.ee\/en\/wp-json\/wp\/v2\/product_tag?post=5244"}],"curies":[{"name":"wp","href":"https:\/\/api.w.org\/{rel}","templated":true}]}}