{"id":5093,"date":"2024-08-28T15:28:49","date_gmt":"2024-08-28T12:28:49","guid":{"rendered":"https:\/\/lahingupood.ee\/?post_type=product&#038;p=5093"},"modified":"2026-05-02T20:00:03","modified_gmt":"2026-05-02T17:00:03","slug":"balaclava-hood-with-skull-printing-rg","status":"publish","type":"product","link":"https:\/\/lahingupood.ee\/en\/product\/balaclava-hood-with-skull-printing-rg\/","title":{"rendered":"BALACLAVA\/HOOD WITH SKULL PRINTING RG"},"content":{"rendered":"<p>balaclava skull print RG\u00a0on kerge n\u00e4omask, mis pakub kaitset ja stiili airsofti ning v\u00e4litegevuste jaoks. Skull print lisab agressiivse ja taktikalise v\u00e4limuse. Mask on valmistatud elastsest ja hingavast materjalist, mis tagab mugava kandmise ka pikema kasutuse ajal.<\/p>","protected":false},"excerpt":{"rendered":"<p>balaclava skull print RG\u00a0on kerge n\u00e4omask, mis pakub kaitset ja stiili airsofti ning v\u00e4litegevuste jaoks. Skull print lisab agressiivse ja taktikalise v\u00e4limuse. Mask on valmistatud elastsest ja hingavast materjalist, mis tagab mugava kandmise ka pikema kasutuse ajal.<\/p>","protected":false},"featured_media":4815,"template":"","meta":[],"product_brand":[],"product_cat":[127],"product_tag":[],"class_list":{"0":"post-5093","1":"product","2":"type-product","3":"status-publish","4":"has-post-thumbnail","6":"product_cat-sallid-ja-maskid","8":"first","9":"instock","10":"taxable","11":"shipping-taxable","12":"purchasable","13":"product-type-simple"},"yoast_head":"<!-- This site is optimized with the Yoast SEO Premium plugin v27.5 (Yoast SEO v27.5) - https:\/\/yoast.com\/product\/yoast-seo-premium-wordpress\/ -->\n<title>balaclava skull print RG \u2013 taktikaline n\u00e4omask<\/title>\n<meta name=\"description\" content=\"balaclava skull print RG on kerge ja hingav taktikaline n\u00e4omask. Sobib airsoftiks ja v\u00e4litegevusteks, roheline (Ranger Green).\" \/>\n<meta name=\"robots\" content=\"index, follow, max-snippet:-1, max-image-preview:large, max-video-preview:-1\" \/>\n<link rel=\"canonical\" href=\"https:\/\/lahingupood.ee\/en\/product\/balaclava-hood-with-skull-printing-rg\/\" \/>\n<meta property=\"og:locale\" content=\"en_GB\" \/>\n<meta property=\"og:type\" content=\"article\" \/>\n<meta property=\"og:title\" content=\"BALACLAVA\/HOOD WITH SKULL PRINTING RG\" \/>\n<meta property=\"og:description\" content=\"balaclava skull print RG on kerge ja hingav taktikaline n\u00e4omask. Sobib airsoftiks ja v\u00e4litegevusteks, roheline (Ranger Green).\" \/>\n<meta property=\"og:url\" content=\"https:\/\/lahingupood.ee\/en\/product\/balaclava-hood-with-skull-printing-rg\/\" \/>\n<meta property=\"og:site_name\" content=\"Lahingurada e-pood\" \/>\n<meta property=\"article:publisher\" content=\"https:\/\/www.facebook.com\/Lahingurada-629940247212967\" \/>\n<meta property=\"article:modified_time\" content=\"2026-05-02T17:00:03+00:00\" \/>\n<meta property=\"og:image\" content=\"https:\/\/lahingupood.ee\/wp-content\/uploads\/2022\/10\/balaclava.jpg\" \/>\n\t<meta property=\"og:image:width\" content=\"800\" \/>\n\t<meta property=\"og:image:height\" content=\"1040\" \/>\n\t<meta property=\"og:image:type\" content=\"image\/jpeg\" \/>\n<meta name=\"twitter:card\" content=\"summary_large_image\" \/>\n<meta name=\"twitter:label1\" content=\"Estimated reading time\" \/>\n\t<meta name=\"twitter:data1\" content=\"1 minute\" \/>\n<script type=\"application\/ld+json\" class=\"yoast-schema-graph\">{\"@context\":\"https:\\\/\\\/schema.org\",\"@graph\":[{\"@type\":\"WebPage\",\"@id\":\"https:\\\/\\\/lahingupood.ee\\\/toode\\\/balaclava-hood-with-skull-printing-rg\\\/\",\"url\":\"https:\\\/\\\/lahingupood.ee\\\/toode\\\/balaclava-hood-with-skull-printing-rg\\\/\",\"name\":\"balaclava skull print RG \u2013 taktikaline n\u00e4omask\",\"isPartOf\":{\"@id\":\"https:\\\/\\\/lahingupood.ee\\\/#website\"},\"primaryImageOfPage\":{\"@id\":\"https:\\\/\\\/lahingupood.ee\\\/toode\\\/balaclava-hood-with-skull-printing-rg\\\/#primaryimage\"},\"image\":{\"@id\":\"https:\\\/\\\/lahingupood.ee\\\/toode\\\/balaclava-hood-with-skull-printing-rg\\\/#primaryimage\"},\"thumbnailUrl\":\"https:\\\/\\\/lahingupood.ee\\\/wp-content\\\/uploads\\\/2022\\\/10\\\/balaclava.jpg\",\"datePublished\":\"2024-08-28T12:28:49+00:00\",\"dateModified\":\"2026-05-02T17:00:03+00:00\",\"description\":\"balaclava skull print RG on kerge ja hingav taktikaline n\u00e4omask. Sobib airsoftiks ja v\u00e4litegevusteks, roheline (Ranger Green).\",\"breadcrumb\":{\"@id\":\"https:\\\/\\\/lahingupood.ee\\\/toode\\\/balaclava-hood-with-skull-printing-rg\\\/#breadcrumb\"},\"inLanguage\":\"en-GB\",\"potentialAction\":[{\"@type\":\"ReadAction\",\"target\":[\"https:\\\/\\\/lahingupood.ee\\\/toode\\\/balaclava-hood-with-skull-printing-rg\\\/\"]}]},{\"@type\":\"ImageObject\",\"inLanguage\":\"en-GB\",\"@id\":\"https:\\\/\\\/lahingupood.ee\\\/toode\\\/balaclava-hood-with-skull-printing-rg\\\/#primaryimage\",\"url\":\"https:\\\/\\\/lahingupood.ee\\\/wp-content\\\/uploads\\\/2022\\\/10\\\/balaclava.jpg\",\"contentUrl\":\"https:\\\/\\\/lahingupood.ee\\\/wp-content\\\/uploads\\\/2022\\\/10\\\/balaclava.jpg\",\"width\":800,\"height\":1040,\"caption\":\"Balaclava hood skull print RG \u2013 kerge ja hingav taktikaline n\u00e4omask airsofti ja v\u00e4litegevuste jaoks.\"},{\"@type\":\"BreadcrumbList\",\"@id\":\"https:\\\/\\\/lahingupood.ee\\\/toode\\\/balaclava-hood-with-skull-printing-rg\\\/#breadcrumb\",\"itemListElement\":[{\"@type\":\"ListItem\",\"position\":1,\"name\":\"Home\",\"item\":\"https:\\\/\\\/lahingupood.ee\\\/\"},{\"@type\":\"ListItem\",\"position\":2,\"name\":\"Tooted\",\"item\":\"https:\\\/\\\/lahingupood.ee\\\/tooted\\\/\"},{\"@type\":\"ListItem\",\"position\":3,\"name\":\"BALACLAVA\\\/HOOD WITH SKULL PRINTING RG\"}]},{\"@type\":\"WebSite\",\"@id\":\"https:\\\/\\\/lahingupood.ee\\\/#website\",\"url\":\"https:\\\/\\\/lahingupood.ee\\\/\",\"name\":\"Lahingurada e-pood\",\"description\":\"Airsoft\",\"publisher\":{\"@id\":\"https:\\\/\\\/lahingupood.ee\\\/#organization\"},\"potentialAction\":[{\"@type\":\"SearchAction\",\"target\":{\"@type\":\"EntryPoint\",\"urlTemplate\":\"https:\\\/\\\/lahingupood.ee\\\/?s={search_term_string}\"},\"query-input\":{\"@type\":\"PropertyValueSpecification\",\"valueRequired\":true,\"valueName\":\"search_term_string\"}}],\"inLanguage\":\"en-GB\"},{\"@type\":\"Organization\",\"@id\":\"https:\\\/\\\/lahingupood.ee\\\/#organization\",\"name\":\"Lahingurada\",\"url\":\"https:\\\/\\\/lahingupood.ee\\\/\",\"logo\":{\"@type\":\"ImageObject\",\"inLanguage\":\"en-GB\",\"@id\":\"https:\\\/\\\/lahingupood.ee\\\/#\\\/schema\\\/logo\\\/image\\\/\",\"url\":\"https:\\\/\\\/lahingupood.ee\\\/wp-content\\\/uploads\\\/2022\\\/03\\\/lahingurada-220318.jpg\",\"contentUrl\":\"https:\\\/\\\/lahingupood.ee\\\/wp-content\\\/uploads\\\/2022\\\/03\\\/lahingurada-220318.jpg\",\"width\":800,\"height\":500,\"caption\":\"Lahingurada\"},\"image\":{\"@id\":\"https:\\\/\\\/lahingupood.ee\\\/#\\\/schema\\\/logo\\\/image\\\/\"},\"sameAs\":[\"https:\\\/\\\/www.facebook.com\\\/Lahingurada-629940247212967\"]}]}<\/script>\n<!-- \/ Yoast SEO Premium plugin. -->","yoast_head_json":{"title":"balaclava skull print RG \u2013 taktikaline n\u00e4omask","description":"balaclava skull print RG on kerge ja hingav taktikaline n\u00e4omask. Sobib airsoftiks ja v\u00e4litegevusteks, roheline (Ranger Green).","robots":{"index":"index","follow":"follow","max-snippet":"max-snippet:-1","max-image-preview":"max-image-preview:large","max-video-preview":"max-video-preview:-1"},"canonical":"https:\/\/lahingupood.ee\/en\/product\/balaclava-hood-with-skull-printing-rg\/","og_locale":"en_GB","og_type":"article","og_title":"BALACLAVA\/HOOD WITH SKULL PRINTING RG","og_description":"balaclava skull print RG on kerge ja hingav taktikaline n\u00e4omask. Sobib airsoftiks ja v\u00e4litegevusteks, roheline (Ranger Green).","og_url":"https:\/\/lahingupood.ee\/en\/product\/balaclava-hood-with-skull-printing-rg\/","og_site_name":"Lahingurada e-pood","article_publisher":"https:\/\/www.facebook.com\/Lahingurada-629940247212967","article_modified_time":"2026-05-02T17:00:03+00:00","og_image":[{"width":800,"height":1040,"url":"https:\/\/lahingupood.ee\/wp-content\/uploads\/2022\/10\/balaclava.jpg","type":"image\/jpeg"}],"twitter_card":"summary_large_image","twitter_misc":{"Estimated reading time":"1 minute"},"schema":{"@context":"https:\/\/schema.org","@graph":[{"@type":"WebPage","@id":"https:\/\/lahingupood.ee\/toode\/balaclava-hood-with-skull-printing-rg\/","url":"https:\/\/lahingupood.ee\/toode\/balaclava-hood-with-skull-printing-rg\/","name":"balaclava skull print RG \u2013 taktikaline n\u00e4omask","isPartOf":{"@id":"https:\/\/lahingupood.ee\/#website"},"primaryImageOfPage":{"@id":"https:\/\/lahingupood.ee\/toode\/balaclava-hood-with-skull-printing-rg\/#primaryimage"},"image":{"@id":"https:\/\/lahingupood.ee\/toode\/balaclava-hood-with-skull-printing-rg\/#primaryimage"},"thumbnailUrl":"https:\/\/lahingupood.ee\/wp-content\/uploads\/2022\/10\/balaclava.jpg","datePublished":"2024-08-28T12:28:49+00:00","dateModified":"2026-05-02T17:00:03+00:00","description":"balaclava skull print RG on kerge ja hingav taktikaline n\u00e4omask. Sobib airsoftiks ja v\u00e4litegevusteks, roheline (Ranger Green).","breadcrumb":{"@id":"https:\/\/lahingupood.ee\/toode\/balaclava-hood-with-skull-printing-rg\/#breadcrumb"},"inLanguage":"en-GB","potentialAction":[{"@type":"ReadAction","target":["https:\/\/lahingupood.ee\/toode\/balaclava-hood-with-skull-printing-rg\/"]}]},{"@type":"ImageObject","inLanguage":"en-GB","@id":"https:\/\/lahingupood.ee\/toode\/balaclava-hood-with-skull-printing-rg\/#primaryimage","url":"https:\/\/lahingupood.ee\/wp-content\/uploads\/2022\/10\/balaclava.jpg","contentUrl":"https:\/\/lahingupood.ee\/wp-content\/uploads\/2022\/10\/balaclava.jpg","width":800,"height":1040,"caption":"Balaclava hood skull print RG \u2013 kerge ja hingav taktikaline n\u00e4omask airsofti ja v\u00e4litegevuste jaoks."},{"@type":"BreadcrumbList","@id":"https:\/\/lahingupood.ee\/toode\/balaclava-hood-with-skull-printing-rg\/#breadcrumb","itemListElement":[{"@type":"ListItem","position":1,"name":"Home","item":"https:\/\/lahingupood.ee\/"},{"@type":"ListItem","position":2,"name":"Tooted","item":"https:\/\/lahingupood.ee\/tooted\/"},{"@type":"ListItem","position":3,"name":"BALACLAVA\/HOOD WITH SKULL PRINTING RG"}]},{"@type":"WebSite","@id":"https:\/\/lahingupood.ee\/#website","url":"https:\/\/lahingupood.ee\/","name":"Lahingurada e-pood","description":"Airsoft","publisher":{"@id":"https:\/\/lahingupood.ee\/#organization"},"potentialAction":[{"@type":"SearchAction","target":{"@type":"EntryPoint","urlTemplate":"https:\/\/lahingupood.ee\/?s={search_term_string}"},"query-input":{"@type":"PropertyValueSpecification","valueRequired":true,"valueName":"search_term_string"}}],"inLanguage":"en-GB"},{"@type":"Organization","@id":"https:\/\/lahingupood.ee\/#organization","name":"Lahingurada","url":"https:\/\/lahingupood.ee\/","logo":{"@type":"ImageObject","inLanguage":"en-GB","@id":"https:\/\/lahingupood.ee\/#\/schema\/logo\/image\/","url":"https:\/\/lahingupood.ee\/wp-content\/uploads\/2022\/03\/lahingurada-220318.jpg","contentUrl":"https:\/\/lahingupood.ee\/wp-content\/uploads\/2022\/03\/lahingurada-220318.jpg","width":800,"height":500,"caption":"Lahingurada"},"image":{"@id":"https:\/\/lahingupood.ee\/#\/schema\/logo\/image\/"},"sameAs":["https:\/\/www.facebook.com\/Lahingurada-629940247212967"]}]}},"_links":{"self":[{"href":"https:\/\/lahingupood.ee\/en\/wp-json\/wp\/v2\/product\/5093","targetHints":{"allow":["GET"]}}],"collection":[{"href":"https:\/\/lahingupood.ee\/en\/wp-json\/wp\/v2\/product"}],"about":[{"href":"https:\/\/lahingupood.ee\/en\/wp-json\/wp\/v2\/types\/product"}],"wp:featuredmedia":[{"embeddable":true,"href":"https:\/\/lahingupood.ee\/en\/wp-json\/wp\/v2\/media\/4815"}],"wp:attachment":[{"href":"https:\/\/lahingupood.ee\/en\/wp-json\/wp\/v2\/media?parent=5093"}],"wp:term":[{"taxonomy":"product_brand","embeddable":true,"href":"https:\/\/lahingupood.ee\/en\/wp-json\/wp\/v2\/product_brand?post=5093"},{"taxonomy":"product_cat","embeddable":true,"href":"https:\/\/lahingupood.ee\/en\/wp-json\/wp\/v2\/product_cat?post=5093"},{"taxonomy":"product_tag","embeddable":true,"href":"https:\/\/lahingupood.ee\/en\/wp-json\/wp\/v2\/product_tag?post=5093"}],"curies":[{"name":"wp","href":"https:\/\/api.w.org\/{rel}","templated":true}]}}