{"id":5067,"date":"2024-08-14T17:03:11","date_gmt":"2024-08-14T14:03:11","guid":{"rendered":"https:\/\/lahingupood.ee\/?post_type=product&#038;p=5067"},"modified":"2026-05-02T19:45:06","modified_gmt":"2026-05-02T16:45:06","slug":"bolle-safety-ness-safety-glasses-clear","status":"publish","type":"product","link":"https:\/\/lahingupood.ee\/en\/product\/bolle-safety-ness-safety-glasses-clear\/","title":{"rendered":"Bolle Safety &#8211; NESS Safety Glasses &#8211; Clear"},"content":{"rendered":"<p>Bolle Safety NESS Safety Glasses Clear on professionaalsed kaitseprillid, mis on m\u00f5eldud silmade kaitsmiseks erinevates keskkondades, sealhulgas airsoftis, t\u00f6\u00f6stuses ja \u00fcldistes t\u00f6\u00f6tingimustes. Tegemist on kergete ja mugavate prillidega, mis sobivad pikemaks kandmiseks. Bolle Safety Clear prillid pakuvad selge klaasiga maksimaalset n\u00e4htavust, s\u00e4ilitades samal ajal silmade kaitse lendavate osakeste ja l\u00f6\u00f6kide eest.<\/p>\n<p>Tootja Bolle<\/p>","protected":false},"excerpt":{"rendered":"<p>Bolle Safety NESS Safety Glasses Clear on professionaalsed kaitseprillid, mis on m\u00f5eldud silmade kaitsmiseks erinevates keskkondades, sealhulgas airsoftis, t\u00f6\u00f6stuses ja \u00fcldistes t\u00f6\u00f6tingimustes. Tegemist on kergete ja mugavate prillidega, mis sobivad pikemaks kandmiseks. Bolle Safety Clear prillid pakuvad selge klaasiga maksimaalset n\u00e4htavust, s\u00e4ilitades samal ajal silmade kaitse lendavate osakeste ja l\u00f6\u00f6kide eest. Tootja Bolle<\/p>","protected":false},"featured_media":5052,"template":"","meta":[],"product_brand":[],"product_cat":[62,131],"product_tag":[],"class_list":{"0":"post-5067","1":"product","2":"type-product","3":"status-publish","4":"has-post-thumbnail","6":"product_cat-prillid","7":"product_cat-prillid-prillid","9":"first","10":"instock","11":"taxable","12":"shipping-taxable","13":"purchasable","14":"product-type-simple"},"yoast_head":"<!-- This site is optimized with the Yoast SEO Premium plugin v27.5 (Yoast SEO v27.5) - https:\/\/yoast.com\/product\/yoast-seo-premium-wordpress\/ -->\n<title>Bolle Safety NESS Safety Glasses Clear \u2013 l\u00e4bipaistvad kaitseprillid<\/title>\n<meta name=\"description\" content=\"Bolle Safety NESS Safety Glasses Clear on kerged ja vastupidavad kaitseprillid. Selge klaas tagab hea n\u00e4htavuse airsoftis ja t\u00f6\u00f6tingimustes.\" \/>\n<meta name=\"robots\" content=\"index, follow, max-snippet:-1, max-image-preview:large, max-video-preview:-1\" \/>\n<link rel=\"canonical\" href=\"https:\/\/lahingupood.ee\/en\/product\/bolle-safety-ness-safety-glasses-clear\/\" \/>\n<meta property=\"og:locale\" content=\"en_GB\" \/>\n<meta property=\"og:type\" content=\"article\" \/>\n<meta property=\"og:title\" content=\"Bolle Safety - NESS Safety Glasses - Clear\" \/>\n<meta property=\"og:description\" content=\"Bolle Safety NESS Safety Glasses Clear on kerged ja vastupidavad kaitseprillid. Selge klaas tagab hea n\u00e4htavuse airsoftis ja t\u00f6\u00f6tingimustes.\" \/>\n<meta property=\"og:url\" content=\"https:\/\/lahingupood.ee\/en\/product\/bolle-safety-ness-safety-glasses-clear\/\" \/>\n<meta property=\"og:site_name\" content=\"Lahingurada e-pood\" \/>\n<meta property=\"article:publisher\" content=\"https:\/\/www.facebook.com\/Lahingurada-629940247212967\" \/>\n<meta property=\"article:modified_time\" content=\"2026-05-02T16:45:06+00:00\" \/>\n<meta property=\"og:image\" content=\"https:\/\/lahingupood.ee\/wp-content\/uploads\/2024\/08\/69858ac05a654825193ce69f131fbfcb195f0435_1152230874_1.webp\" \/>\n\t<meta property=\"og:image:width\" content=\"1920\" \/>\n\t<meta property=\"og:image:height\" content=\"1280\" \/>\n\t<meta property=\"og:image:type\" content=\"image\/webp\" \/>\n<meta name=\"twitter:card\" content=\"summary_large_image\" \/>\n<meta name=\"twitter:label1\" content=\"Estimated reading time\" \/>\n\t<meta name=\"twitter:data1\" content=\"1 minute\" \/>\n<script type=\"application\/ld+json\" class=\"yoast-schema-graph\">{\"@context\":\"https:\\\/\\\/schema.org\",\"@graph\":[{\"@type\":\"WebPage\",\"@id\":\"https:\\\/\\\/lahingupood.ee\\\/toode\\\/bolle-safety-ness-safety-glasses-clear\\\/\",\"url\":\"https:\\\/\\\/lahingupood.ee\\\/toode\\\/bolle-safety-ness-safety-glasses-clear\\\/\",\"name\":\"Bolle Safety NESS Safety Glasses Clear \u2013 l\u00e4bipaistvad kaitseprillid\",\"isPartOf\":{\"@id\":\"https:\\\/\\\/lahingupood.ee\\\/#website\"},\"primaryImageOfPage\":{\"@id\":\"https:\\\/\\\/lahingupood.ee\\\/toode\\\/bolle-safety-ness-safety-glasses-clear\\\/#primaryimage\"},\"image\":{\"@id\":\"https:\\\/\\\/lahingupood.ee\\\/toode\\\/bolle-safety-ness-safety-glasses-clear\\\/#primaryimage\"},\"thumbnailUrl\":\"https:\\\/\\\/lahingupood.ee\\\/wp-content\\\/uploads\\\/2024\\\/08\\\/69858ac05a654825193ce69f131fbfcb195f0435_1152230874_1.webp\",\"datePublished\":\"2024-08-14T14:03:11+00:00\",\"dateModified\":\"2026-05-02T16:45:06+00:00\",\"description\":\"Bolle Safety NESS Safety Glasses Clear on kerged ja vastupidavad kaitseprillid. Selge klaas tagab hea n\u00e4htavuse airsoftis ja t\u00f6\u00f6tingimustes.\",\"breadcrumb\":{\"@id\":\"https:\\\/\\\/lahingupood.ee\\\/toode\\\/bolle-safety-ness-safety-glasses-clear\\\/#breadcrumb\"},\"inLanguage\":\"en-GB\",\"potentialAction\":[{\"@type\":\"ReadAction\",\"target\":[\"https:\\\/\\\/lahingupood.ee\\\/toode\\\/bolle-safety-ness-safety-glasses-clear\\\/\"]}]},{\"@type\":\"ImageObject\",\"inLanguage\":\"en-GB\",\"@id\":\"https:\\\/\\\/lahingupood.ee\\\/toode\\\/bolle-safety-ness-safety-glasses-clear\\\/#primaryimage\",\"url\":\"https:\\\/\\\/lahingupood.ee\\\/wp-content\\\/uploads\\\/2024\\\/08\\\/69858ac05a654825193ce69f131fbfcb195f0435_1152230874_1.webp\",\"contentUrl\":\"https:\\\/\\\/lahingupood.ee\\\/wp-content\\\/uploads\\\/2024\\\/08\\\/69858ac05a654825193ce69f131fbfcb195f0435_1152230874_1.webp\",\"width\":1920,\"height\":1280,\"caption\":\"Bolle Safety NESS Safety Glasses Clear \u2013 kerged ja vastupidavad kaitseprillid selge n\u00e4htavusega airsofti ja t\u00f6\u00f6 jaoks.\"},{\"@type\":\"BreadcrumbList\",\"@id\":\"https:\\\/\\\/lahingupood.ee\\\/toode\\\/bolle-safety-ness-safety-glasses-clear\\\/#breadcrumb\",\"itemListElement\":[{\"@type\":\"ListItem\",\"position\":1,\"name\":\"Home\",\"item\":\"https:\\\/\\\/lahingupood.ee\\\/\"},{\"@type\":\"ListItem\",\"position\":2,\"name\":\"Tooted\",\"item\":\"https:\\\/\\\/lahingupood.ee\\\/tooted\\\/\"},{\"@type\":\"ListItem\",\"position\":3,\"name\":\"Bolle Safety &#8211; NESS Safety Glasses &#8211; Clear\"}]},{\"@type\":\"WebSite\",\"@id\":\"https:\\\/\\\/lahingupood.ee\\\/#website\",\"url\":\"https:\\\/\\\/lahingupood.ee\\\/\",\"name\":\"Lahingurada e-pood\",\"description\":\"Airsoft\",\"publisher\":{\"@id\":\"https:\\\/\\\/lahingupood.ee\\\/#organization\"},\"potentialAction\":[{\"@type\":\"SearchAction\",\"target\":{\"@type\":\"EntryPoint\",\"urlTemplate\":\"https:\\\/\\\/lahingupood.ee\\\/?s={search_term_string}\"},\"query-input\":{\"@type\":\"PropertyValueSpecification\",\"valueRequired\":true,\"valueName\":\"search_term_string\"}}],\"inLanguage\":\"en-GB\"},{\"@type\":\"Organization\",\"@id\":\"https:\\\/\\\/lahingupood.ee\\\/#organization\",\"name\":\"Lahingurada\",\"url\":\"https:\\\/\\\/lahingupood.ee\\\/\",\"logo\":{\"@type\":\"ImageObject\",\"inLanguage\":\"en-GB\",\"@id\":\"https:\\\/\\\/lahingupood.ee\\\/#\\\/schema\\\/logo\\\/image\\\/\",\"url\":\"https:\\\/\\\/lahingupood.ee\\\/wp-content\\\/uploads\\\/2022\\\/03\\\/lahingurada-220318.jpg\",\"contentUrl\":\"https:\\\/\\\/lahingupood.ee\\\/wp-content\\\/uploads\\\/2022\\\/03\\\/lahingurada-220318.jpg\",\"width\":800,\"height\":500,\"caption\":\"Lahingurada\"},\"image\":{\"@id\":\"https:\\\/\\\/lahingupood.ee\\\/#\\\/schema\\\/logo\\\/image\\\/\"},\"sameAs\":[\"https:\\\/\\\/www.facebook.com\\\/Lahingurada-629940247212967\"]}]}<\/script>\n<!-- \/ Yoast SEO Premium plugin. -->","yoast_head_json":{"title":"Bolle Safety NESS Safety Glasses Clear \u2013 l\u00e4bipaistvad kaitseprillid","description":"Bolle Safety NESS Safety Glasses Clear on kerged ja vastupidavad kaitseprillid. Selge klaas tagab hea n\u00e4htavuse airsoftis ja t\u00f6\u00f6tingimustes.","robots":{"index":"index","follow":"follow","max-snippet":"max-snippet:-1","max-image-preview":"max-image-preview:large","max-video-preview":"max-video-preview:-1"},"canonical":"https:\/\/lahingupood.ee\/en\/product\/bolle-safety-ness-safety-glasses-clear\/","og_locale":"en_GB","og_type":"article","og_title":"Bolle Safety - NESS Safety Glasses - Clear","og_description":"Bolle Safety NESS Safety Glasses Clear on kerged ja vastupidavad kaitseprillid. Selge klaas tagab hea n\u00e4htavuse airsoftis ja t\u00f6\u00f6tingimustes.","og_url":"https:\/\/lahingupood.ee\/en\/product\/bolle-safety-ness-safety-glasses-clear\/","og_site_name":"Lahingurada e-pood","article_publisher":"https:\/\/www.facebook.com\/Lahingurada-629940247212967","article_modified_time":"2026-05-02T16:45:06+00:00","og_image":[{"width":1920,"height":1280,"url":"https:\/\/lahingupood.ee\/wp-content\/uploads\/2024\/08\/69858ac05a654825193ce69f131fbfcb195f0435_1152230874_1.webp","type":"image\/webp"}],"twitter_card":"summary_large_image","twitter_misc":{"Estimated reading time":"1 minute"},"schema":{"@context":"https:\/\/schema.org","@graph":[{"@type":"WebPage","@id":"https:\/\/lahingupood.ee\/toode\/bolle-safety-ness-safety-glasses-clear\/","url":"https:\/\/lahingupood.ee\/toode\/bolle-safety-ness-safety-glasses-clear\/","name":"Bolle Safety NESS Safety Glasses Clear \u2013 l\u00e4bipaistvad kaitseprillid","isPartOf":{"@id":"https:\/\/lahingupood.ee\/#website"},"primaryImageOfPage":{"@id":"https:\/\/lahingupood.ee\/toode\/bolle-safety-ness-safety-glasses-clear\/#primaryimage"},"image":{"@id":"https:\/\/lahingupood.ee\/toode\/bolle-safety-ness-safety-glasses-clear\/#primaryimage"},"thumbnailUrl":"https:\/\/lahingupood.ee\/wp-content\/uploads\/2024\/08\/69858ac05a654825193ce69f131fbfcb195f0435_1152230874_1.webp","datePublished":"2024-08-14T14:03:11+00:00","dateModified":"2026-05-02T16:45:06+00:00","description":"Bolle Safety NESS Safety Glasses Clear on kerged ja vastupidavad kaitseprillid. Selge klaas tagab hea n\u00e4htavuse airsoftis ja t\u00f6\u00f6tingimustes.","breadcrumb":{"@id":"https:\/\/lahingupood.ee\/toode\/bolle-safety-ness-safety-glasses-clear\/#breadcrumb"},"inLanguage":"en-GB","potentialAction":[{"@type":"ReadAction","target":["https:\/\/lahingupood.ee\/toode\/bolle-safety-ness-safety-glasses-clear\/"]}]},{"@type":"ImageObject","inLanguage":"en-GB","@id":"https:\/\/lahingupood.ee\/toode\/bolle-safety-ness-safety-glasses-clear\/#primaryimage","url":"https:\/\/lahingupood.ee\/wp-content\/uploads\/2024\/08\/69858ac05a654825193ce69f131fbfcb195f0435_1152230874_1.webp","contentUrl":"https:\/\/lahingupood.ee\/wp-content\/uploads\/2024\/08\/69858ac05a654825193ce69f131fbfcb195f0435_1152230874_1.webp","width":1920,"height":1280,"caption":"Bolle Safety NESS Safety Glasses Clear \u2013 kerged ja vastupidavad kaitseprillid selge n\u00e4htavusega airsofti ja t\u00f6\u00f6 jaoks."},{"@type":"BreadcrumbList","@id":"https:\/\/lahingupood.ee\/toode\/bolle-safety-ness-safety-glasses-clear\/#breadcrumb","itemListElement":[{"@type":"ListItem","position":1,"name":"Home","item":"https:\/\/lahingupood.ee\/"},{"@type":"ListItem","position":2,"name":"Tooted","item":"https:\/\/lahingupood.ee\/tooted\/"},{"@type":"ListItem","position":3,"name":"Bolle Safety &#8211; NESS Safety Glasses &#8211; Clear"}]},{"@type":"WebSite","@id":"https:\/\/lahingupood.ee\/#website","url":"https:\/\/lahingupood.ee\/","name":"Lahingurada e-pood","description":"Airsoft","publisher":{"@id":"https:\/\/lahingupood.ee\/#organization"},"potentialAction":[{"@type":"SearchAction","target":{"@type":"EntryPoint","urlTemplate":"https:\/\/lahingupood.ee\/?s={search_term_string}"},"query-input":{"@type":"PropertyValueSpecification","valueRequired":true,"valueName":"search_term_string"}}],"inLanguage":"en-GB"},{"@type":"Organization","@id":"https:\/\/lahingupood.ee\/#organization","name":"Lahingurada","url":"https:\/\/lahingupood.ee\/","logo":{"@type":"ImageObject","inLanguage":"en-GB","@id":"https:\/\/lahingupood.ee\/#\/schema\/logo\/image\/","url":"https:\/\/lahingupood.ee\/wp-content\/uploads\/2022\/03\/lahingurada-220318.jpg","contentUrl":"https:\/\/lahingupood.ee\/wp-content\/uploads\/2022\/03\/lahingurada-220318.jpg","width":800,"height":500,"caption":"Lahingurada"},"image":{"@id":"https:\/\/lahingupood.ee\/#\/schema\/logo\/image\/"},"sameAs":["https:\/\/www.facebook.com\/Lahingurada-629940247212967"]}]}},"_links":{"self":[{"href":"https:\/\/lahingupood.ee\/en\/wp-json\/wp\/v2\/product\/5067","targetHints":{"allow":["GET"]}}],"collection":[{"href":"https:\/\/lahingupood.ee\/en\/wp-json\/wp\/v2\/product"}],"about":[{"href":"https:\/\/lahingupood.ee\/en\/wp-json\/wp\/v2\/types\/product"}],"wp:featuredmedia":[{"embeddable":true,"href":"https:\/\/lahingupood.ee\/en\/wp-json\/wp\/v2\/media\/5052"}],"wp:attachment":[{"href":"https:\/\/lahingupood.ee\/en\/wp-json\/wp\/v2\/media?parent=5067"}],"wp:term":[{"taxonomy":"product_brand","embeddable":true,"href":"https:\/\/lahingupood.ee\/en\/wp-json\/wp\/v2\/product_brand?post=5067"},{"taxonomy":"product_cat","embeddable":true,"href":"https:\/\/lahingupood.ee\/en\/wp-json\/wp\/v2\/product_cat?post=5067"},{"taxonomy":"product_tag","embeddable":true,"href":"https:\/\/lahingupood.ee\/en\/wp-json\/wp\/v2\/product_tag?post=5067"}],"curies":[{"name":"wp","href":"https:\/\/api.w.org\/{rel}","templated":true}]}}