{"id":5034,"date":"2024-07-23T13:31:30","date_gmt":"2024-07-23T10:31:30","guid":{"rendered":"https:\/\/lahingupood.ee\/?post_type=product&#038;p=5034"},"modified":"2026-04-12T20:00:06","modified_gmt":"2026-04-12T17:00:06","slug":"microprocessor-lipo-redox-230v-charger-with-balancer","status":"publish","type":"product","link":"https:\/\/lahingupood.ee\/en\/product\/microprocessor-lipo-redox-230v-charger-with-balancer\/","title":{"rendered":"Microprocessor LiPo REDOX 230V charger with balancer"},"content":{"rendered":"<p>Microprocessor LiPo REDOX 230V charger with balancer<\/p>\n<p>K\u00f5ige lihtsamini kasutatav Lipo aku laadija. Laadija annab m\u00e4rku tuledega kui aku saab t\u00e4is ning laeb akut Balance reziimil.<\/p>","protected":false},"excerpt":{"rendered":"<p>Microprocessor LiPo REDOX 230V charger with balancer K\u00f5ige lihtsamini kasutatav Lipo aku laadija. Laadija annab m\u00e4rku tuledega kui aku saab t\u00e4is ning laeb akut Balance reziimil.<\/p>","protected":false},"featured_media":5035,"template":"","meta":[],"product_brand":[],"product_cat":[47],"product_tag":[],"class_list":{"0":"post-5034","1":"product","2":"type-product","3":"status-publish","4":"has-post-thumbnail","6":"product_cat-akulaadijad","8":"first","9":"outofstock","10":"taxable","11":"shipping-taxable","12":"purchasable","13":"product-type-simple"},"yoast_head":"<!-- This site is optimized with the Yoast SEO Premium plugin v27.3 (Yoast SEO v27.3) - https:\/\/yoast.com\/product\/yoast-seo-premium-wordpress\/ -->\n<title>Microprocessor LiPo REDOX 230V charger with balancer - Lahingurada e-pood<\/title>\n<meta name=\"description\" content=\"Microprocessor LiPo REDOX 230V charger with balancerK\u00f5ige lihtsamini kasutatav Lipo aku laadija. Laadija annab m\u00e4rku tuledega kui aku saab t\u00e4is ning\" \/>\n<meta name=\"robots\" content=\"index, follow, max-snippet:-1, max-image-preview:large, max-video-preview:-1\" \/>\n<link rel=\"canonical\" href=\"https:\/\/lahingupood.ee\/en\/product\/microprocessor-lipo-redox-230v-charger-with-balancer\/\" \/>\n<meta property=\"og:locale\" content=\"en_GB\" \/>\n<meta property=\"og:type\" content=\"article\" \/>\n<meta property=\"og:title\" content=\"Microprocessor LiPo REDOX 230V charger with balancer\" \/>\n<meta property=\"og:description\" content=\"Microprocessor LiPo REDOX 230V charger with balancerK\u00f5ige lihtsamini kasutatav Lipo aku laadija. Laadija annab m\u00e4rku tuledega kui aku saab t\u00e4is ning\" \/>\n<meta property=\"og:url\" content=\"https:\/\/lahingupood.ee\/en\/product\/microprocessor-lipo-redox-230v-charger-with-balancer\/\" \/>\n<meta property=\"og:site_name\" content=\"Lahingurada e-pood\" \/>\n<meta property=\"article:publisher\" content=\"https:\/\/www.facebook.com\/Lahingurada-629940247212967\" \/>\n<meta property=\"article:modified_time\" content=\"2026-04-12T17:00:06+00:00\" \/>\n<meta property=\"og:image\" content=\"https:\/\/lahingupood.ee\/wp-content\/uploads\/2024\/07\/laadija.jpg\" \/>\n\t<meta property=\"og:image:width\" content=\"600\" \/>\n\t<meta property=\"og:image:height\" content=\"600\" \/>\n\t<meta property=\"og:image:type\" content=\"image\/jpeg\" \/>\n<meta name=\"twitter:card\" content=\"summary_large_image\" \/>\n<meta name=\"twitter:label1\" content=\"Estimated reading time\" \/>\n\t<meta name=\"twitter:data1\" content=\"1 minute\" \/>\n<script type=\"application\/ld+json\" class=\"yoast-schema-graph\">{\"@context\":\"https:\\\/\\\/schema.org\",\"@graph\":[{\"@type\":\"WebPage\",\"@id\":\"https:\\\/\\\/lahingupood.ee\\\/toode\\\/microprocessor-lipo-redox-230v-charger-with-balancer\\\/\",\"url\":\"https:\\\/\\\/lahingupood.ee\\\/toode\\\/microprocessor-lipo-redox-230v-charger-with-balancer\\\/\",\"name\":\"Microprocessor LiPo REDOX 230V charger with balancer - Lahingurada e-pood\",\"isPartOf\":{\"@id\":\"https:\\\/\\\/lahingupood.ee\\\/#website\"},\"primaryImageOfPage\":{\"@id\":\"https:\\\/\\\/lahingupood.ee\\\/toode\\\/microprocessor-lipo-redox-230v-charger-with-balancer\\\/#primaryimage\"},\"image\":{\"@id\":\"https:\\\/\\\/lahingupood.ee\\\/toode\\\/microprocessor-lipo-redox-230v-charger-with-balancer\\\/#primaryimage\"},\"thumbnailUrl\":\"https:\\\/\\\/lahingupood.ee\\\/wp-content\\\/uploads\\\/2024\\\/07\\\/laadija.jpg\",\"datePublished\":\"2024-07-23T10:31:30+00:00\",\"dateModified\":\"2026-04-12T17:00:06+00:00\",\"description\":\"Microprocessor LiPo REDOX 230V charger with balancerK\u00f5ige lihtsamini kasutatav Lipo aku laadija. Laadija annab m\u00e4rku tuledega kui aku saab t\u00e4is ning\",\"breadcrumb\":{\"@id\":\"https:\\\/\\\/lahingupood.ee\\\/toode\\\/microprocessor-lipo-redox-230v-charger-with-balancer\\\/#breadcrumb\"},\"inLanguage\":\"en-GB\",\"potentialAction\":[{\"@type\":\"ReadAction\",\"target\":[\"https:\\\/\\\/lahingupood.ee\\\/toode\\\/microprocessor-lipo-redox-230v-charger-with-balancer\\\/\"]}]},{\"@type\":\"ImageObject\",\"inLanguage\":\"en-GB\",\"@id\":\"https:\\\/\\\/lahingupood.ee\\\/toode\\\/microprocessor-lipo-redox-230v-charger-with-balancer\\\/#primaryimage\",\"url\":\"https:\\\/\\\/lahingupood.ee\\\/wp-content\\\/uploads\\\/2024\\\/07\\\/laadija.jpg\",\"contentUrl\":\"https:\\\/\\\/lahingupood.ee\\\/wp-content\\\/uploads\\\/2024\\\/07\\\/laadija.jpg\",\"width\":600,\"height\":600},{\"@type\":\"BreadcrumbList\",\"@id\":\"https:\\\/\\\/lahingupood.ee\\\/toode\\\/microprocessor-lipo-redox-230v-charger-with-balancer\\\/#breadcrumb\",\"itemListElement\":[{\"@type\":\"ListItem\",\"position\":1,\"name\":\"Home\",\"item\":\"https:\\\/\\\/lahingupood.ee\\\/\"},{\"@type\":\"ListItem\",\"position\":2,\"name\":\"Tooted\",\"item\":\"https:\\\/\\\/lahingupood.ee\\\/tooted\\\/\"},{\"@type\":\"ListItem\",\"position\":3,\"name\":\"Microprocessor LiPo REDOX 230V charger with balancer\"}]},{\"@type\":\"WebSite\",\"@id\":\"https:\\\/\\\/lahingupood.ee\\\/#website\",\"url\":\"https:\\\/\\\/lahingupood.ee\\\/\",\"name\":\"Lahingurada e-pood\",\"description\":\"Airsoft\",\"publisher\":{\"@id\":\"https:\\\/\\\/lahingupood.ee\\\/#organization\"},\"potentialAction\":[{\"@type\":\"SearchAction\",\"target\":{\"@type\":\"EntryPoint\",\"urlTemplate\":\"https:\\\/\\\/lahingupood.ee\\\/?s={search_term_string}\"},\"query-input\":{\"@type\":\"PropertyValueSpecification\",\"valueRequired\":true,\"valueName\":\"search_term_string\"}}],\"inLanguage\":\"en-GB\"},{\"@type\":\"Organization\",\"@id\":\"https:\\\/\\\/lahingupood.ee\\\/#organization\",\"name\":\"Lahingurada\",\"url\":\"https:\\\/\\\/lahingupood.ee\\\/\",\"logo\":{\"@type\":\"ImageObject\",\"inLanguage\":\"en-GB\",\"@id\":\"https:\\\/\\\/lahingupood.ee\\\/#\\\/schema\\\/logo\\\/image\\\/\",\"url\":\"https:\\\/\\\/lahingupood.ee\\\/wp-content\\\/uploads\\\/2022\\\/03\\\/lahingurada-220318.jpg\",\"contentUrl\":\"https:\\\/\\\/lahingupood.ee\\\/wp-content\\\/uploads\\\/2022\\\/03\\\/lahingurada-220318.jpg\",\"width\":800,\"height\":500,\"caption\":\"Lahingurada\"},\"image\":{\"@id\":\"https:\\\/\\\/lahingupood.ee\\\/#\\\/schema\\\/logo\\\/image\\\/\"},\"sameAs\":[\"https:\\\/\\\/www.facebook.com\\\/Lahingurada-629940247212967\"]}]}<\/script>\n<!-- \/ Yoast SEO Premium plugin. -->","yoast_head_json":{"title":"Microprocessor LiPo REDOX 230V charger with balancer - Lahingurada e-pood","description":"Microprocessor LiPo REDOX 230V charger with balancerK\u00f5ige lihtsamini kasutatav Lipo aku laadija. Laadija annab m\u00e4rku tuledega kui aku saab t\u00e4is ning","robots":{"index":"index","follow":"follow","max-snippet":"max-snippet:-1","max-image-preview":"max-image-preview:large","max-video-preview":"max-video-preview:-1"},"canonical":"https:\/\/lahingupood.ee\/en\/product\/microprocessor-lipo-redox-230v-charger-with-balancer\/","og_locale":"en_GB","og_type":"article","og_title":"Microprocessor LiPo REDOX 230V charger with balancer","og_description":"Microprocessor LiPo REDOX 230V charger with balancerK\u00f5ige lihtsamini kasutatav Lipo aku laadija. Laadija annab m\u00e4rku tuledega kui aku saab t\u00e4is ning","og_url":"https:\/\/lahingupood.ee\/en\/product\/microprocessor-lipo-redox-230v-charger-with-balancer\/","og_site_name":"Lahingurada e-pood","article_publisher":"https:\/\/www.facebook.com\/Lahingurada-629940247212967","article_modified_time":"2026-04-12T17:00:06+00:00","og_image":[{"width":600,"height":600,"url":"https:\/\/lahingupood.ee\/wp-content\/uploads\/2024\/07\/laadija.jpg","type":"image\/jpeg"}],"twitter_card":"summary_large_image","twitter_misc":{"Estimated reading time":"1 minute"},"schema":{"@context":"https:\/\/schema.org","@graph":[{"@type":"WebPage","@id":"https:\/\/lahingupood.ee\/toode\/microprocessor-lipo-redox-230v-charger-with-balancer\/","url":"https:\/\/lahingupood.ee\/toode\/microprocessor-lipo-redox-230v-charger-with-balancer\/","name":"Microprocessor LiPo REDOX 230V charger with balancer - Lahingurada e-pood","isPartOf":{"@id":"https:\/\/lahingupood.ee\/#website"},"primaryImageOfPage":{"@id":"https:\/\/lahingupood.ee\/toode\/microprocessor-lipo-redox-230v-charger-with-balancer\/#primaryimage"},"image":{"@id":"https:\/\/lahingupood.ee\/toode\/microprocessor-lipo-redox-230v-charger-with-balancer\/#primaryimage"},"thumbnailUrl":"https:\/\/lahingupood.ee\/wp-content\/uploads\/2024\/07\/laadija.jpg","datePublished":"2024-07-23T10:31:30+00:00","dateModified":"2026-04-12T17:00:06+00:00","description":"Microprocessor LiPo REDOX 230V charger with balancerK\u00f5ige lihtsamini kasutatav Lipo aku laadija. Laadija annab m\u00e4rku tuledega kui aku saab t\u00e4is ning","breadcrumb":{"@id":"https:\/\/lahingupood.ee\/toode\/microprocessor-lipo-redox-230v-charger-with-balancer\/#breadcrumb"},"inLanguage":"en-GB","potentialAction":[{"@type":"ReadAction","target":["https:\/\/lahingupood.ee\/toode\/microprocessor-lipo-redox-230v-charger-with-balancer\/"]}]},{"@type":"ImageObject","inLanguage":"en-GB","@id":"https:\/\/lahingupood.ee\/toode\/microprocessor-lipo-redox-230v-charger-with-balancer\/#primaryimage","url":"https:\/\/lahingupood.ee\/wp-content\/uploads\/2024\/07\/laadija.jpg","contentUrl":"https:\/\/lahingupood.ee\/wp-content\/uploads\/2024\/07\/laadija.jpg","width":600,"height":600},{"@type":"BreadcrumbList","@id":"https:\/\/lahingupood.ee\/toode\/microprocessor-lipo-redox-230v-charger-with-balancer\/#breadcrumb","itemListElement":[{"@type":"ListItem","position":1,"name":"Home","item":"https:\/\/lahingupood.ee\/"},{"@type":"ListItem","position":2,"name":"Tooted","item":"https:\/\/lahingupood.ee\/tooted\/"},{"@type":"ListItem","position":3,"name":"Microprocessor LiPo REDOX 230V charger with balancer"}]},{"@type":"WebSite","@id":"https:\/\/lahingupood.ee\/#website","url":"https:\/\/lahingupood.ee\/","name":"Lahingurada e-pood","description":"Airsoft","publisher":{"@id":"https:\/\/lahingupood.ee\/#organization"},"potentialAction":[{"@type":"SearchAction","target":{"@type":"EntryPoint","urlTemplate":"https:\/\/lahingupood.ee\/?s={search_term_string}"},"query-input":{"@type":"PropertyValueSpecification","valueRequired":true,"valueName":"search_term_string"}}],"inLanguage":"en-GB"},{"@type":"Organization","@id":"https:\/\/lahingupood.ee\/#organization","name":"Lahingurada","url":"https:\/\/lahingupood.ee\/","logo":{"@type":"ImageObject","inLanguage":"en-GB","@id":"https:\/\/lahingupood.ee\/#\/schema\/logo\/image\/","url":"https:\/\/lahingupood.ee\/wp-content\/uploads\/2022\/03\/lahingurada-220318.jpg","contentUrl":"https:\/\/lahingupood.ee\/wp-content\/uploads\/2022\/03\/lahingurada-220318.jpg","width":800,"height":500,"caption":"Lahingurada"},"image":{"@id":"https:\/\/lahingupood.ee\/#\/schema\/logo\/image\/"},"sameAs":["https:\/\/www.facebook.com\/Lahingurada-629940247212967"]}]}},"_links":{"self":[{"href":"https:\/\/lahingupood.ee\/en\/wp-json\/wp\/v2\/product\/5034","targetHints":{"allow":["GET"]}}],"collection":[{"href":"https:\/\/lahingupood.ee\/en\/wp-json\/wp\/v2\/product"}],"about":[{"href":"https:\/\/lahingupood.ee\/en\/wp-json\/wp\/v2\/types\/product"}],"wp:featuredmedia":[{"embeddable":true,"href":"https:\/\/lahingupood.ee\/en\/wp-json\/wp\/v2\/media\/5035"}],"wp:attachment":[{"href":"https:\/\/lahingupood.ee\/en\/wp-json\/wp\/v2\/media?parent=5034"}],"wp:term":[{"taxonomy":"product_brand","embeddable":true,"href":"https:\/\/lahingupood.ee\/en\/wp-json\/wp\/v2\/product_brand?post=5034"},{"taxonomy":"product_cat","embeddable":true,"href":"https:\/\/lahingupood.ee\/en\/wp-json\/wp\/v2\/product_cat?post=5034"},{"taxonomy":"product_tag","embeddable":true,"href":"https:\/\/lahingupood.ee\/en\/wp-json\/wp\/v2\/product_tag?post=5034"}],"curies":[{"name":"wp","href":"https:\/\/api.w.org\/{rel}","templated":true}]}}